{"id":9219,"date":"2026-02-16T07:53:05","date_gmt":"2026-02-16T07:53:05","guid":{"rendered":"https:\/\/global-business-recruiting.de\/?page_id=9219"},"modified":"2026-03-31T02:27:08","modified_gmt":"2026-03-31T02:27:08","slug":"otisk","status":"publish","type":"page","link":"https:\/\/global-business-recruiting.de\/cs\/impressum\/","title":{"rendered":"Otisk"},"content":{"rendered":"<section class=\"l-section wpb_row gbr-row-hero height_custom\"><div class=\"l-section-h i-cf\"><div class=\"g-cols vc_row via_grid cols_1 laptops-cols_inherit tablets-cols_inherit mobiles-cols_1 valign_top type_default stacking_default\"><div class=\"wpb_column vc_column_container\"><div class=\"vc_column-inner\"><h1 class=\"w-post-elm post_title us_custom_6df4bc3a has_text_color align_center entry-title color_link_inherit\">Otisk<\/h1><\/div><\/div><\/div><\/div><\/section><section class=\"l-section wpb_row height_custom\"><div class=\"l-section-h i-cf\"><div class=\"g-cols vc_row via_grid cols_1 laptops-cols_inherit tablets-cols_inherit mobiles-cols_1 valign_top type_default stacking_default\"><div class=\"wpb_column vc_column_container\"><div class=\"vc_column-inner\"><div class=\"wpb_text_column one-column-layout\"><div class=\"wpb_wrapper\"><h2>Informace podle \u00a7 5 TMG<\/h2>\n<p>Peter Gassenmaier<br \/>\nZeitarbeit International s.r.o.<br \/>\n\u010cerny\u0161evsk\u00e9ho 10,<br \/>\n851 01 Bratislava<\/p>\n<p><strong>N\u011bmeck\u00e9 zastoupen\u00ed:<\/strong><br \/>\nNeuneralmweg 11<br \/>\n82491 Grainau<\/p>\n<h2>Kontaktujte n\u00e1s<\/h2>\n<p>Telefon: +49 172 7477707<br \/>\nE-mail: info@zeitarbeit-international.de<\/p>\n<h2>ID pro da\u0148 z prodeje<\/h2>\n<p>Identifika\u010dn\u00ed \u010d\u00edslo pro da\u0148 z obratu podle \u00a7 27a z\u00e1kona o dani z obratu:<br \/>\nSK2122039601<\/p>\n<h2>Redak\u010dn\u00ed odpov\u011bdnost<\/h2>\n<p>Peter Gassenmaier<\/p>\n<h2>\u0158e\u0161en\u00ed spor\u016f v EU<\/h2>\n<p>Evropsk\u00e1 komise poskytuje platformu pro online \u0159e\u0161en\u00ed spor\u016f (OS): <a href=\"https:\/\/ec.europa.eu\/consumers\/odr\/\" target=\"_blank\" rel=\"noopener\">https:\/\/ec.europa.eu\/consumers\/odr\/<\/a>.<br \/>\nNa\u0161i e-mailovou adresu najdete v pr\u00e1vn\u00edm upozorn\u011bn\u00ed v\u00fd\u0161e.<\/p>\n<h2>\u0158e\u0161en\u00ed spot\u0159ebitelsk\u00fdch spor\u016f\/univerz\u00e1ln\u00ed rozhod\u010d\u00ed centrum<\/h2>\n<p>Nejsme ochotni ani povinni \u00fa\u010dastnit se \u0159\u00edzen\u00ed o \u0159e\u0161en\u00ed spor\u016f p\u0159ed spot\u0159ebitelskou rozhod\u010d\u00ed komis\u00ed.<\/p>\n<p><strong>Odpov\u011bdnost za obsah<\/strong><br \/>\nJako poskytovatel slu\u017eeb jsme v souladu s \u00a7 7 odst. 1 TMG (n\u011bmeck\u00fd z\u00e1kon o telem\u00e9di\u00edch) a obecn\u00fdmi pr\u00e1vn\u00edmi p\u0159edpisy odpov\u011bdn\u00ed za vlastn\u00ed obsah t\u011bchto str\u00e1nek. Podle \u00a7\u00a7 8 a\u017e 10 TMG v\u0161ak nejsme jako poskytovatel slu\u017eeb povinni sledovat p\u0159en\u00e1\u0161en\u00e9 nebo ukl\u00e1dan\u00e9 informace t\u0159et\u00edch stran ani vy\u0161et\u0159ovat okolnosti, kter\u00e9 nazna\u010duj\u00ed nez\u00e1konnou \u010dinnost.<\/p>\n<p>Povinnosti odstranit nebo zablokovat pou\u017e\u00edv\u00e1n\u00ed informac\u00ed v souladu s obecn\u00fdmi pr\u00e1vn\u00edmi p\u0159edpisy t\u00edm nejsou dot\u010deny. Odpov\u011bdnost v tomto ohledu je v\u0161ak mo\u017en\u00e1 a\u017e od okam\u017eiku, kdy se dozv\u00edme o konkr\u00e9tn\u00edm poru\u0161en\u00ed. Jakmile se o takov\u00e9m poru\u0161en\u00ed dozv\u00edme, okam\u017eit\u011b tento obsah odstran\u00edme.<\/p>\n<p><strong>Odpov\u011bdnost za odkazy<\/strong><br \/>\nNa\u0161e webov\u00e9 str\u00e1nky obsahuj\u00ed odkazy na extern\u00ed webov\u00e9 str\u00e1nky t\u0159et\u00edch stran, na jejich\u017e obsah nem\u00e1me \u017e\u00e1dn\u00fd vliv. Proto nem\u016f\u017eeme p\u0159evz\u00edt \u017e\u00e1dnou odpov\u011bdnost za tento obsah t\u0159et\u00edch stran. Za obsah odkazovan\u00fdch str\u00e1nek je v\u017edy odpov\u011bdn\u00fd p\u0159\u00edslu\u0161n\u00fd poskytovatel nebo provozovatel str\u00e1nek. Odkazovan\u00e9 str\u00e1nky byly v dob\u011b odkazov\u00e1n\u00ed zkontrolov\u00e1ny z hlediska mo\u017en\u00e9ho poru\u0161en\u00ed pr\u00e1vn\u00edch p\u0159edpis\u016f. Nez\u00e1konn\u00fd obsah nebyl v dob\u011b odkazov\u00e1n\u00ed rozpozn\u00e1n.<\/p>\n<p>Trval\u00e9 sledov\u00e1n\u00ed obsahu odkazovan\u00fdch str\u00e1nek v\u0161ak nen\u00ed rozumn\u00e9 bez konkr\u00e9tn\u00edch d\u016fkaz\u016f o protipr\u00e1vn\u00edm jedn\u00e1n\u00ed. Pokud se dozv\u00edme o jak\u00e9mkoli poru\u0161en\u00ed pr\u00e1vn\u00edch p\u0159edpis\u016f, okam\u017eit\u011b takov\u00e9 odkazy odstran\u00edme.<\/p>\n<p><strong>Autorsk\u00e1 pr\u00e1va<\/strong><br \/>\nObsah a d\u00edla vytvo\u0159en\u00e1 provozovateli str\u00e1nek na t\u011bchto str\u00e1nk\u00e1ch podl\u00e9haj\u00ed n\u011bmeck\u00e9mu autorsk\u00e9mu pr\u00e1vu. Kop\u00edrov\u00e1n\u00ed, zpracov\u00e1n\u00ed, \u0161\u00ed\u0159en\u00ed a jak\u00fdkoli zp\u016fsob vyu\u017eit\u00ed nad r\u00e1mec autorsk\u00e9ho pr\u00e1va vy\u017eaduje p\u00edsemn\u00fd souhlas p\u0159\u00edslu\u0161n\u00e9ho autora nebo tv\u016frce. Stahov\u00e1n\u00ed a kop\u00edrov\u00e1n\u00ed t\u011bchto str\u00e1nek je povoleno pouze pro soukrom\u00e9, nekomer\u010dn\u00ed pou\u017eit\u00ed.<\/p>\n<p>Pokud obsah t\u011bchto str\u00e1nek nebyl vytvo\u0159en provozovatelem, jsou respektov\u00e1na autorsk\u00e1 pr\u00e1va t\u0159et\u00edch stran. Zejm\u00e9na obsah t\u0159et\u00edch stran je takto ozna\u010den. Pokud se p\u0159esto dozv\u00edte o poru\u0161en\u00ed autorsk\u00fdch pr\u00e1v, informujte n\u00e1s o tom. Pokud se o poru\u0161en\u00ed dozv\u00edme, takov\u00fd obsah neprodlen\u011b odstran\u00edme.<\/p>\n<\/div><\/div><\/div><\/div><\/div><\/div><\/section><section class=\"l-section wpb_row gbr-final-cta height_custom\"><div class=\"l-section-h i-cf\"><div class=\"g-cols vc_row via_grid cols_1 laptops-cols_inherit tablets-cols_inherit mobiles-cols_1 valign_top type_default stacking_default\"><div class=\"wpb_column vc_column_container\"><div class=\"vc_column-inner\"><div class=\"w-text gbr-section-label\"><span class=\"w-text-h\"><span class=\"w-text-value\">Za\u010dn\u011bte nyn\u00ed<\/span><\/span><\/div>\n<h2 class=\"w-text us_custom_cd7939b3 final-cta-heading\"><span class=\"w-text-h\"><span class=\"w-text-value\">Jste p\u0159ipraveni na dal\u0161\u00ed krok?<\/span><\/span><\/h2><div class=\"wpb_text_column us_custom_1e8542c0 final-cta-description\"><div class=\"wpb_wrapper\"><p>Popi\u0161te n\u00e1m sv\u00e9 po\u017eadavky - do 24 hodin se v\u00e1m ozveme s vhodn\u00fdmi odborn\u00edky a konkr\u00e9tn\u00ed nab\u00eddkou.<\/p>\n<\/div><\/div><div class=\"w-hwrapper valign_middle align_center\" style=\"--hwrapper-gap:1.4rem\"><div class=\"w-btn-wrapper align_none\"><a class=\"w-btn us-btn-style_1 gbr-btn-primary-2\" href=\"https:\/\/global-business-recruiting.de\/cs\/poptavka\/\"><span class=\"w-btn-label\">Poptejte nyn\u00ed<\/span><\/a><\/div><div class=\"wpb_text_column gbr-cta-contact-2\"><div class=\"wpb_wrapper\"><p>Nebo n\u00e1m zavolejte: <a href=\"tel:00491727477707\">+49 172 747 7707<\/a><\/p>\n<\/div><\/div><\/div><div class=\"w-html\"> <p class=\"gbr-cta-meta final\" style=\"margin-top:32px; margin-bottom:25px;\">Po-So, 08:00-18:00 - <a href=\"mailto:info@global-business-recruiting.de\">info@global-business-recruiting.de<\/a><\/p><\/div>\n<div class=\"w-html\"><p class=\"gbr-cta-meta\">Hled\u00e1te kvalifikovanou pracovn\u00ed s\u00edlu na z\u00e1klad\u011b A\u00dcG V\u00edce informac\u00ed najdete na adrese <a href=\"https:\/\/zeitarbeit-international.de\" target=\"_blank\" rel=\"noopener\">zeitarbeit-international.de<\/a><\/p><\/div><\/div><\/div><\/div><\/div><\/section>","protected":false},"excerpt":{"rendered":"ImpressumAngaben gem\u00e4\u00df \u00a7 5 TMG Peter Gassenmaier Zeitarbeit International s.r.o. \u010cerny\u0161evsk\u00e9ho 10, 851 01 Bratislava Deutsche Repr\u00e4sentanz: Neuneralmweg 11 82491 Grainau Kontakt Telefon: +49 172 7477707 E-Mail: info@zeitarbeit-international.de Umsatzsteuer-ID Umsatzsteuer-Identifikationsnummer gem\u00e4\u00df \u00a7 27 a Umsatzsteuergesetz: SK2122039601 Redaktionell verantwortlich Peter Gassenmaier EU-Streitschlichtung Die Europ\u00e4ische Kommission stellt eine Plattform zur Online-Streitbeilegung (OS) bereit: https:\/\/ec.europa.eu\/consumers\/odr\/. Unsere E-Mail-Adresse finden...","protected":false},"author":1,"featured_media":10619,"parent":0,"menu_order":0,"comment_status":"closed","ping_status":"closed","template":"","meta":{"_acf_changed":false,"footnotes":""},"class_list":["post-9219","page","type-page","status-publish","has-post-thumbnail","hentry"],"acf":[],"_links":{"self":[{"href":"https:\/\/global-business-recruiting.de\/cs\/wp-json\/wp\/v2\/pages\/9219","targetHints":{"allow":["GET"]}}],"collection":[{"href":"https:\/\/global-business-recruiting.de\/cs\/wp-json\/wp\/v2\/pages"}],"about":[{"href":"https:\/\/global-business-recruiting.de\/cs\/wp-json\/wp\/v2\/types\/page"}],"author":[{"embeddable":true,"href":"https:\/\/global-business-recruiting.de\/cs\/wp-json\/wp\/v2\/users\/1"}],"replies":[{"embeddable":true,"href":"https:\/\/global-business-recruiting.de\/cs\/wp-json\/wp\/v2\/comments?post=9219"}],"version-history":[{"count":11,"href":"https:\/\/global-business-recruiting.de\/cs\/wp-json\/wp\/v2\/pages\/9219\/revisions"}],"predecessor-version":[{"id":11762,"href":"https:\/\/global-business-recruiting.de\/cs\/wp-json\/wp\/v2\/pages\/9219\/revisions\/11762"}],"wp:featuredmedia":[{"embeddable":true,"href":"https:\/\/global-business-recruiting.de\/cs\/wp-json\/wp\/v2\/media\/10619"}],"wp:attachment":[{"href":"https:\/\/global-business-recruiting.de\/cs\/wp-json\/wp\/v2\/media?parent=9219"}],"curies":[{"name":"wp","href":"https:\/\/api.w.org\/{rel}","templated":true}]}}