{"id":9334,"date":"2026-02-19T14:07:08","date_gmt":"2026-02-19T14:07:08","guid":{"rendered":"https:\/\/global-business-recruiting.de\/?page_id=9334"},"modified":"2026-03-26T07:13:06","modified_gmt":"2026-03-26T07:13:06","slug":"zeme","status":"publish","type":"page","link":"https:\/\/global-business-recruiting.de\/cs\/laender\/","title":{"rendered":"Zem\u011b"},"content":{"rendered":"<section class=\"l-section wpb_row gbr-row-hero height_custom\"><div class=\"l-section-h i-cf\"><div class=\"g-cols vc_row via_grid cols_1 laptops-cols_inherit tablets-cols_inherit mobiles-cols_1 valign_top type_default stacking_default\"><div class=\"wpb_column vc_column_container\"><div class=\"vc_column-inner\"><h1 class=\"w-text us_custom_734d912b has_text_color\"><span class=\"w-text-h\"><span class=\"w-text-value\">Zem\u011b<\/span><\/span><\/h1><div class=\"wpb_text_column us_custom_a67f11a7 has_text_color\"><div class=\"wpb_wrapper\"><p>Poskytujeme certifikovan\u00e9 t\u00fdmy subdodavatel\u016f pro v\u0161echna hlavn\u00ed pr\u016fmyslov\u00e1 odv\u011btv\u00ed - z Polska, Slovenska, \u010cesk\u00e9 republiky a Rumunska.<\/p>\n<\/div><\/div><\/div><\/div><\/div><\/div><\/section><section class=\"l-section wpb_row height_custom\"><div class=\"l-section-h i-cf\"><div class=\"g-cols vc_row via_grid cols_1 laptops-cols_inherit tablets-cols_inherit mobiles-cols_1 valign_top type_default stacking_default\"><div class=\"wpb_column vc_column_container\"><div class=\"vc_column-inner\"><div class=\"w-html\"><div class=\"gbr-laender-grid\">\n      <a href=\"https:\/\/global-business-recruiting.de\/cs\/zeme\/bulharsko\/\" class=\"gbr-land-card\" style=\"text-decoration:none;\">\n        <span class=\"gbr-land-flag\">\ud83c\udde7\ud83c\uddec<\/span>\n        <span class=\"gbr-land-name\">Bulharsko<\/span>\n        <span class=\"gbr-land-desc\">Rostouc\u00ed s\u00ed\u0165 kvalifikovan\u00fdch pracovn\u00edk\u016f pro stavebnictv\u00ed a v\u00fdrobu<\/span>\n      <\/a>\n      <a href=\"https:\/\/global-business-recruiting.de\/cs\/zeme\/chorvatsko\/\" class=\"gbr-land-card\" style=\"text-decoration:none;\">\n        <span class=\"gbr-land-flag\">\ud83c\udded\ud83c\uddf7<\/span>\n        <span class=\"gbr-land-name\">Chorvatsko<\/span>\n        <span class=\"gbr-land-desc\">Zku\u0161en\u00ed odborn\u00edci z oboru stavebnictv\u00ed a kovov\u00fdroby<\/span>\n      <\/a>\n      <a href=\"https:\/\/global-business-recruiting.de\/cs\/zeme\/litva\/\" class=\"gbr-land-card\" style=\"text-decoration:none;\">\n        <span class=\"gbr-land-flag\">\ud83c\uddf1\ud83c\uddf9<\/span>\n        <span class=\"gbr-land-name\">Litva<\/span>\n        <span class=\"gbr-land-desc\">Siln\u00e1 tradice v pr\u016fmyslu a zpracov\u00e1n\u00ed kov\u016f<\/span>\n      <\/a>\n      <a href=\"https:\/\/global-business-recruiting.de\/cs\/zeme\/polsko\/\" class=\"gbr-land-card\" style=\"text-decoration:none;\">\n        <span class=\"gbr-land-flag\">\ud83c\uddf5\ud83c\uddf1<\/span>\n        <span class=\"gbr-land-name\">Polsko<\/span>\n        <span class=\"gbr-land-desc\">Nejv\u011bt\u0161\u00ed z\u00e1sob\u00e1rna kvalifikovan\u00e9 pracovn\u00ed s\u00edly ve v\u00fdchodn\u00ed Evrop\u011b<\/span>\n      <\/a>\n      <a href=\"https:\/\/global-business-recruiting.de\/cs\/zeme\/rumunsko\/\" class=\"gbr-land-card\" style=\"text-decoration:none;\">\n        <span class=\"gbr-land-flag\">\ud83c\uddf7\ud83c\uddf4<\/span>\n        <span class=\"gbr-land-name\">Rumunsko<\/span>\n        <span class=\"gbr-land-desc\">Siln\u00e1 pozice ve stavebnictv\u00ed, sva\u0159ov\u00e1n\u00ed a pr\u016fmyslu<\/span>\n      <\/a>\n      <a href=\"https:\/\/global-business-recruiting.de\/cs\/zeme\/slovensko\/\" class=\"gbr-land-card\" style=\"text-decoration:none;\">\n        <span class=\"gbr-land-flag\">\ud83c\uddf8\ud83c\uddf0<\/span>\n        <span class=\"gbr-land-name\">Slovensko<\/span>\n        <span class=\"gbr-land-desc\">Na\u0161e centr\u00e1la a nejsiln\u011bj\u0161\u00ed partnersk\u00e1 s\u00ed\u0165<\/span>\n      <\/a>\n      <a href=\"https:\/\/global-business-recruiting.de\/cs\/zeme\/slovinsko\/\" class=\"gbr-land-card\" style=\"text-decoration:none;\">\n        <span class=\"gbr-land-flag\">\ud83c\uddf8\ud83c\uddee<\/span>\n        <span class=\"gbr-land-name\">Slovinsko<\/span>\n        <span class=\"gbr-land-desc\">Vysoce kvalifikovan\u00ed odborn\u00edci s opr\u00e1vn\u011bn\u00edm EU<\/span>\n      <\/a>\n      <a href=\"https:\/\/global-business-recruiting.de\/cs\/zeme\/ceska-republika\/\" class=\"gbr-land-card\" style=\"text-decoration:none;\">\n        <span class=\"gbr-land-flag\">\ud83c\udde8\ud83c\uddff<\/span>\n        <span class=\"gbr-land-name\">\u010cesk\u00e1 republika<\/span>\n        <span class=\"gbr-land-desc\">Vysoce kvalifikovan\u00ed odborn\u00edci se standardem EU<\/span>\n      <\/a>\n      <a href=\"https:\/\/global-business-recruiting.de\/cs\/zeme\/ukrajina\/\" class=\"gbr-land-card\" style=\"text-decoration:none;\">\n        <span class=\"gbr-land-flag\">\ud83c\uddfa\ud83c\udde6<\/span>\n        <span class=\"gbr-land-name\">Ukrajina<\/span>\n        <span class=\"gbr-land-desc\">Vysoce kvalifikovan\u00ed in\u017een\u00fd\u0159i a \u0159emesln\u00edci<\/span>\n      <\/a>\n      <a href=\"https:\/\/global-business-recruiting.de\/cs\/zeme\/madarsko\/\" class=\"gbr-land-card\" style=\"text-decoration:none;\">\n        <span class=\"gbr-land-flag\">\ud83c\udded\ud83c\uddfa<\/span>\n        <span class=\"gbr-land-name\">Ma\u010farsko<\/span>\n        <span class=\"gbr-land-desc\">Specializovan\u00e9 t\u00fdmy pro pr\u016fmysl a technologie<\/span>\n      <\/a>\n    <\/div><\/div>\n<\/div><\/div><\/div><\/div><\/section><section class=\"l-section wpb_row gbr-final-cta height_custom\"><div class=\"l-section-h i-cf\"><div class=\"g-cols vc_row via_grid cols_1 laptops-cols_inherit tablets-cols_inherit mobiles-cols_1 valign_top type_default stacking_default\"><div class=\"wpb_column vc_column_container\"><div class=\"vc_column-inner\"><div class=\"w-text gbr-section-label\"><span class=\"w-text-h\"><span class=\"w-text-value\">Za\u010dn\u011bte nyn\u00ed<\/span><\/span><\/div>\n<h2 class=\"w-text us_custom_cd7939b3 final-cta-heading\"><span class=\"w-text-h\"><span class=\"w-text-value\">Jste p\u0159ipraveni na dal\u0161\u00ed krok?<\/span><\/span><\/h2><div class=\"wpb_text_column us_custom_1e8542c0 final-cta-description\"><div class=\"wpb_wrapper\"><p>Popi\u0161te n\u00e1m sv\u00e9 po\u017eadavky - do 24 hodin se v\u00e1m ozveme s vhodn\u00fdmi odborn\u00edky a konkr\u00e9tn\u00ed nab\u00eddkou.<\/p>\n<\/div><\/div><div class=\"w-hwrapper valign_middle align_center\" style=\"--hwrapper-gap:1.4rem\"><div class=\"w-btn-wrapper align_none\"><a class=\"w-btn us-btn-style_1 gbr-btn-primary-2\" href=\"https:\/\/global-business-recruiting.de\/cs\/poptavka\/\"><span class=\"w-btn-label\">Poptejte nyn\u00ed<\/span><\/a><\/div><div class=\"wpb_text_column gbr-cta-contact-2\"><div class=\"wpb_wrapper\"><p>Nebo n\u00e1m zavolejte: <a href=\"tel:00491727477707\">+49 172 747 7707<\/a><\/p>\n<\/div><\/div><\/div><div class=\"w-html\"> <p class=\"gbr-cta-meta final\" style=\"margin-top:32px; margin-bottom:25px;\">Po-So, 08:00-18:00 - <a href=\"mailto:info@global-business-recruiting.de\">info@global-business-recruiting.de<\/a><\/p><\/div>\n<div class=\"w-html\"><p class=\"gbr-cta-meta\">Hled\u00e1te kvalifikovanou pracovn\u00ed s\u00edlu na z\u00e1klad\u011b A\u00dcG V\u00edce informac\u00ed najdete na adrese <a href=\"https:\/\/zeitarbeit-international.de\" target=\"_blank\" rel=\"noopener\">zeitarbeit-international.de<\/a><\/p><\/div><\/div><\/div><\/div><\/div><\/section>","protected":false},"excerpt":{"rendered":"L\u00e4nderWir vermitteln gepr\u00fcfte Subunternehmer-Teams f\u00fcr alle wichtigen Industriebranchen \u2013 aus Polen, der Slowakei, Tschechien und Rum\u00e4nien. \ud83c\udde7\ud83c\uddec Bulgarien Wachsendes Fachkr\u00e4fte-Netzwerk f\u00fcr Bau und Produktion \ud83c\udded\ud83c\uddf7 Kroatien Erfahrene Fachkr\u00e4fte aus dem Bau- und Metallbereich \ud83c\uddf1\ud83c\uddf9 Litauen Starke Tradition in Industrie und Metallverarbeitung \ud83c\uddf5\ud83c\uddf1 Polen Gr\u00f6\u00dftes Fachkr\u00e4fte-Reservoir in Osteuropa \ud83c\uddf7\ud83c\uddf4 Rum\u00e4nien Stark in Bau, Schwei\u00dfen und Industrie...","protected":false},"author":1,"featured_media":10619,"parent":0,"menu_order":0,"comment_status":"closed","ping_status":"closed","template":"","meta":{"_acf_changed":false,"footnotes":""},"class_list":["post-9334","page","type-page","status-publish","has-post-thumbnail","hentry"],"acf":[],"_links":{"self":[{"href":"https:\/\/global-business-recruiting.de\/cs\/wp-json\/wp\/v2\/pages\/9334","targetHints":{"allow":["GET"]}}],"collection":[{"href":"https:\/\/global-business-recruiting.de\/cs\/wp-json\/wp\/v2\/pages"}],"about":[{"href":"https:\/\/global-business-recruiting.de\/cs\/wp-json\/wp\/v2\/types\/page"}],"author":[{"embeddable":true,"href":"https:\/\/global-business-recruiting.de\/cs\/wp-json\/wp\/v2\/users\/1"}],"replies":[{"embeddable":true,"href":"https:\/\/global-business-recruiting.de\/cs\/wp-json\/wp\/v2\/comments?post=9334"}],"version-history":[{"count":3,"href":"https:\/\/global-business-recruiting.de\/cs\/wp-json\/wp\/v2\/pages\/9334\/revisions"}],"predecessor-version":[{"id":10481,"href":"https:\/\/global-business-recruiting.de\/cs\/wp-json\/wp\/v2\/pages\/9334\/revisions\/10481"}],"wp:featuredmedia":[{"embeddable":true,"href":"https:\/\/global-business-recruiting.de\/cs\/wp-json\/wp\/v2\/media\/10619"}],"wp:attachment":[{"href":"https:\/\/global-business-recruiting.de\/cs\/wp-json\/wp\/v2\/media?parent=9334"}],"curies":[{"name":"wp","href":"https:\/\/api.w.org\/{rel}","templated":true}]}}