{"id":9442,"date":"2026-02-20T05:24:31","date_gmt":"2026-02-20T05:24:31","guid":{"rendered":"https:\/\/global-business-recruiting.de\/?page_id=9442"},"modified":"2026-03-29T11:10:14","modified_gmt":"2026-03-29T11:10:14","slug":"pravni","status":"publish","type":"page","link":"https:\/\/global-business-recruiting.de\/cs\/wissen\/rechtliches\/","title":{"rendered":"Pr\u00e1vn\u00ed z\u00e1le\u017eitosti"},"content":{"rendered":"<section class=\"l-section wpb_row gbr-row-hero height_custom\"><div class=\"l-section-h i-cf\"><div class=\"g-cols vc_row via_grid cols_1 laptops-cols_inherit tablets-cols_inherit mobiles-cols_1 valign_top type_default stacking_default\"><div class=\"wpb_column vc_column_container\"><div class=\"vc_column-inner\"><h1 class=\"w-post-elm post_title us_custom_6df4bc3a has_text_color align_center entry-title color_link_inherit\">Rechtliches<\/h1><\/div><\/div><\/div><\/div><\/section><section class=\"l-section wpb_row inner-container height_custom\"><div class=\"l-section-h i-cf\"><div class=\"g-cols vc_row via_grid cols_1 laptops-cols_inherit tablets-cols_inherit mobiles-cols_1 valign_top type_default stacking_default\"><div class=\"wpb_column vc_column_container\"><div class=\"vc_column-inner\"><div class=\"w-grid us_post_list type_grid layout_10651 cols_4 preload_style_spinner\" id=\"us_post_list_n209\" style=\"--columns:4;--gap:1.5rem;\"><style>@media (max-width:1024px){#us_post_list_n209{--columns:2!important}}@media (max-width:600px){#us_post_list_n209{--columns:1!important}}.layout_10651 .w-grid-item-h{}.layout_10651 .usg_post_image_1{margin-bottom:0.5rem!important}.layout_10651 .usg_post_title_1{color:#0f2339!important;font-size:1rem!important;font-weight:800!important;text-transform:uppercase!important}<\/style><div class=\"w-grid-list\">\t<article class=\"w-grid-item size_1x1 post-9448 page type-page status-publish has-post-thumbnail hentry\" data-id=\"9448\">\r\n\t\t<div class=\"w-grid-item-h\">\r\n\t\t\t\t\t\t<div class=\"w-post-elm post_image usg_post_image_1 has_ratio\"><a href=\"https:\/\/global-business-recruiting.de\/cs\/wissen\/a1-bescheinigung\/\" aria-label=\"A1-Bescheinigung\"><img loading=\"lazy\" decoding=\"async\" width=\"1024\" height=\"768\" src=\"https:\/\/global-business-recruiting.de\/wp-content\/uploads\/2026\/03\/a1-bescheinigung-1024x768.jpg\" class=\"attachment-large size-large wp-post-image\" alt=\"A1-Bescheinigung\" \/><\/a><div style=\"padding-bottom:75%\"><\/div><\/div><p class=\"w-post-elm post_title usg_post_title_1 has_text_color entry-title color_link_inherit\"><a href=\"https:\/\/global-business-recruiting.de\/cs\/wissen\/a1-bescheinigung\/\">A1-Bescheinigung<\/a><\/p>\t\t<\/div>\r\n\t\t\t<\/article>\r\n\t<article class=\"w-grid-item size_1x1 post-9553 page type-page status-publish has-post-thumbnail hentry\" data-id=\"9553\">\r\n\t\t<div class=\"w-grid-item-h\">\r\n\t\t\t\t\t\t<div class=\"w-post-elm post_image usg_post_image_1 has_ratio\"><a href=\"https:\/\/global-business-recruiting.de\/cs\/wissen\/arbeitnehmerueberlassung-vs-subunternehmen\/\" aria-label=\"Arbeitnehmer\u00fcberlassung vs. Subunternehmen \u2013 Definitionen und Unterschiede\"><img loading=\"lazy\" decoding=\"async\" width=\"900\" height=\"506\" src=\"https:\/\/global-business-recruiting.de\/wp-content\/uploads\/2026\/03\/arbeitnehmerueberlassung.jpg\" class=\"attachment-large size-large wp-post-image\" alt=\"Arbeitsschutz\" \/><\/a><div style=\"padding-bottom:75%\"><\/div><\/div><p class=\"w-post-elm post_title usg_post_title_1 has_text_color entry-title color_link_inherit\"><a href=\"https:\/\/global-business-recruiting.de\/cs\/wissen\/arbeitnehmerueberlassung-vs-subunternehmen\/\">Arbeitnehmer\u00fcberlassung vs. Subunternehmen \u2013 Definitionen und Unterschiede<\/a><\/p>\t\t<\/div>\r\n\t\t\t<\/article>\r\n\t<article class=\"w-grid-item size_1x1 post-9746 page type-page status-publish has-post-thumbnail hentry\" data-id=\"9746\">\r\n\t\t<div class=\"w-grid-item-h\">\r\n\t\t\t\t\t\t<div class=\"w-post-elm post_image usg_post_image_1 has_ratio\"><a href=\"https:\/\/global-business-recruiting.de\/cs\/wissen\/scheinselbstaendigkeit-vermeiden\/\" aria-label=\"Besch\u00e4ftigung von Subunternehmern: Wie Sie Scheinselbstst\u00e4ndigkeit vermeiden\"><img loading=\"lazy\" decoding=\"async\" width=\"1024\" height=\"576\" src=\"https:\/\/global-business-recruiting.de\/wp-content\/uploads\/2026\/03\/scheinselbststandigkeit-1024x576.jpeg\" class=\"attachment-large size-large wp-post-image\" alt=\"Weltweite Entsendung von Subunternehmern\" \/><\/a><div style=\"padding-bottom:75%\"><\/div><\/div><p class=\"w-post-elm post_title usg_post_title_1 has_text_color entry-title color_link_inherit\"><a href=\"https:\/\/global-business-recruiting.de\/cs\/wissen\/scheinselbstaendigkeit-vermeiden\/\">Besch\u00e4ftigung von Subunternehmern: Wie Sie Scheinselbstst\u00e4ndigkeit vermeiden<\/a><\/p>\t\t<\/div>\r\n\t\t\t<\/article>\r\n\t<article class=\"w-grid-item size_1x1 post-9753 page type-page status-publish has-post-thumbnail hentry\" data-id=\"9753\">\r\n\t\t<div class=\"w-grid-item-h\">\r\n\t\t\t\t\t\t<div class=\"w-post-elm post_image usg_post_image_1 has_ratio\"><a href=\"https:\/\/global-business-recruiting.de\/cs\/wissen\/dienstvertrag-vs-werkvertrag\/\" aria-label=\"Unterschiede zwischen Dienstvertrag und Werkvertrag\"><img loading=\"lazy\" decoding=\"async\" width=\"1024\" height=\"682\" src=\"https:\/\/global-business-recruiting.de\/wp-content\/uploads\/2026\/03\/dienstvertrag-1024x682.jpg\" class=\"attachment-large size-large wp-post-image\" alt=\"Rechtssichere Werkvertr\u00e4ge\" \/><\/a><div style=\"padding-bottom:75%\"><\/div><\/div><p class=\"w-post-elm post_title usg_post_title_1 has_text_color entry-title color_link_inherit\"><a href=\"https:\/\/global-business-recruiting.de\/cs\/wissen\/dienstvertrag-vs-werkvertrag\/\">Unterschiede zwischen Dienstvertrag und Werkvertrag<\/a><\/p>\t\t<\/div>\r\n\t\t\t<\/article>\r\n\t<article class=\"w-grid-item size_1x1 post-9771 page type-page status-publish has-post-thumbnail hentry\" data-id=\"9771\">\r\n\t\t<div class=\"w-grid-item-h\">\r\n\t\t\t\t\t\t<div class=\"w-post-elm post_image usg_post_image_1 has_ratio\"><a href=\"https:\/\/global-business-recruiting.de\/cs\/wissen\/nachunternehmervertrag-klauseln\/\" aria-label=\"Nachunternehmervertrag: 10 wichtige Klauseln im Bauwesen | Global Business Recruiting\"><img loading=\"lazy\" decoding=\"async\" width=\"1024\" height=\"557\" src=\"https:\/\/global-business-recruiting.de\/wp-content\/uploads\/2026\/03\/nachunternehmervertrag-1024x557.jpg\" class=\"attachment-large size-large wp-post-image\" alt=\"Nachunternehmervertr\u00e4ge\" \/><\/a><div style=\"padding-bottom:75%\"><\/div><\/div><p class=\"w-post-elm post_title usg_post_title_1 has_text_color entry-title color_link_inherit\"><a href=\"https:\/\/global-business-recruiting.de\/cs\/wissen\/nachunternehmervertrag-klauseln\/\">Nachunternehmervertrag: 10 wichtige Klauseln im Bauwesen | Global Business Recruiting<\/a><\/p>\t\t<\/div>\r\n\t\t\t<\/article>\r\n\t<article class=\"w-grid-item size_1x1 post-9781 page type-page status-publish has-post-thumbnail hentry\" data-id=\"9781\">\r\n\t\t<div class=\"w-grid-item-h\">\r\n\t\t\t\t\t\t<div class=\"w-post-elm post_image usg_post_image_1 has_ratio\"><a href=\"https:\/\/global-business-recruiting.de\/cs\/wissen\/werkvertraege-richtig-abrechnen\/\" aria-label=\"Werkvertr\u00e4ge richtig abrechnen\"><img loading=\"lazy\" decoding=\"async\" width=\"1024\" height=\"682\" src=\"https:\/\/global-business-recruiting.de\/wp-content\/uploads\/2026\/03\/dienstvertrag-1024x682.jpg\" class=\"attachment-large size-large wp-post-image\" alt=\"Rechtssichere Werkvertr\u00e4ge\" \/><\/a><div style=\"padding-bottom:75%\"><\/div><\/div><p class=\"w-post-elm post_title usg_post_title_1 has_text_color entry-title color_link_inherit\"><a href=\"https:\/\/global-business-recruiting.de\/cs\/wissen\/werkvertraege-richtig-abrechnen\/\">Werkvertr\u00e4ge richtig abrechnen<\/a><\/p>\t\t<\/div>\r\n\t\t\t<\/article>\r\n\t<article class=\"w-grid-item size_1x1 post-9789 page type-page status-publish has-post-thumbnail hentry\" data-id=\"9789\">\r\n\t\t<div class=\"w-grid-item-h\">\r\n\t\t\t\t\t\t<div class=\"w-post-elm post_image usg_post_image_1 has_ratio\"><a href=\"https:\/\/global-business-recruiting.de\/cs\/wissen\/subunternehmer-eu-nachweise\/\" aria-label=\"Als Subunternehmer in der EU unterwegs \u2013 erforderliche Nachweise f\u00fcr EU-Subunternehmer\"><img loading=\"lazy\" decoding=\"async\" width=\"860\" height=\"538\" src=\"https:\/\/global-business-recruiting.de\/wp-content\/uploads\/2026\/03\/Subunternehmer.jpg\" class=\"attachment-large size-large wp-post-image\" alt=\"Subunternehmer\" \/><\/a><div style=\"padding-bottom:75%\"><\/div><\/div><p class=\"w-post-elm post_title usg_post_title_1 has_text_color entry-title color_link_inherit\"><a href=\"https:\/\/global-business-recruiting.de\/cs\/wissen\/subunternehmer-eu-nachweise\/\">Als Subunternehmer in der EU unterwegs \u2013 erforderliche Nachweise f\u00fcr EU-Subunternehmer<\/a><\/p>\t\t<\/div>\r\n\t\t\t<\/article>\r\n\t<article class=\"w-grid-item size_1x1 post-9806 page type-page status-publish has-post-thumbnail hentry\" data-id=\"9806\">\r\n\t\t<div class=\"w-grid-item-h\">\r\n\t\t\t\t\t\t<div class=\"w-post-elm post_image usg_post_image_1 has_ratio\"><a href=\"https:\/\/global-business-recruiting.de\/cs\/wissen\/rechtliche-aspekte-auslaendische-subunternehmer\/\" aria-label=\"Rechtliche Aspekte beim Bauen mit ausl\u00e4ndischen Subunternehmern \u2013 worauf es ankommt\"><img loading=\"lazy\" decoding=\"async\" width=\"1024\" height=\"683\" src=\"https:\/\/global-business-recruiting.de\/wp-content\/uploads\/2026\/03\/Haftungsgefahren-1024x683.jpg\" class=\"attachment-large size-large wp-post-image\" alt=\"Rechtliche Aspekte beim Bauen\" \/><\/a><div style=\"padding-bottom:75%\"><\/div><\/div><p class=\"w-post-elm post_title usg_post_title_1 has_text_color entry-title color_link_inherit\"><a href=\"https:\/\/global-business-recruiting.de\/cs\/wissen\/rechtliche-aspekte-auslaendische-subunternehmer\/\">Rechtliche Aspekte beim Bauen mit ausl\u00e4ndischen Subunternehmern \u2013 worauf es ankommt<\/a><\/p>\t\t<\/div>\r\n\t\t\t<\/article>\r\n\t<article class=\"w-grid-item size_1x1 post-9810 page type-page status-publish has-post-thumbnail hentry\" data-id=\"9810\">\r\n\t\t<div class=\"w-grid-item-h\">\r\n\t\t\t\t\t\t<div class=\"w-post-elm post_image usg_post_image_1 has_ratio\"><a href=\"https:\/\/global-business-recruiting.de\/cs\/wissen\/haftung-auslaendische-subunternehmer\/\" aria-label=\"Arbeiten mit Subunternehmern aus dem Ausland \u2013 Wer haftet f\u00fcr Sch\u00e4den und M\u00e4ngel?\"><img loading=\"lazy\" decoding=\"async\" width=\"1024\" height=\"683\" src=\"https:\/\/global-business-recruiting.de\/wp-content\/uploads\/2026\/03\/haftung-bei-schaeden-1024x683.jpg\" class=\"attachment-large size-large wp-post-image\" alt=\"Haftung bei Sch\u00e4den\" \/><\/a><div style=\"padding-bottom:75%\"><\/div><\/div><p class=\"w-post-elm post_title usg_post_title_1 has_text_color entry-title color_link_inherit\"><a href=\"https:\/\/global-business-recruiting.de\/cs\/wissen\/haftung-auslaendische-subunternehmer\/\">Arbeiten mit Subunternehmern aus dem Ausland \u2013 Wer haftet f\u00fcr Sch\u00e4den und M\u00e4ngel?<\/a><\/p>\t\t<\/div>\r\n\t\t\t<\/article>\r\n\t<article class=\"w-grid-item size_1x1 post-9857 page type-page status-publish has-post-thumbnail hentry\" data-id=\"9857\">\r\n\t\t<div class=\"w-grid-item-h\">\r\n\t\t\t\t\t\t<div class=\"w-post-elm post_image usg_post_image_1 has_ratio\"><a href=\"https:\/\/global-business-recruiting.de\/cs\/wissen\/haftungsgefahren-subunternehmen-osteuropa\/\" aria-label=\"Haftungsgefahren beim Einsatz von Subunternehmen aus Osteuropa\"><img loading=\"lazy\" decoding=\"async\" width=\"1024\" height=\"683\" src=\"https:\/\/global-business-recruiting.de\/wp-content\/uploads\/2026\/03\/Haftungsgefahren-1024x683.jpg\" class=\"attachment-large size-large wp-post-image\" alt=\"Rechtliche Aspekte beim Bauen\" \/><\/a><div style=\"padding-bottom:75%\"><\/div><\/div><p class=\"w-post-elm post_title usg_post_title_1 has_text_color entry-title color_link_inherit\"><a href=\"https:\/\/global-business-recruiting.de\/cs\/wissen\/haftungsgefahren-subunternehmen-osteuropa\/\">Haftungsgefahren beim Einsatz von Subunternehmen aus Osteuropa<\/a><\/p>\t\t<\/div>\r\n\t\t\t<\/article>\r\n\t<article class=\"w-grid-item size_1x1 post-9865 page type-page status-publish has-post-thumbnail hentry\" data-id=\"9865\">\r\n\t\t<div class=\"w-grid-item-h\">\r\n\t\t\t\t\t\t<div class=\"w-post-elm post_image usg_post_image_1 has_ratio\"><a href=\"https:\/\/global-business-recruiting.de\/cs\/wissen\/werkvertrag-wirtschaftlichkeit\/\" aria-label=\"Werkvertrag \u2013 wirtschaftlich statt nur Kostenstelle\"><img loading=\"lazy\" decoding=\"async\" width=\"900\" height=\"506\" src=\"https:\/\/global-business-recruiting.de\/wp-content\/uploads\/2026\/03\/arbeitnehmerueberlassung.jpg\" class=\"attachment-large size-large wp-post-image\" alt=\"Arbeitsschutz\" \/><\/a><div style=\"padding-bottom:75%\"><\/div><\/div><p class=\"w-post-elm post_title usg_post_title_1 has_text_color entry-title color_link_inherit\"><a href=\"https:\/\/global-business-recruiting.de\/cs\/wissen\/werkvertrag-wirtschaftlichkeit\/\">Werkvertrag \u2013 wirtschaftlich statt nur Kostenstelle<\/a><\/p>\t\t<\/div>\r\n\t\t\t<\/article>\r\n\t<article class=\"w-grid-item size_1x1 post-9877 page type-page status-publish has-post-thumbnail hentry\" data-id=\"9877\">\r\n\t\t<div class=\"w-grid-item-h\">\r\n\t\t\t\t\t\t<div class=\"w-post-elm post_image usg_post_image_1 has_ratio\"><a href=\"https:\/\/global-business-recruiting.de\/cs\/wissen\/verdeckte-arbeitnehmerueberlassung\/\" aria-label=\"Die verdeckte Zeitarbeit im internationalen Kontext: Risiken, Regelungen und Herausforderungen\"><img loading=\"lazy\" decoding=\"async\" width=\"1024\" height=\"574\" src=\"https:\/\/global-business-recruiting.de\/wp-content\/uploads\/2026\/03\/Die-verdeckte-Zeitarbeit-1024x574.jpg\" class=\"attachment-large size-large wp-post-image\" alt=\"Die verdeckte Zeitarbeit\" \/><\/a><div style=\"padding-bottom:75%\"><\/div><\/div><p class=\"w-post-elm post_title usg_post_title_1 has_text_color entry-title color_link_inherit\"><a href=\"https:\/\/global-business-recruiting.de\/cs\/wissen\/verdeckte-arbeitnehmerueberlassung\/\">Die verdeckte Zeitarbeit im internationalen Kontext: Risiken, Regelungen und Herausforderungen<\/a><\/p>\t\t<\/div>\r\n\t\t\t<\/article>\r\n\t<article class=\"w-grid-item size_1x1 post-9885 page type-page status-publish has-post-thumbnail hentry\" data-id=\"9885\">\r\n\t\t<div class=\"w-grid-item-h\">\r\n\t\t\t\t\t\t<div class=\"w-post-elm post_image usg_post_image_1 has_ratio\"><a href=\"https:\/\/global-business-recruiting.de\/cs\/wissen\/werkvertraege-sicher-gestalten\/\" aria-label=\"Rechtssichere Werkvertr\u00e4ge \u2013 Was Sie beim Abschluss beachten sollten\"><img loading=\"lazy\" decoding=\"async\" width=\"1024\" height=\"682\" src=\"https:\/\/global-business-recruiting.de\/wp-content\/uploads\/2026\/03\/dienstvertrag-1024x682.jpg\" class=\"attachment-large size-large wp-post-image\" alt=\"Rechtssichere Werkvertr\u00e4ge\" \/><\/a><div style=\"padding-bottom:75%\"><\/div><\/div><p class=\"w-post-elm post_title usg_post_title_1 has_text_color entry-title color_link_inherit\"><a href=\"https:\/\/global-business-recruiting.de\/cs\/wissen\/werkvertraege-sicher-gestalten\/\">Rechtssichere Werkvertr\u00e4ge \u2013 Was Sie beim Abschluss beachten sollten<\/a><\/p>\t\t<\/div>\r\n\t\t\t<\/article>\r\n\t<article class=\"w-grid-item size_1x1 post-9893 page type-page status-publish has-post-thumbnail hentry\" data-id=\"9893\">\r\n\t\t<div class=\"w-grid-item-h\">\r\n\t\t\t\t\t\t<div class=\"w-post-elm post_image usg_post_image_1 has_ratio\"><a href=\"https:\/\/global-business-recruiting.de\/cs\/wissen\/bauvertrag-subunternehmer\/\" aria-label=\"Der Bauvertrag: Voraussetzung f\u00fcr die Zusammenarbeit mit Subunternehmern\"><img loading=\"lazy\" decoding=\"async\" width=\"1024\" height=\"682\" src=\"https:\/\/global-business-recruiting.de\/wp-content\/uploads\/2026\/03\/Bauvertrag-1024x682.jpeg\" class=\"attachment-large size-large wp-post-image\" alt=\"Bauvertrag\" \/><\/a><div style=\"padding-bottom:75%\"><\/div><\/div><p class=\"w-post-elm post_title usg_post_title_1 has_text_color entry-title color_link_inherit\"><a href=\"https:\/\/global-business-recruiting.de\/cs\/wissen\/bauvertrag-subunternehmer\/\">Der Bauvertrag: Voraussetzung f\u00fcr die Zusammenarbeit mit Subunternehmern<\/a><\/p>\t\t<\/div>\r\n\t\t\t<\/article>\r\n\t<article class=\"w-grid-item size_1x1 post-9897 page type-page status-publish has-post-thumbnail hentry\" data-id=\"9897\">\r\n\t\t<div class=\"w-grid-item-h\">\r\n\t\t\t\t\t\t<div class=\"w-post-elm post_image usg_post_image_1 has_ratio\"><a href=\"https:\/\/global-business-recruiting.de\/cs\/wissen\/arbeitsschutz-pflichten-arbeitgeber\/\" aria-label=\"Arbeitsschutz: Wie Unternehmen die Gesundheit ihrer Mitarbeiter sch\u00fctzen m\u00fcssen\"><img loading=\"lazy\" decoding=\"async\" width=\"900\" height=\"506\" src=\"https:\/\/global-business-recruiting.de\/wp-content\/uploads\/2026\/03\/arbeitnehmerueberlassung.jpg\" class=\"attachment-large size-large wp-post-image\" alt=\"Arbeitsschutz\" \/><\/a><div style=\"padding-bottom:75%\"><\/div><\/div><p class=\"w-post-elm post_title usg_post_title_1 has_text_color entry-title color_link_inherit\"><a href=\"https:\/\/global-business-recruiting.de\/cs\/wissen\/arbeitsschutz-pflichten-arbeitgeber\/\">Arbeitsschutz: Wie Unternehmen die Gesundheit ihrer Mitarbeiter sch\u00fctzen m\u00fcssen<\/a><\/p>\t\t<\/div>\r\n\t\t\t<\/article>\r\n<\/div><div class=\"g-loadmore hidden\"><div class=\"g-preloader type_1\"><div><\/div><\/div><\/div><div class=\"w-grid-list-json hidden\" onclick='return {&quot;max_num_pages&quot;:0,&quot;paginationBase&quot;:&quot;page&quot;,&quot;pagination&quot;:&quot;none&quot;,&quot;paged&quot;:1,&quot;ajaxData&quot;:{&quot;action&quot;:&quot;us_ajax_post_list&quot;,&quot;meta_type&quot;:&quot;post&quot;,&quot;object_id&quot;:0,&quot;template_vars&quot;:{&quot;shortcode_base&quot;:&quot;us_post_list&quot;,&quot;paged&quot;:1,&quot;max_num_pages&quot;:0,&quot;no_results&quot;:false,&quot;us_post_content_design_css&quot;:[],&quot;found_posts&quot;:0,&quot;per_page&quot;:999,&quot;items_count&quot;:15,&quot;orderby_random_seed&quot;:null,&quot;source&quot;:&quot;post__in&quot;,&quot;custom_field_name&quot;:&quot;&quot;,&quot;ids&quot;:&quot;9448,9553,9746,9753,9771,9781,9885,9893,9806,9857,9810,9877,9789,9897,9865&quot;,&quot;post_type&quot;:&quot;page&quot;,&quot;attachment_ids&quot;:null,&quot;include_post_thumbnail&quot;:0,&quot;post_author&quot;:&quot;any&quot;,&quot;post_author_ids&quot;:&quot;&quot;,&quot;apply_url_params&quot;:0,&quot;ignore_sticky_posts&quot;:1,&quot;exclude_children&quot;:0,&quot;exclude_current_post&quot;:1,&quot;exclude_prev_posts&quot;:0,&quot;exclude_past_events&quot;:0,&quot;enable_items_offset&quot;:0,&quot;items_offset&quot;:&quot;1&quot;,&quot;tax_query_relation&quot;:&quot;none&quot;,&quot;tax_query&quot;:[{&quot;operator&quot;:&quot;IN&quot;,&quot;taxonomy&quot;:&quot;category&quot;,&quot;terms&quot;:&quot;&quot;,&quot;include_children&quot;:0}],&quot;meta_query_relation&quot;:&quot;none&quot;,&quot;meta_query&quot;:[{&quot;key&quot;:&quot;custom_field_name&quot;,&quot;compare&quot;:&quot;=&quot;,&quot;value&quot;:&quot;&quot;}],&quot;orderby&quot;:&quot;date&quot;,&quot;orderby_custom_field&quot;:&quot;&quot;,&quot;orderby_custom_type&quot;:0,&quot;order_invert&quot;:0,&quot;show_all&quot;:&quot;1&quot;,&quot;quantity&quot;:&quot;12&quot;,&quot;posts_per_archive_page&quot;:&quot;0&quot;,&quot;no_items_action&quot;:&quot;message&quot;,&quot;no_items_message&quot;:&quot;Nebyly nalezeny \\u017e\\u00e1dn\\u00e9 v\\u00fdsledky.&quot;,&quot;no_items_page_block&quot;:&quot;&quot;,&quot;pagination&quot;:&quot;none&quot;,&quot;pagination_style&quot;:&quot;&quot;,&quot;pagination_btn_text&quot;:&quot;Na\\u010d\\u00edst dal\\u0161\\u00ed&quot;,&quot;pagination_btn_size&quot;:&quot;&quot;,&quot;pagination_btn_style&quot;:&quot;1&quot;,&quot;pagination_btn_fullwidth&quot;:0,&quot;items_layout&quot;:&quot;10651&quot;,&quot;type&quot;:&quot;grid&quot;,&quot;items_valign&quot;:0,&quot;ignore_items_size&quot;:0,&quot;columns&quot;:&quot;4&quot;,&quot;items_gap&quot;:&quot;1.5rem&quot;,&quot;load_animation&quot;:&quot;none&quot;,&quot;items_preload_style&quot;:&quot;spinner&quot;,&quot;img_size&quot;:&quot;default&quot;,&quot;title_size&quot;:&quot;&quot;,&quot;items_ratio&quot;:&quot;default&quot;,&quot;items_ratio_width&quot;:&quot;21&quot;,&quot;items_ratio_height&quot;:&quot;9&quot;,&quot;overriding_link&quot;:&quot;{\\&quot;url\\&quot;:\\&quot;\\&quot;}&quot;,&quot;popup_page_template&quot;:&quot;0&quot;,&quot;popup_width&quot;:&quot;&quot;,&quot;popup_arrows&quot;:1,&quot;breakpoint_1_width&quot;:&quot;1381px&quot;,&quot;breakpoint_1_cols&quot;:&quot;default&quot;,&quot;breakpoint_1_quantity&quot;:&quot;&quot;,&quot;breakpoint_1_gap&quot;:&quot;&quot;,&quot;breakpoint_2_width&quot;:&quot;1025px&quot;,&quot;breakpoint_2_cols&quot;:&quot;2&quot;,&quot;breakpoint_2_quantity&quot;:&quot;&quot;,&quot;breakpoint_2_gap&quot;:&quot;&quot;,&quot;breakpoint_3_width&quot;:&quot;601px&quot;,&quot;breakpoint_3_cols&quot;:&quot;1&quot;,&quot;breakpoint_3_quantity&quot;:&quot;&quot;,&quot;breakpoint_3_gap&quot;:&quot;&quot;,&quot;conditions_operator&quot;:&quot;always&quot;,&quot;conditions&quot;:[],&quot;css&quot;:null,&quot;el_class&quot;:&quot;&quot;,&quot;el_id&quot;:&quot;&quot;,&quot;enable_custom_html_atts&quot;:0,&quot;custom_html_atts&quot;:null,&quot;hide_on_states&quot;:&quot;&quot;,&quot;hide_for_sticky&quot;:0,&quot;hide_for_not_sticky&quot;:0,&quot;hide_below&quot;:&quot;0px&quot;,&quot;hide_above&quot;:&quot;0px&quot;,&quot;classes&quot;:&quot;&quot;},&quot;found_posts&quot;:0,&quot;per_page&quot;:999},&quot;facetedFilter&quot;:[]}'><\/div><\/div><\/div><\/div><\/div><\/div><\/section><section class=\"l-section wpb_row gbr-final-cta height_custom\"><div class=\"l-section-h i-cf\"><div class=\"g-cols vc_row via_grid cols_1 laptops-cols_inherit tablets-cols_inherit mobiles-cols_1 valign_top type_default stacking_default\"><div class=\"wpb_column vc_column_container\"><div class=\"vc_column-inner\"><div class=\"w-text gbr-section-label\"><span class=\"w-text-h\"><span class=\"w-text-value\">Jetzt starten<\/span><\/span><\/div>\n<h2 class=\"w-text us_custom_cd7939b3 final-cta-heading\"><span class=\"w-text-h\"><span class=\"w-text-value\">Bereit f\u00fcr Ihren n\u00e4chsten Schritt?<\/span><\/span><\/h2><div class=\"wpb_text_column us_custom_1e8542c0 final-cta-description\"><div class=\"wpb_wrapper\"><p>Beschreiben Sie uns Ihren Bedarf \u2013 wir melden uns innerhalb von 24 Stunden mit passenden Fachkr\u00e4ften und einem konkreten Angebot.<\/p>\n<\/div><\/div><div class=\"w-html\"><div class=\"final-cta-contact\">\n    <a href=\"https:\/\/reliableweb.de\/global-business-recruiting\/anfrage\/\" class=\"gbr-btn-primary\" target=\"_blank\" rel=\"noopener\">Jetzt anfragen<\/a>\n    <span class=\"gbr-cta-contact\">Oder anrufen: <a href=\"tel:00491727477707\">+49 172 747 7707<\/a><\/span>\n  <\/div><\/div><div class=\"w-html\"> <p class=\"gbr-cta-meta final\" style=\"margin-top:32px; margin-bottom:25px;\">Mo\u2013Sa, 08:00\u201318:00 Uhr \u00b7 <a href=\"mailto:info@global-business-recruiting.de\">info@global-business-recruiting.de<\/a><\/p><\/div>\n<div class=\"w-html\"><p class=\"gbr-cta-meta\">Suchen Sie Fachkr\u00e4fte auf A\u00dcG-Basis Mehr dazu bei <a href=\"https:\/\/zeitarbeit-international.de\" target=\"_blank\" rel=\"noopener\">zeitarbeit-international.de<\/a><\/p><\/div><\/div><\/div><\/div><\/div><\/section>\n","protected":false},"excerpt":{"rendered":"Zam\u011bstnavatel\u00e9 jsou spoluodpov\u011bdn\u00ed za minimalizaci rizika pracovn\u00edch \u00faraz\u016f a nemoc\u00ed z povol\u00e1n\u00ed. Nesta\u010d\u00ed jen reagovat, kdy\u017e se n\u011bco stane - podniky mus\u00ed p\u0159ijmout preventivn\u00ed opat\u0159en\u00ed a uplat\u0148ovat platn\u00e9 p\u0159edpisy o bezpe\u010dnosti a ochran\u011b zdrav\u00ed p\u0159i pr\u00e1ci. Pokud zam\u011bstnanci utrp\u00ed pracovn\u00ed \u00faraz nebo onemocn\u00ed v d\u016fsledku nedostate\u010dn\u00fdch opat\u0159en\u00ed v oblasti bezpe\u010dnosti a ochrany zdrav\u00ed p\u0159i pr\u00e1ci, je...","protected":false},"author":1,"featured_media":10619,"parent":9347,"menu_order":0,"comment_status":"closed","ping_status":"closed","template":"","meta":{"_acf_changed":false,"footnotes":""},"class_list":["post-9442","page","type-page","status-publish","has-post-thumbnail","hentry"],"acf":[],"_links":{"self":[{"href":"https:\/\/global-business-recruiting.de\/cs\/wp-json\/wp\/v2\/pages\/9442","targetHints":{"allow":["GET"]}}],"collection":[{"href":"https:\/\/global-business-recruiting.de\/cs\/wp-json\/wp\/v2\/pages"}],"about":[{"href":"https:\/\/global-business-recruiting.de\/cs\/wp-json\/wp\/v2\/types\/page"}],"author":[{"embeddable":true,"href":"https:\/\/global-business-recruiting.de\/cs\/wp-json\/wp\/v2\/users\/1"}],"replies":[{"embeddable":true,"href":"https:\/\/global-business-recruiting.de\/cs\/wp-json\/wp\/v2\/comments?post=9442"}],"version-history":[{"count":10,"href":"https:\/\/global-business-recruiting.de\/cs\/wp-json\/wp\/v2\/pages\/9442\/revisions"}],"predecessor-version":[{"id":11339,"href":"https:\/\/global-business-recruiting.de\/cs\/wp-json\/wp\/v2\/pages\/9442\/revisions\/11339"}],"up":[{"embeddable":true,"href":"https:\/\/global-business-recruiting.de\/cs\/wp-json\/wp\/v2\/pages\/9347"}],"wp:featuredmedia":[{"embeddable":true,"href":"https:\/\/global-business-recruiting.de\/cs\/wp-json\/wp\/v2\/media\/10619"}],"wp:attachment":[{"href":"https:\/\/global-business-recruiting.de\/cs\/wp-json\/wp\/v2\/media?parent=9442"}],"curies":[{"name":"wp","href":"https:\/\/api.w.org\/{rel}","templated":true}]}}