{"id":9546,"date":"2026-02-25T09:45:09","date_gmt":"2026-02-25T09:45:09","guid":{"rendered":"https:\/\/global-business-recruiting.de\/?page_id=9546"},"modified":"2026-03-28T08:27:21","modified_gmt":"2026-03-28T08:27:21","slug":"generalni-dodavatel-subdodavatel","status":"publish","type":"page","link":"https:\/\/global-business-recruiting.de\/cs\/wissen\/generalunternehmer-subunternehmer\/","title":{"rendered":"Pro\u010d pot\u0159ebujete subdodavatele: Rozd\u00edly mezi subdodavateli a subdodavateli"},"content":{"rendered":"<section class=\"l-section wpb_row height_custom\"><div class=\"l-section-h i-cf\"><div class=\"g-cols vc_row via_grid cols_1 laptops-cols_inherit tablets-cols_inherit mobiles-cols_1 valign_top type_default stacking_default\"><div class=\"wpb_column vc_column_container\"><div class=\"vc_column-inner\"><div class=\"wpb_text_column\"><div class=\"wpb_wrapper\"><p>Subdodavatel\u00e9 hraj\u00ed v dne\u0161n\u00ed ekonomice d\u016fle\u017eitou roli, ale stejn\u011b tak i subdodavatel\u00e9. Pro\u010d pot\u0159ebujete subdodavatele a jak\u00e9 jsou mezi nimi rozd\u00edly? <strong>V tomto \u010dl\u00e1nku se zab\u00fdv\u00e1me t\u00edm, pro\u010d pot\u0159ebujete subdodavatele, a vysv\u011btlujeme rozd\u00edly mezi subdodavateli a subdodavateli.<\/strong> - s ohledem na strukturu pracovn\u00edch smluv, kter\u00e9 Global Business Recruiting denn\u011b poskytuje.<\/p>\n<h2>Co je to subdodavatel?<\/h2>\n<p>Subdodavatel je nez\u00e1visl\u00fd dodavatel, kter\u00fd obdr\u017e\u00ed zak\u00e1zku od hlavn\u00edho dodavatele nebo gener\u00e1ln\u00edho dodavatele. Ten pak p\u0159ed\u00e1v\u00e1 \u010d\u00e1sti t\u00e9to zak\u00e1zky subdodavatel\u016fm. Subdodavatel p\u016fsob\u00ed jako <strong>a je zodpov\u011bdn\u00fd za v\u011bt\u0161inu komunikace a koordinace.<\/strong> mezi jednotliv\u00fdmi stranami. Je zodpov\u011bdn\u00fd za <strong>Pr\u00e1vn\u00ed a organiza\u010dn\u00ed \u0159\u00edzen\u00ed projektu<\/strong> a zaji\u0161\u0165uje, aby pr\u00e1ce byly prov\u00e1d\u011bny v souladu se specifikacemi a harmonogramy hlavn\u00edho dodavatele.<\/p>\n<h3>Pro\u010d pot\u0159ebujete subdodavatele?<\/h3>\n<p>Spolupr\u00e1ce se subdodavateli p\u0159in\u00e1\u0161\u00ed firm\u00e1m mnoho v\u00fdhod:<\/p>\n<ol>\n<li><strong>Efektivn\u011bj\u0161\u00ed \u0159\u00edzen\u00ed projekt\u016f:<\/strong> T\u00edm, \u017ee p\u0159eb\u00edraj\u00ed komunikaci a koordinaci mezi stranami, zjednodu\u0161uj\u00ed \u0159\u00edzen\u00ed projektu. To usnad\u0148uje pr\u00e1ci hlavn\u00edmu dodavateli a projekt m\u016f\u017ee b\u00fdt dokon\u010den efektivn\u011bji.<\/li>\n<li><strong>Specializace a kvalita:<\/strong> Subdodavatel\u00e9 maj\u00ed \u010dasto specifick\u00e9 znalosti a zku\u0161enosti v ur\u010dit\u00fdch oblastech. T\u00edmto zp\u016fsobem zaji\u0161\u0165uj\u00ed vysokou kvalitu slu\u017eeb a spln\u011bn\u00ed po\u017eadavk\u016f hlavn\u00edho dodavatele.<\/li>\n<li><strong>Roz\u0161\u00ed\u0159en\u00ed s\u00edt\u011b spole\u010dnosti:<\/strong> Subdodavatel\u00e9 mohou roz\u0161\u00ed\u0159it obchodn\u00ed s\u00ed\u0165 hlavn\u00edho dodavatele a nav\u00e1zat nov\u00e9, potenci\u00e1ln\u011b u\u017eite\u010dn\u00e9 kontakty do budoucna.<\/li>\n<\/ol>\n<p>Subdodavatel\u00e9 celkov\u011b p\u0159isp\u00edvaj\u00ed ke zv\u00fd\u0161en\u00ed efektivity, kvality a dosahu s\u00edt\u011b spole\u010dnosti.<\/p>\n<h3>Jak\u00fd je rozd\u00edl mezi subdodavatelem a subdodavatelem?<\/h3>\n<p><strong>Subdodavatel\u00e9 pracuj\u00ed p\u0159\u00edmo pro hlavn\u00edho dodavatele.<\/strong> a jsou ur\u010deny pouze pro <strong>jejich projektov\u00e9 \u010d\u00e1sti<\/strong> odpov\u011bdn\u00fd. <strong>Subdodavatel\u00e9<\/strong> maj\u00ed v\u011bt\u0161\u00ed odpov\u011bdnost: koordinuj\u00ed a <strong>\u0159\u00eddit pr\u00e1ci n\u011bkolika subdodavatel\u016f.<\/strong><\/p>\n<p>Subdodavatel p\u0159eb\u00edr\u00e1 roli gener\u00e1ln\u00edho dodavatele v\u016f\u010di subdodavatel\u016fm. Vystupuje jako <em>Odkaz<\/em> mezi nimi a hlavn\u00edm dodavatelem.<\/p>\n<h3>Jak\u00e9 jsou v\u00fdhody vyu\u017e\u00edv\u00e1n\u00ed subdodavatel\u016f pro \u0159\u00edzen\u00ed projekt\u016f?<\/h3>\n<p>Subdodavatel\u00e9 zjednodu\u0161uj\u00ed \u0159\u00edzen\u00ed projekt\u016f a roz\u0161i\u0159uj\u00ed s\u00ed\u0165 spole\u010dnosti. Nab\u00edzej\u00ed tak\u00e9 dal\u0161\u00ed <strong>V\u00fdhody pro \u0159\u00edzen\u00ed projekt\u016f:<\/strong><\/p>\n<ul>\n<li><strong>Flexibilita:<\/strong> Subdodavatel\u00e9 mohou rychle reagovat na nov\u00e9 po\u017eadavky a zm\u011bny a p\u0159izp\u016fsobit tomu sv\u00e9 zdroje.<\/li>\n<li><strong>N\u00e1kladov\u00e1 efektivita:<\/strong> Delegov\u00e1n\u00edm n\u011bkter\u00fdch \u00fakol\u016f na subdodavatele mohou subdodavatel\u00e9 u\u0161et\u0159it n\u00e1klady a zefektivnit projekt.<\/li>\n<li><strong>\u00daspora \u010dasu:<\/strong> Subdodavatel\u00e9 mohou \u0159e\u0161it n\u011bkolik d\u00edl\u010d\u00edch \u00fakol\u016f najednou, co\u017e \u0161et\u0159\u00ed \u010das a umo\u017e\u0148uje rychlej\u0161\u00ed postup projektu.<\/li>\n<\/ul>\n<h2>Jak\u00e9 jsou d\u016fle\u017eit\u00e9 faktory p\u0159i v\u00fdb\u011bru subdodavatele?<\/h2>\n<p>P\u0159i v\u00fdb\u011bru subdodavatele je t\u0159eba zv\u00e1\u017eit n\u011bkolik faktor\u016f:<\/p>\n<ol>\n<li><strong>Zku\u0161enosti a reference:<\/strong> V\u011bnujte pozornost zku\u0161enostem subdodavatele ve va\u0161em oboru a vy\u017e\u00e1dejte si reference, abyste si ov\u011b\u0159ili jeho spolehlivost a v\u00fdkonnost.<\/li>\n<li><strong>Kvalifikace a kompetence:<\/strong> Ujist\u011bte se, \u017ee subdodavatel m\u00e1 pot\u0159ebnou kvalifikaci a odborn\u00e9 znalosti pro v\u00e1\u0161 projekt.<\/li>\n<li><strong>Komunikace a koordinace:<\/strong> Posu\u010fte schopnost subdodavatele efektivn\u011b komunikovat a koordinovat pr\u00e1ci sv\u00fdch subdodavatel\u016f.<\/li>\n<li><strong>Finan\u010dn\u00ed stabilita:<\/strong> Zkontrolujte finan\u010dn\u00ed stabilitu subdodavatele, abyste se ujistili, \u017ee m\u00e1 pro projekt pot\u0159ebn\u00e9 zdroje.<\/li>\n<\/ol>\n<p>Pe\u010dliv\u00fd v\u00fdb\u011br na z\u00e1klad\u011b t\u011bchto krit\u00e9ri\u00ed zajist\u00ed, \u017ee subdodavatel bude spolehliv\u011b a efektivn\u011b p\u0159isp\u00edvat k \u00fasp\u011bchu va\u0161eho projektu.<\/p>\n<h3>Z\u00e1v\u011br<\/h3>\n<p>Subdodavatel\u00e9 jsou <strong>D\u016fle\u017eit\u00e1 sou\u010d\u00e1st<\/strong> dne\u0161n\u00edho obchodn\u00edho \u017eivota a p\u0159isp\u00edvaj\u00ed k rozvoji. <strong>\u0158\u00edzen\u00ed projektu<\/strong> zjednodu\u0161it <strong>kvalita<\/strong> a roz\u0161\u00ed\u0159it firemn\u00ed s\u00ed\u0165.<\/p>\n<h2>\u010casto kladen\u00e9 ot\u00e1zky o subdodavatel\u00edch a subdodavatel\u00edch (FAQ)<\/h2>\n<\/div><\/div><div class=\"w-separator size_small\"><\/div><div class=\"w-tabs style_default switch_click accordion type_togglable has_scrolling\" style=\"--sections-title-size:inherit\"><div class=\"w-tabs-sections titles-align_none icon_chevron cpos_right\"><div class=\"w-tabs-section\" id=\"k659\" itemscope itemprop=\"mainEntity\" itemtype=\"https:\/\/schema.org\/Question\"><button class=\"w-tabs-section-header\" aria-controls=\"content-k659\" aria-expanded=\"false\"><div class=\"w-tabs-section-title\" itemprop=\"name\">Je \u201esubdodavatel\u201e a \u201esubdodavatel\u201e tot\u00e9\u017e?<\/div><div class=\"w-tabs-section-control\"><\/div><\/button><div  class=\"w-tabs-section-content\" id=\"content-k659\" itemscope itemprop=\"acceptedAnswer\" itemtype=\"https:\/\/schema.org\/Answer\"><div class=\"w-tabs-section-content-h i-cf\" itemprop=\"text\"><div class=\"wpb_text_column\"><div class=\"wpb_wrapper\"><p>Ne tak docela. Oba pracuj\u00ed na z\u00e1klad\u011b smlouvy o d\u00edlo a pr\u00e1ci pro klienta vy\u0161\u0161\u00ed \u00farovn\u011b. Pojem subdodavatel se \u010dast\u011bji pou\u017e\u00edv\u00e1 ve stavebnictv\u00ed a zd\u016fraz\u0148uje koordina\u010dn\u00ed roli v\u016f\u010di ostatn\u00edm subdodavatel\u016fm. V pr\u00e1vn\u00edm smyslu jsou v\u0161ak tyto term\u00edny do zna\u010dn\u00e9 m\u00edry synonyma - rozhoduj\u00edc\u00ed je obsah smlouvy, nikoliv term\u00edn.<\/p>\n<\/div><\/div><\/div><\/div><\/div><div class=\"w-tabs-section\" id=\"i763\" itemscope itemprop=\"mainEntity\" itemtype=\"https:\/\/schema.org\/Question\"><button class=\"w-tabs-section-header\" aria-controls=\"content-i763\" aria-expanded=\"false\"><div class=\"w-tabs-section-title\" itemprop=\"name\">Je hlavn\u00ed dodavatel odpov\u011bdn\u00fd za chyby subdodavatele?<\/div><div class=\"w-tabs-section-control\"><\/div><\/button><div  class=\"w-tabs-section-content\" id=\"content-i763\" itemscope itemprop=\"acceptedAnswer\" itemtype=\"https:\/\/schema.org\/Answer\"><div class=\"w-tabs-section-content-h i-cf\" itemprop=\"text\"><div class=\"wpb_text_column\"><div class=\"wpb_wrapper\"><p>Ano, hlavn\u00ed zhotovitel v z\u00e1sad\u011b odpov\u00edd\u00e1 objednateli i za vady zp\u016fsoben\u00e9 subdodavateli. Proto je nezbytn\u00e9 uzav\u0159\u00edt p\u0159esnou smlouvu o d\u00edlo a slu\u017eb\u00e1ch s jasn\u011b definovan\u00fdmi slu\u017ebami, lh\u016ftami a ustanoven\u00edmi o odpov\u011bdnosti.<\/p>\n<\/div><\/div><\/div><\/div><\/div><div class=\"w-tabs-section\" id=\"n883\" itemscope itemprop=\"mainEntity\" itemtype=\"https:\/\/schema.org\/Question\"><button class=\"w-tabs-section-header\" aria-controls=\"content-n883\" aria-expanded=\"false\"><div class=\"w-tabs-section-title\" itemprop=\"name\">Jak najdete kvalifikovan\u00e9 subdodavatele nebo subdodavatele?<\/div><div class=\"w-tabs-section-control\"><\/div><\/button><div  class=\"w-tabs-section-content\" id=\"content-n883\" itemscope itemprop=\"acceptedAnswer\" itemtype=\"https:\/\/schema.org\/Answer\"><div class=\"w-tabs-section-content-h i-cf\" itemprop=\"text\"><div class=\"wpb_text_column\"><div class=\"wpb_wrapper\"><p>Global Business Recruiting um\u00eds\u0165uje specializovan\u00e9 t\u00fdmy odborn\u00edk\u016f z jin\u00fdch evropsk\u00fdch zem\u00ed, kte\u0159\u00ed na z\u00e1klad\u011b smlouvy o d\u00edlo p\u0159eb\u00edraj\u00ed odpov\u011bdnost za definovan\u00e9 profese jako subdodavatel\u00e9 - se v\u0161emi pot\u0159ebn\u00fdmi dokumenty (certifik\u00e1t A1, soci\u00e1ln\u00ed poji\u0161t\u011bn\u00ed, doklad o kvalifikaci).<\/p>\n<\/div><\/div><\/div><\/div><\/div><\/div><\/div><\/div><\/div><\/div><\/div><\/section>","protected":false},"excerpt":{"rendered":"Subunternehmer spielen eine wichtige Rolle in der heutigen Wirtschaft, Nachunternehmer allerdings auch. Warum braucht man Nachunternehmer und was sind die Unterschiede? In diesem Artikel er\u00f6rtern wir, warum man Nachunternehmer braucht, und erkl\u00e4ren die Unterschiede zwischen Subunternehmern und Nachunternehmern \u2013 mit Blick auf Werkvertragsstrukturen, wie sie Global Business Recruiting t\u00e4glich vermittelt. Was ist ein Nachunternehmer? Ein...","protected":false},"author":1,"featured_media":10521,"parent":9347,"menu_order":0,"comment_status":"closed","ping_status":"closed","template":"","meta":{"_acf_changed":false,"footnotes":""},"class_list":["post-9546","page","type-page","status-publish","has-post-thumbnail","hentry"],"acf":[],"_links":{"self":[{"href":"https:\/\/global-business-recruiting.de\/cs\/wp-json\/wp\/v2\/pages\/9546","targetHints":{"allow":["GET"]}}],"collection":[{"href":"https:\/\/global-business-recruiting.de\/cs\/wp-json\/wp\/v2\/pages"}],"about":[{"href":"https:\/\/global-business-recruiting.de\/cs\/wp-json\/wp\/v2\/types\/page"}],"author":[{"embeddable":true,"href":"https:\/\/global-business-recruiting.de\/cs\/wp-json\/wp\/v2\/users\/1"}],"replies":[{"embeddable":true,"href":"https:\/\/global-business-recruiting.de\/cs\/wp-json\/wp\/v2\/comments?post=9546"}],"version-history":[{"count":10,"href":"https:\/\/global-business-recruiting.de\/cs\/wp-json\/wp\/v2\/pages\/9546\/revisions"}],"predecessor-version":[{"id":11091,"href":"https:\/\/global-business-recruiting.de\/cs\/wp-json\/wp\/v2\/pages\/9546\/revisions\/11091"}],"up":[{"embeddable":true,"href":"https:\/\/global-business-recruiting.de\/cs\/wp-json\/wp\/v2\/pages\/9347"}],"wp:featuredmedia":[{"embeddable":true,"href":"https:\/\/global-business-recruiting.de\/cs\/wp-json\/wp\/v2\/media\/10521"}],"wp:attachment":[{"href":"https:\/\/global-business-recruiting.de\/cs\/wp-json\/wp\/v2\/media?parent=9546"}],"curies":[{"name":"wp","href":"https:\/\/api.w.org\/{rel}","templated":true}]}}