{"id":9553,"date":"2026-03-01T14:13:56","date_gmt":"2026-03-01T14:13:56","guid":{"rendered":"https:\/\/global-business-recruiting.de\/?page_id=9553"},"modified":"2026-03-29T12:33:56","modified_gmt":"2026-03-29T12:33:56","slug":"pronajem-pracovni-sily-vs-subdodavky","status":"publish","type":"page","link":"https:\/\/global-business-recruiting.de\/cs\/wissen\/arbeitnehmerueberlassung-vs-subunternehmen\/","title":{"rendered":"Do\u010dasn\u00e9 zam\u011bstn\u00e1v\u00e1n\u00ed vs. subdod\u00e1vky - definice a rozd\u00edly"},"content":{"rendered":"<section class=\"l-section wpb_row height_custom\"><div class=\"l-section-h i-cf\"><div class=\"g-cols vc_row via_grid cols_1 laptops-cols_inherit tablets-cols_inherit mobiles-cols_1 valign_top type_default stacking_default\"><div class=\"wpb_column vc_column_container\"><div class=\"vc_column-inner\"><div class=\"wpb_text_column\"><div class=\"wpb_wrapper\"><p>Pro spole\u010dnosti, kter\u00e9 pot\u0159ebuj\u00ed pru\u017en\u011b reagovat na \u0161pi\u010dky objedn\u00e1vek, jsou k dispozici dva z\u00e1sadn\u011b odli\u0161n\u00e9 modely: Pron\u00e1jem zam\u011bstnanc\u016f (do\u010dasn\u00e1 pr\u00e1ce) a vyu\u017eit\u00ed t\u00fdm\u016f subdodavatel\u016f na z\u00e1klad\u011b smlouvy o d\u00edlo. V\u00fdb\u011br spr\u00e1vn\u00e9ho modelu m\u00e1 v\u00fdznamn\u00e9 pr\u00e1vn\u00ed a ekonomick\u00e9 d\u016fsledky. Tento \u010dl\u00e1nek vysv\u011btluje definice, ukazuje rozli\u0161ovac\u00ed krit\u00e9ria a poskytuje jasn\u00fd z\u00e1klad pro va\u0161e rozhodnut\u00ed.<\/p>\n<h2>Co je do\u010dasn\u00e9 zam\u011bstn\u00e1n\u00ed?<\/h2>\n<p>V globalizovan\u00e9m sv\u011bt\u011b poci\u0165uj\u00ed spole\u010dnosti st\u00e1le z\u0159eteln\u011bji tlak na n\u00e1klady. Do\u010dasn\u00e9 zam\u011bstn\u00e1v\u00e1n\u00ed umo\u017e\u0148uje podniku pru\u017en\u011b reagovat na aktu\u00e1ln\u00ed situaci v oblasti zak\u00e1zek: Men\u0161\u00ed po\u010det st\u00e1l\u00fdch zam\u011bstnanc\u016f udr\u017euje provoz v chodu, zat\u00edmco do\u010dasn\u00ed pracovn\u00edci jsou nasazeni, jakmile se knihy zak\u00e1zek napln\u00ed.<\/p>\n<p>Do\u010dasn\u00e9 zam\u011bstn\u00e1v\u00e1n\u00ed m\u016f\u017ee b\u00fdt taktick\u00fdm nebo strategick\u00fdm \u0159e\u0161en\u00edm. Jako taktick\u00e9 \u0159e\u0161en\u00ed umo\u017e\u0148uje spole\u010dnosti s relativn\u011b stabiln\u00ed situac\u00ed v oblasti zak\u00e1zek kompenzovat typickou fluktuaci zam\u011bstnanc\u016f - nap\u0159\u00edklad v p\u0159\u00edpad\u011b dovolen\u00e9 nebo do\u010dasn\u00e9 nemoci zam\u011bstnance. Jako strategick\u00e9 \u0159e\u0161en\u00ed m\u00e1 smysl tam, kde stav zak\u00e1zek v\u00fdrazn\u011b kol\u00eds\u00e1: st\u00e1l\u00fd stav zam\u011bstnanc\u016f je z\u00e1m\u011brn\u011b udr\u017eov\u00e1n v mal\u00e9m po\u010dtu; v dob\u011b \u0161pi\u010dek zak\u00e1zek nastupuj\u00ed brig\u00e1dn\u00edci, jejich\u017e n\u00e1klady jsou refinancov\u00e1ny nov\u00fdmi zak\u00e1zkami.<\/p>\n<h3>Do\u010dasn\u00e9 zam\u011bstn\u00e1v\u00e1n\u00ed jako \u0159e\u0161en\u00ed nedostatku kvalifikovan\u00fdch pracovn\u00edk\u016f<\/h3>\n<p>Zvl\u00e1\u0161t\u011b kvalifikovan\u00e9 odborn\u00edky je t\u011b\u017ek\u00e9 naj\u00edt. Na konkr\u00e9tn\u00ed \u00fakoly je lze z\u00edskat prost\u0159ednictv\u00edm agentury do\u010dasn\u00e9ho zam\u011bstn\u00e1v\u00e1n\u00ed. Vy\u0161\u0161\u00ed mzdov\u00e9 n\u00e1klady, kter\u00e9 jsou s t\u00edm \u010dasto spojeny, lze ospravedlnit \u00fasporami v dob\u011b, kdy tato odbornost nen\u00ed pot\u0159eba.<\/p>\n<p>Leasing zam\u011bstnanc\u016f zjednodu\u0161uje person\u00e1ln\u00ed pl\u00e1nov\u00e1n\u00ed a umo\u017e\u0148uje jeho dynamiku podle podm\u00ednek na trhu. Nem\u011bl by se v\u0161ak zam\u011b\u0148ovat se subdodavatelsk\u00fdm modelem - rozd\u00edly jsou zna\u010dn\u00e9.<\/p>\n<h2>Co je skryt\u00e9 do\u010dasn\u00e9 zam\u011bstn\u00e1n\u00ed?<\/h2>\n<p>Je t\u0159eba rozli\u0161ovat mezi b\u011b\u017en\u00fdm pron\u00e1jmem zam\u011bstnanc\u016f a tzv. skryt\u00fdm pron\u00e1jmem zam\u011bstnanc\u016f. Tato forma poru\u0161uje platn\u00e9 pr\u00e1vn\u00ed p\u0159edpisy a je t\u0159eba se j\u00ed za ka\u017edou cenu vyhnout. O skryt\u00e9 do\u010dasn\u00e9 zam\u011bstn\u00e1v\u00e1n\u00ed se jedn\u00e1, pokud je spln\u011bna jedna ze t\u0159\u00ed podm\u00ednek:<\/p>\n<ul>\n<li>P\u016fj\u010duj\u00edc\u00ed spole\u010dnost nem\u00e1 povolen\u00ed ke komer\u010dn\u00edmu poskytov\u00e1n\u00ed do\u010dasn\u00fdch pracovn\u00edk\u016f podle z\u00e1kona A\u00dcG.<\/li>\n<li>Nepou\u017e\u00edvaj\u00ed se smlouvy o pron\u00e1jmu pracovn\u00edch sil - m\u00edsto toho se zneu\u017e\u00edvaj\u00ed dohody o proveden\u00ed pr\u00e1ce k obch\u00e1zen\u00ed soci\u00e1ln\u00ed ochrany.<\/li>\n<li>\u010cinnost je fale\u0161n\u011b deklarov\u00e1na jako samostatn\u00e1 v\u00fdd\u011ble\u010dn\u00e1 \u010dinnost, aby se vyhnula dani z p\u0159\u00edjmu a formalit\u00e1m.<\/li>\n<\/ul>\n<h2>Komer\u010dn\u00ed nab\u00eddka pracovn\u00edch sil<\/h2>\n<p>Komer\u010dn\u00ed pron\u00e1jem zam\u011bstnanc\u016f licencovanou agenturou do\u010dasn\u00e9ho zam\u011bstn\u00e1v\u00e1n\u00ed je leg\u00e1ln\u00ed a roz\u0161\u00ed\u0159en\u00fd. Do\u010dasn\u00ed zam\u011bstnanci jsou nasazov\u00e1ni jako pracovn\u00ed s\u00edla pro p\u0159ev\u00e1\u017en\u011b se m\u011bn\u00edc\u00ed n\u00e1jemce - pracuj\u00ed p\u0159edev\u0161\u00edm pro t\u0159et\u00ed strany a tyto t\u0159et\u00ed strany se pravideln\u011b m\u011bn\u00ed.<\/p>\n<h3>Troj\u00faheln\u00edkov\u00fd vztah<\/h3>\n<p>Obchodn\u00ed nab\u00eddka pr\u00e1ce je zalo\u017eena na troj\u00faheln\u00edkov\u00e9m vztahu:<\/p>\n<ul>\n<li><strong>Do\u010dasn\u00fd pracovn\u00edk - agentura pr\u00e1ce:<\/strong><span>\u00a0<\/span>\u0158\u00e1dn\u00fd pracovn\u00ed pom\u011br, agentura pr\u00e1ce m\u00e1 pr\u00e1vo \u0159\u00eddit a je odpov\u011bdn\u00e1 za m\u00edsto a dobu v\u00fdkonu pr\u00e1ce.<\/li>\n<li><strong>Do\u010dasn\u00fd pracovn\u00edk - n\u00e1jemce:<\/strong><span>\u00a0<\/span>N\u00e1jemce je opr\u00e1vn\u011bn vyd\u00e1vat do\u010dasn\u00e9mu pracovn\u00edkovi technick\u00e9 pokyny a vy\u017eadovat, aby pr\u00e1ce byla prov\u00e1d\u011bna spr\u00e1vn\u011b.<\/li>\n<li><strong>Vyp\u016fj\u010ditel - agentura do\u010dasn\u00e9ho zam\u011bstn\u00e1v\u00e1n\u00ed:<\/strong><span>\u00a0<\/span>Smlouva o pron\u00e1jmu zam\u011bstnanc\u016f upravuje pracovn\u00ed dobu, \u010dinnosti a hodinov\u00e9 sazby.<\/li>\n<\/ul>\n<h2>Dal\u0161\u00ed pr\u00e1vn\u00ed po\u017eadavky<\/h2>\n<p>Do\u010dasn\u00e9 zam\u011bstn\u00e1n\u00ed mus\u00ed b\u00fdt sou\u010d\u00e1st\u00ed hospod\u00e1\u0159sk\u00e9 \u010dinnosti a mus\u00ed m\u00edt do\u010dasn\u00fd charakter. Do\u010dasn\u00ed pracovn\u00edci mohou b\u00fdt v sou\u010dasn\u00e9 dob\u011b zam\u011bstn\u00e1ni u t\u00e9ho\u017e zam\u011bstnavatele maxim\u00e1ln\u011b po dobu 18 po sob\u011b jdouc\u00edch m\u011bs\u00edc\u016f - tato maxim\u00e1ln\u00ed doba m\u016f\u017ee b\u00fdt upravena odli\u0161n\u011b kolektivn\u00ed smlouvou.<\/p>\n<p>V z\u00e1sad\u011b plat\u00ed z\u00e1sada rovn\u00e9ho zach\u00e1zen\u00ed: do\u010dasn\u00ed pracovn\u00edci maj\u00ed n\u00e1rok na stejnou odm\u011bnu, pracovn\u00ed dobu, dovolenou a zvl\u00e1\u0161tn\u00ed platby jako st\u00e1l\u00ed zam\u011bstnanci pronaj\u00edmatele. Sou\u010d\u00e1st\u00ed je tak\u00e9 p\u0159\u00edstup ke spole\u010dn\u00fdm za\u0159\u00edzen\u00edm (j\u00eddelna, doprava). Kolektivn\u00ed smlouvy se mohou od tohoto ustanoven\u00ed odch\u00fdlit.<\/p>\n<h2>Jak\u00fd je rozd\u00edl oproti subdodavatel\u016fm?<\/h2>\n<p>V p\u0159\u00edpad\u011b pron\u00e1jmu zam\u011bstnanc\u016f p\u0159ech\u00e1z\u00ed odborn\u00e1 pravomoc nad zam\u011bstnancem na naj\u00edmaj\u00edc\u00ed spole\u010dnost - zam\u011bstnanec pracuje jako sou\u010d\u00e1st m\u00edstn\u00ed pracovn\u00ed s\u00edly. U subdodavatele je situace z\u00e1sadn\u011b odli\u0161n\u00e1: subdodavatel si ponech\u00e1v\u00e1 pravomoc vyd\u00e1vat pokyny sv\u00fdm zam\u011bstnanc\u016fm, odpov\u00edd\u00e1 za v\u00fdsledky pr\u00e1ce a nen\u00ed za\u010dlen\u011bn do proces\u016f klienta.<\/p>\n<h3>Krit\u00e9ria vymezen\u00ed: Kdy se m\u00e1 za to, \u017ee existuje nab\u00eddka pr\u00e1ce?<\/h3>\n<p>Do\u010dasn\u00e9 zam\u011bstn\u00e1n\u00ed existuje, pokud plat\u00ed jeden z n\u00e1sleduj\u00edc\u00edch znak\u016f:<\/p>\n<ul>\n<li>Zam\u011bstnanec podl\u00e9h\u00e1 pokyn\u016fm a odborn\u00e9mu dohledu pronaj\u00edmatele a je za\u010dlen\u011bn do jeho proces\u016f jako ka\u017ed\u00fd jin\u00fd zam\u011bstnanec.<\/li>\n<li>Poskytnut\u00e9 slu\u017eby jsou neodli\u0161iteln\u00e9 od slu\u017eeb n\u00e1jemce a jsou mu p\u0159i\u010d\u00edt\u00e1ny.<\/li>\n<li>Pr\u00e1ce se prov\u00e1d\u00ed s pou\u017eit\u00edm materi\u00e1lu a n\u00e1\u0159ad\u00ed n\u00e1jemce.<\/li>\n<li>N\u00e1jemce neodpov\u00edd\u00e1 za \u00fasp\u011bch pracovn\u00ed slu\u017eby.<\/li>\n<\/ul>\n<p>Pokud se \u017e\u00e1dn\u00e1 z t\u011bchto charakteristik neuplatn\u00ed, byl proveden\u00edm d\u00edla pov\u011b\u0159en subdodavatel.<\/p>\n<h3>Subdodavatel vs. agentura do\u010dasn\u00e9ho zam\u011bstn\u00e1v\u00e1n\u00ed - nejd\u016fle\u017eit\u011bj\u0161\u00ed rozd\u00edly<\/h3>\n<table border=\"1\" cellspacing=\"0\" cellpadding=\"10\">\n<tbody>\n<tr>\n<th>Funkce<\/th>\n<th>Subdodavatel\u00e9<\/th>\n<th>Agentura do\u010dasn\u00e9ho zam\u011bstn\u00e1v\u00e1n\u00ed (A\u00dcG)<\/th>\n<\/tr>\n<tr>\n<td>Opr\u00e1vn\u011bn\u00ed vyd\u00e1vat pokyny<\/td>\n<td>Z\u016fst\u00e1v\u00e1 u subdodavatele<\/td>\n<td>P\u0159ed\u00e1v\u00e1 se n\u00e1jemci<\/td>\n<\/tr>\n<tr>\n<td>Odpov\u011bdnost za v\u00fdsledky<\/td>\n<td>Ano - odpov\u011bdnost subdodavatele<\/td>\n<td>Ne - nen\u00ed dlu\u017en\u00fd \u017e\u00e1dn\u00fd pracovn\u00ed \u00fasp\u011bch<\/td>\n<\/tr>\n<tr>\n<td>Kvalifikace<\/td>\n<td>Speci\u00e1ln\u011b vy\u0161kolen\u00ed odborn\u00edci<\/td>\n<td>Nemus\u00ed b\u00fdt nutn\u011b specifick\u00e9 pro dan\u00fd p\u0159edm\u011bt<\/td>\n<\/tr>\n<tr>\n<td>Doba pou\u017e\u00edv\u00e1n\u00ed<\/td>\n<td>\u017d\u00e1dn\u00fd z\u00e1konn\u00fd limit<\/td>\n<td>Maxim\u00e1ln\u011b 18 m\u011bs\u00edc\u016f u stejn\u00e9ho n\u00e1jemce<\/td>\n<\/tr>\n<tr>\n<td>Odstran\u011bn\u00ed z\u00e1vad<\/td>\n<td>Subdodavatel mus\u00ed prov\u00e9st zlep\u0161en\u00ed<\/td>\n<td>\u017d\u00e1dn\u00e9 pr\u00e1vo na opravu<\/td>\n<\/tr>\n<tr>\n<td>Integrace v provozu<\/td>\n<td>Ne - nez\u00e1visl\u00fd t\u00fdm<\/td>\n<td>Ano - jako st\u00e1l\u00ed zam\u011bstnanci<\/td>\n<\/tr>\n<\/tbody>\n<\/table>\n<h2>Praktick\u00e9 v\u00fdhody vyu\u017e\u00edv\u00e1n\u00ed subdodavatel\u016f<\/h2>\n<p>Pokud se p\u0159i prov\u00e1d\u011bn\u00ed d\u00edla vyskytnou vady, lze po subdodavateli po\u017eadovat jejich odstran\u011bn\u00ed. Je vhodn\u00e9 p\u0159edem p\u0159esn\u011b definovat, jak\u00fd kone\u010dn\u00fd v\u00fdsledek se o\u010dek\u00e1v\u00e1 - k tomuto \u00fa\u010delu jsou vhodn\u00e9 stavebn\u00ed pl\u00e1ny, specifikace slu\u017eeb a podobn\u00e9 dokumenty.<\/p>\n<p>Subdodavatel\u00e9 mohou poskytovat podporu v dob\u011b \u0161pi\u010dek a plnit \u010d\u00e1sti zak\u00e1zek vlastn\u00edmi specialisty - sni\u017euj\u00ed tak pot\u0159ebu vlastn\u00edch zam\u011bstnanc\u016f. Specialist\u00e9, kte\u0159\u00ed se pod\u00edlej\u00ed na projektech prost\u0159ednictv\u00edm subdodavatel\u016f, rovn\u011b\u017e poskytuj\u00ed zna\u010dnou konkuren\u010dn\u00ed v\u00fdhodu a otev\u00edraj\u00ed mo\u017enost nab\u00edzet nov\u00e9 specializovan\u00e9 oblasti.<\/p>\n<h2>\u010casto kladen\u00e9 ot\u00e1zky<\/h2>\n<\/div><\/div><div class=\"w-separator size_small\"><\/div><div class=\"w-tabs style_default switch_click accordion type_togglable has_scrolling\" style=\"--sections-title-size:inherit\"><div class=\"w-tabs-sections titles-align_none icon_chevron cpos_right\"><div class=\"w-tabs-section\" id=\"q7cf\" itemscope itemprop=\"mainEntity\" itemtype=\"https:\/\/schema.org\/Question\"><button class=\"w-tabs-section-header\" aria-controls=\"content-q7cf\" aria-expanded=\"false\"><div class=\"w-tabs-section-title\" itemprop=\"name\">M\u016f\u017ee se smlouva o d\u00edlo st\u00e1t skrytou agenturou do\u010dasn\u00e9ho zam\u011bstn\u00e1v\u00e1n\u00ed?<\/div><div class=\"w-tabs-section-control\"><\/div><\/button><div  class=\"w-tabs-section-content\" id=\"content-q7cf\" itemscope itemprop=\"acceptedAnswer\" itemtype=\"https:\/\/schema.org\/Answer\"><div class=\"w-tabs-section-content-h i-cf\" itemprop=\"text\"><div class=\"wpb_text_column\"><div class=\"wpb_wrapper\"><p>Ano - pokud skute\u010dn\u00e9 pln\u011bn\u00ed neodpov\u00edd\u00e1 tomu, co bylo sjedn\u00e1no ve smlouv\u011b o d\u00edlo a pr\u00e1ci. Pokud jsou zam\u011bstnanci dodavatele skute\u010dn\u011b za\u010dlen\u011bni do provozn\u00edch proces\u016f objednatele a podl\u00e9haj\u00ed jeho pokyn\u016fm, jedn\u00e1 se o skryt\u00e9 do\u010dasn\u00e9 zam\u011bstn\u00e1n\u00ed - bez ohledu na to, jak je smlouva ozna\u010dena.<\/p>\n<\/div><\/div><\/div><\/div><\/div><div class=\"w-tabs-section\" id=\"r8a7\" itemscope itemprop=\"mainEntity\" itemtype=\"https:\/\/schema.org\/Question\"><button class=\"w-tabs-section-header\" aria-controls=\"content-r8a7\" aria-expanded=\"false\"><div class=\"w-tabs-section-title\" itemprop=\"name\">Pot\u0159ebuje subdodavatel licenci A\u00dcG?<\/div><div class=\"w-tabs-section-control\"><\/div><\/button><div  class=\"w-tabs-section-content\" id=\"content-r8a7\" itemscope itemprop=\"acceptedAnswer\" itemtype=\"https:\/\/schema.org\/Answer\"><div class=\"w-tabs-section-content-h i-cf\" itemprop=\"text\"><div class=\"wpb_text_column\"><div class=\"wpb_wrapper\"><p>Ne - za p\u0159edpokladu, \u017ee skute\u010dn\u011b pracuje na z\u00e1klad\u011b smlouvy o d\u00edlo a pr\u00e1ci a jeho zam\u011bstnanci jsou nasazeni pod jeho odborn\u00fdm dohledem. Licence A\u00dcG je vy\u017eadov\u00e1na pouze v p\u0159\u00edpad\u011b, \u017ee jsou zam\u011bstnanci pronaj\u00edm\u00e1ni t\u0159et\u00edm osob\u00e1m na komer\u010dn\u00ed b\u00e1zi.<\/p>\n<\/div><\/div><\/div><\/div><\/div><div class=\"w-tabs-section\" id=\"c978\" itemscope itemprop=\"mainEntity\" itemtype=\"https:\/\/schema.org\/Question\"><button class=\"w-tabs-section-header\" aria-controls=\"content-c978\" aria-expanded=\"false\"><div class=\"w-tabs-section-title\" itemprop=\"name\">Jak\u00fd je rozd\u00edl mezi smlouvou o d\u00edlo a smlouvou o poskytov\u00e1n\u00ed slu\u017eeb?<\/div><div class=\"w-tabs-section-control\"><\/div><\/button><div  class=\"w-tabs-section-content\" id=\"content-c978\" itemscope itemprop=\"acceptedAnswer\" itemtype=\"https:\/\/schema.org\/Answer\"><div class=\"w-tabs-section-content-h i-cf\" itemprop=\"text\"><div class=\"wpb_text_column\"><div class=\"wpb_wrapper\"><p>Ve smlouv\u011b o d\u00edlo zhotovitel dlu\u017e\u00ed ur\u010dit\u00fd v\u00fdsledek (hotov\u00e9 d\u00edlo) a odpov\u00edd\u00e1 za vady. V p\u0159\u00edpad\u011b smlouvy o poskytov\u00e1n\u00ed slu\u017eeb zhotovitel dlu\u017e\u00ed pouze proveden\u00ed \u010dinnosti - bez povinnosti dos\u00e1hnout \u00fasp\u011bchu. Zad\u00e1n\u00ed subdodavateli je zpravidla zalo\u017eeno na smlouv\u011b o d\u00edlo a smlouv\u011b o pr\u00e1ci.<\/p>\n<\/div><\/div><\/div><\/div><\/div><div class=\"w-tabs-section\" id=\"wa49\" itemscope itemprop=\"mainEntity\" itemtype=\"https:\/\/schema.org\/Question\"><button class=\"w-tabs-section-header\" aria-controls=\"content-wa49\" aria-expanded=\"false\"><div class=\"w-tabs-section-title\" itemprop=\"name\">Jak dlouho mohou b\u00fdt do\u010dasn\u00ed pracovn\u00edci zam\u011bstn\u00e1ni u stejn\u00e9ho zam\u011bstnavatele?<\/div><div class=\"w-tabs-section-control\"><\/div><\/button><div  class=\"w-tabs-section-content\" id=\"content-wa49\" itemscope itemprop=\"acceptedAnswer\" itemtype=\"https:\/\/schema.org\/Answer\"><div class=\"w-tabs-section-content-h i-cf\" itemprop=\"text\"><div class=\"wpb_text_column\"><div class=\"wpb_wrapper\"><p>Maxim\u00e1ln\u011b 18 po sob\u011b jdouc\u00edch m\u011bs\u00edc\u016f. Na z\u00e1klad\u011b kolektivn\u00ed smlouvy lze sjednat odli\u0161n\u00e1 ujedn\u00e1n\u00ed. Neexistuje \u017e\u00e1dn\u00e9 pr\u00e1vn\u00ed omezen\u00ed pro vyu\u017e\u00edv\u00e1n\u00ed subdodavatel\u016f.<\/p>\n<\/div><\/div><\/div><\/div><\/div><\/div><\/div><\/div><\/div><\/div><\/div><\/section>","protected":false},"excerpt":{"rendered":"F\u00fcr Unternehmen, die flexibel auf Auftragsspitzen reagieren m\u00fcssen, stehen zwei grundlegend verschiedene Modelle zur Verf\u00fcgung: Arbeitnehmer\u00fcberlassung (Leiharbeit) und der Einsatz von Subunternehmer-Teams auf Werkvertragsbasis. Die Wahl des richtigen Modells hat erhebliche rechtliche und wirtschaftliche Konsequenzen. Dieser Artikel erkl\u00e4rt die Definitionen, zeigt die Abgrenzungskriterien und gibt Ihnen eine klare Entscheidungsgrundlage. Was ist Arbeitnehmer\u00fcberlassung? In einer globalisierten...","protected":false},"author":1,"featured_media":10533,"parent":9347,"menu_order":0,"comment_status":"closed","ping_status":"closed","template":"","meta":{"_acf_changed":false,"footnotes":""},"class_list":["post-9553","page","type-page","status-publish","has-post-thumbnail","hentry"],"acf":[],"_links":{"self":[{"href":"https:\/\/global-business-recruiting.de\/cs\/wp-json\/wp\/v2\/pages\/9553","targetHints":{"allow":["GET"]}}],"collection":[{"href":"https:\/\/global-business-recruiting.de\/cs\/wp-json\/wp\/v2\/pages"}],"about":[{"href":"https:\/\/global-business-recruiting.de\/cs\/wp-json\/wp\/v2\/types\/page"}],"author":[{"embeddable":true,"href":"https:\/\/global-business-recruiting.de\/cs\/wp-json\/wp\/v2\/users\/1"}],"replies":[{"embeddable":true,"href":"https:\/\/global-business-recruiting.de\/cs\/wp-json\/wp\/v2\/comments?post=9553"}],"version-history":[{"count":10,"href":"https:\/\/global-business-recruiting.de\/cs\/wp-json\/wp\/v2\/pages\/9553\/revisions"}],"predecessor-version":[{"id":11136,"href":"https:\/\/global-business-recruiting.de\/cs\/wp-json\/wp\/v2\/pages\/9553\/revisions\/11136"}],"up":[{"embeddable":true,"href":"https:\/\/global-business-recruiting.de\/cs\/wp-json\/wp\/v2\/pages\/9347"}],"wp:featuredmedia":[{"embeddable":true,"href":"https:\/\/global-business-recruiting.de\/cs\/wp-json\/wp\/v2\/media\/10533"}],"wp:attachment":[{"href":"https:\/\/global-business-recruiting.de\/cs\/wp-json\/wp\/v2\/media?parent=9553"}],"curies":[{"name":"wp","href":"https:\/\/api.w.org\/{rel}","templated":true}]}}