{"id":9739,"date":"2026-03-07T09:24:53","date_gmt":"2026-03-07T09:24:53","guid":{"rendered":"https:\/\/global-business-recruiting.de\/?page_id=9739"},"modified":"2026-03-29T12:37:36","modified_gmt":"2026-03-29T12:37:36","slug":"profesni-uznani-pro-elektrikare-v-zahranici","status":"publish","type":"page","link":"https:\/\/global-business-recruiting.de\/cs\/wissen\/berufsanerkennung-elektriker-ausland\/","title":{"rendered":"Mus\u00ed b\u00fdt v N\u011bmecku uzn\u00e1v\u00e1na odborn\u00e1 kvalifikace elektrik\u00e1\u0159\u016f ze zahrani\u010d\u00ed?"},"content":{"rendered":"<section class=\"l-section wpb_row height_custom\"><div class=\"l-section-h i-cf\"><div class=\"g-cols vc_row via_grid cols_1 laptops-cols_inherit tablets-cols_inherit mobiles-cols_1 valign_top type_default stacking_default\"><div class=\"wpb_column vc_column_container\"><div class=\"vc_column-inner\"><div class=\"wpb_text_column\"><div class=\"wpb_wrapper\"><p>Pokud m\u00e1 elektrik\u00e1\u0159 odbornou kvalifikaci ze zahrani\u010d\u00ed, vyvst\u00e1v\u00e1 ot\u00e1zka, zda mus\u00ed b\u00fdt tato kvalifikace v N\u011bmecku uzn\u00e1na. Pr\u00e1vn\u00ed situace je zde diferencovan\u00e1: Ne v\u0161echny odborn\u00e9 kvalifikace mus\u00ed proj\u00edt uzn\u00e1vac\u00edm \u0159\u00edzen\u00edm - a to m\u00e1 p\u0159\u00edm\u00e9 d\u016fsledky pro subdodavatele a kvalifikovan\u00e9 pracovn\u00edky z v\u00fdchodn\u00ed Evropy.<\/p>\n<h2>Je povol\u00e1n\u00ed elektrik\u00e1\u0159e v N\u011bmecku regulov\u00e1no?<\/h2>\n<p>Nen\u00ed-li povol\u00e1n\u00ed regulov\u00e1no, nen\u00ed pr\u00e1vn\u011b chr\u00e1n\u011bno. To znamen\u00e1, \u017ee \u0159\u00edzen\u00ed o uzn\u00e1n\u00ed zahrani\u010dn\u00ed odborn\u00e9 kvalifikace je pak <strong>nen\u00ed nezbytn\u011b nutn\u00e9<\/strong>. To plat\u00ed i pro profesi elektrik\u00e1\u0159e.<\/p>\n<p>Odborn\u00e1 kvalifikace elektrik\u00e1\u0159e z\u00edskan\u00e1 v zahrani\u010d\u00ed proto nemus\u00ed b\u00fdt nutn\u011b uzn\u00e1na v N\u011bmecku. To v\u0161ak neznamen\u00e1, \u017ee podnik nen\u00ed povinen zajistit, aby kvalifikovan\u00fd zam\u011bstnanec byl zp\u016fsobil\u00fd k v\u00fdkonu pr\u00e1ce elektrik\u00e1\u0159e - tento po\u017eadavek z\u016fst\u00e1v\u00e1 zachov\u00e1n.<\/p>\n<div style=\"background: #fff8e1; border-left: 4px solid #e8a000; padding: 16px; margin: 20px 0;\"><strong>D\u016fle\u017eit\u00e9 pro klienty:<\/strong> Povol\u00e1n\u00ed elektrik\u00e1\u0159e v N\u011bmecku je <strong>Nen\u00ed regulov\u00e1no<\/strong> - Zahrani\u010dn\u00ed odborn\u00e1 kvalifikace proto nemus\u00ed b\u00fdt \u00fa\u0159edn\u011b uzn\u00e1na. Uzn\u00e1n\u00ed je v\u0161ak u\u017eite\u010dn\u00e9 pro prok\u00e1z\u00e1n\u00ed kvalifikace a t\u00edm i pro snadn\u011bj\u0161\u00ed nalezen\u00ed zam\u011bstn\u00e1n\u00ed a pracovn\u00edch pozic.<\/div>\n<p>Krom\u011b toho je uzn\u00e1n\u00ed zahrani\u010dn\u00ed odborn\u00e9 kvalifikace pro povol\u00e1n\u00ed elektrik\u00e1\u0159e dobrovoln\u00e9. To doty\u010dn\u00e9mu elektrik\u00e1\u0159i pom\u00e1h\u00e1 nap\u0159\u00edklad p\u0159i hled\u00e1n\u00ed zam\u011bstn\u00e1n\u00ed, kter\u00e9 odpov\u00edd\u00e1 jeho kvalifikaci.<\/p>\n<h2>Jak vypad\u00e1 proces uzn\u00e1n\u00ed?<\/h2>\n<p>Pokud si uzn\u00e1n\u00ed p\u0159ejete, m\u016f\u017eete p\u0159\u00edslu\u0161n\u00fd postup absolvovat dobrovoln\u011b. Sta\u010d\u00ed podat \u017e\u00e1dost p\u0159\u00edslu\u0161n\u00e9mu org\u00e1nu - lze tak u\u010dinit prost\u0159ednictv\u00edm webov\u00fdch str\u00e1nek EU. <a href=\"https:\/\/www.anerkennung-in-deutschland.de\" target=\"_blank\" rel=\"noopener\">Port\u00e1l \u201eUzn\u00e1v\u00e1n\u00ed v N\u011bmecku\u201c<\/a> se ur\u010d\u00ed. Je t\u0159eba p\u0159edlo\u017eit n\u00e1sleduj\u00edc\u00ed dokumenty:<\/p>\n<ul>\n<li>Samotn\u00e1 \u017e\u00e1dost, a\u0165 u\u017e ve form\u011b formul\u00e1\u0159e od p\u0159\u00edslu\u0161n\u00e9ho org\u00e1nu, nebo neform\u00e1ln\u00ed \u017e\u00e1dosti.<\/li>\n<li>Doklad toto\u017enosti, nap\u0159\u00edklad cestovn\u00ed pas.<\/li>\n<li>Doklad o kvalifikaci - osv\u011bd\u010den\u00ed \u017eadatele<\/li>\n<li>Doklad o tom, co odborn\u00e1 kvalifikace zahrnuje a jak dlouho trv\u00e1.<\/li>\n<li>oddac\u00ed list, pokud doty\u010dn\u00e1 osoba zm\u011bnila sv\u00e9 jm\u00e9no v d\u016fsledku s\u0148atku.<\/li>\n<li>\u017divotopis<\/li>\n<li>Doklad o dal\u0161\u00ed kvalifikaci (\u00fa\u010dast na semin\u00e1\u0159\u00edch nebo dal\u0161\u00edch vzd\u011bl\u00e1vac\u00edch kurzech).<\/li>\n<li>Doklad o \u00famyslu nastoupit do zam\u011bstn\u00e1n\u00ed v N\u011bmecku<\/li>\n<li>Pokud ji\u017e byla \u017e\u00e1dost pod\u00e1na, je t\u0159eba uv\u00e9st informace o n\u00ed - to zahrnuje i informace o org\u00e1nu, kter\u00e9mu byla tato p\u0159edchoz\u00ed \u017e\u00e1dost pod\u00e1na.<\/li>\n<\/ul>\n<p>Vy\u0159\u00edzen\u00ed takov\u00e9 \u017e\u00e1dosti trv\u00e1 obvykle 1 a\u017e 3 m\u011bs\u00edce a za\u010d\u00edn\u00e1 p\u0159edlo\u017een\u00edm v\u0161ech dokument\u016f. Po \u00fasp\u011b\u0161n\u00e9m dokon\u010den\u00ed \u0159\u00edzen\u00ed jsou osv\u011bd\u010den\u00ed uzn\u00e1na.<\/p>\n<p>Pokud n\u011bkter\u00e1 osv\u011bd\u010den\u00ed nebo jin\u00e9 dokumenty chyb\u00ed, existuje je\u0161t\u011b jedna mo\u017enost: \u017eadatel m\u016f\u017ee prok\u00e1zat sv\u00e9 dovednosti p\u0159i praktick\u00e9 zkou\u0161ce. Krom\u011b toho se m\u016f\u017ee z\u00fa\u010dastnit tak\u00e9 adapta\u010dn\u00edho obdob\u00ed, kter\u00e9 pak slou\u017e\u00ed jako doklad o kvalifikaci.<\/p>\n<h2>Mus\u00edm prok\u00e1zat sv\u00e9 jazykov\u00e9 znalosti?<\/h2>\n<p>Pro samotnou aplikaci a souvisej\u00edc\u00ed postup <strong>\u017d\u00e1dn\u00e9 speci\u00e1ln\u00ed jazykov\u00e9 znalosti<\/strong> b\u00fdt prok\u00e1z\u00e1no. Jde pouze o uzn\u00e1n\u00ed kvalifikace - p\u0159\u00edslu\u0161n\u00fd org\u00e1n porovn\u00e1 kvalifikaci s po\u017eadavky pro v\u00fdkon povol\u00e1n\u00ed v N\u011bmecku.<\/p>\n<p>To se v\u0161ak t\u00fdk\u00e1 pouze profese elektrik\u00e1\u0159e a dal\u0161\u00edch neregulovan\u00fdch povol\u00e1n\u00ed. U n\u011bkter\u00fdch jin\u00fdch povol\u00e1n\u00ed, jako jsou nap\u0159\u00edklad l\u00e9ka\u0159i, se znalost n\u011bmeck\u00e9ho jazyka vy\u017eaduje ji\u017e v r\u00e1mci uzn\u00e1vac\u00edho \u0159\u00edzen\u00ed.<\/p>\n<p>To neznamen\u00e1, \u017ee elektrik\u00e1\u0159 nemus\u00ed um\u011bt n\u011bmecky - pr\u00e1v\u011b naopak. Elektrik\u00e1\u0159i pracuj\u00ed se z\u00e1kazn\u00edky a v t\u00fdmech, a proto mus\u00ed b\u00fdt schopni komunikovat v t\u00e9to zemi. To znamen\u00e1, \u017ee pro uzn\u00e1vac\u00ed \u0159\u00edzen\u00ed nen\u00ed t\u0159eba prokazovat znalost n\u011bm\u010diny, ale je nutn\u00e1 pro zam\u011bstn\u00e1n\u00ed ve firm\u011b.<\/p>\n<h2>Kolik stoj\u00ed uzn\u00e1n\u00ed odborn\u00e9 kvalifikace?<\/h2>\n<p>Uzn\u00e1vac\u00ed \u0159\u00edzen\u00ed obvykle stoj\u00ed <strong>100 a\u017e 600 eur<\/strong>. Vznikaj\u00ed tak\u00e9 dal\u0161\u00ed n\u00e1klady. Na n\u011b lze podat \u017e\u00e1dost o finan\u010dn\u00ed podporu - ta se t\u00fdk\u00e1 v\u0161ech n\u00e1klad\u016f spojen\u00fdch s pod\u00e1n\u00edm \u017e\u00e1dosti. Pat\u0159\u00ed sem poplatky, cestovn\u00ed v\u00fddaje a n\u00e1klady na p\u0159eklady. V t\u00e9to v\u011bci m\u016f\u017eete tak\u00e9 po\u017e\u00e1dat o radu.<\/p>\n<h2>Jak\u00e9 jsou v\u00fdhody uzn\u00e1n\u00ed odborn\u00e9 kvalifikace elektrik\u00e1\u0159e ze zahrani\u010d\u00ed?<\/h2>\n<p>Uzn\u00e1vac\u00ed \u0159\u00edzen\u00ed je \u010dasov\u011b i finan\u010dn\u011b n\u00e1ro\u010dn\u00e9. P\u0159esto p\u0159in\u00e1\u0161\u00ed jasn\u00e9 v\u00fdhody:<\/p>\n<ol>\n<li><strong>Stejn\u00e9 mo\u017enosti:<\/strong> Uzn\u00e1n\u00ed d\u00e1v\u00e1 doty\u010dn\u00e9mu elektrik\u00e1\u0159i naprosto stejn\u00e9 mo\u017enosti pracovat v N\u011bmecku jako elektrik\u00e1\u0159i, kte\u0159\u00ed byli vy\u0161koleni v N\u011bmecku - mezin\u00e1rodn\u00ed kvalifikovan\u00fd pracovn\u00edk m\u00e1 nyn\u00ed ve v\u0161ech ohledech stejn\u00e9 postaven\u00ed jako n\u011bmeck\u00fd kvalifikovan\u00fd pracovn\u00edk.<\/li>\n<li><strong>Potvrzen\u00ed:<\/strong> Elektrik\u00e1\u0159 obdr\u017e\u00ed osv\u011bd\u010den\u00ed, \u017ee jeho vzd\u011bl\u00e1n\u00ed odpov\u00edd\u00e1 n\u011bmeck\u00e9mu vzd\u011bl\u00e1n\u00ed - v n\u011bm\u010din\u011b, \u00fa\u0159edn\u011b potvrzen\u00e9. To doty\u010dn\u00e9mu poskytuje tak\u00e9 vy\u0161\u0161\u00ed \u00farove\u0148 ocen\u011bn\u00ed.<\/li>\n<li><strong>Transparentnost:<\/strong> List o uzn\u00e1n\u00ed potvrzuje, \u017ee \u0161kolen\u00ed je pro danou osobu rovnocenn\u00e9 n\u011bmeck\u00e9mu \u0161kolen\u00ed. Jeho kopii mohou p\u0159ilo\u017eit k \u017e\u00e1dosti - firmy \u010dasto toto potvrzen\u00ed o uzn\u00e1n\u00ed v\u00fdslovn\u011b po\u017eaduj\u00ed.<\/li>\n<li><strong>Zrychlen\u00e9 hled\u00e1n\u00ed pr\u00e1ce:<\/strong> D\u00edky certifik\u00e1tu je mnohem snaz\u0161\u00ed naj\u00edt si v N\u011bmecku pr\u00e1ci, ani\u017e byste museli d\u011blat kompromisy ohledn\u011b rovnocennosti.<\/li>\n<li><strong>Snadn\u011bj\u0161\u00ed v\u00fdstup:<\/strong> S uzn\u00e1n\u00edm je snaz\u0161\u00ed ud\u011blat kari\u00e9ru - postoupit na vy\u0161\u0161\u00ed pozici, a t\u00edm i do vy\u0161\u0161\u00ed platov\u00e9 t\u0159\u00eddy.<\/li>\n<li><strong>Mistr \u0159emesln\u00edk a samostatn\u00e1 v\u00fdd\u011ble\u010dn\u00e1 \u010dinnost:<\/strong> V n\u00e1vaznosti na tuto rovnocennost lze nyn\u00ed absolvovat i dal\u0161\u00ed vzd\u011bl\u00e1v\u00e1n\u00ed, kter\u00e9 umo\u017en\u00ed z\u00edskat titul mistra \u0159emesla. Po jeho \u00fasp\u011b\u0161n\u00e9m absolvov\u00e1n\u00ed se otev\u00edr\u00e1 cesta k samostatn\u00e9 v\u00fdd\u011ble\u010dn\u00e9 \u010dinnosti.<\/li>\n<li><strong>Uzn\u00e1n\u00ed mistra:<\/strong> Pokud ji\u017e m\u00e1te kvalifikaci na \u00farovni mistra \u0159emesln\u00edka ze zahrani\u010d\u00ed, m\u016f\u017ee v\u00e1m b\u00fdt tak\u00e9 uzn\u00e1na - to v\u00e1m otev\u0159e cestu ke v\u0161em mo\u017enostem, v\u010detn\u011b samostatn\u00e9 v\u00fdd\u011ble\u010dn\u00e9 \u010dinnosti a titulu mistra \u0159emesln\u00edka.<\/li>\n<li><strong>Pracovn\u00ed povolen\u00ed a hled\u00e1n\u00ed pr\u00e1ce:<\/strong> Pokud doty\u010dn\u00fd kvalifikovan\u00fd pracovn\u00edk poch\u00e1z\u00ed ze t\u0159et\u00ed zem\u011b, je form\u00e1ln\u00ed uzn\u00e1n\u00ed nezbytnou podm\u00ednkou pro z\u00edsk\u00e1n\u00ed povolen\u00ed ke vstupu do zem\u011b a pr\u00e1ci.<\/li>\n<\/ol>\n<h2>Jak prob\u00edh\u00e1 proces profesn\u00edho uzn\u00e1v\u00e1n\u00ed?<\/h2>\n<p>K zah\u00e1jen\u00ed a \u00fasp\u011b\u0161n\u00e9mu ukon\u010den\u00ed \u0159\u00edzen\u00ed je t\u0159eba podniknout \u0159adu krok\u016f. Za\u010d\u00edn\u00e1 to pod\u00e1n\u00edm \u017e\u00e1dosti a souvisej\u00edc\u00edch dokument\u016f p\u0159\u00edslu\u0161n\u00e9mu \u00fa\u0159adu - osobn\u011b na m\u00edst\u011b, po\u0161tou s kopiemi dokument\u016f nebo elektronicky e-mailem. N\u011bkter\u00e9 \u00fa\u0159ady nab\u00edzej\u00ed tak\u00e9 online port\u00e1l.<\/p>\n<p>Velkou pomoc p\u0159i pod\u00e1v\u00e1n\u00ed \u017e\u00e1dost\u00ed nab\u00edzej\u00ed p\u0159\u00edslu\u0161n\u00e9 \u0159emesln\u00e9 a \u017eivnostensk\u00e9 komory. P\u0159ed pod\u00e1n\u00edm \u017e\u00e1dosti je t\u0159eba vyu\u017e\u00edt p\u0159\u00edslu\u0161n\u00e9 poradenstv\u00ed, aby byl proces co nejrychleji \u00fasp\u011b\u0161n\u00fd.<\/p>\n<p>P\u0159\u00edslu\u0161n\u00fd org\u00e1n pot\u00e9 do jednoho m\u011bs\u00edce potvrd\u00ed p\u0159ijet\u00ed \u017e\u00e1dosti a dokument\u016f. Zkoum\u00e1n\u00ed pak bude dokon\u010deno do t\u0159\u00ed m\u011bs\u00edc\u016f. Mo\u017en\u00e9 jsou t\u0159i v\u00fdsledky:<\/p>\n<h3>V\u00fdsledek 1: Uzn\u00e1v\u00e1n\u00ed odborn\u00e9 kvalifikace<\/h3>\n<p>Nejlep\u0161\u00ed v\u00fdsledek: Je potvrzeno, \u017ee zahrani\u010dn\u00ed \u0161kolen\u00ed elektrik\u00e1\u0159\u016f m\u00e1 odbornou kvalifikaci, kter\u00e1 spl\u0148uje n\u011bmeck\u00e9 po\u017eadavky. Doty\u010dn\u00fd m\u00e1 nyn\u00ed stejn\u00e1 pr\u00e1va jako kter\u00fdkoli jin\u00fd elektrik\u00e1\u0159 s n\u011bmeckou kvalifikac\u00ed.<\/p>\n<h3>V\u00fdsledek 2: \u010c\u00e1ste\u010dn\u00e9 rozpozn\u00e1n\u00ed<\/h3>\n<p>To potvrzuje, \u017ee \u010d\u00e1st odborn\u00e9ho vzd\u011bl\u00e1v\u00e1n\u00ed odpov\u00edd\u00e1 po\u017eadavk\u016fm n\u011bmeck\u00e9ho vzd\u011bl\u00e1v\u00e1n\u00ed, ale \u017ee jin\u00e9 \u010d\u00e1sti vykazuj\u00ed zna\u010dn\u00e9 rozd\u00edly. Ty nelze kompenzovat jinou kvalifikac\u00ed nebo st\u00e1vaj\u00edc\u00ed odbornou prax\u00ed. Osv\u011bd\u010den\u00ed popisuje existuj\u00edc\u00ed rozd\u00edly - je pak mo\u017en\u00e9 vz\u00edt si tzv. adapta\u010dn\u00ed kvalifikaci a podat novou \u017e\u00e1dost.<\/p>\n<h3>V\u00fdsledek 3: \u017d\u00e1dn\u00e9 uzn\u00e1n\u00ed<\/h3>\n<p>Pokud nen\u00ed uzn\u00e1na, znamen\u00e1 to, \u017ee kvalifikace pro v\u00fdkon povol\u00e1n\u00ed v \u017e\u00e1dn\u00e9m p\u0159\u00edpad\u011b neodpov\u00edd\u00e1 po\u017eadavk\u016fm n\u011bmeck\u00e9ho vzd\u011bl\u00e1v\u00e1n\u00ed - rozd\u00edly jsou p\u0159\u00edli\u0161 velk\u00e9. Proti tomuto rozhodnut\u00ed lze v p\u0159\u00edpad\u011b pot\u0159eby podniknout pr\u00e1vn\u00ed kroky. Neuzn\u00e1n\u00ed v\u0161ak neznamen\u00e1 konec sv\u011bta.<\/p>\n<h2>Co kdy\u017e bylo elektrik\u00e1\u0159i ud\u011bleno pouze \u010d\u00e1ste\u010dn\u00e9 uzn\u00e1n\u00ed?<\/h2>\n<p>Pokud je elektrik\u00e1\u0159 ji\u017e v N\u011bmecku, m\u016f\u017ee zde vykon\u00e1vat svou profesi i bez uzn\u00e1n\u00ed. V p\u0159\u00edpad\u011b \u010d\u00e1ste\u010dn\u00e9ho uzn\u00e1n\u00ed existuje je\u0161t\u011b mo\u017enost adapta\u010dn\u00ed kvalifikace.<\/p>\n<p>Pokud doty\u010dn\u00e1 osoba je\u0161t\u011b nen\u00ed v N\u011bmecku, m\u016f\u017ee do zem\u011b vstoupit za \u00fa\u010delem z\u00edsk\u00e1n\u00ed adapta\u010dn\u00ed kvalifikace. I \u010d\u00e1ste\u010dn\u00e9 uzn\u00e1n\u00ed m\u00e1 tu v\u00fdhodu, \u017ee zam\u011bstnavatel\u00e9 mohou l\u00e9pe porozum\u011bt st\u00e1vaj\u00edc\u00ed kvalifikaci - a zajistit dal\u0161\u00ed vzd\u011bl\u00e1v\u00e1n\u00ed, kter\u00e9 poskytuje dostate\u010dnou kvalifikaci.<\/p>\n<h2>Postup pro opo\u017ed\u011bn\u00e9 repatrianty<\/h2>\n<p>Existuj\u00ed dva postupy pro uzn\u00e1n\u00ed repatriace etnick\u00fdch N\u011bmc\u016f: Zde popsan\u00fd postup a postup podle \u00a7 10 BVFG (Spolkov\u00fd z\u00e1kon o vyhnan\u00fdch). Ten poskytuje dal\u0161\u00ed mo\u017enost, jak z\u00edskat uzn\u00e1n\u00ed, pokud zde popsan\u00fd postup nen\u00ed \u00fasp\u011b\u0161n\u00fd.<\/p>\n<h2>\u010c\u00e1ste\u010dn\u00e9 \u0161kolen\u00ed v zahrani\u010d\u00ed<\/h2>\n<p>Pokud st\u00e1vaj\u00edc\u00ed odborn\u00e1 kvalifikace ze zahrani\u010d\u00ed nen\u00ed v N\u011bmecku uzn\u00e1v\u00e1na nebo je uzn\u00e1v\u00e1na pouze \u010d\u00e1ste\u010dn\u011b, je mo\u017en\u00e9 absolvovat odbornou p\u0159\u00edpravu v zahrani\u010d\u00ed - standardizovan\u00fdmi postupy, kter\u00e9 jsou v N\u011bmecku uzn\u00e1v\u00e1ny:<\/p>\n<ul>\n<li><strong>Proces EuroSkill-plus:<\/strong> St\u00e1\u017eist\u00e9 ve Velk\u00e9 Brit\u00e1nii, It\u00e1lii, \u0160pan\u011blsku a \u010cesk\u00e9 republice mohou absolvovat st\u00e1\u017ee v zahrani\u010d\u00ed, kter\u00e9 jsou v N\u011bmecku uzn\u00e1v\u00e1ny. Tyto st\u00e1\u017ee trvaj\u00ed 4 t\u00fddny a jsou k dispozici v Plymouthu (Spojen\u00e9 kr\u00e1lovstv\u00ed), Brescii (It\u00e1lie), Barcelon\u011b (\u0160pan\u011blsko) a Strakonic\u00edch (\u010cesk\u00e1 republika).<\/li>\n<li><strong>St\u00e1\u017ee v zahrani\u010d\u00ed podle programu Europassistant:<\/strong> Posledn\u00ed 3 t\u00fddny.<\/li>\n<\/ul>\n<p>Adapta\u010dn\u00ed kurzy jsou \u010dasto na konci uzn\u00e1vac\u00edho \u0159\u00edzen\u00ed. V p\u0159\u00edpad\u011b elektrotechniky se zde vyu\u010duj\u00ed jak praktick\u00e9, tak teoretick\u00e9 znalosti. Adapta\u010dn\u00ed kvalifikace jsou nyn\u00ed nab\u00edzeny tak\u00e9 jako online kurzy - usnad\u0148uj\u00ed tak \u00fa\u010dast a sezn\u00e1men\u00ed s normami, p\u0159edpisy a platn\u00fdmi bezpe\u010dnostn\u00edmi p\u0159edpisy.<\/p>\n<div style=\"background: #f0f0f0; border-left: 4px solid #1a3a5c; padding: 16px; margin: 24px 0;\"><strong>Pozn\u00e1mka pro klienty:<\/strong> Spole\u010dnost Global Business Recruiting zam\u011bstn\u00e1v\u00e1 elektrik\u00e1\u0159e z Polska, Slovenska a \u010cesk\u00e9 republiky na z\u00e1klad\u011b smlouvy. Subdodavatel\u00e9 poskytuj\u00ed bezvadn\u00e9 doklady o kvalifikaci, certifik\u00e1ty a reference. Form\u00e1ln\u00ed profesn\u00ed uzn\u00e1n\u00ed nen\u00ed pro vyu\u017eit\u00ed subdodavatele povinn\u00e9 - odbornou zp\u016fsobilost prov\u011b\u0159ujeme. <a href=\"https:\/\/global-business-recruiting.de\/cs\/poptavka\/\">Vy\u017e\u00e1dejte si elektrik\u00e1\u0159e nyn\u00ed \u2192<\/a><\/div>\n<p><!-- INTERNE VERLINKUNG --><\/p>\n<h2>Podobn\u00e1 t\u00e9mata z elektrotechnick\u00e9ho pr\u016fmyslu<\/h2>\n<ul>\n<li><a href=\"https:\/\/global-business-recruiting.de\/cs\/profese\/elektrikar\/\">Elektrik\u00e1\u0159i z v\u00fdchodn\u00ed Evropy - popt\u00e1vka po subdodavateli<\/a><\/li>\n<li><a href=\"https:\/\/global-business-recruiting.de\/cs\/pobocky\/elektrotechnika\/\">Subdodavatel\u00e9 pro odv\u011btv\u00ed elektrotechniky<\/a><\/li>\n<li><a href=\"https:\/\/global-business-recruiting.de\/cs\/znat\/pravni\/pronajem-pracovni-sily-vs-subdodavky\/\">Do\u010dasn\u00e9 zam\u011bstn\u00e1n\u00ed vs. subdod\u00e1vky - rozd\u00edly<\/a><\/li>\n<li><a href=\"https:\/\/global-business-recruiting.de\/cs\/zeme\/polsko\/\">Elektrik\u00e1\u0159i z Polska<\/a><\/li>\n<li><a href=\"https:\/\/global-business-recruiting.de\/cs\/zeme\/slovensko\/\">Elektrik\u00e1\u0159 ze Slovenska<\/a><\/li>\n<li><a href=\"https:\/\/global-business-recruiting.de\/cs\/zeme\/ceska-republika\/\">Elektrik\u00e1\u0159 z \u010cesk\u00e9 republiky<\/a><\/li>\n<\/ul>\n<p><!-- CTA --><\/p>\n<\/div><\/div><\/div><\/div><\/div><\/div><\/section>","protected":false},"excerpt":{"rendered":"Hat ein Elektriker einen Berufsabschluss aus dem Ausland, stellt sich die Frage, ob eine Anerkennung des Abschlusses in Deutschland zwingend erforderlich ist. Die Rechtslage ist hier differenziert: Nicht f\u00fcr alle Berufsabschl\u00fcsse muss ein Anerkennungsverfahren durchlaufen werden \u2013 und das hat direkte Konsequenzen f\u00fcr Subunternehmer und Fachkr\u00e4fte aus Osteuropa. Ist der Elektriker-Beruf in Deutschland reglementiert? Ist...","protected":false},"author":1,"featured_media":10531,"parent":9347,"menu_order":0,"comment_status":"closed","ping_status":"closed","template":"","meta":{"_acf_changed":false,"footnotes":""},"class_list":["post-9739","page","type-page","status-publish","has-post-thumbnail","hentry"],"acf":[],"_links":{"self":[{"href":"https:\/\/global-business-recruiting.de\/cs\/wp-json\/wp\/v2\/pages\/9739","targetHints":{"allow":["GET"]}}],"collection":[{"href":"https:\/\/global-business-recruiting.de\/cs\/wp-json\/wp\/v2\/pages"}],"about":[{"href":"https:\/\/global-business-recruiting.de\/cs\/wp-json\/wp\/v2\/types\/page"}],"author":[{"embeddable":true,"href":"https:\/\/global-business-recruiting.de\/cs\/wp-json\/wp\/v2\/users\/1"}],"replies":[{"embeddable":true,"href":"https:\/\/global-business-recruiting.de\/cs\/wp-json\/wp\/v2\/comments?post=9739"}],"version-history":[{"count":9,"href":"https:\/\/global-business-recruiting.de\/cs\/wp-json\/wp\/v2\/pages\/9739\/revisions"}],"predecessor-version":[{"id":11085,"href":"https:\/\/global-business-recruiting.de\/cs\/wp-json\/wp\/v2\/pages\/9739\/revisions\/11085"}],"up":[{"embeddable":true,"href":"https:\/\/global-business-recruiting.de\/cs\/wp-json\/wp\/v2\/pages\/9347"}],"wp:featuredmedia":[{"embeddable":true,"href":"https:\/\/global-business-recruiting.de\/cs\/wp-json\/wp\/v2\/media\/10531"}],"wp:attachment":[{"href":"https:\/\/global-business-recruiting.de\/cs\/wp-json\/wp\/v2\/media?parent=9739"}],"curies":[{"name":"wp","href":"https:\/\/api.w.org\/{rel}","templated":true}]}}