{"id":9753,"date":"2026-03-07T10:06:14","date_gmt":"2026-03-07T10:06:14","guid":{"rendered":"https:\/\/global-business-recruiting.de\/?page_id=9753"},"modified":"2026-03-29T12:41:14","modified_gmt":"2026-03-29T12:41:14","slug":"smlouva-o-poskytovani-sluzeb-vs-smlouva-o-dilo","status":"publish","type":"page","link":"https:\/\/global-business-recruiting.de\/cs\/wissen\/dienstvertrag-vs-werkvertrag\/","title":{"rendered":"Rozd\u00edly mezi smlouvou o poskytov\u00e1n\u00ed slu\u017eeb a smlouvou o d\u00edlo"},"content":{"rendered":"<section class=\"l-section wpb_row height_custom\"><div class=\"l-section-h i-cf\"><div class=\"g-cols vc_row via_grid cols_1 laptops-cols_inherit tablets-cols_inherit mobiles-cols_1 valign_top type_default stacking_default\"><div class=\"wpb_column vc_column_container\"><div class=\"vc_column-inner\"><div class=\"wpb_text_column\"><div class=\"wpb_wrapper\"><p>Ti, kdo zad\u00e1vaj\u00ed zak\u00e1zky specialist\u016fm nebo extern\u00edm poskytovatel\u016fm slu\u017eeb, \u010dasto stoj\u00ed p\u0159ed ot\u00e1zkou: Jak\u00fd typ smlouvy je ten spr\u00e1vn\u00fd?<span>\u00a0<\/span><strong>Smlouva o poskytov\u00e1n\u00ed slu\u017eeb nebo smlouva o d\u00edlo<\/strong>? Tato volba m\u00e1 v\u00fdznamn\u00fd dopad na odpov\u011bdnost, odm\u011bnu a povinnosti obou stran. \u010cast\u00e1 chyba v praxi: je zvolen nespr\u00e1vn\u00fd typ smlouvy - s pr\u00e1vn\u00edmi a da\u0148ov\u00fdmi d\u016fsledky.<\/p>\n<p>V tomto \u010dl\u00e1nku vysv\u011btl\u00edme nejd\u016fle\u017eit\u011bj\u0161\u00ed rozd\u00edly, kdy je kter\u00e1 smlouva vhodn\u00e1 a co by m\u011bli klienti a dodavatel\u00e9 v\u011bd\u011bt.<\/p>\n<h2>Co je to servisn\u00ed smlouva?<\/h2>\n<p>Smlouva o poskytov\u00e1n\u00ed slu\u017eeb je smlouva, kterou se strana povinn\u00e1 poskytnout slu\u017ebu zavazuje, \u017ee<span>\u00a0<\/span><strong>Poskytov\u00e1n\u00ed slu\u017eeb<\/strong><span>\u00a0<\/span>ani\u017e by byl dlu\u017en\u00fd konkr\u00e9tn\u00ed v\u00fdsledek (\u00a7 611 a\u017e 630 BGB). Smlouva o poskytov\u00e1n\u00ed slu\u017eeb se t\u00fdk\u00e1 poskytov\u00e1n\u00ed \u010dinnost\u00ed nebo slu\u017eeb. Strana povinn\u00e1 poskytovat slu\u017eby neodpov\u00edd\u00e1 za v\u00fdsledek sv\u00e9 pr\u00e1ce, ale pouze za proveden\u00ed dohodnut\u00e9 \u010dinnosti.<\/p>\n<p>Typick\u00e9 p\u0159\u00edklady smluv o poskytov\u00e1n\u00ed slu\u017eeb:<\/p>\n<ul>\n<li><strong>Vzd\u011bl\u00e1n\u00ed:<\/strong><span>\u00a0<\/span>U\u010ditel\u00e9, kte\u0159\u00ed vedou v\u00fduku<\/li>\n<li><strong>Zdravotn\u00ed p\u00e9\u010de:<\/strong><span>\u00a0<\/span>L\u00e9ka\u0159i a o\u0161et\u0159ovatelsk\u00fd person\u00e1l, kte\u0159\u00ed poskytuj\u00ed l\u00e9ka\u0159sk\u00e9 slu\u017eby.<\/li>\n<li><strong>Poradenstv\u00ed:<\/strong><span>\u00a0<\/span>Poradci v oblasti \u0159\u00edzen\u00ed, kte\u0159\u00ed poskytuj\u00ed strategickou nebo provozn\u00ed podporu<\/li>\n<li><strong>IT:<\/strong><span>\u00a0<\/span>Pracovn\u00edci IT podpory, kte\u0159\u00ed poskytuj\u00ed technickou podporu<\/li>\n<\/ul>\n<h2>Co je to smlouva o d\u00edlo?<\/h2>\n<p>Smlouva o d\u00edlo je smlouva, kterou se zhotovitel zavazuje, \u017ee<span>\u00a0<\/span><strong>V\u00fdroba konkr\u00e9tn\u00edho d\u00edla<\/strong><span>\u00a0<\/span>(\u00a7 631 a\u017e 650 BGB). Na rozd\u00edl od smlouvy o poskytov\u00e1n\u00ed slu\u017eeb se smlouva o d\u00edlo zam\u011b\u0159uje na v\u00fdsledek. Zhotovitel dlu\u017e\u00ed objednateli konkr\u00e9tn\u00ed d\u00edlo a odpov\u00edd\u00e1 za jeho bezvadnost a dokon\u010den\u00ed.<\/p>\n<p>Typick\u00e9 p\u0159\u00edklady smluv o d\u00edlo a pracovn\u00ed smlouvy:<\/p>\n<ul>\n<li><strong>stavebnictv\u00ed:<\/strong><span>\u00a0<\/span>V\u00fdstavba budov a infrastrukturn\u00edch projekt\u016f<\/li>\n<li><strong>Stroj\u00edrenstv\u00ed:<\/strong><span>\u00a0<\/span>V\u00fdroba stroj\u016f a syst\u00e9m\u016f<\/li>\n<li><strong>IT:<\/strong><span>\u00a0<\/span>V\u00fdvoj softwarov\u00fdch \u0159e\u0161en\u00ed na m\u00edru<\/li>\n<li><strong>Um\u011bn\u00ed a design:<\/strong><span>\u00a0<\/span>Tvorba um\u011bleck\u00fdch d\u011bl, grafiky nebo marketingov\u00fdch materi\u00e1l\u016f<\/li>\n<\/ul>\n<h2>Co je p\u0159edm\u011btem smlouvy?<\/h2>\n<p>Na str\u00e1nk\u00e1ch<span>\u00a0<\/span><strong>P\u0159edm\u011bt smlouvy o poskytov\u00e1n\u00ed slu\u017eeb<\/strong><span>\u00a0<\/span>je poskytov\u00e1n\u00ed konkr\u00e9tn\u00ed \u010dinnosti nebo slu\u017eby. P\u0159\u00edkladem jsou pracovn\u00ed smlouvy, v nich\u017e zam\u011bstnanec poskytuje svou pracovn\u00ed s\u00edlu, nebo poradensk\u00e9 smlouvy, v nich\u017e konzultant nab\u00edz\u00ed sv\u00e9 odborn\u00e9 znalosti. Strana povinn\u00e1 poskytovat slu\u017eby neodpov\u00edd\u00e1 za \u00fasp\u011bch \u010dinnosti, ale pouze za poskytnut\u00ed dohodnut\u00fdch slu\u017eeb.<\/p>\n<p>Na str\u00e1nk\u00e1ch<span>\u00a0<\/span><strong>P\u0159edm\u011bt smlouvy o d\u00edlo<\/strong><span>\u00a0<\/span>je v\u00fdroba konkr\u00e9tn\u00edho d\u00edla. Pr\u00e1ce m\u016f\u017ee b\u00fdt hmotn\u00e1 (nap\u0159. stavba domu) nebo nehmotn\u00e1 (nap\u0159. vytvo\u0159en\u00ed softwarov\u00e9ho programu). Zhotovitel je odpov\u011bdn\u00fd za kone\u010dn\u00fd v\u00fdsledek a odpov\u00edd\u00e1 za to, \u017ee d\u00edlo spl\u0148uje smluvn\u00ed po\u017eadavky a je bez vad.<\/p>\n<h2>Jak\u00e9 jsou povinnosti z\u00fa\u010dastn\u011bn\u00fdch stran?<\/h2>\n<table>\n<thead>\n<tr>\n<th>Role<\/th>\n<th>Smlouva o poskytov\u00e1n\u00ed slu\u017eeb<\/th>\n<th>Smlouva o d\u00edlo<\/th>\n<\/tr>\n<\/thead>\n<tbody>\n<tr>\n<td><strong>Zhotovitel<\/strong><\/td>\n<td>Mus\u00ed poskytnout dohodnutou slu\u017ebu, ani\u017e by nesl odpov\u011bdnost za konkr\u00e9tn\u00ed v\u00fdsledek.<\/td>\n<td>Mus\u00ed zhotovit dohodnut\u00e9 d\u00edlo bez vad a v\u010das a p\u0159edat je z\u00e1kazn\u00edkovi.<\/td>\n<\/tr>\n<tr>\n<td><strong>Klient<\/strong><\/td>\n<td>je povinen zaplatit dohodnutou odm\u011bnu bez ohledu na \u00fasp\u011b\u0161nost slu\u017eby.<\/td>\n<td>je povinen zaplatit dohodnutou odm\u011bnu, ale a\u017e pot\u00e9, co je d\u00edlo p\u0159evzato a uzn\u00e1no za bezvadn\u00e9.<\/td>\n<\/tr>\n<\/tbody>\n<\/table>\n<h2>Kter\u00e1 smlouva je vhodn\u00e1 pro kter\u00e9 oblasti?<\/h2>\n<p><strong>Smlouvy o poskytov\u00e1n\u00ed slu\u017eeb<\/strong><span>\u00a0<\/span>jsou \u0161iroce vyu\u017e\u00edv\u00e1ny v mnoha odv\u011btv\u00edch, zejm\u00e9na tam, kde se jedn\u00e1 o nep\u0159etr\u017eit\u00e9 poskytov\u00e1n\u00ed slu\u017eeb - nap\u0159\u00edklad ve \u0161kolstv\u00ed, zdravotnictv\u00ed, poradenstv\u00ed a IT podpo\u0159e.<\/p>\n<p><strong>Smlouvy o d\u00edlo<\/strong><span>\u00a0<\/span>se pou\u017e\u00edvaj\u00ed v odv\u011btv\u00edch, kde se jedn\u00e1 o v\u00fdrobu konkr\u00e9tn\u00edho d\u00edla - typicky ve stavebnictv\u00ed, stroj\u00edrenstv\u00ed, v\u00fdvoji IT, um\u011bn\u00ed a designu.<\/p>\n<h2>Srovn\u00e1n\u00ed odpov\u011bdnosti a z\u00e1ruky<\/h2>\n<p>Hlavn\u00ed rozd\u00edl spo\u010d\u00edv\u00e1 v tom, \u017ee<span>\u00a0<\/span><strong>Odpov\u011bdnost<\/strong>V p\u0159\u00edpad\u011b smlouvy o poskytov\u00e1n\u00ed slu\u017eeb je zhotovitel odpov\u011bdn\u00fd pouze za d\u00edlo - pokud nen\u00ed dosa\u017eeno po\u017eadovan\u00e9ho v\u00fdsledku navzdory \u0159\u00e1dn\u00e9mu proveden\u00ed, zhotovitel za n\u011bj neodpov\u00edd\u00e1. V p\u0159\u00edpad\u011b smlouvy o d\u00edlo je naopak zhotovitel odpov\u011bdn\u00fd za v\u00fdsledek. Pokud m\u00e1 d\u00edlo vady, m\u00e1 objednatel pr\u00e1vo na n\u00e1pravu, sn\u00ed\u017een\u00ed ceny nebo n\u00e1hradu \u0161kody.<\/p>\n<p>Z\u00e1konn\u00e1 z\u00e1ru\u010dn\u00ed lh\u016fta pro smlouvy o d\u00edlo a slu\u017eb\u00e1ch je obecn\u011b<span>\u00a0<\/span><strong>2 roky<\/strong><span>\u00a0<\/span>od p\u0159ijet\u00ed (\u00a7 634a BGB), pro budovy 5 let.<\/p>\n<h2>Smlouva o d\u00edlo se subdodavateli - pro\u010d je to spr\u00e1vn\u00e1 volba<\/h2>\n<p>Pro uveden\u00ed subdodavatel\u016f do provozu je t\u0159eba<span>\u00a0<\/span><strong>Smlouva o d\u00edlo a pracovn\u00ed smlouva preferovanou formou smlouvy<\/strong><span>\u00a0<\/span>- a to z dobr\u00e9ho d\u016fvodu: subdodavatel dlu\u017e\u00ed konkr\u00e9tn\u00ed v\u00fdsledek bez vad. Pracuje pod sv\u00fdm odborn\u00fdm dohledem, nese podnikatelsk\u00e9 riziko a odpov\u00edd\u00e1 za vady. Pr\u00e1vo vyd\u00e1vat pokyny z\u016fst\u00e1v\u00e1 na subdodavateli - nikoli na objednateli.<\/p>\n<p>To je tak\u00e9 rozhoduj\u00edc\u00ed rozd\u00edl oproti do\u010dasn\u00e9mu zam\u011bstn\u00e1v\u00e1n\u00ed: v p\u0159\u00edpad\u011b dohody o proveden\u00ed pr\u00e1ce a pracovn\u00ed \u010dinnosti neexistuje za\u010dlen\u011bn\u00ed do organizace podniku klienta, povinnost \u0159\u00eddit se pokyny a pevn\u00e1 pracovn\u00ed doba - v\u0161echny charakteristiky, kter\u00e9 d\u011blaj\u00ed z do\u010dasn\u00e9ho zam\u011bstn\u00e1v\u00e1n\u00ed<span>\u00a0<\/span><a href=\"https:\/\/global-business-recruiting.de\/cs\/znat\/vyhnuti-se-falesnemu-zamestnani\/\">Fale\u0161n\u00e1 samostatn\u00e1 v\u00fdd\u011ble\u010dn\u00e1 \u010dinnost<\/a><span>\u00a0<\/span>vylou\u010dit.<\/p>\n<p><strong>D\u016fle\u017eit\u00e9 pro klienty ve stavebnictv\u00ed:<\/strong><span>\u00a0<\/span>Podle \u00a7 1b n\u011bmeck\u00e9ho z\u00e1kona o do\u010dasn\u00e9m zam\u011bstn\u00e1v\u00e1n\u00ed (A\u00dcG) je pronaj\u00edm\u00e1n\u00ed zam\u011bstnanc\u016f ve stavebnictv\u00ed obecn\u011b zak\u00e1z\u00e1no. Smlouva o d\u00edlo a pracovn\u00ed smlouva se subdodavatelem je zde jedinou pr\u00e1vn\u011b bezpe\u010dnou alternativou. Spole\u010dnost Global Business Recruiting vystavuje v\u0161echny smlouvy o d\u00edlo a pracovn\u00ed smlouvy pr\u00e1vn\u00edky - v souladu se z\u00e1konem a na m\u00edru va\u0161im po\u017eadavk\u016fm.<\/p>\n<h2>Z\u00e1v\u011br: Smlouva o poskytov\u00e1n\u00ed slu\u017eeb nebo smlouva o d\u00edlo?<\/h2>\n<table>\n<thead>\n<tr>\n<th>Krit\u00e9rium<\/th>\n<th>Smlouva o poskytov\u00e1n\u00ed slu\u017eeb<\/th>\n<th>Smlouva o d\u00edlo<\/th>\n<\/tr>\n<\/thead>\n<tbody>\n<tr>\n<td><strong>Due<\/strong><\/td>\n<td>Aktivita<\/td>\n<td>V\u00fdsledek \/ pr\u00e1ce<\/td>\n<\/tr>\n<tr>\n<td><strong>Odpov\u011bdnost<\/strong><\/td>\n<td>Pouze pro v\u00fdkon \u010dinnosti<\/td>\n<td>Pro svobodu od vad a dokon\u010den\u00ed<\/td>\n<\/tr>\n<tr>\n<td><strong>Dlu\u017en\u00e9 odm\u011bny<\/strong><\/td>\n<td>Bez ohledu na \u00fasp\u011bch<\/td>\n<td>Po p\u0159evzet\u00ed d\u00edla<\/td>\n<\/tr>\n<tr>\n<td><strong>Pr\u00e1vo vyd\u00e1vat pokyny<\/strong><\/td>\n<td>\u010casto s klientem<\/td>\n<td>U dodavatele (subdodavatele)<\/td>\n<\/tr>\n<tr>\n<td><strong>Typick\u00e9 pro<\/strong><\/td>\n<td>Poradenstv\u00ed, \u00fadr\u017eba, podpora IT<\/td>\n<td>Stavebnictv\u00ed, pr\u016fmysl, obchod, software<\/td>\n<\/tr>\n<tr>\n<td><strong>Pro subdodavatele<\/strong><\/td>\n<td>Vz\u00e1cn\u00e9<\/td>\n<td>Standardn\u00ed - z\u00e1konem doporu\u010den\u00e9<\/td>\n<\/tr>\n<\/tbody>\n<\/table>\n<hr \/>\n<h2>\u010casto kladen\u00e9 ot\u00e1zky t\u00fdkaj\u00edc\u00ed se smluv o poskytov\u00e1n\u00ed slu\u017eeb a smluv o d\u00edlo<\/h2>\n<\/div><\/div><div class=\"w-separator size_small\"><\/div><div class=\"w-tabs style_default switch_click accordion type_togglable has_scrolling\" style=\"--sections-title-size:inherit\"><div class=\"w-tabs-sections titles-align_none icon_chevron cpos_right\"><div class=\"w-tabs-section\" id=\"pa0d\" itemscope itemprop=\"mainEntity\" itemtype=\"https:\/\/schema.org\/Question\"><button class=\"w-tabs-section-header\" aria-controls=\"content-pa0d\" aria-expanded=\"false\"><div class=\"w-tabs-section-title\" itemprop=\"name\">Jak\u00fd je nejd\u016fle\u017eit\u011bj\u0161\u00ed rozd\u00edl mezi smlouvou o poskytov\u00e1n\u00ed slu\u017eeb a smlouvou o d\u00edlo?<\/div><div class=\"w-tabs-section-control\"><\/div><\/button><div  class=\"w-tabs-section-content\" id=\"content-pa0d\" itemscope itemprop=\"acceptedAnswer\" itemtype=\"https:\/\/schema.org\/Answer\"><div class=\"w-tabs-section-content-h i-cf\" itemprop=\"text\"><div class=\"wpb_text_column\"><div class=\"wpb_wrapper\"><p>V p\u0159\u00edpad\u011b smlouvy o poskytov\u00e1n\u00ed slu\u017eeb je \u010dinnost povinn\u00e1 - bez povinnosti usp\u011bt. V p\u0159\u00edpad\u011b smlouvy o d\u00edlo je dlu\u017en\u00fd konkr\u00e9tn\u00ed v\u00fdsledek bez vad. V p\u0159\u00edpad\u011b smlouvy o d\u00edlo je zhotovitel povinen zajistit, aby d\u00edlo spl\u0148ovalo dohodnut\u00e9 po\u017eadavky.<\/p>\n<\/div><\/div><\/div><\/div><\/div><div class=\"w-tabs-section\" id=\"oadf\" itemscope itemprop=\"mainEntity\" itemtype=\"https:\/\/schema.org\/Question\"><button class=\"w-tabs-section-header\" aria-controls=\"content-oadf\" aria-expanded=\"false\"><div class=\"w-tabs-section-title\" itemprop=\"name\">Kdy je t\u0159eba zvolit smlouvu o d\u00edlo a pracovn\u00ed smlouvu?<\/div><div class=\"w-tabs-section-control\"><\/div><\/button><div  class=\"w-tabs-section-content\" id=\"content-oadf\" itemscope itemprop=\"acceptedAnswer\" itemtype=\"https:\/\/schema.org\/Answer\"><div class=\"w-tabs-section-content-h i-cf\" itemprop=\"text\"><div class=\"wpb_text_column\"><div class=\"wpb_wrapper\"><p>Smlouva o d\u00edlo a slu\u017eb\u00e1ch m\u00e1 smysl, pokud se o\u010dek\u00e1v\u00e1 jasn\u011b definovateln\u00fd v\u00fdsledek - nap\u0159. v\u00fdstavba budovy, v\u00fdvoj softwaru nebo instalace syst\u00e9mu. Z\u00e1kazn\u00edk plat\u00ed a\u017e po \u00fasp\u011b\u0161n\u00e9m p\u0159evzet\u00ed.<\/p>\n<\/div><\/div><\/div><\/div><\/div><div class=\"w-tabs-section\" id=\"tba9\" itemscope itemprop=\"mainEntity\" itemtype=\"https:\/\/schema.org\/Question\"><button class=\"w-tabs-section-header\" aria-controls=\"content-tba9\" aria-expanded=\"false\"><div class=\"w-tabs-section-title\" itemprop=\"name\">Lze pracovn\u00ed smlouvu zm\u011bnit na dohodu o proveden\u00ed pr\u00e1ce?<\/div><div class=\"w-tabs-section-control\"><\/div><\/button><div  class=\"w-tabs-section-content\" id=\"content-tba9\" itemscope itemprop=\"acceptedAnswer\" itemtype=\"https:\/\/schema.org\/Answer\"><div class=\"w-tabs-section-content-h i-cf\" itemprop=\"text\"><div class=\"wpb_text_column\"><div class=\"wpb_wrapper\"><p>Ano, pokud s t\u00edm ob\u011b strany souhlas\u00ed. Rozhoduj\u00edc\u00ed je, co je dohodnuto ve smlouv\u011b a jak vypad\u00e1 skute\u010dn\u00e1 spolupr\u00e1ce. V p\u0159\u00edpad\u011b pochybnost\u00ed rozhoduj\u00ed soudy na z\u00e1klad\u011b skute\u010dn\u00e9 praxe, nikoli pouze na z\u00e1klad\u011b n\u00e1zvu smlouvy.<\/p>\n<\/div><\/div><\/div><\/div><\/div><div class=\"w-tabs-section\" id=\"mc71\" itemscope itemprop=\"mainEntity\" itemtype=\"https:\/\/schema.org\/Question\"><button class=\"w-tabs-section-header\" aria-controls=\"content-mc71\" aria-expanded=\"false\"><div class=\"w-tabs-section-title\" itemprop=\"name\">Co se stane, kdy\u017e je smlouva o d\u00edlo ozna\u010dena jako smlouva o poskytov\u00e1n\u00ed slu\u017eeb?<\/div><div class=\"w-tabs-section-control\"><\/div><\/button><div  class=\"w-tabs-section-content\" id=\"content-mc71\" itemscope itemprop=\"acceptedAnswer\" itemtype=\"https:\/\/schema.org\/Answer\"><div class=\"w-tabs-section-content-h i-cf\" itemprop=\"text\"><div class=\"wpb_text_column\"><div class=\"wpb_wrapper\"><p>N\u00e1zev smlouvy nen\u00ed rozhoduj\u00edc\u00ed - d\u016fle\u017eit\u00fd je jej\u00ed obsah. Pokud se skute\u010dn\u011b jedn\u00e1 o dlu\u017en\u00e9 d\u00edlo, pou\u017eij\u00ed se ustanoven\u00ed z\u00e1kona o smlouv\u00e1ch o d\u00edlo a o pracovn\u00ed \u010dinnosti, i kdy\u017e se smlouva naz\u00fdv\u00e1 \u201esmlouva o poskytov\u00e1n\u00ed slu\u017eeb\". To m\u016f\u017ee m\u00edt ne\u010dekan\u00e9 d\u016fsledky z hlediska odpov\u011bdnosti.<\/p>\n<\/div><\/div><\/div><\/div><\/div><div class=\"w-tabs-section\" id=\"ed63\" itemscope itemprop=\"mainEntity\" itemtype=\"https:\/\/schema.org\/Question\"><button class=\"w-tabs-section-header\" aria-controls=\"content-ed63\" aria-expanded=\"false\"><div class=\"w-tabs-section-title\" itemprop=\"name\">Jak\u00fd typ smlouvy je obvykl\u00fd pro vyslan\u00e9 odborn\u00edky?<\/div><div class=\"w-tabs-section-control\"><\/div><\/button><div  class=\"w-tabs-section-content\" id=\"content-ed63\" itemscope itemprop=\"acceptedAnswer\" itemtype=\"https:\/\/schema.org\/Answer\"><div class=\"w-tabs-section-content-h i-cf\" itemprop=\"text\"><div class=\"wpb_text_column\"><div class=\"wpb_wrapper\"><p>P\u0159i vys\u00edl\u00e1n\u00ed zahrani\u010dn\u00edch odborn\u00edk\u016f prost\u0159ednictv\u00edm Global Business Recruiting se obvykle vyu\u017e\u00edv\u00e1 smlouva o d\u00edlo a pracovn\u00ed smlouva - zad\u00e1vaj\u00edc\u00ed spole\u010dnost dost\u00e1v\u00e1 jasn\u011b definovanou slu\u017ebu. Je t\u0159eba db\u00e1t na to, aby se spr\u00e1vn\u011b rozli\u0161ovalo mezi n\u00ed a dod\u00e1vkou do\u010dasn\u00fdch pracovn\u00edk\u016f.<\/p>\n<\/div><\/div><\/div><\/div><\/div><\/div><\/div><div class=\"w-separator size_small\"><\/div><div class=\"wpb_text_column\"><div class=\"wpb_wrapper\"><h2>Souvisej\u00edc\u00ed \u010dl\u00e1nky<\/h2>\n<ul>\n<li><a href=\"https:\/\/global-business-recruiting.de\/cs\/znat\/vyhnuti-se-falesnemu-zamestnani\/\">P\u0159edch\u00e1zen\u00ed fale\u0161n\u00e9 samostatn\u00e9 v\u00fdd\u011ble\u010dn\u00e9 \u010dinnosti - kontroln\u00ed seznam pro klienty<\/a><\/li>\n<li><a href=\"https:\/\/global-business-recruiting.de\/cs\/znat\/pronajem-pracovni-sily-vs-subdodavky\/\">Do\u010dasn\u00e9 zam\u011bstn\u00e1n\u00ed vs. subdod\u00e1vky - rozd\u00edly<\/a><\/li>\n<li><a href=\"https:\/\/global-business-recruiting.de\/cs\/znat\/generalni-dodavatel-subdodavatel\/\">Gener\u00e1ln\u00ed dodavatel vs. subdodavatel - role a odpov\u011bdnost<\/a><\/li>\n<li><a href=\"https:\/\/global-business-recruiting.de\/cs\/znat\/certifikat-a1\/\">Certifik\u00e1t A1 - povinn\u00fd pro vysl\u00e1n\u00ed do zahrani\u010d\u00ed<\/a><\/li>\n<li><a href=\"https:\/\/global-business-recruiting.de\/cs\/sluzby\/pracovni-smlouva\/\">Na\u0161e slu\u017eby: Smlouvy o d\u00edlo v souladu s pr\u00e1vn\u00edmi p\u0159edpisy<\/a><\/li>\n<\/ul>\n<\/div><\/div><\/div><\/div><\/div><\/div><\/section>","protected":false},"excerpt":{"rendered":"Wer Fachkr\u00e4fte oder externe Dienstleister beauftragt, steht oft vor der Frage: Welche Vertragsart ist die richtige \u2013\u00a0Dienstvertrag oder Werkvertrag? Die Wahl hat erhebliche Auswirkungen auf Haftung, Verg\u00fctung und die Pflichten beider Seiten. Ein h\u00e4ufiger Fehler in der Praxis: Die falsche Vertragsart wird gew\u00e4hlt \u2013 mit rechtlichen und steuerlichen Konsequenzen. In diesem Artikel erkl\u00e4ren wir die...","protected":false},"author":1,"featured_media":10612,"parent":9347,"menu_order":0,"comment_status":"closed","ping_status":"closed","template":"","meta":{"_acf_changed":false,"footnotes":""},"class_list":["post-9753","page","type-page","status-publish","has-post-thumbnail","hentry"],"acf":[],"_links":{"self":[{"href":"https:\/\/global-business-recruiting.de\/cs\/wp-json\/wp\/v2\/pages\/9753","targetHints":{"allow":["GET"]}}],"collection":[{"href":"https:\/\/global-business-recruiting.de\/cs\/wp-json\/wp\/v2\/pages"}],"about":[{"href":"https:\/\/global-business-recruiting.de\/cs\/wp-json\/wp\/v2\/types\/page"}],"author":[{"embeddable":true,"href":"https:\/\/global-business-recruiting.de\/cs\/wp-json\/wp\/v2\/users\/1"}],"replies":[{"embeddable":true,"href":"https:\/\/global-business-recruiting.de\/cs\/wp-json\/wp\/v2\/comments?post=9753"}],"version-history":[{"count":7,"href":"https:\/\/global-business-recruiting.de\/cs\/wp-json\/wp\/v2\/pages\/9753\/revisions"}],"predecessor-version":[{"id":11332,"href":"https:\/\/global-business-recruiting.de\/cs\/wp-json\/wp\/v2\/pages\/9753\/revisions\/11332"}],"up":[{"embeddable":true,"href":"https:\/\/global-business-recruiting.de\/cs\/wp-json\/wp\/v2\/pages\/9347"}],"wp:featuredmedia":[{"embeddable":true,"href":"https:\/\/global-business-recruiting.de\/cs\/wp-json\/wp\/v2\/media\/10612"}],"wp:attachment":[{"href":"https:\/\/global-business-recruiting.de\/cs\/wp-json\/wp\/v2\/media?parent=9753"}],"curies":[{"name":"wp","href":"https:\/\/api.w.org\/{rel}","templated":true}]}}