{"id":9771,"date":"2026-03-09T05:44:35","date_gmt":"2026-03-09T05:44:35","guid":{"rendered":"https:\/\/global-business-recruiting.de\/?page_id=9771"},"modified":"2026-03-29T12:43:03","modified_gmt":"2026-03-29T12:43:03","slug":"smluvni-dolozky-se-subdodavateli","status":"publish","type":"page","link":"https:\/\/global-business-recruiting.de\/cs\/wissen\/nachunternehmervertrag-klauseln\/","title":{"rendered":"Subdodavatelsk\u00e1 smlouva: 10 d\u016fle\u017eit\u00fdch ustanoven\u00ed ve stavebnictv\u00ed | Global Business Recruiting"},"content":{"rendered":"<section class=\"l-section wpb_row height_custom\"><div class=\"l-section-h i-cf\"><div class=\"g-cols vc_row via_grid cols_1 laptops-cols_inherit tablets-cols_inherit mobiles-cols_1 valign_top type_default stacking_default\"><div class=\"wpb_column vc_column_container\"><div class=\"vc_column-inner\"><div class=\"wpb_text_column\"><div class=\"wpb_wrapper\"><p>V<span>\u00a0<\/span><a href=\"https:\/\/global-business-recruiting.de\/cs\/pobocky\/stavebnictvi\/\">Stavebnictv\u00ed<\/a><span>\u00a0<\/span>rozhoduj\u00edc\u00ed roli hraj\u00ed subdodavatelsk\u00e9 smlouvy. Jednotliv\u00e9 \u00fakoly a odpov\u011bdnosti jsou zde jasn\u011b definov\u00e1ny. Z\u00e1rove\u0148 zaji\u0161\u0165uj\u00ed efektivn\u00ed a \u00fasp\u011b\u0161n\u00e9 dokon\u010den\u00ed projekt\u016f. Tyto smlouvy jsou slo\u017eit\u00e9 a obsahuj\u00ed \u0159adu ustanoven\u00ed a dolo\u017eek, kter\u00e9 je t\u0159eba pe\u010dliv\u011b vypracovat, aby se minimalizovala pr\u00e1vn\u00ed a finan\u010dn\u00ed rizika.<\/p>\n<p>Pr\u00e1vn\u011b vyhovuj\u00edc\u00ed subdodavatelsk\u00e1 smlouva chr\u00e1n\u00ed ob\u011b strany - hlavn\u00edho dodavatele i subdodavatele - a tvo\u0159\u00ed z\u00e1klad pro hladkou realizaci projektu. N\u00ed\u017ee vysv\u011btlujeme 10 nejd\u016fle\u017eit\u011bj\u0161\u00edch sou\u010d\u00e1st\u00ed.<\/p>\n<h2>10 bod\u016f, kter\u00e9 jsou sou\u010d\u00e1st\u00ed subdodavatelsk\u00e9 smlouvy<\/h2>\n<h3>1. smluvn\u00ed strany a definice<\/h3>\n<p>Prvn\u00ed odd\u00edl subdodavatelsk\u00e9 smlouvy by m\u011bl jasn\u011b identifikovat smluvn\u00ed strany a definovat jejich role a povinnosti. Hlavn\u00ed dodavatel je stranou, kter\u00e1 uzav\u0159ela p\u016fvodn\u00ed smlouvu s objednatelem a je odpov\u011bdn\u00e1 za celkovou koordinaci stavebn\u00edho projektu.<\/p>\n<p>Subdodavatel je strana, kter\u00e1 p\u0159eb\u00edr\u00e1 konkr\u00e9tn\u00ed \u00fakoly nebo \u010d\u00e1sti projektu a prov\u00e1d\u00ed je jm\u00e9nem hlavn\u00edho dodavatele. Je d\u016fle\u017eit\u00e9 uv\u00e9st ve smlouv\u011b jasn\u00e9 definice v\u0161ech relevantn\u00edch pojm\u016f, aby se p\u0159ede\u0161lo nedorozum\u011bn\u00edm. Pat\u0159\u00ed sem pojmy jako \u201epr\u00e1ce\", \u201eprojekt\", \u201emateri\u00e1ly\" a \u201edoba pln\u011bn\u00ed\".<\/p>\n<h3>2. popis slu\u017eby subdodavatelsk\u00e1 smlouva v\u00fdstavba<\/h3>\n<p>Popis slu\u017eby je \u00fast\u0159edn\u00ed sou\u010d\u00e1st\u00ed smlouvy se subdodavatelem. Definuje konkr\u00e9tn\u00ed \u00fakoly a slu\u017eby, kter\u00e9 m\u00e1 subdodavatel poskytovat. Jedn\u00e1 se o<\/p>\n<ul>\n<li>P\u0159esn\u00fd a podrobn\u00fd popis prac\u00ed, kter\u00e9 maj\u00ed b\u00fdt provedeny, v\u010detn\u011b v\u0161ech technick\u00fdch specifikac\u00ed a po\u017eadavk\u016f.<\/li>\n<li>Odkaz na v\u0161echny p\u0159\u00edslu\u0161n\u00e9 v\u00fdkresy, pl\u00e1ny a technickou dokumentaci t\u00fdkaj\u00edc\u00ed se pr\u00e1ce subdodavatele.<\/li>\n<li>Specifikace materi\u00e1l\u016f a za\u0159\u00edzen\u00ed, kter\u00e9 maj\u00ed b\u00fdt pou\u017eity, v\u010detn\u011b po\u017eadavk\u016f na kvalitu a norem.<\/li>\n<\/ul>\n<h3>3. doba trv\u00e1n\u00ed smlouvy a harmonogram<\/h3>\n<p>D\u00e9lka trv\u00e1n\u00ed smlouvy a harmonogram jsou rozhoduj\u00edc\u00ed pro zaji\u0161t\u011bn\u00ed v\u010dasn\u00e9ho dokon\u010den\u00ed projektu. Tato \u010d\u00e1st by m\u011bla obsahovat n\u00e1sleduj\u00edc\u00ed \u00fadaje:<\/p>\n<ul>\n<li>Jasn\u00e9 uveden\u00ed data zah\u00e1jen\u00ed a ukon\u010den\u00ed prac\u00ed, v\u010detn\u011b v\u0161ech d\u016fle\u017eit\u00fdch miln\u00edk\u016f.<\/li>\n<li>Podrobn\u00fd harmonogram, kter\u00fd zahrnuje v\u0161echny d\u016fle\u017eit\u00e9 f\u00e1ze projektu a jejich term\u00edny.<\/li>\n<li>ustanoven\u00ed o tom, jak se \u0159e\u0161\u00ed zpo\u017ed\u011bn\u00ed a za jak\u00fdch podm\u00ednek lze prodlou\u017eit lh\u016ftu.<\/li>\n<\/ul>\n<h3>4. odm\u011bna a platebn\u00ed podm\u00ednky<\/h3>\n<p>Odm\u011bna a platebn\u00ed podm\u00ednky jsou kl\u00ed\u010dov\u00fdmi aspekty smlouvy, kter\u00e9 mus\u00ed b\u00fdt jasn\u011b a transparentn\u011b upraveny. To zahrnuje<\/p>\n<ul>\n<li>Stanoven\u00ed celkov\u00e9 \u010d\u00e1stky, kter\u00e1 m\u00e1 b\u00fdt zaplacena za proveden\u00ed d\u00edla.<\/li>\n<li>Podrobn\u00fd spl\u00e1tkov\u00fd kalend\u00e1\u0159, kter\u00fd stanov\u00ed, kdy a za jak\u00fdch podm\u00ednek budou platby prov\u00e1d\u011bny, v\u010detn\u011b z\u00e1lohov\u00fdch plateb, pr\u016fb\u011b\u017en\u00fdch plateb a kone\u010dn\u00e9 platby.<\/li>\n<li>Up\u0159esn\u011bn\u00ed zp\u016fsobu platby, v\u010detn\u011b zp\u016fsobu platby (bankovn\u00ed p\u0159evod, \u0161ek atd.) a lh\u016ft splatnosti.<\/li>\n<li>Ustanoven\u00ed o mo\u017en\u00fdch sr\u00e1\u017ek\u00e1ch a zadr\u017eovac\u00edch pr\u00e1vech hlavn\u00edho dodavatele v p\u0159\u00edpad\u011b, \u017ee d\u00edlo nespl\u0148uje smluvn\u00ed po\u017eadavky.<\/li>\n<\/ul>\n<h3>5 Odpov\u011bdnost a poji\u0161t\u011bn\u00ed<\/h3>\n<p>Aby se minimalizovalo riziko pro ob\u011b strany, m\u011bla by b\u00fdt ustanoven\u00ed o odpov\u011bdnosti a poji\u0161t\u011bn\u00ed jasn\u011b upravena ve smlouv\u011b se subdodavatelem:<\/p>\n<ul>\n<li>Ustanoven\u00ed o odpov\u011bdnosti subdodavatele za \u0161kody vznikl\u00e9 p\u0159i prov\u00e1d\u011bn\u00ed d\u00edla a o odpov\u011bdnosti za prodlen\u00ed a nepln\u011bn\u00ed.<\/li>\n<li>Po\u017eadavky na pojistn\u00e9 smlouvy, kter\u00e9 mus\u00ed subdodavatel uzav\u0159\u00edt, v\u010detn\u011b poji\u0161t\u011bn\u00ed odpov\u011bdnosti, poji\u0161t\u011bn\u00ed stavebn\u00edch prac\u00ed a p\u0159\u00edpadn\u011b poji\u0161t\u011bn\u00ed odpov\u011bdnosti za \u0161kodu zp\u016fsobenou p\u0159i v\u00fdkonu povol\u00e1n\u00ed.<\/li>\n<li>Dolo\u017eky o n\u00e1hrad\u011b \u0161kody, kter\u00e9 chr\u00e1n\u00ed hlavn\u00edho dodavatele p\u0159ed n\u00e1roky t\u0159et\u00edch stran.<\/li>\n<\/ul>\n<h3>6. zaji\u0161t\u011bn\u00ed kvality a p\u0159ej\u00edmka<\/h3>\n<p>Procesy zaji\u0161t\u011bn\u00ed kvality a p\u0159ej\u00edmky jsou kl\u00ed\u010dov\u00e9 pro zaji\u0161t\u011bn\u00ed toho, aby pr\u00e1ce subdodavatele spl\u0148ovala smluvn\u00ed po\u017eadavky:<\/p>\n<ul>\n<li>Definice po\u017eadavk\u016f a norem kvality, kter\u00e9 mus\u00ed subdodavatel spl\u0148ovat.<\/li>\n<li>Ustanoven\u00ed o prov\u00e1d\u011bn\u00ed inspekc\u00ed a zkou\u0161ek pro kontrolu kvality prac\u00ed.<\/li>\n<li>Podrobn\u00fd postup p\u0159ej\u00edmky, kter\u00fd popisuje zp\u016fsob p\u0159ej\u00edmky d\u00edla, v\u010detn\u011b prov\u00e1d\u011bn\u00ed p\u0159ej\u00edmac\u00edch kontrol a vyd\u00e1v\u00e1n\u00ed protokol\u016f o p\u0159ej\u00edmce.<\/li>\n<li>P\u0159edpisy o odpov\u011bdnosti za vady a o odstran\u011bn\u00ed vad ve stanoven\u00e9 lh\u016ft\u011b po p\u0159evzet\u00ed.<\/li>\n<\/ul>\n<h3>7. \u0159\u00edzen\u00ed zm\u011bn<\/h3>\n<p>V pr\u016fb\u011bhu realizace projektu mohou b\u00fdt nutn\u00e9 zm\u011bny. Tento odd\u00edl upravuje zp\u016fsob prov\u00e1d\u011bn\u00ed zm\u011bn:<\/p>\n<ul>\n<li>Form\u00e1ln\u00ed postup pro pod\u00e1v\u00e1n\u00ed \u017e\u00e1dost\u00ed o zm\u011bny smluvn\u00edch slu\u017eeb a jejich schvalov\u00e1n\u00ed.<\/li>\n<li>Pravidla, jak mohou zm\u011bny ovlivnit n\u00e1klady a harmonogram zak\u00e1zky.<\/li>\n<li>Po\u017eadavky na dokumentaci zm\u011bn, v\u010detn\u011b v\u0161ech schv\u00e1len\u00fdch zm\u011bnov\u00fdch p\u0159\u00edkaz\u016f.<\/li>\n<\/ul>\n<h3>8. zru\u0161en\u00ed a vypov\u011bzen\u00ed smlouvy<\/h3>\n<p>Ustanoven\u00ed o odstoupen\u00ed od smlouvy a ukon\u010den\u00ed smlouvy jsou z\u00e1sadn\u00ed pro p\u0159edch\u00e1zen\u00ed pr\u00e1vn\u00edm spor\u016fm:<\/p>\n<ul>\n<li>Jasn\u00e9 vymezen\u00ed d\u016fvod\u016f, na jejich\u017e z\u00e1klad\u011b m\u016f\u017ee b\u00fdt smlouva vypov\u011bzena, a to jak ze strany hlavn\u00edho dodavatele, tak ze strany subdodavatele.<\/li>\n<li>Stanoven\u00ed v\u00fdpov\u011bdn\u00edch lh\u016ft, kter\u00e9 mus\u00ed b\u00fdt dodr\u017eeny.<\/li>\n<li>p\u0159edpisy t\u00fdkaj\u00edc\u00ed se finan\u010dn\u00edch a pr\u00e1vn\u00edch d\u016fsledk\u016f zru\u0161en\u00ed, v\u010detn\u011b vy\u00fa\u010dtov\u00e1n\u00ed poskytnut\u00fdch slu\u017eeb a vr\u00e1cen\u00ed materi\u00e1lu a vybaven\u00ed.<\/li>\n<\/ul>\n<h3>9. \u0159e\u0161en\u00ed spor\u016f<\/h3>\n<p>Pro \u00fa\u010dinn\u00e9 \u0159e\u0161en\u00ed p\u0159\u00edpadn\u00fdch spor\u016f by m\u011bla b\u00fdt do smlouvy zahrnuta ustanoven\u00ed o \u0159e\u0161en\u00ed spor\u016f:<\/p>\n<ul>\n<li>Postup vyjedn\u00e1v\u00e1n\u00ed, kter\u00fd zavazuje strany, aby nejprve dos\u00e1hly dohody prost\u0159ednictv\u00edm jedn\u00e1n\u00ed.<\/li>\n<li>Rozhod\u010d\u00ed dolo\u017eky v p\u0159\u00edpad\u011b ne\u00fasp\u011b\u0161n\u00e9ho vyjedn\u00e1v\u00e1n\u00ed.<\/li>\n<li>Ustanoven\u00ed o soudn\u00ed p\u0159\u00edslu\u0161nosti a m\u00edst\u011b p\u0159\u00edslu\u0161nosti pro soudn\u00ed \u0159\u00edzen\u00ed.<\/li>\n<\/ul>\n<h3>10. obecn\u00e1 ustanoven\u00ed subdodavatelsk\u00e9 smlouvy<\/h3>\n<p>Smlouva by tak\u00e9 m\u011bla obsahovat obecn\u00e1 ustanoven\u00ed, kter\u00e1 upravuj\u00ed d\u016fle\u017eit\u00e9 pr\u00e1vn\u00ed a administrativn\u00ed aspekty:<\/p>\n<ul>\n<li>Ur\u010den\u00ed rozhodn\u00e9ho pr\u00e1va, kter\u00e9 se na smlouvu vztahuje.<\/li>\n<li>Dolo\u017eka o odd\u011blitelnosti, kter\u00e1 zaji\u0161\u0165uje, \u017ee smlouva z\u016fstane platn\u00e1, i kdy\u017e je n\u011bkter\u00e9 ustanoven\u00ed neplatn\u00e9 nebo nevymahateln\u00e9.<\/li>\n<li>Ustanoven\u00ed o d\u016fv\u011brnosti na ochranu citliv\u00fdch informac\u00ed.<\/li>\n<li>Ustanoven\u00ed, \u017ee zm\u011bny a dodatky smlouvy mus\u00ed b\u00fdt provedeny p\u00edsemn\u011b.<\/li>\n<li>Dolo\u017eka potvrzuj\u00edc\u00ed, \u017ee smlouva pln\u011b a s kone\u010dnou platnost\u00ed upravuje v\u0161echny dohody mezi stranami.<\/li>\n<\/ul>\n<h2>Zvl\u00e1\u0161tn\u00ed funkce pro zahrani\u010dn\u00ed subdodavatele<\/h2>\n<p>Pokud jsou vyu\u017e\u00edv\u00e1ni subdodavatel\u00e9 ze zahrani\u010d\u00ed, vznikaj\u00ed dal\u0161\u00ed povinnosti. Zejm\u00e9na je t\u0159eba zajistit, aby vyslan\u00ed pracovn\u00edci dost\u00e1vali n\u011bmeckou minim\u00e1ln\u00ed mzdu a m\u011bli platn\u00fd pr\u016fkaz toto\u017enosti.<span>\u00a0<\/span><a href=\"https:\/\/global-business-recruiting.de\/cs\/znat\/certifikat-a1\/\">Certifik\u00e1t A1<\/a><span>\u00a0<\/span>s sebou. Podle MiLoG ru\u010d\u00ed hlavn\u00ed dodavatel za dodr\u017eov\u00e1n\u00ed t\u011bchto povinnost\u00ed subdodavatelem.<\/p>\n<p>Krom\u011b toho je t\u0159eba db\u00e1t na jasn\u00e9 odli\u0161en\u00ed od do\u010dasn\u00e9ho zam\u011bstn\u00e1n\u00ed - zejm\u00e9na ve stavebnictv\u00ed, kde je p\u0159id\u011blen\u00ed A\u00dcG podle \u00a7 1b A\u00dcG obecn\u011b zak\u00e1z\u00e1no. P\u0159e\u010dt\u011bte si v\u00edce:<span>\u00a0<\/span><a href=\"https:\/\/global-business-recruiting.de\/cs\/znat\/pronajem-pracovni-sily-vs-subdodavky\/\">Do\u010dasn\u00e9 zam\u011bstn\u00e1n\u00ed vs. subdod\u00e1vky<\/a>.<\/p>\n<hr \/>\n<h2>\u010casto kladen\u00e9 ot\u00e1zky t\u00fdkaj\u00edc\u00ed se subdodavatelsk\u00e9 smlouvy<\/h2>\n<\/div><\/div><div class=\"w-separator size_small\"><\/div><div class=\"w-tabs style_default switch_click accordion type_togglable has_scrolling\" style=\"--sections-title-size:inherit\"><div class=\"w-tabs-sections titles-align_none icon_chevron cpos_right\"><div class=\"w-tabs-section\" id=\"q080\" itemscope itemprop=\"mainEntity\" itemtype=\"https:\/\/schema.org\/Question\"><button class=\"w-tabs-section-header\" aria-controls=\"content-q080\" aria-expanded=\"false\"><div class=\"w-tabs-section-title\" itemprop=\"name\">Jak\u00fd je rozd\u00edl mezi subdodavatelskou smlouvou a smlouvou se subdodavatelem?<\/div><div class=\"w-tabs-section-control\"><\/div><\/button><div  class=\"w-tabs-section-content\" id=\"content-q080\" itemscope itemprop=\"acceptedAnswer\" itemtype=\"https:\/\/schema.org\/Answer\"><div class=\"w-tabs-section-content-h i-cf\" itemprop=\"text\"><div class=\"wpb_text_column\"><div class=\"wpb_wrapper\"><p>Tyto term\u00edny se \u010dasto pou\u017e\u00edvaj\u00ed zam\u011bniteln\u011b. Oba ozna\u010duj\u00ed smlouvu mezi hlavn\u00edm dodavatelem a spole\u010dnost\u00ed, kter\u00e1 prov\u00e1d\u00ed d\u00edl\u010d\u00ed slu\u017eby. V n\u011bmeck\u00e9m stavebn\u00edm pr\u00e1vu se \u010dast\u011bji pou\u017e\u00edv\u00e1 term\u00edn \u201esubdodavatel\", zat\u00edmco \u201esubdodavatel\".<\/p>\n<\/div><\/div><\/div><\/div><\/div><div class=\"w-tabs-section\" id=\"o1d3\" itemscope itemprop=\"mainEntity\" itemtype=\"https:\/\/schema.org\/Question\"><button class=\"w-tabs-section-header\" aria-controls=\"content-o1d3\" aria-expanded=\"false\"><div class=\"w-tabs-section-title\" itemprop=\"name\">Mus\u00ed b\u00fdt smlouva se subdodavatelem uzav\u0159ena p\u00edsemn\u011b?<\/div><div class=\"w-tabs-section-control\"><\/div><\/button><div  class=\"w-tabs-section-content\" id=\"content-o1d3\" itemscope itemprop=\"acceptedAnswer\" itemtype=\"https:\/\/schema.org\/Answer\"><div class=\"w-tabs-section-content-h i-cf\" itemprop=\"text\"><div class=\"wpb_text_column\"><div class=\"wpb_wrapper\"><p>P\u00edsemn\u00e1 forma nen\u00ed ze z\u00e1kona vy\u017eadov\u00e1na ve v\u0161ech p\u0159\u00edpadech, ale d\u016frazn\u011b se doporu\u010duje. Pouze p\u00edsemn\u00e1 smlouva vytv\u00e1\u0159\u00ed pr\u00e1vn\u00ed jistotu a chr\u00e1n\u00ed ob\u011b strany v p\u0159\u00edpad\u011b sporu. \u00dastn\u00ed dohody jsou ve stavebnictv\u00ed jen t\u011b\u017eko ov\u011b\u0159iteln\u00e9.<\/p>\n<\/div><\/div><\/div><\/div><\/div><div class=\"w-tabs-section\" id=\"t2d0\" itemscope itemprop=\"mainEntity\" itemtype=\"https:\/\/schema.org\/Question\"><button class=\"w-tabs-section-header\" aria-controls=\"content-t2d0\" aria-expanded=\"false\"><div class=\"w-tabs-section-title\" itemprop=\"name\">Jak\u00e9 poji\u0161t\u011bn\u00ed mus\u00ed m\u00edt subdodavatel ve stavebnictv\u00ed?<\/div><div class=\"w-tabs-section-control\"><\/div><\/button><div  class=\"w-tabs-section-content\" id=\"content-t2d0\" itemscope itemprop=\"acceptedAnswer\" itemtype=\"https:\/\/schema.org\/Answer\"><div class=\"w-tabs-section-content-h i-cf\" itemprop=\"text\"><div class=\"wpb_text_column\"><div class=\"wpb_wrapper\"><p>Zpravidla je vy\u017eadov\u00e1no poji\u0161t\u011bn\u00ed odpov\u011bdnosti za \u0161kodu, poji\u0161t\u011bn\u00ed stavebn\u00edch prac\u00ed a - v z\u00e1vislosti na oboru - poji\u0161t\u011bn\u00ed profesn\u00ed odpov\u011bdnosti. Konkr\u00e9tn\u00ed po\u017eadavky by m\u011bly b\u00fdt uvedeny ve smlouv\u011b.<\/p>\n<\/div><\/div><\/div><\/div><\/div><div class=\"w-tabs-section\" id=\"s3b7\" itemscope itemprop=\"mainEntity\" itemtype=\"https:\/\/schema.org\/Question\"><button class=\"w-tabs-section-header\" aria-controls=\"content-s3b7\" aria-expanded=\"false\"><div class=\"w-tabs-section-title\" itemprop=\"name\">Co se stane, pokud se subdodavatel dostane do platebn\u00ed neschopnosti?<\/div><div class=\"w-tabs-section-control\"><\/div><\/button><div  class=\"w-tabs-section-content\" id=\"content-s3b7\" itemscope itemprop=\"acceptedAnswer\" itemtype=\"https:\/\/schema.org\/Answer\"><div class=\"w-tabs-section-content-h i-cf\" itemprop=\"text\"><div class=\"wpb_text_column\"><div class=\"wpb_wrapper\"><p>Hlavn\u00ed zhotovitel je i nad\u00e1le odpov\u011bdn\u00fd objednateli za celkov\u00e9 pln\u011bn\u00ed. Pr\u00e1ce mus\u00ed nechat prov\u00e9st jin\u00fdm subdodavatelem. Z\u00e1ruky za spln\u011bn\u00ed smlouvy mohou v takov\u00fdch p\u0159\u00edpadech pokr\u00fdt finan\u010dn\u00ed riziko.<\/p>\n<\/div><\/div><\/div><\/div><\/div><div class=\"w-tabs-section\" id=\"f490\" itemscope itemprop=\"mainEntity\" itemtype=\"https:\/\/schema.org\/Question\"><button class=\"w-tabs-section-header\" aria-controls=\"content-f490\" aria-expanded=\"false\"><div class=\"w-tabs-section-title\" itemprop=\"name\">Jak m\u016f\u017ee Global Business Recruiting pomoci se subdodavatelskou smlouvou?<\/div><div class=\"w-tabs-section-control\"><\/div><\/button><div  class=\"w-tabs-section-content\" id=\"content-f490\" itemscope itemprop=\"acceptedAnswer\" itemtype=\"https:\/\/schema.org\/Answer\"><div class=\"w-tabs-section-content-h i-cf\" itemprop=\"text\"><div class=\"wpb_text_column\"><div class=\"wpb_wrapper\"><p>Spole\u010dnost Global Business Recruiting vyd\u00e1v\u00e1 smlouvy se subdodavateli od zku\u0161en\u00fdch pr\u00e1vn\u00edk\u016f - pr\u00e1vn\u011b bezpe\u010dn\u00e9, p\u0159izp\u016fsoben\u00e9 va\u0161im po\u017eadavk\u016fm a v souladu s n\u011bmeck\u00fdm pr\u00e1vem. D\u00edky tomu m\u016f\u017eete s pr\u00e1vn\u00ed jistotou nasazovat kvalifikovanou pracovn\u00ed s\u00edlu z v\u00fdchodn\u00ed Evropy.<\/p>\n<\/div><\/div><\/div><\/div><\/div><\/div><\/div><div class=\"w-separator size_small\"><\/div><div class=\"wpb_text_column\"><div class=\"wpb_wrapper\"><h2>Souvisej\u00edc\u00ed \u010dl\u00e1nky<\/h2>\n<ul>\n<li><a href=\"https:\/\/global-business-recruiting.de\/cs\/znat\/generalni-dodavatel-subdodavatel\/\">Gener\u00e1ln\u00ed dodavatel a subdodavatel - rozd\u00edly a odpov\u011bdnost<\/a><\/li>\n<li><a href=\"https:\/\/global-business-recruiting.de\/cs\/znat\/smlouva-o-poskytovani-sluzeb-vs-smlouva-o-dilo\/\">Smlouva o poskytov\u00e1n\u00ed slu\u017eeb vs. smlouva o d\u00edlo - nejd\u016fle\u017eit\u011bj\u0161\u00ed rozd\u00edly<\/a><\/li>\n<li><a href=\"https:\/\/global-business-recruiting.de\/cs\/znat\/vyhnuti-se-falesnemu-zamestnani\/\">Jak se vyhnout fale\u0161n\u00e9 samostatn\u00e9 v\u00fdd\u011ble\u010dn\u00e9 \u010dinnosti - co by m\u011bly firmy v\u011bd\u011bt<\/a><\/li>\n<li><a href=\"https:\/\/global-business-recruiting.de\/cs\/znat\/certifikat-a1\/\">Certifik\u00e1t A1: Povinn\u00e9 pro vysl\u00e1n\u00ed do zahrani\u010d\u00ed<\/a><\/li>\n<li><a href=\"https:\/\/global-business-recruiting.de\/cs\/znat\/pronajem-pracovni-sily-vs-subdodavky\/\">Do\u010dasn\u00e9 zam\u011bstn\u00e1n\u00ed vs. subdod\u00e1vky<\/a><\/li>\n<\/ul>\n<\/div><\/div><\/div><\/div><\/div><\/div><\/section>","protected":false},"excerpt":{"rendered":"In der\u00a0Bauindustrie\u00a0spielen Nachunternehmervertr\u00e4ge eine entscheidende Rolle. Hier werden die verschiedenen Aufgaben und Verantwortlichkeiten klar definiert. Gleichzeitig wird sichergestellt, dass Projekte effizient und erfolgreich abgeschlossen werden. Diese Vertr\u00e4ge sind komplex und enthalten zahlreiche Klauseln und Bestimmungen, die sorgf\u00e4ltig ausgearbeitet werden m\u00fcssen, um rechtliche und finanzielle Risiken zu minimieren. Ein rechtssicherer Nachunternehmervertrag sch\u00fctzt beide Seiten \u2013 Hauptunternehmer...","protected":false},"author":1,"featured_media":10614,"parent":9347,"menu_order":0,"comment_status":"closed","ping_status":"closed","template":"","meta":{"_acf_changed":false,"footnotes":""},"class_list":["post-9771","page","type-page","status-publish","has-post-thumbnail","hentry"],"acf":[],"_links":{"self":[{"href":"https:\/\/global-business-recruiting.de\/cs\/wp-json\/wp\/v2\/pages\/9771","targetHints":{"allow":["GET"]}}],"collection":[{"href":"https:\/\/global-business-recruiting.de\/cs\/wp-json\/wp\/v2\/pages"}],"about":[{"href":"https:\/\/global-business-recruiting.de\/cs\/wp-json\/wp\/v2\/types\/page"}],"author":[{"embeddable":true,"href":"https:\/\/global-business-recruiting.de\/cs\/wp-json\/wp\/v2\/users\/1"}],"replies":[{"embeddable":true,"href":"https:\/\/global-business-recruiting.de\/cs\/wp-json\/wp\/v2\/comments?post=9771"}],"version-history":[{"count":10,"href":"https:\/\/global-business-recruiting.de\/cs\/wp-json\/wp\/v2\/pages\/9771\/revisions"}],"predecessor-version":[{"id":11333,"href":"https:\/\/global-business-recruiting.de\/cs\/wp-json\/wp\/v2\/pages\/9771\/revisions\/11333"}],"up":[{"embeddable":true,"href":"https:\/\/global-business-recruiting.de\/cs\/wp-json\/wp\/v2\/pages\/9347"}],"wp:featuredmedia":[{"embeddable":true,"href":"https:\/\/global-business-recruiting.de\/cs\/wp-json\/wp\/v2\/media\/10614"}],"wp:attachment":[{"href":"https:\/\/global-business-recruiting.de\/cs\/wp-json\/wp\/v2\/media?parent=9771"}],"curies":[{"name":"wp","href":"https:\/\/api.w.org\/{rel}","templated":true}]}}