{"id":9796,"date":"2026-03-11T09:53:59","date_gmt":"2026-03-11T09:53:59","guid":{"rendered":"https:\/\/global-business-recruiting.de\/?page_id=9796"},"modified":"2026-03-29T12:47:53","modified_gmt":"2026-03-29T12:47:53","slug":"zakazky-zadane-subdodavatelum","status":"publish","type":"page","link":"https:\/\/global-business-recruiting.de\/cs\/wissen\/auftraege-an-subunternehmer-vergeben\/","title":{"rendered":"Zad\u00e1v\u00e1n\u00ed zak\u00e1zek subdodavatel\u016fm: jak u\u0161et\u0159it \u010das a zdroje"},"content":{"rendered":"<section class=\"l-section wpb_row height_custom\"><div class=\"l-section-h i-cf\"><div class=\"g-cols vc_row via_grid cols_1 laptops-cols_inherit tablets-cols_inherit mobiles-cols_1 valign_top type_default stacking_default\"><div class=\"wpb_column vc_column_container\"><div class=\"vc_column-inner\"><div class=\"wpb_text_column\"><div class=\"wpb_wrapper\"><p>M\u00e1te nedostatek zam\u011bstnanc\u016f a pot\u0159ebujete rychl\u00e9 a efektivn\u00ed \u0159e\u0161en\u00ed, abyste u\u0161et\u0159ili \u010das a zdroje a mohli sv\u016fj projekt realizovat v\u010das? Firmy v Bavorsku i v cel\u00e9m N\u011bmecku aktivn\u011b hledaj\u00ed spolehliv\u00e9 subdodavatele pro sv\u00e9 zak\u00e1zky.<\/p>\n<h2>Pro\u010d zad\u00e1vat zak\u00e1zky subdodavatel\u016fm?<\/h2>\n<p>V Bavorsku a N\u011bmecku je mnoho podnik\u016f posti\u017eeno nedostatkem zam\u011bstnanc\u016f. \u010casto se hledaj\u00ed subdodavatel\u00e9, kte\u0159\u00ed by p\u0159evzali aktu\u00e1ln\u00ed zak\u00e1zky. Firmy mohou naj\u00edt vhodn\u00e9 subdodavatele prost\u0159ednictv\u00edm inzer\u00e1t\u016f v inzer\u00e1tech nebo na jin\u00fdch port\u00e1lech. Hled\u00e1n\u00ed vhodn\u00fdch subdodavatel\u016f m\u016f\u017ee vy\u017eadovat \u010das a prost\u0159edky. Proto je vhodn\u00e9 se zaregistrovat, abyste se mohli uch\u00e1zet o zak\u00e1zky. Uzav\u00edr\u00e1n\u00ed subdod\u00e1vek m\u016f\u017ee zv\u00fd\u0161it efektivitu a v\u00e9st k \u00fasp\u011b\u0161n\u00e9 spolupr\u00e1ci. Jasn\u00e9 pracovn\u00ed pokyny a efektivn\u00ed komunikace mohou optimalizovat zpracov\u00e1n\u00ed zak\u00e1zek a kontrolu kvality. V\u00fdb\u011br spr\u00e1vn\u00fdch subdodavatel\u016f hraje z\u00e1sadn\u00ed roli p\u0159i \u00faspo\u0159e \u010dasu a zdroj\u016f a p\u0159i zvy\u0161ov\u00e1n\u00ed efektivity v organizaci.<\/p>\n<h2>Jak\u00e9 jsou v\u00fdhody subdodavatel\u016f pro va\u0161i spole\u010dnost?<\/h2>\n<p>Existuje n\u011bkolik d\u016fvod\u016f, pro\u010d mohou b\u00fdt zak\u00e1zky zad\u00e1ny subdodavatel\u016fm:<\/p>\n<ol>\n<li><strong>\u00dazk\u00e1 m\u00edsta v kapacit\u011b:<\/strong><span>\u00a0<\/span>Pokud spole\u010dnost nem\u00e1 dostatek intern\u00edch zdroj\u016f pro spln\u011bn\u00ed zak\u00e1zky, m\u016f\u017ee b\u00fdt nutn\u00e9 vyu\u017e\u00edt dal\u0161\u00ed pracovn\u00ed s\u00edly od subdodavatel\u016f.<\/li>\n<li><strong>Specializace a odborn\u00e9 znalosti:<\/strong><span>\u00a0<\/span>Subdodavatel\u00e9 se mohou specializovat na ur\u010dit\u00e9 oblasti a b\u00fdt odborn\u00edky ve sv\u00e9m oboru, co\u017e spole\u010dnosti umo\u017e\u0148uje z\u00edskat vysoce kvalitn\u00ed pr\u00e1ci.<\/li>\n<li><strong>\u00daspora n\u00e1klad\u016f:<\/strong><span>\u00a0<\/span>Subdodavatel\u00e9 mohou \u010dasto nab\u00edzet slu\u017eby za v\u00fdhodn\u011bj\u0161\u00ed cenu ne\u017e samotn\u00e1 spole\u010dnost, proto\u017ee mohou m\u00edt ni\u017e\u0161\u00ed provozn\u00ed n\u00e1klady.<\/li>\n<li><strong>Flexibilita:<\/strong><span>\u00a0<\/span>D\u00edky spolupr\u00e1ci se subdodavateli m\u016f\u017ee spole\u010dnost pru\u017en\u011bji reagovat na m\u011bn\u00edc\u00ed se po\u017eadavky a pot\u0159eby.<\/li>\n<li><strong>\u00daspora \u010dasu:<\/strong><span>\u00a0<\/span>D\u00edky subdod\u00e1vk\u00e1m m\u016f\u017ee spole\u010dnost u\u0161et\u0159it \u010das, kter\u00fd by jinak pot\u0159ebovala na n\u00e1bor a \u0161kolen\u00ed dal\u0161\u00edch intern\u00edch zam\u011bstnanc\u016f.<\/li>\n<\/ol>\n<p>V\u00fdhody jsou z\u0159ejm\u00e9: subdod\u00e1vky v\u00e1m umo\u017en\u00ed efektivn\u011bji vyu\u017e\u00edvat zdroje a u\u0161et\u0159it \u010das. Tyto spole\u010dnosti jsou specializovan\u00e9 a maj\u00ed pot\u0159ebn\u00e9 odborn\u00e9 znalosti k profesion\u00e1ln\u00edmu proveden\u00ed prac\u00ed. T\u00edm, \u017ee se soust\u0159ed\u00edte na sv\u00e9 hlavn\u00ed kompetence a n\u011bkter\u00e9 \u00fakoly delegujete na subdodavatele, zv\u00fd\u0161\u00edte efektivitu sv\u00fdch provozn\u00edch proces\u016f. Roz\u0161\u00ed\u0159\u00edte tak\u00e9 svou s\u00ed\u0165 a budete t\u011b\u017eit z flexibility, kterou subdodavatel\u00e9 nab\u00edzej\u00ed. D\u00edky jasn\u00e9 komunikaci a dobr\u00e9 spolupr\u00e1ci m\u016f\u017eete zajistit hladk\u00fd pr\u016fb\u011bh zpracov\u00e1n\u00ed zak\u00e1zek a v\u017edy zaru\u010denou kvalitu pr\u00e1ce. To v\u00e1m umo\u017en\u00ed \u00fasp\u011b\u0161n\u011b optimalizovat va\u0161i spole\u010dnost a z\u00e1rove\u0148 u\u0161et\u0159it \u010das a zdroje.<\/p>\n<h2>Jak vyb\u00edr\u00e1te vhodn\u00e9 subdodavatele pro sv\u00e9 zak\u00e1zky?<\/h2>\n<p>V\u00fdb\u011br vhodn\u00fdch subdodavatel\u016f pro va\u0161e zak\u00e1zky v N\u011bmecku je velmi d\u016fle\u017eit\u00fd. Spole\u010dnosti v<span>\u00a0<\/span><a href=\"https:\/\/global-business-recruiting.de\/cs\/pobocky\/stavebnictvi\/\">Stavebn\u00ed obchod<\/a>,<span>\u00a0<\/span><a href=\"https:\/\/global-business-recruiting.de\/cs\/pobocky\/uklid-zarizeni\/\">\u010ci\u0161t\u011bn\u00ed<\/a><span>\u00a0<\/span>nebo<span>\u00a0<\/span><a href=\"https:\/\/global-business-recruiting.de\/cs\/pobocky\/prumyslova-vyroba\/\">Pr\u016fmysl<\/a>, Subdodavatel\u00e9 by nem\u011bli pouze reagovat na inzer\u00e1ty nebo inzer\u00e1ty, ale m\u011bli by aktivn\u011b vyhled\u00e1vat vhodn\u00e9 spole\u010dnosti. Aktu\u00e1ln\u00ed vyhled\u00e1v\u00e1n\u00ed spolehliv\u00fdch subdodavatel\u016f lze prov\u00e1d\u011bt prost\u0159ednictv\u00edm s\u00edt\u00ed, obchodn\u00edch adres\u00e1\u0159\u016f nebo doporu\u010den\u00ed. P\u0159i vyhled\u00e1v\u00e1n\u00ed byste m\u011bli db\u00e1t na seri\u00f3znost a zku\u0161enosti firem. Hled\u00e1me partnery, kte\u0159\u00ed nejen spln\u00ed zak\u00e1zku, ale tak\u00e9 usiluj\u00ed o dlouhodobou spolupr\u00e1ci. Global Business Recruiting v\u00e1m m\u016f\u017ee poskytnout kvalifikovan\u00e9 a certifikovan\u00e9 subdodavatele z Polska, \u010cesk\u00e9 republiky, Slovenska, Ma\u010farska, Bulharska, Turecka a dal\u0161\u00edch zem\u00ed v\u00fdchodn\u00ed Evropy.<\/p>\n<h2>Jak je zaji\u0161t\u011bna efektivn\u00ed komunikace se subdodavateli?<\/h2>\n<p>Efektivn\u00ed koordinace se subdodavateli je nezbytn\u00e1 pro zaji\u0161t\u011bn\u00ed hladk\u00e9ho pr\u016fb\u011bhu proces\u016f. Z\u00e1kladem \u00fasp\u011b\u0161n\u00e9 spolupr\u00e1ce je jasn\u00e1 komunikace. Doporu\u010duje se domluvit si pravideln\u00e9 sch\u016fzky nebo konferen\u010dn\u00ed hovory k vyjasn\u011bn\u00ed otev\u0159en\u00fdch ot\u00e1zek a projedn\u00e1n\u00ed postupu prac\u00ed. Pro zachov\u00e1n\u00ed transparentnosti informac\u00ed by m\u011bly b\u00fdt vyu\u017e\u00edv\u00e1ny tak\u00e9 p\u00edsemn\u00e9 komunika\u010dn\u00ed kan\u00e1ly, jako jsou e-maily nebo messengery. Dob\u0159e strukturovan\u00fd komunika\u010dn\u00ed pl\u00e1n m\u016f\u017ee zabr\u00e1nit nedorozum\u011bn\u00edm a zv\u00fd\u0161it produktivitu. Definov\u00e1n\u00ed odpov\u011bdnost\u00ed a dostupnosti je z\u00e1sadn\u00ed, aby bylo mo\u017en\u00e9 rychle reagovat na dotazy. Jasn\u00e1 a efektivn\u00ed komunikace m\u016f\u017ee minimalizovat nedorozum\u011bn\u00ed a optimalizovat kvalitu pr\u00e1ce.<\/p>\n<h2>Na co si d\u00e1t pozor p\u0159i zad\u00e1v\u00e1n\u00ed zak\u00e1zek subdodavatel\u016fm?<\/h2>\n<p>P\u0159i zad\u00e1v\u00e1n\u00ed zak\u00e1zek subdodavatel\u016fm byste m\u011bli v\u011bnovat zvl\u00e1\u0161tn\u00ed pozornost transparentnosti a spolehlivosti. Jasn\u00e9 dohody t\u00fdkaj\u00edc\u00ed se slu\u017eeb, term\u00edn\u016f a kvality jsou z\u00e1sadn\u00ed, aby se p\u0159ede\u0161lo nedorozum\u011bn\u00edm. Doporu\u010duje se prov\u011b\u0159it reference subdodavatel\u016f a pe\u010dliv\u011b vypracovat smluvn\u00ed p\u0159edpisy. Kl\u00ed\u010dovou roli hraje tak\u00e9 komunikace: pravideln\u00e9 dohody a otev\u0159en\u00fd dialog podporuj\u00ed hladkou spolupr\u00e1ci. Vyvarujte se rozhodov\u00e1n\u00ed v kr\u00e1tk\u00e9m \u010dasov\u00e9m horizontu a v\u011bnujte \u010das v\u00fdb\u011bru nejlep\u0161\u00edho mo\u017en\u00e9ho partnera pro va\u0161e zak\u00e1zky. Profesion\u00e1ln\u00edm v\u00fdb\u011brem a jasnou komunikac\u00ed m\u016f\u017eete zajistit kvalitu sv\u00fdch slu\u017eeb a vybudovat dlouhodob\u00e9 partnerstv\u00ed. Ujist\u011bte se, \u017ee subdodavatel\u00e9 sd\u00edlej\u00ed va\u0161e firemn\u00ed hodnoty a zapadaj\u00ed do celkov\u00e9ho sm\u011b\u0159ov\u00e1n\u00ed va\u0161\u00ed spole\u010dnosti.<\/p>\n<h2>Jak\u00e9 smluvn\u00ed dohody pot\u0159ebujete se subdodavateli?<\/h2>\n<p>P\u0159i zad\u00e1v\u00e1n\u00ed zak\u00e1zek subdodavatel\u016fm je z\u00e1sadn\u00ed uzav\u00edrat jasn\u00e9 a z\u00e1vazn\u00e9 smluvn\u00ed dohody. Tyto dohody by m\u011bly zahrnovat v\u0161echny relevantn\u00ed podrobnosti smlouvy, v\u010detn\u011b po\u017eadavk\u016f na pln\u011bn\u00ed, \u010dasov\u00fdch r\u00e1mc\u016f, platebn\u00edch podm\u00ednek a ot\u00e1zek odpov\u011bdnosti. Jasn\u00e9 smlouvy minimalizuj\u00ed riziko nedorozum\u011bn\u00ed a umo\u017e\u0148uj\u00ed transparentn\u00ed a efektivn\u00ed spolupr\u00e1ci se subdodavateli. Pro va\u0161i spole\u010dnost i pro subdodavatele je d\u016fle\u017eit\u00e9, aby v\u0161echny strany m\u011bly jasn\u011b definovan\u00e9 sv\u00e9 povinnosti a pr\u00e1va, a p\u0159ede\u0161lo se tak p\u0159\u00edpadn\u00fdm konflikt\u016fm nebo probl\u00e9m\u016fm.<\/p>\n<p>V\u00edce o nejd\u016fle\u017eit\u011bj\u0161\u00edch smluvn\u00edch ustanoven\u00edch:<span>\u00a0<\/span><a href=\"https:\/\/global-business-recruiting.de\/cs\/znat\/smluvni-dolozky-se-subdodavateli\/\">Z\u00e1kladn\u00ed sou\u010d\u00e1sti smluv se subdodavateli<\/a><span>\u00a0<\/span>a<span>\u00a0<\/span><a href=\"https:\/\/global-business-recruiting.de\/cs\/znat\/smlouva-o-poskytovani-sluzeb-vs-smlouva-o-dilo\/\">Smlouva o poskytov\u00e1n\u00ed slu\u017eeb vs. smlouva o d\u00edlo<\/a>.<\/p>\n<h2>Jak\u00fd v\u00fdznam maj\u00ed jasn\u00e9 pracovn\u00ed pokyny pro subdodavatele?<\/h2>\n<p>Z\u00e1kladem \u00fasp\u011b\u0161n\u00e9 spolupr\u00e1ce se subdodavateli jsou jasn\u00e9 pracovn\u00ed pokyny. P\u0159esn\u00e9 pokyny zaji\u0161\u0165uj\u00ed nejen kvalitu pr\u00e1ce, ale tak\u00e9 efektivitu cel\u00e9ho procesu. Subdodavatel\u00e9 pot\u0159ebuj\u00ed jasn\u00e9 pokyny, aby mohli optim\u00e1ln\u011b plnit sv\u00e9 \u00fakoly a p\u0159edej\u00edt nedorozum\u011bn\u00edm. Zajist\u011bte, aby byly jasn\u011b sd\u011bleny v\u0161echny podrobnosti zak\u00e1zky, v\u010detn\u011b term\u00edn\u016f, specifick\u00fdch po\u017eadavk\u016f a standard\u016f kvality. Podrobn\u00e9 p\u00edsemn\u00e9 pracovn\u00ed instrukce mohou od po\u010d\u00e1tku zabr\u00e1nit nedorozum\u011bn\u00edm a p\u0159isp\u011bt k hladk\u00e9mu pr\u016fb\u011bhu zak\u00e1zky. Nezapome\u0148te poskytovat pravidelnou zp\u011btnou vazbu a podle pot\u0159eby pracovn\u00ed instrukce upravovat, aby spolupr\u00e1ce z\u016fstala efektivn\u00ed.<\/p>\n<h2>Jak je zaji\u0161t\u011bno zpracov\u00e1n\u00ed zak\u00e1zek a kontrola kvality u subdodavatel\u016f?<\/h2>\n<p>Hladk\u00e9 zpracov\u00e1n\u00ed zak\u00e1zek a \u00fa\u010dinn\u00e1 kontrola kvality subdodavatel\u016f jsou pro \u00fasp\u011bch va\u0161\u00ed spole\u010dnosti z\u00e1sadn\u00ed. Jasn\u00e9 pracovn\u00ed pokyny a pravideln\u00e9 kontroly zaji\u0161\u0165uj\u00ed profesion\u00e1ln\u00ed proveden\u00ed zak\u00e1zek. Kl\u00ed\u010dov\u00e1 je zde komunikace, aby se p\u0159ede\u0161lo nedorozum\u011bn\u00edm a jasn\u011b se definovala o\u010dek\u00e1v\u00e1n\u00ed. Pravideln\u00e1 kola zp\u011btn\u00e9 vazby v\u00e1m umo\u017en\u00ed rychle reagovat na p\u0159\u00edpadn\u00e9 probl\u00e9my a v p\u0159\u00edpad\u011b pot\u0159eby prov\u00e9st \u00fapravy. Nezapome\u0148te podrobn\u011b zaznamen\u00e1vat smluvn\u00ed ujedn\u00e1n\u00ed, abyste zajistili pr\u00e1vn\u00ed jistotu. Transparentn\u00ed n\u00e1vrh procesu pom\u00e1h\u00e1 efektivn\u011b organizovat spolupr\u00e1ci a zajistit standardy kvality.<\/p>\n<h2>Jak u\u0161et\u0159\u00edte \u010das a zdroje?<\/h2>\n<p>Efektivita je v dne\u0161n\u00edm sv\u011bt\u011b podnik\u00e1n\u00ed kl\u00ed\u010dem k \u00fasp\u011bchu. C\u00edlenou optimalizac\u00ed proces\u016f m\u016f\u017eete u\u0161et\u0159it nejen \u010das, ale i cenn\u00e9 zdroje. Pokud jde o subdod\u00e1vky, je z\u00e1sadn\u00ed strukturovan\u00fd p\u0159\u00edstup. Definujte jasn\u00e9 opera\u010dn\u00ed postupy a komunika\u010dn\u00ed kan\u00e1ly, abyste p\u0159ede\u0161li nedorozum\u011bn\u00edm a zv\u00fd\u0161ili efektivitu. Stanovte si spole\u010dn\u011b se subdodavateli jasn\u00e9 c\u00edle a pravideln\u011b kontrolujte dosa\u017een\u00fd pokrok. Zam\u011b\u0159en\u00edm se na transparentn\u00ed zpracov\u00e1n\u00ed zak\u00e1zek a kontrolu kvality zajist\u00edte hladkou spolupr\u00e1ci a optim\u00e1ln\u00ed v\u00fdsledky.<\/p>\n<h2>Z\u00e1v\u011br: \u00dasp\u011b\u0161n\u00e1 spolupr\u00e1ce se subdodavateli<\/h2>\n<p>Zvy\u0161ov\u00e1n\u00ed efektivity je v dne\u0161n\u00edm sv\u011bt\u011b podnik\u00e1n\u00ed kl\u00ed\u010dem k \u00fasp\u011bchu. Spoluprac\u00ed se subdodavateli m\u016f\u017eete nejen u\u0161et\u0159it \u010das a zdroje, ale tak\u00e9 zlep\u0161it kvalitu sv\u00fdch slu\u017eeb. Jasn\u00e9 pracovn\u00ed pokyny a efektivn\u00ed komunikace jsou kl\u00ed\u010dov\u00e9 pro hladk\u00e9 pln\u011bn\u00ed zak\u00e1zek. Firmy v Bavorsku i v cel\u00e9m N\u011bmecku aktivn\u011b hledaj\u00ed spolehliv\u00e9 subdodavatele pro \u00fasp\u011b\u0161nou realizaci sv\u00fdch projekt\u016f. Stanoven\u00edm jasn\u00fdch smluvn\u00edch ujedn\u00e1n\u00ed a zaji\u0161t\u011bn\u00edm kontroly kvality m\u016f\u017eete minimalizovat riziko nedorozum\u011bn\u00ed. Spr\u00e1vn\u00fdm v\u00fdb\u011brem a efektivn\u00ed spoluprac\u00ed m\u016f\u017eete dos\u00e1hnout sv\u00fdch obchodn\u00edch c\u00edl\u016f a pos\u00edlit svou konkurenceschopnost.<\/p>\n<h2>\u010casto kladen\u00e9 ot\u00e1zky o subdod\u00e1vk\u00e1ch<\/h2>\n<\/div><\/div><div class=\"w-separator size_small\"><\/div><div class=\"w-tabs style_default switch_click accordion type_togglable has_scrolling\" style=\"--sections-title-size:inherit\"><div class=\"w-tabs-sections titles-align_none icon_chevron cpos_right\"><div class=\"w-tabs-section\" id=\"fe67\" itemscope itemprop=\"mainEntity\" itemtype=\"https:\/\/schema.org\/Question\"><button class=\"w-tabs-section-header\" aria-controls=\"content-fe67\" aria-expanded=\"false\"><div class=\"w-tabs-section-title\" itemprop=\"name\">Jak z\u00edsk\u00e1m zak\u00e1zky jako subdodavatel?<\/div><div class=\"w-tabs-section-control\"><\/div><\/button><div  class=\"w-tabs-section-content\" id=\"content-fe67\" itemscope itemprop=\"acceptedAnswer\" itemtype=\"https:\/\/schema.org\/Answer\"><div class=\"w-tabs-section-content-h i-cf\" itemprop=\"text\"><div class=\"wpb_text_column\"><div class=\"wpb_wrapper\"><p>Jako subdodavatel m\u016f\u017eete z\u00edskat zak\u00e1zky r\u016fzn\u00fdmi zp\u016fsoby. Za prv\u00e9 je d\u016fle\u017eit\u00e9 vybudovat si profesion\u00e1ln\u00ed s\u00ed\u0165. To znamen\u00e1 nav\u00e1zat kontakty s potenci\u00e1ln\u00edmi klienty a prezentovat se jako spolehliv\u00fd partner. U\u017eite\u010dn\u00e9 je tak\u00e9 zaregistrovat se na kontrakta\u010dn\u00edch platform\u00e1ch a aktivn\u011b tam vyhled\u00e1vat vhodn\u00e9 zak\u00e1zky. Global Business Recruiting je zku\u0161en\u00fd poskytovatel person\u00e1ln\u00edch slu\u017eeb, kter\u00fd se specializuje na subdodavatelsk\u00e9 zak\u00e1zky z Polska, Slovenska, \u010cesk\u00e9 republiky a v\u00fdchodn\u00ed Evropy.<\/p>\n<\/div><\/div><\/div><\/div><\/div><div class=\"w-tabs-section\" id=\"jf3e\" itemscope itemprop=\"mainEntity\" itemtype=\"https:\/\/schema.org\/Question\"><button class=\"w-tabs-section-header\" aria-controls=\"content-jf3e\" aria-expanded=\"false\"><div class=\"w-tabs-section-title\" itemprop=\"name\">Kde mohu z\u00edskat pr\u00e1ci jako subdodavatel?<\/div><div class=\"w-tabs-section-control\"><\/div><\/button><div  class=\"w-tabs-section-content\" id=\"content-jf3e\" itemscope itemprop=\"acceptedAnswer\" itemtype=\"https:\/\/schema.org\/Answer\"><div class=\"w-tabs-section-content-h i-cf\" itemprop=\"text\"><div class=\"wpb_text_column\"><div class=\"wpb_wrapper\"><p>Objedn\u00e1vky lze z\u00edskat r\u016fzn\u00fdmi zp\u016fsoby, nap\u0159\u00edklad pomoc\u00ed online platforem. D\u016fle\u017eit\u00fdm zp\u016fsobem hled\u00e1n\u00ed potenci\u00e1ln\u00edch z\u00e1kazn\u00edk\u016f je tak\u00e9 vytv\u00e1\u0159en\u00ed s\u00edt\u00ed. Nav\u0161t\u011bvujte oborov\u00e9 akce, navazujte kontakty a prezentujte sv\u00e9 slu\u017eby. M\u016f\u017eete se tak\u00e9 obr\u00e1tit na m\u00edstn\u00ed firmy a agentury nebo inzerovat na pracovn\u00edch port\u00e1lech a burz\u00e1ch pr\u00e1ce.<\/p>\n<\/div><\/div><\/div><\/div><\/div><div class=\"w-tabs-section\" id=\"j038\" itemscope itemprop=\"mainEntity\" itemtype=\"https:\/\/schema.org\/Question\"><button class=\"w-tabs-section-header\" aria-controls=\"content-j038\" aria-expanded=\"false\"><div class=\"w-tabs-section-title\" itemprop=\"name\">Kolik si vyd\u011bl\u00e1te jako subdodavatel?<\/div><div class=\"w-tabs-section-control\"><\/div><\/button><div  class=\"w-tabs-section-content\" id=\"content-j038\" itemscope itemprop=\"acceptedAnswer\" itemtype=\"https:\/\/schema.org\/Answer\"><div class=\"w-tabs-section-content-h i-cf\" itemprop=\"text\"><div class=\"wpb_text_column\"><div class=\"wpb_wrapper\"><p>P\u0159\u00edjmy subdodavatele se li\u0161\u00ed v z\u00e1vislosti na oboru, typu zak\u00e1zky a individu\u00e1ln\u00ed dohod\u011b se z\u00e1kazn\u00edkem. V\u00fdd\u011ble\u010dn\u00fd potenci\u00e1l se proto m\u016f\u017ee zna\u010dn\u011b li\u0161it. N\u011bkte\u0159\u00ed subdodavatel\u00e9 vyd\u011bl\u00e1vaj\u00ed za hodinu nebo denn\u00ed sazbu, zat\u00edmco jin\u00ed mohou dost\u00e1vat pevnou \u010d\u00e1stku za dokon\u010den\u00fd projekt. Je d\u016fle\u017eit\u00e9 si uv\u011bdomit, \u017ee subdodavatel\u00e9 obvykle mus\u00ed n\u00e9st vlastn\u00ed provozn\u00ed n\u00e1klady.<\/p>\n<\/div><\/div><\/div><\/div><\/div><div class=\"w-tabs-section\" id=\"a107\" itemscope itemprop=\"mainEntity\" itemtype=\"https:\/\/schema.org\/Question\"><button class=\"w-tabs-section-header\" aria-controls=\"content-a107\" aria-expanded=\"false\"><div class=\"w-tabs-section-title\" itemprop=\"name\">Kdo plat\u00ed subdodavateli?<\/div><div class=\"w-tabs-section-control\"><\/div><\/button><div  class=\"w-tabs-section-content\" id=\"content-a107\" itemscope itemprop=\"acceptedAnswer\" itemtype=\"https:\/\/schema.org\/Answer\"><div class=\"w-tabs-section-content-h i-cf\" itemprop=\"text\"><div class=\"wpb_text_column\"><div class=\"wpb_wrapper\"><p>Subdodavateli obvykle plat\u00ed hlavn\u00ed dodavatel. To znamen\u00e1, \u017ee hlavn\u00ed zhotovitel plat\u00ed faktury subdodavatele. Je d\u016fle\u017eit\u00e9, aby mezi hlavn\u00edm zhotovitelem a subdodavatelem byla uzav\u0159ena jasn\u00e1 smluvn\u00ed ujedn\u00e1n\u00ed, kter\u00e1 definuj\u00ed platebn\u00ed ujedn\u00e1n\u00ed.<\/p>\n<\/div><\/div><\/div><\/div><\/div><div class=\"w-tabs-section\" id=\"s1d3\" itemscope itemprop=\"mainEntity\" itemtype=\"https:\/\/schema.org\/Question\"><button class=\"w-tabs-section-header\" aria-controls=\"content-s1d3\" aria-expanded=\"false\"><div class=\"w-tabs-section-title\" itemprop=\"name\">Jak mohu naj\u00edt spolehliv\u00e9 subdodavatele z v\u00fdchodn\u00ed Evropy?<\/div><div class=\"w-tabs-section-control\"><\/div><\/button><div  class=\"w-tabs-section-content\" id=\"content-s1d3\" itemscope itemprop=\"acceptedAnswer\" itemtype=\"https:\/\/schema.org\/Answer\"><div class=\"w-tabs-section-content-h i-cf\" itemprop=\"text\"><div class=\"wpb_text_column\"><div class=\"wpb_wrapper\"><p>Global Business Recruiting m\u00e1 rozs\u00e1hlou s\u00ed\u0165 kvalifikovan\u00fdch a certifikovan\u00fdch subdodavatel\u016f z Polska, \u010cesk\u00e9 republiky, Slovenska, Ma\u010farska a dal\u0161\u00edch v\u00fdchodoevropsk\u00fdch zem\u00ed. Pom\u016f\u017eeme v\u00e1m naj\u00edt vhodn\u00e9ho partnera pro va\u0161e zak\u00e1zky - rychle, v souladu s pr\u00e1vn\u00edmi p\u0159edpisy a bez komplikac\u00ed.<\/p>\n<\/div><\/div><\/div><\/div><\/div><\/div><\/div><\/div><\/div><\/div><\/div><\/section>","protected":false},"excerpt":{"rendered":"Haben Sie Personalmangel und brauche eine schnelle und effiziente L\u00f6sung, um Zeit und Ressourcen zu sparen sowie um Ihr Projekt rechtzeitig umsetzen zu k\u00f6nnen? In Bayern und ganz Deutschland suchen Unternehmen aktiv nach zuverl\u00e4ssigen Subunternehmern f\u00fcr Ihre Auftr\u00e4ge. Warum Auftr\u00e4ge an Subunternehmer vergeben? In Bayern und Deutschland sind viele Firmen von Personalmangel getroffen. Oft werden...","protected":false},"author":1,"featured_media":11139,"parent":9347,"menu_order":0,"comment_status":"closed","ping_status":"closed","template":"","meta":{"_acf_changed":false,"footnotes":""},"class_list":["post-9796","page","type-page","status-publish","has-post-thumbnail","hentry"],"acf":[],"_links":{"self":[{"href":"https:\/\/global-business-recruiting.de\/cs\/wp-json\/wp\/v2\/pages\/9796","targetHints":{"allow":["GET"]}}],"collection":[{"href":"https:\/\/global-business-recruiting.de\/cs\/wp-json\/wp\/v2\/pages"}],"about":[{"href":"https:\/\/global-business-recruiting.de\/cs\/wp-json\/wp\/v2\/types\/page"}],"author":[{"embeddable":true,"href":"https:\/\/global-business-recruiting.de\/cs\/wp-json\/wp\/v2\/users\/1"}],"replies":[{"embeddable":true,"href":"https:\/\/global-business-recruiting.de\/cs\/wp-json\/wp\/v2\/comments?post=9796"}],"version-history":[{"count":7,"href":"https:\/\/global-business-recruiting.de\/cs\/wp-json\/wp\/v2\/pages\/9796\/revisions"}],"predecessor-version":[{"id":11206,"href":"https:\/\/global-business-recruiting.de\/cs\/wp-json\/wp\/v2\/pages\/9796\/revisions\/11206"}],"up":[{"embeddable":true,"href":"https:\/\/global-business-recruiting.de\/cs\/wp-json\/wp\/v2\/pages\/9347"}],"wp:featuredmedia":[{"embeddable":true,"href":"https:\/\/global-business-recruiting.de\/cs\/wp-json\/wp\/v2\/media\/11139"}],"wp:attachment":[{"href":"https:\/\/global-business-recruiting.de\/cs\/wp-json\/wp\/v2\/media?parent=9796"}],"curies":[{"name":"wp","href":"https:\/\/api.w.org\/{rel}","templated":true}]}}