{"id":9808,"date":"2026-03-11T10:23:19","date_gmt":"2026-03-11T10:23:19","guid":{"rendered":"https:\/\/global-business-recruiting.de\/?page_id=9808"},"modified":"2026-03-29T12:52:12","modified_gmt":"2026-03-29T12:52:12","slug":"prehled-typu-jerabu","status":"publish","type":"page","link":"https:\/\/global-business-recruiting.de\/cs\/wissen\/krantypen-uebersicht\/","title":{"rendered":"Jak\u00e9 jsou r\u016fzn\u00e9 typy je\u0159\u00e1b\u016f a kde se pou\u017e\u00edvaj\u00ed?"},"content":{"rendered":"<section class=\"l-section wpb_row height_custom\"><div class=\"l-section-h i-cf\"><div class=\"g-cols vc_row via_grid cols_1 laptops-cols_inherit tablets-cols_inherit mobiles-cols_1 valign_top type_default stacking_default\"><div class=\"wpb_column vc_column_container\"><div class=\"vc_column-inner\"><div class=\"wpb_text_column\"><div class=\"wpb_wrapper\"><p>V mnoha odv\u011btv\u00edch bez nich nic nefunguje. Samotn\u00e9 je\u0159\u00e1by jsou stejn\u011b rozmanit\u00e9 jako oblasti jejich pou\u017eit\u00ed. Tento \u010dl\u00e1nek poskytuje p\u0159ehled r\u016fzn\u00fdch typ\u016f je\u0159\u00e1b\u016f a vysv\u011btluje jejich vlastnosti a oblasti pou\u017eit\u00ed.<\/p>\n<h2>R\u016fzn\u00e9 typy je\u0159\u00e1b\u016f a jejich vlastnosti<\/h2>\n<p>Je\u0159\u00e1by se pou\u017e\u00edvaj\u00ed ve skladech, p\u0159\u00edstavech, na n\u00e1dra\u017e\u00edch a na mnoha dal\u0161\u00edch m\u00edstech. Vlastnosti je\u0159\u00e1b\u016f se m\u011bn\u00ed tak\u00e9 v z\u00e1vislosti na m\u00edst\u011b jejich pou\u017eit\u00ed a typu n\u00e1kladu. Zde najdete p\u0159ehled nejd\u016fle\u017eit\u011bj\u0161\u00edch typ\u016f je\u0159\u00e1b\u016f a jejich typick\u00fdch m\u00edst pou\u017eit\u00ed.<\/p>\n<h2>V\u011b\u017eov\u00fd je\u0159\u00e1b<\/h2>\n<p>V\u011bt\u0161ina lid\u00ed si pod pojmem \u201eje\u0159\u00e1b\" p\u0159edstav\u00ed v\u011b\u017eov\u00e9 je\u0159\u00e1by. V\u011bt\u0161inou se pou\u017e\u00edvaj\u00ed na staveni\u0161t\u00edch, konkr\u00e9tn\u011b p\u0159i stavb\u00e1ch budov. Maj\u00ed vysokou nosnost a dosah a dok\u00e1\u017e\u00ed efektivn\u011b p\u0159epravovat stavebn\u00ed materi\u00e1ly, jako je beton, ocel nebo velk\u00e9 komponenty.<\/p>\n<h2>Mobiln\u00ed je\u0159\u00e1b<\/h2>\n<p>Na rozd\u00edl od v\u011b\u017eov\u00e9ho je\u0159\u00e1bu lze mobiln\u00ed je\u0159\u00e1b pou\u017e\u00edvat velmi flexibiln\u011b, proto\u017ee je namontov\u00e1n na vozidle a nen\u00ed stacion\u00e1rn\u00ed. Mobiln\u00ed je\u0159\u00e1by lze tak\u00e9 pom\u011brn\u011b rychle postavit a demontovat. D\u00edky vysok\u00e9 flexibilit\u011b jsou ide\u00e1ln\u00ed pro do\u010dasn\u00e9 pou\u017eit\u00ed nebo kr\u00e1tkodob\u00e9 zvedac\u00ed pr\u00e1ce. \u010casto se pou\u017e\u00edvaj\u00ed v oblasti infrastruktury a mont\u00e1\u017e\u00ed, nap\u0159\u00edklad p\u0159i stavb\u011b most\u016f, v pr\u016fmyslu nebo p\u0159i z\u00e1chrann\u00fdch prac\u00edch.<\/p>\n<h2>Nakl\u00e1dac\u00ed je\u0159\u00e1b pro n\u00e1kladn\u00ed automobily<\/h2>\n<p>N\u00e1kladn\u00ed autoje\u0159\u00e1b je kombinac\u00ed dopravn\u00edho prost\u0159edku a je\u0159\u00e1bu. Je velmi kompaktn\u00ed, a proto jej lze pou\u017e\u00edt i tam, kde je omezen\u00fd prostor - nap\u0159\u00edklad na \u00fazk\u00fdch staveni\u0161t\u00edch.<\/p>\n<h2>P\u00e1sov\u00fd je\u0159\u00e1b<\/h2>\n<p>P\u00e1sov\u00e9 je\u0159\u00e1by jsou velmi v\u00fdkonn\u00e9 a v\u0161estrann\u00e9 je\u0159\u00e1by. Vyzna\u010duj\u00ed se pom\u011brn\u011b vysokou nosnost\u00ed a stabilitou. Tyto je\u0159\u00e1by umo\u017e\u0148uj\u00ed bezpe\u010dn\u00e9 zved\u00e1n\u00ed t\u011b\u017ek\u00fdch b\u0159emen i bez p\u0159\u00eddavn\u00fdch podp\u016frn\u00fdch konstrukc\u00ed. D\u00edky p\u00e1sov\u00e9mu podvozku je lze pou\u017e\u00edvat i na nerovn\u00e9m nebo m\u011bkk\u00e9m ter\u00e9nu, nap\u0159. v bl\u00e1t\u011b.<\/p>\n<h2>Mostov\u00fd je\u0159\u00e1b<\/h2>\n<p>Mostov\u00e9 je\u0159\u00e1by se obvykle pou\u017e\u00edvaj\u00ed ve v\u011bt\u0161\u00edch v\u00fdrobn\u00edch hal\u00e1ch nebo skladech. Tam p\u0159em\u00eds\u0165uj\u00ed t\u011b\u017ek\u00e1 b\u0159emena na kolejnic\u00edch. Mostov\u00fd je\u0159\u00e1b se vyzna\u010duje vysokou p\u0159esnost\u00ed p\u0159i zved\u00e1n\u00ed a p\u0159eprav\u011b b\u0159emen, a proto je ide\u00e1ln\u00ed pro pr\u016fmyslov\u00e9 aplikace, nap\u0159\u00edklad ve v\u00fdrob\u011b.<\/p>\n<h2>Port\u00e1lov\u00fd je\u0159\u00e1b<\/h2>\n<p>Port\u00e1lov\u00fd je\u0159\u00e1b je podobn\u00fd mostov\u00e9mu je\u0159\u00e1bu, ale m\u00e1 podp\u011bry na zemi. To mu umo\u017e\u0148uje zvedat obzvl\u00e1\u0161t\u011b t\u011b\u017ek\u00e1 b\u0159emena, jako jsou kontejnery. Port\u00e1lov\u00e9 je\u0159\u00e1by se pou\u017e\u00edvaj\u00ed p\u0159edev\u0161\u00edm v lod\u011bnic\u00edch, p\u0159\u00edstavech a pr\u016fmyslov\u00fdch z\u00e1vodech, kde mus\u00ed efektivn\u011b a spolehliv\u011b p\u0159emis\u0165ovat velk\u00e1 a t\u011b\u017ek\u00e1 b\u0159emena.<\/p>\n<h2>P\u0159ehled dal\u0161\u00edch typ\u016f je\u0159\u00e1b\u016f<\/h2>\n<p>Krom\u011b hlavn\u00edch typ\u016f existuj\u00ed i dal\u0161\u00ed specializovan\u00e9 je\u0159\u00e1by, kter\u00e9 hraj\u00ed d\u016fle\u017eitou roli v ur\u010dit\u00fdch pr\u016fmyslov\u00fdch odv\u011btv\u00edch a sc\u00e9n\u00e1\u0159\u00edch pou\u017eit\u00ed:<\/p>\n<p><strong>Zdvi\u017en\u00fd je\u0159\u00e1b:<\/strong><span>\u00a0<\/span>Pou\u017e\u00edv\u00e1 se p\u0159edev\u0161\u00edm na vrtn\u00fdch plo\u0161in\u00e1ch a v pob\u0159e\u017en\u00edm pr\u016fmyslu. Je vhodn\u00fd zejm\u00e9na pro pr\u00e1ci v omezen\u00fdch prostorech a p\u0159i velmi vysok\u00e9m zat\u00ed\u017een\u00ed.<\/p>\n<p><strong>Plovouc\u00ed je\u0159\u00e1b:<\/strong><span>\u00a0<\/span>Jak u\u017e n\u00e1zev napov\u00edd\u00e1, tento je\u0159\u00e1b je namontov\u00e1n na plovouc\u00edm nosi\u010di. Pou\u017e\u00edv\u00e1 se p\u0159edev\u0161\u00edm p\u0159i v\u00fdstavb\u011b p\u0159\u00edstav\u016f, stavb\u011b lod\u00ed a p\u0159i prac\u00edch pod vodou - tedy v odv\u011btv\u00edch, do kter\u00fdch Global Business Recruiting rovn\u011b\u017e umis\u0165uje kvalifikovan\u00e9 pracovn\u00edky.<\/p>\n<p><strong>Konzolov\u00fd je\u0159\u00e1b:<\/strong><span>\u00a0<\/span>Zn\u00e1m\u00fd tak\u00e9 jako n\u00e1st\u011bnn\u00fd oto\u010dn\u00fd je\u0159\u00e1b. Je p\u0159ipevn\u011bn ke st\u011bn\u011b nebo sloupu a ot\u00e1\u010d\u00ed se kolem vlastn\u00ed osy. V d\u00edln\u00e1ch, v\u00fdrobn\u00edch hal\u00e1ch a skladech usnad\u0148uje manipulaci s b\u0159emeny p\u0159\u00edmo na pracovi\u0161ti.<\/p>\n<p><strong>Lanov\u00e9 rypadlo s je\u0159\u00e1bem:<\/strong><span>\u00a0<\/span>V demoli\u010dn\u00edm a demont\u00e1\u017en\u00edm pr\u016fmyslu se rypadla \u010dasto kombinuj\u00ed s je\u0159\u00e1bov\u00fdmi p\u0159\u00eddavn\u00fdmi za\u0159\u00edzen\u00edmi. Ty umo\u017e\u0148uj\u00ed c\u00edlen\u00e9 zved\u00e1n\u00ed a p\u0159em\u00eds\u0165ov\u00e1n\u00ed sou\u010d\u00e1st\u00ed p\u0159i demont\u00e1\u017ei budov.<\/p>\n<h2>Jak najdu kvalifikovan\u00e9 pracovn\u00edky pro je\u0159\u00e1by?<\/h2>\n<p>Je\u0159\u00e1by uveden\u00e9 v tomto \u010dl\u00e1nku mus\u00ed obsluhovat zku\u0161en\u00ed je\u0159\u00e1bn\u00edci. Pro jejich obsluhu je nutn\u00e9 speci\u00e1ln\u00ed \u0161kolen\u00ed a platn\u00fd je\u0159\u00e1bnick\u00fd pr\u016fkaz.<\/p>\n<p>Zam\u011bstn\u00e1v\u00e1n\u00ed vhodn\u011b kvalifikovan\u00fdch odborn\u00fdch pracovn\u00edk\u016f je v\u0161ak pro mnoho n\u011bmeck\u00fdch podnik\u016f velk\u00fdm probl\u00e9mem. Nedostatek kvalifikovan\u00e9 pracovn\u00ed s\u00edly to jen potvrzuje.<\/p>\n<p>Chcete-li pro svou firmu naj\u00edt kvalifikovan\u00e9 odborn\u00e9 pracovn\u00edky i p\u0159es nedostatek kvalifikovan\u00e9 pracovn\u00ed s\u00edly, doporu\u010dujeme do\u010dasnou pr\u00e1ci. Jedn\u00e1 se o person\u00e1ln\u00ed \u0159e\u0161en\u00ed, kter\u00e9 je velmi obl\u00edben\u00e9 d\u00edky sv\u00e9 flexibilit\u011b a n\u00e1kladov\u00e9 efektivit\u011b.<\/p>\n<p>Do\u010dasn\u00e1 pr\u00e1ce znamen\u00e1 zap\u016fj\u010den\u00ed pracovn\u00ed s\u00edly od jin\u00e9 spole\u010dnosti na ur\u010ditou dobu. Pracovn\u00edci tedy nejsou zam\u011bstn\u00e1ni ve va\u0161\u00ed vlastn\u00ed spole\u010dnosti, jako je tomu v p\u0159\u00edpad\u011b b\u011b\u017en\u00e9ho trval\u00e9ho pracovn\u00edho pom\u011bru. Pro v\u00e1s to znamen\u00e1 v\u011bt\u0161\u00ed flexibilitu, ni\u017e\u0161\u00ed n\u00e1klady a mo\u017enost v p\u0159\u00edpad\u011b pot\u0159eby v kr\u00e1tk\u00e9 dob\u011b zam\u011bstnat nov\u00e9 pracovn\u00edky na dobu ur\u010ditou.<\/p>\n<h2>Vyhled\u00e1n\u00ed specializovan\u00e9ho person\u00e1lu pro r\u016fzn\u00e9 typy je\u0159\u00e1b\u016f<\/h2>\n<p>Nyn\u00ed ji\u017e v\u00edte, jak\u00e9 existuj\u00ed r\u016fzn\u00e9 typy je\u0159\u00e1b\u016f, jak\u00fdmi vlastnostmi se vyzna\u010duj\u00ed a jak m\u016f\u017eete naj\u00edt vhodn\u00fd person\u00e1l pro jejich obsluhu.<\/p>\n<p>M\u00e1te-li dal\u0161\u00ed ot\u00e1zky t\u00fdkaj\u00edc\u00ed se je\u0159\u00e1b\u016f nebo chcete-li v\u011bd\u011bt, jak v\u00e1m m\u016f\u017eeme pomoci zam\u011bstnat kvalifikovan\u00e9 pracovn\u00edky pro va\u0161i spole\u010dnost prost\u0159ednictv\u00edm do\u010dasn\u00e9 pr\u00e1ce, obra\u0165te se na spole\u010dnost Global Business Recruiting. T\u011b\u0161\u00edme se na va\u0161i popt\u00e1vku.<\/p>\n<h2>\u010casto kladen\u00e9 ot\u00e1zky o typech je\u0159\u00e1b\u016f a obsluze je\u0159\u00e1b\u016f<\/h2>\n<\/div><\/div><div class=\"w-separator size_small\"><\/div><div class=\"w-tabs style_default switch_click accordion type_togglable has_scrolling\" style=\"--sections-title-size:inherit\"><div class=\"w-tabs-sections titles-align_none icon_chevron cpos_right\"><div class=\"w-tabs-section\" id=\"wde9\" itemscope itemprop=\"mainEntity\" itemtype=\"https:\/\/schema.org\/Question\"><button class=\"w-tabs-section-header\" aria-controls=\"content-wde9\" aria-expanded=\"false\"><div class=\"w-tabs-section-title\" itemprop=\"name\">Jak\u00fd typ je\u0159\u00e1bu je nejvhodn\u011bj\u0161\u00ed pro stavebn\u00ed projekty?<\/div><div class=\"w-tabs-section-control\"><\/div><\/button><div  class=\"w-tabs-section-content\" id=\"content-wde9\" itemscope itemprop=\"acceptedAnswer\" itemtype=\"https:\/\/schema.org\/Answer\"><div class=\"w-tabs-section-content-h i-cf\" itemprop=\"text\"><div class=\"wpb_text_column\"><div class=\"wpb_wrapper\"><p>V\u011b\u017eov\u00fd je\u0159\u00e1b je prvn\u00ed volbou pro stavbu budov. Nab\u00edz\u00ed vysokou nosnost a dosah, m\u00e1 stacion\u00e1rn\u00ed konstrukci a umo\u017e\u0148uje efektivn\u00ed zved\u00e1n\u00ed stavebn\u00edch materi\u00e1l\u016f, jako je beton, ocel a velk\u00e9 komponenty, p\u0159es n\u011bkolik podla\u017e\u00ed.<\/p>\n<\/div><\/div><\/div><\/div><\/div><div class=\"w-tabs-section\" id=\"web7\" itemscope itemprop=\"mainEntity\" itemtype=\"https:\/\/schema.org\/Question\"><button class=\"w-tabs-section-header\" aria-controls=\"content-web7\" aria-expanded=\"false\"><div class=\"w-tabs-section-title\" itemprop=\"name\">Jak\u00fd je rozd\u00edl mezi mobiln\u00edm a p\u00e1sov\u00fdm je\u0159\u00e1bem?<\/div><div class=\"w-tabs-section-control\"><\/div><\/button><div  class=\"w-tabs-section-content\" id=\"content-web7\" itemscope itemprop=\"acceptedAnswer\" itemtype=\"https:\/\/schema.org\/Answer\"><div class=\"w-tabs-section-content-h i-cf\" itemprop=\"text\"><div class=\"wpb_text_column\"><div class=\"wpb_wrapper\"><p>Mobiln\u00ed je\u0159\u00e1b je namontov\u00e1n na silni\u010dn\u00edm vozidle a m\u016f\u017ee se rychle p\u0159esouvat mezi pracovi\u0161ti. P\u00e1sov\u00fd je\u0159\u00e1b se naproti tomu pohybuje na p\u00e1sov\u00e9m podvozku, kter\u00fd mu poskytuje stabilitu i v nerovn\u00e9m ter\u00e9nu. Je vhodn\u00fd pro t\u011b\u017e\u0161\u00ed b\u0159emena a n\u00e1ro\u010dn\u011bj\u0161\u00ed ter\u00e9nn\u00ed podm\u00ednky, ale je m\u00e9n\u011b mobiln\u00ed v silni\u010dn\u00edm provozu.<\/p>\n<\/div><\/div><\/div><\/div><\/div><div class=\"w-tabs-section\" id=\"cfb9\" itemscope itemprop=\"mainEntity\" itemtype=\"https:\/\/schema.org\/Question\"><button class=\"w-tabs-section-header\" aria-controls=\"content-cfb9\" aria-expanded=\"false\"><div class=\"w-tabs-section-title\" itemprop=\"name\">Pro jak\u00fd typ je\u0159\u00e1bu je vy\u017eadov\u00e1n je\u0159\u00e1bnick\u00fd pr\u016fkaz?<\/div><div class=\"w-tabs-section-control\"><\/div><\/button><div  class=\"w-tabs-section-content\" id=\"content-cfb9\" itemscope itemprop=\"acceptedAnswer\" itemtype=\"https:\/\/schema.org\/Answer\"><div class=\"w-tabs-section-content-h i-cf\" itemprop=\"text\"><div class=\"wpb_text_column\"><div class=\"wpb_wrapper\"><p>V N\u011bmecku neexistuje standardizovan\u00e1 pr\u00e1vn\u00ed \u00faprava pro v\u0161echny typy je\u0159\u00e1b\u016f. Sdru\u017een\u00ed pro poji\u0161t\u011bn\u00ed odpov\u011bdnosti zam\u011bstnavatel\u016f, zejm\u00e9na BG BAU a BGHM, v\u0161ak vy\u017eaduj\u00ed prokazatelnou kvalifikaci pro obsluhu je\u0159\u00e1b\u016f. V z\u00e1vislosti na typu je\u0159\u00e1bu (v\u011b\u017eov\u00fd je\u0159\u00e1b, mobiln\u00ed je\u0159\u00e1b, mostov\u00fd je\u0159\u00e1b atd.) jsou vy\u017eadov\u00e1ny r\u016fzn\u00e9 vzd\u011bl\u00e1vac\u00ed kurzy a zkou\u0161ky.<\/p>\n<\/div><\/div><\/div><\/div><\/div><div class=\"w-tabs-section\" id=\"v081\" itemscope itemprop=\"mainEntity\" itemtype=\"https:\/\/schema.org\/Question\"><button class=\"w-tabs-section-header\" aria-controls=\"content-v081\" aria-expanded=\"false\"><div class=\"w-tabs-section-title\" itemprop=\"name\">Jak rychle m\u016f\u017ee Global Business Recruiting zajistit je\u0159\u00e1bn\u00edky?<\/div><div class=\"w-tabs-section-control\"><\/div><\/button><div  class=\"w-tabs-section-content\" id=\"content-v081\" itemscope itemprop=\"acceptedAnswer\" itemtype=\"https:\/\/schema.org\/Answer\"><div class=\"w-tabs-section-content-h i-cf\" itemprop=\"text\"><div class=\"wpb_text_column\"><div class=\"wpb_wrapper\"><p>Obvykle jsme schopni zajistit kvalifikovan\u00e9 je\u0159\u00e1bn\u00edky do t\u00fddne. V\u0161ichni zam\u011bstnanci maj\u00ed pot\u0159ebn\u00e1 osv\u011bd\u010den\u00ed a je\u0159\u00e1bnick\u00e9 pr\u016fkazy, hovo\u0159\u00ed n\u011bmecky a znaj\u00ed n\u011bmeck\u00e9 bezpe\u010dnostn\u00ed normy.<\/p>\n<\/div><\/div><\/div><\/div><\/div><div class=\"w-tabs-section\" id=\"d149\" itemscope itemprop=\"mainEntity\" itemtype=\"https:\/\/schema.org\/Question\"><button class=\"w-tabs-section-header\" aria-controls=\"content-d149\" aria-expanded=\"false\"><div class=\"w-tabs-section-title\" itemprop=\"name\">Do jak\u00fdch odv\u011btv\u00ed Global Business Recruiting umis\u0165uje je\u0159\u00e1bn\u00edky a obsluhu kladkostroj\u016f?<\/div><div class=\"w-tabs-section-control\"><\/div><\/button><div  class=\"w-tabs-section-content\" id=\"content-d149\" itemscope itemprop=\"acceptedAnswer\" itemtype=\"https:\/\/schema.org\/Answer\"><div class=\"w-tabs-section-content-h i-cf\" itemprop=\"text\"><div class=\"wpb_text_column\"><div class=\"wpb_wrapper\"><p>Global Business Recruiting um\u00eds\u0165uje je\u0159\u00e1bn\u00edky a pracovn\u00edky zdvihac\u00edch stroj\u016f pro stavebnictv\u00ed, stavbu lod\u00ed, pr\u016fmysl, p\u0159\u00edstavn\u00ed provozy a infrastrukturn\u00ed a mont\u00e1\u017en\u00ed projekty - z Polska, Slovenska, \u010cesk\u00e9 republiky, Ma\u010farska a dal\u0161\u00edch zem\u00ed v\u00fdchodn\u00ed Evropy.<\/p>\n<\/div><\/div><\/div><\/div><\/div><\/div><\/div><\/div><\/div><\/div><\/div><\/section>","protected":false},"excerpt":{"rendered":"Ohne sie geht in vielen Branchen gar nichts. So vielf\u00e4ltig wie ihre Einsatzgebiete sind auch die Kr\u00e4ne selbst. Dieser Artikel enth\u00e4lt eine \u00dcbersicht der verschiedenen Krantypen und erl\u00e4utert deren Eigenschaften und Einsatzgebiete. Verschiedene Krantypen und ihre Eigenschaften Kr\u00e4ne kommen in Lagerhallen, in H\u00e4fen, an Bahnh\u00f6fen und vielen weiteren Orten zum Einsatz. Je nach Einsatzort und...","protected":false},"author":1,"featured_media":11142,"parent":9347,"menu_order":0,"comment_status":"closed","ping_status":"closed","template":"","meta":{"_acf_changed":false,"footnotes":""},"class_list":["post-9808","page","type-page","status-publish","has-post-thumbnail","hentry"],"acf":[],"_links":{"self":[{"href":"https:\/\/global-business-recruiting.de\/cs\/wp-json\/wp\/v2\/pages\/9808","targetHints":{"allow":["GET"]}}],"collection":[{"href":"https:\/\/global-business-recruiting.de\/cs\/wp-json\/wp\/v2\/pages"}],"about":[{"href":"https:\/\/global-business-recruiting.de\/cs\/wp-json\/wp\/v2\/types\/page"}],"author":[{"embeddable":true,"href":"https:\/\/global-business-recruiting.de\/cs\/wp-json\/wp\/v2\/users\/1"}],"replies":[{"embeddable":true,"href":"https:\/\/global-business-recruiting.de\/cs\/wp-json\/wp\/v2\/comments?post=9808"}],"version-history":[{"count":4,"href":"https:\/\/global-business-recruiting.de\/cs\/wp-json\/wp\/v2\/pages\/9808\/revisions"}],"predecessor-version":[{"id":11203,"href":"https:\/\/global-business-recruiting.de\/cs\/wp-json\/wp\/v2\/pages\/9808\/revisions\/11203"}],"up":[{"embeddable":true,"href":"https:\/\/global-business-recruiting.de\/cs\/wp-json\/wp\/v2\/pages\/9347"}],"wp:featuredmedia":[{"embeddable":true,"href":"https:\/\/global-business-recruiting.de\/cs\/wp-json\/wp\/v2\/media\/11142"}],"wp:attachment":[{"href":"https:\/\/global-business-recruiting.de\/cs\/wp-json\/wp\/v2\/media?parent=9808"}],"curies":[{"name":"wp","href":"https:\/\/api.w.org\/{rel}","templated":true}]}}