{"id":9818,"date":"2026-03-11T11:17:00","date_gmt":"2026-03-11T11:17:00","guid":{"rendered":"https:\/\/global-business-recruiting.de\/?page_id=9818"},"modified":"2026-03-29T12:55:16","modified_gmt":"2026-03-29T12:55:16","slug":"hleda-se-subdodavatel","status":"publish","type":"page","link":"https:\/\/global-business-recruiting.de\/cs\/wissen\/subunternehmer-gesucht\/","title":{"rendered":"Hled\u00e1me subdodavatele: Efektivn\u00ed \u0159e\u0161en\u00ed pro va\u0161e projekty"},"content":{"rendered":"<section class=\"l-section wpb_row height_custom\"><div class=\"l-section-h i-cf\"><div class=\"g-cols vc_row via_grid cols_1 laptops-cols_inherit tablets-cols_inherit mobiles-cols_1 valign_top type_default stacking_default\"><div class=\"wpb_column vc_column_container\"><div class=\"vc_column-inner\"><div class=\"wpb_text_column\"><div class=\"wpb_wrapper\"><p>Jste firma, kter\u00e1 se pot\u00fdk\u00e1 s v\u00fdzvou naj\u00edt ide\u00e1ln\u00ed subdodavatele pro sv\u00e9 projekty? Global Business Recruiting je va\u0161\u00edm partnerem p\u0159i hled\u00e1n\u00ed kvalifikovan\u00fdch a spolehliv\u00fdch subdodavatel\u016f, kte\u0159\u00ed v\u00e1m pomohou efektivn\u011b a \u00fasp\u011b\u0161n\u011b realizovat va\u0161e projekty. Na\u0161e komplexn\u00ed podpora pokr\u00fdv\u00e1 v\u0161echny aspekty - od pr\u00e1vn\u00edch ot\u00e1zek a\u017e po osv\u011bd\u010den\u00e9 postupy - a zaji\u0161\u0165uje hladkou spolupr\u00e1ci se subdodavateli z Polska, v\u00fdchodn\u00ed Evropy i dal\u0161\u00edch zem\u00ed.<\/p>\n<h2>N\u00e1\u0161 proces umis\u0165ov\u00e1n\u00ed v detailech<\/h2>\n<p>N\u00e1\u0161 n\u00e1borov\u00fd proces je navr\u017een tak, aby v\u00e1m poskytl co nejlep\u0161\u00ed slu\u017eby a zajistil v\u00e1m ty nejlep\u0161\u00ed subdodavatele pro va\u0161e projekty. Zde jsou uvedeny kroky, kter\u00e9 pro zaji\u0161t\u011bn\u00ed tohoto c\u00edle podnik\u00e1me:<\/p>\n<ol>\n<li><strong>Anal\u00fdza pot\u0159eb:<\/strong><span>\u00a0<\/span>Analyzujeme va\u0161e specifick\u00e9 po\u017eadavky a pot\u0159eby, abychom pro va\u0161e projekty vybrali vhodn\u00e9 subdodavatele.<\/li>\n<li><strong>S\u00ed\u0165ov\u00fd v\u00fdzkum:<\/strong><span>\u00a0<\/span>V na\u0161\u00ed rozs\u00e1hl\u00e9 s\u00edti hled\u00e1me kvalifikovan\u00e9 subdodavatele, kte\u0159\u00ed spl\u0148uj\u00ed va\u0161e po\u017eadavky.<\/li>\n<li><strong>Testov\u00e1n\u00ed a v\u00fdb\u011br:<\/strong><span>\u00a0<\/span>Potenci\u00e1ln\u00ed subdodavatel\u00e9 jsou pe\u010dliv\u011b prov\u011b\u0159ov\u00e1ni a vyb\u00edr\u00e1ni na z\u00e1klad\u011b zku\u0161enost\u00ed, odborn\u00fdch znalost\u00ed a referenc\u00ed.<\/li>\n<li><strong>Vyjedn\u00e1v\u00e1n\u00ed o smlouv\u011b:<\/strong><span>\u00a0<\/span>Podporujeme v\u00e1s p\u0159i vyjedn\u00e1v\u00e1n\u00ed o smlouv\u011b, abychom zajistili, \u017ee v\u0161echny podm\u00ednky budou jasn\u00e9 a spravedliv\u00e9.<\/li>\n<li><strong>Integrace a monitorov\u00e1n\u00ed:<\/strong><span>\u00a0<\/span>Podporujeme integraci subdodavatel\u016f do va\u0161ich projekt\u016f a sledujeme jejich v\u00fdkonnost, abychom zajistili pr\u016fb\u011b\u017en\u00e9 zaji\u0161\u0165ov\u00e1n\u00ed kvality.<\/li>\n<li><strong>Zp\u011btn\u00e1 vazba a \u00fapravy:<\/strong><span>\u00a0<\/span>Pravideln\u011b sb\u00edr\u00e1me zp\u011btnou vazbu a v p\u0159\u00edpad\u011b pot\u0159eby prov\u00e1d\u00edme \u00fapravy, abychom v\u017edy splnili va\u0161e o\u010dek\u00e1v\u00e1n\u00ed.<\/li>\n<\/ol>\n<h2>P\u0159\u00edklady z odv\u011btv\u00ed a subdodavatelsk\u00e9 slu\u017eby<\/h2>\n<h3>Stavebnictv\u00ed<\/h3>\n<p>Ve stavebnictv\u00ed maj\u00ed subdodavatel\u00e9 z\u00e1sadn\u00ed v\u00fdznam pro realizaci velk\u00fdch stavebn\u00edch projekt\u016f. Nab\u00edz\u00edme kvalifikovan\u00e9 subdodavatele pro stavebn\u00ed pr\u00e1ce, interi\u00e9rov\u00e9 pr\u00e1ce, elektroinstalace, sanit\u00e1rn\u00ed instalace a mnoho dal\u0161\u00edho. Na\u0161i subdodavatel\u00e9 maj\u00ed rozs\u00e1hlou kvalifikaci a zku\u0161enosti, aby va\u0161e stavebn\u00ed projekty dokon\u010dili v\u010das a na vysok\u00e9 \u00farovni.<\/p>\n<h3>Doprava a logistika<\/h3>\n<p>V oblasti dopravy a logistiky zaji\u0161\u0165ujeme subdod\u00e1vky pro kamionovou dopravu, kur\u00fdrn\u00ed slu\u017eby, t\u011b\u017ekou n\u00e1kladn\u00ed dopravu, p\u0159epravu nebezpe\u010dn\u00e9ho zbo\u017e\u00ed a mnoho dal\u0161\u00edho. Na\u0161i subdodavatel\u00e9 jsou spolehliv\u00ed a dochviln\u00ed a disponuj\u00ed pot\u0159ebn\u00fdmi zdroji a kapacitami pro efektivn\u00ed realizaci va\u0161ich logistick\u00fdch projekt\u016f.<\/p>\n<h3>IT slu\u017eby<\/h3>\n<p>Pro IT projekty zaji\u0161\u0165ujeme subdodavatele pro v\u00fdvoj softwaru, instalace s\u00edt\u00ed, IT podporu, spr\u00e1vu dat a mnoho dal\u0161\u00edho. Na\u0161i subdodavatel\u00e9 maj\u00ed hlubok\u00e9 odborn\u00e9 znalosti a zku\u0161enosti v oboru IT a jsou schopni profesion\u00e1ln\u011b a efektivn\u011b realizovat va\u0161e IT projekty.<\/p>\n<h3>Bezpe\u010dnostn\u00ed slu\u017eby<\/h3>\n<p>V oblasti bezpe\u010dnostn\u00edch slu\u017eeb zaji\u0161\u0165ujeme subdod\u00e1vky pro str\u00e1\u017en\u00ed a bezpe\u010dnostn\u00ed slu\u017eby, osobn\u00ed ochranu, ostrahu akc\u00ed, ochranu majetku a mnoho dal\u0161\u00edho. Na\u0161i subdodavatel\u00e9 jsou kvalifikovan\u00ed a zku\u0161en\u00ed a zaru\u010duj\u00ed bezpe\u010dnost osob a majetku.<\/p>\n<h3>\u00daklidov\u00e9 slu\u017eby<\/h3>\n<p>Pro \u00faklidov\u00e9 projekty zaji\u0161\u0165ujeme subdodavatele pro<span>\u00a0<\/span><a href=\"https:\/\/global-business-recruiting.de\/cs\/pobocky\/uklid-zarizeni\/\">\u010ci\u0161t\u011bn\u00ed budov, pr\u016fmyslov\u00e9 \u010di\u0161t\u011bn\u00ed<\/a>, myt\u00ed oken, \u010di\u0161t\u011bn\u00ed koberc\u016f a mnoho dal\u0161\u00edho. Na\u0161i subdodavatel\u00e9 jsou spolehliv\u00ed a pe\u010dliv\u00ed a zajist\u00ed, \u017ee va\u0161e \u00faklidov\u00e9 projekty budou provedeny profesion\u00e1ln\u011b a efektivn\u011b.<\/p>\n<h2>Kl\u00ed\u010d k \u00fasp\u011bchu: Jak\u00e1 jsou krit\u00e9ria v\u00fdb\u011bru subdodavatel\u016f?<\/h2>\n<p>V\u00fdb\u011br spr\u00e1vn\u00fdch subdodavatel\u016f je pro \u00fasp\u011bch va\u0161ich projekt\u016f kl\u00ed\u010dov\u00fd. Jasn\u00e1 a p\u0159esn\u00e1 krit\u00e9ria pom\u00e1haj\u00ed zajistit efektivn\u00ed a bezprobl\u00e9movou spolupr\u00e1ci. Vyu\u017e\u00edv\u00e1me na\u0161i rozs\u00e1hlou s\u00ed\u0165 k vyhled\u00e1n\u00ed kvalifikovan\u00fdch subdodavatel\u016f z Polska, \u010cesk\u00e9 republiky a dal\u0161\u00edch v\u00fdchodoevropsk\u00fdch zem\u00ed, kte\u0159\u00ed spl\u0148uj\u00ed va\u0161e specifick\u00e9 po\u017eadavky.<\/p>\n<h3>Prok\u00e1zan\u00e9 zku\u0161enosti a kvalifikace<\/h3>\n<p>Subdodavatel\u00e9 mus\u00ed m\u00edt prokazateln\u00e9 zku\u0161enosti a pot\u0159ebnou kvalifikaci v dan\u00e9m oboru. Kl\u00ed\u010dov\u00fdmi ukazateli kvality poskytovan\u00fdch slu\u017eeb jsou reference a p\u0159edchoz\u00ed projekty. Na\u0161e p\u0159\u00edsn\u00e9 prov\u011b\u0159ovac\u00ed postupy zaji\u0161\u0165uj\u00ed, \u017ee n\u00e1mi dosazen\u00ed subdodavatel\u00e9 maj\u00ed pot\u0159ebn\u00e9 zku\u0161enosti a odborn\u00e9 znalosti, aby splnili vysok\u00e9 n\u00e1roky va\u0161ich projekt\u016f.<\/p>\n<h3>Spolehlivost a dodr\u017eov\u00e1n\u00ed term\u00edn\u016f<\/h3>\n<p>Spolehlivost a dochvilnost jsou v mnoha odv\u011btv\u00edch z\u00e1sadn\u00ed. Zpo\u017ed\u011bn\u00ed nebo zru\u0161en\u00ed m\u016f\u017ee m\u00edt v\u00fdznamn\u00fd dopad na cel\u00fd pr\u016fb\u011bh projektu. Proto klademe velk\u00fd d\u016fraz na vyhled\u00e1v\u00e1n\u00ed subdodavatel\u016f, kte\u0159\u00ed pracuj\u00ed v\u017edy spolehliv\u011b a v\u010das. N\u00e1\u0161 proces v\u00fdb\u011bru zaji\u0161\u0165uje, \u017ee do na\u0161\u00ed s\u00edt\u011b jsou za\u0159azeni pouze ti nejd\u016fv\u011bryhodn\u011bj\u0161\u00ed a nejspolehliv\u011bj\u0161\u00ed subdodavatel\u00e9.<\/p>\n<h3>Dodr\u017eov\u00e1n\u00ed bezpe\u010dnostn\u00edch a kvalitativn\u00edch norem<\/h3>\n<p>Dodr\u017eov\u00e1n\u00ed vysok\u00fdch bezpe\u010dnostn\u00edch a kvalitativn\u00edch norem m\u00e1 v mnoha pr\u016fmyslov\u00fdch odv\u011btv\u00edch z\u00e1sadn\u00ed v\u00fdznam. Subdodavatel\u00e9 mus\u00ed tyto normy d\u016fsledn\u011b uplat\u0148ovat, aby byla zaji\u0161t\u011bna bezpe\u010dnost a kvalita slu\u017eeb. Na\u0161e p\u0159\u00edsn\u00e9 kontroln\u00ed postupy zaji\u0161\u0165uj\u00ed, \u017ee subdodavatel\u00e9 v na\u0161\u00ed s\u00edti v\u017edy dodr\u017euj\u00ed nejvy\u0161\u0161\u00ed standardy a neust\u00e1le je d\u00e1le rozv\u00edjej\u00ed.<\/p>\n<h3>F\u00e9rov\u00e9 ceny a transparentn\u00ed podm\u00ednky<\/h3>\n<p>Kl\u00ed\u010dov\u00fdm faktorem p\u0159i v\u00fdb\u011bru subdodavatel\u016f je n\u00e1kladov\u00e1 efektivita slu\u017eeb. Db\u00e1me na to, aby ceny byly spravedliv\u00e9 a transparentn\u00ed a aby podm\u00ednky odpov\u00eddaly aktu\u00e1ln\u00edm podm\u00ednk\u00e1m na trhu. Na\u0161e slu\u017eby v oblasti zad\u00e1v\u00e1n\u00ed ve\u0159ejn\u00fdch zak\u00e1zek v\u00e1m pomohou nal\u00e9zt n\u00e1kladov\u011b efektivn\u00ed \u0159e\u0161en\u00ed, ani\u017e byste museli slevit z kvality.<\/p>\n<h2>Pr\u00e1vn\u00ed ochrana subdodavatel\u016f<\/h2>\n<p>Krom\u011b odborn\u00e9 zp\u016fsobilosti hraj\u00ed p\u0159i v\u00fdb\u011bru subdodavatel\u016f d\u016fle\u017eitou roli tak\u00e9 pr\u00e1vn\u00ed aspekty. Spole\u010dnost Global Business Recruiting db\u00e1 na to, aby v\u0161ichni um\u00edst\u011bn\u00ed subdodavatel\u00e9 m\u011bli pot\u0159ebn\u00e9 dokumenty a opr\u00e1vn\u011bn\u00ed:<\/p>\n<ul>\n<li>Registrace podniku a osv\u011bd\u010den\u00ed o \u010dlenstv\u00ed (IHK\/HWK)<\/li>\n<li><a href=\"https:\/\/global-business-recruiting.de\/cs\/znat\/certifikat-a1\/\">Certifik\u00e1ty A1<\/a><span>\u00a0<\/span>pro v\u0161echny vyslan\u00e9 pracovn\u00edky<\/li>\n<li>Doklad o v\u00fdplat\u011b minim\u00e1ln\u00ed mzdy<\/li>\n<li>Poji\u0161t\u011bn\u00ed odpov\u011bdnosti za \u0161kodu<\/li>\n<li>Potvrzen\u00ed o prov\u011b\u0159en\u00ed z fondu soci\u00e1ln\u00edho zabezpe\u010den\u00ed a finan\u010dn\u00edho \u00fa\u0159adu.<\/li>\n<\/ul>\n<p>V\u00edce o povinnosti p\u0159edlo\u017eit d\u016fkazy:<span>\u00a0<\/span><a href=\"https:\/\/global-business-recruiting.de\/cs\/znat\/subdodavatelske-certifikaty-eu\/\">Cestov\u00e1n\u00ed jako subdodavatel v EU - po\u017eadovan\u00fd doklad<\/a>. A ot\u00e1zka odpov\u011bdnosti:<span>\u00a0<\/span><a href=\"https:\/\/global-business-recruiting.de\/cs\/znat\/odpovednost-zahranicnich-subdodavatelu\/\">Kdo odpov\u00edd\u00e1 za \u0161kody a vady?<\/a><\/p>\n<h2>Hled\u00e1n\u00ed spolehliv\u00fdch partner\u016f pro mezin\u00e1rodn\u00ed projekty<\/h2>\n<p>Harmonick\u00e1 spolupr\u00e1ce s kompetentn\u00edmi subdodavateli je pro \u00fasp\u011bch va\u0161ich projekt\u016f kl\u00ed\u010dov\u00e1. Nab\u00edz\u00edme 24hodinov\u00fd servis, abychom v\u00e1m zajistili nep\u0159etr\u017eitou podporu. D\u00edky jasn\u00e9 komunikaci, transparentn\u00edm smluvn\u00edm ujedn\u00e1n\u00edm a efektivn\u00edmu \u0159\u00edzen\u00ed zdroj\u016f lze p\u0159edch\u00e1zet konflikt\u016fm a zaru\u010dit kvalitu slu\u017eeb.<\/p>\n<p>Na\u0161i zku\u0161en\u00ed konzultanti jsou v\u00e1m k dispozici, aby v\u00e1m pomohli naj\u00edt nejlep\u0161\u00ed subdodavatele pro va\u0161e konkr\u00e9tn\u00ed pot\u0159eby a zajistili \u00fasp\u011b\u0161n\u00e9 za\u010dlen\u011bn\u00ed do va\u0161ich projekt\u016f. Podpo\u0159\u00edme v\u00e1s v ka\u017ed\u00e9m kroku procesu, od prvn\u00edho kontaktu a\u017e po \u00fasp\u011b\u0161nou realizaci slu\u017eeb.<\/p>\n<h2>\u010casto kladen\u00e9 ot\u00e1zky t\u00fdkaj\u00edc\u00ed se vyhled\u00e1v\u00e1n\u00ed subdodavatel\u016f<\/h2>\n<\/div><\/div><div class=\"w-separator size_small\"><\/div><div class=\"w-tabs style_default switch_click accordion type_togglable has_scrolling\" style=\"--sections-title-size:inherit\"><div class=\"w-tabs-sections titles-align_none icon_chevron cpos_right\"><div class=\"w-tabs-section\" id=\"aeb4\" itemscope itemprop=\"mainEntity\" itemtype=\"https:\/\/schema.org\/Question\"><button class=\"w-tabs-section-header\" aria-controls=\"content-aeb4\" aria-expanded=\"false\"><div class=\"w-tabs-section-title\" itemprop=\"name\">Jak rychle dok\u00e1\u017ee Global Business Recruiting naj\u00edt vhodn\u00e9ho subdodavatele?<\/div><div class=\"w-tabs-section-control\"><\/div><\/button><div  class=\"w-tabs-section-content\" id=\"content-aeb4\" itemscope itemprop=\"acceptedAnswer\" itemtype=\"https:\/\/schema.org\/Answer\"><div class=\"w-tabs-section-content-h i-cf\" itemprop=\"text\"><div class=\"wpb_text_column\"><div class=\"wpb_wrapper\"><p>Ve v\u011bt\u0161in\u011b p\u0159\u00edpad\u016f m\u016f\u017eeme vhodn\u00e9 kandid\u00e1ty navrhnout b\u011bhem n\u011bkolika dn\u00ed. U standardn\u00edch po\u017eadavk\u016f z na\u0161\u00ed hlavn\u00ed oblasti - stavebnictv\u00ed, sva\u0159ov\u00e1n\u00ed, elektrotechnika, pr\u016fmysl - jsou kvalifikovan\u00ed subdodavatel\u00e9 \u010dasto p\u0159ipraveni pracovat do t\u00fddne.<\/p>\n<\/div><\/div><\/div><\/div><\/div><div class=\"w-tabs-section\" id=\"qfae\" itemscope itemprop=\"mainEntity\" itemtype=\"https:\/\/schema.org\/Question\"><button class=\"w-tabs-section-header\" aria-controls=\"content-qfae\" aria-expanded=\"false\"><div class=\"w-tabs-section-title\" itemprop=\"name\">Z jak\u00fdch zem\u00ed poch\u00e1zej\u00ed subdodavatel\u00e9?<\/div><div class=\"w-tabs-section-control\"><\/div><\/button><div  class=\"w-tabs-section-content\" id=\"content-qfae\" itemscope itemprop=\"acceptedAnswer\" itemtype=\"https:\/\/schema.org\/Answer\"><div class=\"w-tabs-section-content-h i-cf\" itemprop=\"text\"><div class=\"wpb_text_column\"><div class=\"wpb_wrapper\"><p>Na\u0161e s\u00ed\u0165 zahrnuje subdodavatele a specialisty p\u0159edev\u0161\u00edm z Polska, Slovenska, \u010cesk\u00e9 republiky, Ma\u010farska, Rumunska a dal\u0161\u00edch zem\u00ed v\u00fdchodn\u00ed Evropy. V\u0161ichni maj\u00ed pot\u0159ebnou kvalifikaci a doklady pro pr\u00e1ci v N\u011bmecku.<\/p>\n<\/div><\/div><\/div><\/div><\/div><div class=\"w-tabs-section\" id=\"u080\" itemscope itemprop=\"mainEntity\" itemtype=\"https:\/\/schema.org\/Question\"><button class=\"w-tabs-section-header\" aria-controls=\"content-u080\" aria-expanded=\"false\"><div class=\"w-tabs-section-title\" itemprop=\"name\">Zab\u00fdv\u00e1 se Global Business Recruiting tak\u00e9 p\u0159\u00edpravou smluv?<\/div><div class=\"w-tabs-section-control\"><\/div><\/button><div  class=\"w-tabs-section-content\" id=\"content-u080\" itemscope itemprop=\"acceptedAnswer\" itemtype=\"https:\/\/schema.org\/Answer\"><div class=\"w-tabs-section-content-h i-cf\" itemprop=\"text\"><div class=\"wpb_text_column\"><div class=\"wpb_wrapper\"><p>Ano, podporujeme v\u00e1s p\u0159i vyjedn\u00e1v\u00e1n\u00ed a p\u0159\u00edprav\u011b smluv a zaji\u0161\u0165ujeme, aby v\u0161echny podm\u00ednky byly jasn\u00e9, spravedliv\u00e9 a v souladu s pr\u00e1vn\u00edmi p\u0159edpisy. Zvl\u00e1\u0161tn\u00ed pozornost v\u011bnujeme popisu slu\u017eeb, p\u0159edpis\u016fm o odpov\u011bdnosti a zp\u016fsobu platby.<\/p>\n<\/div><\/div><\/div><\/div><\/div><div class=\"w-tabs-section\" id=\"q152\" itemscope itemprop=\"mainEntity\" itemtype=\"https:\/\/schema.org\/Question\"><button class=\"w-tabs-section-header\" aria-controls=\"content-q152\" aria-expanded=\"false\"><div class=\"w-tabs-section-title\" itemprop=\"name\">Co se stane, kdy\u017e subdodavatel nespln\u00ed o\u010dek\u00e1v\u00e1n\u00ed?<\/div><div class=\"w-tabs-section-control\"><\/div><\/button><div  class=\"w-tabs-section-content\" id=\"content-q152\" itemscope itemprop=\"acceptedAnswer\" itemtype=\"https:\/\/schema.org\/Answer\"><div class=\"w-tabs-section-content-h i-cf\" itemprop=\"text\"><div class=\"wpb_text_column\"><div class=\"wpb_wrapper\"><p>Celou spolupr\u00e1ci monitorujeme a pravideln\u011b sb\u00edr\u00e1me zp\u011btnou vazbu. Pokud se objev\u00ed probl\u00e9my, aktivn\u011b zas\u00e1hneme, provedeme \u00fapravy nebo v p\u0159\u00edpad\u011b pot\u0159eby najdeme n\u00e1hradu. Na\u0161e zaji\u0161t\u011bn\u00ed kvality za\u010d\u00edn\u00e1 ve f\u00e1zi p\u0159ed v\u00fdb\u011brem a nekon\u010d\u00ed um\u00edst\u011bn\u00edm.<\/p>\n<\/div><\/div><\/div><\/div><\/div><div class=\"w-tabs-section\" id=\"n249\" itemscope itemprop=\"mainEntity\" itemtype=\"https:\/\/schema.org\/Question\"><button class=\"w-tabs-section-header\" aria-controls=\"content-n249\" aria-expanded=\"false\"><div class=\"w-tabs-section-title\" itemprop=\"name\">Pro jak\u00e9 velikosti projekt\u016f je Global Business Recruiting vhodn\u00fd?<\/div><div class=\"w-tabs-section-control\"><\/div><\/button><div  class=\"w-tabs-section-content\" id=\"content-n249\" itemscope itemprop=\"acceptedAnswer\" itemtype=\"https:\/\/schema.org\/Answer\"><div class=\"w-tabs-section-content-h i-cf\" itemprop=\"text\"><div class=\"wpb_text_column\"><div class=\"wpb_wrapper\"><p>Poskytujeme subdodavatele jak pro kr\u00e1tkodob\u00e9 individu\u00e1ln\u00ed projekty, tak pro dlouhodob\u00e9 r\u00e1mcov\u00e9 smlouvy s n\u011bkolika t\u00fdmy. Na\u0161e s\u00ed\u0165 v\u00edce ne\u017e 100 000 specialist\u016f n\u00e1m umo\u017e\u0148uje pru\u017en\u011b reagovat na projekty jak\u00e9koli velikosti.<\/p>\n<\/div><\/div><\/div><\/div><\/div><\/div><\/div><\/div><\/div><\/div><\/div><\/section>","protected":false},"excerpt":{"rendered":"Stehen Sie als Unternehmen vor der Herausforderung, die idealen Subunternehmer f\u00fcr Ihre Projekte zu finden? Global Business Recruiting ist Ihr Partner in der Vermittlung qualifizierter und zuverl\u00e4ssiger Subunternehmer, um Ihre Projekte effizient und erfolgreich umzusetzen. Unsere umfassende Unterst\u00fctzung deckt alle Aspekte ab \u2013 von rechtlichen Fragen bis hin zu bew\u00e4hrten Praktiken \u2013 und gew\u00e4hrleistet eine...","protected":false},"author":1,"featured_media":11139,"parent":9347,"menu_order":0,"comment_status":"closed","ping_status":"closed","template":"","meta":{"_acf_changed":false,"footnotes":""},"class_list":["post-9818","page","type-page","status-publish","has-post-thumbnail","hentry"],"acf":[],"_links":{"self":[{"href":"https:\/\/global-business-recruiting.de\/cs\/wp-json\/wp\/v2\/pages\/9818","targetHints":{"allow":["GET"]}}],"collection":[{"href":"https:\/\/global-business-recruiting.de\/cs\/wp-json\/wp\/v2\/pages"}],"about":[{"href":"https:\/\/global-business-recruiting.de\/cs\/wp-json\/wp\/v2\/types\/page"}],"author":[{"embeddable":true,"href":"https:\/\/global-business-recruiting.de\/cs\/wp-json\/wp\/v2\/users\/1"}],"replies":[{"embeddable":true,"href":"https:\/\/global-business-recruiting.de\/cs\/wp-json\/wp\/v2\/comments?post=9818"}],"version-history":[{"count":4,"href":"https:\/\/global-business-recruiting.de\/cs\/wp-json\/wp\/v2\/pages\/9818\/revisions"}],"predecessor-version":[{"id":11200,"href":"https:\/\/global-business-recruiting.de\/cs\/wp-json\/wp\/v2\/pages\/9818\/revisions\/11200"}],"up":[{"embeddable":true,"href":"https:\/\/global-business-recruiting.de\/cs\/wp-json\/wp\/v2\/pages\/9347"}],"wp:featuredmedia":[{"embeddable":true,"href":"https:\/\/global-business-recruiting.de\/cs\/wp-json\/wp\/v2\/media\/11139"}],"wp:attachment":[{"href":"https:\/\/global-business-recruiting.de\/cs\/wp-json\/wp\/v2\/media?parent=9818"}],"curies":[{"name":"wp","href":"https:\/\/api.w.org\/{rel}","templated":true}]}}