{"id":9820,"date":"2026-03-11T12:06:21","date_gmt":"2026-03-11T12:06:21","guid":{"rendered":"https:\/\/global-business-recruiting.de\/?page_id=9820"},"modified":"2026-03-29T12:56:05","modified_gmt":"2026-03-29T12:56:05","slug":"nedostatek-kvalifikovane-pracovni-sily-v-obrannem-prumyslu","status":"publish","type":"page","link":"https:\/\/global-business-recruiting.de\/cs\/wissen\/fachkraeftemangel-ruestungsindustrie\/","title":{"rendered":"V\u00fdzvy v oblasti n\u00e1boru pracovn\u00edk\u016f pro obrann\u00fd pr\u016fmysl v N\u011bmecku"},"content":{"rendered":"<section class=\"l-section wpb_row height_custom\"><div class=\"l-section-h i-cf\"><div class=\"g-cols vc_row via_grid cols_1 laptops-cols_inherit tablets-cols_inherit mobiles-cols_1 valign_top type_default stacking_default\"><div class=\"wpb_column vc_column_container\"><div class=\"vc_column-inner\"><div class=\"wpb_text_column\"><div class=\"wpb_wrapper\"><p>N\u00e1bor v<span>\u00a0<\/span><strong>Obrann\u00fd pr\u016fmysl v N\u011bmecku<\/strong><span>\u00a0<\/span>je pod rostouc\u00edm tlakem. Nedostatek kvalifikovan\u00e9 pracovn\u00ed s\u00edly se ji\u017e net\u00fdk\u00e1 pouze IT nebo o\u0161et\u0159ovatelstv\u00ed - v odv\u011btv\u00edch souvisej\u00edc\u00edch s bezpe\u010dnost\u00ed, jako je nap\u0159.<span>\u00a0<\/span><strong>Obrann\u00fd pr\u016fmysl<\/strong><span>\u00a0<\/span>se pot\u00fdkaj\u00ed s nedostatkem kvalifikovan\u00fdch odborn\u00edk\u016f. Sou\u010dasn\u011b se zvy\u0161uj\u00ed po\u017eadavky: Uchaze\u010di mus\u00ed m\u00edt nejen technick\u00e9 dovednosti, ale mus\u00ed tak\u00e9 proj\u00edt slo\u017eit\u00fdmi bezpe\u010dnostn\u00edmi prov\u011brkami. Tato jedine\u010dn\u00e1 kombinace \u010din\u00ed z n\u00e1boru v obrann\u00e9m pr\u016fmyslu slo\u017eit\u00fd \u00fakol.<\/p>\n<p>Spole\u010dnosti v obrann\u00e9m pr\u016fmyslu v N\u011bmecku \u010del\u00ed geopoliticky podm\u00edn\u011bn\u00e9mu r\u016fstu. Objedn\u00e1vky v oblasti obrany rostou, zejm\u00e9na v d\u016fsledku mezin\u00e1rodn\u00edch konflikt\u016f a posilov\u00e1n\u00ed NATO. Bez dob\u0159e vy\u0161kolen\u00e9ho person\u00e1lu v\u0161ak realizace v\u00e1zne. V d\u016fsledku toho se projekty zpo\u017e\u010fuj\u00ed, prodlu\u017euj\u00ed se dodac\u00ed lh\u016fty a trp\u00ed konkurenceschopnost.<\/p>\n<h2>Obrann\u00fd pr\u016fmysl a nedostatek kvalifikovan\u00fdch pracovn\u00edk\u016f: rostouc\u00ed v\u00fdzva<\/h2>\n<p>Na str\u00e1nk\u00e1ch<span>\u00a0<\/span><strong>Obrann\u00fd pr\u016fmysl a nedostatek kvalifikovan\u00fdch pracovn\u00edk\u016f<\/strong><span>\u00a0<\/span>spolu p\u0159\u00edmo souvisej\u00ed. Kvalifikovan\u00e9 pracovn\u00edky s prax\u00ed v leteck\u00e9m a kosmick\u00e9m in\u017een\u00fdrstv\u00ed, stroj\u00edrenstv\u00ed nebo elektronice je t\u011b\u017ek\u00e9 naj\u00edt. Nedostatek odborn\u00edk\u016f v t\u011bchto oborech je obzvl\u00e1\u0161t\u011b kritick\u00fd:<\/p>\n<ul>\n<li>Elektronika a senzory<\/li>\n<li>Zbran\u011b a obrann\u00e9 technologie<\/li>\n<li>Kybernetick\u00e1 obrana<\/li>\n<li>Drony a robotick\u00e9 syst\u00e9my<\/li>\n<\/ul>\n<p>V t\u011bchto profes\u00edch panuje vysok\u00e1 konkurence. Obrann\u00fd pr\u016fmysl z\u00e1rove\u0148 pot\u0159ebuje dal\u0161\u00ed zam\u011bstnance, proto\u017ee se roz\u0161i\u0159uj\u00ed zbrojn\u00ed projekty.<span>\u00a0<\/span><strong>Projekty vyzbrojov\u00e1n\u00ed Bundeswehru<\/strong><span>\u00a0<\/span>jako je po\u0159\u00edzen\u00ed nov\u00fdch st\u00edha\u010dek nebo tank\u016f, vy\u017eaduj\u00ed technick\u00e9 znalosti ve v\u0161ech f\u00e1z\u00edch v\u00fdvoje.<\/p>\n<p>N\u00e1bor\u00e1\u0159i proto stoj\u00ed p\u0159ed \u00fakolem naj\u00edt v kr\u00e1tk\u00e9m \u010dase technicky vynikaj\u00edc\u00ed odborn\u00edky s osv\u011bd\u010den\u00edm o bezpe\u010dnosti pr\u00e1ce. To vy\u017eaduje nov\u00e9 strategie a dobrou znalost oboru.<\/p>\n<h2>Pro\u010d jsou bezpe\u010dnostn\u00ed kontroly v n\u00e1borov\u00e9m pr\u016fmyslu tak d\u016fle\u017eit\u00e9?<\/h2>\n<p>Na rozd\u00edl od civiln\u00edch odv\u011btv\u00ed se uchaze\u010di o mnoho povol\u00e1n\u00ed<span>\u00a0<\/span><strong>Pracovn\u00ed m\u00edsta v oblasti vojensk\u00fdch technologi\u00ed<\/strong><span>\u00a0<\/span>proj\u00edt bezpe\u010dnostn\u00ed prov\u011brkou vobrann\u00e9m sektoru. Tuto prov\u011brku prov\u00e1d\u00ed Spolkov\u00fd \u00fa\u0159ad pro ochranu \u00fastavy a m\u016f\u017ee trvat i n\u011bkolik t\u00fddn\u016f. Plat\u00ed pro ni p\u0159\u00edsn\u00e1 krit\u00e9ria:<\/p>\n<ul>\n<li>\u017d\u00e1dn\u00e9 p\u0159edchoz\u00ed odsouzen\u00ed ani prob\u00edhaj\u00edc\u00ed vy\u0161et\u0159ov\u00e1n\u00ed<\/li>\n<li>\u017d\u00e1dn\u00e9 kontakty s extremistick\u00fdmi skupinami<\/li>\n<li>Absolutn\u00ed spolehlivost a diskr\u00e9tnost<\/li>\n<\/ul>\n<p>Tyto po\u017eadavky zna\u010dn\u011b omezuj\u00ed okruh \u017eadatel\u016f. Dokonce i vysoce kvalifikovan\u00ed odborn\u00edci mohou v testu neusp\u011bt, co\u017e je\u0161t\u011b v\u00edce zt\u011b\u017euje n\u00e1bor pro n\u011bmeck\u00fd obrann\u00fd pr\u016fmysl.<\/p>\n<p>Existuj\u00ed tak\u00e9 v\u00fdzvy v oblasti<span>\u00a0<\/span><strong>Spr\u00e1va \u017eadatel\u016f s \u00farovn\u00ed d\u016fv\u011brnosti<\/strong>. Mana\u017ee\u0159i lidsk\u00fdch zdroj\u016f mus\u00ed zajistit, aby citliv\u00e9 informace byly p\u0159\u00edstupn\u00e9 pouze opr\u00e1vn\u011bn\u00fdm osob\u00e1m, co\u017e je aspekt, kter\u00fd zna\u010dn\u011b komplikuje proces pod\u00e1v\u00e1n\u00ed \u017e\u00e1dost\u00ed.<\/p>\n<h2>N\u00e1borov\u00e1 agentura pro obrann\u00fd pr\u016fmysl v N\u011bmecku: Zvl\u00e1\u0161tnosti p\u0159i n\u00e1boru zam\u011bstnanc\u016f<\/h2>\n<p>Na str\u00e1nk\u00e1ch<span>\u00a0<\/span><strong>N\u00e1bor zam\u011bstnanc\u016f v obrann\u00e9m pr\u016fmyslu<\/strong><span>\u00a0<\/span>se v\u00fdrazn\u011b li\u0161\u00ed od tradi\u010dn\u00edho n\u00e1boru. Vzhledem k z\u00e1konn\u00fdm po\u017eadavk\u016fm a p\u0159edpis\u016fm o kontrole v\u00fdvozu maj\u00ed n\u00e1borov\u00e9 agentury omezen\u00fd man\u00e9vrovac\u00ed prostor. To se t\u00fdk\u00e1 zejm\u00e9na n\u00e1sleduj\u00edc\u00edch oblast\u00ed:<\/p>\n<ul>\n<li>Kontrola v\u00fdvozu v oblasti lidsk\u00fdch zdroj\u016f<\/li>\n<li>St\u00e1tn\u00ed p\u0159\u00edslu\u0161nost \u017eadatel\u016f<\/li>\n<li>Smluvn\u00ed z\u00e1vazky ml\u010denlivosti<\/li>\n<\/ul>\n<p>Krom\u011b toho je mnoho pozic spojeno s projekty. Existuje vysok\u00e1 popt\u00e1vka po<span>\u00a0<\/span><strong>\u0158e\u0161en\u00ed do\u010dasn\u00e9ho zam\u011bstn\u00e1v\u00e1n\u00ed se specializovan\u00fdmi odborn\u00fdmi znalostmi v oboru<\/strong>, flexibilita a pr\u00e1vn\u00ed jistota maj\u00ed nejvy\u0161\u0161\u00ed prioritu. Specializovan\u00ed headhunte\u0159i pro obrann\u00fd pr\u016fmysl mohou v t\u00e9to souvislosti poskytnout c\u00edlenou podporu, pokud maj\u00ed pot\u0159ebn\u00e9 odborn\u00e9 znalosti v oboru.<\/p>\n<p>Spolupr\u00e1ce s takov\u00fdmi odborn\u00edky v\u00fdrazn\u011b urychluje proces n\u00e1boru a zaji\u0161\u0165uje, \u017ee voln\u00e1 pracovn\u00ed m\u00edsta budou vhodn\u011b obsazena.<\/p>\n<h2>Proces pod\u00e1v\u00e1n\u00ed \u017e\u00e1dost\u00ed pro obrann\u00e9 spole\u010dnosti: Po\u017eadavky a realita<\/h2>\n<p>Proces pod\u00e1v\u00e1n\u00ed \u017e\u00e1dost\u00ed v obrann\u00fdch spole\u010dnostech se \u0159\u00edd\u00ed p\u0159\u00edsn\u011b regulovan\u00fdmi postupy. N\u00e1bor\u00e1\u0159i hledaj\u00ed:<\/p>\n<ul>\n<li>Techni\u010dt\u00ed specialist\u00e9 se specifick\u00fdm pr\u016fmyslov\u00fdm vzd\u011bl\u00e1n\u00edm<\/li>\n<li>Zku\u0161enosti s obrann\u00fdmi nebo leteck\u00fdmi projekty<\/li>\n<li>P\u0159ipravenost k bezpe\u010dnostn\u00edm zkou\u0161k\u00e1m<\/li>\n<li>Loajalita k zam\u011bstnavateli a st\u00e1tu<\/li>\n<\/ul>\n<p>Mnoho \u017eadatel\u016f v\u0161ak podce\u0148uje d\u00e9lku a n\u00e1ro\u010dnost procesu. Zat\u00edmco v jin\u00fdch pr\u016fmyslov\u00fdch odv\u011btv\u00edch se \u017e\u00e1dosti vy\u0159izuj\u00ed b\u011bhem n\u011bkolika dn\u016f, v obrann\u00e9m pr\u016fmyslu v N\u011bmecku to m\u016f\u017ee trvat t\u00fddny nebo m\u011bs\u00edce.<\/p>\n<p>Tento rozpor \u010dasto vede k frustraci - jak u firem, tak u \u017eadatel\u016f. Zde mohou zas\u00e1hnout profesion\u00e1ln\u00ed person\u00e1ln\u00ed agentury s oborov\u00fdm zam\u011b\u0159en\u00edm, kter\u00e9 zprost\u0159edkuj\u00ed a vysv\u011btl\u00ed a z\u00e1rove\u0148 zajist\u00ed, aby procesem pro\u0161ly pouze vhodn\u00e9 profily.<\/p>\n<h2>IT specialist\u00e9 Obrann\u00e9 a vojensk\u00e9 \u0161pi\u010dkov\u00e9 technologie<\/h2>\n<p>Na str\u00e1nk\u00e1ch<span>\u00a0<\/span><strong>IT specialist\u00e9 v obran\u011b<\/strong><span>\u00a0<\/span>pat\u0159\u00ed mezi nejvyhled\u00e1van\u011bj\u0161\u00ed odborn\u00edky v obrann\u00e9m sektoru. Modern\u00ed v\u00e1lka je st\u00e1le v\u00edce zalo\u017eena na digit\u00e1ln\u00ed infrastruktu\u0159e: senzory, radary, syst\u00e9my \u0159\u00edzen\u00e9 um\u011blou inteligenc\u00ed, kybernetick\u00e1 bezpe\u010dnost. N\u00e1roky na IT odborn\u00edky jsou odpov\u00eddaj\u00edc\u00edm zp\u016fsobem vysok\u00e9:<\/p>\n<ul>\n<li><strong>Znalost s\u00edt\u00ed kritick\u00fdch z hlediska bezpe\u010dnosti<\/strong><\/li>\n<li><strong>Zku\u0161enosti s vestav\u011bn\u00fdmi syst\u00e9my<\/strong><\/li>\n<li><strong>Pr\u00e1ce se \u0161ifrov\u00e1n\u00edm a kryptografi\u00ed<\/strong><\/li>\n<li><strong>Mo\u017enost uvoln\u011bn\u00ed zabezpe\u010den\u00ed<\/strong><\/li>\n<\/ul>\n<p>Popt\u00e1vka v\u00fdrazn\u011b p\u0159evy\u0161uje nab\u00eddku. Krom\u011b toho spole\u010dnosti v obrann\u00e9m pr\u016fmyslu tvrd\u011b konkuruj\u00ed civiln\u00edmu IT sektoru. Ten nab\u00edz\u00ed atraktivn\u00ed platy a rychlej\u0161\u00ed procesy.<\/p>\n<p>Specializovan\u00e1 person\u00e1ln\u00ed agentura pro obrann\u00fd pr\u016fmysl m\u016f\u017ee pomoci zam\u011b\u0159it se na IT talenty a p\u0159esv\u011bd\u010dit je - nap\u0159\u00edklad prost\u0159ednictv\u00edm individu\u00e1ln\u00edho kari\u00e9rn\u00edho poradenstv\u00ed a transparentn\u00ed komunikace o zvl\u00e1\u0161tnostech tohoto odv\u011btv\u00ed.<\/p>\n<h2>Kari\u00e9ra v obrann\u00e9m pr\u016fmyslu: jistota zam\u011bstn\u00e1n\u00ed nebo riziko?<\/h2>\n<p>Ot\u00e1zka<span>\u00a0<\/span><strong>Jistota zam\u011bstn\u00e1n\u00ed v obrann\u00e9m pr\u016fmyslu v N\u011bmecku<\/strong><span>\u00a0<\/span>pohybuje mnoho \u017eadatel\u016f. Na jedn\u00e9 stran\u011b<span>\u00a0<\/span><strong>Obrann\u00fd dodavatel<\/strong><span>\u00a0<\/span>dlouhodob\u00e9 vyhl\u00eddky, proto\u017ee st\u00e1tn\u00ed zak\u00e1zky jsou obvykle zaji\u0161t\u011bny na n\u011bkolik let. Na druh\u00e9 stran\u011b je zde politick\u00e1 nejistota: zm\u011bny v legislativ\u011b, z\u00e1kazy v\u00fdvozu nebo etick\u00e9 debaty mohou m\u00edt dopad na pracovn\u00ed prost\u0159ed\u00ed.<\/p>\n<p>Mnoho kandid\u00e1t\u016f si klade ot\u00e1zku, zda<span>\u00a0<\/span><strong>Kari\u00e9ra v obrann\u00e9m pr\u016fmyslu<\/strong><span>\u00a0<\/span>je mor\u00e1ln\u011b ospravedlniteln\u00fd. Person\u00e1ln\u00ed agentury a spole\u010dnosti proto mus\u00ed st\u00e1le \u010dast\u011bji poskytovat informace - o civiln\u00edch oblastech uplatn\u011bn\u00ed technologi\u00ed, etick\u00fdch z\u00e1sad\u00e1ch spole\u010dnost\u00ed a mo\u017enostech dal\u0161\u00edho zvy\u0161ov\u00e1n\u00ed kvalifikace.<\/p>\n<p>Pokud v\u0161ak chcete dlouhodob\u011b pracovat v technologicky n\u00e1ro\u010dn\u00e9m a bezpe\u010dnostn\u011b relevantn\u00edm prost\u0159ed\u00ed, najdete zde atraktivn\u00ed p\u0159\u00edle\u017eitosti s vysokou m\u00edrou jistoty zam\u011bstn\u00e1n\u00ed a mo\u017enost\u00ed rozvoje.<\/p>\n<h2>Z\u00e1v\u011br: \u0158e\u0161en\u00ed pro napjat\u00fd trh<\/h2>\n<p>N\u00e1bor zam\u011bstnanc\u016f v obrann\u00e9m pr\u016fmyslu v N\u011bmecku je slo\u017eit\u00e1 oblast, kter\u00e1 kombinuje pr\u00e1vn\u00ed, technick\u00e9 a etick\u00e9 po\u017eadavky. Vzhledem k nedostatku kvalifikovan\u00fdch pracovn\u00edk\u016f v odv\u011btv\u00edch souvisej\u00edc\u00edch s bezpe\u010dnost\u00ed je pro spole\u010dnosti st\u00e1le d\u016fle\u017eit\u011bj\u0161\u00ed spol\u00e9hat se na specializovan\u00e9 n\u00e1borov\u00e9 agentury. Pouze s d\u016fkladnou znalost\u00ed obrann\u00e9ho pr\u016fmyslu, pr\u00e1vn\u00edmi znalostmi a aktivn\u00ed komunikac\u00ed lze pro obrann\u00fd pr\u016fmysl z\u00edskat kvalifikovan\u00e9 odborn\u00edky a dlouhodob\u011b si je udr\u017eet.<\/p>\n<h2>\u010casto kladen\u00e9 ot\u00e1zky t\u00fdkaj\u00edc\u00ed se n\u00e1boru v obrann\u00e9m pr\u016fmyslu<\/h2>\n<\/div><\/div><div class=\"w-separator size_small\"><\/div><div class=\"w-tabs style_default switch_click accordion type_togglable has_scrolling\" style=\"--sections-title-size:inherit\"><div class=\"w-tabs-sections titles-align_none icon_chevron cpos_right\"><div class=\"w-tabs-section\" id=\"nece\" itemscope itemprop=\"mainEntity\" itemtype=\"https:\/\/schema.org\/Question\"><button class=\"w-tabs-section-header\" aria-controls=\"content-nece\" aria-expanded=\"false\"><div class=\"w-tabs-section-title\" itemprop=\"name\">Jak dlouho trv\u00e1 bezpe\u010dnostn\u00ed prov\u011brka u pracovn\u00edch m\u00edst v obran\u011b?<\/div><div class=\"w-tabs-section-control\"><\/div><\/button><div  class=\"w-tabs-section-content\" id=\"content-nece\" itemscope itemprop=\"acceptedAnswer\" itemtype=\"https:\/\/schema.org\/Answer\"><div class=\"w-tabs-section-content-h i-cf\" itemprop=\"text\"><div class=\"wpb_text_column\"><div class=\"wpb_wrapper\"><p>Doba trv\u00e1n\u00ed bezpe\u010dnostn\u00ed prov\u011brky Spolkov\u00e9ho \u00fa\u0159adu pro ochranu \u00fastavy se li\u0161\u00ed v z\u00e1vislosti na \u00farovni. Jednoduch\u00e1 kontrola (\u00dc1) m\u016f\u017ee trvat n\u011bkolik t\u00fddn\u016f, zat\u00edmco vy\u0161\u0161\u00ed \u00farovn\u011b (\u00dc2, \u00dc3) mohou trvat n\u011bkolik m\u011bs\u00edc\u016f. N\u00e1borov\u00ed pracovn\u00edci by m\u011bli uchaze\u010de o tomto \u010dasov\u00e9m r\u00e1mci informovat ji\u017e v po\u010d\u00e1te\u010dn\u00ed f\u00e1zi.<\/p>\n<\/div><\/div><\/div><\/div><\/div><div class=\"w-tabs-section\" id=\"kfc5\" itemscope itemprop=\"mainEntity\" itemtype=\"https:\/\/schema.org\/Question\"><button class=\"w-tabs-section-header\" aria-controls=\"content-kfc5\" aria-expanded=\"false\"><div class=\"w-tabs-section-title\" itemprop=\"name\">Mohou v n\u011bmeck\u00e9m obrann\u00e9m pr\u016fmyslu pracovat kvalifikovan\u00ed zahrani\u010dn\u00ed pracovn\u00edci?<\/div><div class=\"w-tabs-section-control\"><\/div><\/button><div  class=\"w-tabs-section-content\" id=\"content-kfc5\" itemscope itemprop=\"acceptedAnswer\" itemtype=\"https:\/\/schema.org\/Answer\"><div class=\"w-tabs-section-content-h i-cf\" itemprop=\"text\"><div class=\"wpb_text_column\"><div class=\"wpb_wrapper\"><p>To je zna\u010dn\u011b omezeno. Mnoho pracovn\u00edch pozic v oblasti bezpe\u010dnosti vy\u017eaduje n\u011bmeck\u00e9 ob\u010danstv\u00ed nebo alespo\u0148 dlouholet\u00fd pobyt v N\u011bmecku. P\u0159edpisy o kontrole v\u00fdvozu, jako je z\u00e1kon o zahrani\u010dn\u00edm obchodu a platb\u00e1ch (AWG), rovn\u011b\u017e upravuj\u00ed, kter\u00e9 st\u00e1tn\u00ed p\u0159\u00edslu\u0161nosti maj\u00ed povolen p\u0159\u00edstup k ur\u010dit\u00fdm technologi\u00edm.<\/p>\n<\/div><\/div><\/div><\/div><\/div><div class=\"w-tabs-section\" id=\"k0b1\" itemscope itemprop=\"mainEntity\" itemtype=\"https:\/\/schema.org\/Question\"><button class=\"w-tabs-section-header\" aria-controls=\"content-k0b1\" aria-expanded=\"false\"><div class=\"w-tabs-section-title\" itemprop=\"name\">Jak\u00e9 technick\u00e9 kvalifikace jsou v obrann\u00e9m pr\u016fmyslu obzvl\u00e1\u0161t\u011b \u017e\u00e1dan\u00e9?<\/div><div class=\"w-tabs-section-control\"><\/div><\/button><div  class=\"w-tabs-section-content\" id=\"content-k0b1\" itemscope itemprop=\"acceptedAnswer\" itemtype=\"https:\/\/schema.org\/Answer\"><div class=\"w-tabs-section-content-h i-cf\" itemprop=\"text\"><div class=\"wpb_text_column\"><div class=\"wpb_wrapper\"><p>\u017d\u00e1dan\u00e9 jsou zejm\u00e9na odborn\u00e9 znalosti v oblasti elektroniky a senzorov\u00e9 techniky, vestav\u011bn\u00fdch syst\u00e9m\u016f, kybernetick\u00e9 bezpe\u010dnosti, technologie dron\u016f a leteck\u00e9ho in\u017een\u00fdrstv\u00ed. Velmi \u017e\u00e1dan\u00ed jsou tak\u00e9 strojn\u00ed in\u017een\u00fd\u0159i se zku\u0161enostmi v oblasti obrann\u00fdch technologi\u00ed.<\/p>\n<\/div><\/div><\/div><\/div><\/div><div class=\"w-tabs-section\" id=\"t197\" itemscope itemprop=\"mainEntity\" itemtype=\"https:\/\/schema.org\/Question\"><button class=\"w-tabs-section-header\" aria-controls=\"content-t197\" aria-expanded=\"false\"><div class=\"w-tabs-section-title\" itemprop=\"name\">Jak se li\u0161\u00ed do\u010dasn\u00e1 pr\u00e1ce v obrann\u00e9m pr\u016fmyslu od jin\u00fdch odv\u011btv\u00ed?<\/div><div class=\"w-tabs-section-control\"><\/div><\/button><div  class=\"w-tabs-section-content\" id=\"content-t197\" itemscope itemprop=\"acceptedAnswer\" itemtype=\"https:\/\/schema.org\/Answer\"><div class=\"w-tabs-section-content-h i-cf\" itemprop=\"text\"><div class=\"wpb_text_column\"><div class=\"wpb_wrapper\"><p>Na do\u010dasnou pr\u00e1ci v obrann\u00e9m pr\u016fmyslu se vztahuj\u00ed p\u0159\u00edsn\u011bj\u0161\u00ed po\u017eadavky: Uchaze\u010di mus\u00ed proj\u00edt bezpe\u010dnostn\u00edmi prov\u011brkami, podepsat dohodu o ml\u010denlivosti a v z\u00e1vislosti na klasifikaci pro kontrolu v\u00fdvozu mohou b\u00fdt nasazeni pouze na n\u011bkter\u00e9 projekty. Krom\u011b toho jsou seznamovac\u00ed obdob\u00ed del\u0161\u00ed ne\u017e v civiln\u00edm pr\u016fmyslu.<\/p>\n<\/div><\/div><\/div><\/div><\/div><div class=\"w-tabs-section\" id=\"k27b\" itemscope itemprop=\"mainEntity\" itemtype=\"https:\/\/schema.org\/Question\"><button class=\"w-tabs-section-header\" aria-controls=\"content-k27b\" aria-expanded=\"false\"><div class=\"w-tabs-section-title\" itemprop=\"name\">M\u016f\u017ee Global Business Recruiting pomoci s um\u00edst\u011bn\u00edm specialist\u016f na obranu?<\/div><div class=\"w-tabs-section-control\"><\/div><\/button><div  class=\"w-tabs-section-content\" id=\"content-k27b\" itemscope itemprop=\"acceptedAnswer\" itemtype=\"https:\/\/schema.org\/Answer\"><div class=\"w-tabs-section-content-h i-cf\" itemprop=\"text\"><div class=\"wpb_text_column\"><div class=\"wpb_wrapper\"><p>Spole\u010dnost Global Business Recruiting m\u00e1 zku\u0161enosti s n\u00e1borem technick\u00fdch specialist\u016f pro n\u00e1ro\u010dn\u00e1 odv\u011btv\u00ed. R\u00e1di v\u00e1m porad\u00edme s mo\u017enostmi a podpo\u0159\u00edme v\u00e1s p\u0159i hled\u00e1n\u00ed vhodn\u00fdch kandid\u00e1t\u016f - s p\u0159ihl\u00e9dnut\u00edm ke v\u0161em specifick\u00fdm po\u017eadavk\u016fm odv\u011btv\u00ed.<\/p>\n<\/div><\/div><\/div><\/div><\/div><\/div><\/div><\/div><\/div><\/div><\/div><\/section>","protected":false},"excerpt":{"rendered":"Die Personalvermittlung in der\u00a0R\u00fcstungsindustrie in Deutschland\u00a0steht unter wachsendem Druck. Der Fachkr\u00e4ftemangel betrifft l\u00e4ngst nicht mehr nur IT oder Pflege \u2013 auch sicherheitsrelevante Branchen wie die\u00a0Verteidigungsindustrie\u00a0k\u00e4mpfen mit Engp\u00e4ssen bei qualifizierten Fachkr\u00e4ften. Gleichzeitig steigen die Anforderungen: Bewerber ben\u00f6tigen nicht nur technische F\u00e4higkeiten, sondern m\u00fcssen auch komplexe Sicherheits\u00fcberpr\u00fcfungen bestehen. Diese einzigartige Kombination macht das Recruiting in der R\u00fcstungsbranche...","protected":false},"author":1,"featured_media":11145,"parent":9347,"menu_order":0,"comment_status":"closed","ping_status":"closed","template":"","meta":{"_acf_changed":false,"footnotes":""},"class_list":["post-9820","page","type-page","status-publish","has-post-thumbnail","hentry"],"acf":[],"_links":{"self":[{"href":"https:\/\/global-business-recruiting.de\/cs\/wp-json\/wp\/v2\/pages\/9820","targetHints":{"allow":["GET"]}}],"collection":[{"href":"https:\/\/global-business-recruiting.de\/cs\/wp-json\/wp\/v2\/pages"}],"about":[{"href":"https:\/\/global-business-recruiting.de\/cs\/wp-json\/wp\/v2\/types\/page"}],"author":[{"embeddable":true,"href":"https:\/\/global-business-recruiting.de\/cs\/wp-json\/wp\/v2\/users\/1"}],"replies":[{"embeddable":true,"href":"https:\/\/global-business-recruiting.de\/cs\/wp-json\/wp\/v2\/comments?post=9820"}],"version-history":[{"count":6,"href":"https:\/\/global-business-recruiting.de\/cs\/wp-json\/wp\/v2\/pages\/9820\/revisions"}],"predecessor-version":[{"id":11199,"href":"https:\/\/global-business-recruiting.de\/cs\/wp-json\/wp\/v2\/pages\/9820\/revisions\/11199"}],"up":[{"embeddable":true,"href":"https:\/\/global-business-recruiting.de\/cs\/wp-json\/wp\/v2\/pages\/9347"}],"wp:featuredmedia":[{"embeddable":true,"href":"https:\/\/global-business-recruiting.de\/cs\/wp-json\/wp\/v2\/media\/11145"}],"wp:attachment":[{"href":"https:\/\/global-business-recruiting.de\/cs\/wp-json\/wp\/v2\/media?parent=9820"}],"curies":[{"name":"wp","href":"https:\/\/api.w.org\/{rel}","templated":true}]}}