{"id":9824,"date":"2026-03-11T12:24:15","date_gmt":"2026-03-11T12:24:15","guid":{"rendered":"https:\/\/global-business-recruiting.de\/?page_id=9824"},"modified":"2026-03-29T13:00:30","modified_gmt":"2026-03-29T13:00:30","slug":"remeslne-obory-zbrojarsky-prumysl","status":"publish","type":"page","link":"https:\/\/global-business-recruiting.de\/cs\/wissen\/handwerksberufe-ruestungsindustrie\/","title":{"rendered":"Kvalifikovan\u00e1 \u0159emesla, po kter\u00fdch je popt\u00e1vka zejm\u00e9na v obrann\u00e9m pr\u016fmyslu."},"content":{"rendered":"<section class=\"l-section wpb_row height_custom\"><div class=\"l-section-h i-cf\"><div class=\"g-cols vc_row via_grid cols_1 laptops-cols_inherit tablets-cols_inherit mobiles-cols_1 valign_top type_default stacking_default\"><div class=\"wpb_column vc_column_container\"><div class=\"vc_column-inner\"><div class=\"wpb_text_column\"><div class=\"wpb_wrapper\"><p>N\u011bmeck\u00fd obrann\u00fd pr\u016fmysl se t\u011b\u0161\u00ed na miliardov\u00e9 zak\u00e1zky. Aby bylo mo\u017en\u00e9 nov\u00e9 zak\u00e1zky splnit, je t\u0159eba p\u0159ijmout dal\u0161\u00ed zam\u011bstnance - v\u010detn\u011b kvalifikovan\u00fdch pracovn\u00edk\u016f. Zde se dozv\u00edte, jak je m\u016f\u017eete pro svou spole\u010dnost v obrann\u00e9m pr\u016fmyslu z\u00edskat i p\u0159es nedostatek kvalifikovan\u00fdch pracovn\u00edk\u016f!<\/p>\n<h2>Rozmach n\u011bmeck\u00e9ho obrann\u00e9ho pr\u016fmyslu<\/h2>\n<p>N\u011bmeck\u00fd obrann\u00fd pr\u016fmysl je na vzestupu. Jen EU pl\u00e1nuje do roku 2029 investovat do evropsk\u00e9 obrany p\u0159ibli\u017en\u011b 800 miliard eur. Bezpe\u010dnost N\u011bmecka se m\u00e1 zv\u00fd\u0161it pos\u00edlen\u00edm a modernizac\u00ed n\u011bmeck\u00fdch ozbrojen\u00fdch sil. To je nezbytn\u00e9 zejm\u00e9na s ohledem na sou\u010dasn\u00fd politick\u00fd a geopolitick\u00fd v\u00fdvoj.<\/p>\n<p>V N\u011bmecku p\u016fsob\u00ed n\u011bkolik v\u00fdznamn\u00fdch obrann\u00fdch spole\u010dnost\u00ed, kter\u00e9 nyn\u00ed hledaj\u00ed nov\u00e9 zam\u011bstnance - \u010dasto tak\u00e9 kvalifikovan\u00e9 pracovn\u00edky. Mimochodem, mezi deset nejv\u011bt\u0161\u00edch obrann\u00fdch spole\u010dnost\u00ed v N\u011bmecku pat\u0159\u00ed Airbus, Rheinmetall, KNDS, MBDA, ThyssenKrupp Marine Systems, Hensoldt, Diehl, Renk, MTU Aero Engines a Heckler &amp; Koch.<\/p>\n<h2>Kter\u00e9 obory jsou v obrann\u00e9m pr\u016fmyslu obzvl\u00e1\u0161t\u011b \u017e\u00e1dan\u00e9?<\/h2>\n<p>V\u00fdroba obrann\u00e9ho vybaven\u00ed je slo\u017eit\u00fd a technologicky n\u00e1ro\u010dn\u00fd proces. Krom\u011b in\u017een\u00fdr\u016f, technik\u016f a v\u011bdc\u016f jsou zapot\u0159eb\u00ed tak\u00e9 \u0159emesln\u00edci. Nejd\u016fle\u017eit\u011bj\u0161\u00ed \u0159emesla v obrann\u00e9m pr\u016fmyslu jsou n\u00e1sleduj\u00edc\u00ed:<\/p>\n<ol>\n<li><strong><a href=\"https:\/\/global-business-recruiting.de\/cs\/profese\/schweisser\/\">Sv\u00e1\u0159e\u010d:<\/a><\/strong><span>\u00a0<\/span>jsou nezbytn\u00e9 pro v\u00fdrobu panc\u00ed\u0159\u016f, n\u00e1bojnic zbran\u00ed a mnoha dal\u0161\u00edch produkt\u016f v obrann\u00e9m pr\u016fmyslu.<\/li>\n<li><strong>Obsluha CNC soustruhu:<\/strong><span>\u00a0<\/span>Jsou pot\u0159ebn\u00e9 pro p\u0159esnou v\u00fdrobu sou\u010d\u00e1stek pou\u017e\u00edvan\u00fdch p\u0159i v\u00fdrob\u011b vojensk\u00e9ho vybaven\u00ed.<\/li>\n<li><strong>In\u017een\u00fdr mechatroniky:<\/strong><span>\u00a0<\/span>stav\u011bt a opravovat slo\u017eit\u00e9 vojensk\u00e9 syst\u00e9my, jako jsou bezpilotn\u00ed letouny.<\/li>\n<li><strong>Zbra\u0148ov\u00fd technik:<\/strong><span>\u00a0<\/span>Odpov\u00eddaj\u00ed za v\u00fdvoj a mont\u00e1\u017e v\u0161ech typ\u016f zbran\u00ed a souvisej\u00edc\u00edho st\u0159eliva.<\/li>\n<li><strong>Tesa\u0159i a truhl\u00e1\u0159i:<\/strong><span>\u00a0<\/span>jsou pot\u0159ebn\u00e9 v obrann\u00e9m pr\u016fmyslu, nap\u0159. pro vnit\u0159n\u00ed vybaven\u00ed vozidel a specializovan\u00e9 d\u0159ev\u011bn\u00e9 sou\u010d\u00e1sti.<\/li>\n<li><strong>Obr\u00e1b\u011b\u010d kov\u016f:<\/strong><span>\u00a0<\/span>p\u0159evz\u00edt konstrukci kovov\u00fdch konstrukc\u00ed, kter\u00e9 se pou\u017e\u00edvaj\u00ed t\u00e9m\u011b\u0159 v\u0161ude v obrann\u00e9m pr\u016fmyslu.<\/li>\n<\/ol>\n<h2>Nedostatek kvalifikovan\u00e9 pracovn\u00ed s\u00edly v obrann\u00e9m pr\u016fmyslu<\/h2>\n<p>Nedostatek kvalifikovan\u00e9 pracovn\u00ed s\u00edly v N\u011bmecku dos\u00e1hl zar\u00e1\u017eej\u00edc\u00edch rozm\u011br\u016f. T\u00e9m\u011b\u0159 v ka\u017ed\u00e9m odv\u011btv\u00ed existuj\u00ed podniky, kter\u00e9 jednodu\u0161e nemohou obsadit voln\u00e1 pracovn\u00ed m\u00edsta. Podle \u00fadaj\u016f N\u011bmeck\u00e9ho hospod\u00e1\u0159sk\u00e9ho institutu (IW) je v N\u011bmecku celkem v\u00edce ne\u017e p\u016fl milionu voln\u00fdch pracovn\u00edch m\u00edst. A tak\u00e9 obrann\u00fd pr\u016fmysl stoj\u00ed p\u0159ed velkou v\u00fdzvou n\u00e1boru nov\u00fdch zam\u011bstnanc\u016f - zejm\u00e9na nyn\u00ed, kdy jsou zak\u00e1zky pln\u00e9 a na jejich spln\u011bn\u00ed z\u00e1vis\u00ed n\u00e1rodn\u00ed i evropsk\u00e1 bezpe\u010dnost.<\/p>\n<p>Nedostatek kvalifikovan\u00fdch pracovn\u00edk\u016f by mohl m\u00edt na obrann\u00fd pr\u016fmysl z\u00e1va\u017en\u00fd dopad. Pokud n\u011bmeck\u00e9 obrann\u00e9 spole\u010dnosti nebudou schopny p\u0159ijmout dostatek nov\u00fdch zam\u011bstnanc\u016f, mohl by to b\u00fdt probl\u00e9m s geopolitick\u00fdmi d\u016fsledky.<\/p>\n<p>Jak\u00e9 jsou tedy strategie boje proti nedostatku kvalifikovan\u00e9 pracovn\u00ed s\u00edly v obrann\u00e9m pr\u016fmyslu? Jak se n\u011bmeck\u00e9 spole\u010dnosti v obrann\u00e9m pr\u016fmyslu sna\u017e\u00ed p\u0159il\u00e1kat nov\u00e9 kvalifikovan\u00e9 zam\u011bstnance navzdory nedostatku person\u00e1lu?<\/p>\n<h2>Jak m\u016f\u017ee do\u010dasn\u00e1 pr\u00e1ce \u010delit nedostatku kvalifikovan\u00e9 pracovn\u00ed s\u00edly?<\/h2>\n<p>Nejjednodu\u0161\u0161\u00edm \u0159e\u0161en\u00edm je pravd\u011bpodobn\u011b do\u010dasn\u00e1 pr\u00e1ce (zn\u00e1m\u00e1 tak\u00e9 jako person\u00e1ln\u00ed leasing nebo pron\u00e1jem zam\u011bstnanc\u016f). P\u0159i do\u010dasn\u00e9 pr\u00e1ci si firmy na ur\u010ditou dobu p\u016fj\u010duj\u00ed zam\u011bstnance od jin\u00e9 firmy.<\/p>\n<p>Spole\u010dnost Global Business Recruiting se ji\u017e v\u00edce ne\u017e 30 let specializuje na do\u010dasn\u00e9 zam\u011bstn\u00e1v\u00e1n\u00ed pracovn\u00edk\u016f - zejm\u00e9na z v\u00fdchodn\u00ed Evropy. Vyhled\u00e1v\u00e1me a umis\u0165ujeme kvalifikovan\u00e9 do\u010dasn\u00e9 pracovn\u00edky ze zem\u00ed, jako je Polsko, \u010cesk\u00e1 republika, Rumunsko, balk\u00e1nsk\u00e9 st\u00e1ty, Ma\u010farsko, Chorvatsko, Slovinsko, Slovensko a dal\u0161\u00ed.<\/p>\n<p>Pol\u0161t\u00ed do\u010dasn\u00ed pracovn\u00edci jsou v t\u00e9to souvislosti obzvl\u00e1\u0161t\u011b zaj\u00edmav\u00ed vzhledem k v\u00fdznamn\u00e9 roli Polska v evropsk\u00e9m obrann\u00e9m pr\u016fmyslu. Pol\u0161t\u00ed do\u010dasn\u00ed pracovn\u00edci nav\u00edc \u010dasto velmi dob\u0159e ovl\u00e1daj\u00ed n\u011bm\u010dinu a jsou p\u0159ipraveni k okam\u017eit\u00e9mu nasazen\u00ed.<\/p>\n<p>M\u00e1me dlouholet\u00e9 zku\u0161enosti s person\u00e1ln\u00edm leasingem v oblastech s kritick\u00fdm bezpe\u010dnostn\u00edm rizikem, jako je nap\u0159\u00edklad obrann\u00fd pr\u016fmysl. Pro bezpe\u010dn\u00e9 p\u0159ekon\u00e1n\u00ed v\u0161ech pr\u00e1vn\u00edch a regula\u010dn\u00edch p\u0159ek\u00e1\u017eek je vhodn\u00e9 spolupracovat se zku\u0161en\u00fdm a spolehliv\u00fdm partnerem. A p\u0159esn\u011b takov\u00fdm jsme ji\u017e v\u00edce ne\u017e 30 let.<\/p>\n<p>Celkov\u011b je person\u00e1ln\u00ed leasing vynikaj\u00edc\u00edm \u0159e\u0161en\u00edm nedostatku kvalifikovan\u00e9 pracovn\u00ed s\u00edly v obrann\u00e9m pr\u016fmyslu. Person\u00e1ln\u00ed leasing nebo do\u010dasn\u00e1 pr\u00e1ce samoz\u0159ejm\u011b nefunguje pouze v obrann\u00e9m pr\u016fmyslu, ale i ve v\u0161ech ostatn\u00edch odv\u011btv\u00edch.<\/p>\n<h2>Zvl\u00e1\u0161tn\u00ed pr\u00e1vn\u00ed aspekty do\u010dasn\u00e9 pr\u00e1ce v obrann\u00e9m pr\u016fmyslu<\/h2>\n<p>Vyu\u017e\u00edv\u00e1n\u00ed do\u010dasn\u00fdch pracovn\u00edk\u016f v obrann\u00e9m pr\u016fmyslu podl\u00e9h\u00e1 zvl\u00e1\u0161tn\u00edm pr\u00e1vn\u00edm po\u017eadavk\u016fm. Krom\u011b obecn\u00fdch ustanoven\u00ed n\u011bmeck\u00e9ho z\u00e1kona o do\u010dasn\u00e9m zam\u011bstn\u00e1v\u00e1n\u00ed (A\u00dcG) je t\u0159eba dodr\u017eovat tak\u00e9 p\u0159edpisy o kontrole v\u00fdvozu: Ur\u010dit\u00e9 pozice mohou b\u00fdt obsazeny pouze osobami s n\u011bmeck\u00fdm ob\u010danstv\u00edm nebo odpov\u00eddaj\u00edc\u00edm bezpe\u010dnostn\u00edm statusem. V\u00edce informac\u00ed o pr\u00e1vn\u00edm z\u00e1kladu do\u010dasn\u00e9ho zam\u011bstn\u00e1v\u00e1n\u00ed:<span>\u00a0<\/span><a href=\"https:\/\/global-business-recruiting.de\/cs\/znat\/pronajem-pracovni-sily-vs-subdodavky\/\">Do\u010dasn\u00e9 zam\u011bstn\u00e1n\u00ed vs. subdod\u00e1vky<\/a>.<\/p>\n<p>P\u0159i vys\u00edl\u00e1n\u00ed v\u00fdchodoevropsk\u00fdch kvalifikovan\u00fdch pracovn\u00edk\u016f je nav\u00edc nutn\u00e9 dodr\u017eovat v\u0161echna ustanoven\u00ed z\u00e1kona o vys\u00edl\u00e1n\u00ed pracovn\u00edk\u016f - zejm\u00e9na minim\u00e1ln\u00ed mzdu, pracovn\u00ed dobu a pracovn\u00ed podm\u00ednky.<span>\u00a0<\/span><a href=\"https:\/\/global-business-recruiting.de\/cs\/znat\/certifikat-a1\/\">Certifik\u00e1t A1<\/a>.<\/p>\n<h2>\u010casto kladen\u00e9 ot\u00e1zky o kvalifikovan\u00fdch profes\u00edch v obrann\u00e9m pr\u016fmyslu<\/h2>\n<\/div><\/div><div class=\"w-separator size_small\"><\/div><div class=\"w-tabs style_default switch_click accordion type_togglable has_scrolling\" style=\"--sections-title-size:inherit\"><div class=\"w-tabs-sections titles-align_none icon_chevron cpos_right\"><div class=\"w-tabs-section\" id=\"c556\" itemscope itemprop=\"mainEntity\" itemtype=\"https:\/\/schema.org\/Question\"><button class=\"w-tabs-section-header\" aria-controls=\"content-c556\" aria-expanded=\"false\"><div class=\"w-tabs-section-title\" itemprop=\"name\">Pro\u010d jsou sv\u00e1\u0159e\u010di v obrann\u00e9m pr\u016fmyslu tak \u017e\u00e1dan\u00ed?<\/div><div class=\"w-tabs-section-control\"><\/div><\/button><div  class=\"w-tabs-section-content\" id=\"content-c556\" itemscope itemprop=\"acceptedAnswer\" itemtype=\"https:\/\/schema.org\/Answer\"><div class=\"w-tabs-section-content-h i-cf\" itemprop=\"text\"><div class=\"wpb_text_column\"><div class=\"wpb_wrapper\"><p>Sv\u00e1\u0159e\u010di jsou v obrann\u00e9m pr\u016fmyslu nepostradateln\u00ed, proto\u017ee jsou zodpov\u011bdn\u00ed za v\u00fdrobu panc\u00ed\u0159\u016f, pl\u00e1\u0161\u0165\u016f zbran\u00ed, r\u00e1m\u016f vozidel a konstruk\u010dn\u00edch d\u00edl\u016f. Po\u017eadavky jsou vysok\u00e9: vy\u017eaduje se p\u0159esnost, znalost r\u016fzn\u00fdch sva\u0159ovac\u00edch postup\u016f (MAG, TIG, elektrodov\u00e9 sva\u0159ov\u00e1n\u00ed) a \u010dasto i ochota podrobit se bezpe\u010dnostn\u00edm kontrol\u00e1m.<\/p>\n<\/div><\/div><\/div><\/div><\/div><div class=\"w-tabs-section\" id=\"z641\" itemscope itemprop=\"mainEntity\" itemtype=\"https:\/\/schema.org\/Question\"><button class=\"w-tabs-section-header\" aria-controls=\"content-z641\" aria-expanded=\"false\"><div class=\"w-tabs-section-title\" itemprop=\"name\">Pot\u0159ebuj\u00ed \u0159emesln\u00edci v obrann\u00e9m pr\u016fmyslu bezpe\u010dnostn\u00ed prov\u011brku?<\/div><div class=\"w-tabs-section-control\"><\/div><\/button><div  class=\"w-tabs-section-content\" id=\"content-z641\" itemscope itemprop=\"acceptedAnswer\" itemtype=\"https:\/\/schema.org\/Answer\"><div class=\"w-tabs-section-content-h i-cf\" itemprop=\"text\"><div class=\"wpb_text_column\"><div class=\"wpb_wrapper\"><p>To z\u00e1vis\u00ed na oblasti pou\u017eit\u00ed. Ka\u017ed\u00fd, kdo pracuje p\u0159\u00edmo na syst\u00e9mech d\u016fle\u017eit\u00fdch pro bezpe\u010dnost nebo ve vyhrazen\u00fdch oblastech, obecn\u011b vy\u017eaduje bezpe\u010dnostn\u00ed inspekci podle n\u011bmeck\u00e9ho z\u00e1kona o bezpe\u010dnostn\u00ed inspekci (S\u00dcG). U b\u011b\u017en\u00fdch manu\u00e1ln\u00edch \u010dinnost\u00ed ve v\u00fdrobn\u00edch hal\u00e1ch to nen\u00ed v\u017edy nutn\u00e9.<\/p>\n<\/div><\/div><\/div><\/div><\/div><div class=\"w-tabs-section\" id=\"m723\" itemscope itemprop=\"mainEntity\" itemtype=\"https:\/\/schema.org\/Question\"><button class=\"w-tabs-section-header\" aria-controls=\"content-m723\" aria-expanded=\"false\"><div class=\"w-tabs-section-title\" itemprop=\"name\">Mohou b\u00fdt v\u00fdchodoevrop\u0161t\u00ed \u0159emesln\u00edci zam\u011bstn\u00e1ni v n\u011bmeck\u00e9m obrann\u00e9m pr\u016fmyslu?<\/div><div class=\"w-tabs-section-control\"><\/div><\/button><div  class=\"w-tabs-section-content\" id=\"content-m723\" itemscope itemprop=\"acceptedAnswer\" itemtype=\"https:\/\/schema.org\/Answer\"><div class=\"w-tabs-section-content-h i-cf\" itemprop=\"text\"><div class=\"wpb_text_column\"><div class=\"wpb_wrapper\"><p>Ano, ob\u010dan\u00e9 EU mohou v z\u00e1sad\u011b pracovat v n\u011bmeck\u00e9m obrann\u00e9m pr\u016fmyslu. Existuj\u00ed omezen\u00ed pro pozice souvisej\u00edc\u00ed s bezpe\u010dnost\u00ed, kter\u00e9 vy\u017eaduj\u00ed n\u011bmeck\u00e9 ob\u010danstv\u00ed nebo ur\u010dit\u00fd status pobytu. Spole\u010dnost Global Business Recruiting v\u00e1m porad\u00ed ohledn\u011b konkr\u00e9tn\u00edch po\u017eadavk\u016f na va\u0161e voln\u00e1 pracovn\u00ed m\u00edsta.<\/p>\n<\/div><\/div><\/div><\/div><\/div><div class=\"w-tabs-section\" id=\"p802\" itemscope itemprop=\"mainEntity\" itemtype=\"https:\/\/schema.org\/Question\"><button class=\"w-tabs-section-header\" aria-controls=\"content-p802\" aria-expanded=\"false\"><div class=\"w-tabs-section-title\" itemprop=\"name\">Jak rychle m\u016f\u017ee Global Business Recruiting zajistit \u0159emesln\u00edky pro obrann\u00fd pr\u016fmysl?<\/div><div class=\"w-tabs-section-control\"><\/div><\/button><div  class=\"w-tabs-section-content\" id=\"content-p802\" itemscope itemprop=\"acceptedAnswer\" itemtype=\"https:\/\/schema.org\/Answer\"><div class=\"w-tabs-section-content-h i-cf\" itemprop=\"text\"><div class=\"wpb_text_column\"><div class=\"wpb_wrapper\"><p>Pro standardn\u00ed pozice, jako jsou sv\u00e1\u0159e\u010di, obr\u00e1b\u011b\u010di kov\u016f nebo obsluha CNC soustruh\u016f, jsme obvykle schopni zajistit kvalifikovanou pracovn\u00ed s\u00edlu p\u0159ipravenou k nasazen\u00ed do t\u00fddne. V\u0161ichni zam\u011bstnanci maj\u00ed pot\u0159ebnou kvalifikaci, hovo\u0159\u00ed n\u011bmecky a jsou sezn\u00e1meni s n\u011bmeck\u00fdmi bezpe\u010dnostn\u00edmi normami.<\/p>\n<\/div><\/div><\/div><\/div><\/div><div class=\"w-tabs-section\" id=\"g8e7\" itemscope itemprop=\"mainEntity\" itemtype=\"https:\/\/schema.org\/Question\"><button class=\"w-tabs-section-header\" aria-controls=\"content-g8e7\" aria-expanded=\"false\"><div class=\"w-tabs-section-title\" itemprop=\"name\">Kter\u00e9 v\u00fdchodoevropsk\u00e9 zem\u011b jsou obzvl\u00e1\u0161t\u011b d\u016fle\u017eit\u00e9 jako zdroj pro zbrojovky?<\/div><div class=\"w-tabs-section-control\"><\/div><\/button><div  class=\"w-tabs-section-content\" id=\"content-g8e7\" itemscope itemprop=\"acceptedAnswer\" itemtype=\"https:\/\/schema.org\/Answer\"><div class=\"w-tabs-section-content-h i-cf\" itemprop=\"text\"><div class=\"wpb_text_column\"><div class=\"wpb_wrapper\"><p>Polsko je zaj\u00edmav\u00e9 zejm\u00e9na d\u00edky sv\u00e9mu siln\u00e9mu obrann\u00e9mu pr\u016fmyslu a vysok\u00e9 \u00farovni kvalifikace kvalifikovan\u00fdch pracovn\u00edk\u016f. Tak\u00e9 na Slovensku, v \u010cesk\u00e9 republice a Rumunsku se nach\u00e1z\u00ed mnoho dob\u0159e vy\u0161kolen\u00fdch \u0159emesln\u00edk\u016f se zku\u0161enostmi v oblasti zpracov\u00e1n\u00ed kov\u016f, kte\u0159\u00ed se mohou rychle zapojit do n\u011bmeck\u00fdch obrann\u00fdch projekt\u016f.<\/p>\n<\/div><\/div><\/div><\/div><\/div><\/div><\/div><\/div><\/div><\/div><\/div><\/section>","protected":false},"excerpt":{"rendered":"Die deutsche R\u00fcstungsindustrie freut sich \u00fcber Auftr\u00e4ge in Milliardenh\u00f6he. Um die neuen Auftr\u00e4ge stemmen zu k\u00f6nnen, m\u00fcssen zus\u00e4tzliche Mitarbeiter eingestellt werden \u2013 darunter auch Handwerker. Erfahren Sie hier, wie Sie diese trotz Fachkr\u00e4ftemangels f\u00fcr Ihr Unternehmen in der Verteidigungsindustrie gewinnen k\u00f6nnen! Der Boom der deutschen R\u00fcstungsindustrie Die deutsche R\u00fcstungsbranche boomt. Allein die EU plant, bis...","protected":false},"author":1,"featured_media":11146,"parent":9347,"menu_order":0,"comment_status":"closed","ping_status":"closed","template":"","meta":{"_acf_changed":false,"footnotes":""},"class_list":["post-9824","page","type-page","status-publish","has-post-thumbnail","hentry"],"acf":[],"_links":{"self":[{"href":"https:\/\/global-business-recruiting.de\/cs\/wp-json\/wp\/v2\/pages\/9824","targetHints":{"allow":["GET"]}}],"collection":[{"href":"https:\/\/global-business-recruiting.de\/cs\/wp-json\/wp\/v2\/pages"}],"about":[{"href":"https:\/\/global-business-recruiting.de\/cs\/wp-json\/wp\/v2\/types\/page"}],"author":[{"embeddable":true,"href":"https:\/\/global-business-recruiting.de\/cs\/wp-json\/wp\/v2\/users\/1"}],"replies":[{"embeddable":true,"href":"https:\/\/global-business-recruiting.de\/cs\/wp-json\/wp\/v2\/comments?post=9824"}],"version-history":[{"count":6,"href":"https:\/\/global-business-recruiting.de\/cs\/wp-json\/wp\/v2\/pages\/9824\/revisions"}],"predecessor-version":[{"id":11198,"href":"https:\/\/global-business-recruiting.de\/cs\/wp-json\/wp\/v2\/pages\/9824\/revisions\/11198"}],"up":[{"embeddable":true,"href":"https:\/\/global-business-recruiting.de\/cs\/wp-json\/wp\/v2\/pages\/9347"}],"wp:featuredmedia":[{"embeddable":true,"href":"https:\/\/global-business-recruiting.de\/cs\/wp-json\/wp\/v2\/media\/11146"}],"wp:attachment":[{"href":"https:\/\/global-business-recruiting.de\/cs\/wp-json\/wp\/v2\/media?parent=9824"}],"curies":[{"name":"wp","href":"https:\/\/api.w.org\/{rel}","templated":true}]}}