{"id":9828,"date":"2026-03-11T12:28:07","date_gmt":"2026-03-11T12:28:07","guid":{"rendered":"https:\/\/global-business-recruiting.de\/wissen\/besonders-gefragte-handwerksberufe-in-der-ruestungsindustrie\/"},"modified":"2026-03-29T13:01:28","modified_gmt":"2026-03-29T13:01:28","slug":"subdodavatele-vychodni-evropa-povinnosti","status":"publish","type":"page","link":"https:\/\/global-business-recruiting.de\/cs\/wissen\/subunternehmen-osteuropa-pflichten\/","title":{"rendered":"Co je t\u0159eba vz\u00edt v \u00favahu p\u0159i vyu\u017e\u00edv\u00e1n\u00ed subdodavatel\u016f z v\u00fdchodn\u00ed Evropy v N\u011bmecku?"},"content":{"rendered":"<section class=\"l-section wpb_row height_custom\"><div class=\"l-section-h i-cf\"><div class=\"g-cols vc_row via_grid cols_1 laptops-cols_inherit tablets-cols_inherit mobiles-cols_1 valign_top type_default stacking_default\"><div class=\"wpb_column vc_column_container\"><div class=\"vc_column-inner\"><div class=\"wpb_text_column\"><div class=\"wpb_wrapper\"><p>Pokud jste firma p\u016fsob\u00edc\u00ed v N\u011bmecku, jist\u011b jste se ji\u017e setkali s nedostatkem kvalifikovan\u00e9 pracovn\u00ed s\u00edly. A\u0165 u\u017e se jedn\u00e1 o logistiku<span>\u00a0<\/span><a href=\"https:\/\/global-business-recruiting.de\/cs\/pobocky\/stavebnictvi\/\">Stavebnictv\u00ed<\/a><span>\u00a0<\/span>nebo<span>\u00a0<\/span><a href=\"https:\/\/global-business-recruiting.de\/cs\/pobocky\/prumyslova-vyroba\/\">Pr\u016fmysl<\/a><span>\u00a0<\/span>v\u0161ichni si st\u011b\u017euj\u00ed na nedostatek kvalifikovan\u00e9 pracovn\u00ed s\u00edly. Subdodavatel\u00e9 z v\u00fdchodn\u00ed Evropy v\u00e1m d\u00e1vaj\u00ed mo\u017enost splnit va\u0161e zak\u00e1zky v\u010das. R\u00e1di bychom v\u00e1m zde uk\u00e1zali, co je pro v\u00e1s jako podnikatele d\u016fle\u017eit\u00e9 a jak\u00e9 m\u00e1te povinnosti.<\/p>\n<h2>Jak\u00e9 jsou va\u0161e povinnosti jako klienta v N\u011bmecku?<\/h2>\n<p>V porovn\u00e1n\u00ed se Spojen\u00fdmi st\u00e1ty neproch\u00e1z\u00ed n\u011bmeck\u00e9 pr\u00e1vo pobytu v podstat\u011b \u017e\u00e1dn\u00fdmi drastick\u00fdmi zm\u011bnami. Nov\u00e9 z\u00e1kony, jako je z\u00e1kon o p\u0159ist\u011bhovalectv\u00ed kvalifikovan\u00fdch pracovn\u00edk\u016f, maj\u00ed usnadnit p\u0159\u00edstup na n\u011bmeck\u00fd pracovn\u00ed trh zejm\u00e9na kvalifikovan\u00fdm pracovn\u00edk\u016fm ze t\u0159et\u00edch zem\u00ed. Pro n\u011bmeck\u00e9 klienty je sp\u00ed\u0161e probl\u00e9m naj\u00edt spolehliv\u00e9ho subdodavatele z v\u00fdchodn\u00ed Evropy, kter\u00fd spr\u00e1vn\u011b vypln\u00ed v\u0161echny pot\u0159ebn\u00e9 registrace. D\u016fle\u017eit\u00e1 je tak\u00e9 registrace ka\u017ed\u00e9ho jednotliv\u00e9ho zam\u011bstnance u celn\u00edch org\u00e1n\u016f, aby bylo zaji\u0161t\u011bno, \u017ee bude pob\u00edrat z\u00e1konem stanovenou minim\u00e1ln\u00ed mzdu. Krom\u011b toho v\u0161ichni zam\u011bstnanci podl\u00e9haj\u00ed odvod\u016fm na soci\u00e1ln\u00ed zabezpe\u010den\u00ed bez ohledu na to, zda maj\u00ed s\u00eddlo v N\u011bmecku nebo v jin\u00e9m \u010dlensk\u00e9m st\u00e1t\u011b EU.<\/p>\n<p>P\u0159\u00edslu\u0161n\u00e9 p\u0159edpisy lze nal\u00e9zt v prov\u00e1d\u011bc\u00edm na\u0159\u00edzen\u00ed EU. N\u011bmeck\u00fd podnik mus\u00ed po\u017e\u00e1dat o p\u0159id\u011blen\u00ed \u010d\u00edsla podniku, aby mohl zam\u011bstn\u00e1vat pracovn\u00edky z jin\u00fdch zem\u00ed EU, co\u017e vy\u017eaduje Spolkov\u00fd \u00fa\u0159ad pr\u00e1ce. Zam\u011bstnanci maj\u00ed rovn\u011b\u017e mo\u017enost zvolit si, prost\u0159ednictv\u00edm kter\u00e9 zdravotn\u00ed poji\u0161\u0165ovny cht\u011bj\u00ed b\u00fdt poji\u0161t\u011bni. D\u016fle\u017eit\u00e9 je p\u0159edlo\u017eit pot\u0159ebn\u00e9 doklady a v\u010das platit v\u0161echny p\u0159\u00edsp\u011bvky. Od 1. ledna 2021 je nutn\u00e9, aby ka\u017ed\u00fd zahrani\u010dn\u00ed zam\u011bstnanec v N\u011bmecku u zahrani\u010dn\u00edch zam\u011bstnavatel\u016f m\u011bl pov\u011b\u0159en\u00e9ho z\u00e1stupce, kter\u00fd m\u016f\u017ee v\u00e9st a uchov\u00e1vat doklady o odm\u011bn\u00e1ch v n\u011bm\u010din\u011b pro p\u0159\u00edpad da\u0148ov\u00e9 kontroly.<\/p>\n<h2>Na co byste si m\u011bli d\u00e1t pozor p\u0159i naj\u00edm\u00e1n\u00ed zahrani\u010dn\u00edch subdodavatel\u016f<\/h2>\n<ul>\n<li>Pracovn\u00edci zahrani\u010dn\u00edho subdodavatele maj\u00ed platnou pracovn\u00ed smlouvu a mohou v N\u011bmecku pracovat.<\/li>\n<li>Jste odpov\u00eddaj\u00edc\u00edm zp\u016fsobem poji\u0161t\u011bni a m\u00e1te potvrzen\u00ed od poji\u0161\u0165ovny (<a href=\"https:\/\/global-business-recruiting.de\/cs\/znat\/certifikat-a1\/\">Certifik\u00e1t A1<\/a>).<\/li>\n<li>Pracovn\u00edci zahrani\u010dn\u00edch subdodavatel\u016f mus\u00ed b\u00fdt placeni podle n\u011bmeck\u00e9 minim\u00e1ln\u00ed mzdy.<\/li>\n<\/ul>\n<p>Pokud zam\u011bstn\u00e1v\u00e1te zahrani\u010dn\u00ed subdodavatele, mus\u00edte jako zam\u011bstnavatel po\u017e\u00e1dat o.<span>\u00a0<\/span><a href=\"https:\/\/global-business-recruiting.de\/cs\/znat\/certifikat-a1\/\">Certifik\u00e1t A1<\/a>. Tato \u017e\u00e1dost se nyn\u00ed obvykle pod\u00e1v\u00e1 online. D\u016fle\u017eit\u00e9 je, kde se \u017e\u00e1dost pod\u00e1v\u00e1, a to z\u00e1vis\u00ed na tom, jak jsou va\u0161i zam\u011bstnanci poji\u0161t\u011bni.<\/p>\n<p>Pokud jsou zam\u011bstnanci povinn\u011b, dobrovoln\u011b nebo rodinn\u011b poji\u0161t\u011bni, m\u011bli byste se obr\u00e1tit na zdravotn\u00ed poji\u0161\u0165ovnu. I v p\u0159\u00edpad\u011b, \u017ee m\u00e1te soukrom\u00e9 p\u0159ipoji\u0161t\u011bn\u00ed, je spr\u00e1vn\u00e9 obr\u00e1tit se na zdravotn\u00ed poji\u0161\u0165ovnu.<\/p>\n<p>Pokud jsou zam\u011bstnanci soukrom\u011b zdravotn\u011b poji\u0161t\u011bni nebo nejsou \u00fa\u010dastni zam\u011bstnaneck\u00e9ho penzijn\u00edho poji\u0161t\u011bn\u00ed, m\u011bli byste \u017e\u00e1dost p\u0159edlo\u017eit poskytovateli penzijn\u00edho poji\u0161t\u011bn\u00ed. V opa\u010dn\u00e9m p\u0159\u00edpad\u011b se \u017e\u00e1dost pod\u00e1v\u00e1 u Arbeitsgemeinschaft berufsst\u00e4ndischer Versorgungseinrichtungen (ABV).<\/p>\n<h2>Minim\u00e1ln\u00ed mzda a po\u017eadavky na dokumentaci<\/h2>\n<p>Od zaveden\u00ed z\u00e1kona o minim\u00e1ln\u00ed mzd\u011b (MiLoG) plat\u00ed n\u011bmeck\u00e9 p\u0159edpisy o minim\u00e1ln\u00ed mzd\u011b pro v\u0161echny zam\u011bstnance pracuj\u00edc\u00ed v N\u011bmecku - bez ohledu na zemi p\u016fvodu zam\u011bstnavatele nebo zam\u011bstnance. Jako zadavatel jste podle \u00a7 13 MiLoG jako ru\u010ditel odpov\u011bdn\u00ed za to, \u017ee v\u00e1\u0161 subdodavatel bude sv\u00fdm zam\u011bstnanc\u016fm vypl\u00e1cet z\u00e1konem stanovenou minim\u00e1ln\u00ed mzdu.<\/p>\n<p>Je t\u0159eba dodr\u017eovat n\u00e1sleduj\u00edc\u00ed dokumenta\u010dn\u00ed povinnosti:<\/p>\n<ul>\n<li>V\u00fdkazy pracovn\u00ed doby v\u0161ech nasazen\u00fdch zam\u011bstnanc\u016f (za\u010d\u00e1tek, konec, d\u00e9lka denn\u00ed pracovn\u00ed doby).<\/li>\n<li>Uchov\u00e1v\u00e1n\u00ed dokument\u016f po dobu nejm\u00e9n\u011b dvou let<\/li>\n<li>Poskytov\u00e1n\u00ed doklad\u016f pro celn\u00ed kontroly (finan\u010dn\u00ed kontrola neleg\u00e1ln\u00edho zam\u011bstn\u00e1v\u00e1n\u00ed)<\/li>\n<li>Zplnomocn\u011bn\u00fd z\u00e1stupce v N\u011bmecku pro uchov\u00e1v\u00e1n\u00ed mzdov\u00fdch doklad\u016f (povinn\u00e9 od roku 2021).<\/li>\n<\/ul>\n<p>Podrobn\u011bji o povinnostech p\u0159edkl\u00e1dat d\u016fkazy:<span>\u00a0<\/span><a href=\"https:\/\/global-business-recruiting.de\/cs\/znat\/subdodavatelske-certifikaty-eu\/\">Cestov\u00e1n\u00ed jako subdodavatel v EU - po\u017eadovan\u00fd doklad<\/a>.<\/p>\n<h2>Vyhn\u011bte se fale\u0161n\u00e9 samostatn\u00e9 v\u00fdd\u011ble\u010dn\u00e9 \u010dinnosti<\/h2>\n<p>\u010casto podce\u0148ovan\u00fdm rizikem p\u0159i vyu\u017e\u00edv\u00e1n\u00ed v\u00fdchodoevropsk\u00fdch subdodavatel\u016f je.<span>\u00a0<\/span><a href=\"https:\/\/global-business-recruiting.de\/cs\/znat\/vyhnuti-se-falesnemu-zamestnani\/\">Fale\u0161n\u00e1 samostatn\u00e1 v\u00fdd\u011ble\u010dn\u00e1 \u010dinnost<\/a>. Pokud jsou zam\u011bstnanci subdodavatele de facto za\u010dlen\u011bni do podnik\u00e1n\u00ed klienta - pevn\u00e1 pracovn\u00ed doba, opr\u00e1vn\u011bn\u00ed klienta vyd\u00e1vat pokyny, pr\u00e1ce v\u00fdhradn\u011b pro jednoho klienta - lze to pova\u017eovat za skryt\u00e9 naj\u00edm\u00e1n\u00ed zam\u011bstnanc\u016f. D\u016fsledkem jsou zp\u011btn\u00e9 platby p\u0159\u00edsp\u011bvk\u016f na soci\u00e1ln\u00ed zabezpe\u010den\u00ed a vysok\u00e9 pokuty.<\/p>\n<h2>R\u00e1di bychom st\u00e1li po va\u0161em boku<\/h2>\n<p>Spole\u010dnost Global Business Recruiting p\u016fsob\u00ed jako poskytovatel person\u00e1ln\u00edch slu\u017eeb ji\u017e v\u00edce ne\u017e 25 let a specializuje se na zprost\u0159edkov\u00e1n\u00ed zam\u011bstnanc\u016f pro firmy v N\u011bmecku. Zam\u011b\u0159ujeme se na poskytov\u00e1n\u00ed<span>\u00a0<\/span><a href=\"https:\/\/global-business-recruiting.de\/cs\/pobocky\/prumyslova-vyroba\/\">Kvalifikovan\u00e1 pracovn\u00ed s\u00edla z v\u00fdchodn\u00ed Evropy<\/a>, zem\u00ed EU a t\u0159et\u00edch zem\u00ed pro r\u016fzn\u00e1 odv\u011btv\u00ed, jako je obchod, stavebnictv\u00ed a pr\u016fmysl,<span>\u00a0<\/span><a href=\"https:\/\/global-business-recruiting.de\/cs\/pobocky\/elektrotechnika\/\">Elektrotechnika<\/a>, stroj\u00edrenstv\u00ed, pr\u016fmyslov\u00e9 mont\u00e1\u017ee, p\u0159emis\u0165ov\u00e1n\u00ed stroj\u016f, l\u00e9ka\u0159stv\u00ed, automobilov\u00fd pr\u016fmysl, kovov\u00e9 a ocelov\u00e9 konstrukce a tak\u00e9 v\u00fdroba a logistika.<\/p>\n<p>Mezi na\u0161e kl\u00ed\u010dov\u00e9 kompetence pat\u0159\u00ed zejm\u00e9na<span>\u00a0<\/span><a href=\"https:\/\/global-business-recruiting.de\/cs\/profese\/schweisser\/\">Sva\u0159ov\u00e1n\u00ed<\/a>, V\u00fdroba kovov\u00fdch konstrukc\u00ed, mont\u00e1\u017en\u00ed pr\u00e1ce a v\u00fdstavba a \u00fadr\u017eba pr\u016fmyslov\u00fdch za\u0159\u00edzen\u00ed. Zaji\u0161\u0165ujeme tak\u00e9 spolehliv\u00e9 pomocn\u00edky ve v\u00fdrob\u011b, pracovn\u00edky na mont\u00e1\u017en\u00edch link\u00e1ch, kontrolory a dal\u0161\u00ed kvalifikovan\u00e9 pracovn\u00ed s\u00edly.<\/p>\n<p>Na\u0161i subdodavatel\u00e9 a brig\u00e1dn\u00edci ze zahrani\u010d\u00ed p\u016fsob\u00ed v r\u016fzn\u00fdch oblastech, v\u010detn\u011b s\u00e9riov\u00e9 a individu\u00e1ln\u00ed v\u00fdroby kovov\u00fdch konstrukc\u00ed a d\u00edl\u016f pro stroj\u00edrenstv\u00ed, silni\u010dn\u00ed stavitelstv\u00ed, stavbu lod\u00ed a pro pou\u017eit\u00ed na \u017eeleznici a ve stavebnictv\u00ed.<\/p>\n<h2>\u010casto kladen\u00e9 ot\u00e1zky t\u00fdkaj\u00edc\u00ed se vyu\u017e\u00edv\u00e1n\u00ed v\u00fdchodoevropsk\u00fdch subdodavatel\u016f v N\u011bmecku<\/h2>\n<\/div><\/div><div class=\"w-separator size_small\"><\/div><div class=\"w-tabs style_default switch_click accordion type_togglable has_scrolling\" style=\"--sections-title-size:inherit\"><div class=\"w-tabs-sections titles-align_none icon_chevron cpos_right\"><div class=\"w-tabs-section\" id=\"h4f5\" itemscope itemprop=\"mainEntity\" itemtype=\"https:\/\/schema.org\/Question\"><button class=\"w-tabs-section-header\" aria-controls=\"content-h4f5\" aria-expanded=\"false\"><div class=\"w-tabs-section-title\" itemprop=\"name\">Mus\u00edm jako zadavatel zajistit, aby m\u016fj subdodavatel m\u011bl certifik\u00e1t A1?<\/div><div class=\"w-tabs-section-control\"><\/div><\/button><div  class=\"w-tabs-section-content\" id=\"content-h4f5\" itemscope itemprop=\"acceptedAnswer\" itemtype=\"https:\/\/schema.org\/Answer\"><div class=\"w-tabs-section-content-h i-cf\" itemprop=\"text\"><div class=\"wpb_text_column\"><div class=\"wpb_wrapper\"><p>Ne, povinnost po\u017e\u00e1dat o osv\u011bd\u010den\u00ed A1 m\u00e1 zam\u011bstnavatel vyslan\u00e9ho pracovn\u00edka, tedy s\u00e1m v\u00fdchodoevropsk\u00fd subdodavatel. Jako objednatel byste v\u0161ak m\u011bli trvat na tom, aby bylo osv\u011bd\u010den\u00ed k dispozici p\u0159ed zah\u00e1jen\u00edm prac\u00ed a abyste ho m\u011bli p\u0159i kontrol\u00e1ch u sebe. Pokud chyb\u00ed, m\u016f\u017eete b\u00fdt jako objednatel rovn\u011b\u017e pokutov\u00e1ni.<\/p>\n<\/div><\/div><\/div><\/div><\/div><div class=\"w-tabs-section\" id=\"y5c9\" itemscope itemprop=\"mainEntity\" itemtype=\"https:\/\/schema.org\/Question\"><button class=\"w-tabs-section-header\" aria-controls=\"content-y5c9\" aria-expanded=\"false\"><div class=\"w-tabs-section-title\" itemprop=\"name\">Jak\u00e9 jsou d\u016fsledky nedodr\u017eov\u00e1n\u00ed minim\u00e1ln\u00ed mzdy?<\/div><div class=\"w-tabs-section-control\"><\/div><\/button><div  class=\"w-tabs-section-content\" id=\"content-y5c9\" itemscope itemprop=\"acceptedAnswer\" itemtype=\"https:\/\/schema.org\/Answer\"><div class=\"w-tabs-section-content-h i-cf\" itemprop=\"text\"><div class=\"wpb_text_column\"><div class=\"wpb_wrapper\"><p>Poru\u0161en\u00ed z\u00e1kona o minim\u00e1ln\u00ed mzd\u011b m\u016f\u017ee v\u00e9st k pokut\u011b a\u017e 500 000 eur. Jako objednatel jste rovn\u011b\u017e odpov\u011bdn\u00fd jako ru\u010ditel za v\u00fdplatu minim\u00e1ln\u00ed mzdy subdodavatelem podle \u00a7 13 MiLoG. Pravideln\u00e9 kontroly ze strany celn\u00edch org\u00e1n\u016f (Finan\u010dn\u00ed kontrola neleg\u00e1ln\u00ed pr\u00e1ce) jsou v N\u011bmecku b\u011b\u017enou prax\u00ed.<\/p>\n<\/div><\/div><\/div><\/div><\/div><div class=\"w-tabs-section\" id=\"x698\" itemscope itemprop=\"mainEntity\" itemtype=\"https:\/\/schema.org\/Question\"><button class=\"w-tabs-section-header\" aria-controls=\"content-x698\" aria-expanded=\"false\"><div class=\"w-tabs-section-title\" itemprop=\"name\">Kter\u00e1 odv\u011btv\u00ed jsou celn\u00edmi org\u00e1ny obzvl\u00e1\u0161t\u011b \u010dasto kontrolov\u00e1na z hlediska poru\u0161en\u00ed p\u0159edpis\u016f o minim\u00e1ln\u00ed mzd\u011b a vys\u00edl\u00e1n\u00ed pracovn\u00edk\u016f?<\/div><div class=\"w-tabs-section-control\"><\/div><\/button><div  class=\"w-tabs-section-content\" id=\"content-x698\" itemscope itemprop=\"acceptedAnswer\" itemtype=\"https:\/\/schema.org\/Answer\"><div class=\"w-tabs-section-content-h i-cf\" itemprop=\"text\"><div class=\"wpb_text_column\"><div class=\"wpb_wrapper\"><p>Finan\u010dn\u00ed kontrola nehl\u00e1\u0161en\u00e9 pr\u00e1ce se zam\u011b\u0159uje zejm\u00e9na na stavebnictv\u00ed, pohostinstv\u00ed, spedici a dopravu a \u00faklid budov. Pravideln\u011b jsou v\u0161ak kontrolov\u00e1ny tak\u00e9 pr\u016fmysl a obchod.<\/p>\n<\/div><\/div><\/div><\/div><\/div><div class=\"w-tabs-section\" id=\"k765\" itemscope itemprop=\"mainEntity\" itemtype=\"https:\/\/schema.org\/Question\"><button class=\"w-tabs-section-header\" aria-controls=\"content-k765\" aria-expanded=\"false\"><div class=\"w-tabs-section-title\" itemprop=\"name\">Mus\u00edm jmenovat zplnomocn\u011bn\u00e9ho z\u00e1stupce v N\u011bmecku, pokud spolupracuji s v\u00fdchodoevropsk\u00fdm subdodavatelem?<\/div><div class=\"w-tabs-section-control\"><\/div><\/button><div  class=\"w-tabs-section-content\" id=\"content-k765\" itemscope itemprop=\"acceptedAnswer\" itemtype=\"https:\/\/schema.org\/Answer\"><div class=\"w-tabs-section-content-h i-cf\" itemprop=\"text\"><div class=\"wpb_text_column\"><div class=\"wpb_wrapper\"><p>Ano - od 1. ledna 2021 jsou zahrani\u010dn\u00ed zam\u011bstnavatel\u00e9 povinni jmenovat v N\u011bmecku pov\u011b\u0159en\u00e9ho z\u00e1stupce, kter\u00fd vede mzdovou evidenci v n\u011bm\u010din\u011b a m\u00e1 ji k dispozici pro da\u0148ov\u00e9 kontroly. To se t\u00fdk\u00e1 i v\u00fdchodoevropsk\u00fdch subdodavatel\u016f pracuj\u00edc\u00edch v N\u011bmecku.<\/p>\n<\/div><\/div><\/div><\/div><\/div><div class=\"w-tabs-section\" id=\"t859\" itemscope itemprop=\"mainEntity\" itemtype=\"https:\/\/schema.org\/Question\"><button class=\"w-tabs-section-header\" aria-controls=\"content-t859\" aria-expanded=\"false\"><div class=\"w-tabs-section-title\" itemprop=\"name\">Jak Global Business Recruiting podporuje integraci v\u00fdchodoevropsk\u00fdch subdodavatel\u016f v souladu s pr\u00e1vn\u00edmi p\u0159edpisy?<\/div><div class=\"w-tabs-section-control\"><\/div><\/button><div  class=\"w-tabs-section-content\" id=\"content-t859\" itemscope itemprop=\"acceptedAnswer\" itemtype=\"https:\/\/schema.org\/Answer\"><div class=\"w-tabs-section-content-h i-cf\" itemprop=\"text\"><div class=\"wpb_text_column\"><div class=\"wpb_wrapper\"><p>Global Business Recruiting se postar\u00e1 o cel\u00fd proces: od z\u00edsk\u00e1n\u00ed v\u0161ech pot\u0159ebn\u00fdch dokument\u016f (A1, \u017eivnostensk\u00fd list, doklad o poji\u0161t\u011bn\u00ed) a\u017e po zaji\u0161t\u011bn\u00ed dodr\u017eov\u00e1n\u00ed minim\u00e1ln\u00ed mzdy a vypracov\u00e1n\u00ed smluv. Vy se tak m\u016f\u017eete soust\u0159edit na sv\u00e9 projekty.<\/p>\n<\/div><\/div><\/div><\/div><\/div><\/div><\/div><\/div><\/div><\/div><\/div><\/section>","protected":false},"excerpt":{"rendered":"Wenn Sie als Unternehmen in Deutschland t\u00e4tig sind, werden Sie mit Sicherheit auch schon den Fachkr\u00e4ftemangel erlebt haben. Ob es die Logistik, die\u00a0Bauwirtschaft\u00a0oder die\u00a0Industrie\u00a0ist, jeder beschwert sich \u00fcber den Mangel an Fachpersonal. Subunternehmer aus Osteuropa geben Ihnen die M\u00f6glichkeit, dass Sie Ihre Auftr\u00e4ge fristgerecht umsetzen k\u00f6nnen. Wir m\u00f6chten hier zeigen, was wichtig f\u00fcr Sie als...","protected":false},"author":1,"featured_media":10617,"parent":9347,"menu_order":0,"comment_status":"closed","ping_status":"closed","template":"","meta":{"_acf_changed":false,"footnotes":""},"class_list":["post-9828","page","type-page","status-publish","has-post-thumbnail","hentry"],"acf":[],"_links":{"self":[{"href":"https:\/\/global-business-recruiting.de\/cs\/wp-json\/wp\/v2\/pages\/9828","targetHints":{"allow":["GET"]}}],"collection":[{"href":"https:\/\/global-business-recruiting.de\/cs\/wp-json\/wp\/v2\/pages"}],"about":[{"href":"https:\/\/global-business-recruiting.de\/cs\/wp-json\/wp\/v2\/types\/page"}],"author":[{"embeddable":true,"href":"https:\/\/global-business-recruiting.de\/cs\/wp-json\/wp\/v2\/users\/1"}],"replies":[{"embeddable":true,"href":"https:\/\/global-business-recruiting.de\/cs\/wp-json\/wp\/v2\/comments?post=9828"}],"version-history":[{"count":6,"href":"https:\/\/global-business-recruiting.de\/cs\/wp-json\/wp\/v2\/pages\/9828\/revisions"}],"predecessor-version":[{"id":11197,"href":"https:\/\/global-business-recruiting.de\/cs\/wp-json\/wp\/v2\/pages\/9828\/revisions\/11197"}],"up":[{"embeddable":true,"href":"https:\/\/global-business-recruiting.de\/cs\/wp-json\/wp\/v2\/pages\/9347"}],"wp:featuredmedia":[{"embeddable":true,"href":"https:\/\/global-business-recruiting.de\/cs\/wp-json\/wp\/v2\/media\/10617"}],"wp:attachment":[{"href":"https:\/\/global-business-recruiting.de\/cs\/wp-json\/wp\/v2\/media?parent=9828"}],"curies":[{"name":"wp","href":"https:\/\/api.w.org\/{rel}","templated":true}]}}