{"id":9836,"date":"2026-03-11T12:53:28","date_gmt":"2026-03-11T12:53:28","guid":{"rendered":"https:\/\/global-business-recruiting.de\/wissen\/subunternehmer-im-baugewerbe-gruende-fuer-den-einsatz-probleme-herausforderungen-und-wie-sie-den-richtigen-finden\/"},"modified":"2026-03-29T13:03:04","modified_gmt":"2026-03-29T13:03:04","slug":"vyhody-subdodavatelske-vystavby","status":"publish","type":"page","link":"https:\/\/global-business-recruiting.de\/cs\/wissen\/vorteile-subunternehmer-baugewerbe\/","title":{"rendered":"V\u00fdhody subdodavatel\u016f ve stavebnictv\u00ed: efektivn\u00ed outsourcing pro va\u0161e stavebn\u00ed projekty"},"content":{"rendered":"<section class=\"l-section wpb_row height_custom\"><div class=\"l-section-h i-cf\"><div class=\"g-cols vc_row via_grid cols_1 laptops-cols_inherit tablets-cols_inherit mobiles-cols_1 valign_top type_default stacking_default\"><div class=\"wpb_column vc_column_container\"><div class=\"vc_column-inner\"><div class=\"wpb_text_column\"><div class=\"wpb_wrapper\"><p>Na str\u00e1nk\u00e1ch<span>\u00a0<\/span><a href=\"https:\/\/global-business-recruiting.de\/cs\/pobocky\/stavebnictvi\/\">Stavebn\u00ed obchod<\/a><span>\u00a0<\/span>neust\u00e1le \u010del\u00ed v\u00fdzv\u011b, jak efektivn\u011b a hospod\u00e1rn\u011b realizovat projekty. V tomto p\u0159\u00edpad\u011b nab\u00edz\u00ed vyu\u017eit\u00ed subdodavatel\u016f strategick\u00e9 \u0159e\u0161en\u00ed. Vyu\u017eit\u00ed subdodavatel\u016f ve stavebnictv\u00ed m\u016f\u017ee nab\u00eddnout \u0159adu v\u00fdhod, od \u00faspory n\u00e1klad\u016f a\u017e po specializovan\u00e9 odborn\u00e9 znalosti. V tomto \u010dl\u00e1nku se zab\u00fdv\u00e1me hlavn\u00edmi v\u00fdhodami subdodavatel\u016f.<\/p>\n<p>V dne\u0161n\u00edm rychle se rozv\u00edjej\u00edc\u00edm stavebnictv\u00ed \u010del\u00ed spole\u010dnosti v\u00fdzv\u011b efektivn\u00edho \u0159\u00edzen\u00ed kvality, n\u00e1klad\u016f a \u010dasu.<\/p>\n<h2>P\u0159ehled hlavn\u00edch v\u00fdhod<\/h2>\n<h3>Kontrola n\u00e1klad\u016f<\/h3>\n<p>Naj\u00edm\u00e1n\u00ed subdodavatel\u016f umo\u017e\u0148uje stavebn\u00edm spole\u010dnostem efektivn\u011b \u0159\u00eddit sv\u00e9 n\u00e1klady. Nam\u00edsto placen\u00ed fixn\u00edch mezd mohou spole\u010dnosti naj\u00edmat subdodavatele podle pot\u0159eby. To vede k pru\u017en\u011bj\u0161\u00ed struktu\u0159e n\u00e1klad\u016f, kdy se plat\u00ed pouze za skute\u010dn\u011b provedenou pr\u00e1ci.<\/p>\n<h3>Flexibilita<\/h3>\n<p>Flexibilita je ve stavebnictv\u00ed nezbytn\u00e1. D\u00edky vys\u00edl\u00e1n\u00ed subdodavatel\u016f mohou spole\u010dnosti rychle reagovat na zm\u011bny v rozsahu prac\u00ed, ani\u017e by se musely zavazovat k dlouhodob\u00e9mu zam\u011bstn\u00e1v\u00e1n\u00ed pracovn\u00edk\u016f. Tato flexibilita je obzvl\u00e1\u0161t\u011b cenn\u00e1 u projekt\u016f, kde se po\u017eadavky na pr\u00e1ci mohou m\u011bnit.<\/p>\n<h3>Specializace a kvalita<\/h3>\n<p>Subdodavatel\u00e9 \u010dasto p\u0159in\u00e1\u0161ej\u00ed specializovan\u00e9 odborn\u00e9 znalosti, kter\u00e9 nemus\u00ed b\u00fdt dostupn\u00e9 v r\u00e1mci b\u011b\u017en\u00fdch pracovn\u00edch sil. Tyto odborn\u00e9 znalosti mohou zlep\u0161it kvalitu pr\u00e1ce a zajistit efektivn\u00ed prov\u00e1d\u011bn\u00ed specializovan\u00fdch technik. Vyu\u017eit\u00ed subdodavatel\u016f zaji\u0161\u0165uje, \u017ee ka\u017ed\u00fd \u00fakol je prov\u00e1d\u011bn odborn\u00edky s odpov\u00eddaj\u00edc\u00edmi odborn\u00fdmi znalostmi.<\/p>\n<h3>Rychlej\u0161\u00ed realizace projektu<\/h3>\n<p>Schopnost rychle vyu\u017e\u00edvat subdodavatele m\u016f\u017ee v\u00fdrazn\u011b zkr\u00e1tit dobu realizace projekt\u016f. Jeliko\u017e jsou subdodavatel\u00e9 okam\u017eit\u011b p\u0159ipraveni k pou\u017eit\u00ed, lze je za\u010dlenit rychleji ne\u017e p\u0159ij\u00edmat a \u0161kolit nov\u00e9 zam\u011bstnance.<\/p>\n<h3>Sn\u00ed\u017een\u00ed administrativn\u00edch \u00fakol\u016f<\/h3>\n<p>Vys\u00edl\u00e1n\u00ed subdodavatel\u016f sni\u017euje administrativn\u00ed z\u00e1t\u011b\u017e hlavn\u00ed spole\u010dnosti. Vzhledem k tomu, \u017ee subdodavatel\u00e9 obvykle p\u0159in\u00e1\u0161ej\u00ed vlastn\u00ed poji\u0161t\u011bn\u00ed a licence, odpad\u00e1 mnoho obvykl\u00fdch administrativn\u00edch p\u0159ek\u00e1\u017eek.<\/p>\n<h3>Minimalizace rizik<\/h3>\n<p>Subdodavatel\u00e9 \u010dasto nesou \u010d\u00e1st projektov\u00e9ho a provozn\u00edho rizika. Proto\u017ee jsou odpov\u011bdn\u00ed za kvalitu sv\u00e9 pr\u00e1ce, mohou sv\u00fdm zapojen\u00edm sn\u00ed\u017eit potenci\u00e1ln\u00ed rizika p\u0159i \u0159\u00edzen\u00ed projektu.<\/p>\n<h2>Strategick\u00e9 v\u00fdhody: Flexibilita, minimalizace rizika a v\u011bt\u0161\u00ed dosah na trh<\/h2>\n<p>Subdod\u00e1vky jsou strategick\u00fdm rozhodnut\u00edm, kter\u00e9 pom\u00e1h\u00e1 stavebn\u00edm spole\u010dnostem z\u016fstat flexibiln\u00ed, konkurenceschopn\u00e9 a n\u00e1kladov\u011b efektivn\u00ed. D\u00edky specializovan\u00fdm dovednostem, flexibiln\u00edmu pl\u00e1nov\u00e1n\u00ed pracovn\u00ed s\u00edly a sn\u00ed\u017een\u00ed administrativn\u00ed a pr\u00e1vn\u00ed z\u00e1t\u011b\u017ee jsou tyto spole\u010dnosti l\u00eddry v oboru. \u00dasp\u011bch je zalo\u017een na v\u00fdb\u011bru spr\u00e1vn\u00fdch subdodavatel\u016f a budov\u00e1n\u00ed siln\u00fdch, d\u016fv\u011bryhodn\u00fdch partnerstv\u00ed.<\/p>\n<p>Souhrnn\u011b \u0159e\u010deno, subdodavatel\u00e9 ve stavebnictv\u00ed umo\u017e\u0148uj\u00ed flexibilitu a specializaci, minimalizuj\u00ed rizika a zvy\u0161uj\u00ed dosah na trh. Jejich vysl\u00e1n\u00ed pom\u00e1h\u00e1 stavebn\u00edm spole\u010dnostem realizovat projekty pru\u017en\u011b a hospod\u00e1rn\u011b a z\u00e1rove\u0148 zaji\u0161\u0165uje kvalitu a spokojenost z\u00e1kazn\u00edk\u016f.<\/p>\n<p>Ein interessanter Blick auf die dynamische Nutzung von Subunternehmern im Baugewerbe bietet die Studie von BBSR im Auftrag des BMWSB (2022) \u201eUnternehmensnachfolge im Baugewerbe\". Diese Studie unterstreicht, wie entscheidend die richtige Auswahl und das Management von Subunternehmern f\u00fcr den Projekterfolg sein k\u00f6nnen.<\/p>\n<h2>Subdodavatel\u00e9 z v\u00fdchodn\u00ed Evropy: zv\u00fd\u0161en\u00ed efektivity<\/h2>\n<p>Vyu\u017e\u00edv\u00e1n\u00ed subdodavatel\u016f ve stavebnictv\u00ed p\u0159in\u00e1\u0161\u00ed \u0159adu v\u00fdhod. Subdodavatel\u00e9 podporuj\u00ed efektivn\u00ed, rychl\u00e9 a kvalitn\u00ed stavebn\u00ed projekty d\u00edky \u00faspor\u00e1m n\u00e1klad\u016f, flexibilit\u011b a odborn\u00fdm znalostem. Jejich strategick\u00e9 vyu\u017eit\u00ed zvy\u0161uje konkurenceschopnost stavebn\u00edch spole\u010dnost\u00ed na vysoce konkuren\u010dn\u00edm trhu.<\/p>\n<p>S podporou subdodavatel\u016f z v\u00fdchodn\u00ed Evropy lze optimalizovat p\u0159\u00ednosy vys\u00edl\u00e1n\u00ed pracovn\u00edk\u016f, a t\u00edm d\u00e1le zv\u00fd\u0161it efektivitu a \u00fasp\u011b\u0161nost stavebn\u00edch projekt\u016f.<\/p>\n<p>Spole\u010dnost Global Business Recruiting m\u016f\u017ee b\u00fdt cenn\u00fdm zdrojem pro va\u0161e subdodavatelsk\u00e9 pot\u0159eby. Poskytujeme nejen pomoc p\u0159i v\u00fdb\u011bru kvalifikovan\u00fdch subdodavatel\u016f, ale tak\u00e9 pomoc s pr\u00e1vn\u00edmi a administrativn\u00edmi z\u00e1le\u017eitostmi. Na\u0161e slu\u017eby mohou b\u00fdt neoceniteln\u00e9 zejm\u00e9na u mezin\u00e1rodn\u00edch projekt\u016f, kde m\u016f\u017ee b\u00fdt dodr\u017eov\u00e1n\u00ed m\u00edstn\u00edch z\u00e1kon\u016f a p\u0159edpis\u016f slo\u017eit\u00e9.<\/p>\n<h2>\u010casto kladen\u00e9 ot\u00e1zky o subdodavatel\u00edch ve stavebnictv\u00ed<\/h2>\n<\/div><\/div><div class=\"w-separator size_small\"><\/div><div class=\"w-tabs style_default switch_click accordion type_togglable has_scrolling\" style=\"--sections-title-size:inherit\"><div class=\"w-tabs-sections titles-align_none icon_chevron cpos_right\"><div class=\"w-tabs-section\" id=\"r290\" itemscope itemprop=\"mainEntity\" itemtype=\"https:\/\/schema.org\/Question\"><button class=\"w-tabs-section-header\" aria-controls=\"content-r290\" aria-expanded=\"false\"><div class=\"w-tabs-section-title\" itemprop=\"name\">Co je t\u0159eba zohlednit p\u0159i vyu\u017e\u00edv\u00e1n\u00ed subdodavatel\u016f?<\/div><div class=\"w-tabs-section-control\"><\/div><\/button><div  class=\"w-tabs-section-content\" id=\"content-r290\" itemscope itemprop=\"acceptedAnswer\" itemtype=\"https:\/\/schema.org\/Answer\"><div class=\"w-tabs-section-content-h i-cf\" itemprop=\"text\"><div class=\"wpb_text_column\"><div class=\"wpb_wrapper\"><p>P\u0159i vyu\u017e\u00edv\u00e1n\u00ed subdodavatel\u016f je t\u0159eba dodr\u017eovat n\u00e1sleduj\u00edc\u00ed body: Smluvn\u00ed p\u0159edpisy (slu\u017eby, odm\u011bna, odpov\u011bdnost, zp\u016fsoby zru\u0161en\u00ed), v\u00fdb\u011br subdodavatele podle znalost\u00ed, zku\u0161enost\u00ed a kvalifikace, pravideln\u00e1 kontrola a monitorov\u00e1n\u00ed prac\u00ed, dodr\u017eov\u00e1n\u00ed z\u00e1kon\u016f a p\u0159edpis\u016f, transparentn\u00ed komunikace, jako\u017e i \u0159\u00edzen\u00ed rizik s kontrolou \u00fav\u011bruschopnosti, ochrana proti platebn\u00ed neschopnosti a dohoda o pravidlech odpov\u011bdnosti ve smlouv\u011b.<\/p>\n<\/div><\/div><\/div><\/div><\/div><div class=\"w-tabs-section\" id=\"d36f\" itemscope itemprop=\"mainEntity\" itemtype=\"https:\/\/schema.org\/Question\"><button class=\"w-tabs-section-header\" aria-controls=\"content-d36f\" aria-expanded=\"false\"><div class=\"w-tabs-section-title\" itemprop=\"name\">Jak\u00e1 osv\u011bd\u010den\u00ed mus\u00ed subdodavatel p\u0159edlo\u017eit?<\/div><div class=\"w-tabs-section-control\"><\/div><\/button><div  class=\"w-tabs-section-content\" id=\"content-d36f\" itemscope itemprop=\"acceptedAnswer\" itemtype=\"https:\/\/schema.org\/Answer\"><div class=\"w-tabs-section-content-h i-cf\" itemprop=\"text\"><div class=\"wpb_text_column\"><div class=\"wpb_wrapper\"><p>Subdodavatel mus\u00ed zpravidla p\u0159edlo\u017eit r\u016fzn\u00e1 osv\u011bd\u010den\u00ed a doklady: V p\u0159\u00edpad\u011b, \u017ee se jedn\u00e1 o subdodavatele, mus\u00ed p\u0159edlo\u017eit: \u017eivnostensk\u00fd list, v\u00fdpis z obchodn\u00edho rejst\u0159\u00edku, DI\u010c, doklad o soci\u00e1ln\u00edm poji\u0161t\u011bn\u00ed, poji\u0161t\u011bn\u00ed odpov\u011bdnosti za \u0161kodu, doklad o kvalifikaci a reference. V p\u0159\u00edpad\u011b vyslan\u00fdch zam\u011bstnanc\u016f z jin\u00fdch zem\u00ed EU se mus\u00ed<span>\u00a0<\/span><a href=\"https:\/\/global-business-recruiting.de\/cs\/znat\/certifikat-a1\/\">Certifik\u00e1t A1<\/a><span>\u00a0<\/span>p\u0159id\u00e1no.<\/p>\n<\/div><\/div><\/div><\/div><\/div><div class=\"w-tabs-section\" id=\"e43f\" itemscope itemprop=\"mainEntity\" itemtype=\"https:\/\/schema.org\/Question\"><button class=\"w-tabs-section-header\" aria-controls=\"content-e43f\" aria-expanded=\"false\"><div class=\"w-tabs-section-title\" itemprop=\"name\">Kolik stoj\u00ed hodina pr\u00e1ce subdodavatele ve stavebnictv\u00ed?<\/div><div class=\"w-tabs-section-control\"><\/div><\/button><div  class=\"w-tabs-section-content\" id=\"content-e43f\" itemscope itemprop=\"acceptedAnswer\" itemtype=\"https:\/\/schema.org\/Answer\"><div class=\"w-tabs-section-content-h i-cf\" itemprop=\"text\"><div class=\"wpb_text_column\"><div class=\"wpb_wrapper\"><p>N\u00e1klady na hodinu pr\u00e1ce subdodavatele ve stavebnictv\u00ed se obecn\u011b pohybuj\u00ed mezi 30 a 80 EUR. Je v\u0161ak d\u016fle\u017eit\u00e9 si uv\u011bdomit, \u017ee p\u0159esn\u00e9 hodinov\u00e9 sazby se mohou li\u0161it v z\u00e1vislosti na regionu, kvalifikaci, zku\u0161enostech a druhu pr\u00e1ce. Stavebn\u00ed spole\u010dnosti a klienti by m\u011bli s p\u0159\u00edslu\u0161n\u00fdm subdodavatelem p\u0159edem vyjednat a dohodnout p\u0159esn\u00e9 podm\u00ednky a ceny.<\/p>\n<\/div><\/div><\/div><\/div><\/div><div class=\"w-tabs-section\" id=\"n519\" itemscope itemprop=\"mainEntity\" itemtype=\"https:\/\/schema.org\/Question\"><button class=\"w-tabs-section-header\" aria-controls=\"content-n519\" aria-expanded=\"false\"><div class=\"w-tabs-section-title\" itemprop=\"name\">Jak se plat\u00ed subdodavateli?<\/div><div class=\"w-tabs-section-control\"><\/div><\/button><div  class=\"w-tabs-section-content\" id=\"content-n519\" itemscope itemprop=\"acceptedAnswer\" itemtype=\"https:\/\/schema.org\/Answer\"><div class=\"w-tabs-section-content-h i-cf\" itemprop=\"text\"><div class=\"wpb_text_column\"><div class=\"wpb_wrapper\"><p>Subdodavatel m\u016f\u017ee b\u00fdt placen r\u016fzn\u00fdmi zp\u016fsoby: Pevn\u00e1 cena (za poskytnut\u00e9 slu\u017eby je dohodnuta pevn\u00e1 \u010d\u00e1stka, kter\u00e1 je vyplacena po dokon\u010den\u00ed zak\u00e1zky), hodinov\u00e1 sazba (subdodavatel obdr\u017e\u00ed dohodnutou odm\u011bnu za hodinu pr\u00e1ce) nebo smluvn\u00ed hodnota (subdodavatel je placen na z\u00e1klad\u011b hodnoty cel\u00e9 zak\u00e1zky, \u010dasto formou procenta). V\u00edce informac\u00ed o spr\u00e1vn\u00e9 fakturaci:<span>\u00a0<\/span><a href=\"https:\/\/global-business-recruiting.de\/cs\/znat\/spravna-fakturace-pracovnich-smluv\/\">Spr\u00e1vn\u00e1 fakturace smluv o d\u00edlo<\/a>.<\/p>\n<\/div><\/div><\/div><\/div><\/div><div class=\"w-tabs-section\" id=\"z621\" itemscope itemprop=\"mainEntity\" itemtype=\"https:\/\/schema.org\/Question\"><button class=\"w-tabs-section-header\" aria-controls=\"content-z621\" aria-expanded=\"false\"><div class=\"w-tabs-section-title\" itemprop=\"name\">Jak\u00fd je pr\u00e1vn\u00ed rozd\u00edl mezi subdodavateli a st\u00e1l\u00fdmi zam\u011bstnanci ve stavebnictv\u00ed?<\/div><div class=\"w-tabs-section-control\"><\/div><\/button><div  class=\"w-tabs-section-content\" id=\"content-z621\" itemscope itemprop=\"acceptedAnswer\" itemtype=\"https:\/\/schema.org\/Answer\"><div class=\"w-tabs-section-content-h i-cf\" itemprop=\"text\"><div class=\"wpb_text_column\"><div class=\"wpb_wrapper\"><p>Subdodavatel\u00e9 jsou nez\u00e1visl\u00ed dodavatel\u00e9 nebo spole\u010dnosti, kter\u00e9 pracuj\u00ed na z\u00e1klad\u011b smlouvy o d\u00edlo a pracovn\u00ed smlouvy. Dlu\u017e\u00ed za v\u00fdsledek (p\u0159evzatou pr\u00e1ci), nikoli pouze za pr\u00e1ci. St\u00e1l\u00ed zam\u011bstnanci jsou v\u00e1z\u00e1ni pokyny a podl\u00e9haj\u00ed odvod\u016fm na soci\u00e1ln\u00ed zabezpe\u010den\u00ed. Pokud jsou subdodavatel\u00e9 de facto vyu\u017e\u00edv\u00e1ni jako zam\u011bstnanci, existuje riziko, \u017ee<span>\u00a0<\/span><a href=\"https:\/\/global-business-recruiting.de\/cs\/znat\/vyhnuti-se-falesnemu-zamestnani\/\">Fale\u0161n\u00e1 samostatn\u00e1 v\u00fdd\u011ble\u010dn\u00e1 \u010dinnost<\/a><span>\u00a0<\/span>se zna\u010dn\u00fdmi pr\u00e1vn\u00edmi a finan\u010dn\u00edmi d\u016fsledky.<\/p>\n<\/div><\/div><\/div><\/div><\/div><\/div><\/div><\/div><\/div><\/div><\/div><\/section>","protected":false},"excerpt":{"rendered":"Das\u00a0Baugewerbe\u00a0steht st\u00e4ndig vor der Herausforderung, Projekte effizient und kostenwirksam durchzuf\u00fchren. Hier bietet die Entsendung von Subunternehmern eine strategische L\u00f6sung. Die Nutzung von Subunternehmern im Baugewerbe kann eine Vielzahl von Vorteilen bieten, die von Kosteneinsparungen bis hin zu spezialisierten Fachwissen reichen. In diesem Artikel er\u00f6rtern wir die zentralen Vorteile der Entsendung von Subunternehmern. In der heutigen...","protected":false},"author":1,"featured_media":10521,"parent":9347,"menu_order":0,"comment_status":"closed","ping_status":"closed","template":"","meta":{"_acf_changed":false,"footnotes":""},"class_list":["post-9836","page","type-page","status-publish","has-post-thumbnail","hentry"],"acf":[],"_links":{"self":[{"href":"https:\/\/global-business-recruiting.de\/cs\/wp-json\/wp\/v2\/pages\/9836","targetHints":{"allow":["GET"]}}],"collection":[{"href":"https:\/\/global-business-recruiting.de\/cs\/wp-json\/wp\/v2\/pages"}],"about":[{"href":"https:\/\/global-business-recruiting.de\/cs\/wp-json\/wp\/v2\/types\/page"}],"author":[{"embeddable":true,"href":"https:\/\/global-business-recruiting.de\/cs\/wp-json\/wp\/v2\/users\/1"}],"replies":[{"embeddable":true,"href":"https:\/\/global-business-recruiting.de\/cs\/wp-json\/wp\/v2\/comments?post=9836"}],"version-history":[{"count":8,"href":"https:\/\/global-business-recruiting.de\/cs\/wp-json\/wp\/v2\/pages\/9836\/revisions"}],"predecessor-version":[{"id":11195,"href":"https:\/\/global-business-recruiting.de\/cs\/wp-json\/wp\/v2\/pages\/9836\/revisions\/11195"}],"up":[{"embeddable":true,"href":"https:\/\/global-business-recruiting.de\/cs\/wp-json\/wp\/v2\/pages\/9347"}],"wp:featuredmedia":[{"embeddable":true,"href":"https:\/\/global-business-recruiting.de\/cs\/wp-json\/wp\/v2\/media\/10521"}],"wp:attachment":[{"href":"https:\/\/global-business-recruiting.de\/cs\/wp-json\/wp\/v2\/media?parent=9836"}],"curies":[{"name":"wp","href":"https:\/\/api.w.org\/{rel}","templated":true}]}}