{"id":9857,"date":"2026-03-12T01:48:00","date_gmt":"2026-03-12T01:48:00","guid":{"rendered":"https:\/\/global-business-recruiting.de\/wissen\/die-vorteile-von-subunternehmern-im-baugewerbe-effizientes-outsourcing-fuer-ihre-bauprojekte\/"},"modified":"2026-03-29T13:03:55","modified_gmt":"2026-03-29T13:03:55","slug":"rizika-odpovednosti-subdodavatelu-vychodni-evropa","status":"publish","type":"page","link":"https:\/\/global-business-recruiting.de\/cs\/wissen\/haftungsgefahren-subunternehmen-osteuropa\/","title":{"rendered":"Rizika odpov\u011bdnosti p\u0159i vyu\u017e\u00edv\u00e1n\u00ed subdodavatel\u016f z v\u00fdchodn\u00ed Evropy"},"content":{"rendered":"<section class=\"l-section wpb_row height_custom\"><div class=\"l-section-h i-cf\"><div class=\"g-cols vc_row via_grid cols_1 laptops-cols_inherit tablets-cols_inherit mobiles-cols_1 valign_top type_default stacking_default\"><div class=\"wpb_column vc_column_container\"><div class=\"vc_column-inner\"><div class=\"wpb_text_column\"><div class=\"wpb_wrapper\"><p>Vyu\u017eit\u00ed subdodavatel\u016f z v\u00fdchodn\u00ed Evropy (Polsko, \u010cesk\u00e1 republika, Slovensko, Ma\u010farsko, Chorvatsko atd.) v N\u011bmecku m\u016f\u017ee firm\u00e1m p\u0159in\u00e9st \u0159adu v\u00fdhod. Mohou u\u0161et\u0159it n\u00e1klady a z\u00edskat p\u0159\u00edstup ke kvalifikovan\u00e9 pracovn\u00ed s\u00edle, kter\u00e1 nemus\u00ed b\u00fdt v N\u011bmecku k dispozici. Spole\u010dnosti by v\u0161ak m\u011bly m\u00edt na pam\u011bti tak\u00e9 rizika spojen\u00e1 s odpov\u011bdnost\u00ed za vyu\u017e\u00edv\u00e1n\u00ed subdodavatel\u016f z v\u00fdchodn\u00ed Evropy. V tomto \u010dl\u00e1nku se budeme zab\u00fdvat mo\u017en\u00fdmi riziky odpov\u011bdnosti a tipy, jak tato rizika minimalizovat.<\/p>\n<p>Pochopen\u00ed t\u011bchto rizik je pro organizace z\u00e1sadn\u00ed, aby se mohly orientovat v pr\u00e1vn\u00edm prost\u0159ed\u00ed a vyhnout se mo\u017en\u00fdm n\u00e1strah\u00e1m. Podrobn\u011b prozkoum\u00e1me pr\u00e1vn\u00ed d\u016fsledky, povinnosti a osv\u011bd\u010den\u00e9 postupy pro zm\u00edrn\u011bn\u00ed rizik. A\u0165 u\u017e jste dodavatel, projektov\u00fd mana\u017eer nebo pr\u00e1vn\u00ed odborn\u00edk, tato p\u0159\u00edru\u010dka v\u00e1m poskytne cenn\u00e9 informace o \u0159\u00edzen\u00ed mezin\u00e1rodn\u00edch subdodavatelsk\u00fdch vztah\u016f.<\/p>\n<h2>Co jsou to subdodavatel\u00e9 a jak\u00fd maj\u00ed v\u00fdznam?<\/h2>\n<p>Subdodavatel\u00e9 jsou spole\u010dnosti pov\u011b\u0159en\u00e9 hlavn\u00edm dodavatelem. Poskytuj\u00ed konkr\u00e9tn\u00ed \u00fakoly nebo slu\u017eby v r\u00e1mci v\u011bt\u0161\u00edho projektu.<\/p>\n<p>Subdodavatelsk\u00e9 smlouvy jsou nezbytn\u00fdm aspektem modern\u00edch obchodn\u00edch operac\u00ed. Umo\u017e\u0148uje spole\u010dnostem z\u00edskat p\u0159\u00edstup ke specializovan\u00fdm dovednostem, sn\u00ed\u017eit n\u00e1klady a zv\u00fd\u0161it efektivitu.<\/p>\n<h2>Jak\u00e1 jsou rizika vyu\u017e\u00edv\u00e1n\u00ed subdodavatel\u016f z Polska, \u010cesk\u00e9 republiky, Slovenska a v\u00fdchodn\u00ed Evropy?<\/h2>\n<p>Zde uv\u00e1d\u00edme n\u011bkter\u00e1 rizika, kter\u00e1 mohou vzniknout p\u0159i vyu\u017e\u00edv\u00e1n\u00ed subdodavatel\u016f ze zahrani\u010d\u00ed:<\/p>\n<ol>\n<li><strong>Pracovn\u011bpr\u00e1vn\u00ed probl\u00e9my:<\/strong><span>\u00a0<\/span>P\u0159i vyu\u017e\u00edv\u00e1n\u00ed subdodavatel\u016f z v\u00fdchodn\u00ed Evropy mus\u00ed spole\u010dnosti zajistit dodr\u017eov\u00e1n\u00ed pracovn\u011bpr\u00e1vn\u00edch p\u0159edpis\u016f. To zahrnuje minim\u00e1ln\u00ed mzdy, pracovn\u00ed dobu a p\u0159\u00edsp\u011bvky na soci\u00e1ln\u00ed zabezpe\u010den\u00ed.<\/li>\n<li><strong>Sank\u010dn\u00ed rizika:<\/strong><span>\u00a0<\/span>Nedodr\u017een\u00ed p\u0159edpis\u016f vede k sankc\u00edm ze strany n\u011bmeck\u00fdch \u00fa\u0159ad\u016f. Pokud nap\u0159\u00edklad subdodavatel poru\u0161\u00ed p\u0159edpisy o minim\u00e1ln\u00ed mzd\u011b, vede to k pokut\u00e1m nebo dokonce k trestn\u00edmu st\u00edh\u00e1n\u00ed.<\/li>\n<li><strong>Rizika spojen\u00e1 s odpov\u011bdnost\u00ed:<\/strong><span>\u00a0<\/span>Spole\u010dnosti mohou b\u00fdt pohn\u00e1ny k odpov\u011bdnosti, pokud se subdodavatel dopust\u00ed poru\u0161en\u00ed pracovn\u00edho pr\u00e1va nebo bezpe\u010dnosti. Spole\u010dnosti jsou odpov\u011bdn\u00e9 podle ob\u010dansk\u00e9ho nebo trestn\u00edho pr\u00e1va, pokud nejednaj\u00ed s n\u00e1le\u017eitou p\u00e9\u010d\u00ed.<\/li>\n<li><strong>Reputa\u010dn\u00ed rizika:<\/strong><span>\u00a0<\/span>Poru\u0161en\u00ed ze strany subdodavatel\u016f rovn\u011b\u017e po\u0161kozuje pov\u011bst spole\u010dnosti. \u0160patn\u00fd tisk nebo negativn\u00ed recenze na soci\u00e1ln\u00edch s\u00edt\u00edch maj\u00ed dlouhodob\u00fd dopad na podnik\u00e1n\u00ed.<\/li>\n<li><strong>Pojistn\u00e9 kryt\u00ed:<\/strong><span>\u00a0<\/span>Je mo\u017en\u00e9, \u017ee pojistn\u00e9 smlouvy n\u011bmeck\u00e9 spole\u010dnosti nejsou p\u0159izp\u016fsobeny spolupr\u00e1ci se zahrani\u010dn\u00edmi subdodavateli. To m\u016f\u017ee v\u00e9st k mezer\u00e1m v pojistn\u00e9m kryt\u00ed.<\/li>\n<\/ol>\n<p>Spole\u010dnosti by m\u011bly tato rizika sledovat a p\u0159ijmout vhodn\u00e1 opat\u0159en\u00ed, aby se vyhnuly mo\u017en\u00fdm n\u00e1sledk\u016fm.<\/p>\n<h2>Rostouc\u00ed po\u010det zahrani\u010dn\u00edch subdodavatel\u016f v N\u011bmecku<\/h2>\n<p>Po\u010det zahrani\u010dn\u00edch subdodavatel\u016f v N\u011bmecku v posledn\u00edch letech vzrostl. Podle studie N\u011bmeck\u00e9 pr\u016fmyslov\u00e9 a obchodn\u00ed komory (DIHK) vyu\u017e\u00edv\u00e1 27 % podnik\u016f v N\u011bmecku pravideln\u011b subdodavatele ze zahrani\u010d\u00ed. Nej\u010dast\u011bji se tak d\u011bje ve stavebnictv\u00ed, n\u00e1sleduje sektor informa\u010dn\u00edch technologi\u00ed a doprava.<\/p>\n<p>Studie Spolkov\u00e9ho institutu pro bezpe\u010dnost a ochranu zdrav\u00ed p\u0159i pr\u00e1ci (BAuA) uk\u00e1zala, \u017ee k poru\u0161ov\u00e1n\u00ed pracovn\u011bpr\u00e1vn\u00edch p\u0159edpis\u016f a p\u0159edpis\u016f na ochranu zdrav\u00ed doch\u00e1z\u00ed \u010dast\u011bji u zahrani\u010dn\u00edch subdodavatel\u016f ne\u017e u dom\u00e1c\u00edch spole\u010dnost\u00ed. To zd\u016fraz\u0148uje pot\u0159ebu pe\u010dliv\u00e9ho monitorov\u00e1n\u00ed a koordinace.<\/p>\n<h2>N\u00e1vrh smlouvy a jasn\u00e9 dohody<\/h2>\n<p>P\u0159i zad\u00e1v\u00e1n\u00ed subdod\u00e1vek jsou nezbytn\u00e9 jasn\u00e9 smlouvy a dohody. Definuj\u00ed podm\u00ednky subdodavatelsk\u00e9ho vztahu. Pat\u0159\u00ed mezi n\u011b rozsah slu\u017eeb, platebn\u00ed podm\u00ednky a mechanismy \u0159e\u0161en\u00ed spor\u016f. Smlouvy tak\u00e9 definuj\u00ed povinnosti a z\u00e1vazky jednotliv\u00fdch stran. Hraj\u00ed d\u016fle\u017eitou roli p\u0159i \u0159\u00edzen\u00ed rizik odpov\u011bdnosti.<\/p>\n<p>V\u00edce informac\u00ed o kl\u00ed\u010dov\u00fdch smluvn\u00edch prvc\u00edch:<span>\u00a0<\/span><a href=\"https:\/\/global-business-recruiting.de\/cs\/znat\/smluvni-dolozky-se-subdodavateli\/\">Podstatn\u00e1 ustanoven\u00ed ve smlouv\u011b se subdodavatelem<\/a><span>\u00a0<\/span>a<span>\u00a0<\/span><a href=\"https:\/\/global-business-recruiting.de\/cs\/znat\/smlouva-o-poskytovani-sluzeb-vs-smlouva-o-dilo\/\">Smlouva o poskytov\u00e1n\u00ed slu\u017eeb vs. smlouva o d\u00edlo - rozd\u00edly a rizika<\/a>.<\/p>\n<h2>Minimalizace rizik odpov\u011bdnosti<\/h2>\n<ol>\n<li><strong>Pe\u010dliv\u011b kontrolujte smlouvy:<\/strong><span>\u00a0<\/span>Spole\u010dnosti mus\u00ed d\u016fkladn\u011b kontrolovat smlouvy se zahrani\u010dn\u00edmi subdodavateli. Z\u00e1sadn\u00ed jsou jasn\u00e9 dohody o pracovn\u00edch podm\u00ednk\u00e1ch, bezpe\u010dnostn\u00edch standardech a ot\u00e1zk\u00e1ch odpov\u011bdnosti.<\/li>\n<li><strong>Pravideln\u00e9 sledov\u00e1n\u00ed:<\/strong><span>\u00a0<\/span>\u010cinnost subdodavatel\u016f mus\u00ed b\u00fdt pravideln\u011b kontrolov\u00e1na, aby bylo zaji\u0161t\u011bno, \u017ee je v souladu s n\u011bmeck\u00fdmi p\u0159edpisy.<\/li>\n<li><strong>Vzd\u011bl\u00e1n\u00ed a odborn\u00e1 p\u0159\u00edprava:<\/strong><span>\u00a0<\/span>Zam\u011bstnanci mus\u00ed b\u00fdt pro\u0161koleni, aby dok\u00e1zali rozpoznat a minimalizovat potenci\u00e1ln\u00ed rizika.<\/li>\n<li><strong>Zkontrolujte pojistn\u00e9 kryt\u00ed:<\/strong><span>\u00a0<\/span>Spole\u010dnosti by m\u011bly zajistit, aby jejich pojistn\u00e9 smlouvy pokr\u00fdvaly spolupr\u00e1ci se zahrani\u010dn\u00edmi subdodavateli.<\/li>\n<li><strong>Programy shody:<\/strong><span>\u00a0<\/span>Zaveden\u00ed komplexn\u00edho programu dodr\u017eov\u00e1n\u00ed p\u0159edpis\u016f, kter\u00fd zajist\u00ed, \u017ee v\u0161ichni subdodavatel\u00e9 dodr\u017euj\u00ed n\u011bmeck\u00e9 z\u00e1kony a p\u0159edpisy.<\/li>\n<\/ol>\n<h2>Jazykov\u00e9 a kulturn\u00ed bari\u00e9ry<\/h2>\n<p>Jazykov\u00e9 a kulturn\u00ed bari\u00e9ry p\u0159edstavuj\u00ed p\u0159i uzav\u00edr\u00e1n\u00ed mezin\u00e1rodn\u00edch subdodavatelsk\u00fdch smluv probl\u00e9m. Nedostate\u010dn\u00e9 jazykov\u00e9 znalosti mohou v\u00e9st k nedorozum\u011bn\u00edm a spor\u016fm. Kulturn\u00ed rozd\u00edly mohou tak\u00e9 ovlivnit obchodn\u00ed praktiky a o\u010dek\u00e1v\u00e1n\u00ed. Proto je d\u016fle\u017eit\u00e9 tyto p\u0159ek\u00e1\u017eky aktivn\u011b \u0159e\u0161it.<\/p>\n<p>Global Business Recruiting zaji\u0161\u0165uje, \u017ee v\u0161ichni zam\u011bstnanci a subdodavatel\u00e9, kte\u0159\u00ed jsou um\u00edst\u011bni, maj\u00ed dostate\u010dnou znalost n\u011bm\u010diny a jsou obezn\u00e1meni s n\u011bmeck\u00fdmi pracovn\u00edmi normami, co\u017e je rozhoduj\u00edc\u00ed v\u00fdhoda oproti nekoordinovan\u00e9mu vyhled\u00e1v\u00e1n\u00ed uvnit\u0159 firmy.<\/p>\n<h2>Mo\u017enosti poji\u0161t\u011bn\u00ed pro minimalizaci rizika<\/h2>\n<p>Poji\u0161t\u011bn\u00ed pom\u00e1h\u00e1 minimalizovat rizika p\u0159i subdod\u00e1vk\u00e1ch. R\u016fzn\u00e9 druhy poji\u0161t\u011bn\u00ed kryj\u00ed r\u016fzn\u00e1 rizika spojen\u00e1 se subdodavateli. Poji\u0161t\u011bn\u00ed odpov\u011bdnosti m\u016f\u017ee pokr\u00fdt \u0161kody zp\u016fsoben\u00e9 nedbalost\u00ed subdodavatele. Poji\u0161t\u011bn\u00ed by proto m\u011blo b\u00fdt pova\u017eov\u00e1no za sou\u010d\u00e1st komplexn\u00ed strategie \u0159\u00edzen\u00ed rizik.<\/p>\n<p>Ujist\u011bte se, \u017ee v\u00e1\u0161 subdodavatel m\u016f\u017ee dolo\u017eit alespo\u0148 n\u00e1sleduj\u00edc\u00ed poji\u0161t\u011bn\u00ed: V p\u0159\u00edpad\u011b stavebn\u00edch projekt\u016f - poji\u0161t\u011bn\u00ed stavebn\u00edch prac\u00ed.<\/p>\n<h2>Dodr\u017eov\u00e1n\u00ed da\u0148ov\u00fdch a pr\u00e1vn\u00edch p\u0159edpis\u016f<\/h2>\n<p>P\u0159i spolupr\u00e1ci se zahrani\u010dn\u00edmi subdodavateli je z\u00e1sadn\u00ed dodr\u017eov\u00e1n\u00ed da\u0148ov\u00fdch a regula\u010dn\u00edch p\u0159edpis\u016f. N\u011bmeck\u00e9 spole\u010dnosti mus\u00ed dodr\u017eovat n\u00e1rodn\u00ed i mezin\u00e1rodn\u00ed da\u0148ov\u00e9 z\u00e1kony. Jejich nedodr\u017een\u00ed m\u016f\u017ee v\u00e9st k sankc\u00edm a pr\u00e1vn\u00edm probl\u00e9m\u016fm. Je proto d\u016fle\u017eit\u00e9 porozum\u011bt p\u0159\u00edslu\u0161n\u00fdm da\u0148ov\u00fdm z\u00e1kon\u016fm a dodr\u017eovat je.<\/p>\n<p>Zvl\u00e1\u0161t\u011b d\u016fle\u017eit\u00e9: ru\u010den\u00ed podle \u00a7 48 EStG (odpo\u010det dan\u011b u stavebn\u00edch slu\u017eeb) - objednatel\u00e9 jsou povinni zaplatit sr\u00e1\u017ekovou da\u0148 ze stavebn\u00edch prac\u00ed, pokud subdodavatel nep\u0159edlo\u017e\u00ed osv\u011bd\u010den\u00ed o osvobozen\u00ed. To si v\u017edy vy\u017e\u00e1dejte p\u0159ed zad\u00e1n\u00edm zak\u00e1zky.<\/p>\n<h2>Profesion\u00e1ln\u00ed podpora p\u0159i pr\u00e1ci se subdodavateli ze zahrani\u010d\u00ed<\/h2>\n<p>Vyu\u017e\u00edv\u00e1n\u00ed subdodavatel\u016f z v\u00fdchodn\u00ed Evropy v N\u011bmecku m\u016f\u017ee b\u00fdt v\u00fdhodn\u00e9, ale skr\u00fdv\u00e1 i rizika. Spole\u010dnosti by m\u011bly sledovat rizika odpov\u011bdnosti a p\u0159ijmout proaktivn\u00ed opat\u0159en\u00ed k jejich minimalizaci. D\u00edky pe\u010dliv\u00fdm smlouv\u00e1m, pravideln\u00e9mu sledov\u00e1n\u00ed a \u0161kolen\u00ed mohou spole\u010dnosti \u00fasp\u011b\u0161n\u011b a bezpe\u010dn\u011b organizovat spolupr\u00e1ci se zahrani\u010dn\u00edmi subdodavateli.<\/p>\n<p>Global Business Recruiting nab\u00edz\u00ed komplexn\u00ed podporu p\u0159i um\u00eds\u0165ov\u00e1n\u00ed a vys\u00edl\u00e1n\u00ed subdodavatel\u016f ze zahrani\u010d\u00ed. D\u00edky dlouholet\u00fdm zku\u0161enostem a odborn\u00fdm znalostem zaji\u0161\u0165ujeme, aby spolupr\u00e1ce byla bezpe\u010dn\u00e1 a \u00fasp\u011b\u0161n\u00e1. Spole\u010dnosti se mohou spolehnout na na\u0161e slu\u017eby, kter\u00e9 minimalizuj\u00ed rizika spojen\u00e1 s odpov\u011bdnost\u00ed a buduj\u00ed \u00fasp\u011b\u0161nou spolupr\u00e1ci se zahrani\u010dn\u00edmi subdodavateli.<\/p>\n<h2>\u010casto kladen\u00e9 ot\u00e1zky t\u00fdkaj\u00edc\u00ed se rizik odpov\u011bdnosti p\u0159i vyu\u017e\u00edv\u00e1n\u00ed v\u00fdchodoevropsk\u00fdch subdodavatel\u016f<\/h2>\n<\/div><\/div><div class=\"w-separator size_small\"><\/div><div class=\"w-tabs style_default switch_click accordion type_togglable has_scrolling\" style=\"--sections-title-size:inherit\"><div class=\"w-tabs-sections titles-align_none icon_chevron cpos_right\"><div class=\"w-tabs-section\" id=\"i6ed\" itemscope itemprop=\"mainEntity\" itemtype=\"https:\/\/schema.org\/Question\"><button class=\"w-tabs-section-header\" aria-controls=\"content-i6ed\" aria-expanded=\"false\"><div class=\"w-tabs-section-title\" itemprop=\"name\">Jsem jako z\u00e1kazn\u00edk odpov\u011bdn\u00fd, pokud m\u016fj v\u00fdchodoevropsk\u00fd subdodavatel nevypl\u00e1c\u00ed minim\u00e1ln\u00ed mzdu?<\/div><div class=\"w-tabs-section-control\"><\/div><\/button><div  class=\"w-tabs-section-content\" id=\"content-i6ed\" itemscope itemprop=\"acceptedAnswer\" itemtype=\"https:\/\/schema.org\/Answer\"><div class=\"w-tabs-section-content-h i-cf\" itemprop=\"text\"><div class=\"wpb_text_column\"><div class=\"wpb_wrapper\"><p>Ano, podle \u00a7 13 MiLoG ru\u010d\u00ed objednatel\u00e9 jako ru\u010ditel\u00e9 za minim\u00e1ln\u00ed mzdov\u00e9 povinnosti sv\u00fdch subdodavatel\u016f - a tak\u00e9 za dal\u0161\u00ed subdodavatelsk\u00e9 \u0159et\u011bzce pod nimi. To znamen\u00e1, \u017ee pokud v\u00e1\u0161 subdodavatel plat\u00ed sv\u00fdm zam\u011bstnanc\u016fm p\u0159\u00edli\u0161 m\u00e1lo, m\u016f\u017ee po\u017eadovat dlu\u017enou \u010d\u00e1stku p\u0159\u00edmo po v\u00e1s. M\u011bli byste proto pravideln\u011b vy\u017eadovat v\u00fdkazy mezd.<\/p>\n<\/div><\/div><\/div><\/div><\/div><div class=\"w-tabs-section\" id=\"z806\" itemscope itemprop=\"mainEntity\" itemtype=\"https:\/\/schema.org\/Question\"><button class=\"w-tabs-section-header\" aria-controls=\"content-z806\" aria-expanded=\"false\"><div class=\"w-tabs-section-title\" itemprop=\"name\">Co se stane, kdy\u017e se na staveni\u0161ti stane \u00faraz n\u011bkter\u00e9mu ze zam\u011bstnanc\u016f m\u00e9ho subdodavatele?<\/div><div class=\"w-tabs-section-control\"><\/div><\/button><div  class=\"w-tabs-section-content\" id=\"content-z806\" itemscope itemprop=\"acceptedAnswer\" itemtype=\"https:\/\/schema.org\/Answer\"><div class=\"w-tabs-section-content-h i-cf\" itemprop=\"text\"><div class=\"wpb_text_column\"><div class=\"wpb_wrapper\"><p>Subdodavatel jako zam\u011bstnavatel je obecn\u011b odpov\u011bdn\u00fd za bezpe\u010dnost a ochranu zdrav\u00ed p\u0159i pr\u00e1ci a prevenci \u00faraz\u016f sv\u00fdch zam\u011bstnanc\u016f. Jako zadavatel v\u0161ak m\u016f\u017eete b\u00fdt spoluodpov\u011bdn\u00ed, pokud jste poru\u0161ili sv\u00e9 koordina\u010dn\u00ed povinnosti podle \u00a7 8 z\u00e1kona o bezpe\u010dnosti a ochran\u011b zdrav\u00ed p\u0159i pr\u00e1ci (ArbSchG) nebo pokud p\u0159\u00ed\u010dina \u00farazu spad\u00e1 do va\u0161\u00ed organiza\u010dn\u00ed odpov\u011bdnosti. Jasn\u00e1 smluvn\u00ed \u00faprava a poji\u0161t\u011bn\u00ed odpov\u011bdnosti za \u0161kodu pro subdodavatele jsou nezbytn\u00e9.<\/p>\n<\/div><\/div><\/div><\/div><\/div><div class=\"w-tabs-section\" id=\"x923\" itemscope itemprop=\"mainEntity\" itemtype=\"https:\/\/schema.org\/Question\"><button class=\"w-tabs-section-header\" aria-controls=\"content-x923\" aria-expanded=\"false\"><div class=\"w-tabs-section-title\" itemprop=\"name\">Jak\u00e9 da\u0148ov\u00e9 povinnosti m\u00e1m p\u0159i vyu\u017e\u00edv\u00e1n\u00ed zahrani\u010dn\u00edch subdodavatel\u016f na n\u011bmeck\u00fdch stavb\u00e1ch?<\/div><div class=\"w-tabs-section-control\"><\/div><\/button><div  class=\"w-tabs-section-content\" id=\"content-x923\" itemscope itemprop=\"acceptedAnswer\" itemtype=\"https:\/\/schema.org\/Answer\"><div class=\"w-tabs-section-content-h i-cf\" itemprop=\"text\"><div class=\"wpb_text_column\"><div class=\"wpb_wrapper\"><p>V p\u0159\u00edpad\u011b stavebn\u00edch slu\u017eeb mus\u00edte jako objednatel zkontrolovat, zda m\u00e1 subdodavatel osv\u011bd\u010den\u00ed o v\u00fdjimce podle \u00a7 48 EStG. Pokud chyb\u00ed, jste povinni srazit 15 % z fakturovan\u00e9 \u010d\u00e1stky a odv\u00e9st je finan\u010dn\u00edmu \u00fa\u0159adu. Krom\u011b toho m\u016f\u017ee zahrani\u010dn\u00ed subdodavatel podl\u00e9hat v N\u011bmecku omezen\u00e9 da\u0148ov\u00e9 povinnosti.<\/p>\n<\/div><\/div><\/div><\/div><\/div><div class=\"w-tabs-section\" id=\"ga44\" itemscope itemprop=\"mainEntity\" itemtype=\"https:\/\/schema.org\/Question\"><button class=\"w-tabs-section-header\" aria-controls=\"content-ga44\" aria-expanded=\"false\"><div class=\"w-tabs-section-title\" itemprop=\"name\">Jak mohu ochr\u00e1nit svou spole\u010dnost p\u0159ed po\u0161kozen\u00edm dobr\u00e9ho jm\u00e9na v d\u016fsledku trestn\u00fdch \u010din\u016f sp\u00e1chan\u00fdch m\u00fdmi subdodavateli?<\/div><div class=\"w-tabs-section-control\"><\/div><\/button><div  class=\"w-tabs-section-content\" id=\"content-ga44\" itemscope itemprop=\"acceptedAnswer\" itemtype=\"https:\/\/schema.org\/Answer\"><div class=\"w-tabs-section-content-h i-cf\" itemprop=\"text\"><div class=\"wpb_text_column\"><div class=\"wpb_wrapper\"><p>Nej\u00fa\u010dinn\u011bj\u0161\u00ed ochranou je pe\u010dliv\u00fd p\u0159edb\u011b\u017en\u00fd v\u00fdb\u011br: P\u0159ed zad\u00e1n\u00edm zak\u00e1zky si ov\u011b\u0159te reference, vy\u017e\u00e1dejte si v\u0161echny doklady o spln\u011bn\u00ed po\u017eadavk\u016f a prov\u00e1d\u011bjte pravideln\u00e9 kontroly. M\u011bli byste tak\u00e9 vyu\u017e\u00edt smluvn\u00edch ustanoven\u00ed, jako jsou smluvn\u00ed pokuty za poru\u0161en\u00ed smlouvy a pr\u00e1vo na odstoupen\u00ed od smlouvy. Spolupr\u00e1ce se zku\u0161en\u00fdmi person\u00e1ln\u00edmi agenturami, jako je Global Business Recruiting, v\u00fdrazn\u011b sni\u017euje riziko.<\/p>\n<\/div><\/div><\/div><\/div><\/div><div class=\"w-tabs-section\" id=\"db6e\" itemscope itemprop=\"mainEntity\" itemtype=\"https:\/\/schema.org\/Question\"><button class=\"w-tabs-section-header\" aria-controls=\"content-db6e\" aria-expanded=\"false\"><div class=\"w-tabs-section-title\" itemprop=\"name\">Mus\u00edm zkontrolovat, zda m\u00e1 m\u016fj subdodavatel platnou licenci pro poskytov\u00e1n\u00ed do\u010dasn\u00fdch pracovn\u00edk\u016f?<\/div><div class=\"w-tabs-section-control\"><\/div><\/button><div  class=\"w-tabs-section-content\" id=\"content-db6e\" itemscope itemprop=\"acceptedAnswer\" itemtype=\"https:\/\/schema.org\/Answer\"><div class=\"w-tabs-section-content-h i-cf\" itemprop=\"text\"><div class=\"wpb_text_column\"><div class=\"wpb_wrapper\"><p>Ano - pokud subdodavatel skute\u010dn\u011b poskytuje do\u010dasn\u00e9 pracovn\u00edky (tj. nen\u00ed dlu\u017en\u00edkem na z\u00e1klad\u011b smlouvy o d\u00edlo a slu\u017eb\u00e1ch, ale poskytuje pracovn\u00ed s\u00edlu). Pokud licence A\u00dcG chyb\u00ed, hroz\u00ed vysok\u00e9 pokuty a pracovn\u00ed pom\u011br se u v\u00e1s pova\u017euje za zalo\u017een\u00fd ze z\u00e1kona. Zjist\u011bte v\u00edce informac\u00ed:<span>\u00a0<\/span><a href=\"https:\/\/global-business-recruiting.de\/cs\/znat\/pronajem-pracovni-sily-vs-subdodavky\/\">Do\u010dasn\u00e9 zam\u011bstn\u00e1n\u00ed vs. subdod\u00e1vky<\/a>.<\/p>\n<\/div><\/div><\/div><\/div><\/div><\/div><\/div><\/div><\/div><\/div><\/div><\/section>","protected":false},"excerpt":{"rendered":"Der Einsatz von Subunternehmen aus Osteuropa (Polen, Tschechien, Slowakei, Ungarn, Kroatien etc.) in Deutschland kann f\u00fcr Unternehmen viele Vorteile bieten. Sie k\u00f6nnen Kosten sparen und auf Fachkr\u00e4fte zugreifen, die in Deutschland m\u00f6glicherweise nicht verf\u00fcgbar sind. Allerdings sollten Unternehmen auch die Haftungsgefahren im Auge behalten, die mit dem Einsatz osteurop\u00e4ischer Subunternehmen einhergehen. In diesem Artikel werden...","protected":false},"author":1,"featured_media":11148,"parent":9347,"menu_order":0,"comment_status":"closed","ping_status":"closed","template":"","meta":{"_acf_changed":false,"footnotes":""},"class_list":["post-9857","page","type-page","status-publish","has-post-thumbnail","hentry"],"acf":[],"_links":{"self":[{"href":"https:\/\/global-business-recruiting.de\/cs\/wp-json\/wp\/v2\/pages\/9857","targetHints":{"allow":["GET"]}}],"collection":[{"href":"https:\/\/global-business-recruiting.de\/cs\/wp-json\/wp\/v2\/pages"}],"about":[{"href":"https:\/\/global-business-recruiting.de\/cs\/wp-json\/wp\/v2\/types\/page"}],"author":[{"embeddable":true,"href":"https:\/\/global-business-recruiting.de\/cs\/wp-json\/wp\/v2\/users\/1"}],"replies":[{"embeddable":true,"href":"https:\/\/global-business-recruiting.de\/cs\/wp-json\/wp\/v2\/comments?post=9857"}],"version-history":[{"count":6,"href":"https:\/\/global-business-recruiting.de\/cs\/wp-json\/wp\/v2\/pages\/9857\/revisions"}],"predecessor-version":[{"id":11194,"href":"https:\/\/global-business-recruiting.de\/cs\/wp-json\/wp\/v2\/pages\/9857\/revisions\/11194"}],"up":[{"embeddable":true,"href":"https:\/\/global-business-recruiting.de\/cs\/wp-json\/wp\/v2\/pages\/9347"}],"wp:featuredmedia":[{"embeddable":true,"href":"https:\/\/global-business-recruiting.de\/cs\/wp-json\/wp\/v2\/media\/11148"}],"wp:attachment":[{"href":"https:\/\/global-business-recruiting.de\/cs\/wp-json\/wp\/v2\/media?parent=9857"}],"curies":[{"name":"wp","href":"https:\/\/api.w.org\/{rel}","templated":true}]}}