{"id":9865,"date":"2026-03-12T02:01:34","date_gmt":"2026-03-12T02:01:34","guid":{"rendered":"https:\/\/global-business-recruiting.de\/wissen\/die-schweisspositionen\/"},"modified":"2026-03-29T13:05:47","modified_gmt":"2026-03-29T13:05:47","slug":"smlouva-o-dilo-ekonomicka-zivotaschopnost","status":"publish","type":"page","link":"https:\/\/global-business-recruiting.de\/cs\/wissen\/werkvertrag-wirtschaftlichkeit\/","title":{"rendered":"Smlouva o d\u00edlo - hospod\u00e1rn\u00e1, nikoliv jen n\u00e1kladov\u00e9 st\u0159edisko"},"content":{"rendered":"<section class=\"l-section wpb_row height_custom\"><div class=\"l-section-h i-cf\"><div class=\"g-cols vc_row via_grid cols_1 laptops-cols_inherit tablets-cols_inherit mobiles-cols_1 valign_top type_default stacking_default\"><div class=\"wpb_column vc_column_container\"><div class=\"vc_column-inner\"><div class=\"wpb_text_column\"><div class=\"wpb_wrapper\"><p>Je<span>\u00a0<\/span><a href=\"https:\/\/global-business-recruiting.de\/cs\/znat\/spravna-fakturace-pracovnich-smluv\/\">Smlouva o d\u00edlo<\/a><span>\u00a0<\/span>ekonomicky \u017eivotaschopn\u00e9, nebo to jen zp\u016fsobuje dal\u0161\u00ed n\u00e1klady? Ot\u00e1zkou dumpingu pracovn\u00edch sil jsme se ji\u017e zab\u00fdvali u smluv o d\u00edlo. Kdy\u017e se na to pod\u00edv\u00e1me chladn\u011b, je to ji\u017e odpov\u011b\u010f, ale ot\u00e1zka jde mnohem d\u00e1l.<\/p>\n<p>Mzdov\u00fd dumping se obvykle prov\u00e1d\u00ed pomoc\u00ed fiktivn\u00edch pracovn\u00edch smluv, tak\u017ee tato extr\u00e9mn\u00ed forma \u00faspory n\u00e1klad\u016f nen\u00ed sou\u010d\u00e1st\u00ed \u00favah v t\u00e9to kapitole. D\u016fraz je zde sp\u00ed\u0161e kladen na skute\u010dnost, \u017ee se nakupuj\u00ed kapacity, dovednosti a znalosti. Ty mus\u00ed b\u00fdt odm\u011b\u0148ov\u00e1ny, co\u017e vyvol\u00e1v\u00e1 ot\u00e1zku: Je v\u00fdhodn\u011bj\u0161\u00ed odm\u011b\u0148ovat z\u00e1vod ne\u017e udr\u017eovat kapacity v r\u00e1mci podniku v podob\u011b v\u011bt\u0161\u00edho po\u010dtu zam\u011bstnanc\u016f a dal\u0161\u00edch zdroj\u016f?<\/p>\n<h2>N\u00e1kup kapacit<\/h2>\n<p>Smlouva o d\u00edlo je prost\u0159edkem k vyu\u017eit\u00ed kvalifikovan\u00fdch pracovn\u00edk\u016f v p\u0159\u00edpad\u011b pot\u0159eby. Lze zakoupit i jin\u00e9 kapacity. Pat\u0159\u00ed sem v\u00edce pracovn\u00edk\u016f, ale tak\u00e9 materi\u00e1ln\u00ed zdroje. Pokud si p\u0159epravn\u00ed spole\u010dnost objedn\u00e1 dopravce jako smlouvu o d\u00edlo a pracovn\u00ed spole\u010dnost, smlouva pravideln\u011b zahrnuje \u0159idi\u010de, tj. person\u00e1l, a dopravn\u00ed prost\u0159edky, tj. materi\u00e1ln\u00ed zdroje.<\/p>\n<p>Pokud jsou smlouvy tak jednoduch\u00e9 jako v tomto p\u0159\u00edkladu, je to jasn\u00fd kompromis. M\u00e1 p\u0159epravn\u00ed spole\u010dnost dostatek p\u0159epravn\u00edch \u00fakol\u016f na dostate\u010dn\u011b omezen\u00e9m \u00fazem\u00ed, aby to ospravedlnilo pou\u017eit\u00ed vlastn\u00edch \u0159idi\u010d\u016f a vozidel? Zjednodu\u0161en\u011b to znamen\u00e1: byli by \u0159idi\u010di a vozidla pln\u011b vyu\u017eiti, nebo by doch\u00e1zelo k n\u00e1kladn\u00fdm prostoj\u016fm? Pokud je kapacita pln\u011b vyu\u017eita, je to p\u0159inejmen\u0161\u00edm potenci\u00e1ln\u011b levn\u011bj\u0161\u00ed nebo alespo\u0148 finan\u010dn\u011b rovnocenn\u00e9 objedn\u00e1n\u00ed p\u0159epravn\u00edch slu\u017eeb u jin\u00e9 spole\u010dnosti. Krom\u011b toho by v\u0161ak vyvstaly ot\u00e1zky bezpe\u010dnosti, jako je poji\u0161t\u011bn\u00ed nebo pr\u00e1vn\u00ed ot\u00e1zky. Nic z toho by pro p\u0159epravn\u00ed spole\u010dnost nep\u0159edstavovalo probl\u00e9m, pokud by si objednala p\u0159epravn\u00ed spole\u010dnost.<\/p>\n<p>Ji\u017e zde je patrn\u00e9, \u017ee n\u011bkter\u00e9 oblasti odpov\u011bdnosti zahrnuj\u00ed v\u00edce ne\u017e jen osobn\u00ed n\u00e1klady. Je proto nutn\u00e9 zv\u00e1\u017eit, co je v ka\u017ed\u00e9m jednotliv\u00e9m p\u0159\u00edpad\u011b ekonomicky \u00fanosn\u00e9. Pokud v\u0161ak dod\u00e1vka prob\u00edh\u00e1 na tak velk\u00e9m \u00fazem\u00ed, \u017ee je to ekonomicky obt\u00ed\u017en\u011b dosa\u017eiteln\u00e9, nep\u0159ich\u00e1z\u00ed ji\u017e v \u00favahu ur\u010den\u00ed dodavatele v podob\u011b spedi\u010dn\u00ed firmy. Ten je jednozna\u010dn\u011b zku\u0161en\u011bj\u0161\u00ed a p\u0159edev\u0161\u00edm levn\u011bj\u0161\u00ed. Kalkulace vypad\u00e1 pro v\u0161echny oblasti p\u0159ibli\u017en\u011b takto. Jakmile se pravideln\u011b objevuje voln\u00e9 m\u00edsto pro zam\u011bstnance nebo materi\u00e1l, vyplat\u00ed se objednat si smluvn\u00ed pracovn\u00ed firmu.<\/p>\n<p>Zak\u00e1zky v r\u00e1mci okrajov\u00fdch \u00fakol\u016f nejsou z hlediska t\u00e9to z\u00e1sady probl\u00e9mem. Pro z\u00e1silkovou firmu je hlavn\u00ed \u010dinnost\u00ed z\u00edsk\u00e1v\u00e1n\u00ed z\u00e1kazn\u00edk\u016f a v\u00fdb\u011br v\u00fdrobk\u016f. Doru\u010dov\u00e1n\u00ed je perifern\u00edm \u00fakolem, kter\u00fd mohou l\u00e9pe zvl\u00e1dnout specialist\u00e9 v t\u00e9to oblasti.<\/p>\n<h2>Smlouva o d\u00edlo v r\u00e1mci hlavn\u00ed \u010dinnosti<\/h2>\n<p>V r\u00e1mci hlavn\u00ed \u010dinnosti je v\u0161ak mate\u0159sk\u00e1 spole\u010dnost specialistou. Smlouva o d\u00edlo a pracovn\u00ed smlouva zde proto pravideln\u011b p\u0159edstavuje men\u0161\u00ed ekonomick\u00fd p\u0159\u00ednos. Hlavn\u00ed \u010dinnost je z definice hlavn\u00ed oblast\u00ed odpov\u011bdnosti podniku, kter\u00fd se postavil do pozice specialisty. Pokud nedok\u00e1\u017ee dob\u0159e plnit specializovan\u00e9 \u00fakoly, nejedn\u00e1 se ani o hlavn\u00ed \u010dinnost.<\/p>\n<p>Z tohoto pravidla v\u0161ak existuj\u00ed v\u00fdjimky: z\u00e1silkov\u00e1 spole\u010dnost m\u016f\u017ee pov\u011b\u0159it webdesign\u00e9ra, aby podpo\u0159il z\u00edsk\u00e1v\u00e1n\u00ed z\u00e1kazn\u00edk\u016f pomoc\u00ed vhodn\u011b propracovan\u00fdch webov\u00fdch str\u00e1nek. Je to sou\u010d\u00e1st hlavn\u00ed \u010dinnosti nebo okrajov\u00fd \u00fakol? To je sporn\u00e9. Teoreticky je z\u00edsk\u00e1v\u00e1n\u00ed z\u00e1kazn\u00edk\u016f hlavn\u00ed \u010dinnost\u00ed, ale IT je pouze okrajov\u00fdm \u00fakolem. V tomto p\u0159\u00edpad\u011b je t\u0159eba se zam\u011b\u0159it sp\u00ed\u0161e na to, do jak\u00e9 m\u00edry IT hraje roli p\u0159i z\u00edsk\u00e1v\u00e1n\u00ed z\u00e1kazn\u00edk\u016f. Vzhledem k tomu, \u017ee se jedn\u00e1 o n\u00e1vrh webov\u00fdch str\u00e1nek, kter\u00fd se nemus\u00ed navrhovat opakovan\u011b, lze to pova\u017eovat za okrajov\u00fd \u00fakol.<\/p>\n<h2>Smlouva o d\u00edlo a pr\u00e1ce pro z\u00edsk\u00e1n\u00ed z\u00e1kazn\u00edka<\/h2>\n<p>Ale co jmenov\u00e1n\u00ed marketingov\u00e9 spole\u010dnosti? Ta tak\u00e9 pom\u00e1h\u00e1 p\u0159i z\u00edsk\u00e1v\u00e1n\u00ed z\u00e1kazn\u00edk\u016f. Op\u011bt se m\u016f\u017ee odv\u00edjet od toho, jak \u010dasto a jak dlouho marketingov\u00e1 spole\u010dnost svou pr\u00e1ci v t\u00e9to oblasti vykon\u00e1v\u00e1. Lze polemizovat o tom, do jak\u00e9 m\u00edry je marketing vlastn\u011b hlavn\u00edm \u00fakolem z\u00e1silkov\u00e9 firmy. Teoreticky se specializuje na prodej a ka\u017ed\u00fd dobr\u00fd market\u00e9r v\u00ed, \u017ee marketing a expedice nejsou tot\u00e9\u017e.<\/p>\n<p>V p\u0159\u00edpad\u011b pochybnost\u00ed je tedy ot\u00e1zkou v\u00fdkladu, zda hlavn\u00ed oblast podnik\u00e1n\u00ed existuje, \u010di nikoli. I v hlavn\u00ed oblasti je n\u011bkdy nutn\u00e9 vyu\u017e\u00edt dovednosti, kter\u00e9 nejsou sou\u010d\u00e1st\u00ed podniku, proto\u017ee jsou pot\u0159eba jen z\u0159\u00eddka, a proto by po zbytek \u010dasu byly ne\u010dinn\u00e9.<\/p>\n<p>Nakonec z\u00e1le\u017e\u00ed v\u00edcem\u00e9n\u011b na tom, zda se jedn\u00e1 o okrajov\u00fd \u00fakol, nebo o hlavn\u00ed oblast. U perifern\u00edho \u00fakolu to lze v\u017edy p\u0159en\u00e9st, pokud by vlastn\u00ed s\u00edly znamenaly p\u0159\u00edli\u0161 velkou kapacitu v t\u00e9to oblasti. To pak lze prov\u00e1d\u011bt i trvale.<\/p>\n<p>V hlavn\u00ed oblasti podnikatelsk\u00e9 \u010dinnosti je tato ot\u00e1zka v podstat\u011b stejn\u00e1, ale odpov\u011b\u010f je t\u0159eba vykl\u00e1dat mnohem \u00fa\u017eeji. To znamen\u00e1, \u017ee pokud je to mo\u017en\u00e9, m\u011bli by \u00fakoly plnit vlastn\u00ed zam\u011bstnanci podniku a kapacity by m\u011bly b\u00fdt nakupov\u00e1ny pouze tehdy, pokud jsou \u010dasov\u011b omezen\u00e9 a pokud by vytv\u00e1\u0159ely tolik ne\u010dinnosti v jejich pr\u00e1ci, pokud by se jednalo o b\u011b\u017en\u00e9 zam\u011bstnance.<\/p>\n<h2>Riziko ve smlouv\u011b o d\u00edlo<\/h2>\n<p>Pokud zam\u011bstnanci vykon\u00e1vaj\u00ed pr\u00e1ci jako zam\u011bstnanci hlavn\u00ed spole\u010dnosti, je s t\u00edm spojeno mnoho rizik. Pokud jde o ziskovost, je jedno riziko obzvl\u00e1\u0161t\u011b zaj\u00edmav\u00e9, a to ot\u00e1zka, kolik bude nakonec st\u00e1t dosa\u017een\u00ed ur\u010dit\u00e9ho v\u00fdsledku.<\/p>\n<p>Zam\u011bstnanci jsou placeni od hodiny. Pot\u0159ebuj\u00ed-li jich k vytvo\u0159en\u00ed d\u00edla v\u00edce, stoj\u00ed tato pr\u00e1ce tak\u00e9 odpov\u00eddaj\u00edc\u00edm zp\u016fsobem v\u00edce. Zhotovitel ve smlouv\u011b o d\u00edlo je placen za \u00fasp\u011bch d\u00edla. Pokud pot\u0159ebuje v\u00edce pracovn\u00edho \u010dasu, je to jeho riziko. Na odm\u011bn\u011b se t\u00edm nic nem\u011bn\u00ed.<\/p>\n<p>Krom\u011b toho existuj\u00ed dal\u0161\u00ed rizika, kter\u00e1 zde ji\u017e byla zm\u00edn\u011bna: Jedn\u00e1 se o riziko prostoj\u016f s n\u00e1kladn\u00fdmi mzdov\u00fdmi n\u00e1klady, riziko \u0161kody zp\u016fsoben\u00e9 zam\u011bstnancem, riziko zni\u010den\u00ed d\u00edla a dal\u0161\u00ed p\u0159\u00edklady. V\u0161echna tato rizika se smlouvou o d\u00edlo p\u0159en\u00e1\u0161ej\u00ed tak\u00e9 na zhotovitele.<\/p>\n<h2>Ekonomick\u00e1 efektivnost smlouvy o d\u00edlo<\/h2>\n<p>Jednou z nejd\u016fle\u017eit\u011bj\u0161\u00edch povinnost\u00ed vypl\u00fdvaj\u00edc\u00edch ze smlouvy o d\u00edlo a o poskytov\u00e1n\u00ed slu\u017eeb je povinnost objednatele zaplatit odm\u011bnu za d\u00edlo. Odm\u011bna je splatn\u00e1 po \u00fasp\u011b\u0161n\u00e9m p\u0159evzet\u00ed d\u00edla. To znamen\u00e1, \u017ee objednateli vznikaj\u00ed n\u00e1klady pouze v p\u0159\u00edpad\u011b, \u017ee je dosa\u017eeno po\u017eadovan\u00e9ho v\u00fdsledku. Nen\u00ed-li \u00fasp\u011bch, nejsou ani n\u00e1klady.<\/p>\n<p>Odm\u011bna za pr\u00e1ci je stanovena ve smlouv\u011b. Objednatel tedy od po\u010d\u00e1tku v\u00ed, kolik bude muset za vytvo\u0159en\u00ed d\u00edla zaplatit. M\u016f\u017ee v\u0161ak doj\u00edt k odchylk\u00e1m. Pravideln\u011b se tak d\u011bje nap\u0159\u00edklad v p\u0159\u00edpad\u011b, \u017ee klient vznese po\u017eadavky na zm\u011bny. Zhotovitel m\u00e1 pr\u00e1vo navrhnout \u00fapravu odm\u011bny za d\u00edlo a jej\u00ed v\u00fd\u0161e.<\/p>\n<p>Dal\u0161\u00ed v\u00fdjimky zahrnuj\u00ed spl\u00e1tky nebo platby v miln\u00edc\u00edch po \u010d\u00e1ste\u010dn\u00e9m dokon\u010den\u00ed d\u00edla. I to je v\u0161ak smluvn\u011b dohodnuto p\u0159edem, a proto lze od po\u010d\u00e1tku po\u010d\u00edtat s \u010dasov\u00fdm a finan\u010dn\u00edm vyj\u00e1d\u0159en\u00edm.<\/p>\n<p>Ve smlouv\u011b o d\u00edlo a slu\u017eb\u00e1ch je zhotovitel povinen prov\u00e9st p\u0159\u00edpravn\u00e9 pr\u00e1ce. D\u00edlo mus\u00ed b\u00fdt nejprve zhotoveno a pot\u00e9 p\u0159evzato objednatelem. To znamen\u00e1, \u017ee objednatel m\u00e1 mo\u017enost posoudit d\u00edlo a zjistit vady je\u0161t\u011b p\u0159ed proveden\u00edm platby. T\u00edm se v\u00fdrazn\u011b zvy\u0161uje jistota objednatele na \u00fakor zhotovitele.<\/p>\n<p>V z\u00e1sad\u011b ani v p\u0159\u00edpad\u011b velmi rozs\u00e1hl\u00fdch projekt\u016f v hodnot\u011b n\u011bkolika milion\u016f eur nelze po zhotoviteli po\u017eadovat, aby zaplatil odm\u011bnu za d\u00edlo p\u0159ed jeho p\u0159evzet\u00edm. Od toho se v\u0161ak pravideln\u011b odchyluj\u00ed smluvn\u00ed ujedn\u00e1n\u00ed, spl\u00e1tkov\u00e9 platby a platby podle dokon\u010den\u00fdch \u010d\u00e1st\u00ed d\u00edla. Nicm\u00e9n\u011b pr\u00e1vn\u00ed situace je takov\u00e1, \u017ee objednatel je v\u00fdrazn\u011b zv\u00fdhodn\u011bn. I kdy\u017e provede platbu v r\u00e1mci smluv p\u0159ed dokon\u010den\u00edm cel\u00e9ho d\u00edla, m\u016f\u017ee po zhotoviteli po\u017eadovat z\u00e1lohu nebo zadr\u017eet tlakovou p\u0159ir\u00e1\u017eku, pokud byly zji\u0161t\u011bny vady.<\/p>\n<p>Proml\u010dec\u00ed lh\u016fta pro n\u00e1roky na zaplacen\u00ed prac\u00ed nebo odstran\u011bn\u00ed vad za\u010d\u00edn\u00e1 obecn\u011b b\u011b\u017eet p\u0159evzet\u00edm d\u00edla. Pokud k p\u0159evzet\u00ed nedojde, proto\u017ee nap\u0159\u00edklad d\u00edlo nebylo dokon\u010deno podle p\u0159edstav, n\u00e1roky z toho vypl\u00fdvaj\u00edc\u00ed se neproml\u010duj\u00ed.<\/p>\n<h2>Smlouva o d\u00edlo - dodate\u010dn\u00e9 n\u00e1klady<\/h2>\n<p>P\u0159i tvorb\u011b d\u00edla mohou n\u011bkdy vzniknout dodate\u010dn\u00e9 n\u00e1klady. Tyto dodate\u010dn\u00e9 n\u00e1klady je v\u0161ak t\u0159eba odli\u0161it od n\u00e1klad\u016f vznikl\u00fdch v d\u016fsledku zm\u011bny objednan\u00e9ho d\u00edla. Pokud objednatel zm\u011bnil popis, po\u017eadovan\u00e9 proveden\u00ed nebo jin\u00e9 vlastnosti d\u00edla, mus\u00ed n\u00e9st i dodate\u010dn\u00e9 n\u00e1klady na vytvo\u0159en\u00ed d\u00edla v souladu s nov\u00fdmi specifikacemi.<\/p>\n<p>Nez\u00e1visle na tom je zde v\u0161ak d\u016fle\u017eit\u00e1 ot\u00e1zka, co se stane s dodate\u010dn\u00fdmi n\u00e1klady, kter\u00e9 vzniknou beze zm\u011bny specifikac\u00ed. Z hlediska pr\u00e1va a soud\u016f stoj\u00ed proti sob\u011b odborn\u00edk a laik. Zhotovitel byl jmenov\u00e1n pr\u00e1v\u011b kv\u016fli sv\u00fdm zku\u0161enostem, odborn\u00fdm znalostem a dovednostem. Proto je pova\u017eov\u00e1n za odborn\u00edka. Objednatel naproti tomu zad\u00e1v\u00e1 \u00fakol, kter\u00fd s\u00e1m nevykon\u00e1v\u00e1, s jeho\u017e proveden\u00edm nem\u00e1 zku\u0161enosti a u n\u011bho\u017e nedok\u00e1\u017ee odhadnout, jak\u00e9 n\u00e1klady mu vzniknou.<\/p>\n<p>Za vypracov\u00e1n\u00ed bezplatn\u00e9ho odhadu n\u00e1klad\u016f je proto odpov\u011bdn\u00fd zhotovitel. Na z\u00e1klad\u011b tohoto odhadu se vypo\u010d\u00edt\u00e1 cena d\u00edla. Ten je pak smluvn\u011b pevn\u011b stanoven a nelze jej bez zvl\u00e1\u0161tn\u00edho d\u016fvodu m\u011bnit.<\/p>\n<p>Zvl\u00e1\u0161tn\u00ed d\u016fvody, kter\u00e9 umo\u017e\u0148uj\u00ed zm\u011bnu odm\u011bny za pr\u00e1ci, mus\u00ed b\u00fdt pro ob\u011b strany nep\u0159edv\u00eddateln\u00e9. Mus\u00ed b\u00fdt tak\u00e9 natolik z\u00e1va\u017en\u00e9 ve sv\u00fdch d\u016fsledc\u00edch, \u017ee nelze rozumn\u011b o\u010dek\u00e1vat, \u017ee smluvn\u00ed strany dodr\u017e\u00ed p\u016fvodn\u00ed dohodu. V takov\u00e9m p\u0159\u00edpad\u011b se ob\u011b strany mohou dohodnout na nov\u00e9 odm\u011bn\u011b, mohou smlouvu vypov\u011bd\u011bt, soudce m\u016f\u017ee upravit v\u00fd\u0161i dohody nebo povolit zru\u0161en\u00ed smlouvy.<\/p>\n<p>Objednatel je tedy velmi dob\u0159e chr\u00e1n\u011bn p\u0159ed jednostrann\u00fdm zv\u00fd\u0161en\u00edm odm\u011bny za pr\u00e1ci. To mu d\u00e1v\u00e1 jasnou jistotu z pr\u00e1vn\u00edho hlediska, ale tak\u00e9 z hlediska finan\u010dn\u00edho pl\u00e1nov\u00e1n\u00ed.<\/p>\n<h2>Zhotovitel nese odpov\u011bdnost<\/h2>\n<p>Ve smlouv\u011b o d\u00edlo a slu\u017eb\u00e1ch se dlu\u017e\u00ed \u00fasp\u011b\u0161n\u00e9 vytvo\u0159en\u00ed d\u00edla, nikoli pr\u00e1ce na n\u011bm. Nejde o \u010das, prost\u0159edky ani o to, jak\u00e9 slu\u017eby p\u0159esn\u011b byly poskytnuty. D\u016fle\u017eit\u00e9 je pouze d\u00edlo a to, \u017ee bylo vytvo\u0159eno v souladu s popisem ve smlouv\u011b.<\/p>\n<p>Zhotovitel jedn\u00e1 samostatn\u011b. T\u00edm se objednatel zbavuje jak\u00e9koli odpov\u011bdnosti. To znamen\u00e1, \u017ee nemus\u00ed vyhled\u00e1vat, zam\u011bstn\u00e1vat, \u0159\u00eddit, \u0161kolit ani platit smluvn\u00ed pracovn\u00edky. Za to v\u0161e je odpov\u011bdn\u00fd zhotovitel.<\/p>\n<h2>Smlouva o d\u00edlo - pr\u00e1vo na odstoupen\u00ed od smlouvy<\/h2>\n<p>Objednatel m\u00e1 rovn\u011b\u017e v\u00fdhodu, pokud jde o zru\u0161en\u00ed smlouvy o d\u00edlo. Smlouvu m\u016f\u017ee kdykoli vypov\u011bd\u011bt bez ud\u00e1n\u00ed konkr\u00e9tn\u00edho d\u016fvodu. Objednatel se tak m\u016f\u017ee s\u00e1m rozhodnout, zda a jak dlouho chce se zhotovitelem spolupracovat.<\/p>\n<p>Zhotovitel m\u00e1 sice tak\u00e9 pr\u00e1vo smlouvu vypov\u011bd\u011bt, ale mus\u00ed k tomu m\u00edt konkr\u00e9tn\u00ed d\u016fvod. To znamen\u00e1, \u017ee je to objednatel, kdo dr\u017e\u00ed ot\u011b\u017ee, co\u017e zase zna\u010dn\u011b usnad\u0148uje pl\u00e1nov\u00e1n\u00ed, zejm\u00e9na z ekonomick\u00e9ho hlediska.<\/p>\n<h2>Z\u00e1v\u011br<\/h2>\n<p>Pokud se jedn\u00e1 o okrajovou \u010dinnost a zdroje podniku nejsou dostate\u010dn\u011b vyu\u017eity k pln\u011bn\u00ed t\u011bchto \u00fakol\u016f, vyplat\u00ed se pov\u011b\u0159it smluvn\u00ed servisn\u00ed firmu. Rovn\u011b\u017e se vyplat\u00ed jmenovat dodavatelskou firmu, pokud se jedn\u00e1 o kl\u00ed\u010dov\u00fd \u00fakol podniku a pro jeho spln\u011bn\u00ed jsou nakoupeny ur\u010dit\u00e9 dovednosti a odborn\u00e9 znalosti. Nakoupen\u00e9 kapacity v\u0161ak maj\u00ed pouze do\u010dasn\u00fd v\u00fdznam, nebo pokud by byly k dispozici jako st\u00e1l\u00e9 kapacity, doch\u00e1zelo by k jejich dlouhodob\u00e9mu neobsazen\u00ed.<\/p>\n<p>Ve smlouv\u011b o d\u00edlo a slu\u017eb\u00e1ch nese v\u011bt\u0161inu rizik zhotovitel. Odpov\u00edd\u00e1 za person\u00e1l, odpov\u00edd\u00e1 za \u0161kody, nese riziko ztr\u00e1ty d\u00edla a nedostane odm\u011bnu, pokud d\u00edlo nen\u00ed dokon\u010deno podle popisu.<\/p>\n<p>Krom\u011b dostate\u010dn\u00e9ho vyu\u017eit\u00ed dostupn\u00fdch zdroj\u016f vypl\u00fdv\u00e1 ekonomick\u00e1 efektivita z p\u0159enosu rizik a ze skute\u010dnosti, \u017ee platba za pr\u00e1ci je splatn\u00e1 a\u017e po p\u0159evzet\u00ed \u00fasp\u011b\u0161n\u011b dokon\u010den\u00e9ho d\u00edla. Pokud d\u00edlo nen\u00ed dokon\u010deno podle po\u017eadavk\u016f, je platba zru\u0161ena. Pokud se zv\u00fd\u0161\u00ed \u00fasil\u00ed pot\u0159ebn\u00e9 k vytvo\u0159en\u00ed d\u00edla, a to i z hlediska \u010dasu, odm\u011bna za d\u00edlo se nem\u011bn\u00ed.<\/p>\n<p>Zhotovitel nav\u00edc pracuje na vlastn\u00ed odpov\u011bdnost. T\u00edm se sni\u017euje pracovn\u00ed zat\u00ed\u017een\u00ed zadavatele. V neposledn\u00ed \u0159ad\u011b m\u00e1 zadavatel v\u016f\u010di zhotoviteli mnohem jednodu\u0161\u0161\u00ed pr\u00e1vo odstoupit od smlouvy, tak\u017ee m\u016f\u017ee kdykoli odstoupit od smlouvy, pokud to pova\u017euje za nutn\u00e9.<\/p>\n<h2>\u010casto kladen\u00e9 ot\u00e1zky t\u00fdkaj\u00edc\u00ed se ziskovosti smlouvy o d\u00edlo a pracovn\u00ed smlouvy<\/h2>\n<\/div><\/div><div class=\"w-separator size_small\"><\/div><div class=\"w-tabs style_default switch_click accordion type_togglable has_scrolling\" style=\"--sections-title-size:inherit\"><div class=\"w-tabs-sections titles-align_none icon_chevron cpos_right\"><div class=\"w-tabs-section\" id=\"ffdb\" itemscope itemprop=\"mainEntity\" itemtype=\"https:\/\/schema.org\/Question\"><button class=\"w-tabs-section-header\" aria-controls=\"content-ffdb\" aria-expanded=\"false\"><div class=\"w-tabs-section-title\" itemprop=\"name\">Kdy m\u00e1 dohoda o proveden\u00ed pr\u00e1ce v\u011bt\u0161\u00ed ekonomick\u00fd smysl ne\u017e st\u00e1l\u00e9 pracovn\u00ed m\u00edsto?<\/div><div class=\"w-tabs-section-control\"><\/div><\/button><div  class=\"w-tabs-section-content\" id=\"content-ffdb\" itemscope itemprop=\"acceptedAnswer\" itemtype=\"https:\/\/schema.org\/Answer\"><div class=\"w-tabs-section-content-h i-cf\" itemprop=\"text\"><div class=\"wpb_text_column\"><div class=\"wpb_wrapper\"><p>Smlouva o d\u00edlo se vyplat\u00ed, pokud po\u017eadovan\u00e1 kapacita nebo dovednost nen\u00ed pot\u0159eba trvale, pokud vyu\u017eit\u00ed vlastn\u00edch kapacit podniku kol\u00eds\u00e1 nebo pokud lze \u00fakol jednozna\u010dn\u011b klasifikovat jako okrajovou \u010dinnost. Pokud je v hlavn\u00ed \u010dinnosti pot\u0159eba trval\u00e1, je obecn\u011b v\u00fdhodn\u011bj\u0161\u00ed trval\u00e9 zam\u011bstn\u00e1n\u00ed, proto\u017ee extern\u00ed mzdy obvykle zahrnuj\u00ed rizikovou p\u0159ir\u00e1\u017eku.<\/p>\n<\/div><\/div><\/div><\/div><\/div><div class=\"w-tabs-section\" id=\"p0af\" itemscope itemprop=\"mainEntity\" itemtype=\"https:\/\/schema.org\/Question\"><button class=\"w-tabs-section-header\" aria-controls=\"content-p0af\" aria-expanded=\"false\"><div class=\"w-tabs-section-title\" itemprop=\"name\">Kdo nese riziko n\u00e1klad\u016f, pokud je zak\u00e1zka dra\u017e\u0161\u00ed, ne\u017e se pl\u00e1novalo?<\/div><div class=\"w-tabs-section-control\"><\/div><\/button><div  class=\"w-tabs-section-content\" id=\"content-p0af\" itemscope itemprop=\"acceptedAnswer\" itemtype=\"https:\/\/schema.org\/Answer\"><div class=\"w-tabs-section-content-h i-cf\" itemprop=\"text\"><div class=\"wpb_text_column\"><div class=\"wpb_wrapper\"><p>Zhotovitel v z\u00e1sad\u011b. Jako odborn\u00edk vypracoval odhad n\u00e1klad\u016f a je povinen prov\u00e9st d\u00edlo za dohodnutou cenu. Dodate\u010dn\u00e9 n\u00e1klady zp\u016fsoben\u00e9 vlastn\u00edmi chybami nebo podhodnocen\u00edm nese zhotovitel. Pouze v p\u0159\u00edpad\u011b, \u017ee nastanou nep\u0159edv\u00eddateln\u00e9 okolnosti, kter\u00e9 ob\u011b strany nemohly p\u0159edv\u00eddat, lze po\u017eadovat \u00fapravu ceny d\u00edla.<\/p>\n<\/div><\/div><\/div><\/div><\/div><div class=\"w-tabs-section\" id=\"l17d\" itemscope itemprop=\"mainEntity\" itemtype=\"https:\/\/schema.org\/Question\"><button class=\"w-tabs-section-header\" aria-controls=\"content-l17d\" aria-expanded=\"false\"><div class=\"w-tabs-section-title\" itemprop=\"name\">M\u016f\u017ee klient kdykoli vypov\u011bd\u011bt smlouvu o d\u00edlo?<\/div><div class=\"w-tabs-section-control\"><\/div><\/button><div  class=\"w-tabs-section-content\" id=\"content-l17d\" itemscope itemprop=\"acceptedAnswer\" itemtype=\"https:\/\/schema.org\/Answer\"><div class=\"w-tabs-section-content-h i-cf\" itemprop=\"text\"><div class=\"wpb_text_column\"><div class=\"wpb_wrapper\"><p>Ano, podle \u00a7 648 n\u011bmeck\u00e9ho ob\u010dansk\u00e9ho z\u00e1kon\u00edku (BGB) m\u016f\u017ee z\u00e1kazn\u00edk smlouvu o d\u00edlo kdykoli vypov\u011bd\u011bt bez ud\u00e1n\u00ed d\u016fvodu. Mus\u00ed v\u0161ak zaplatit sjednanou odm\u011bnu za d\u00edlo sn\u00ed\u017eenou o n\u00e1klady, kter\u00e9 zhotovitel u\u0161et\u0159il. To d\u00e1v\u00e1 objednateli velkou flexibilitu, ale z\u00e1rove\u0148 chr\u00e1n\u00ed zhotovitele p\u0159ed \u00faplnou ztr\u00e1tou odm\u011bny.<\/p>\n<\/div><\/div><\/div><\/div><\/div><div class=\"w-tabs-section\" id=\"a259\" itemscope itemprop=\"mainEntity\" itemtype=\"https:\/\/schema.org\/Question\"><button class=\"w-tabs-section-header\" aria-controls=\"content-a259\" aria-expanded=\"false\"><div class=\"w-tabs-section-title\" itemprop=\"name\">Jak\u00fd je v praxi rozd\u00edl mezi smlouvou o d\u00edlo a smlouvou o poskytov\u00e1n\u00ed slu\u017eeb?<\/div><div class=\"w-tabs-section-control\"><\/div><\/button><div  class=\"w-tabs-section-content\" id=\"content-a259\" itemscope itemprop=\"acceptedAnswer\" itemtype=\"https:\/\/schema.org\/Answer\"><div class=\"w-tabs-section-content-h i-cf\" itemprop=\"text\"><div class=\"wpb_text_column\"><div class=\"wpb_wrapper\"><p>Ve smlouv\u011b o d\u00edlo zhotovitel dlu\u017e\u00ed v\u00fdsledek - dokon\u010den\u00e9 d\u00edlo. Ve smlouv\u011b o poskytov\u00e1n\u00ed slu\u017eeb je zhotovitel povinen prov\u00e9st pouze \u010dinnost, nikoliv v\u00fdsledek. To m\u00e1 zna\u010dn\u00e9 ekonomick\u00e9 d\u016fsledky: Pokud je v\u00fdsledek bez smlouvy o d\u00edlo \u0161patn\u00fd, nen\u00ed mo\u017en\u00e9 ode\u010d\u00edst \u017e\u00e1dnou \u010d\u00e1stku, pokud je v\u00fdsledek se smlouvou o d\u00edlo dobr\u00fd, je mo\u017en\u00e9 zaplatit plnou \u010d\u00e1stku. P\u0159e\u010dt\u011bte si v\u00edce:<span>\u00a0<\/span><a href=\"https:\/\/global-business-recruiting.de\/cs\/znat\/smlouva-o-poskytovani-sluzeb-vs-smlouva-o-dilo\/\">Smlouva o poskytov\u00e1n\u00ed slu\u017eeb vs. smlouva o d\u00edlo<\/a>.<\/p>\n<\/div><\/div><\/div><\/div><\/div><div class=\"w-tabs-section\" id=\"l327\" itemscope itemprop=\"mainEntity\" itemtype=\"https:\/\/schema.org\/Question\"><button class=\"w-tabs-section-header\" aria-controls=\"content-l327\" aria-expanded=\"false\"><div class=\"w-tabs-section-title\" itemprop=\"name\">Kdy za\u010d\u00edn\u00e1 b\u011b\u017eet proml\u010dec\u00ed lh\u016fta pro n\u00e1roky z vad smlouvy o d\u00edlo?<\/div><div class=\"w-tabs-section-control\"><\/div><\/button><div  class=\"w-tabs-section-content\" id=\"content-l327\" itemscope itemprop=\"acceptedAnswer\" itemtype=\"https:\/\/schema.org\/Answer\"><div class=\"w-tabs-section-content-h i-cf\" itemprop=\"text\"><div class=\"wpb_text_column\"><div class=\"wpb_wrapper\"><p>Proml\u010dec\u00ed lh\u016fta za\u010d\u00edn\u00e1 b\u011b\u017eet p\u0159evzet\u00edm d\u00edla. Proml\u010dec\u00ed lh\u016fta u staveb je v souladu s \u00a7 634a BGB p\u011bt let, u ostatn\u00edch prac\u00ed dva roky. D\u016fle\u017eit\u00e9: Pokud objednatel opr\u00e1vn\u011bn\u011b odm\u00edtne p\u0159evzet\u00ed z d\u016fvodu podstatn\u00fdch vad, proml\u010dec\u00ed lh\u016fta neza\u010dne b\u011b\u017eet.<\/p>\n<\/div><\/div><\/div><\/div><\/div><\/div><\/div><\/div><\/div><\/div><\/div><\/section>","protected":false},"excerpt":{"rendered":"Ist ein\u00a0Werkvertrag\u00a0wirtschaftlich oder verursacht er nur weitere Kosten? Wir haben uns bereits dem Thema gewidmet, dass mit Werkvertr\u00e4gen Lohndumping betrieben wird. Ganz kalt betrachtet ist das bereits eine Antwort, doch die Frage geht sehr viel weiter. Lohndumping wird gew\u00f6hnlich mit Scheinwerkvertr\u00e4gen betrieben, sodass diese extreme Form der Kostensparnis nicht Bestandteil der Betrachtung in diesem Kapitel...","protected":false},"author":1,"featured_media":10533,"parent":9347,"menu_order":0,"comment_status":"closed","ping_status":"closed","template":"","meta":{"_acf_changed":false,"footnotes":""},"class_list":["post-9865","page","type-page","status-publish","has-post-thumbnail","hentry"],"acf":[],"_links":{"self":[{"href":"https:\/\/global-business-recruiting.de\/cs\/wp-json\/wp\/v2\/pages\/9865","targetHints":{"allow":["GET"]}}],"collection":[{"href":"https:\/\/global-business-recruiting.de\/cs\/wp-json\/wp\/v2\/pages"}],"about":[{"href":"https:\/\/global-business-recruiting.de\/cs\/wp-json\/wp\/v2\/types\/page"}],"author":[{"embeddable":true,"href":"https:\/\/global-business-recruiting.de\/cs\/wp-json\/wp\/v2\/users\/1"}],"replies":[{"embeddable":true,"href":"https:\/\/global-business-recruiting.de\/cs\/wp-json\/wp\/v2\/comments?post=9865"}],"version-history":[{"count":6,"href":"https:\/\/global-business-recruiting.de\/cs\/wp-json\/wp\/v2\/pages\/9865\/revisions"}],"predecessor-version":[{"id":9866,"href":"https:\/\/global-business-recruiting.de\/cs\/wp-json\/wp\/v2\/pages\/9865\/revisions\/9866"}],"up":[{"embeddable":true,"href":"https:\/\/global-business-recruiting.de\/cs\/wp-json\/wp\/v2\/pages\/9347"}],"wp:featuredmedia":[{"embeddable":true,"href":"https:\/\/global-business-recruiting.de\/cs\/wp-json\/wp\/v2\/media\/10533"}],"wp:attachment":[{"href":"https:\/\/global-business-recruiting.de\/cs\/wp-json\/wp\/v2\/media?parent=9865"}],"curies":[{"name":"wp","href":"https:\/\/api.w.org\/{rel}","templated":true}]}}