{"id":9869,"date":"2026-03-12T02:07:58","date_gmt":"2026-03-12T02:07:58","guid":{"rendered":"https:\/\/global-business-recruiting.de\/wissen\/werkvertrag-wirtschaftlich-statt-nur-kostenstelle\/"},"modified":"2026-03-29T13:06:32","modified_gmt":"2026-03-29T13:06:32","slug":"zednik-subdodavatel","status":"publish","type":"page","link":"https:\/\/global-business-recruiting.de\/cs\/wissen\/maurer-subunternehmer\/","title":{"rendered":"Zedni\u010dt\u00ed subdodavatel\u00e9 - \u00fakoly, zak\u00e1zky a v\u00fdzvy p\u0159i pr\u00e1ci se subdodavateli"},"content":{"rendered":"<section class=\"l-section wpb_row height_custom\"><div class=\"l-section-h i-cf\"><div class=\"g-cols vc_row via_grid cols_1 laptops-cols_inherit tablets-cols_inherit mobiles-cols_1 valign_top type_default stacking_default\"><div class=\"wpb_column vc_column_container\"><div class=\"vc_column-inner\"><div class=\"wpb_text_column\"><div class=\"wpb_wrapper\"><p>\u0158ekn\u011bme to tak, jak to je. Bez zedn\u00edk\u016f se na stavb\u011b nic neobejde. Jsou ur\u010dit\u011b jedn\u00edm z nejd\u016fle\u017eit\u011bj\u0161\u00edch \u0159emesel, pokud jde o stavbu. Jejich specializovan\u00e9 dovednosti a zku\u0161enosti v\u00fdznamn\u011b p\u0159isp\u00edvaj\u00ed k \u00fasp\u011bchu stavebn\u00edch projekt\u016f.<\/p>\n<p>Zedn\u00edci jako subdodavatel\u00e9 p\u0159in\u00e1\u0161ej\u00ed specializovan\u00e9 odborn\u00e9 znalosti a \u0159emesln\u00e9 dovednosti, kter\u00e9 umo\u017e\u0148uj\u00ed \u00fasp\u011b\u0161n\u011b dokon\u010dit stavebn\u00ed projekty.<\/p>\n<h2>Jak\u00e9 zak\u00e1zky dost\u00e1vaj\u00ed zedn\u00edci?<\/h2>\n<p>Zedn\u00edci jako subdodavatel\u00e9 jsou \u010dasto naj\u00edm\u00e1ni na konkr\u00e9tn\u00ed projekty. Tyto projekty se mohou pohybovat od mal\u00fdch renovac\u00ed a\u017e po velk\u00e9 novostavby. Zak\u00e1zky na z\u00e1klad\u011b projekt\u016f nab\u00edzej\u00ed flexibilitu a umo\u017e\u0148uj\u00ed zedn\u00edk\u016fm pracovat na r\u016fzn\u00fdch projektech s r\u016fzn\u00fdmi po\u017eadavky.<\/p>\n<p>N\u011bkte\u0159\u00ed zedn\u00edci pracuj\u00ed na z\u00e1klad\u011b r\u00e1mcov\u00fdch smluv se stavebn\u00edmi firmami nebo gener\u00e1ln\u00edmi dodavateli. Tyto smlouvy se vztahuj\u00ed na n\u011bkolik projekt\u016f v ur\u010dit\u00e9m \u010dasov\u00e9m obdob\u00ed a nab\u00edzej\u00ed pr\u016fb\u011b\u017en\u00e9 zak\u00e1zky. To m\u016f\u017ee b\u00fdt v\u00fdhodn\u00e9 jak pro zedn\u00edky, tak pro z\u00e1kazn\u00edky, proto\u017ee to umo\u017e\u0148uje dlouhodob\u00e9 pl\u00e1nov\u00e1n\u00ed a partnerstv\u00ed.<\/p>\n<p>Zedn\u00edci mohou pracovat tak\u00e9 na z\u00e1klad\u011b hodinov\u00fdch sazeb nebo jednotkov\u00fdch cen. U smluv s hodinovou sazbou je odm\u011b\u0148ov\u00e1na pracovn\u00ed doba, co\u017e m\u016f\u017ee b\u00fdt v\u00fdhodn\u00e9 pro nep\u0159edv\u00eddateln\u00e9 pr\u00e1ce. Smlouvy s jednotkov\u00fdmi cenami naproti tomu poskytuj\u00ed jasnou strukturu n\u00e1klad\u016f na konkr\u00e9tn\u00ed \u00fakoly nebo mno\u017estv\u00ed materi\u00e1lu a pr\u00e1ce.<\/p>\n<h2>Jak\u00e9 jsou \u00fakoly zedn\u00edka?<\/h2>\n<p>Zedn\u00edci jsou \u010dasto zodpov\u011bdn\u00ed za v\u00fdstavbu z\u00e1klad\u016f budov. Tento \u00fakol je kl\u00ed\u010dov\u00fd, proto\u017ee z\u00e1klady nesou cel\u00e9 zat\u00ed\u017een\u00ed budovy. Pr\u00e1ce zahrnuje vylit\u00ed betonov\u00fdch z\u00e1klad\u016f, polo\u017een\u00ed z\u00e1kladov\u00fdch blok\u016f a zaji\u0161t\u011bn\u00ed stability a rovinnosti z\u00e1klad\u016f.<\/p>\n<p>Podstatnou sou\u010d\u00e1st\u00ed zednick\u00fdch prac\u00ed je stavba st\u011bn a p\u0159\u00ed\u010dek. Pat\u0159\u00ed sem jak nosn\u00e9 st\u011bny, kter\u00e9 p\u0159isp\u00edvaj\u00ed ke stabilit\u011b budovy, tak nosn\u00e9 st\u011bny, kter\u00e9 slou\u017e\u00ed k rozd\u011blen\u00ed m\u00edstnost\u00ed. Ke stavb\u011b t\u011bchto konstrukc\u00ed pou\u017e\u00edvaj\u00ed zedn\u00edci r\u016fzn\u00e9 materi\u00e1ly, jako jsou cihly, betonov\u00e9 bloky a p\u0159\u00edrodn\u00ed k\u00e1men.<\/p>\n<p>Dal\u0161\u00edm specializovan\u00fdm \u00fakolem zedn\u00edk\u016f je obkl\u00e1d\u00e1n\u00ed zdiva. Tato pr\u00e1ce zahrnuje obkl\u00e1d\u00e1n\u00ed fas\u00e1d budov ozdobn\u00fdmi cihlami nebo kameny, kter\u00e9 poskytuj\u00ed estetick\u00e9 akcenty a z\u00e1rove\u0148 chr\u00e1n\u00ed konstrukci. To vy\u017eaduje precizn\u00ed pr\u00e1ci a smysl pro detail, aby byl zaji\u0161t\u011bn rovnom\u011brn\u00fd a atraktivn\u00ed vzhled.<\/p>\n<h2>Jak\u00e9 jsou probl\u00e9my p\u0159i pr\u00e1ci zednick\u00e9ho subdodavatele?<\/h2>\n<p>Pr\u00e1vn\u00ed r\u00e1mec a smluvn\u00ed dohody mus\u00ed b\u00fdt jasn\u011b definov\u00e1ny a dodr\u017eov\u00e1ny. Nejasnosti nebo nedorozum\u011bn\u00ed mohou v\u00e9st k pr\u00e1vn\u00edm spor\u016fm, kter\u00e9 mohou m\u00edt na projekt zna\u010dn\u00fd dopad. Jasn\u00e1 formulace smluv a dodr\u017eov\u00e1n\u00ed v\u0161ech pr\u00e1vn\u00edch p\u0159edpis\u016f jsou proto kl\u00ed\u010dov\u00e9.<\/p>\n<p>Jednou z nejv\u011bt\u0161\u00edch v\u00fdzev p\u0159i spolupr\u00e1ci se zedn\u00edky je efektivn\u00ed komunikace a koordinace. Proto\u017ee zedn\u00edci \u010dasto pracuj\u00ed soub\u011b\u017en\u011b s jin\u00fdmi \u0159emesly, je d\u016fle\u017eit\u00e9, aby v\u0161ichni z\u00fa\u010dastn\u011bn\u00ed byli dob\u0159e informov\u00e1ni a koordinov\u00e1ni.<\/p>\n<p>Stavebn\u00ed projekty se \u010dasto vyzna\u010duj\u00ed p\u0159\u00edsn\u00fdmi harmonogramy a rozpo\u010dty. Zpo\u017ed\u011bn\u00ed nebo p\u0159ekro\u010den\u00ed n\u00e1klad\u016f m\u016f\u017ee m\u00edt v\u00fdznamn\u00fd dopad na cel\u00fd projekt. Zedn\u00edci proto mus\u00ed pracovat spolehliv\u011b a efektivn\u011b, aby tyto po\u017eadavky splnili. Dobr\u00e9 \u0159\u00edzen\u00ed harmonogramu a n\u00e1klad\u016f je proto nezbytn\u00e9.<\/p>\n<p>V\u00edce informac\u00ed o pr\u00e1vn\u00edm z\u00e1kladu pro vyu\u017e\u00edv\u00e1n\u00ed subdodavatel\u016f:<span>\u00a0<\/span><a href=\"https:\/\/global-business-recruiting.de\/cs\/znat\/smluvni-dolozky-se-subdodavateli\/\">Podstatn\u00e1 ustanoven\u00ed ve smlouv\u011b se subdodavatelem<\/a><span>\u00a0<\/span>a<span>\u00a0<\/span><a href=\"https:\/\/global-business-recruiting.de\/cs\/znat\/odpovednost-zahranicnich-subdodavatelu\/\">Odpov\u011bdnost zahrani\u010dn\u00edch subdodavatel\u016f<\/a>.<\/p>\n<h2>Pro\u010d je Global Business Recruiting va\u0161\u00edm partnerem<\/h2>\n<p>Spole\u010dnost Global Business Recruiting se specializuje na n\u00e1bor zam\u011bstnanc\u016f ve stavebnictv\u00ed. Um\u00eds\u0165ujeme \u0159emesln\u00edky ze v\u0161ech obor\u016f. Proto\u017ee v\u00edme, \u017ee zejm\u00e9na zedn\u00edci jsou v N\u011bmecku \u017e\u00e1dan\u00ed, umis\u0165ujeme pracovn\u00edky z v\u00fdchodn\u00ed Evropy.<\/p>\n<p>Na rozd\u00edl od mnoha jin\u00fdch mluv\u00ed na\u0161i zam\u011bstnanci n\u011bmecky. Proto\u017ee v\u00edme, \u017ee pr\u00e1v\u011b tento bod \u010dasto vede k probl\u00e9m\u016fm, je pro n\u00e1s nesm\u00edrn\u011b d\u016fle\u017eit\u00fd.<\/p>\n<p>K dispozici jsou tak\u00e9 v\u0161echny dokumenty a licence. Na\u0161i pracovn\u00edci z Polska a v\u00fdchodn\u00ed Evropy hovo\u0159\u00ed n\u011bmecky, a proto mohou snadno a rychle za\u010d\u00edt pracovat.<\/p>\n<h2>\u010casto kladen\u00e9 ot\u00e1zky o zedn\u00edc\u00edch jako subdodavatel\u00edch<\/h2>\n<\/div><\/div><div class=\"w-separator size_small\"><\/div><div class=\"w-tabs style_default switch_click accordion type_togglable has_scrolling\" style=\"--sections-title-size:inherit\"><div class=\"w-tabs-sections titles-align_none icon_chevron cpos_right\"><div class=\"w-tabs-section\" id=\"l337\" itemscope itemprop=\"mainEntity\" itemtype=\"https:\/\/schema.org\/Question\"><button class=\"w-tabs-section-header\" aria-controls=\"content-l337\" aria-expanded=\"false\"><div class=\"w-tabs-section-title\" itemprop=\"name\">Jakou kvalifikaci by m\u011bl m\u00edt zedn\u00edk jako subdodavatel?<\/div><div class=\"w-tabs-section-control\"><\/div><\/button><div  class=\"w-tabs-section-content\" id=\"content-l337\" itemscope itemprop=\"acceptedAnswer\" itemtype=\"https:\/\/schema.org\/Answer\"><div class=\"w-tabs-section-content-h i-cf\" itemprop=\"text\"><div class=\"wpb_text_column\"><div class=\"wpb_wrapper\"><p>Kvalifikovan\u00fd zedn\u00edk by m\u011bl m\u00edt uzn\u00e1vanou odbornou kvalifikaci zedn\u00edka nebo pracovn\u00edka v oblasti betonu a \u017eelezobetonu. Dal\u0161\u00ed kvalifikace v obkladov\u00e9m zdivu, s\u00e1drokartonov\u00fdch konstrukc\u00edch nebo tepeln\u00fdch izolac\u00edch je v\u00fdhodou. V p\u0159\u00edpad\u011b zahrani\u010dn\u00edch kvalifikovan\u00fdch pracovn\u00edk\u016f je t\u0159eba ov\u011b\u0159it, zda je odborn\u00e1 kvalifikace v N\u011bmecku uzn\u00e1v\u00e1na, nebo zda vy\u017eaduje posouzen\u00ed rovnocennosti.<\/p>\n<\/div><\/div><\/div><\/div><\/div><div class=\"w-tabs-section\" id=\"w404\" itemscope itemprop=\"mainEntity\" itemtype=\"https:\/\/schema.org\/Question\"><button class=\"w-tabs-section-header\" aria-controls=\"content-w404\" aria-expanded=\"false\"><div class=\"w-tabs-section-title\" itemprop=\"name\">Co je t\u0159eba m\u00edt na pam\u011bti, kdy\u017e vyu\u017e\u00edv\u00e1m polsk\u00e9 zedn\u00edky jako subdodavatele?<\/div><div class=\"w-tabs-section-control\"><\/div><\/button><div  class=\"w-tabs-section-content\" id=\"content-w404\" itemscope itemprop=\"acceptedAnswer\" itemtype=\"https:\/\/schema.org\/Answer\"><div class=\"w-tabs-section-content-h i-cf\" itemprop=\"text\"><div class=\"wpb_text_column\"><div class=\"wpb_wrapper\"><p>Na vyslan\u00e9 polsk\u00e9 zedn\u00edky se vztahuj\u00ed n\u011bmeck\u00e9 minim\u00e1ln\u00ed mzdov\u00e9 sazby, zejm\u00e9na kolektivn\u00ed smlouva pro stavebnictv\u00ed (BRTV Bau). V\u0161ichni zam\u011bstnanci vy\u017eaduj\u00ed<span>\u00a0<\/span><a href=\"https:\/\/global-business-recruiting.de\/cs\/znat\/certifikat-a1\/\">Certifik\u00e1t A1<\/a>, registrace u celn\u00edho \u00fa\u0159adu (prost\u0159ednictv\u00edm celn\u00edho registra\u010dn\u00edho port\u00e1lu) a dostate\u010dn\u00e1 znalost n\u011bm\u010diny pro bezpe\u010dnostn\u00ed pokyny na staveni\u0161ti.<\/p>\n<\/div><\/div><\/div><\/div><\/div><div class=\"w-tabs-section\" id=\"q4dd\" itemscope itemprop=\"mainEntity\" itemtype=\"https:\/\/schema.org\/Question\"><button class=\"w-tabs-section-header\" aria-controls=\"content-q4dd\" aria-expanded=\"false\"><div class=\"w-tabs-section-title\" itemprop=\"name\">Jak je obvykle odm\u011b\u0148ov\u00e1n zedn\u00edk jako subdodavatel?<\/div><div class=\"w-tabs-section-control\"><\/div><\/button><div  class=\"w-tabs-section-content\" id=\"content-q4dd\" itemscope itemprop=\"acceptedAnswer\" itemtype=\"https:\/\/schema.org\/Answer\"><div class=\"w-tabs-section-content-h i-cf\" itemprop=\"text\"><div class=\"wpb_text_column\"><div class=\"wpb_wrapper\"><p>Mo\u017en\u00fdmi variantami jsou smlouvy s hodinovou sazbou (obvykle 35-60 eur za hodinu v z\u00e1vislosti na regionu a kvalifikaci), smlouvy s jednotkov\u00fdmi cenami (nap\u0159. za metr \u010dtvere\u010dn\u00ed zednick\u00e9ho zdiva) nebo pau\u0161\u00e1ln\u00ed smlouvy pro jasn\u011b definovan\u00e9 profese. Spole\u010dnost Global Business Recruiting v\u00e1m m\u016f\u017ee poradit ohledn\u011b standardn\u00edch tr\u017en\u00edch podm\u00ednek pro v\u00fdchodoevropsk\u00e9 zednick\u00e9 t\u00fdmy.<\/p>\n<\/div><\/div><\/div><\/div><\/div><div class=\"w-tabs-section\" id=\"c58f\" itemscope itemprop=\"mainEntity\" itemtype=\"https:\/\/schema.org\/Question\"><button class=\"w-tabs-section-header\" aria-controls=\"content-c58f\" aria-expanded=\"false\"><div class=\"w-tabs-section-title\" itemprop=\"name\">Jak rychle lze nasadit zednick\u00e9 subdodavatelsk\u00e9 t\u00fdmy z v\u00fdchodn\u00ed Evropy?<\/div><div class=\"w-tabs-section-control\"><\/div><\/button><div  class=\"w-tabs-section-content\" id=\"content-c58f\" itemscope itemprop=\"acceptedAnswer\" itemtype=\"https:\/\/schema.org\/Answer\"><div class=\"w-tabs-section-content-h i-cf\" itemprop=\"text\"><div class=\"wpb_text_column\"><div class=\"wpb_wrapper\"><p>Kvalifikovan\u00e9 zednick\u00e9 t\u00fdmy z Polska a v\u00fdchodn\u00ed Evropy jsou obvykle k dispozici do t\u00fddne prost\u0159ednictv\u00edm Global Business Recruiting. Ve\u0161ker\u00e9 dokumenty - certifik\u00e1ty A1, \u017eivnostensk\u00fd list, doklad o poji\u0161t\u011bn\u00ed, doklad o kvalifikaci - jsou kontrolov\u00e1ny a poskytov\u00e1ny p\u0159edem.<\/p>\n<\/div><\/div><\/div><\/div><\/div><div class=\"w-tabs-section\" id=\"n642\" itemscope itemprop=\"mainEntity\" itemtype=\"https:\/\/schema.org\/Question\"><button class=\"w-tabs-section-header\" aria-controls=\"content-n642\" aria-expanded=\"false\"><div class=\"w-tabs-section-title\" itemprop=\"name\">Odpov\u00edd\u00e1 objednatel za vady zednick\u00fdch prac\u00ed proveden\u00fdch subdodavatelem?<\/div><div class=\"w-tabs-section-control\"><\/div><\/button><div  class=\"w-tabs-section-content\" id=\"content-n642\" itemscope itemprop=\"acceptedAnswer\" itemtype=\"https:\/\/schema.org\/Answer\"><div class=\"w-tabs-section-content-h i-cf\" itemprop=\"text\"><div class=\"wpb_text_column\"><div class=\"wpb_wrapper\"><p>Ve vztahu k objednateli je gener\u00e1ln\u00ed dodavatel odpov\u011bdn\u00fd za vady, i kdy\u017e je zp\u016fsobil subdodavatel. Gener\u00e1ln\u00ed dodavatel m\u016f\u017ee ze sv\u00e9 strany uplatnit regres v\u016f\u010di subdodavateli. Je proto nezbytn\u00e9, aby m\u011bl subdodavatel jasn\u011b stanoven\u00e9 z\u00e1sady oznamov\u00e1n\u00ed vad a dostate\u010dn\u00e9 poji\u0161t\u011bn\u00ed odpov\u011bdnosti.<\/p>\n<\/div><\/div><\/div><\/div><\/div><\/div><\/div><\/div><\/div><\/div><\/div><\/section>","protected":false},"excerpt":{"rendered":"Sagen wir es einmal ehrlich, wie es ist. Ohne Maurer geht auf dem Bau gar nichts. Sie sind mit Sicherheit eines der wichtigsten Gewerke, wenn es um den Bau geht. Ihre spezialisierten F\u00e4higkeiten und Erfahrungen tragen wesentlich zum Erfolg von Bauprojekten bei. Als Subunternehmer bringen Maurer spezialisiertes Fachwissen und handwerkliches K\u00f6nnen mit, um Bauprojekte erfolgreich...","protected":false},"author":1,"featured_media":11150,"parent":9347,"menu_order":0,"comment_status":"closed","ping_status":"closed","template":"","meta":{"_acf_changed":false,"footnotes":""},"class_list":["post-9869","page","type-page","status-publish","has-post-thumbnail","hentry"],"acf":[],"_links":{"self":[{"href":"https:\/\/global-business-recruiting.de\/cs\/wp-json\/wp\/v2\/pages\/9869","targetHints":{"allow":["GET"]}}],"collection":[{"href":"https:\/\/global-business-recruiting.de\/cs\/wp-json\/wp\/v2\/pages"}],"about":[{"href":"https:\/\/global-business-recruiting.de\/cs\/wp-json\/wp\/v2\/types\/page"}],"author":[{"embeddable":true,"href":"https:\/\/global-business-recruiting.de\/cs\/wp-json\/wp\/v2\/users\/1"}],"replies":[{"embeddable":true,"href":"https:\/\/global-business-recruiting.de\/cs\/wp-json\/wp\/v2\/comments?post=9869"}],"version-history":[{"count":6,"href":"https:\/\/global-business-recruiting.de\/cs\/wp-json\/wp\/v2\/pages\/9869\/revisions"}],"predecessor-version":[{"id":11191,"href":"https:\/\/global-business-recruiting.de\/cs\/wp-json\/wp\/v2\/pages\/9869\/revisions\/11191"}],"up":[{"embeddable":true,"href":"https:\/\/global-business-recruiting.de\/cs\/wp-json\/wp\/v2\/pages\/9347"}],"wp:featuredmedia":[{"embeddable":true,"href":"https:\/\/global-business-recruiting.de\/cs\/wp-json\/wp\/v2\/media\/11150"}],"wp:attachment":[{"href":"https:\/\/global-business-recruiting.de\/cs\/wp-json\/wp\/v2\/media?parent=9869"}],"curies":[{"name":"wp","href":"https:\/\/api.w.org\/{rel}","templated":true}]}}