{"id":9873,"date":"2026-03-12T02:21:37","date_gmt":"2026-03-12T02:21:37","guid":{"rendered":"https:\/\/global-business-recruiting.de\/wissen\/maurer-subunternehmer-aufgaben-auftraege-und-herausforderungen-bei-der-zusammenarbeit-mit-subunternehmern\/"},"modified":"2026-03-29T13:07:14","modified_gmt":"2026-03-29T13:07:14","slug":"sluzby-v-oblasti-stavby-lodi","status":"publish","type":"page","link":"https:\/\/global-business-recruiting.de\/cs\/wissen\/schiffbau-dienstleistungen\/","title":{"rendered":"Slu\u017eby v oblasti stavby lod\u00ed"},"content":{"rendered":"<section class=\"l-section wpb_row height_custom\"><div class=\"l-section-h i-cf\"><div class=\"g-cols vc_row via_grid cols_1 laptops-cols_inherit tablets-cols_inherit mobiles-cols_1 valign_top type_default stacking_default\"><div class=\"wpb_column vc_column_container\"><div class=\"vc_column-inner\"><div class=\"wpb_text_column\"><div class=\"wpb_wrapper\"><p>V<span>\u00a0<\/span><a href=\"https:\/\/global-business-recruiting.de\/cs\/pobocky\/stavba-lodi\/\">Stavba lod\u00ed<\/a><span>\u00a0<\/span>existuje mnoho r\u016fzn\u00fdch specializovan\u00fdch \u010dinnost\u00ed, po kter\u00fdch je popt\u00e1vka. Ne nadarmo je lodn\u00ed pr\u016fmysl jedn\u00edm z nejstar\u0161\u00edch a nejd\u016fle\u017eit\u011bj\u0161\u00edch na sv\u011bt\u011b. Zam\u011bstnanci jsou pot\u0159ebn\u00ed p\u0159i stavb\u011b, \u00fadr\u017eb\u011b a oprav\u00e1ch lod\u00ed. Stavba lod\u00ed je obzvl\u00e1\u0161t\u011b d\u016fle\u017eit\u00e1 v mezin\u00e1rodn\u00edm obchod\u011b a glob\u00e1ln\u00ed logistice.<\/p>\n<p>V t\u00e9to oblasti doch\u00e1z\u00ed k neust\u00e1l\u00e9mu v\u00fdvoji a n\u00e1roky jsou vysok\u00e9. Proto je d\u016fle\u017eit\u00e9 m\u00edt kvalifikovan\u00fd odborn\u00fd person\u00e1l, kter\u00fd tyto \u00fakoly zvl\u00e1dne. Bohu\u017eel i N\u011bmecko je v posledn\u00edch letech posti\u017eeno nedostatkem kvalifikovan\u00fdch pracovn\u00edch sil v t\u00e9to oblasti.<\/p>\n<h2>Jak\u00e9 slu\u017eby jsou k dispozici p\u0159i stavb\u011b lod\u00ed?<\/h2>\n<p>Stavba lod\u00ed zahrnuje mnoho \u010dinnost\u00ed. Precizn\u00ed pr\u00e1ce a hlubok\u00e9 znalosti jsou nezbytn\u00e9. Mnoh\u00e9 z nich jsou profese, kter\u00e9 existuj\u00ed i v jin\u00fdch pr\u016fmyslov\u00fdch odv\u011btv\u00edch, ale mus\u00ed b\u00fdt p\u0159izp\u016fsobeny po\u017eadavk\u016fm stavby lod\u00ed.<\/p>\n<h3>Konstrukce a design lod\u00ed<\/h3>\n<p>Odd\u011blen\u00ed konstrukce a n\u00e1vrhu lod\u00ed pl\u00e1nuje a navrhuje lod\u011b. Jedn\u00e1 se o mal\u00e9 jachty, velk\u00e9 kontejnerov\u00e9 lod\u011b a v\u00fdletn\u00ed lod\u011b. V t\u00e9to oblasti se navrhuj\u00ed lod\u011b, co\u017e vy\u017eaduje \u00fazkou spolupr\u00e1ci mezi in\u017een\u00fdry a konstrukt\u00e9ry. Lod\u011b mus\u00ed b\u00fdt nejen funk\u010dn\u00ed, ale tak\u00e9 bezpe\u010dn\u00e9.<\/p>\n<h3>Stavba a mont\u00e1\u017e lod\u00ed<\/h3>\n<p>Pot\u00e9 n\u00e1sleduje oblast stavby a mont\u00e1\u017ee lod\u00ed, kde se n\u00e1vrh st\u00e1v\u00e1 skute\u010dnost\u00ed. Je t\u0159eba prov\u00e9st slo\u017eit\u00e9 konstruk\u010dn\u00ed procesy, a proto jsou pro spln\u011bn\u00ed t\u011bchto po\u017eadavk\u016f zapot\u0159eb\u00ed specializovan\u00ed \u0159emesln\u00edci a technici.<\/p>\n<h3>\u00dadr\u017eba a opravy<\/h3>\n<p>Po spu\u0161t\u011bn\u00ed lod\u00ed na vodu je t\u0159eba je tak\u00e9 pravideln\u011b udr\u017eovat a opravovat. \u00dakol\u016f, kter\u00e9 je t\u0159eba prov\u00e9st, je cel\u00e1 \u0159ada. Lo\u010f se podrobn\u011b kontroluje a opravuj\u00ed se elektronick\u00e9 syst\u00e9my a stroje.<\/p>\n<h3>Modernizace<\/h3>\n<p>Lod\u011b \u010dasem st\u00e1rnou a je t\u0159eba je modernizovat. V\u017edy se objevuj\u00ed nov\u00e9 bezpe\u010dnostn\u00ed p\u0159edpisy a po\u017eadavky na ochranu \u017eivotn\u00edho prost\u0159ed\u00ed, kter\u00e9 je t\u0159eba dodr\u017eovat. Specializovan\u00ed odborn\u00edci zaji\u0161\u0165uj\u00ed modernizaci nebo dovybaven\u00ed st\u00e1vaj\u00edc\u00edch syst\u00e9m\u016f.<\/p>\n<h3>P\u0159\u00edslu\u0161enstv\u00ed a vybaven\u00ed<\/h3>\n<p>V oblasti p\u0159\u00edslu\u0161enstv\u00ed a vybaven\u00ed je rovn\u011b\u017e zapot\u0159eb\u00ed specializovan\u00fd person\u00e1l. Ti jsou zodpov\u011bdn\u00ed za udr\u017eov\u00e1n\u00ed ve\u0161ker\u00e9ho vybaven\u00ed pro provoz lodi ve \u0161pi\u010dkov\u00e9m stavu. To se t\u00fdk\u00e1 jak naviga\u010dn\u00edch syst\u00e9m\u016f, tak bezpe\u010dnostn\u00edho vybaven\u00ed.<\/p>\n<p>V\u0161echny tyto oblasti vy\u017eaduj\u00ed specializovan\u00e9 odborn\u00edky, kte\u0159\u00ed jsou obezn\u00e1meni se stavbou lod\u00ed. Tito odborn\u00edci mus\u00ed m\u00edt teoretick\u00e9 znalosti i praktick\u00e9 zku\u0161enosti. Jen tak mohou splnit neust\u00e1le rostouc\u00ed po\u017eadavky.<\/p>\n<h2>Po jak\u00fdch kvalifikovan\u00fdch pracovn\u00edc\u00edch je ve stavb\u011b lod\u00ed popt\u00e1vka?<\/h2>\n<h3>In\u017een\u00fd\u0159i a technici<\/h3>\n<p>In\u017een\u00fd\u0159i a technici pat\u0159\u00ed mezi nej\u017e\u00e1dan\u011bj\u0161\u00ed odborn\u00edky v odv\u011btv\u00ed stavby lod\u00ed. Maj\u00ed jeden z nejd\u016fle\u017eit\u011bj\u0161\u00edch \u00fakol\u016f, proto\u017ee jsou zodpov\u011bdn\u00ed za v\u0161e od pl\u00e1nov\u00e1n\u00ed a\u017e po stavbu lodi. Mus\u00ed tak\u00e9 zajistit, aby v\u0161echny aspekty lodi byly optim\u00e1ln\u011b slad\u011bny. \u0158\u00edd\u00ed v\u0161echny oblasti od konstrukce a\u017e po technologie.<\/p>\n<ul>\n<li>A<span>\u00a0<\/span><strong>N\u00e1mo\u0159n\u00ed architekt<\/strong><span>\u00a0<\/span>zaji\u0161\u0165uje, \u017ee lo\u010f vydr\u017e\u00ed nam\u00e1h\u00e1n\u00ed na mo\u0159i. Mus\u00ed b\u00fdt schopna \u00fa\u010dinn\u011b a bezpe\u010dn\u011b man\u00e9vrovat.<\/li>\n<li>Na str\u00e1nk\u00e1ch<span>\u00a0<\/span><strong>Strojn\u00ed in\u017een\u00fdr<\/strong><span>\u00a0<\/span>zaji\u0161\u0165uje, \u017ee stroje na palub\u011b jsou konstruov\u00e1ny a udr\u017eov\u00e1ny. Odpov\u00eddaj\u00ed nap\u0159\u00edklad za pohonn\u00e9 syst\u00e9my, gener\u00e1tory, klimatiza\u010dn\u00ed syst\u00e9my a mnoho dal\u0161\u00edch mechanick\u00fdch syst\u00e9m\u016f na lodi.<\/li>\n<li>Tak\u00e9<span>\u00a0<\/span><strong>Elektrotechnici<\/strong><span>\u00a0<\/span>jsou pot\u0159ebn\u00e9 p\u0159i stavb\u011b lod\u00ed. V dne\u0161n\u00ed dob\u011b jsou lod\u011b vybaveny slo\u017eit\u00fdmi elektronick\u00fdmi syst\u00e9my, co\u017e znamen\u00e1, \u017ee elektrotechnici je mus\u00ed zn\u00e1t. Jedin\u011b tak lze zajistit bezpe\u010dnost a efektivitu lodi.<\/li>\n<\/ul>\n<p>V posledn\u00ed dob\u011b se st\u00e1le v\u00edce hledaj\u00ed in\u017een\u00fd\u0159i v oblasti udr\u017eitelnosti a \u017eivotn\u00edho prost\u0159ed\u00ed. Ti jsou velmi dob\u0159e obezn\u00e1meni s po\u017eadavky na ochranu \u017eivotn\u00edho prost\u0159ed\u00ed a jsou v\u017edy v obraze. Mus\u00ed v\u011bnovat pozornost udr\u017eitelnosti a ekologick\u00fdm technologi\u00edm p\u0159i stavb\u011b lod\u00ed. Tato oblast se v sou\u010dasn\u00e9 dob\u011b velmi rychle rozv\u00edj\u00ed.<\/p>\n<h3>D\u011bln\u00edci a \u0159emesln\u00edci v lod\u011bnic\u00edch<\/h3>\n<p>Krom\u011b in\u017een\u00fdr\u016f jsou v\u0161ak pot\u0159eba i dal\u0161\u00ed pracovn\u00edci.<\/p>\n<ul>\n<li><strong>D\u011bln\u00edci a \u0159emesln\u00edci v lod\u011bnic\u00edch<\/strong><span>\u00a0<\/span>pro praktickou realizaci p\u0159i stavb\u011b lod\u00ed jsou nal\u00e9hav\u011b pot\u0159ebn\u00e9. Disponuj\u00ed speci\u00e1ln\u00edmi technikami a materi\u00e1ly, kter\u00e9 jsou speci\u00e1ln\u011b uzp\u016fsobeny pro stavbu lod\u00ed.<\/li>\n<li><a href=\"https:\/\/global-business-recruiting.de\/cs\/profese\/schweisser\/\"><strong>Sv\u00e1\u0159e\u010d<\/strong><\/a><span>\u00a0<\/span>jsou v\u017edy pot\u0159ebn\u00e9, proto\u017ee spojuj\u00ed r\u016fzn\u00e9 \u010d\u00e1sti lodi. Podm\u00ednky jsou \u010dasto extr\u00e9mn\u00ed.<\/li>\n<li>Povol\u00e1n\u00ed<span>\u00a0<\/span><strong>Mechanika<\/strong><span>\u00a0<\/span>m\u00e1 z\u00e1sadn\u00ed v\u00fdznam pro v\u00fdkonnost lodi. Odpov\u00eddaj\u00ed za instalaci a \u00fadr\u017ebu stroj\u016f a dal\u0161\u00edch mechanick\u00fdch syst\u00e9m\u016f na palub\u011b.<\/li>\n<li>Tak\u00e9<span>\u00a0<\/span><strong>Elektrik\u00e1\u0159<\/strong><span>\u00a0<\/span>jsou pot\u0159ebn\u00e9 p\u0159i stavb\u011b lod\u00ed. Staraj\u00ed se o instalaci, \u00fadr\u017ebu a v\u0161echny dal\u0161\u00ed pr\u00e1ce na elektrick\u00fdch syst\u00e9mech. Tyto syst\u00e9my slou\u017e\u00ed k navigaci, komunikaci a \u0159\u00edzen\u00ed v\u0161ech funkc\u00ed lodi.<\/li>\n<\/ul>\n<p>Je d\u016fle\u017eit\u00e9, aby lod\u011b mohly cestovat dlouhou dobu. Povrchy lod\u00ed jsou obzvl\u00e1\u0161t\u011b posti\u017eeny koroz\u00ed. Proto je d\u016fle\u017eit\u00e9, aby v\u0161echny \u010d\u00e1sti, kter\u00e9 pravideln\u011b p\u0159ich\u00e1zej\u00ed do styku s vodou, byly chr\u00e1n\u011bny n\u00e1t\u011bry a povrchovou \u00fapravou.<\/p>\n<h3>Specialist\u00e9 na pl\u00e1nov\u00e1n\u00ed lod\u00ed a poradenstv\u00ed<\/h3>\n<p>Lod\u011b mus\u00ed b\u00fdt stav\u011bny efektivn\u011b a bezpe\u010dn\u011b. Proto je f\u00e1ze pl\u00e1nov\u00e1n\u00ed a konzultac\u00ed tak d\u016fle\u017eit\u00e1.<\/p>\n<ul>\n<li><strong>N\u00e1mo\u0159n\u00ed architekti<\/strong><span>\u00a0<\/span>se zab\u00fdvaj\u00ed n\u00e1vrhem interi\u00e9ru lod\u00ed. Zaji\u0161\u0165uj\u00ed, aby prostory byly praktick\u00e9 a pohodln\u00e9. Z\u00e1le\u017e\u00ed na tom, zda m\u00e1 n\u00e1vrh vyhovovat pot\u0159eb\u00e1m pos\u00e1dky nebo cestuj\u00edc\u00edch.<\/li>\n<li>Ve stavb\u011b lod\u00ed je tak\u00e9<span>\u00a0<\/span><strong>Spr\u00e1vce webu<\/strong><span>\u00a0<\/span>v popt\u00e1vce. Je zodpov\u011bdn\u00fd za sledov\u00e1n\u00ed v\u0161ech stavebn\u00edch proces\u016f. Je tak\u00e9 zodpov\u011bdn\u00fd za to, \u017ee v\u0161echny pr\u00e1ce prob\u00edhaj\u00ed podle pl\u00e1nu a v po\u017eadovan\u00e9m term\u00ednu.<\/li>\n<li>Povol\u00e1n\u00ed<span>\u00a0<\/span><strong>Bezpe\u010dnostn\u00ed poradce<\/strong><span>\u00a0<\/span>je obzvl\u00e1\u0161t\u011b d\u016fle\u017eit\u00e1 p\u0159i stavb\u011b lod\u00ed. Zaji\u0161\u0165uje, aby lod\u011b spl\u0148ovaly z\u00e1konn\u00e9 po\u017eadavky. Zaji\u0161\u0165uje tak\u00e9 spr\u00e1vn\u00e9 proveden\u00ed v\u0161ech bezpe\u010dnostn\u00edch opat\u0159en\u00ed.<\/li>\n<\/ul>\n<h3>Dal\u0161\u00ed specializovan\u00ed odborn\u00edci<\/h3>\n<p>Krom\u011b ji\u017e zm\u00edn\u011bn\u00fdch profes\u00ed jsou p\u0159i stavb\u011b lod\u00ed zapot\u0159eb\u00ed i dal\u0161\u00ed profese.<\/p>\n<ul>\n<li>Nap\u0159\u00edklad profese<span>\u00a0<\/span><strong>Hydrodynamici<\/strong><span>\u00a0<\/span>po\u017eadov\u00e1no. Zaji\u0161\u0165uje, aby byl tvar lodi optimalizov\u00e1n tak, aby se mohla p\u0159izp\u016fsobit proud\u011bn\u00ed vody. C\u00edlem je minimalizovat odpor vody a maximalizovat \u00fa\u010dinnost.<\/li>\n<li>Tak\u00e9<span>\u00a0<\/span><strong>Specialist\u00e9 na logistiku<\/strong><span>\u00a0<\/span>jsou pot\u0159eba ke stavb\u011b lodi. Zaji\u0161\u0165uj\u00ed, aby byl materi\u00e1l k dispozici. Staraj\u00ed se o pl\u00e1nov\u00e1n\u00ed a koordinaci n\u00e1kupu r\u016fzn\u00fdch materi\u00e1l\u016f pot\u0159ebn\u00fdch ke stavb\u011b lodi.<\/li>\n<\/ul>\n<p>Pot\u0159ebn\u00ed jsou tak\u00e9 mana\u017ee\u0159i \u0161kolen\u00ed a vzd\u011bl\u00e1v\u00e1n\u00ed. Ti zaji\u0161\u0165uj\u00ed pr\u016fb\u011b\u017en\u00e9 dal\u0161\u00ed vzd\u011bl\u00e1v\u00e1n\u00ed v\u0161ech zam\u011bstnanc\u016f. C\u00edlem je zajistit, aby zam\u011bstnanci znali nejnov\u011bj\u0161\u00ed technologie a dr\u017eeli krok s p\u0159edpisy. Jsou tak\u00e9 zodpov\u011bdn\u00ed za vzd\u011bl\u00e1v\u00e1n\u00ed nov\u00e9 generace kvalifikovan\u00fdch pracovn\u00edk\u016f.<\/p>\n<h2>Pro\u010d je ve stavb\u011b lod\u00ed nedostatek kvalifikovan\u00fdch pracovn\u00edk\u016f?<\/h2>\n<p>V posledn\u00edch letech se st\u00e1le v\u00edce ukazuje, \u017ee i v odv\u011btv\u00ed stavby lod\u00ed je st\u00e1le v\u011bt\u0161\u00ed nedostatek kvalifikovan\u00fdch pracovn\u00edch sil. D\u016fvodem tohoto nedostatku jsou nap\u0159\u00edklad demografick\u00e9 zm\u011bny. Krom\u011b toho jsou projekty stavby lod\u00ed st\u00e1le slo\u017eit\u011bj\u0161\u00ed a zvy\u0161uj\u00ed se po\u017eadavky na technologie \u0161etrn\u00e9 k \u017eivotn\u00edmu prost\u0159ed\u00ed. Pro star\u0161\u00ed generaci je nyn\u00ed velmi obt\u00ed\u017en\u00e9 dr\u017eet krok s r\u016fzn\u00fdmi po\u017eadavky. Bohu\u017eel je p\u0159\u00edli\u0161 m\u00e1lo nov\u00fdch pracovn\u00edk\u016f, kte\u0159\u00ed by mohli nastoupit.<\/p>\n<p>Stavba lod\u00ed je vysoce specializovan\u00e9 odv\u011btv\u00ed, kter\u00e9 vy\u017eaduje \u0161irokou \u0161k\u00e1lu kvalifikovan\u00fdch pracovn\u00edk\u016f pro zaji\u0161t\u011bn\u00ed stavby i \u00fadr\u017eby lod\u00ed. Kl\u00ed\u010dovou roli v tomto odv\u011btv\u00ed hraj\u00ed in\u017een\u00fd\u0159i, technici, pracovn\u00edci lod\u011bnic a konzultanti, p\u0159i\u010dem\u017e pot\u0159eba dob\u0159e vy\u0161kolen\u00fdch odborn\u00edk\u016f neust\u00e1le roste. Odv\u011btv\u00ed \u010del\u00ed v\u00fdzv\u011b, jak \u0159e\u0161it nedostatek kvalifikovan\u00fdch pracovn\u00edk\u016f a p\u0159il\u00e1kat nov\u00e9 talenty, kte\u0159\u00ed by splnili po\u017eadavky trhu.<\/p>\n<p>M\u016f\u017ee pomoci p\u0159il\u00e1kat nov\u00e9 zam\u011bstnance, kte\u0159\u00ed absolvuj\u00ed dal\u0161\u00ed \u0161kolen\u00ed. Krom\u011b toho se v sou\u010dasn\u00e9 dob\u011b objevuje tak\u00e9 tendence hledat vhodn\u00e9 zam\u011bstnance na mezin\u00e1rodn\u00edm trhu pr\u00e1ce.<\/p>\n<h2>\u010casto kladen\u00e9 ot\u00e1zky t\u00fdkaj\u00edc\u00ed se kvalifikovan\u00fdch pracovn\u00edk\u016f a slu\u017eeb v lodn\u00edm stavitelstv\u00ed<\/h2>\n<\/div><\/div><div class=\"w-separator size_small\"><\/div><div class=\"w-tabs style_default switch_click accordion type_togglable has_scrolling\" style=\"--sections-title-size:inherit\"><div class=\"w-tabs-sections titles-align_none icon_chevron cpos_right\"><div class=\"w-tabs-section\" id=\"qef3\" itemscope itemprop=\"mainEntity\" itemtype=\"https:\/\/schema.org\/Question\"><button class=\"w-tabs-section-header\" aria-controls=\"content-qef3\" aria-expanded=\"false\"><div class=\"w-tabs-section-title\" itemprop=\"name\">Kter\u00e9 sva\u0159ovac\u00ed procesy jsou p\u0159i stavb\u011b lod\u00ed obzvl\u00e1\u0161t\u011b d\u016fle\u017eit\u00e9?<\/div><div class=\"w-tabs-section-control\"><\/div><\/button><div  class=\"w-tabs-section-content\" id=\"content-qef3\" itemscope itemprop=\"acceptedAnswer\" itemtype=\"https:\/\/schema.org\/Answer\"><div class=\"w-tabs-section-content-h i-cf\" itemprop=\"text\"><div class=\"wpb_text_column\"><div class=\"wpb_wrapper\"><p>P\u0159i stavb\u011b lod\u00ed se pou\u017e\u00edv\u00e1 p\u0159edev\u0161\u00edm sva\u0159ov\u00e1n\u00ed metodou MAG (pro ocelov\u00e9 konstrukce), TIG (pro nerezovou ocel a hlin\u00edk) a sva\u0159ov\u00e1n\u00ed pod tavidlem (pro siln\u00e9 plechy v konstrukci trupu). Zvl\u00e1\u0161t\u011b \u017e\u00e1dan\u00ed jsou sv\u00e1\u0159e\u010di, kte\u0159\u00ed mohou pracovat v obt\u00ed\u017en\u00fdch poloh\u00e1ch a ve st\u00edsn\u011bn\u00fdch prostorech - obvykle pro opravy a \u00fadr\u017ebu v lod\u011bnici.<\/p>\n<\/div><\/div><\/div><\/div><\/div><div class=\"w-tabs-section\" id=\"pfcd\" itemscope itemprop=\"mainEntity\" itemtype=\"https:\/\/schema.org\/Question\"><button class=\"w-tabs-section-header\" aria-controls=\"content-pfcd\" aria-expanded=\"false\"><div class=\"w-tabs-section-title\" itemprop=\"name\">Jakou kvalifikaci pot\u0159ebuj\u00ed lodn\u00ed in\u017een\u00fd\u0159i z v\u00fdchodn\u00ed Evropy pro pr\u00e1ci v N\u011bmecku?<\/div><div class=\"w-tabs-section-control\"><\/div><\/button><div  class=\"w-tabs-section-content\" id=\"content-pfcd\" itemscope itemprop=\"acceptedAnswer\" itemtype=\"https:\/\/schema.org\/Answer\"><div class=\"w-tabs-section-content-h i-cf\" itemprop=\"text\"><div class=\"wpb_text_column\"><div class=\"wpb_wrapper\"><p>Lodn\u00ed in\u017een\u00fd\u0159i ze zem\u00ed EU mohou zpravidla vyu\u017e\u00edt sv\u00e9 kvalifikace p\u0159\u00edmo v N\u011bmecku. Kvalifikace ze t\u0159et\u00edch zem\u00ed mus\u00ed b\u00fdt uzn\u00e1na p\u0159\u00edslu\u0161nou komorou. D\u016fle\u017eit\u00fdm p\u0159edpokladem jsou praktick\u00e9 zku\u0161enosti v lod\u011bnic\u00edch a znalost n\u011bmeck\u00fdch a mezin\u00e1rodn\u00edch norem pro stavbu lod\u00ed (nap\u0159. klasifikace GL\/DNV).<\/p>\n<\/div><\/div><\/div><\/div><\/div><div class=\"w-tabs-section\" id=\"r09f\" itemscope itemprop=\"mainEntity\" itemtype=\"https:\/\/schema.org\/Question\"><button class=\"w-tabs-section-header\" aria-controls=\"content-r09f\" aria-expanded=\"false\"><div class=\"w-tabs-section-title\" itemprop=\"name\">Jak v\u00e1\u017en\u00fd je nedostatek kvalifikovan\u00e9 pracovn\u00ed s\u00edly v n\u011bmeck\u00e9m lo\u010fa\u0159stv\u00ed?<\/div><div class=\"w-tabs-section-control\"><\/div><\/button><div  class=\"w-tabs-section-content\" id=\"content-r09f\" itemscope itemprop=\"acceptedAnswer\" itemtype=\"https:\/\/schema.org\/Answer\"><div class=\"w-tabs-section-content-h i-cf\" itemprop=\"text\"><div class=\"wpb_text_column\"><div class=\"wpb_wrapper\"><p>N\u011bmecko pat\u0159\u00ed k p\u0159edn\u00edm evropsk\u00fdm lodn\u00edm stavitel\u016fm, ale stejn\u011b jako mnoho jin\u00fdch pr\u016fmyslov\u00fdch odv\u011btv\u00ed trp\u00ed v\u00fdrazn\u00fdm nedostatkem kvalifikovan\u00e9 pracovn\u00ed s\u00edly. Zvl\u00e1\u0161t\u011b posti\u017eeny jsou lod\u011bnice na Severn\u00edm a Baltsk\u00e9m mo\u0159i. Popt\u00e1vka po sv\u00e1\u0159e\u010d\u00edch, mont\u00e9rech, elektrik\u00e1\u0159\u00edch a strojn\u00edc\u00edch v\u00fdrazn\u011b p\u0159evy\u0161uje dostupnou dom\u00e1c\u00ed nab\u00eddku - struktur\u00e1ln\u00ed trend, kter\u00fd se je\u0161t\u011b zhor\u0161uje v d\u016fsledku demografick\u00fdch zm\u011bn.<\/p>\n<\/div><\/div><\/div><\/div><\/div><div class=\"w-tabs-section\" id=\"c16f\" itemscope itemprop=\"mainEntity\" itemtype=\"https:\/\/schema.org\/Question\"><button class=\"w-tabs-section-header\" aria-controls=\"content-c16f\" aria-expanded=\"false\"><div class=\"w-tabs-section-title\" itemprop=\"name\">M\u016f\u017ee Global Business Recruiting poskytnout specialisty speci\u00e1ln\u011b pro lod\u011bnice?<\/div><div class=\"w-tabs-section-control\"><\/div><\/button><div  class=\"w-tabs-section-content\" id=\"content-c16f\" itemscope itemprop=\"acceptedAnswer\" itemtype=\"https:\/\/schema.org\/Answer\"><div class=\"w-tabs-section-content-h i-cf\" itemprop=\"text\"><div class=\"wpb_text_column\"><div class=\"wpb_wrapper\"><p>Ano, spole\u010dnost Global Business Recruiting m\u00e1 dlouholet\u00e9 zku\u0161enosti se zprost\u0159edkov\u00e1n\u00edm pr\u00e1ce lodn\u00edm person\u00e1lu z v\u00fdchodn\u00ed Evropy - v\u010detn\u011b sv\u00e1\u0159e\u010d\u016f, mechanik\u016f, elektrik\u00e1\u0159\u016f a mont\u00e9r\u016f, kte\u0159\u00ed znaj\u00ed podm\u00ednky v lod\u011bnic\u00edch. V\u0161ichni zam\u011bstnanci hovo\u0159\u00ed n\u011bmecky a jsou p\u0159ipraveni k okam\u017eit\u00e9mu nasazen\u00ed.<\/p>\n<\/div><\/div><\/div><\/div><\/div><div class=\"w-tabs-section\" id=\"k26c\" itemscope itemprop=\"mainEntity\" itemtype=\"https:\/\/schema.org\/Question\"><button class=\"w-tabs-section-header\" aria-controls=\"content-k26c\" aria-expanded=\"false\"><div class=\"w-tabs-section-title\" itemprop=\"name\">Jak dlouho trv\u00e1, ne\u017e jsou um\u00edst\u011bn\u00ed specialist\u00e9 na stavbu lod\u00ed p\u0159ipraveni k pr\u00e1ci v lod\u011bnici?<\/div><div class=\"w-tabs-section-control\"><\/div><\/button><div  class=\"w-tabs-section-content\" id=\"content-k26c\" itemscope itemprop=\"acceptedAnswer\" itemtype=\"https:\/\/schema.org\/Answer\"><div class=\"w-tabs-section-content-h i-cf\" itemprop=\"text\"><div class=\"wpb_text_column\"><div class=\"wpb_wrapper\"><p>Kvalifikovan\u00ed specialist\u00e9 na stavbu lod\u00ed ze s\u00edt\u011b Global Business Recruiting mohou b\u00fdt zpravidla nasazeni v lod\u011bnici b\u011bhem jednoho a\u017e dvou t\u00fddn\u016f. V\u0161echny pot\u0159ebn\u00e9 dokumenty - certifik\u00e1ty A1, kvalifika\u010dn\u00ed osv\u011bd\u010den\u00ed, bezpe\u010dnostn\u00ed certifik\u00e1ty - jsou z\u00edsk\u00e1ny a zkontrolov\u00e1ny p\u0159edem.<\/p>\n<\/div><\/div><\/div><\/div><\/div><\/div><\/div><\/div><\/div><\/div><\/div><\/section>","protected":false},"excerpt":{"rendered":"Im\u00a0Schiffbau\u00a0gibt es viele verschiedene spezialisierte T\u00e4tigkeiten, die gefragt sind. Nicht ohne Grund ist die Industrie der Schifffahrt eine der \u00e4ltesten und gleichzeitig bedeutendsten auf der Welt. Mitarbeiter werden sowohl in der Konstruktion und Wartung als auch bei der Reparatur von Schiffen ben\u00f6tigt. Gerade im internationalen Handel und der globalen Logistik ist der Schiffbau sehr wichtig....","protected":false},"author":1,"featured_media":11151,"parent":9347,"menu_order":0,"comment_status":"closed","ping_status":"closed","template":"","meta":{"_acf_changed":false,"footnotes":""},"class_list":["post-9873","page","type-page","status-publish","has-post-thumbnail","hentry"],"acf":[],"_links":{"self":[{"href":"https:\/\/global-business-recruiting.de\/cs\/wp-json\/wp\/v2\/pages\/9873","targetHints":{"allow":["GET"]}}],"collection":[{"href":"https:\/\/global-business-recruiting.de\/cs\/wp-json\/wp\/v2\/pages"}],"about":[{"href":"https:\/\/global-business-recruiting.de\/cs\/wp-json\/wp\/v2\/types\/page"}],"author":[{"embeddable":true,"href":"https:\/\/global-business-recruiting.de\/cs\/wp-json\/wp\/v2\/users\/1"}],"replies":[{"embeddable":true,"href":"https:\/\/global-business-recruiting.de\/cs\/wp-json\/wp\/v2\/comments?post=9873"}],"version-history":[{"count":6,"href":"https:\/\/global-business-recruiting.de\/cs\/wp-json\/wp\/v2\/pages\/9873\/revisions"}],"predecessor-version":[{"id":11190,"href":"https:\/\/global-business-recruiting.de\/cs\/wp-json\/wp\/v2\/pages\/9873\/revisions\/11190"}],"up":[{"embeddable":true,"href":"https:\/\/global-business-recruiting.de\/cs\/wp-json\/wp\/v2\/pages\/9347"}],"wp:featuredmedia":[{"embeddable":true,"href":"https:\/\/global-business-recruiting.de\/cs\/wp-json\/wp\/v2\/media\/11151"}],"wp:attachment":[{"href":"https:\/\/global-business-recruiting.de\/cs\/wp-json\/wp\/v2\/media?parent=9873"}],"curies":[{"name":"wp","href":"https:\/\/api.w.org\/{rel}","templated":true}]}}