{"id":9881,"date":"2026-03-12T03:21:40","date_gmt":"2026-03-12T03:21:40","guid":{"rendered":"https:\/\/global-business-recruiting.de\/wissen\/die-verdeckte-zeitarbeit-im-internationalen-kontext-risiken-regelungen-und-herausforderungen\/"},"modified":"2026-03-29T13:08:36","modified_gmt":"2026-03-29T13:08:36","slug":"nemecke-lodenice","status":"publish","type":"page","link":"https:\/\/global-business-recruiting.de\/cs\/wissen\/deutscher-schiffbau-werften\/","title":{"rendered":"N\u011bmeck\u00e9 lo\u010fa\u0159stv\u00ed: typick\u00e9 lod\u011bnice na p\u0159\u00edkladu Meyer Werft a L\u00fcrssen"},"content":{"rendered":"<section class=\"l-section wpb_row height_custom\"><div class=\"l-section-h i-cf\"><div class=\"g-cols vc_row via_grid cols_1 laptops-cols_inherit tablets-cols_inherit mobiles-cols_1 valign_top type_default stacking_default\"><div class=\"wpb_column vc_column_container\"><div class=\"vc_column-inner\"><div class=\"wpb_text_column\"><div class=\"wpb_wrapper\"><p>N\u011bmeck\u00fd<span>\u00a0<\/span><a href=\"https:\/\/global-business-recruiting.de\/cs\/pobocky\/stavba-lodi\/\">Stavba lod\u00ed<\/a><span>\u00a0<\/span>se t\u011b\u0161\u00ed vynikaj\u00edc\u00ed pov\u011bsti po cel\u00e9m sv\u011bt\u011b. Modern\u00ed technologie, des\u00edtky let zku\u0161enost\u00ed a jasn\u00e1 specializace d\u011blaj\u00ed z n\u011bmeck\u00fdch lod\u011bnic vyhled\u00e1van\u00e9 partnery v mezin\u00e1rodn\u00ed stavb\u011b lod\u00ed. To je patrn\u00e9 zejm\u00e9na na dvou zn\u00e1m\u00fdch p\u0159\u00edkladech: Meyer Werft v Papenburgu a L\u00fcrssen Werft v Br\u00e9m\u00e1ch. Tyto lod\u011bnice jsou typick\u00fdmi p\u0159edstaviteli n\u011bmeck\u00fdch lod\u011bnic a ukazuj\u00ed, pro\u010d stavba lod\u00ed v N\u011bmecku hraje i dnes kl\u00ed\u010dovou roli.<\/p>\n<h2>N\u011bmeck\u00e9 lo\u010fa\u0159stv\u00ed: rozmanitost a specializace lod\u011bnic<\/h2>\n<p>V N\u011bmecku je velk\u00e9 mno\u017estv\u00ed lod\u011bnic - od mezin\u00e1rodn\u011b uzn\u00e1van\u00fdch velk\u00fdch spole\u010dnost\u00ed a\u017e po specializovan\u00e9 st\u0159edn\u011b velk\u00e9 podniky. Nezam\u011b\u0159uj\u00ed se na masovou v\u00fdrobu, ale na vysoce kvalitn\u00ed specializovan\u00e9 lod\u011b. Mezi typick\u00e9 slu\u017eby poskytovan\u00e9 n\u011bmeck\u00fdmi lod\u011bnicemi pat\u0159\u00ed<\/p>\n<ul>\n<li>Nov\u00e1 v\u00fdstavba obchodn\u00edch, specializovan\u00fdch a n\u00e1mo\u0159n\u00edch plavidel<\/li>\n<li>Opravy a \u00fadr\u017eba<\/li>\n<li>P\u0159estavby a modernizace st\u00e1vaj\u00edc\u00edch lod\u00ed<\/li>\n<\/ul>\n<p>Mnoho lod\u011bnic se z\u00e1m\u011brn\u011b zam\u011b\u0159uje na ur\u010dit\u00e9 typy lod\u00ed, jako jsou v\u00fdletn\u00ed lod\u011b, trajekty, jachty nebo n\u00e1mo\u0159n\u00ed plavidla. Tato specializace posiluje technick\u00e9 znalosti a zaji\u0161\u0165uje trvale vysokou kvalitu.<\/p>\n<h2>Typick\u00e1 infrastruktura n\u011bmeck\u00fdch lod\u011bnic<\/h2>\n<p>Modern\u00ed lod\u011bnice v N\u011bmecku m\u00e1 vysoce rozvinut\u00e9 vybaven\u00ed a p\u016fsobivou infrastrukturu. Mezi n\u011b pat\u0159\u00ed<\/p>\n<ul>\n<li>Velk\u00e9 v\u00fdrobn\u00ed haly<\/li>\n<li>Kryt\u00e9 such\u00e9 doky<\/li>\n<li>V\u00fdkonn\u00e9 je\u0159\u00e1bov\u00e9 syst\u00e9my<\/li>\n<li>Specializovan\u00e9 v\u00fdrobn\u00ed prostory pro speci\u00e1ln\u00ed technologie<\/li>\n<\/ul>\n<p>Dnes se stav\u00ed p\u0159ev\u00e1\u017en\u011b modul\u00e1rn\u011b. Lodn\u00ed komponenty jsou prefabrikov\u00e1ny a pak se skl\u00e1daj\u00ed dohromady jako ob\u0159\u00ed skl\u00e1da\u010dka. Tyto postupy umo\u017e\u0148uj\u00ed vysokou p\u0159esnost a efektivitu - a to i u lod\u00ed o hmotnosti des\u00edtek tis\u00edc tun.<\/p>\n<h2>Meyer Werft Papenburg - m\u011b\u0159\u00edtko pro stavbu modern\u00edch v\u00fdletn\u00edch lod\u00ed<\/h2>\n<p>Lod\u011bnice Meyer Werft v Papenburgu je jednou z nejv\u011bt\u0161\u00edch a nejmodern\u011bj\u0161\u00edch lod\u011bnic na sv\u011bt\u011b. Je zn\u00e1m\u00e1 zejm\u00e9na stavbou slo\u017eit\u00fdch v\u00fdletn\u00edch lod\u00ed a inovativn\u00edch specializovan\u00fdch plavidel.<\/p>\n<p>Jedine\u010dnou v\u00fdhodou jsou obrovsk\u00e9 kryt\u00e9 such\u00e9 doky, kter\u00e9 nemaj\u00ed ve sv\u011bt\u011b konkurenci. Chr\u00e1n\u00ed lod\u011b p\u0159ed pov\u011btrnostn\u00edmi vlivy ve f\u00e1zi v\u00fdstavby a umo\u017e\u0148uj\u00ed p\u0159esnou mont\u00e1\u017e citliv\u00fdch technick\u00fdch sou\u010d\u00e1st\u00ed.<\/p>\n<p>Dvousetlet\u00e1 historie lod\u011bnice ukazuje, \u017ee i tradi\u010dn\u00ed spole\u010dnosti mohou p\u0159ekon\u00e1vat v\u00fdzvy. Po finan\u010dn\u00edch pot\u00ed\u017e\u00edch byla spole\u010dnost Meyer Werft reorganizov\u00e1na - dnes je op\u011bt \u00fasp\u011b\u0161n\u011b etablov\u00e1na na trhu a je symbolem efektivity n\u011bmeck\u00e9ho lo\u010fa\u0159stv\u00ed.<\/p>\n<h3>Efektivn\u00ed stavebn\u00ed procesy d\u00edky kryt\u00fdm dok\u016fm<\/h3>\n<p>Kryt\u00e9 doky nejen zlep\u0161uj\u00ed pracovn\u00ed podm\u00ednky, ale tak\u00e9 minimalizuj\u00ed rizika. V\u00edtr, d\u00e9\u0161\u0165 nebo sn\u00edh ji\u017e nemohou ovlivnit stavbu.<\/p>\n<p>Dal\u0161\u00ed v\u00fdhodou je, \u017ee ji\u017e nen\u00ed nutn\u00e9 prov\u00e1d\u011bt klasick\u00fd proces spou\u0161t\u011bn\u00ed. M\u00edsto toho se dok zaplav\u00ed, dokud lo\u010f neplave. Tento proces je mnohem \u0161etrn\u011bj\u0161\u00ed ke konstrukci a v\u00fdrazn\u011b sni\u017euje technick\u00e1 rizika.<\/p>\n<h2>L\u00fcrssen Werft Bremen - Luxus na m\u00edru p\u0159i stavb\u011b jachet<\/h2>\n<p>Lod\u011bnice L\u00fcrssen v Br\u00e9m\u00e1ch-Vegesacku je sv\u011btovou jedni\u010dkou ve stavb\u011b super a mega jachet. Individualita je zde na prvn\u00edm m\u00edst\u011b. Ka\u017ed\u00e1 jachta je napl\u00e1nov\u00e1na a realizov\u00e1na p\u0159esn\u011b podle p\u0159\u00e1n\u00ed klienta.<\/p>\n<p>Typick\u00fdmi znaky lod\u011bnice L\u00fcrssen jsou<\/p>\n<ul>\n<li>Koncepty designu a technologi\u00ed na m\u00edru<\/li>\n<li>Modern\u00ed pohonn\u00e9 syst\u00e9my a dlouh\u00e9 dojezdov\u00e9 vzd\u00e1lenosti<\/li>\n<li>Luxusn\u00ed vybaven\u00ed do nejmen\u0161\u00edho detailu<\/li>\n<li>Vysoce kvalifikovan\u00ed in\u017een\u00fd\u0159i a \u0159emesln\u00edci<\/li>\n<\/ul>\n<p>L\u00fcrssen, rodinn\u00e1 spole\u010dnost \u010dtvrt\u00e9 generace, spojuje tradici s technickou dokonalost\u00ed a ur\u010duje sv\u011btov\u00e9 standardy ve stavb\u011b luxusn\u00edch jachet.<\/p>\n<h2>Z\u00e1v\u011br: Pro\u010d je n\u011bmeck\u00e1 lodn\u00ed v\u00fdroba \u017e\u00e1dan\u00e1 po cel\u00e9m sv\u011bt\u011b<\/h2>\n<p>N\u011bmeck\u00e9 lodn\u00ed stavitelstv\u00ed je synonymem kvality, inovac\u00ed a spolehlivosti. Typick\u00e9 lod\u011bnice, jako jsou Meyer Werft a L\u00fcrssen, ukazuj\u00ed, jak specializace, modern\u00ed infrastruktura a desetilet\u00ed zku\u0161enost\u00ed funguj\u00ed spole\u010dn\u011b.<\/p>\n<p>A\u0165 u\u017e se jedn\u00e1 o v\u00fdletn\u00ed lo\u010f, speci\u00e1ln\u00ed lo\u010f nebo luxusn\u00ed jachtu - n\u011bmeck\u00e9 lod\u011bnice nedod\u00e1vaj\u00ed s\u00e9riov\u011b vyr\u00e1b\u011bn\u00e9 zbo\u017e\u00ed, ale vysoce komplexn\u00ed \u0159e\u0161en\u00ed na m\u00edru. Pr\u00e1v\u011b to je \u010din\u00ed nepostradateln\u00fdmi pro n\u00e1mo\u0159n\u00ed pr\u016fmysl v budoucnosti.<\/p>\n<h2>Pot\u0159eba kvalifikovan\u00e9 pracovn\u00ed s\u00edly v n\u011bmeck\u00fdch lod\u011bnic\u00edch<\/h2>\n<p>Vysok\u00e9 standardy kvality a p\u0159esnosti, kter\u00e9 lod\u011bnice jako Meyer a L\u00fcrssen vy\u017eaduj\u00ed, vy\u017eaduj\u00ed vysoce kvalifikovan\u00e9 odborn\u00edky. P\u0159edev\u0161\u00edm<span>\u00a0<\/span><a href=\"https:\/\/global-business-recruiting.de\/cs\/profese\/schweisser\/\">Sv\u00e1\u0159e\u010d<\/a>, mont\u00e9\u0159i, elektrik\u00e1\u0159i, mechanici, lodn\u00ed in\u017een\u00fd\u0159i, stavbyvedouc\u00ed a kontrolo\u0159i kvality. Nedostatek kvalifikovan\u00e9 pracovn\u00ed s\u00edly se projevuje i v n\u011bmeck\u00fdch lod\u011bnic\u00edch - a \u0159e\u0161en\u00edm je st\u00e1le d\u016fle\u017eit\u011bj\u0161\u00ed n\u00e1bor pracovn\u00edk\u016f ze zahrani\u010d\u00ed, zejm\u00e9na z v\u00fdchodn\u00ed Evropy.<\/p>\n<p>V\u00edce o kvalifikovan\u00e9 pracovn\u00ed s\u00edle ve stavb\u011b lod\u00ed:<span>\u00a0<\/span><a href=\"https:\/\/global-business-recruiting.de\/cs\/znat\/sluzby-v-oblasti-stavby-lodi\/\">Slu\u017eby a kvalifikovan\u00e1 pracovn\u00ed s\u00edla p\u0159i stavb\u011b lod\u00ed<\/a>.<\/p>\n<h2>\u010casto kladen\u00e9 ot\u00e1zky o n\u011bmeck\u00fdch lod\u011bnic\u00edch a stavb\u011b lod\u00ed<\/h2>\n<\/div><\/div><div class=\"w-separator size_small\"><\/div><div class=\"w-tabs style_default switch_click accordion type_togglable has_scrolling\" style=\"--sections-title-size:inherit\"><div class=\"w-tabs-sections titles-align_none icon_chevron cpos_right\"><div class=\"w-tabs-section\" id=\"i809\" itemscope itemprop=\"mainEntity\" itemtype=\"https:\/\/schema.org\/Question\"><button class=\"w-tabs-section-header\" aria-controls=\"content-i809\" aria-expanded=\"false\"><div class=\"w-tabs-section-title\" itemprop=\"name\">V \u010dem je Meyer Werft tak v\u00fdjime\u010dn\u00e1 ve srovn\u00e1n\u00ed s jin\u00fdmi lod\u011bnicemi?<\/div><div class=\"w-tabs-section-control\"><\/div><\/button><div  class=\"w-tabs-section-content\" id=\"content-i809\" itemscope itemprop=\"acceptedAnswer\" itemtype=\"https:\/\/schema.org\/Answer\"><div class=\"w-tabs-section-content-h i-cf\" itemprop=\"text\"><div class=\"wpb_text_column\"><div class=\"wpb_wrapper\"><p>Spole\u010dnost Meyer Werft je zn\u00e1m\u00e1 p\u0159edev\u0161\u00edm sv\u00fdmi kryt\u00fdmi stavebn\u00edmi doky, kter\u00e9 jsou sv\u011btov\u00fdm unik\u00e1tem. Umo\u017e\u0148uj\u00ed celoro\u010dn\u00ed v\u00fdrobu bez ohledu na po\u010das\u00ed a chr\u00e1n\u00ed citliv\u00e9 high-tech komponenty v\u00fdletn\u00edch lod\u00ed. K tomu se p\u0159id\u00e1v\u00e1 modul\u00e1rn\u00ed konstrukce s maxim\u00e1ln\u00ed vertik\u00e1ln\u00ed integrac\u00ed ve vlastn\u00edch v\u00fdrobn\u00edch z\u00e1vodech spole\u010dnosti.<\/p>\n<\/div><\/div><\/div><\/div><\/div><div class=\"w-tabs-section\" id=\"v8df\" itemscope itemprop=\"mainEntity\" itemtype=\"https:\/\/schema.org\/Question\"><button class=\"w-tabs-section-header\" aria-controls=\"content-v8df\" aria-expanded=\"false\"><div class=\"w-tabs-section-title\" itemprop=\"name\">Jak\u00e9 lod\u011b stav\u00ed spole\u010dnost L\u00fcrssen krom\u011b jachet?<\/div><div class=\"w-tabs-section-control\"><\/div><\/button><div  class=\"w-tabs-section-content\" id=\"content-v8df\" itemscope itemprop=\"acceptedAnswer\" itemtype=\"https:\/\/schema.org\/Answer\"><div class=\"w-tabs-section-content-h i-cf\" itemprop=\"text\"><div class=\"wpb_text_column\"><div class=\"wpb_wrapper\"><p>Krom\u011b stavby jachet je spole\u010dnost L\u00fcrssen aktivn\u00ed tak\u00e9 v oblasti n\u00e1mo\u0159n\u00edch plavidel. Spole\u010dnost stav\u00ed hl\u00eddkov\u00e9 \u010dluny, korvety a dal\u0161\u00ed specializovan\u00e1 plavidla pro n\u00e1mo\u0159nictva po cel\u00e9m sv\u011bt\u011b. Tato dvoj\u00ed odbornost - stavba civiln\u00edch luxusn\u00edch lod\u00ed a vojensk\u00fdch n\u00e1mo\u0159n\u00edch plavidel - \u010din\u00ed ze spole\u010dnosti L\u00fcrssen jednu z nejuniverz\u00e1ln\u011bj\u0161\u00edch lod\u011bnic v N\u011bmecku.<\/p>\n<\/div><\/div><\/div><\/div><\/div><div class=\"w-tabs-section\" id=\"n9b1\" itemscope itemprop=\"mainEntity\" itemtype=\"https:\/\/schema.org\/Question\"><button class=\"w-tabs-section-header\" aria-controls=\"content-n9b1\" aria-expanded=\"false\"><div class=\"w-tabs-section-title\" itemprop=\"name\">Kolik je v N\u011bmecku lod\u011bnic?<\/div><div class=\"w-tabs-section-control\"><\/div><\/button><div  class=\"w-tabs-section-content\" id=\"content-n9b1\" itemscope itemprop=\"acceptedAnswer\" itemtype=\"https:\/\/schema.org\/Answer\"><div class=\"w-tabs-section-content-h i-cf\" itemprop=\"text\"><div class=\"wpb_text_column\"><div class=\"wpb_wrapper\"><p>N\u011bmecko m\u00e1 n\u011bkolik des\u00edtek aktivn\u00edch lod\u011bnic, kter\u00e9 se soust\u0159e\u010fuj\u00ed hlavn\u011b na pob\u0159e\u017e\u00ed Severn\u00edho a Baltsk\u00e9ho mo\u0159e a na \u0159ek\u00e1ch, jako jsou Vezera, Labe a R\u00fdn. Nejzn\u00e1m\u011bj\u0161\u00edmi m\u00edsty jsou Hamburk, Br\u00e9my, Kiel, Rostock, Papenburg a Flensburg. Krom\u011b velk\u00fdch lod\u011bnic zde p\u016fsob\u00ed \u0159ada specializovan\u00fdch st\u0159edn\u011b velk\u00fdch podnik\u016f.<\/p>\n<\/div><\/div><\/div><\/div><\/div><div class=\"w-tabs-section\" id=\"za81\" itemscope itemprop=\"mainEntity\" itemtype=\"https:\/\/schema.org\/Question\"><button class=\"w-tabs-section-header\" aria-controls=\"content-za81\" aria-expanded=\"false\"><div class=\"w-tabs-section-title\" itemprop=\"name\">Pro\u010d je stavba lod\u00ed pro N\u011bmecko tak hospod\u00e1\u0159sky d\u016fle\u017eit\u00e1?<\/div><div class=\"w-tabs-section-control\"><\/div><\/button><div  class=\"w-tabs-section-content\" id=\"content-za81\" itemscope itemprop=\"acceptedAnswer\" itemtype=\"https:\/\/schema.org\/Answer\"><div class=\"w-tabs-section-content-h i-cf\" itemprop=\"text\"><div class=\"wpb_text_column\"><div class=\"wpb_wrapper\"><p>N\u011bmeck\u00e1 lodn\u00ed v\u00fdroba je d\u016fle\u017eit\u00fdm pr\u016fmyslov\u00fdm a v\u00fdvozn\u00edm odv\u011btv\u00edm. P\u0159\u00edmo i nep\u0159\u00edmo zaji\u0161\u0165uje des\u00edtky tis\u00edc pracovn\u00edch m\u00edst, zejm\u00e9na ve struktur\u00e1ln\u011b slab\u00fdch pob\u0159e\u017en\u00edch regionech. N\u011bmeck\u00e9 lod\u011bnice jsou technologick\u00fdmi l\u00eddry ve specializovan\u00fdch oblastech, jako je stavba v\u00fdletn\u00edch lod\u00ed, n\u00e1mo\u0159n\u00edch plavidel a luxusn\u00edch jachet - s odpov\u00eddaj\u00edc\u00ed vysokou hodnotou v\u00fdvozu a mezin\u00e1rodn\u00ed reputac\u00ed.<\/p>\n<\/div><\/div><\/div><\/div><\/div><div class=\"w-tabs-section\" id=\"cb4c\" itemscope itemprop=\"mainEntity\" itemtype=\"https:\/\/schema.org\/Question\"><button class=\"w-tabs-section-header\" aria-controls=\"content-cb4c\" aria-expanded=\"false\"><div class=\"w-tabs-section-title\" itemprop=\"name\">Jak Global Business Recruiting podporuje lod\u011bnice p\u0159i hled\u00e1n\u00ed zam\u011bstnanc\u016f?<\/div><div class=\"w-tabs-section-control\"><\/div><\/button><div  class=\"w-tabs-section-content\" id=\"content-cb4c\" itemscope itemprop=\"acceptedAnswer\" itemtype=\"https:\/\/schema.org\/Answer\"><div class=\"w-tabs-section-content-h i-cf\" itemprop=\"text\"><div class=\"wpb_text_column\"><div class=\"wpb_wrapper\"><p>Global Business Recruiting umis\u0165uje kvalifikovan\u00e9 odborn\u00edky na stavbu lod\u00ed z v\u00fdchodn\u00ed Evropy - v\u010detn\u011b sv\u00e1\u0159e\u010d\u016f, mechanik\u016f, elektrik\u00e1\u0159\u016f a in\u017een\u00fdr\u016f se zku\u0161enostmi z lod\u011bnic. V\u0161ichni zam\u011bstnanci hovo\u0159\u00ed n\u011bmecky a maj\u00ed v\u0161echny pot\u0159ebn\u00e9 dokumenty. Obvykle jsou p\u0159ipraveni k nasazen\u00ed b\u011bhem jednoho a\u017e dvou t\u00fddn\u016f.<\/p>\n<\/div><\/div><\/div><\/div><\/div><\/div><\/div><\/div><\/div><\/div><\/div><\/section>","protected":false},"excerpt":{"rendered":"Der deutsche\u00a0Schiffbau\u00a0genie\u00dft weltweit einen exzellenten Ruf. Moderne Technik, jahrzehntelange Erfahrung und eine klare Spezialisierung machen deutsche Werften zu gefragten Partnern im internationalen Schiffbau. Besonders deutlich wird das an zwei bekannten Beispielen: der Meyer Werft in Papenburg und der L\u00fcrssen Werft in Bremen. Sie stehen stellvertretend f\u00fcr typische deutsche Werften und zeigen, warum der Schiffbau in...","protected":false},"author":1,"featured_media":11153,"parent":9347,"menu_order":0,"comment_status":"closed","ping_status":"closed","template":"","meta":{"_acf_changed":false,"footnotes":""},"class_list":["post-9881","page","type-page","status-publish","has-post-thumbnail","hentry"],"acf":[],"_links":{"self":[{"href":"https:\/\/global-business-recruiting.de\/cs\/wp-json\/wp\/v2\/pages\/9881","targetHints":{"allow":["GET"]}}],"collection":[{"href":"https:\/\/global-business-recruiting.de\/cs\/wp-json\/wp\/v2\/pages"}],"about":[{"href":"https:\/\/global-business-recruiting.de\/cs\/wp-json\/wp\/v2\/types\/page"}],"author":[{"embeddable":true,"href":"https:\/\/global-business-recruiting.de\/cs\/wp-json\/wp\/v2\/users\/1"}],"replies":[{"embeddable":true,"href":"https:\/\/global-business-recruiting.de\/cs\/wp-json\/wp\/v2\/comments?post=9881"}],"version-history":[{"count":6,"href":"https:\/\/global-business-recruiting.de\/cs\/wp-json\/wp\/v2\/pages\/9881\/revisions"}],"predecessor-version":[{"id":11188,"href":"https:\/\/global-business-recruiting.de\/cs\/wp-json\/wp\/v2\/pages\/9881\/revisions\/11188"}],"up":[{"embeddable":true,"href":"https:\/\/global-business-recruiting.de\/cs\/wp-json\/wp\/v2\/pages\/9347"}],"wp:featuredmedia":[{"embeddable":true,"href":"https:\/\/global-business-recruiting.de\/cs\/wp-json\/wp\/v2\/media\/11153"}],"wp:attachment":[{"href":"https:\/\/global-business-recruiting.de\/cs\/wp-json\/wp\/v2\/media?parent=9881"}],"curies":[{"name":"wp","href":"https:\/\/api.w.org\/{rel}","templated":true}]}}