{"id":9885,"date":"2026-03-12T03:43:30","date_gmt":"2026-03-12T03:43:30","guid":{"rendered":"https:\/\/global-business-recruiting.de\/wissen\/deutscher-schiffbau-typische-werften-am-beispiel-der-meyer-werft-und-luerssen\/"},"modified":"2026-03-29T13:09:22","modified_gmt":"2026-03-29T13:09:22","slug":"bezpecna-konstrukce-pracovnich-smluv","status":"publish","type":"page","link":"https:\/\/global-business-recruiting.de\/cs\/wissen\/werkvertraege-sicher-gestalten\/","title":{"rendered":"Smlouvy o d\u00edlo a slu\u017eb\u00e1ch v souladu s pr\u00e1vn\u00edmi p\u0159edpisy - na co byste m\u011bli p\u0159i jejich uzav\u00edr\u00e1n\u00ed pamatovat"},"content":{"rendered":"<section class=\"l-section wpb_row height_custom\"><div class=\"l-section-h i-cf\"><div class=\"g-cols vc_row via_grid cols_1 laptops-cols_inherit tablets-cols_inherit mobiles-cols_1 valign_top type_default stacking_default\"><div class=\"wpb_column vc_column_container\"><div class=\"vc_column-inner\"><div class=\"wpb_text_column\"><div class=\"wpb_wrapper\"><p>Pokud jsou zak\u00e1zky zad\u00e1v\u00e1ny extern\u00edm spole\u010dnostem, d\u011bje se tak \u010dasto na z\u00e1klad\u011b smlouvy o d\u00edlo a pracovn\u00ed smlouv\u011b. Tento smluvn\u00ed model upravuje vz\u00e1jemn\u00e9 povinnosti mezi objednatelem (z\u00e1kazn\u00edkem) a zhotovitelem (dodavatelem) - od poskytov\u00e1n\u00ed slu\u017eeb a odm\u011bny a\u017e po pr\u00e1va na p\u0159evzet\u00ed a z\u00e1ruku. Pokud chcete smlouvy o d\u00edlo a o slu\u017eb\u00e1ch sepisovat s pr\u00e1vn\u00ed jistotou, m\u011bli byste zn\u00e1t z\u00e1kladn\u00ed pr\u00e1vn\u00ed z\u00e1sady a typick\u00e1 \u00faskal\u00ed.<\/p>\n<h2>Jak\u00e9 jsou povinnosti obou smluvn\u00edch stran?<\/h2>\n<p>Zhotovitel je povinen zhotovit ur\u010dit\u00e9 d\u00edlo nebo dos\u00e1hnout ur\u010dit\u00e9ho v\u00fdsledku d\u00edla ve smluvn\u011b dohodnut\u00e9m term\u00ednu. Tato povinnost dos\u00e1hnout \u00fasp\u011bchu z\u00e1sadn\u011b odli\u0161uje smlouvu o d\u00edlo od smlouvy o poskytov\u00e1n\u00ed slu\u017eeb, kde je dlu\u017en\u00e1 pouze \u010dinnost.<\/p>\n<p>Pr\u00e1vn\u00edm z\u00e1kladem je \u00a7 631 BGB:<\/p>\n<blockquote>\n<p><strong>\u00a7 631 BGB<\/strong><\/p>\n<p>(1) Podle smlouvy o d\u00edlo a slu\u017eb\u00e1ch je zhotovitel povinen zhotovit sl\u00edben\u00e9 d\u00edlo a objednatel je povinen zaplatit dohodnutou odm\u011bnu.<\/p>\n<p>(2) P\u0159edm\u011btem smlouvy o d\u00edlo a o poskytov\u00e1n\u00ed slu\u017eeb m\u016f\u017ee b\u00fdt jak zhotoven\u00ed nebo \u00faprava v\u011bci, tak i jin\u00fd v\u00fdsledek, kter\u00fd m\u00e1 b\u00fdt dosa\u017een prac\u00ed nebo slu\u017ebou.<\/p>\n<\/blockquote>\n<p>Objednatel je ze sv\u00e9 strany povinen zaplatit a p\u0159evz\u00edt d\u00edlo. Krom\u011b toho je povinen spolupracovat na tom, aby d\u00edlo mohlo b\u00fdt zhotoveno. P\u0159evzet\u00ed je rovn\u011b\u017e p\u0159edpokladem pro vznik n\u00e1roku zhotovitele na odm\u011bnu.<\/p>\n<h2>Jak\u00e1 pr\u00e1va ze z\u00e1ruky m\u00e1 klient?<\/h2>\n<p>Pokud m\u00e1 p\u0159evzat\u00e9 d\u00edlo vady, m\u00e1 objednatel n\u00e1rok na z\u00e1konn\u00e1 pr\u00e1va. Za prv\u00e9 m\u016f\u017ee po\u017eadovat po zhotoviteli dodate\u010dn\u00e9 pln\u011bn\u00ed (\u00a7 635 BGB). Pokud zhotovitel n\u00e1sledn\u00e9 pln\u011bn\u00ed neopr\u00e1vn\u011bn\u011b odm\u00edtne, m\u016f\u017ee objednatel vadu odstranit s\u00e1m a po\u017eadovat \u00fahradu n\u00e1klad\u016f - tzv. autoremedura podle \u00a7 637 BGB. Krom\u011b toho m\u00e1 objednatel pr\u00e1vo odstoupit od smlouvy nebo sn\u00ed\u017eit odm\u011bnu (\u00a7 638 BGB) a za ur\u010dit\u00fdch podm\u00ednek i n\u00e1rok na n\u00e1hradu \u0161kody, pokud byla stanovena p\u0159im\u011b\u0159en\u00e1 lh\u016fta pro pln\u011bn\u00ed nebo n\u00e1sledn\u00e9 pln\u011bn\u00ed bez \u00fasp\u011bchu.<\/p>\n<h2>Co by m\u011bla obsahovat smlouva o d\u00edlo?<\/h2>\n<p>Z\u00e1kon nep\u0159edepisuje konkr\u00e9tn\u00ed formu, ale v\u017edy se doporu\u010duje p\u00edsemn\u00e1 dohoda. Pro pr\u00e1vn\u00ed jistotu by smlouva o d\u00edlo m\u011bla obsahovat alespo\u0148 n\u00e1sleduj\u00edc\u00ed informace:<\/p>\n<ul>\n<li>N\u00e1zev a adresa obou smluvn\u00edch stran<\/li>\n<li>Konkr\u00e9tn\u00ed popis prac\u00ed, kter\u00e9 maj\u00ed b\u00fdt dod\u00e1ny<\/li>\n<li>Upozor\u0148ujeme, \u017ee zhotovitel prov\u00e1d\u00ed zak\u00e1zku na vlastn\u00ed odpov\u011bdnost.<\/li>\n<li>Doba pln\u011bn\u00ed, term\u00edny dod\u00e1n\u00ed a p\u0159\u00edpadn\u011b pr\u016fb\u011b\u017en\u00e9 term\u00edny p\u0159evzet\u00ed<\/li>\n<li>Typ a zp\u016fsob p\u0159ijet\u00ed<\/li>\n<li>Dohoda o odm\u011bn\u011b (odm\u011bna za pr\u00e1ci)<\/li>\n<li>Zp\u016fsoby platby<\/li>\n<li>P\u0159\u00edpadn\u011b dohoda o pr\u00e1vech na u\u017e\u00edv\u00e1n\u00ed<\/li>\n<\/ul>\n<h2>Jak je dodavatel odm\u011b\u0148ov\u00e1n?<\/h2>\n<p>Existuj\u00ed r\u016fzn\u00e9 modely odm\u011b\u0148ov\u00e1n\u00ed. V \u00favahu p\u0159ich\u00e1z\u00ed pau\u0161\u00e1ln\u00ed odm\u011bna za zhotoven\u00ed d\u00edla nebo fakturace na z\u00e1klad\u011b hodinov\u00e9 mzdy. V souladu s \u00a7 632a BGB m\u016f\u017ee zhotovitel po objednateli po\u017eadovat tak\u00e9 spl\u00e1tky.<\/p>\n<p>P\u0159i \u00fa\u010dtov\u00e1n\u00ed po hodin\u00e1ch vyvst\u00e1v\u00e1 ot\u00e1zka, jak p\u0159esn\u011b mus\u00ed zhotovitel svou pr\u00e1ci zdokumentovat. Spolkov\u00fd soudn\u00ed dv\u016fr tuto ot\u00e1zku vyjasnil (rozhodnut\u00ed BGH ze dne 1. \u00fanora 2023, sp. zn. VII ZR 882\/21): V p\u0159\u00edpad\u011b hodinov\u011b placen\u00e9 pr\u00e1ce mus\u00ed spole\u010dnost pouze uv\u00e9st, kolik hodin bylo vynalo\u017eeno na poskytnut\u00ed smluvn\u00edch slu\u017eeb a v jak\u00e9 hodinov\u00e9 sazb\u011b. Rozpis podle \u010dasov\u00fdch \u00fasek\u016f nebo p\u0159esn\u00fdch \u010dinnost\u00ed nen\u00ed povinn\u00fd - pokud se na tom smluvn\u00ed strany v\u00fdslovn\u011b nedohodly.<\/p>\n<div><strong>D\u016fle\u017eit\u00e1 v\u00fdjimka:<\/strong><span>\u00a0<\/span>Dal\u0161\u00ed povinnosti p\u0159edlo\u017eit d\u016fkazy o hodinov\u00e9 placen\u00e9 pr\u00e1ci se vztahuj\u00ed v souladu s.<span>\u00a0<\/span><strong>\u00a7 15 odst. 3 VOB\/B v souvislosti s prov\u00e1d\u011bn\u00edm stavebn\u00edch prac\u00ed<\/strong>.<\/div>\n<h2>Lze zru\u0161it smlouvu o d\u00edlo?<\/h2>\n<p>Ano - v souladu s \u00a7 648 n\u011bmeck\u00e9ho ob\u010dansk\u00e9ho z\u00e1kon\u00edku (BGB) m\u016f\u017ee objednatel smlouvu o d\u00edlo vypov\u011bd\u011bt kdykoli a\u017e do dokon\u010den\u00ed d\u00edla, ani\u017e by k tomu pot\u0159eboval z\u00e1va\u017en\u00fd d\u016fvod. V takov\u00e9m p\u0159\u00edpad\u011b je zhotovitel i nad\u00e1le opr\u00e1vn\u011bn po\u017eadovat sjednanou odm\u011bnu; mus\u00ed v\u0161ak zohlednit ve\u0161ker\u00e9 u\u0161et\u0159en\u00e9 n\u00e1klady a p\u0159\u00edjmy z\u00edskan\u00e9 jinde.<\/p>\n<p>Ob\u011b smluvn\u00ed strany mohou rovn\u011b\u017e vypov\u011bd\u011bt smlouvu o d\u00edlo a slu\u017eb\u00e1ch z dobr\u00e9ho d\u016fvodu podle \u00a7 648a odst. 1 ob\u010dansk\u00e9ho z\u00e1kon\u00edku. O z\u00e1va\u017en\u00fd d\u016fvod se jedn\u00e1 tehdy, pokud od jedn\u00e9 smluvn\u00ed strany nelze rozumn\u011b o\u010dek\u00e1vat, \u017ee bude pokra\u010dovat ve smluvn\u00edm vztahu a\u017e do dokon\u010den\u00ed d\u00edla, a to s p\u0159ihl\u00e9dnut\u00edm ke v\u0161em okolnostem a p\u0159i zv\u00e1\u017een\u00ed z\u00e1jm\u016f obou stran.<\/p>\n<h2>Rozli\u0161en\u00ed: smlouva o d\u00edlo vs. smlouva o poskytov\u00e1n\u00ed slu\u017eeb vs. do\u010dasn\u00e1 pr\u00e1ce<\/h2>\n<p>Rozd\u00edl mezi t\u011bmito formami smluv je pr\u00e1vn\u011b v\u00fdznamn\u00fd, zejm\u00e9na pokud jde o fiktivn\u00ed samostatnou v\u00fdd\u011ble\u010dnou \u010dinnost a skryt\u00e9 do\u010dasn\u00e9 zam\u011bstn\u00e1n\u00ed.<\/p>\n<p>Na<span>\u00a0<\/span><strong>Smlouva o poskytov\u00e1n\u00ed slu\u017eeb<\/strong><span>\u00a0<\/span>dodavatel dlu\u017e\u00ed \u010dinnost, nikoliv \u00fasp\u011bch. Konkr\u00e9tn\u00ed v\u00fdsledek se nedlu\u017e\u00ed. Typick\u00fdm p\u0159\u00edkladem je pracovn\u00ed smlouva, mand\u00e1tn\u00ed smlouva s advok\u00e1tem nebo smlouva o poradenstv\u00ed.<\/p>\n<p>Na<span>\u00a0<\/span><strong>Smlouva o d\u00edlo<\/strong><span>\u00a0<\/span>Na druh\u00e9 stran\u011b se jedn\u00e1 o dva nez\u00e1visl\u00e9 smluvn\u00ed partnery. Objednatel nem\u00e1 pr\u00e1vo vyd\u00e1vat pokyny zam\u011bstnanc\u016fm zhotovitele, a to ani v dob\u011b, kdy pracuj\u00ed v prostor\u00e1ch objednatele.<\/p>\n<p><strong>Do\u010dasn\u00e9 zam\u011bstn\u00e1n\u00ed (pron\u00e1jem pracovn\u00ed s\u00edly)<\/strong><span>\u00a0<\/span>se vyzna\u010duje troj\u00faheln\u00edkov\u00fdm vztahem mezi agenturou do\u010dasn\u00e9ho zam\u011bstn\u00e1v\u00e1n\u00ed (p\u016fj\u010dovatelem), n\u00e1jemcem a do\u010dasn\u00fdm pracovn\u00edkem. N\u00e1jemce m\u00e1 pr\u00e1vo vyd\u00e1vat do\u010dasn\u00e9mu pracovn\u00edkovi pokyny, zat\u00edmco agentura do\u010dasn\u00e9ho zam\u011bstn\u00e1v\u00e1n\u00ed z\u016fst\u00e1v\u00e1 smluvn\u00edm zam\u011bstnavatelem. P\u0159id\u011blen\u00ed se uskute\u010d\u0148uje v r\u00e1mci smlouvy o p\u0159id\u011blen\u00ed v souladu s A\u00dcG.<\/p>\n<p>V\u00edce o diferenciaci si m\u016f\u017eete p\u0159e\u010d\u00edst v na\u0161em \u010dl\u00e1nku.<span>\u00a0<\/span><a href=\"https:\/\/global-business-recruiting.de\/cs\/znat\/smlouva-o-poskytovani-sluzeb-vs-smlouva-o-dilo\/\">Smlouva o poskytov\u00e1n\u00ed slu\u017eeb vs. smlouva o d\u00edlo<\/a><span>\u00a0<\/span>a na<span>\u00a0<\/span><a href=\"https:\/\/global-business-recruiting.de\/cs\/znat\/pronajem-pracovni-sily-vs-subdodavky\/\">Do\u010dasn\u00e9 zam\u011bstn\u00e1n\u00ed vs. subdod\u00e1vky<\/a>.<\/p>\n<h2>Smlouvy o d\u00edlo a pracovn\u00ed s\u00edle se subdodavateli z v\u00fdchodn\u00ed Evropy<\/h2>\n<p>M\u00e1te velkou zak\u00e1zku, kterou nechcete \u0159e\u0161it samostatn\u011b nebo p\u0159\u00edmo prost\u0159ednictv\u00edm v\u00fdchodoevropsk\u00e9ho subdodavatele? Spole\u010dnost Global Business Recruiting jako mezin\u00e1rodn\u00ed poskytovatel person\u00e1ln\u00edch slu\u017eeb v\u00e1s podporuje p\u0159i sestavov\u00e1n\u00ed a organizaci smluv o d\u00edlo a slu\u017eb\u00e1ch v souladu s pr\u00e1vn\u00edmi p\u0159edpisy. Jsme obezn\u00e1meni s pr\u00e1vn\u00edmi p\u0159edpisy v partnersk\u00fdch zem\u00edch a m\u016f\u017eeme v\u00e1m poradit s jasn\u011b definovan\u00fdmi strukturami smluv.<\/p>\n<h2>\u010casto kladen\u00e9 ot\u00e1zky o smlouv\u00e1ch o d\u00edlo a pracovn\u00edch smlouv\u00e1ch v souladu s pr\u00e1vn\u00edmi p\u0159edpisy<\/h2>\n<\/div><\/div><div class=\"w-separator size_small\"><\/div><div class=\"w-tabs style_default switch_click accordion type_togglable has_scrolling\" style=\"--sections-title-size:inherit\"><div class=\"w-tabs-sections titles-align_none icon_chevron cpos_right\"><div class=\"w-tabs-section\" id=\"va44\" itemscope itemprop=\"mainEntity\" itemtype=\"https:\/\/schema.org\/Question\"><button class=\"w-tabs-section-header\" aria-controls=\"content-va44\" aria-expanded=\"false\"><div class=\"w-tabs-section-title\" itemprop=\"name\">Mus\u00ed b\u00fdt smlouva o d\u00edlo uzav\u0159ena p\u00edsemn\u011b?<\/div><div class=\"w-tabs-section-control\"><\/div><\/button><div  class=\"w-tabs-section-content\" id=\"content-va44\" itemscope itemprop=\"acceptedAnswer\" itemtype=\"https:\/\/schema.org\/Answer\"><div class=\"w-tabs-section-content-h i-cf\" itemprop=\"text\"><div class=\"wpb_text_column\"><div class=\"wpb_wrapper\"><p>Neexistuje \u017e\u00e1dn\u00fd z\u00e1konn\u00fd po\u017eadavek na p\u00edsemnou formu. Z d\u016fvodu pr\u00e1vn\u00ed jistoty a prokazatelnosti se v\u0161ak v\u017edy doporu\u010duje p\u00edsemn\u00e1 smlouva, kter\u00e1 jasn\u011b upravuje v\u0161echny podstatn\u00e9 body smlouvy - popis slu\u017eby, odm\u011bnu, zp\u016fsoby p\u0159ijet\u00ed.<\/p>\n<\/div><\/div><\/div><\/div><\/div><div class=\"w-tabs-section\" id=\"kb3a\" itemscope itemprop=\"mainEntity\" itemtype=\"https:\/\/schema.org\/Question\"><button class=\"w-tabs-section-header\" aria-controls=\"content-kb3a\" aria-expanded=\"false\"><div class=\"w-tabs-section-title\" itemprop=\"name\">Co se stane, pokud zhotovitel dod\u00e1 vadnou pr\u00e1ci?<\/div><div class=\"w-tabs-section-control\"><\/div><\/button><div  class=\"w-tabs-section-content\" id=\"content-kb3a\" itemscope itemprop=\"acceptedAnswer\" itemtype=\"https:\/\/schema.org\/Answer\"><div class=\"w-tabs-section-content-h i-cf\" itemprop=\"text\"><div class=\"wpb_text_column\"><div class=\"wpb_wrapper\"><p>Objednatel m\u00e1 zpo\u010d\u00e1tku pr\u00e1vo na dodate\u010dn\u00e9 pln\u011bn\u00ed (\u00a7 635 ob\u010dansk\u00e9ho z\u00e1kon\u00edku). Pokud tak zhotovitel odm\u00edtne u\u010dinit, m\u016f\u017ee objednatel odstranit vadu s\u00e1m a po\u017eadovat n\u00e1hradu n\u00e1klad\u016f (\u00a7 637 BGB), odstoupit od smlouvy nebo sn\u00ed\u017eit odm\u011bnu (\u00a7 638 BGB). Za ur\u010dit\u00fdch okolnost\u00ed je mo\u017en\u00e1 i n\u00e1hrada \u0161kody.<\/p>\n<\/div><\/div><\/div><\/div><\/div><div class=\"w-tabs-section\" id=\"dc05\" itemscope itemprop=\"mainEntity\" itemtype=\"https:\/\/schema.org\/Question\"><button class=\"w-tabs-section-header\" aria-controls=\"content-dc05\" aria-expanded=\"false\"><div class=\"w-tabs-section-title\" itemprop=\"name\">M\u016f\u017ee klient kdykoli vypov\u011bd\u011bt smlouvu o d\u00edlo?<\/div><div class=\"w-tabs-section-control\"><\/div><\/button><div  class=\"w-tabs-section-content\" id=\"content-dc05\" itemscope itemprop=\"acceptedAnswer\" itemtype=\"https:\/\/schema.org\/Answer\"><div class=\"w-tabs-section-content-h i-cf\" itemprop=\"text\"><div class=\"wpb_text_column\"><div class=\"wpb_wrapper\"><p>Ano - v souladu s \u00a7 648 n\u011bmeck\u00e9ho ob\u010dansk\u00e9ho z\u00e1kon\u00edku (BGB) m\u016f\u017ee objednatel smlouvu o d\u00edlo kdykoli bez z\u00e1va\u017en\u00e9ho d\u016fvodu vypov\u011bd\u011bt, a to a\u017e do dokon\u010den\u00ed d\u00edla. V takov\u00e9m p\u0159\u00edpad\u011b z\u016fst\u00e1v\u00e1 zhotoviteli zachov\u00e1n n\u00e1rok na odm\u011bnu, mus\u00ed v\u0161ak zohlednit ve\u0161ker\u00e9 u\u0161et\u0159en\u00e9 n\u00e1klady a jin\u00e9 p\u0159\u00edjmy.<\/p>\n<\/div><\/div><\/div><\/div><\/div><div class=\"w-tabs-section\" id=\"mccf\" itemscope itemprop=\"mainEntity\" itemtype=\"https:\/\/schema.org\/Question\"><button class=\"w-tabs-section-header\" aria-controls=\"content-mccf\" aria-expanded=\"false\"><div class=\"w-tabs-section-title\" itemprop=\"name\">Jak\u00fd je rozd\u00edl mezi smlouvou o d\u00edlo a smlouvou o poskytov\u00e1n\u00ed slu\u017eeb?<\/div><div class=\"w-tabs-section-control\"><\/div><\/button><div  class=\"w-tabs-section-content\" id=\"content-mccf\" itemscope itemprop=\"acceptedAnswer\" itemtype=\"https:\/\/schema.org\/Answer\"><div class=\"w-tabs-section-content-h i-cf\" itemprop=\"text\"><div class=\"wpb_text_column\"><div class=\"wpb_wrapper\"><p>Rozhoduj\u00edc\u00ed rozd\u00edl spo\u010d\u00edv\u00e1 v p\u0159edm\u011btu dlu\u017en\u00e9ho pln\u011bn\u00ed: v p\u0159\u00edpad\u011b smlouvy o d\u00edlo je dlu\u017en\u00fd konkr\u00e9tn\u00ed v\u00fdsledek (hotov\u00e9 d\u00edlo), zat\u00edmco v p\u0159\u00edpad\u011b smlouvy o poskytov\u00e1n\u00ed slu\u017eeb je dlu\u017en\u00fd pouze v\u00fdkon \u010dinnosti bez zaru\u010den\u00e9ho v\u00fdsledku. To je pr\u00e1vn\u011b v\u00fdznamn\u00e9 pro ot\u00e1zky odpov\u011bdnosti a fiktivn\u00ed samostatn\u00e9 v\u00fdd\u011ble\u010dn\u00e9 \u010dinnosti.<\/p>\n<\/div><\/div><\/div><\/div><\/div><div class=\"w-tabs-section\" id=\"dd97\" itemscope itemprop=\"mainEntity\" itemtype=\"https:\/\/schema.org\/Question\"><button class=\"w-tabs-section-header\" aria-controls=\"content-dd97\" aria-expanded=\"false\"><div class=\"w-tabs-section-title\" itemprop=\"name\">M\u016f\u017ee objednatel vyd\u00e1vat pokyny zam\u011bstnanc\u016fm zhotovitele?<\/div><div class=\"w-tabs-section-control\"><\/div><\/button><div  class=\"w-tabs-section-content\" id=\"content-dd97\" itemscope itemprop=\"acceptedAnswer\" itemtype=\"https:\/\/schema.org\/Answer\"><div class=\"w-tabs-section-content-h i-cf\" itemprop=\"text\"><div class=\"wpb_text_column\"><div class=\"wpb_wrapper\"><p>Ne - v p\u0159\u00edpad\u011b skute\u010dn\u00e9 smlouvy o d\u00edlo nem\u00e1 objednatel pr\u00e1vo vyd\u00e1vat pokyny zam\u011bstnanc\u016fm zhotovitele. Pokud p\u0159esto v praxi existuje vztah pokyn\u016f, lze jej kvalifikovat jako skryt\u00fd pron\u00e1jem zam\u011bstnanc\u016f, kter\u00fd m\u00e1 zna\u010dn\u00e9 pr\u00e1vn\u00ed d\u016fsledky.<\/p>\n<\/div><\/div><\/div><\/div><\/div><\/div><\/div><\/div><\/div><\/div><\/div><\/section>","protected":false},"excerpt":{"rendered":"Wenn Auftr\u00e4ge an Fremdfirmen vergeben werden, geschieht dies oft auf Basis eines Werkvertrags. Dieses Vertragsmodell regelt die wechselseitigen Pflichten zwischen Auftraggeber (Besteller) und Auftragnehmer (Werkunternehmer) \u2013 von der Leistungserbringung \u00fcber die Verg\u00fctung bis hin zur Abnahme und zu M\u00e4ngelrechten. Wer Werkvertr\u00e4ge rechtssicher gestalten will, sollte die wesentlichen gesetzlichen Grundlagen sowie die typischen Fallstricke kennen. Was...","protected":false},"author":1,"featured_media":10612,"parent":9347,"menu_order":0,"comment_status":"closed","ping_status":"closed","template":"","meta":{"_acf_changed":false,"footnotes":""},"class_list":["post-9885","page","type-page","status-publish","has-post-thumbnail","hentry"],"acf":[],"_links":{"self":[{"href":"https:\/\/global-business-recruiting.de\/cs\/wp-json\/wp\/v2\/pages\/9885","targetHints":{"allow":["GET"]}}],"collection":[{"href":"https:\/\/global-business-recruiting.de\/cs\/wp-json\/wp\/v2\/pages"}],"about":[{"href":"https:\/\/global-business-recruiting.de\/cs\/wp-json\/wp\/v2\/types\/page"}],"author":[{"embeddable":true,"href":"https:\/\/global-business-recruiting.de\/cs\/wp-json\/wp\/v2\/users\/1"}],"replies":[{"embeddable":true,"href":"https:\/\/global-business-recruiting.de\/cs\/wp-json\/wp\/v2\/comments?post=9885"}],"version-history":[{"count":6,"href":"https:\/\/global-business-recruiting.de\/cs\/wp-json\/wp\/v2\/pages\/9885\/revisions"}],"predecessor-version":[{"id":11187,"href":"https:\/\/global-business-recruiting.de\/cs\/wp-json\/wp\/v2\/pages\/9885\/revisions\/11187"}],"up":[{"embeddable":true,"href":"https:\/\/global-business-recruiting.de\/cs\/wp-json\/wp\/v2\/pages\/9347"}],"wp:featuredmedia":[{"embeddable":true,"href":"https:\/\/global-business-recruiting.de\/cs\/wp-json\/wp\/v2\/media\/10612"}],"wp:attachment":[{"href":"https:\/\/global-business-recruiting.de\/cs\/wp-json\/wp\/v2\/media?parent=9885"}],"curies":[{"name":"wp","href":"https:\/\/api.w.org\/{rel}","templated":true}]}}