{"id":9889,"date":"2026-03-12T04:23:19","date_gmt":"2026-03-12T04:23:19","guid":{"rendered":"https:\/\/global-business-recruiting.de\/wissen\/rechtssichere-werkvertraege-was-sie-beim-abschluss-beachten-sollten\/"},"modified":"2026-03-29T13:10:09","modified_gmt":"2026-03-29T13:10:09","slug":"plat-elektrikare-dalsi-vzdelavani","status":"publish","type":"page","link":"https:\/\/global-business-recruiting.de\/cs\/wissen\/elektriker-ausbildung-gehalt-weiterbildung\/","title":{"rendered":"Elektrik\u00e1\u0159 - \u0161kolen\u00ed, plat a dal\u0161\u00ed vzd\u011bl\u00e1v\u00e1n\u00ed"},"content":{"rendered":"<section class=\"l-section wpb_row height_custom\"><div class=\"l-section-h i-cf\"><div class=\"g-cols vc_row via_grid cols_1 laptops-cols_inherit tablets-cols_inherit mobiles-cols_1 valign_top type_default stacking_default\"><div class=\"wpb_column vc_column_container\"><div class=\"vc_column-inner\"><div class=\"wpb_text_column\"><div class=\"wpb_wrapper\"><p>Elektrik\u00e1\u0159 - nebo \u00fa\u0159edn\u00edk<span>\u00a0<\/span><strong>Technik elektronik pro energetiku a stavebn\u00ed techniku<\/strong><span>\u00a0<\/span>- zaji\u0161\u0165uj\u00ed bezpe\u010dn\u00fd tok elekt\u0159iny, sv\u00edcen\u00ed a fungov\u00e1n\u00ed modern\u00edch technologi\u00ed v ka\u017edodenn\u00edm \u017eivot\u011b. A\u0165 u\u017e se jedn\u00e1 o stavbu inteligentn\u00edho domu, instalaci sol\u00e1rn\u00edch syst\u00e9m\u016f nebo opravy v dom\u00e1cnosti, elektrik\u00e1\u0159i jsou vyhled\u00e1van\u00fdmi odborn\u00edky s \u0161irok\u00fdm spektrem uplatn\u011bn\u00ed. Nab\u00edz\u00edme p\u0159ehled o vzd\u011bl\u00e1n\u00ed, po\u017eadavc\u00edch, platu a mo\u017enostech dal\u0161\u00edho vzd\u011bl\u00e1v\u00e1n\u00ed.<\/p>\n<h2>\u0160kolen\u00ed elektrik\u00e1\u0159\u016f: pr\u016fb\u011bh a obsah<\/h2>\n<p>Ofici\u00e1ln\u00ed pracovn\u00ed n\u00e1zev dnes zn\u00ed<span>\u00a0<\/span><strong>Technik elektroniky<\/strong>. Vzd\u011bl\u00e1vac\u00ed program kombinuje teoretick\u00e9 z\u00e1sady na odborn\u00e9 \u0161kole s praktick\u00fdm obsahem ve \u0161kolic\u00ed firm\u011b - hned od za\u010d\u00e1tku se sezn\u00e1m\u00edte se skute\u010dnou prac\u00ed. Z\u00e1rove\u0148 je zaji\u0161t\u011bna standardizace znalost\u00ed: Jde o teoretick\u00e9 z\u00e1klady, kter\u00e9 mus\u00ed zn\u00e1t ka\u017ed\u00fd elektrik\u00e1\u0159. A\u0165 u\u017e si vyberete jakoukoli specializaci, od ka\u017ed\u00e9ho se o\u010dek\u00e1v\u00e1, \u017ee bude um\u011bt polo\u017eit alespo\u0148 jeden kabel a p\u0159ipojit jedno za\u0159\u00edzen\u00ed.<\/p>\n<h3>Obdob\u00ed \u0161kolen\u00ed<\/h3>\n<p>Doba \u0161kolen\u00ed je zpravidla<span>\u00a0<\/span><strong>3,5 roku<\/strong>. U n\u011bkter\u00fdch specializac\u00ed lze tuto dobu zkr\u00e1tit, nap\u0159\u00edklad pokud ji\u017e m\u00e1te p\u0159edchoz\u00ed znalosti nebo v\u00fdjime\u010dn\u00e9 schopnosti porozum\u011bn\u00ed.<\/p>\n<h3>Obsah \u0161kolen\u00ed<\/h3>\n<p>B\u011bhem st\u00e1\u017ee se mimo jin\u00e9 nau\u010d\u00edte: montovat a demontovat sestavy, m\u011b\u0159it a po\u010d\u00edtat elektrick\u00e9 proudy, montovat rozvodn\u00e9 kombinace a sk\u0159\u00edn\u011b, prov\u00e1d\u011bt a dokumentovat dal\u0161\u00ed slu\u017eby, vytv\u00e1\u0159et a realizovat pl\u00e1ny \u00faprav a roz\u0161\u00ed\u0159en\u00ed, testovat syst\u00e9my a bezpe\u010dnostn\u00ed za\u0159\u00edzen\u00ed a tak\u00e9 pl\u00e1novat a navrhovat vlastn\u00ed pracovn\u00ed postupy a po\u010d\u00edtat je podle specifikac\u00ed spole\u010dnosti.<\/p>\n<h3>P\u0159edpoklady<\/h3>\n<p>Pro \u0161kolen\u00ed neexistuje p\u0159esn\u00e1 pr\u00e1vn\u00ed \u00faprava. V praxi se uk\u00e1zalo, \u017ee lep\u0161\u00ed mo\u017enosti nab\u00edz\u00ed maturita. D\u016fle\u017eit\u011bj\u0161\u00ed ne\u017e form\u00e1ln\u00ed kvalifikace jsou dobr\u00e9 zn\u00e1mky z fyziky a matematiky, stejn\u011b jako manu\u00e1ln\u00ed zru\u010dnost a skute\u010dn\u00fd z\u00e1jem o profesi. Vzhledem k sou\u010dasn\u00e9mu nedostatku kvalifikovan\u00e9 pracovn\u00ed s\u00edly mnoho podnik\u016f zoufale hled\u00e1 u\u010dn\u011b - pokud m\u00e1te ty spr\u00e1vn\u00e9 z\u00e1jmy a n\u011bkolik dobr\u00fdch zn\u00e1mek, m\u011bli byste se p\u0159ihl\u00e1sit. P\u0159\u00edm\u00fd kontakt s po\u017eadovanou firmou - nap\u0159\u00edklad telefonicky - m\u016f\u017ee b\u00fdt \u00fa\u010dinn\u011bj\u0161\u00ed ne\u017e \u017e\u00e1dosti naslepo.<\/p>\n<h3>Odm\u011bna b\u011bhem \u0161kolen\u00ed<\/h3>\n<p>B\u011bhem u\u010d\u0148ovsk\u00e9 p\u0159\u00edpravy ji\u017e vykon\u00e1v\u00e1te pr\u00e1ci a dost\u00e1v\u00e1te za ni zaplaceno. P\u0159esn\u00e1 \u010d\u00e1stka z\u00e1vis\u00ed na regionu a specializaci - m\u016f\u017eete v\u0161ak o\u010dek\u00e1vat, \u017ee si vyd\u011bl\u00e1te p\u0159ibli\u017en\u011b.<span>\u00a0<\/span><strong>800 a\u017e 1 300 eur m\u011bs\u00ed\u010dn\u011b<\/strong><span>\u00a0<\/span>vypo\u010d\u00edtat.<\/p>\n<h2>Plat elektrik\u00e1\u0159e: Jak\u00fd je re\u00e1ln\u00fd?<\/h2>\n<p>Po ukon\u010den\u00ed u\u010d\u0148ovsk\u00e9 p\u0159\u00edpravy se plat v\u00fdrazn\u011b zv\u00fd\u0161\u00ed - na v\u00edce ne\u017e dvojn\u00e1sobek u\u010d\u0148ovsk\u00e9ho platu, tj. na v\u00edce ne\u017e 2 000 eur hrub\u00e9ho m\u011bs\u00ed\u010dn\u011b. S malou prax\u00ed<span>\u00a0<\/span><strong>3 000 eur hrub\u00e9ho<\/strong><span>\u00a0<\/span>mo\u017en\u00e9. Ka\u017ed\u00fd, kdo se osv\u011bd\u010dil v oboru po dobu 10 let, m\u016f\u017ee za\u010d\u00edt s p\u0159ibli\u017en\u011b...<span>\u00a0<\/span><strong>3 600 eur hrub\u00e9ho m\u011bs\u00ed\u010dn\u011b<\/strong><span>\u00a0<\/span>vypo\u010d\u00edtat.<\/p>\n<p>Tyto \u00fadaje jsou pr\u016fm\u011brn\u00e9 hodnoty. Nejvy\u0161\u0161\u00ed platy mohou v sou\u010dasn\u00e9 dob\u011b o\u010dek\u00e1vat ti, kte\u0159\u00ed pracuj\u00ed v Bavorsku, Hesensku nebo B\u00e1densku-W\u00fcrttembersku. Velk\u00e1 m\u011bsta sice nab\u00edzej\u00ed vy\u0161\u0161\u00ed platy, ale tak\u00e9 vy\u0161\u0161\u00ed \u017eivotn\u00ed n\u00e1klady. P\u0159\u00edjem m\u016f\u017ee zv\u00fd\u0161it tak\u00e9 pr\u00e1ce na sm\u011bny, no\u010dn\u00ed pr\u00e1ce a odpov\u00eddaj\u00edc\u00ed p\u0159\u00edplatky.<\/p>\n<p>Plat v\u0161ak lze tak\u00e9 aktivn\u011b ovlivnit: Osobn\u00ed iniciativa, nasazen\u00ed a aktivn\u00ed p\u0159\u00edstup k \u00fakol\u016fm zvy\u0161uj\u00ed va\u0161i vlastn\u00ed hodnotu ve firm\u011b - a t\u00edm i va\u0161i vyjedn\u00e1vac\u00ed pozici.<\/p>\n<h2>Dal\u0161\u00ed vzd\u011bl\u00e1v\u00e1n\u00ed elektrik\u00e1\u0159\u016f: specializace a kari\u00e9ra<\/h2>\n<p>Po absolvov\u00e1n\u00ed v\u00fdcviku se m\u016f\u017eete vydat na r\u016fzn\u00e9 cesty k dal\u0161\u00edmu vzd\u011bl\u00e1v\u00e1n\u00ed. S<span>\u00a0<\/span><strong>st\u00e1tem certifikovan\u00fd technik<\/strong><span>\u00a0<\/span>m\u016f\u017eete pracovat ve v\u00fdvoji, v\u00e9st t\u00fdmy a pracovat jako projektov\u00fd mana\u017eer v oblasti elektrotechniky. Na str\u00e1nk\u00e1ch .<span>\u00a0<\/span><strong>Mistr \u0159emesln\u00edk<\/strong><span>\u00a0<\/span>poskytuje hlubok\u00e9 znalosti, umo\u017e\u0148uje \u0161kolit vlastn\u00ed u\u010dn\u011b a zahrnuje znalosti z oblasti \u0159\u00edzen\u00ed podniku a\u017e po samostatnou v\u00fdd\u011ble\u010dnou \u010dinnost. A<span>\u00a0<\/span><strong>Vysoko\u0161kolsk\u00e9 studium<\/strong><span>\u00a0<\/span>je tak\u00e9 mo\u017en\u00e9 a otev\u00edr\u00e1 dal\u0161\u00ed kari\u00e9rn\u00ed \u00farovn\u011b.<\/p>\n<p>Specializace a dal\u0161\u00ed vzd\u011bl\u00e1v\u00e1n\u00ed sni\u017euj\u00ed po\u010det konkurent\u016f - popt\u00e1vka po specializovan\u00fdch dovednostech roste a platy lze aktivn\u011b utv\u00e1\u0159et. To plat\u00ed zejm\u00e9na v elektrotechnice, kde p\u0159etrv\u00e1v\u00e1 nedostatek kvalifikovan\u00fdch pracovn\u00edch sil.<\/p>\n<h2>Elektrik\u00e1\u0159i jako subdodavatel\u00e9 nebo kvalifikovan\u00ed pracovn\u00edci ze zahrani\u010d\u00ed<\/h2>\n<p>Spole\u010dnost Global Business Recruiting nab\u00edz\u00ed firm\u00e1m, kter\u00e9 cht\u011bj\u00ed kr\u00e1tkodob\u011b nebo projektov\u011b zam\u011bstnat kvalifikovan\u00e9 elektrik\u00e1\u0159e nebo elektroniky, zprost\u0159edkov\u00e1n\u00ed kvalifikovan\u00fdch pracovn\u00edk\u016f z jin\u00fdch zem\u00ed EU, a to jak formou subdod\u00e1vek na z\u00e1klad\u011b smlouvy o d\u00edlo, tak formou leg\u00e1ln\u00edho pron\u00e1jmu zam\u011bstnanc\u016f. V\u00edce informac\u00ed se dozv\u00edte v na\u0161em \u010dl\u00e1nku o<span>\u00a0<\/span><a href=\"https:\/\/global-business-recruiting.de\/cs\/znat\/profesni-uznani-pro-elektrikare-v-zahranici\/\">Profesn\u00ed uzn\u00e1n\u00ed pro elektrik\u00e1\u0159e ze zahrani\u010d\u00ed<\/a>.<\/p>\n<h2>\u010casto kladen\u00e9 ot\u00e1zky t\u00fdkaj\u00edc\u00ed se vzd\u011bl\u00e1v\u00e1n\u00ed a platu elektrik\u00e1\u0159e<\/h2>\n<\/div><\/div><div class=\"w-separator size_small\"><\/div><div class=\"w-tabs style_default switch_click accordion type_togglable has_scrolling\" style=\"--sections-title-size:inherit\"><div class=\"w-tabs-sections titles-align_none icon_chevron cpos_right\"><div class=\"w-tabs-section\" id=\"ge56\" itemscope itemprop=\"mainEntity\" itemtype=\"https:\/\/schema.org\/Question\"><button class=\"w-tabs-section-header\" aria-controls=\"content-ge56\" aria-expanded=\"false\"><div class=\"w-tabs-section-title\" itemprop=\"name\">Jak dlouho trv\u00e1 vyu\u010dit se elektrik\u00e1\u0159em?<\/div><div class=\"w-tabs-section-control\"><\/div><\/button><div  class=\"w-tabs-section-content\" id=\"content-ge56\" itemscope itemprop=\"acceptedAnswer\" itemtype=\"https:\/\/schema.org\/Answer\"><div class=\"w-tabs-section-content-h i-cf\" itemprop=\"text\"><div class=\"wpb_text_column\"><div class=\"wpb_wrapper\"><p>Pravideln\u00e1 doba \u0161kolen\u00ed je 3,5 roku. Za ur\u010dit\u00fdch podm\u00ednek ji lze zkr\u00e1tit - nap\u0159\u00edklad v p\u0159\u00edpad\u011b p\u0159edchoz\u00edch znalost\u00ed nebo zvl\u00e1\u0161tn\u00edch schopnost\u00ed.<\/p>\n<\/div><\/div><\/div><\/div><\/div><div class=\"w-tabs-section\" id=\"qf50\" itemscope itemprop=\"mainEntity\" itemtype=\"https:\/\/schema.org\/Question\"><button class=\"w-tabs-section-header\" aria-controls=\"content-qf50\" aria-expanded=\"false\"><div class=\"w-tabs-section-title\" itemprop=\"name\">Kolik si pr\u016fm\u011brn\u011b vyd\u011bl\u00e1 elektrik\u00e1\u0159?<\/div><div class=\"w-tabs-section-control\"><\/div><\/button><div  class=\"w-tabs-section-content\" id=\"content-qf50\" itemscope itemprop=\"acceptedAnswer\" itemtype=\"https:\/\/schema.org\/Answer\"><div class=\"w-tabs-section-content-h i-cf\" itemprop=\"text\"><div class=\"wpb_text_column\"><div class=\"wpb_wrapper\"><p>Za\u010d\u00ednaj\u00edc\u00ed kari\u00e9rist\u00e9 si obvykle vyd\u011blaj\u00ed n\u011bco m\u00e1lo p\u0159es 2 000 eur hrub\u00e9ho m\u011bs\u00ed\u010dn\u011b. Se zku\u0161enostmi a specializac\u00ed je re\u00e1ln\u00e9 dos\u00e1hnout 3 000 eur a v\u00edce. Po zhruba 10 letech odborn\u00e9 praxe m\u016f\u017eete o\u010dek\u00e1vat v\u00fdd\u011blek kolem 3 600 eur hrub\u00e9ho m\u011bs\u00ed\u010dn\u011b - nebo i v\u00edce v z\u00e1vislosti na regionu a spole\u010dnosti.<\/p>\n<\/div><\/div><\/div><\/div><\/div><div class=\"w-tabs-section\" id=\"t040\" itemscope itemprop=\"mainEntity\" itemtype=\"https:\/\/schema.org\/Question\"><button class=\"w-tabs-section-header\" aria-controls=\"content-t040\" aria-expanded=\"false\"><div class=\"w-tabs-section-title\" itemprop=\"name\">Jak\u00e9 maturitn\u00ed vzd\u011bl\u00e1n\u00ed se vy\u017eaduje pro vyu\u010den\u00ed elektrik\u00e1\u0159e?<\/div><div class=\"w-tabs-section-control\"><\/div><\/button><div  class=\"w-tabs-section-content\" id=\"content-t040\" itemscope itemprop=\"acceptedAnswer\" itemtype=\"https:\/\/schema.org\/Answer\"><div class=\"w-tabs-section-content-h i-cf\" itemprop=\"text\"><div class=\"wpb_text_column\"><div class=\"wpb_wrapper\"><p>Neexistuj\u00ed \u017e\u00e1dn\u00e9 form\u00e1ln\u00ed po\u017eadavky. V praxi v\u0161ak va\u0161e \u0161ance v\u00fdrazn\u011b zvy\u0161uje maturitn\u00ed vysv\u011bd\u010den\u00ed. D\u016fle\u017eit\u011bj\u0161\u00ed ne\u017e diplom jsou dobr\u00e9 zn\u00e1mky z fyziky a matematiky a z\u00e1jem o \u0159emeslo a dovednosti.<\/p>\n<\/div><\/div><\/div><\/div><\/div><div class=\"w-tabs-section\" id=\"c132\" itemscope itemprop=\"mainEntity\" itemtype=\"https:\/\/schema.org\/Question\"><button class=\"w-tabs-section-header\" aria-controls=\"content-c132\" aria-expanded=\"false\"><div class=\"w-tabs-section-title\" itemprop=\"name\">M\u00e1 smysl se d\u00e1le vzd\u011bl\u00e1vat jako elektrik\u00e1\u0159?<\/div><div class=\"w-tabs-section-control\"><\/div><\/button><div  class=\"w-tabs-section-content\" id=\"content-c132\" itemscope itemprop=\"acceptedAnswer\" itemtype=\"https:\/\/schema.org\/Answer\"><div class=\"w-tabs-section-content-h i-cf\" itemprop=\"text\"><div class=\"wpb_text_column\"><div class=\"wpb_wrapper\"><p>Ano, obvykle velmi. St\u00e1tn\u011b certifikovan\u00fd technik, titul mistra \u0159emesln\u00edka nebo titul zvy\u0161uj\u00ed odpov\u011bdnost i popt\u00e1vku po va\u0161ich vlastn\u00edch dovednostech - a t\u00edm i v\u00e1\u0161 plat. Specializace je jednozna\u010dnou v\u00fdhodou, zejm\u00e9na v dob\u011b nedostatku kvalifikovan\u00fdch pracovn\u00edk\u016f.<\/p>\n<\/div><\/div><\/div><\/div><\/div><div class=\"w-tabs-section\" id=\"u229\" itemscope itemprop=\"mainEntity\" itemtype=\"https:\/\/schema.org\/Question\"><button class=\"w-tabs-section-header\" aria-controls=\"content-u229\" aria-expanded=\"false\"><div class=\"w-tabs-section-title\" itemprop=\"name\">Kde si elektrik\u00e1\u0159i vyd\u011blaj\u00ed nejv\u00edce?<\/div><div class=\"w-tabs-section-control\"><\/div><\/button><div  class=\"w-tabs-section-content\" id=\"content-u229\" itemscope itemprop=\"acceptedAnswer\" itemtype=\"https:\/\/schema.org\/Answer\"><div class=\"w-tabs-section-content-h i-cf\" itemprop=\"text\"><div class=\"wpb_text_column\"><div class=\"wpb_wrapper\"><p>Platy elektrik\u00e1\u0159\u016f jsou v sou\u010dasn\u00e9 dob\u011b nejvy\u0161\u0161\u00ed v Bavorsku, Hesensku a B\u00e1densku-W\u00fcrttembersku. V\u011bt\u0161\u00ed m\u011bsta nab\u00edzej\u00ed tak\u00e9 vy\u0161\u0161\u00ed platy, ale tak\u00e9 vy\u0161\u0161\u00ed \u017eivotn\u00ed n\u00e1klady. P\u0159\u00edjem m\u016f\u017ee zv\u00fd\u0161it tak\u00e9 pr\u00e1ce na sm\u011bny a no\u010dn\u00ed pr\u00e1ce a p\u0159\u00edplatky.<\/p>\n<div><\/div>\n<\/div><\/div><\/div><\/div><\/div><\/div><\/div><\/div><\/div><\/div><\/div><\/section>","protected":false},"excerpt":{"rendered":"Elektriker \u2013 oder offiziell\u00a0Elektroniker\/in f\u00fcr Energie- und Geb\u00e4udetechnik\u00a0\u2013 sorgen daf\u00fcr, dass Strom sicher flie\u00dft, Licht brennt und moderne Technik im Alltag funktioniert. Egal ob beim Bau eines Smart-Homes, der Installation von Solaranlagen oder bei Reparaturen im Haushalt: Elektriker sind gefragte Fachkr\u00e4fte mit vielf\u00e4ltigen Einsatzbereichen. Wir geben einen \u00dcberblick \u00fcber die Ausbildung, Voraussetzungen, Gehalt und Weiterbildungsm\u00f6glichkeiten....","protected":false},"author":1,"featured_media":11154,"parent":9347,"menu_order":0,"comment_status":"closed","ping_status":"closed","template":"","meta":{"_acf_changed":false,"footnotes":""},"class_list":["post-9889","page","type-page","status-publish","has-post-thumbnail","hentry"],"acf":[],"_links":{"self":[{"href":"https:\/\/global-business-recruiting.de\/cs\/wp-json\/wp\/v2\/pages\/9889","targetHints":{"allow":["GET"]}}],"collection":[{"href":"https:\/\/global-business-recruiting.de\/cs\/wp-json\/wp\/v2\/pages"}],"about":[{"href":"https:\/\/global-business-recruiting.de\/cs\/wp-json\/wp\/v2\/types\/page"}],"author":[{"embeddable":true,"href":"https:\/\/global-business-recruiting.de\/cs\/wp-json\/wp\/v2\/users\/1"}],"replies":[{"embeddable":true,"href":"https:\/\/global-business-recruiting.de\/cs\/wp-json\/wp\/v2\/comments?post=9889"}],"version-history":[{"count":5,"href":"https:\/\/global-business-recruiting.de\/cs\/wp-json\/wp\/v2\/pages\/9889\/revisions"}],"predecessor-version":[{"id":11186,"href":"https:\/\/global-business-recruiting.de\/cs\/wp-json\/wp\/v2\/pages\/9889\/revisions\/11186"}],"up":[{"embeddable":true,"href":"https:\/\/global-business-recruiting.de\/cs\/wp-json\/wp\/v2\/pages\/9347"}],"wp:featuredmedia":[{"embeddable":true,"href":"https:\/\/global-business-recruiting.de\/cs\/wp-json\/wp\/v2\/media\/11154"}],"wp:attachment":[{"href":"https:\/\/global-business-recruiting.de\/cs\/wp-json\/wp\/v2\/media?parent=9889"}],"curies":[{"name":"wp","href":"https:\/\/api.w.org\/{rel}","templated":true}]}}