{"id":9893,"date":"2026-03-12T04:27:09","date_gmt":"2026-03-12T04:27:09","guid":{"rendered":"https:\/\/global-business-recruiting.de\/wissen\/elektriker-ausbildung-gehalt-und-weiterbildung\/"},"modified":"2026-03-29T13:11:12","modified_gmt":"2026-03-29T13:11:12","slug":"subdodavatel-stavebni-zakazky","status":"publish","type":"page","link":"https:\/\/global-business-recruiting.de\/cs\/wissen\/bauvertrag-subunternehmer\/","title":{"rendered":"Smlouva o d\u00edlo: p\u0159edpoklad pro pr\u00e1ci se subdodavateli"},"content":{"rendered":"<section class=\"l-section wpb_row height_custom\"><div class=\"l-section-h i-cf\"><div class=\"g-cols vc_row via_grid cols_1 laptops-cols_inherit tablets-cols_inherit mobiles-cols_1 valign_top type_default stacking_default\"><div class=\"wpb_column vc_column_container\"><div class=\"vc_column-inner\"><div class=\"wpb_text_column\"><div class=\"wpb_wrapper\"><p>P\u0159i pr\u00e1ci se subdodavateli hraje \u00fast\u0159edn\u00ed roli smlouva o d\u00edlo. Upravuje podm\u00ednky spolupr\u00e1ce: rozsah slu\u017eeb, term\u00edny, odm\u011bnu i pr\u00e1va a povinnosti obou stran - od specifikac\u00ed materi\u00e1lu a\u017e po lh\u016fty pro odstran\u011bn\u00ed vad. V tomto \u010dl\u00e1nku se dozv\u00edte, co p\u0159esn\u011b je to smlouva o d\u00edlo, jak\u00e9 existuj\u00ed jej\u00ed typy a na co byste si m\u011bli d\u00e1t pozor p\u0159i spolupr\u00e1ci se subdodavateli ve stavebnictv\u00ed.<\/p>\n<h2>Co je to smlouva o v\u00fdstavb\u011b?<\/h2>\n<p>Smlouva o d\u00edlo je smlouva uzav\u0159en\u00e1 mezi objednatelem a subdodavateli. Upravuje hlavn\u00ed podm\u00ednky spolupr\u00e1ce: rozsah slu\u017eeb, dobu stanovenou pro poskytnut\u00ed slu\u017eeb a odm\u011bnu. Krom\u011b toho mohou b\u00fdt ve smlouv\u011b o d\u00edlo stanovena dal\u0161\u00ed pr\u00e1va a povinnosti obou stran - nap\u0159\u00edklad materi\u00e1ly, kter\u00e9 maj\u00ed b\u00fdt pou\u017eity, nebo jasn\u011b vymezen\u00e9 lh\u016fty pro odstran\u011bn\u00ed vad.<\/p>\n<p>Smlouva o d\u00edlo zavazuje subdodavatele k odborn\u00e9mu a v\u010dasn\u00e9mu proveden\u00ed v\u0161ech dohodnut\u00fdch stavebn\u00edch prac\u00ed. Objednatel se zase zavazuje v\u010das zaplatit dohodnutou cenu.<\/p>\n<h2>Jak\u00e9 jsou typy stavebn\u00edch zak\u00e1zek?<\/h2>\n<p>Ne v\u0161echny stavebn\u00ed zak\u00e1zky jsou stejn\u00e9. Rozli\u0161uje se mezi<span>\u00a0<\/span><strong>Smlouvy BGB<\/strong><span>\u00a0<\/span>a<span>\u00a0<\/span><strong>Smlouvy VOB<\/strong>. Smlouvy BGB vych\u00e1zej\u00ed z n\u011bmeck\u00e9ho ob\u010dansk\u00e9ho z\u00e1kon\u00edku a pou\u017e\u00edvaj\u00ed se p\u0159edev\u0161\u00edm v soukrom\u00e9 bytov\u00e9 v\u00fdstavb\u011b. Smlouvy VOB (n\u011bmeck\u00fd smluvn\u00ed \u0159\u00e1d pro v\u00fdstavbu) obsahuj\u00ed zvl\u00e1\u0161tn\u00ed p\u0159edpisy pro \u0159e\u0161en\u00ed vad a fakturaci a jsou v\u00edce p\u0159izp\u016fsobeny komer\u010dn\u00edmu stavebn\u00edmu provozu.<\/p>\n<p>Smlouvy VOB jsou proto \u010dasto vhodn\u011bj\u0161\u00edm z\u00e1kladem pro spolupr\u00e1ci se subdodavateli v komer\u010dn\u00edm sektoru.<\/p>\n<h2>Co je d\u016fle\u017eit\u00e9 p\u0159i pr\u00e1ci se subdodavateli?<\/h2>\n<p>Smlouva o v\u00fdstavb\u011b upravuje<span>\u00a0<\/span><em>Co<\/em>. Existuj\u00ed v\u0161ak i dal\u0161\u00ed faktory, kter\u00e9 jsou pro bezprobl\u00e9movou spolupr\u00e1ci kl\u00ed\u010dov\u00e9:<\/p>\n<p><strong>Jasn\u00e1 komunikace:<\/strong><span>\u00a0<\/span>St\u00e1l\u00e9 kontakty a pravideln\u00e1 koordinace jsou d\u016fle\u017eit\u00e9, proto\u017ee stavebn\u00ed projekty jsou dynamick\u00e9 a situace se m\u016f\u017ee v kr\u00e1tk\u00e9 dob\u011b zm\u011bnit.<\/p>\n<p><strong>Flexibilita a dodr\u017eov\u00e1n\u00ed term\u00edn\u016f:<\/strong><span>\u00a0<\/span>Dobr\u00fd subdodavatel dok\u00e1\u017ee naj\u00edt rovnov\u00e1hu mezi flexibilitou a dodr\u017eov\u00e1n\u00edm term\u00edn\u016f stanoven\u00fdch ve smlouv\u011b o d\u00edlo.<\/p>\n<p><strong>Kontrola kvality:<\/strong><span>\u00a0<\/span>Pr\u00e1ce subdodavatele by m\u011bla b\u00fdt kontrolov\u00e1na v r\u00e1mci pravideln\u00e9 kontroly kvality, aby bylo mo\u017en\u00e9 v\u010das rozpoznat p\u0159\u00edpadn\u00e9 z\u00e1vady.<\/p>\n<p>S dob\u0159e vypracovanou smlouvou o d\u00edlo a p\u0159i dodr\u017een\u00ed t\u011bchto r\u00e1mcov\u00fdch podm\u00ednek nestoj\u00ed \u00fasp\u011b\u0161n\u00e9 spolupr\u00e1ci se subdodavateli ve stavebnictv\u00ed nic v cest\u011b.<\/p>\n<h2>Do\u010dasn\u00e1 pr\u00e1ce ve stavebnictv\u00ed: Na co je t\u0159eba pamatovat?<\/h2>\n<p>Dal\u0161\u00edm zp\u016fsobem z\u00edsk\u00e1v\u00e1n\u00ed kvalifikovan\u00fdch pracovn\u00edk\u016f pro stavebn\u00ed projekty je do\u010dasn\u00e1 pr\u00e1ce (pron\u00e1jem pracovn\u00edch sil). Jedn\u00e1 se o zap\u016fj\u010den\u00ed pracovn\u00edk\u016f od jedn\u00e9 spole\u010dnosti k druh\u00e9 na ur\u010ditou dobu - nap\u0159\u00edklad do dokon\u010den\u00ed projektu. To umo\u017e\u0148uje spole\u010dnostem rychle a flexibiln\u011b nasadit pracovn\u00ed s\u00edlu, kterou pot\u0159ebuj\u00ed.<\/p>\n<p>Na do\u010dasnou pr\u00e1ci ve stavebnictv\u00ed se v\u0161ak vztahuje zvl\u00e1\u0161tn\u00ed \u00faprava: je povolena pouze tehdy, pokud naj\u00edmaj\u00edc\u00ed i dod\u00e1vaj\u00edc\u00ed spole\u010dnost p\u016fsob\u00ed ve stavebnictv\u00ed. Ob\u011b firmy mus\u00ed tak\u00e9 p\u016fsobit ve stejn\u00e9m stavebn\u00edm odv\u011btv\u00ed. T\u011bch je ve stavebnictv\u00ed \u0161est: demolice, stavebnictv\u00ed, stavebn\u00ed pr\u00e1ce, le\u0161en\u00ed, pokr\u00fdva\u010dstv\u00ed a zahradn\u00ed a krajin\u00e1\u0159sk\u00e9 pr\u00e1ce.<\/p>\n<p>P\u0159evod zam\u011bstnanc\u016f je tedy mo\u017en\u00fd pouze z jednoho stavebn\u00edho odv\u011btv\u00ed do druh\u00e9ho, z jednoho demoli\u010dn\u00edho odv\u011btv\u00ed do druh\u00e9ho atd. - nikoli nap\u0159\u00ed\u010d v\u0161emi odv\u011btv\u00edmi v r\u00e1mci stavebnictv\u00ed.<\/p>\n<p>V\u00edce informac\u00ed o rozd\u00edlech mezi smlouvami o d\u00edlo a pron\u00e1jmem pracovn\u00ed s\u00edly ve stavebnictv\u00ed najdete v na\u0161em \u010dl\u00e1nku.<span>\u00a0<\/span><a href=\"https:\/\/global-business-recruiting.de\/cs\/znat\/pronajem-pracovni-sily-vs-subdodavky\/\">Do\u010dasn\u00e9 zam\u011bstn\u00e1n\u00ed vs. subdod\u00e1vky<\/a>.<\/p>\n<h2>\u010casto kladen\u00e9 ot\u00e1zky t\u00fdkaj\u00edc\u00ed se stavebn\u00edch smluv se subdodavateli<\/h2>\n<\/div><\/div><div class=\"w-separator size_small\"><\/div><div class=\"w-tabs style_default switch_click accordion type_togglable has_scrolling\" style=\"--sections-title-size:inherit\"><div class=\"w-tabs-sections titles-align_none icon_chevron cpos_right\"><div class=\"w-tabs-section\" id=\"m57e\" itemscope itemprop=\"mainEntity\" itemtype=\"https:\/\/schema.org\/Question\"><button class=\"w-tabs-section-header\" aria-controls=\"content-m57e\" aria-expanded=\"false\"><div class=\"w-tabs-section-title\" itemprop=\"name\">Jak\u00fd je rozd\u00edl mezi smlouvou o v\u00fdstavb\u011b BGB a smlouvou VOB?<\/div><div class=\"w-tabs-section-control\"><\/div><\/button><div  class=\"w-tabs-section-content\" id=\"content-m57e\" itemscope itemprop=\"acceptedAnswer\" itemtype=\"https:\/\/schema.org\/Answer\"><div class=\"w-tabs-section-content-h i-cf\" itemprop=\"text\"><div class=\"wpb_text_column\"><div class=\"wpb_wrapper\"><p>Smlouvy BGB vych\u00e1zej\u00ed z n\u011bmeck\u00e9ho ob\u010dansk\u00e9ho z\u00e1kon\u00edku a pou\u017e\u00edvaj\u00ed se p\u0159edev\u0161\u00edm v soukrom\u00e9 bytov\u00e9 v\u00fdstavb\u011b. Smlouvy VOB (n\u011bmeck\u00fd smluvn\u00ed \u0159\u00e1d pro v\u00fdstavbu) obsahuj\u00ed dal\u0161\u00ed, pro v\u00fdstavbu specifick\u00e9 p\u0159edpisy o vad\u00e1ch, p\u0159ej\u00edmce a fakturaci a jsou \u0161iroce pou\u017e\u00edv\u00e1ny v komer\u010dn\u00edch stavebn\u00edch provozech.<\/p>\n<\/div><\/div><\/div><\/div><\/div><div class=\"w-tabs-section\" id=\"u641\" itemscope itemprop=\"mainEntity\" itemtype=\"https:\/\/schema.org\/Question\"><button class=\"w-tabs-section-header\" aria-controls=\"content-u641\" aria-expanded=\"false\"><div class=\"w-tabs-section-title\" itemprop=\"name\">Jak\u00e9 povinnosti m\u00e1 subdodavatel podle smlouvy o d\u00edlo?<\/div><div class=\"w-tabs-section-control\"><\/div><\/button><div  class=\"w-tabs-section-content\" id=\"content-u641\" itemscope itemprop=\"acceptedAnswer\" itemtype=\"https:\/\/schema.org\/Answer\"><div class=\"w-tabs-section-content-h i-cf\" itemprop=\"text\"><div class=\"wpb_text_column\"><div class=\"wpb_wrapper\"><p>Subdodavatel je povinen prov\u00e9st v\u0161echny dohodnut\u00e9 stavebn\u00ed pr\u00e1ce odborn\u011b a v\u010das. Objednatel je zase povinen v\u010das uhradit sjednanou cenu a poskytnout pot\u0159ebnou sou\u010dinnost umo\u017e\u0148uj\u00edc\u00ed proveden\u00ed d\u00edla.<\/p>\n<\/div><\/div><\/div><\/div><\/div><div class=\"w-tabs-section\" id=\"i700\" itemscope itemprop=\"mainEntity\" itemtype=\"https:\/\/schema.org\/Question\"><button class=\"w-tabs-section-header\" aria-controls=\"content-i700\" aria-expanded=\"false\"><div class=\"w-tabs-section-title\" itemprop=\"name\">Mus\u00ed b\u00fdt smlouva o v\u00fdstavb\u011b uzav\u0159ena p\u00edsemn\u011b?<\/div><div class=\"w-tabs-section-control\"><\/div><\/button><div  class=\"w-tabs-section-content\" id=\"content-i700\" itemscope itemprop=\"acceptedAnswer\" itemtype=\"https:\/\/schema.org\/Answer\"><div class=\"w-tabs-section-content-h i-cf\" itemprop=\"text\"><div class=\"wpb_text_column\"><div class=\"wpb_wrapper\"><p>V z\u00e1sad\u011b neexistuje \u017e\u00e1dn\u00fd z\u00e1konn\u00fd po\u017eadavek na p\u00edsemnou formu. Z d\u016fvodu pr\u00e1vn\u00ed jistoty a prokazatelnosti - zejm\u00e9na v p\u0159\u00edpad\u011b n\u00e1rok\u016f z vad nebo spor\u016f ohledn\u011b rozsahu slu\u017eeb a odm\u011bny - se v\u0161ak p\u00edsemn\u00e1 smlouva d\u016frazn\u011b doporu\u010duje.<\/p>\n<\/div><\/div><\/div><\/div><\/div><div class=\"w-tabs-section\" id=\"b7be\" itemscope itemprop=\"mainEntity\" itemtype=\"https:\/\/schema.org\/Question\"><button class=\"w-tabs-section-header\" aria-controls=\"content-b7be\" aria-expanded=\"false\"><div class=\"w-tabs-section-title\" itemprop=\"name\">Je ve stavebnictv\u00ed povolena do\u010dasn\u00e1 pr\u00e1ce?<\/div><div class=\"w-tabs-section-control\"><\/div><\/button><div  class=\"w-tabs-section-content\" id=\"content-b7be\" itemscope itemprop=\"acceptedAnswer\" itemtype=\"https:\/\/schema.org\/Answer\"><div class=\"w-tabs-section-content-h i-cf\" itemprop=\"text\"><div class=\"wpb_text_column\"><div class=\"wpb_wrapper\"><p>Ano, ale s omezen\u00edmi: Do\u010dasn\u00e1 pr\u00e1ce ve stavebnictv\u00ed je povolena pouze tehdy, pokud naj\u00edmaj\u00edc\u00ed i naj\u00edmaj\u00edc\u00ed firma p\u016fsob\u00ed ve stavebnictv\u00ed a jedn\u00e1 se o stejnou ze \u0161esti tarifn\u00edch oblast\u00ed stavebnictv\u00ed (nap\u0159. stavebnictv\u00ed, stavebn\u00ed pr\u00e1ce, demolice, le\u0161en\u00ed, pokr\u00fdva\u010dstv\u00ed nebo zahradn\u00ed a krajin\u00e1\u0159sk\u00e9 pr\u00e1ce).<\/p>\n<\/div><\/div><\/div><\/div><\/div><div class=\"w-tabs-section\" id=\"f87f\" itemscope itemprop=\"mainEntity\" itemtype=\"https:\/\/schema.org\/Question\"><button class=\"w-tabs-section-header\" aria-controls=\"content-f87f\" aria-expanded=\"false\"><div class=\"w-tabs-section-title\" itemprop=\"name\">Jak naj\u00edt spr\u00e1vn\u00e9ho subdodavatele pro stavebn\u00ed projekt?<\/div><div class=\"w-tabs-section-control\"><\/div><\/button><div  class=\"w-tabs-section-content\" id=\"content-f87f\" itemscope itemprop=\"acceptedAnswer\" itemtype=\"https:\/\/schema.org\/Answer\"><div class=\"w-tabs-section-content-h i-cf\" itemprop=\"text\"><div class=\"wpb_text_column\"><div class=\"wpb_wrapper\"><p>Krom\u011b solidn\u00ed smlouvy o v\u00fdstavb\u011b je rozhoduj\u00edc\u00ed jasn\u00e1 komunikace, kontrola kvality a spolehlivost z hlediska term\u00edn\u016f. Global Business Recruiting zaji\u0161\u0165uje zku\u0161en\u00e9 subdodavatele a kvalifikovan\u00e9 pracovn\u00ed s\u00edly z jin\u00fdch zem\u00ed EU pro stavebn\u00ed projekty v N\u011bmecku - rychle a s pr\u00e1vn\u00ed jistotou.<\/p>\n<\/div><\/div><\/div><\/div><\/div><\/div><\/div><\/div><\/div><\/div><\/div><\/section>","protected":false},"excerpt":{"rendered":"Ein Bauvertrag spielt bei der Zusammenarbeit mit Subunternehmern eine zentrale Rolle. Er regelt die Bedingungen f\u00fcr die Zusammenarbeit: Leistungsumfang, Termine, Verg\u00fctung sowie Rechte und Pflichten beider Parteien \u2013 von der Materialvorgabe bis hin zu Fristen f\u00fcr die M\u00e4ngelbeseitigung. Was genau ein Bauvertrag ist, welche Arten es gibt und worauf Sie bei der Zusammenarbeit mit Subunternehmern...","protected":false},"author":1,"featured_media":11155,"parent":9347,"menu_order":0,"comment_status":"closed","ping_status":"closed","template":"","meta":{"_acf_changed":false,"footnotes":""},"class_list":["post-9893","page","type-page","status-publish","has-post-thumbnail","hentry"],"acf":[],"_links":{"self":[{"href":"https:\/\/global-business-recruiting.de\/cs\/wp-json\/wp\/v2\/pages\/9893","targetHints":{"allow":["GET"]}}],"collection":[{"href":"https:\/\/global-business-recruiting.de\/cs\/wp-json\/wp\/v2\/pages"}],"about":[{"href":"https:\/\/global-business-recruiting.de\/cs\/wp-json\/wp\/v2\/types\/page"}],"author":[{"embeddable":true,"href":"https:\/\/global-business-recruiting.de\/cs\/wp-json\/wp\/v2\/users\/1"}],"replies":[{"embeddable":true,"href":"https:\/\/global-business-recruiting.de\/cs\/wp-json\/wp\/v2\/comments?post=9893"}],"version-history":[{"count":6,"href":"https:\/\/global-business-recruiting.de\/cs\/wp-json\/wp\/v2\/pages\/9893\/revisions"}],"predecessor-version":[{"id":11185,"href":"https:\/\/global-business-recruiting.de\/cs\/wp-json\/wp\/v2\/pages\/9893\/revisions\/11185"}],"up":[{"embeddable":true,"href":"https:\/\/global-business-recruiting.de\/cs\/wp-json\/wp\/v2\/pages\/9347"}],"wp:featuredmedia":[{"embeddable":true,"href":"https:\/\/global-business-recruiting.de\/cs\/wp-json\/wp\/v2\/media\/11155"}],"wp:attachment":[{"href":"https:\/\/global-business-recruiting.de\/cs\/wp-json\/wp\/v2\/media?parent=9893"}],"curies":[{"name":"wp","href":"https:\/\/api.w.org\/{rel}","templated":true}]}}