{"id":9897,"date":"2026-03-12T04:32:18","date_gmt":"2026-03-12T04:32:18","guid":{"rendered":"https:\/\/global-business-recruiting.de\/wissen\/der-bauvertrag-voraussetzung-fuer-die-zusammenarbeit-mit-subunternehmern\/"},"modified":"2026-03-29T13:11:56","modified_gmt":"2026-03-29T13:11:56","slug":"povinnosti-zamestnavatele-v-oblasti-bezpecnosti-a-ochrany-zdravi-pri-praci","status":"publish","type":"page","link":"https:\/\/global-business-recruiting.de\/cs\/wissen\/arbeitsschutz-pflichten-arbeitgeber\/","title":{"rendered":"Bezpe\u010dnost a ochrana zdrav\u00ed p\u0159i pr\u00e1ci: Jak mus\u00ed podniky chr\u00e1nit zdrav\u00ed sv\u00fdch zam\u011bstnanc\u016f"},"content":{"rendered":"<section class=\"l-section wpb_row height_custom\"><div class=\"l-section-h i-cf\"><div class=\"g-cols vc_row via_grid cols_1 laptops-cols_inherit tablets-cols_inherit mobiles-cols_1 valign_top type_default stacking_default\"><div class=\"wpb_column vc_column_container\"><div class=\"vc_column-inner\"><div class=\"wpb_text_column\"><div class=\"wpb_wrapper\"><p>Zam\u011bstnavatel\u00e9 jsou spoluodpov\u011bdn\u00ed za minimalizaci rizika pracovn\u00edch \u00faraz\u016f a nemoc\u00ed z povol\u00e1n\u00ed. Nesta\u010d\u00ed jen reagovat, kdy\u017e se n\u011bco stane - podniky mus\u00ed p\u0159ijmout preventivn\u00ed opat\u0159en\u00ed a uplat\u0148ovat platn\u00e9 p\u0159edpisy o bezpe\u010dnosti a ochran\u011b zdrav\u00ed p\u0159i pr\u00e1ci.<\/p>\n<p>Pokud zam\u011bstnanci utrp\u00ed pracovn\u00ed \u00faraz nebo onemocn\u00ed v d\u016fsledku nedostate\u010dn\u00fdch opat\u0159en\u00ed v oblasti bezpe\u010dnosti a ochrany zdrav\u00ed p\u0159i pr\u00e1ci, m\u00e1 to pro v\u0161echny z\u00fa\u010dastn\u011bn\u00e9 zna\u010dn\u00e9 d\u016fsledky: posti\u017een\u00ed zam\u011bstnanci maj\u00ed po\u0161kozen\u00e9 zdrav\u00ed a \u010dasto jsou del\u0161\u00ed dobu nep\u0159\u00edtomni v pr\u00e1ci. Podnik se mus\u00ed s absenc\u00ed vyrovnat a v p\u0159\u00edpad\u011b pot\u0159eby naj\u00edt n\u00e1hradu. Prevence je proto v z\u00e1jmu ka\u017ed\u00e9ho podniku.<\/p>\n<h2>Obecn\u00e9 povinnosti v oblasti bezpe\u010dnosti a ochrany zdrav\u00ed p\u0159i pr\u00e1ci<\/h2>\n<p>Zam\u011bstnavatel\u00e9 mus\u00ed zajistit, aby byla organizov\u00e1na a prov\u00e1d\u011bna z\u00e1konem po\u017eadovan\u00e1 opat\u0159en\u00ed v oblasti bezpe\u010dnosti a ochrany zdrav\u00ed p\u0159i pr\u00e1ci u v\u0161ech zam\u011bstnanc\u016f. Nap\u0159\u00edklad na staveni\u0161t\u00edch jsou povinn\u00e9 p\u0159ilby, kter\u00e9 chr\u00e1n\u00ed zam\u011bstnance p\u0159ed p\u00e1dem \u010d\u00e1st\u00ed - a zam\u011bstnavatel mus\u00ed zajistit, aby v\u0161ichni na staveni\u0161ti dodr\u017eovali bezpe\u010dnostn\u00ed p\u0159edpisy.<\/p>\n<p>Krom\u011b toho \u00a7 12 z\u00e1kona o bezpe\u010dnosti a ochran\u011b zdrav\u00ed p\u0159i pr\u00e1ci vy\u017eaduje, aby zam\u011bstnavatel\u00e9 poskytovali zam\u011bstnanc\u016fm dostate\u010dn\u00e9 a vhodn\u00e9 pokyny o bezpe\u010dnosti a ochran\u011b zdrav\u00ed na pracovi\u0161ti. Konkr\u00e9tn\u011b to znamen\u00e1, \u017ee zam\u011bstnavatel\u00e9 mus\u00ed poskytovat zam\u011bstnanc\u016fm dostate\u010dn\u00e9 informace o opat\u0159en\u00edch v oblasti bezpe\u010dnosti a ochrany zdrav\u00ed p\u0159i pr\u00e1ci a nab\u00edzet jim odpov\u00eddaj\u00edc\u00ed \u0161kolen\u00ed. C\u00edlem je prevence - sn\u00ed\u017een\u00ed rizika po\u0161kozen\u00ed zdrav\u00ed a \u00faraz\u016f.<\/p>\n<p>Podle z\u00e1kona o bezpe\u010dnosti a ochran\u011b zdrav\u00ed p\u0159i pr\u00e1ci je zam\u011bstnavatel obecn\u011b povinen p\u0159ij\u00edmat nezbytn\u00e1 opat\u0159en\u00ed k p\u0159edch\u00e1zen\u00ed pracovn\u00edm \u00faraz\u016fm a nemocem z povol\u00e1n\u00ed, organizovat pl\u00e1nov\u00e1n\u00ed a prov\u00e1d\u011bn\u00ed opat\u0159en\u00ed k zaji\u0161t\u011bn\u00ed bezpe\u010dnosti a ochrany zdrav\u00ed p\u0159i pr\u00e1ci a poskytovat k tomu pot\u0159ebn\u00e9 prost\u0159edky, kontrolovat, zda jsou prov\u00e1d\u011bn\u00e1 opat\u0159en\u00ed k zaji\u0161t\u011bn\u00ed bezpe\u010dnosti a ochrany zdrav\u00ed p\u0159i pr\u00e1ci \u00fa\u010dinn\u00e1, v p\u0159\u00edpad\u011b pot\u0159eby na z\u00e1klad\u011b kontroly upravit opat\u0159en\u00ed k zaji\u0161t\u011bn\u00ed bezpe\u010dnosti a ochrany zdrav\u00ed p\u0159i pr\u00e1ci a pou\u010dit zam\u011bstnance o opat\u0159en\u00edch k zaji\u0161t\u011bn\u00ed bezpe\u010dnosti a ochrany zdrav\u00ed p\u0159i pr\u00e1ci.<\/p>\n<p>Zam\u011bstnanci maj\u00ed tzv. povinnost spolupracovat v oblasti bezpe\u010dnosti a ochrany zdrav\u00ed p\u0159i pr\u00e1ci: mus\u00ed db\u00e1t o sv\u00e9 zdrav\u00ed a bezpe\u010dnost na pracovi\u0161ti. Konkr\u00e9tn\u011b to znamen\u00e1: spr\u00e1vn\u011b obsluhovat stroje, dodr\u017eovat pokyny zam\u011bstnavatele t\u00fdkaj\u00edc\u00ed se bezpe\u010dnosti a ochrany zdrav\u00ed p\u0159i pr\u00e1ci, pou\u017e\u00edvat poskytnut\u00e9 ochrann\u00e9 od\u011bvy, neohro\u017eovat zdrav\u00ed koleg\u016f a neprodlen\u011b hl\u00e1sit zam\u011bstnavateli p\u0159\u00edpadn\u00e1 rizika na pracovi\u0161ti.<\/p>\n<p><strong>Upozorn\u011bn\u00ed:<\/strong><span>\u00a0<\/span>Zam\u011bstnavatel mus\u00ed n\u00e9st n\u00e1klady na opat\u0159en\u00ed v oblasti bezpe\u010dnosti a ochrany zdrav\u00ed p\u0159i pr\u00e1ci - nap\u0159\u00edklad na poskytov\u00e1n\u00ed ochrann\u00fdch pracovn\u00edch od\u011bv\u016f. Nen\u00ed dovoleno p\u0159en\u00e1\u0161et tyto n\u00e1klady na zam\u011bstnance.<\/p>\n<h2>Prove\u010fte hodnocen\u00ed rizik<\/h2>\n<p>\u00dast\u0159edn\u00ed sou\u010d\u00e1st\u00ed bezpe\u010dnosti a ochrany zdrav\u00ed p\u0159i pr\u00e1ci je hodnocen\u00ed rizik. P\u0159i n\u011bm zam\u011bstnavatel\u00e9 analyzuj\u00ed pracovi\u0161t\u011b ve firm\u011b a vyhodnocuj\u00ed potenci\u00e1ln\u00ed rizika, kter\u00e1 na nich existuj\u00ed. T\u00edm z\u00edsk\u00e1 informace o tom, kter\u00e9 rizikov\u00e9 faktory je t\u0159eba sn\u00ed\u017eit, kter\u00e9 nedostatky odstranit a jak\u00e1 ochrann\u00e1 opat\u0159en\u00ed zav\u00e9st.<\/p>\n<p>Je t\u0159eba rozli\u0161ovat t\u0159i druhy zdravotn\u00edch rizik: rizika souvisej\u00edc\u00ed s prac\u00ed (Jak\u00e1 specifick\u00e1 rizika existuj\u00ed v konkr\u00e9tn\u00ed pracovn\u00ed oblasti?), rizika souvisej\u00edc\u00ed s \u010dinnost\u00ed (Jak\u00e1 specifick\u00e1 rizika p\u0159in\u00e1\u0161\u00ed konkr\u00e9tn\u00ed \u010dinnost?) a osobn\u00ed rizika (Jak\u00e1 specifick\u00e1 rizika existuj\u00ed pro ur\u010dit\u00e9 osoby nebo skupiny osob, nap\u0159\u00edklad pro zam\u011bstnankyn\u011b v t\u011bhotenstv\u00ed?).<\/p>\n<h2>D\u016fle\u017eit\u00e9 zdravotn\u00ed a bezpe\u010dnostn\u00ed p\u0159edpisy<\/h2>\n<p>Krom\u011b z\u00e1kona o bezpe\u010dnosti a ochran\u011b zdrav\u00ed p\u0159i pr\u00e1ci existuj\u00ed i dal\u0161\u00ed p\u0159edpisy, kter\u00e9 jsou pro zam\u011bstnavatele d\u016fle\u017eit\u00e9 z hlediska bezpe\u010dnosti a ochrany zdrav\u00ed p\u0159i pr\u00e1ci. Pat\u0159\u00ed mezi n\u011b zejm\u00e9na na\u0159\u00edzen\u00ed o pracovi\u0161t\u00edch, technick\u00e1 pravidla pro pracovi\u0161t\u011b (ASR), z\u00e1kon o bezpe\u010dnosti pr\u00e1ce a z\u00e1kon o ochran\u011b pr\u00e1ce ml\u00e1de\u017ee.<\/p>\n<p>Na str\u00e1nk\u00e1ch<span>\u00a0<\/span><strong>Na\u0159\u00edzen\u00ed o pracovi\u0161ti<\/strong><span>\u00a0<\/span>konkretizuje ustanoven\u00ed z\u00e1kona o bezpe\u010dnosti a ochran\u011b zdrav\u00ed p\u0159i pr\u00e1ci a stanov\u00ed po\u017eadavky na n\u00e1sleduj\u00edc\u00ed t\u00e9mata: Ochrana p\u0159ed teplotou a teplem v m\u00edstnostech, ochrana p\u0159ed hlukem, uspo\u0159\u00e1d\u00e1n\u00ed pracovi\u0161\u0165, v\u011btr\u00e1n\u00ed opera\u010dn\u00edch s\u00e1l\u016f, odpo\u010d\u00edv\u00e1ren, pohotovostn\u00edch m\u00edstnost\u00ed a hygienick\u00fdch za\u0159\u00edzen\u00ed, staveni\u0161t\u011b, pracovi\u0161t\u011b s VDU, ochrana neku\u0159\u00e1k\u016f, \u00fanikov\u00e9 cesty a nouzov\u00e9 v\u00fdchody. Vyhl\u00e1\u0161ka o pracovi\u0161t\u00edch je konkretizov\u00e1na technick\u00fdmi p\u0159edpisy pro pracovi\u0161t\u011b (ASR).<\/p>\n<p>Na str\u00e1nk\u00e1ch<span>\u00a0<\/span><strong>Z\u00e1kon o bezpe\u010dnosti pr\u00e1ce<\/strong><span>\u00a0<\/span>upravuje, jak\u00fdm zp\u016fsobem mus\u00ed b\u00fdt v podniku nasazeni podnikov\u00ed l\u00e9ka\u0159i, bezpe\u010dnostn\u00ed technici a dal\u0161\u00ed odborn\u00edci na bezpe\u010dnost pr\u00e1ce. Dopl\u0148uje jej na\u0159\u00edzen\u00ed o prevenci \u00faraz\u016f \u201ePodnikov\u00ed l\u00e9ka\u0159i a specialist\u00e9 na bezpe\u010dnost pr\u00e1ce\", kter\u00e9 vyd\u00e1v\u00e1 n\u011bmeck\u00e1 \u00farazov\u00e1 poji\u0161\u0165ovna (DGUV).<\/p>\n<p>Spole\u010dnosti, kter\u00e9 zam\u011bstn\u00e1vaj\u00ed pracovn\u00edky nebo st\u00e1\u017eisty mlad\u0161\u00ed 18 let, mus\u00ed rovn\u011b\u017e dodr\u017eovat po\u017eadavky na<span>\u00a0<\/span><strong>Z\u00e1kon o ochran\u011b pr\u00e1ce mlad\u00fdch lid\u00ed<\/strong><span>\u00a0<\/span>a dodr\u017eovat pravidla v n\u011bm stanoven\u00e1.<\/p>\n<h2>Bezpe\u010dnost a ochrana zdrav\u00ed p\u0159i pr\u00e1ci p\u0159i vyu\u017e\u00edv\u00e1n\u00ed subdodavatel\u016f<\/h2>\n<p>Ka\u017ed\u00fd, kdo pracuje se subdodavateli nebo vyslan\u00fdmi kvalifikovan\u00fdmi pracovn\u00edky ze zahrani\u010d\u00ed, mus\u00ed v\u011bnovat zvl\u00e1\u0161tn\u00ed pozornost povinnostem v oblasti bezpe\u010dnosti a ochrany zdrav\u00ed. Na vlastn\u00edm staveni\u0161ti nebo ve vlastn\u00ed firm\u011b plat\u00ed n\u00e1sleduj\u00edc\u00ed: Objednatel je spoluodpov\u011bdn\u00fd za to, \u017ee i zam\u011bstnanci subdodavatele znaj\u00ed a dodr\u017euj\u00ed platn\u00e9 bezpe\u010dnostn\u00ed p\u0159edpisy. Jasn\u00e9 smluvn\u00ed p\u0159edpisy a pokyny na staveni\u0161ti jsou nezbytn\u00e9.<\/p>\n<p>V\u00edce informac\u00ed o pr\u00e1vn\u011b vyhovuj\u00edc\u00ed p\u0159\u00edprav\u011b smluv se subdodavateli si m\u016f\u017eete p\u0159e\u010d\u00edst v na\u0161em \u010dl\u00e1nku.<span>\u00a0<\/span><a href=\"https:\/\/global-business-recruiting.de\/cs\/znat\/smluvni-dolozky-se-subdodavateli\/\">Smlouva se subdodavatelem - d\u016fle\u017eit\u00e1 ustanoven\u00ed<\/a>.<\/p>\n<h2>\u010casto kladen\u00e9 ot\u00e1zky o bezpe\u010dnosti a ochran\u011b zdrav\u00ed p\u0159i pr\u00e1ci pro zam\u011bstnavatele<\/h2>\n<\/div><\/div><div class=\"w-separator size_small\"><\/div><div class=\"w-tabs style_default switch_click accordion type_togglable has_scrolling\" style=\"--sections-title-size:inherit\"><div class=\"w-tabs-sections titles-align_none icon_chevron cpos_right\"><div class=\"w-tabs-section\" id=\"m0ca\" itemscope itemprop=\"mainEntity\" itemtype=\"https:\/\/schema.org\/Question\"><button class=\"w-tabs-section-header\" aria-controls=\"content-m0ca\" aria-expanded=\"false\"><div class=\"w-tabs-section-title\" itemprop=\"name\">Jak\u00e9 jsou nejd\u016fle\u017eit\u011bj\u0161\u00ed povinnosti zam\u011bstnavatel\u016f v oblasti bezpe\u010dnosti a ochrany zdrav\u00ed p\u0159i pr\u00e1ci?<\/div><div class=\"w-tabs-section-control\"><\/div><\/button><div  class=\"w-tabs-section-content\" id=\"content-m0ca\" itemscope itemprop=\"acceptedAnswer\" itemtype=\"https:\/\/schema.org\/Answer\"><div class=\"w-tabs-section-content-h i-cf\" itemprop=\"text\"><div class=\"wpb_text_column\"><div class=\"wpb_wrapper\"><p>Zam\u011bstnavatel\u00e9 mus\u00ed organizovat opat\u0159en\u00ed v oblasti bezpe\u010dnosti a ochrany zdrav\u00ed p\u0159i pr\u00e1ci, pou\u010dit zam\u011bstnance, prov\u00e9st hodnocen\u00ed rizik, kontrolovat \u00fa\u010dinnost opat\u0159en\u00ed a v p\u0159\u00edpad\u011b pot\u0159eby je upravit. N\u00e1klady na tyto \u010dinnosti nesou sami - jejich p\u0159en\u00e1\u0161en\u00ed na zam\u011bstnance nen\u00ed p\u0159\u00edpustn\u00e9.<\/p>\n<\/div><\/div><\/div><\/div><\/div><div class=\"w-tabs-section\" id=\"d1a8\" itemscope itemprop=\"mainEntity\" itemtype=\"https:\/\/schema.org\/Question\"><button class=\"w-tabs-section-header\" aria-controls=\"content-d1a8\" aria-expanded=\"false\"><div class=\"w-tabs-section-title\" itemprop=\"name\">Co je to hodnocen\u00ed rizik a kdo ho mus\u00ed prov\u00e9st?<\/div><div class=\"w-tabs-section-control\"><\/div><\/button><div  class=\"w-tabs-section-content\" id=\"content-d1a8\" itemscope itemprop=\"acceptedAnswer\" itemtype=\"https:\/\/schema.org\/Answer\"><div class=\"w-tabs-section-content-h i-cf\" itemprop=\"text\"><div class=\"wpb_text_column\"><div class=\"wpb_wrapper\"><p>Hodnocen\u00ed rizik je z\u00e1konem vy\u017eadovan\u00e1 anal\u00fdza v\u0161ech pracovi\u0161\u0165 ve spole\u010dnosti. Zam\u011bstnavatel mus\u00ed ur\u010dit, jak\u00e1 rizika existuj\u00ed, a z toho odvodit ochrann\u00e1 opat\u0159en\u00ed. Mus\u00ed se pravideln\u011b opakovat a aktualizovat, pokud se zm\u011bn\u00ed pracovn\u00ed podm\u00ednky.<\/p>\n<\/div><\/div><\/div><\/div><\/div><div class=\"w-tabs-section\" id=\"z282\" itemscope itemprop=\"mainEntity\" itemtype=\"https:\/\/schema.org\/Question\"><button class=\"w-tabs-section-header\" aria-controls=\"content-z282\" aria-expanded=\"false\"><div class=\"w-tabs-section-title\" itemprop=\"name\">Jak\u00e9 p\u0159edpisy o bezpe\u010dnosti a ochran\u011b zdrav\u00ed p\u0159i pr\u00e1ci plat\u00ed v N\u011bmecku?<\/div><div class=\"w-tabs-section-control\"><\/div><\/button><div  class=\"w-tabs-section-content\" id=\"content-z282\" itemscope itemprop=\"acceptedAnswer\" itemtype=\"https:\/\/schema.org\/Answer\"><div class=\"w-tabs-section-content-h i-cf\" itemprop=\"text\"><div class=\"wpb_text_column\"><div class=\"wpb_wrapper\"><p>Nejd\u016fle\u017eit\u011bj\u0161\u00edmi p\u0159edpisy jsou z\u00e1kon o bezpe\u010dnosti a ochran\u011b zdrav\u00ed p\u0159i pr\u00e1ci, vyhl\u00e1\u0161ka o pracovi\u0161ti, technick\u00e1 pravidla pro pracovi\u0161t\u011b (ASR), z\u00e1kon o bezpe\u010dnosti pr\u00e1ce a z\u00e1kon o ochran\u011b pr\u00e1ce mlad\u00fdch lid\u00ed pro podniky s nezletil\u00fdmi zam\u011bstnanci.<\/p>\n<\/div><\/div><\/div><\/div><\/div><div class=\"w-tabs-section\" id=\"v369\" itemscope itemprop=\"mainEntity\" itemtype=\"https:\/\/schema.org\/Question\"><button class=\"w-tabs-section-header\" aria-controls=\"content-v369\" aria-expanded=\"false\"><div class=\"w-tabs-section-title\" itemprop=\"name\">Maj\u00ed zam\u011bstnanci tak\u00e9 povinnosti v oblasti bezpe\u010dnosti a ochrany zdrav\u00ed p\u0159i pr\u00e1ci?<\/div><div class=\"w-tabs-section-control\"><\/div><\/button><div  class=\"w-tabs-section-content\" id=\"content-v369\" itemscope itemprop=\"acceptedAnswer\" itemtype=\"https:\/\/schema.org\/Answer\"><div class=\"w-tabs-section-content-h i-cf\" itemprop=\"text\"><div class=\"wpb_text_column\"><div class=\"wpb_wrapper\"><p>Ano - zam\u011bstnanci maj\u00ed povinnost spolupracovat. Mus\u00ed pou\u017e\u00edvat ochrann\u00e9 pom\u016fcky, dodr\u017eovat bezpe\u010dnostn\u00ed pokyny, spr\u00e1vn\u011b obsluhovat stroje a okam\u017eit\u011b hl\u00e1sit nebezpe\u010d\u00ed. Za poskytnut\u00ed pot\u0159ebn\u00fdch ochrann\u00fdch pom\u016fcek v\u0161ak odpov\u00edd\u00e1 zam\u011bstnavatel.<\/p>\n<\/div><\/div><\/div><\/div><\/div><div class=\"w-tabs-section\" id=\"l430\" itemscope itemprop=\"mainEntity\" itemtype=\"https:\/\/schema.org\/Question\"><button class=\"w-tabs-section-header\" aria-controls=\"content-l430\" aria-expanded=\"false\"><div class=\"w-tabs-section-title\" itemprop=\"name\">Co je obzvl\u00e1\u0161t\u011b d\u016fle\u017eit\u00e9 pro bezpe\u010dnost a ochranu zdrav\u00ed p\u0159i pr\u00e1ci na staveni\u0161ti?<\/div><div class=\"w-tabs-section-control\"><\/div><\/button><div  class=\"w-tabs-section-content\" id=\"content-l430\" itemscope itemprop=\"acceptedAnswer\" itemtype=\"https:\/\/schema.org\/Answer\"><div class=\"w-tabs-section-content-h i-cf\" itemprop=\"text\"><div class=\"wpb_text_column\"><div class=\"wpb_wrapper\"><p>Na staveni\u0161t\u00edch jsou mimo jin\u00e9 povinn\u00e9 p\u0159ilby. Zam\u011bstnavatel mus\u00ed zajistit, aby v\u0161echny osoby pracuj\u00edc\u00ed na staveni\u0161ti - v\u010detn\u011b subdodavatel\u016f - znaly a dodr\u017eovaly bezpe\u010dnostn\u00ed p\u0159edpisy. Krom\u011b toho se na staveni\u0161t\u011b vztahuj\u00ed zvl\u00e1\u0161tn\u00ed p\u0159edpisy vyhl\u00e1\u0161ky o pracovi\u0161t\u00edch.<\/p>\n<\/div><\/div><\/div><\/div><\/div><\/div><\/div><\/div><\/div><\/div><\/div><\/section>","protected":false},"excerpt":{"rendered":"Zam\u011bstnavatel\u00e9 jsou spoluodpov\u011bdn\u00ed za minimalizaci rizika pracovn\u00edch \u00faraz\u016f a nemoc\u00ed z povol\u00e1n\u00ed. Nesta\u010d\u00ed jen reagovat, kdy\u017e se n\u011bco stane - podniky mus\u00ed p\u0159ijmout preventivn\u00ed opat\u0159en\u00ed a uplat\u0148ovat platn\u00e9 p\u0159edpisy o bezpe\u010dnosti a ochran\u011b zdrav\u00ed p\u0159i pr\u00e1ci. Pokud zam\u011bstnanci utrp\u00ed pracovn\u00ed \u00faraz nebo onemocn\u00ed v d\u016fsledku nedostate\u010dn\u00fdch opat\u0159en\u00ed v oblasti bezpe\u010dnosti a ochrany zdrav\u00ed p\u0159i pr\u00e1ci, je...","protected":false},"author":1,"featured_media":10533,"parent":9347,"menu_order":0,"comment_status":"closed","ping_status":"closed","template":"","meta":{"_acf_changed":false,"footnotes":""},"class_list":["post-9897","page","type-page","status-publish","has-post-thumbnail","hentry"],"acf":[],"_links":{"self":[{"href":"https:\/\/global-business-recruiting.de\/cs\/wp-json\/wp\/v2\/pages\/9897","targetHints":{"allow":["GET"]}}],"collection":[{"href":"https:\/\/global-business-recruiting.de\/cs\/wp-json\/wp\/v2\/pages"}],"about":[{"href":"https:\/\/global-business-recruiting.de\/cs\/wp-json\/wp\/v2\/types\/page"}],"author":[{"embeddable":true,"href":"https:\/\/global-business-recruiting.de\/cs\/wp-json\/wp\/v2\/users\/1"}],"replies":[{"embeddable":true,"href":"https:\/\/global-business-recruiting.de\/cs\/wp-json\/wp\/v2\/comments?post=9897"}],"version-history":[{"count":6,"href":"https:\/\/global-business-recruiting.de\/cs\/wp-json\/wp\/v2\/pages\/9897\/revisions"}],"predecessor-version":[{"id":11182,"href":"https:\/\/global-business-recruiting.de\/cs\/wp-json\/wp\/v2\/pages\/9897\/revisions\/11182"}],"up":[{"embeddable":true,"href":"https:\/\/global-business-recruiting.de\/cs\/wp-json\/wp\/v2\/pages\/9347"}],"wp:featuredmedia":[{"embeddable":true,"href":"https:\/\/global-business-recruiting.de\/cs\/wp-json\/wp\/v2\/media\/10533"}],"wp:attachment":[{"href":"https:\/\/global-business-recruiting.de\/cs\/wp-json\/wp\/v2\/media?parent=9897"}],"curies":[{"name":"wp","href":"https:\/\/api.w.org\/{rel}","templated":true}]}}