{"id":9917,"date":"2026-03-12T12:36:27","date_gmt":"2026-03-12T12:36:27","guid":{"rendered":"https:\/\/global-business-recruiting.de\/wissen\/personalleasing-osteuropa-grundlagen-vorteile-und-definition\/"},"modified":"2026-03-29T13:14:45","modified_gmt":"2026-03-29T13:14:45","slug":"personalni-agentura-mythen","status":"publish","type":"page","link":"https:\/\/global-business-recruiting.de\/cs\/wissen\/mythen-personalvermittlung\/","title":{"rendered":"6 vyvr\u00e1cen\u00fdch n\u00e1borov\u00fdch m\u00fdt\u016f - Co by m\u011bli zam\u011bstnanci v\u011bd\u011bt"},"content":{"rendered":"<section class=\"l-section wpb_row height_custom\"><div class=\"l-section-h i-cf\"><div class=\"g-cols vc_row via_grid cols_1 laptops-cols_inherit tablets-cols_inherit mobiles-cols_1 valign_top type_default stacking_default\"><div class=\"wpb_column vc_column_container\"><div class=\"vc_column-inner\"><div class=\"wpb_text_column\"><div class=\"wpb_wrapper\"><p>N\u00e1bor pracovn\u00edk\u016f je dnes sou\u010d\u00e1st\u00ed modern\u00edho trhu pr\u00e1ce. Mnoho zam\u011bstnanc\u016f, ale i zam\u011bstnavatel\u016f se p\u0159i hled\u00e1n\u00ed zam\u011bstnanc\u016f nebo pracovn\u00edho m\u00edsta rozhoduje vyu\u017e\u00edt slu\u017eeb person\u00e1ln\u00ed agentury. Person\u00e1ln\u00ed agentura funguje jako most: Pom\u00e1h\u00e1 ob\u011bma stran\u00e1m zajistit uspokojen\u00ed jejich pot\u0159eb.<\/p>\n<p>P\u0159esto\u017ee je to dnes b\u011b\u017en\u00e1 praxe, st\u00e1le existuje mnoho nedorozum\u011bn\u00ed a p\u0159edsudk\u016f - jak mezi zam\u011bstnanci, tak mezi zam\u011bstnavateli. Zde jsou jeden po druh\u00e9m vyvr\u00e1ceny nej\u010dast\u011bj\u0161\u00ed m\u00fdty.<\/p>\n<h2>M\u00fdtus 1: Person\u00e1ln\u00ed agentury pracuj\u00ed pouze v z\u00e1jmu firem<\/h2>\n<p>Tento m\u00fdtus p\u0159etrv\u00e1v\u00e1. Mnoho lid\u00ed se domn\u00edv\u00e1, \u017ee person\u00e1ln\u00ed agentury se staraj\u00ed pouze o z\u00e1jmy firem. Jedn\u00edm z d\u016fvod\u016f tohoto m\u00fdtu je, \u017ee person\u00e1ln\u00ed agentury jsou obvykle placeny firmami a pak se staraj\u00ed o vyhled\u00e1v\u00e1n\u00ed vhodn\u00fdch kandid\u00e1t\u016f na inzerovan\u00e9 pozice.<\/p>\n<p>C\u00edlem profesion\u00e1ln\u00ed person\u00e1ln\u00ed agentury je v\u0161ak naj\u00edt dlouhodobou shodu mezi zam\u011bstnancem a zam\u011bstnavatelem. Nejde jen o to, zda maj\u00ed uchaze\u010di odborn\u00e9 p\u0159edpoklady, ale tak\u00e9 o to, zda jejich kari\u00e9rn\u00ed c\u00edle a osobn\u00ed hodnoty odpov\u00eddaj\u00ed po\u017eadavk\u016fm na danou pozici a firemn\u00ed kultu\u0159e. Krom\u011b toho profesion\u00e1ln\u00ed person\u00e1ln\u00ed agentura poskytuje zam\u011bstnanc\u016fm tak\u00e9 komplexn\u00ed podporu - pomoc s reviz\u00ed \u017eivotopisu, p\u0159\u00edpravn\u00e9 rozhovory k pohovor\u016fm a dal\u0161\u00ed. Ze spolupr\u00e1ce tedy t\u011b\u017e\u00ed i zam\u011bstnanec.<\/p>\n<h2>M\u00fdtus 2: Person\u00e1ln\u00ed agentury vyu\u017e\u00edvaj\u00ed pouze zam\u011bstnanci se \u0161patn\u00fdmi vyhl\u00eddkami<\/h2>\n<p>P\u0159etrv\u00e1v\u00e1 p\u0159edsudek, \u017ee person\u00e1ln\u00ed agentury vyu\u017e\u00edvaj\u00ed pouze lid\u00e9, kte\u0159\u00ed maj\u00ed probl\u00e9m naj\u00edt si pr\u00e1ci sami. Lze p\u0159edpokl\u00e1dat, \u017ee lid\u00e9, kte\u0159\u00ed toto tvrzen\u00ed vyslovuj\u00ed, si nejsou v\u011bdomi \u0161irok\u00e9 \u0161k\u00e1ly slu\u017eeb, kter\u00e9 person\u00e1ln\u00ed agentury nab\u00edzej\u00ed.<\/p>\n<p>Person\u00e1ln\u00ed agentury pracuj\u00ed s uchaze\u010di v\u0161ech profesn\u00edch skupin a kvalifika\u010dn\u00edch \u00farovn\u00ed - od za\u010d\u00ednaj\u00edc\u00edch a\u017e po zku\u0161en\u00e9 mana\u017eery. Person\u00e1ln\u00ed agentury disponuj\u00ed \u0161irokou s\u00edt\u00ed r\u016fzn\u00fdch spole\u010dnost\u00ed a zam\u011bstnanc\u016f, kter\u00e9 mohou spojit. Zejm\u00e9na vysoce kvalifikovan\u00ed mana\u017ee\u0159i maj\u00ed mo\u017enost dostat se prost\u0159ednictv\u00edm person\u00e1ln\u00ed agentury k pracovn\u00edm m\u00edst\u016fm, kter\u00e1 nejsou ve\u0159ejn\u011b inzerov\u00e1na - k tzv. skryt\u00fdm pracovn\u00edm m\u00edst\u016fm. Mnoho spole\u010dnost\u00ed vyu\u017e\u00edv\u00e1 tuto exkluzivn\u00ed slu\u017ebu, aby se vyhnuly zahlcen\u00ed mno\u017estv\u00edm \u017e\u00e1dost\u00ed.<\/p>\n<h2>M\u00fdtus 3: Person\u00e1ln\u00ed agentury jsou drah\u00e9<\/h2>\n<p>Zam\u011bstnanc\u016fm \u010dasto br\u00e1n\u00ed ve spolupr\u00e1ci s person\u00e1ln\u00edmi agenturami neznalost. Ob\u00e1vaj\u00ed se, \u017ee tato slu\u017eba je spojena s vysok\u00fdmi n\u00e1klady.<\/p>\n<p>Na co mnoho lid\u00ed zapom\u00edn\u00e1: Person\u00e1ln\u00ed agentury jsou obvykle placeny firmou, kter\u00e1 hled\u00e1 zam\u011bstnance, nikoliv zam\u011bstnanci. Slu\u017eby person\u00e1ln\u00edch agentur jsou proto pro zam\u011bstnance bezplatn\u00e9. Ka\u017ed\u00fd zam\u011bstnanec se v\u0161ak m\u016f\u017ee u person\u00e1ln\u00ed agentury informovat, zda jsou s t\u00edm spojeny n\u011bjak\u00e9 n\u00e1klady. Seri\u00f3zn\u00ed person\u00e1ln\u00ed agentura poskytne transparentn\u00ed informace o n\u00e1kladech. Ve v\u011bt\u0161in\u011b p\u0159\u00edpad\u016f dost\u00e1v\u00e1 person\u00e1ln\u00ed agentura v p\u0159\u00edpad\u011b \u00fasp\u011b\u0161n\u00e9ho um\u00edst\u011bn\u00ed kandid\u00e1ta provizi - tu vypl\u00e1c\u00ed spole\u010dnost.<\/p>\n<h2>M\u00fdtus 4: Person\u00e1ln\u00ed agentury poskytuj\u00ed pouze do\u010dasnou pr\u00e1ci<\/h2>\n<p>V po\u010d\u00e1tc\u00edch n\u00e1boru bylo b\u011b\u017en\u00e9, \u017ee zam\u011bstnanci byli vys\u00edl\u00e1ni do agentur do\u010dasn\u00e9ho zam\u011bstn\u00e1v\u00e1n\u00ed. Mezit\u00edm se tyto oblasti odd\u011blily a existuje jasn\u00e9 rozli\u0161en\u00ed mezi person\u00e1ln\u00edmi agenturami a agenturami do\u010dasn\u00e9ho zam\u011bstn\u00e1v\u00e1n\u00ed.<\/p>\n<p>Oboj\u00ed nab\u00edz\u00ed i \u0159ada person\u00e1ln\u00edch agentur. Uchaze\u010d se v\u0161ak o tom m\u016f\u017ee p\u0159edem informovat a tak\u00e9 d\u00e1t souhlas s t\u00edm, zda chce b\u00fdt do firmy vysl\u00e1n na ur\u010ditou dobu - nebo zda chce vyu\u017e\u00edt slu\u017eby, kter\u00e1 mu zajist\u00ed nalezen\u00ed vhodn\u00e9 pozice.<\/p>\n<h2>M\u00fdtus 5: Zprost\u0159edkovatel\u00e9 neuspokojuj\u00ed individu\u00e1ln\u00ed pot\u0159eby<\/h2>\n<p>\u010casto se tvrd\u00ed, \u017ee person\u00e1ln\u00ed agentury dostate\u010dn\u011b nereaguj\u00ed na individu\u00e1ln\u00ed pot\u0159eby a p\u0159\u00e1n\u00ed uchaze\u010d\u016f. To se samoz\u0159ejm\u011b v jednotliv\u00fdch p\u0159\u00edpadech m\u016f\u017ee st\u00e1t, ale z\u00e1le\u017e\u00ed tak\u00e9 na komunikaci mezi zam\u011bstnancem a agenturou.<\/p>\n<p>Naopak, person\u00e1ln\u00ed agentura m\u00e1 velk\u00fd z\u00e1jem na tom, aby pochopila p\u0159\u00e1n\u00ed a c\u00edle sv\u00fdch kandid\u00e1t\u016f. \u010c\u00edm l\u00e9pe jim porozum\u00ed, t\u00edm l\u00e9pe m\u016f\u017ee um\u00edstit voln\u00e1 pracovn\u00ed m\u00edsta k zam\u011bstnanc\u016fm. C\u00edlem person\u00e1ln\u00ed agentury je naj\u00edt dlouhodob\u00e9 zam\u011bstn\u00e1n\u00ed. Proto je d\u016fle\u017eit\u00e9, aby zam\u011bstnanci s person\u00e1ln\u00ed agenturou komunikovali otev\u0159en\u011b a up\u0159\u00edmn\u011b - kari\u00e9rn\u00ed c\u00edle a o\u010dek\u00e1v\u00e1n\u00ed od nov\u00e9 pozice jsou samoz\u0159ejm\u011b br\u00e1ny v potaz.<\/p>\n<h2>M\u00fdtus 6: Person\u00e1ln\u00ed agentury jsou pouze zprost\u0159edkovatel\u00e9 a nenab\u00edzej\u00ed \u017e\u00e1dnou skute\u010dnou podporu<\/h2>\n<p>\u010casto se traduje, \u017ee person\u00e1ln\u00ed agentury se zab\u00fdvaj\u00ed pouze propojov\u00e1n\u00edm firem a uchaze\u010d\u016f. To je zastaral\u00e1 p\u0159edstava, kter\u00e1 v modern\u00edm sv\u011bt\u011b pr\u00e1ce ji\u017e neodpov\u00edd\u00e1 realit\u011b.<\/p>\n<p>Profesion\u00e1ln\u00ed person\u00e1ln\u00ed agentury maj\u00ed rozs\u00e1hl\u00e9 portfolio slu\u017eeb, kter\u00e9 zdaleka p\u0159esahuj\u00ed pouh\u00e9 zprost\u0159edkov\u00e1n\u00ed zam\u011bstn\u00e1n\u00ed: Pro ji\u017e um\u00edst\u011bn\u00e9 zam\u011bstnance nab\u00edz\u00ed podporu p\u0159i p\u0159\u00edprav\u011b profesion\u00e1ln\u00edch podklad\u016f pro \u017e\u00e1dost o zam\u011bstn\u00e1n\u00ed, cenn\u00e9 rady pro pracovn\u00ed pohovory i tipy pro vyjedn\u00e1v\u00e1n\u00ed o platu. Dobr\u00e1 person\u00e1ln\u00ed agentura m\u00e1 tak\u00e9 rozs\u00e1hl\u00e9 znalosti o trhu pr\u00e1ce a m\u016f\u017ee sv\u00fdm kandid\u00e1t\u016fm poskytnout cenn\u00e9 informace o trendech v oboru a platov\u00fdch struktur\u00e1ch.<\/p>\n<h2>Jak\u00e9 jsou v\u00fdhody spolupr\u00e1ce s person\u00e1ln\u00ed agenturou?<\/h2>\n<p>Jednou z nejv\u011bt\u0161\u00edch v\u00fdhod je s\u00ed\u0165: person\u00e1ln\u00ed agentura m\u00e1 kontakty na spole\u010dnosti a osoby s rozhodovac\u00ed pravomoc\u00ed v r\u016fzn\u00fdch odv\u011btv\u00edch a spole\u010dnostech r\u016fzn\u00fdch velikost\u00ed - v\u010detn\u011b mnoha pracovn\u00edch m\u00edst, kter\u00e1 nejsou ve\u0159ejn\u011b inzerov\u00e1na. Pro zam\u011bstnance to znamen\u00e1 p\u0159\u00edstup k exkluzivn\u00edm pracovn\u00edm nab\u00eddk\u00e1m, kter\u00e9 by b\u011b\u017en\u011b nena\u0161li.<\/p>\n<p>Person\u00e1ln\u00ed agentura tak\u00e9 \u0161et\u0159\u00ed \u010das: vyhled\u00e1v\u00e1 vhodn\u00e1 voln\u00e1 m\u00edsta a pom\u00e1h\u00e1 uchaze\u010d\u016fm c\u00edlen\u011b pod\u00e1vat \u017e\u00e1dosti. Agentura p\u0159edem definuje kari\u00e9rn\u00ed c\u00edle, vyhled\u00e1v\u00e1 vhodn\u00e1 pracovn\u00ed m\u00edsta a pom\u00e1h\u00e1 sestavit profesion\u00e1ln\u00ed portfolio \u017e\u00e1dost\u00ed - v\u010detn\u011b profesion\u00e1ln\u00edho \u017eivotopisu s vyu\u017eit\u00edm sou\u010dasn\u00fdch metod. Odborn\u00edk na n\u00e1bor tak\u00e9 pom\u00e1h\u00e1 kandid\u00e1t\u016fm nejen naj\u00edt jejich p\u0159\u00ed\u0161t\u00ed zam\u011bstn\u00e1n\u00ed, ale m\u016f\u017ee tak\u00e9 strategicky zam\u011b\u0159it person\u00e1ln\u00ed agenturu na vyhled\u00e1v\u00e1n\u00ed vhodn\u00fdch pracovn\u00edch m\u00edst a nab\u00eddek, kter\u00e9 \u00fasp\u011b\u0161n\u011b reprezentuj\u00ed kari\u00e9rn\u00ed c\u00edle kandid\u00e1ta.<\/p>\n<p>V\u00edce informac\u00ed o um\u00eds\u0165ov\u00e1n\u00ed kvalifikovan\u00fdch pracovn\u00edk\u016f ze zahrani\u010d\u00ed najdete v na\u0161em \u010dl\u00e1nku.<span>\u00a0<\/span><a href=\"https:\/\/global-business-recruiting.de\/cs\/znat\/personalni-agentura-pro-zahranicni-odborniky\/\">N\u00e1bor zahrani\u010dn\u00edch odborn\u00edk\u016f<\/a>.<\/p>\n<h2>\u010casto kladen\u00e9 ot\u00e1zky t\u00fdkaj\u00edc\u00ed se n\u00e1boru<\/h2>\n<\/div><\/div><div class=\"w-separator size_small\"><\/div><div class=\"w-tabs style_default switch_click accordion type_togglable has_scrolling\" style=\"--sections-title-size:inherit\"><div class=\"w-tabs-sections titles-align_none icon_chevron cpos_right\"><div class=\"w-tabs-section\" id=\"t494\" itemscope itemprop=\"mainEntity\" itemtype=\"https:\/\/schema.org\/Question\"><button class=\"w-tabs-section-header\" aria-controls=\"content-t494\" aria-expanded=\"false\"><div class=\"w-tabs-section-title\" itemprop=\"name\">Stoj\u00ed person\u00e1ln\u00ed agentura zam\u011bstnance n\u011bco?<\/div><div class=\"w-tabs-section-control\"><\/div><\/button><div  class=\"w-tabs-section-content\" id=\"content-t494\" itemscope itemprop=\"acceptedAnswer\" itemtype=\"https:\/\/schema.org\/Answer\"><div class=\"w-tabs-section-content-h i-cf\" itemprop=\"text\"><div class=\"wpb_text_column\"><div class=\"wpb_wrapper\"><p>Obvykle ne. Person\u00e1ln\u00ed agenturu plat\u00ed spole\u010dnost, kter\u00e1 hled\u00e1 kandid\u00e1ta, nikoliv zam\u011bstnanec. Vyu\u017eit\u00ed slu\u017eby je proto pro uchaze\u010de obvykle bezplatn\u00e9. Seri\u00f3zn\u00ed person\u00e1ln\u00ed agentura poskytne transparentn\u00ed informace, pokud v konkr\u00e9tn\u00edm p\u0159\u00edpad\u011b vzniknou n\u00e1klady.<\/p>\n<\/div><\/div><\/div><\/div><\/div><div class=\"w-tabs-section\" id=\"s58e\" itemscope itemprop=\"mainEntity\" itemtype=\"https:\/\/schema.org\/Question\"><button class=\"w-tabs-section-header\" aria-controls=\"content-s58e\" aria-expanded=\"false\"><div class=\"w-tabs-section-title\" itemprop=\"name\">Pro koho je spolupr\u00e1ce s person\u00e1ln\u00ed agenturou v\u00fdhodn\u00e1?<\/div><div class=\"w-tabs-section-control\"><\/div><\/button><div  class=\"w-tabs-section-content\" id=\"content-s58e\" itemscope itemprop=\"acceptedAnswer\" itemtype=\"https:\/\/schema.org\/Answer\"><div class=\"w-tabs-section-content-h i-cf\" itemprop=\"text\"><div class=\"wpb_text_column\"><div class=\"wpb_wrapper\"><p>T\u00e9m\u011b\u0159 pro ka\u017ed\u00e9ho - od za\u010d\u00ednaj\u00edc\u00edch profesion\u00e1l\u016f a\u017e po zku\u0161en\u00e9 odborn\u00edky a mana\u017eery. Person\u00e1ln\u00ed agentury pracuj\u00ed ve v\u0161ech odv\u011btv\u00edch a maj\u00ed p\u0159\u00edstup k pracovn\u00edm m\u00edst\u016fm, kter\u00e1 nejsou ve\u0159ejn\u011b inzerov\u00e1na. Vyplat\u00ed se zejm\u00e9na v\u0161em, kte\u0159\u00ed cht\u011bj\u00ed u\u0161et\u0159it \u010das a vyu\u017e\u00edt profesion\u00e1ln\u00ed podpory p\u0159i procesu pod\u00e1v\u00e1n\u00ed \u017e\u00e1dost\u00ed.<\/p>\n<\/div><\/div><\/div><\/div><\/div><div class=\"w-tabs-section\" id=\"r6a7\" itemscope itemprop=\"mainEntity\" itemtype=\"https:\/\/schema.org\/Question\"><button class=\"w-tabs-section-header\" aria-controls=\"content-r6a7\" aria-expanded=\"false\"><div class=\"w-tabs-section-title\" itemprop=\"name\">Poskytuj\u00ed person\u00e1ln\u00ed agentury pouze do\u010dasn\u00e1 pracovn\u00ed m\u00edsta?<\/div><div class=\"w-tabs-section-control\"><\/div><\/button><div  class=\"w-tabs-section-content\" id=\"content-r6a7\" itemscope itemprop=\"acceptedAnswer\" itemtype=\"https:\/\/schema.org\/Answer\"><div class=\"w-tabs-section-content-h i-cf\" itemprop=\"text\"><div class=\"wpb_text_column\"><div class=\"wpb_wrapper\"><p>Ne. Mnoho agentur nab\u00edz\u00ed jak do\u010dasnou pr\u00e1ci, tak p\u0159\u00edm\u00e9 um\u00edst\u011bn\u00ed na st\u00e1l\u00e9 pozice. Kandid\u00e1t se s\u00e1m rozhodne, kterou slu\u017ebu chce vyu\u017e\u00edt. N\u00e1bor a do\u010dasn\u00e1 pr\u00e1ce jsou dnes jednozna\u010dn\u011b odd\u011blen\u00e9 oblasti.<\/p>\n<\/div><\/div><\/div><\/div><\/div><div class=\"w-tabs-section\" id=\"q781\" itemscope itemprop=\"mainEntity\" itemtype=\"https:\/\/schema.org\/Question\"><button class=\"w-tabs-section-header\" aria-controls=\"content-q781\" aria-expanded=\"false\"><div class=\"w-tabs-section-title\" itemprop=\"name\">Jak se li\u0161\u00ed person\u00e1ln\u00ed agentura od agentury pr\u00e1ce?<\/div><div class=\"w-tabs-section-control\"><\/div><\/button><div  class=\"w-tabs-section-content\" id=\"content-q781\" itemscope itemprop=\"acceptedAnswer\" itemtype=\"https:\/\/schema.org\/Answer\"><div class=\"w-tabs-section-content-h i-cf\" itemprop=\"text\"><div class=\"wpb_text_column\"><div class=\"wpb_wrapper\"><p>Person\u00e1ln\u00ed agentura zprost\u0159edkov\u00e1v\u00e1 zam\u011bstnance a zam\u011bstnavatele na trval\u00fd pracovn\u00ed pom\u011br - obvykle na dobu neur\u010ditou. Agentura do\u010dasn\u00e9ho zam\u011bstn\u00e1v\u00e1n\u00ed naproti tomu do\u010dasn\u011b zap\u016fj\u010duje zam\u011bstnance firm\u00e1m, ale form\u00e1ln\u011b z\u016fst\u00e1v\u00e1 zam\u011bstnavatelem. Mnoho agentur dnes nab\u00edz\u00ed oboj\u00ed.<\/p>\n<\/div><\/div><\/div><\/div><\/div><div class=\"w-tabs-section\" id=\"u86a\" itemscope itemprop=\"mainEntity\" itemtype=\"https:\/\/schema.org\/Question\"><button class=\"w-tabs-section-header\" aria-controls=\"content-u86a\" aria-expanded=\"false\"><div class=\"w-tabs-section-title\" itemprop=\"name\">Jak funguje spolupr\u00e1ce s person\u00e1ln\u00ed agenturou?<\/div><div class=\"w-tabs-section-control\"><\/div><\/button><div  class=\"w-tabs-section-content\" id=\"content-u86a\" itemscope itemprop=\"acceptedAnswer\" itemtype=\"https:\/\/schema.org\/Answer\"><div class=\"w-tabs-section-content-h i-cf\" itemprop=\"text\"><div class=\"wpb_text_column\"><div class=\"wpb_wrapper\"><p>Prvn\u00edm krokem je sch\u016fzka, na kter\u00e9 probereme va\u0161e p\u0159\u00e1n\u00ed a kari\u00e9rn\u00ed c\u00edle. N\u00e1sledn\u011b person\u00e1ln\u00ed agentura strategicky vyhled\u00e1 vhodn\u00e9 pozice, poskytne podporu s portfoliem \u017e\u00e1dost\u00ed a p\u0159iprav\u00ed pohovory. C\u00edlem je dlouhodob\u00e9 a vhodn\u00e9 um\u00edst\u011bn\u00ed - ne jen tak ledajak\u00e9 zam\u011bstn\u00e1n\u00ed.<\/p>\n<\/div><\/div><\/div><\/div><\/div><\/div><\/div><\/div><\/div><\/div><\/div><\/section>","protected":false},"excerpt":{"rendered":"Mittlerweile geh\u00f6rt die Personalvermittlung zum modernen Arbeitsmarkt. Viele Arbeitnehmer, aber auch Arbeitgeber entscheiden sich daf\u00fcr, einen Personaldienstleister bei der Personalsuche oder Jobsuche zu nehmen. Die Personalvermittlungsagentur hat dabei die Funktion einer Br\u00fccke: Sie hilft beiden Seiten, dass ihre jeweiligen Bed\u00fcrfnisse erf\u00fcllt werden. Obwohl es in der Praxis mittlerweile gang und g\u00e4be ist, gibt es immer...","protected":false},"author":1,"featured_media":11159,"parent":9347,"menu_order":0,"comment_status":"closed","ping_status":"closed","template":"","meta":{"_acf_changed":false,"footnotes":""},"class_list":["post-9917","page","type-page","status-publish","has-post-thumbnail","hentry"],"acf":[],"_links":{"self":[{"href":"https:\/\/global-business-recruiting.de\/cs\/wp-json\/wp\/v2\/pages\/9917","targetHints":{"allow":["GET"]}}],"collection":[{"href":"https:\/\/global-business-recruiting.de\/cs\/wp-json\/wp\/v2\/pages"}],"about":[{"href":"https:\/\/global-business-recruiting.de\/cs\/wp-json\/wp\/v2\/types\/page"}],"author":[{"embeddable":true,"href":"https:\/\/global-business-recruiting.de\/cs\/wp-json\/wp\/v2\/users\/1"}],"replies":[{"embeddable":true,"href":"https:\/\/global-business-recruiting.de\/cs\/wp-json\/wp\/v2\/comments?post=9917"}],"version-history":[{"count":6,"href":"https:\/\/global-business-recruiting.de\/cs\/wp-json\/wp\/v2\/pages\/9917\/revisions"}],"predecessor-version":[{"id":11180,"href":"https:\/\/global-business-recruiting.de\/cs\/wp-json\/wp\/v2\/pages\/9917\/revisions\/11180"}],"up":[{"embeddable":true,"href":"https:\/\/global-business-recruiting.de\/cs\/wp-json\/wp\/v2\/pages\/9347"}],"wp:featuredmedia":[{"embeddable":true,"href":"https:\/\/global-business-recruiting.de\/cs\/wp-json\/wp\/v2\/media\/11159"}],"wp:attachment":[{"href":"https:\/\/global-business-recruiting.de\/cs\/wp-json\/wp\/v2\/media?parent=9917"}],"curies":[{"name":"wp","href":"https:\/\/api.w.org\/{rel}","templated":true}]}}