{"id":9921,"date":"2026-03-12T12:38:45","date_gmt":"2026-03-12T12:38:45","guid":{"rendered":"https:\/\/global-business-recruiting.de\/wissen\/6-mythen-der-personalvermittlung-entlarvt-was-arbeitnehmer-wissen-sollten\/"},"modified":"2026-03-29T13:15:28","modified_gmt":"2026-03-29T13:15:28","slug":"prehled-nemeckych-lodenic","status":"publish","type":"page","link":"https:\/\/global-business-recruiting.de\/cs\/wissen\/deutsche-werften-uebersicht\/","title":{"rendered":"N\u011bmeck\u00e9 lod\u011bnice a jejich specializace: P\u00e1te\u0159 n\u011bmeck\u00e9ho lo\u010fa\u0159stv\u00ed"},"content":{"rendered":"<section class=\"l-section wpb_row height_custom\"><div class=\"l-section-h i-cf\"><div class=\"g-cols vc_row via_grid cols_1 laptops-cols_inherit tablets-cols_inherit mobiles-cols_1 valign_top type_default stacking_default\"><div class=\"wpb_column vc_column_container\"><div class=\"vc_column-inner\"><div class=\"wpb_text_column\"><div class=\"wpb_wrapper\"><p>N\u011bmeck\u00e9 lodn\u00ed stavitelstv\u00ed se t\u011b\u0161\u00ed vynikaj\u00edc\u00ed pov\u011bsti po cel\u00e9m sv\u011bt\u011b. Zejm\u00e9na n\u011bmeck\u00e9 lod\u011bnice se vyzna\u010duj\u00ed preciznost\u00ed, technologickou dokonalost\u00ed a specializac\u00ed na n\u00e1ro\u010dn\u00e9 typy lod\u00ed. A\u0165 u\u017e se jedn\u00e1 o vojensk\u00e9 lod\u011b, v\u00fdzkumn\u00e1 plavidla, specializovan\u00e1 vozidla nebo luxusn\u00ed jachty - N\u011bmecko pat\u0159\u00ed k p\u0159edn\u00edm zem\u00edm v oblasti stavby lod\u00ed vysok\u00e9 kvality. V tomto \u010dl\u00e1nku se podrobn\u011b pod\u00edv\u00e1me na nejzn\u00e1m\u011bj\u0161\u00ed n\u011bmeck\u00e9 lod\u011bnice a uk\u00e1\u017eeme, \u010d\u00edm vynikaj\u00ed v mezin\u00e1rodn\u00edm m\u011b\u0159\u00edtku.<\/p>\n<h2>TKMS - N\u011bmeck\u00e9 lod\u011bnice pro stavbu vojensk\u00fdch lod\u00ed<\/h2>\n<p>Thyssenkrupp Marine Systems (TKMS) je jednou z nejv\u00fdznamn\u011bj\u0161\u00edch n\u011bmeck\u00fdch lod\u011bnic v oblasti stavby vojensk\u00fdch lod\u00ed. Spole\u010dnost vyv\u00edj\u00ed a stav\u00ed nejmodern\u011bj\u0161\u00ed ponorky a hladinov\u00e1 plavidla pro mezin\u00e1rodn\u00ed n\u00e1mo\u0159nictva a n\u011bmeck\u00e9 ozbrojen\u00e9 s\u00edly.<\/p>\n<p>Nejv\u011bt\u0161\u00ed probl\u00e9m p\u0159i stavb\u011b vojensk\u00fdch lod\u00ed spo\u010d\u00edv\u00e1 ve vyva\u017eov\u00e1n\u00ed protich\u016fdn\u00fdch po\u017eadavk\u016f: Lod\u011b by m\u011bly b\u00fdt co nejkompaktn\u011bj\u0161\u00ed, obt\u00ed\u017en\u011b lokalizovateln\u00e9 a n\u00e1kladov\u011b efektivn\u00ed, ale z\u00e1rove\u0148 by m\u011bly m\u00edt dlouh\u00fd dojezd, silnou v\u00fdzbroj, modern\u00ed senzorovou techniku a vysokou bojovou odolnost. Pr\u00e1v\u011b tuto rovnov\u00e1hu zvl\u00e1d\u00e1 TKMS na nejvy\u0161\u0161\u00ed \u00farovni.<\/p>\n<p>Zvl\u00e1\u0161tn\u00ed pozornost je v\u011bnov\u00e1na konven\u010dn\u00edm ponork\u00e1m bez jadern\u00e9ho pohonu a v\u00edce\u00fa\u010delov\u00fdm hladinov\u00fdm plavidl\u016fm, kter\u00e1 mohou operovat ve vzduchu, ve vod\u011b i pod vodou. Krom\u011b samotn\u00fdch lod\u00ed dod\u00e1v\u00e1 TKMS kompletn\u00ed syst\u00e9my - od zbra\u0148ov\u00fdch a velitelsk\u00fdch syst\u00e9m\u016f a\u017e po obrann\u00e9 syst\u00e9my, \u00fadr\u017ebu, modernizaci a p\u0159estavbu v pr\u016fb\u011bhu cel\u00e9ho \u017eivotn\u00edho cyklu.<\/p>\n<h2>Fassmer Werft - rodinn\u00fd podnik s celosv\u011btovou p\u016fsobnost\u00ed<\/h2>\n<p>Fassmer Werft je jednou z nejtradi\u010dn\u011bj\u0161\u00edch n\u011bmeck\u00fdch lod\u011bnic. Tato rodinn\u00e1 spole\u010dnost byla zalo\u017eena v roce 1850, nyn\u00ed p\u016fsob\u00ed na mezin\u00e1rodn\u00ed \u00farovni a je zn\u00e1m\u00e1 svou inovativn\u00ed silou. Spole\u010dnost Fassmer se specializuje na stavbu speci\u00e1ln\u00edch lod\u00ed, v\u010detn\u011b v\u00fdzkumn\u00fdch a expedi\u010dn\u00edch lod\u00ed, trajekt\u016f a plavidel na voln\u00e9m mo\u0159i, pr\u016fzkumn\u00fdch jachet a tak\u00e9 z\u00e1chrann\u00fdch, pracovn\u00edch a z\u00e1sobovac\u00edch lod\u00ed.<\/p>\n<p>Spole\u010dnost vyr\u00e1b\u00ed tak\u00e9 komponenty pro v\u011btrn\u00e9 turb\u00edny a automobilov\u00fd pr\u016fmysl. Spole\u010dnost Fassmer zam\u011bstn\u00e1v\u00e1 v\u00edce ne\u017e 1 500 zam\u011bstnanc\u016f a m\u00e1 v\u00fdrobn\u00ed z\u00e1vody v N\u011bmecku, \u010c\u00edn\u011b, Polsku a USA a investuje velk\u00e9 prost\u0159edky do v\u00fdzkumu a v\u00fdvoje. Kombinace v\u00fdroby lod\u00ed, technologie v\u00fdroby vl\u00e1ken, stroj\u00edrenstv\u00ed a v\u011btrn\u00e9 energetiky vytv\u00e1\u0159\u00ed siln\u00e9 synergick\u00e9 efekty.<\/p>\n<h2>Lod\u011bnice v Kielu - historick\u00e9 centrum n\u011bmeck\u00e9ho lo\u010fa\u0159stv\u00ed<\/h2>\n<p>Lod\u011bnice v Kielu je \u00fazce spjata s histori\u00ed n\u011bmeck\u00e9ho lo\u010fa\u0159stv\u00ed. Jej\u00ed historie sah\u00e1 a\u017e k Howaldtswerke-Deutsche Werft (HDW) a Kaiserliche Werft Kiel - ob\u011bma kl\u00ed\u010dov\u00fdm hr\u00e1\u010d\u016fm na poli stavby vojensk\u00fdch lod\u00ed v N\u011bmeck\u00e9m c\u00edsa\u0159stv\u00ed.<\/p>\n<p>Dnes je z\u00e1vod v Kielu-Gaardenu sou\u010d\u00e1st\u00ed spole\u010dnosti TKMS a je jedn\u00edm z nejd\u016fle\u017eit\u011bj\u0161\u00edch m\u00edst pro stavbu n\u00e1mo\u0159n\u00edch plavidel a ponorek v Evrop\u011b. D\u00edky des\u00edtk\u00e1m let zku\u0161enost\u00ed a pr\u016fmyslov\u00e9 infrastruktu\u0159e je Kiel strategick\u00fdm centrem pro stavbu n\u011bmeck\u00fdch n\u00e1mo\u0159n\u00edch lod\u00ed.<\/p>\n<h2>Dal\u0161\u00ed v\u00fdznamn\u00e9 n\u011bmeck\u00e9 lod\u011bnice a jejich specializace<\/h2>\n<p>Vedle velk\u00fdch jmen formuj\u00ed trh \u010detn\u00e9 st\u0159edn\u011b velk\u00e9 n\u011bmeck\u00e9 lod\u011bnice d\u00edky extr\u00e9mn\u00ed specializaci:<\/p>\n<p><strong>Blohm + Voss (Hamburk)<\/strong><span>\u00a0<\/span>je zn\u00e1m\u00e1 opravami, p\u0159estavbami a novostavbami v\u00fdletn\u00edch lod\u00ed, luxusn\u00edch linkov\u00fdch lod\u00ed, n\u00e1mo\u0159n\u00edch plavidel a v\u00fdzkumn\u00fdch lod\u00ed.<\/p>\n<p><strong>N\u011bmeck\u00e9 n\u00e1mo\u0159n\u00ed lod\u011bnice (Kiel\/Wilhelmshaven)<\/strong><span>\u00a0<\/span>zam\u011b\u0159uje se na korvety, fregaty a z\u00e1sobovac\u00ed lod\u011b pro n\u00e1mo\u0159nictvo a na stavbu trup\u016f a vybaven\u00ed.<\/p>\n<p><strong>Abeking &amp; Rasmussen (Lemwerder)<\/strong><span>\u00a0<\/span>se specializuje na superjachty, v\u00fdzkumn\u00e1 a expedi\u010dn\u00ed plavidla v\u010detn\u011b vysoce kvalitn\u00edho vybaven\u00ed interi\u00e9ru.<\/p>\n<p><strong>Lod\u011bnice Bardowick (L\u00fcbeck\/Rostock)<\/strong><span>\u00a0<\/span>stav\u00ed ledoborce, remork\u00e9ry, z\u00e1chrann\u00e1 plavidla a pomocn\u00e1 plavidla na mo\u0159i.<\/p>\n<p><strong>Lod\u011bnice Hitzler (Lauenburg)<\/strong><span>\u00a0<\/span>se zam\u011b\u0159uje na osobn\u00ed lod\u011b, trajekty a plavidla vnitrozemsk\u00e9 plavby, jako\u017e i na opravy a speci\u00e1ln\u00ed p\u0159estavby.<\/p>\n<p>V\u011bt\u0161ina n\u011bmeck\u00fdch lod\u011bnic zam\u011bstn\u00e1v\u00e1 50 a\u017e 1 000 lid\u00ed a ro\u010dn\u011b vyrob\u00ed mal\u00fd po\u010det technicky velmi slo\u017eit\u00fdch lod\u00ed. D\u016fraz je jednozna\u010dn\u011b kladen sp\u00ed\u0161e na kvalitu ne\u017e na masovou v\u00fdrobu.<\/p>\n<h2>Pro\u010d jsou n\u011bmeck\u00e9 lod\u011bnice mezin\u00e1rodn\u00edmi l\u00eddry<\/h2>\n<p>Aby odolaly glob\u00e1ln\u00edmu konkuren\u010dn\u00edmu tlaku, staly se n\u011bmeck\u00e9 lod\u011bnice vysoce specializovan\u00fdmi. Nam\u00edsto masov\u00e9 v\u00fdroby se zam\u011b\u0159uj\u00ed na technologick\u00e9 prvenstv\u00ed, \u0159e\u0161en\u00ed na m\u00edru, vysok\u00e9 bezpe\u010dnostn\u00ed a kvalitativn\u00ed standardy a des\u00edtky let zku\u0161enost\u00ed. D\u00edky t\u00e9to strategii je n\u011bmeck\u00e1 lodn\u00ed v\u00fdroba obzvl\u00e1\u0161t\u011b atraktivn\u00ed pro mezin\u00e1rodn\u00ed klienty s vysok\u00fdmi n\u00e1roky.<\/p>\n<p>V prost\u0159ed\u00ed n\u011bmeck\u00fdch lod\u011bnic se m\u00eds\u00ed celosv\u011btov\u011b uzn\u00e1van\u00e9 skupiny s vysoce specializovan\u00fdmi rodinn\u00fdmi podniky. Jejich dlouh\u00e1 tradice spolu s inova\u010dn\u00ed silou a technickou dokonalost\u00ed zaji\u0161\u0165uj\u00ed, \u017ee n\u011bmeck\u00e9 lo\u010fa\u0159stv\u00ed bude m\u00edt i v budoucnu silnou pozici v mezin\u00e1rodn\u00ed konkurenci.<\/p>\n<p>P\u0159ehled dal\u0161\u00edch zn\u00e1m\u00fdch lod\u011bnic - v\u010detn\u011b Meyer Werft a L\u00fcrssen - najdete v na\u0161em \u010dl\u00e1nku.<span>\u00a0<\/span><a href=\"https:\/\/global-business-recruiting.de\/cs\/znat\/nemecke-lodenice\/\">N\u011bmeck\u00e9 lo\u010fa\u0159stv\u00ed - typick\u00e9 lod\u011bnice<\/a>.<\/p>\n<h2>\u010casto kladen\u00e9 ot\u00e1zky o n\u011bmeck\u00fdch lod\u011bnic\u00edch<\/h2>\n<\/div><\/div><div class=\"w-separator size_small\"><\/div><div class=\"w-tabs style_default switch_click accordion type_togglable has_scrolling\" style=\"--sections-title-size:inherit\"><div class=\"w-tabs-sections titles-align_none icon_chevron cpos_right\"><div class=\"w-tabs-section\" id=\"hf1e\" itemscope itemprop=\"mainEntity\" itemtype=\"https:\/\/schema.org\/Question\"><button class=\"w-tabs-section-header\" aria-controls=\"content-hf1e\" aria-expanded=\"false\"><div class=\"w-tabs-section-title\" itemprop=\"name\">Kter\u00e9 n\u011bmeck\u00e9 lod\u011bnice jsou obzvl\u00e1\u0161t\u011b zn\u00e1m\u00e9?<\/div><div class=\"w-tabs-section-control\"><\/div><\/button><div  class=\"w-tabs-section-content\" id=\"content-hf1e\" itemscope itemprop=\"acceptedAnswer\" itemtype=\"https:\/\/schema.org\/Answer\"><div class=\"w-tabs-section-content-h i-cf\" itemprop=\"text\"><div class=\"wpb_text_column\"><div class=\"wpb_wrapper\"><p>Mezi nejzn\u00e1m\u011bj\u0161\u00ed n\u011bmeck\u00e9 lod\u011bnice pat\u0159\u00ed TKMS (stavba vojensk\u00fdch lod\u00ed), Fassmer (specializovan\u00e9 lod\u011b), Blohm + Voss (luxusn\u00ed linkov\u00e9 lod\u011b a n\u00e1mo\u0159n\u00ed plavidla), German Naval Yards (korvety a fregaty) a Abeking &amp; Rasmussen (superjachty a expedi\u010dn\u00ed lod\u011b). Dal\u0161\u00edmi t\u011b\u017ek\u00fdmi lod\u011bmi jsou Meyer Werft a L\u00fcrssen.<\/p>\n<\/div><\/div><\/div><\/div><\/div><div class=\"w-tabs-section\" id=\"mff4\" itemscope itemprop=\"mainEntity\" itemtype=\"https:\/\/schema.org\/Question\"><button class=\"w-tabs-section-header\" aria-controls=\"content-mff4\" aria-expanded=\"false\"><div class=\"w-tabs-section-title\" itemprop=\"name\">Na co se specializuj\u00ed n\u011bmeck\u00e9 lod\u011bnice?<\/div><div class=\"w-tabs-section-control\"><\/div><\/button><div  class=\"w-tabs-section-content\" id=\"content-mff4\" itemscope itemprop=\"acceptedAnswer\" itemtype=\"https:\/\/schema.org\/Answer\"><div class=\"w-tabs-section-content-h i-cf\" itemprop=\"text\"><div class=\"wpb_text_column\"><div class=\"wpb_wrapper\"><p>N\u011bmeck\u00e9 lod\u011bnice se zam\u011b\u0159uj\u00ed sp\u00ed\u0161e na kvalitu ne\u017e na masovou v\u00fdrobu. Mezi typick\u00e9 specializace pat\u0159\u00ed vojensk\u00e9 ponorky a hladinov\u00e1 plavidla, v\u00fdzkumn\u00e9 a expedi\u010dn\u00ed lod\u011b, luxusn\u00ed jachty, v\u00fdletn\u00ed lod\u011b, ledoborce a podp\u016frn\u00e1 plavidla na mo\u0159i. V\u011bt\u0161ina lod\u011bnic slou\u017e\u00ed \u00fazce vymezen\u00e9mu trhu s nejvy\u0161\u0161\u00edmi standardy kvality.<\/p>\n<\/div><\/div><\/div><\/div><\/div><div class=\"w-tabs-section\" id=\"p0c1\" itemscope itemprop=\"mainEntity\" itemtype=\"https:\/\/schema.org\/Question\"><button class=\"w-tabs-section-header\" aria-controls=\"content-p0c1\" aria-expanded=\"false\"><div class=\"w-tabs-section-title\" itemprop=\"name\">Kolik lid\u00ed zam\u011bstn\u00e1vaj\u00ed n\u011bmeck\u00e9 lod\u011bnice?<\/div><div class=\"w-tabs-section-control\"><\/div><\/button><div  class=\"w-tabs-section-content\" id=\"content-p0c1\" itemscope itemprop=\"acceptedAnswer\" itemtype=\"https:\/\/schema.org\/Answer\"><div class=\"w-tabs-section-content-h i-cf\" itemprop=\"text\"><div class=\"wpb_text_column\"><div class=\"wpb_wrapper\"><p>V\u011bt\u0161ina n\u011bmeck\u00fdch lod\u011bnic se vyzna\u010duje st\u0159edn\u00ed velikost\u00ed a zam\u011bstn\u00e1v\u00e1 50 a\u017e 1 000 lid\u00ed. V\u011bt\u0161\u00ed skupiny, jako je TKMS nebo Fassmer, maj\u00ed v\u00edce ne\u017e 1 000 zam\u011bstnanc\u016f na n\u011bkolika m\u00edstech po cel\u00e9m sv\u011bt\u011b.<\/p>\n<\/div><\/div><\/div><\/div><\/div><div class=\"w-tabs-section\" id=\"p18d\" itemscope itemprop=\"mainEntity\" itemtype=\"https:\/\/schema.org\/Question\"><button class=\"w-tabs-section-header\" aria-controls=\"content-p18d\" aria-expanded=\"false\"><div class=\"w-tabs-section-title\" itemprop=\"name\">Pro\u010d jsou n\u011bmeck\u00e9 lod\u011bnice mezin\u00e1rodn\u011b konkurenceschopn\u00e9?<\/div><div class=\"w-tabs-section-control\"><\/div><\/button><div  class=\"w-tabs-section-content\" id=\"content-p18d\" itemscope itemprop=\"acceptedAnswer\" itemtype=\"https:\/\/schema.org\/Answer\"><div class=\"w-tabs-section-content-h i-cf\" itemprop=\"text\"><div class=\"wpb_text_column\"><div class=\"wpb_wrapper\"><p>N\u011bmeck\u00e9 lod\u011bnice jsou vysoce hodnoceny d\u00edky technologick\u00e9mu prvenstv\u00ed, \u0159e\u0161en\u00edm na m\u00edru, des\u00edtk\u00e1m let zku\u0161enost\u00ed a vysok\u00fdm standard\u016fm kvality. Nesoust\u0159ed\u00ed se na objem, ale specializuj\u00ed se na vysoce komplexn\u00ed typy lod\u00ed, kter\u00e9 jsou \u017e\u00e1dan\u00e9 po cel\u00e9m sv\u011bt\u011b.<\/p>\n<\/div><\/div><\/div><\/div><\/div><div class=\"w-tabs-section\" id=\"f27e\" itemscope itemprop=\"mainEntity\" itemtype=\"https:\/\/schema.org\/Question\"><button class=\"w-tabs-section-header\" aria-controls=\"content-f27e\" aria-expanded=\"false\"><div class=\"w-tabs-section-title\" itemprop=\"name\">Kte\u0159\u00ed kvalifikovan\u00ed pracovn\u00edci jsou v n\u011bmeck\u00e9m lo\u010fa\u0159stv\u00ed obzvl\u00e1\u0161t\u011b \u017e\u00e1dan\u00ed?<\/div><div class=\"w-tabs-section-control\"><\/div><\/button><div  class=\"w-tabs-section-content\" id=\"content-f27e\" itemscope itemprop=\"acceptedAnswer\" itemtype=\"https:\/\/schema.org\/Answer\"><div class=\"w-tabs-section-content-h i-cf\" itemprop=\"text\"><div class=\"wpb_text_column\"><div class=\"wpb_wrapper\"><p>Lodn\u00ed pr\u016fmysl hled\u00e1 p\u0159edev\u0161\u00edm sv\u00e1\u0159e\u010de, mont\u00e9ry, elektrik\u00e1\u0159e, elektroniky, lodn\u00ed in\u017een\u00fdry a specialisty na \u00fadr\u017ebu a opravy. Spole\u010dnost Global Business Recruiting umis\u0165uje kvalifikovan\u00e9 odborn\u00edky z jin\u00fdch zem\u00ed EU do lod\u011bnic a spole\u010dnost\u00ed souvisej\u00edc\u00edch se stavbou lod\u00ed v N\u011bmecku.<\/p>\n<\/div><\/div><\/div><\/div><\/div><\/div><\/div><\/div><\/div><\/div><\/div><\/section>","protected":false},"excerpt":{"rendered":"Der deutsche Schiffbau genie\u00dft weltweit einen exzellenten Ruf. Besonders deutsche Werften stehen f\u00fcr Pr\u00e4zision, technologische Exzellenz und Spezialisierung auf anspruchsvolle Schiffstypen. Ob Milit\u00e4rschiffe, Forschungsschiffe, Spezialfahrzeuge oder Luxusyachten \u2013 Deutschland z\u00e4hlt zu den f\u00fchrenden Nationen im hochwertigen Schiffbau. In diesem Artikel werfen wir einen detaillierten Blick auf die bekanntesten deutschen Werften und zeigen, wodurch sie sich...","protected":false},"author":1,"featured_media":11160,"parent":9347,"menu_order":0,"comment_status":"closed","ping_status":"closed","template":"","meta":{"_acf_changed":false,"footnotes":""},"class_list":["post-9921","page","type-page","status-publish","has-post-thumbnail","hentry"],"acf":[],"_links":{"self":[{"href":"https:\/\/global-business-recruiting.de\/cs\/wp-json\/wp\/v2\/pages\/9921","targetHints":{"allow":["GET"]}}],"collection":[{"href":"https:\/\/global-business-recruiting.de\/cs\/wp-json\/wp\/v2\/pages"}],"about":[{"href":"https:\/\/global-business-recruiting.de\/cs\/wp-json\/wp\/v2\/types\/page"}],"author":[{"embeddable":true,"href":"https:\/\/global-business-recruiting.de\/cs\/wp-json\/wp\/v2\/users\/1"}],"replies":[{"embeddable":true,"href":"https:\/\/global-business-recruiting.de\/cs\/wp-json\/wp\/v2\/comments?post=9921"}],"version-history":[{"count":6,"href":"https:\/\/global-business-recruiting.de\/cs\/wp-json\/wp\/v2\/pages\/9921\/revisions"}],"predecessor-version":[{"id":11179,"href":"https:\/\/global-business-recruiting.de\/cs\/wp-json\/wp\/v2\/pages\/9921\/revisions\/11179"}],"up":[{"embeddable":true,"href":"https:\/\/global-business-recruiting.de\/cs\/wp-json\/wp\/v2\/pages\/9347"}],"wp:featuredmedia":[{"embeddable":true,"href":"https:\/\/global-business-recruiting.de\/cs\/wp-json\/wp\/v2\/media\/11160"}],"wp:attachment":[{"href":"https:\/\/global-business-recruiting.de\/cs\/wp-json\/wp\/v2\/media?parent=9921"}],"curies":[{"name":"wp","href":"https:\/\/api.w.org\/{rel}","templated":true}]}}