{"id":9925,"date":"2026-03-12T12:49:00","date_gmt":"2026-03-12T12:49:00","guid":{"rendered":"https:\/\/global-business-recruiting.de\/wissen\/deutsche-werften-und-ihre-besonderheiten-das-rueckgrat-des-deutschen-schiffbaus\/"},"modified":"2026-03-29T13:17:54","modified_gmt":"2026-03-29T13:17:54","slug":"subdodavatele-digitalizace-vychodni-evropa","status":"publish","type":"page","link":"https:\/\/global-business-recruiting.de\/cs\/wissen\/digitalisierung-subunternehmer-osteuropa\/","title":{"rendered":"D\u016fsledky digitalizace pro subdodavatele z v\u00fdchodn\u00ed Evropy"},"content":{"rendered":"<section class=\"l-section wpb_row height_custom\"><div class=\"l-section-h i-cf\"><div class=\"g-cols vc_row via_grid cols_1 laptops-cols_inherit tablets-cols_inherit mobiles-cols_1 valign_top type_default stacking_default\"><div class=\"wpb_column vc_column_container\"><div class=\"vc_column-inner\"><div class=\"wpb_text_column\"><div class=\"wpb_wrapper\"><p>V minulosti se mnoho \u00fakol\u016f prov\u00e1d\u011blo ru\u010dn\u011b, ale s n\u00e1stupem digit\u00e1ln\u00edch technologi\u00ed se mnoho proces\u016f automatizovalo. To m\u00e1 jak pozitivn\u00ed, tak negativn\u00ed dopady. V posledn\u00edch letech m\u011bla digitalizace z\u00e1sadn\u00ed dopad na r\u016fzn\u00e1 odv\u011btv\u00ed a obchodn\u00ed modely po cel\u00e9m sv\u011bt\u011b - a tato zm\u011bna nenechala subdodavatele z v\u00fdchodn\u00ed Evropy bez pov\u0161imnut\u00ed. Jedn\u00edm z nejz\u0159eteln\u011bj\u0161\u00edch dopad\u016f je zm\u011bna pracovn\u00edch proces\u016f: Na jedn\u00e9 stran\u011b automatizace umo\u017e\u0148uje efektivn\u011bj\u0161\u00ed prov\u00e1d\u011bn\u00ed \u00fakol\u016f, co\u017e \u0161et\u0159\u00ed \u010das a zdroje. Na druhou stranu by automatizace mohla zp\u016fsobit, \u017ee n\u011bkter\u00e1 pracovn\u00ed m\u00edsta budou nadbyte\u010dn\u00e1 - co\u017e je v\u00fdzva, na kterou mus\u00ed b\u00fdt subdodavatel\u00e9 z v\u00fdchodn\u00ed Evropy p\u0159ipraveni.<\/p>\n<h2>Digitalizace a konkurence na trhu: v\u00fdzvy a p\u0159\u00edle\u017eitosti<\/h2>\n<p>Dal\u0161\u00edm d\u016fle\u017eit\u00fdm aspektem je<span>\u00a0<\/span><strong>Zv\u00fd\u0161en\u00e1 konkurence<\/strong>. Mo\u017enost nab\u00edzet slu\u017eby a produkty online umo\u017e\u0148uje spole\u010dnostem z cel\u00e9ho sv\u011bta vstoupit na stejn\u00fd trh. To znamen\u00e1, \u017ee subdodavatel\u00e9 z v\u00fdchodn\u00ed Evropy nesout\u011b\u017e\u00ed pouze s m\u00edstn\u00edmi konkurenty, ale tak\u00e9 se spole\u010dnostmi z jin\u00fdch zem\u00ed, kter\u00e9 mohou m\u00edt pokro\u010dilej\u0161\u00ed technologie a zdroje.<\/p>\n<p>Navzdory t\u011bmto v\u00fdzv\u00e1m nab\u00edz\u00ed digitalizace tak\u00e9 nov\u00e9 p\u0159\u00edle\u017eitosti. Digit\u00e1ln\u00ed platformy a tr\u017ei\u0161t\u011b umo\u017e\u0148uj\u00ed subdodavatel\u016fm zp\u0159\u00edstupnit sv\u00e9 slu\u017eby glob\u00e1ln\u00edmu publiku. Pomoc\u00ed online marketingov\u00fdch strategi\u00ed mohou oslovit potenci\u00e1ln\u00ed z\u00e1kazn\u00edky po cel\u00e9m sv\u011bt\u011b a v\u00fdrazn\u011b roz\u0161\u00ed\u0159it sv\u016fj dosah.<\/p>\n<p>Krom\u011b toho mohou digit\u00e1ln\u00ed n\u00e1stroje a technologie pomoci optimalizovat podnikov\u00e9 procesy a zv\u00fd\u0161it efektivitu - od softwaru pro \u0159\u00edzen\u00ed projekt\u016f a\u017e po cloudov\u00e9 n\u00e1stroje pro spolupr\u00e1ci - existuje cel\u00e1 \u0159ada \u0159e\u0161en\u00ed, jak zlep\u0161it pracovn\u00ed postupy a udr\u017eet si konkurenceschopnost. Je v\u0161ak d\u016fle\u017eit\u00e9 poznamenat, \u017ee p\u0159echod na digitalizaci nen\u00ed bez probl\u00e9m\u016f.<\/p>\n<h2>P\u0159ehled d\u016fsledk\u016f digitalizace pro subdodavatele z v\u00fdchodn\u00ed Evropy<\/h2>\n<p>V modern\u00edm pracovn\u00edm sv\u011bt\u011b je digitalizace hnac\u00ed silou, kter\u00e1 m\u011bn\u00ed podobu mnoha odv\u011btv\u00ed. Pro subdodavatele z v\u00fdchodn\u00ed Evropy m\u00e1 tato zm\u011bna specifick\u00e9 d\u016fsledky, kter\u00e9 nab\u00edzej\u00ed v\u00fdzvy i p\u0159\u00edle\u017eitosti:<\/p>\n<p><strong>P\u0159\u00edstup na nov\u00e9 trhy:<\/strong><span>\u00a0<\/span>Digitalizace usnad\u0148uje subdodavatel\u016fm z v\u00fdchodn\u00ed Evropy p\u0159\u00edstup na mezin\u00e1rodn\u00ed trhy. Online platformy umo\u017e\u0148uj\u00ed nab\u00edzet slu\u017eby p\u0159esahuj\u00edc\u00ed geografick\u00e9 hranice, co\u017e podporuje vys\u00edl\u00e1n\u00ed subdodavatel\u016f a roz\u0161i\u0159uje jejich p\u016fsobnost na trhu.<\/p>\n<p><strong>Zv\u00fd\u0161en\u00ed konkurenceschopnosti:<\/strong><span>\u00a0<\/span>Digit\u00e1ln\u00ed n\u00e1stroje umo\u017e\u0148uj\u00ed subdodavatel\u016fm pracovat efektivn\u011bji. Pou\u017e\u00edv\u00e1n\u00ed pokro\u010dil\u00e9ho softwaru pro \u0159\u00edzen\u00ed projekt\u016f, pl\u00e1nov\u00e1n\u00ed a komunikaci zvy\u0161uje produktivitu a efektivitu, \u010d\u00edm\u017e se vys\u00edl\u00e1n\u00ed subdodavatel\u016f z v\u00fdchodn\u00ed Evropy st\u00e1v\u00e1 pro klienty atraktivn\u011bj\u0161\u00ed.<\/p>\n<p><strong>\u0160kolen\u00ed a dal\u0161\u00ed vzd\u011bl\u00e1v\u00e1n\u00ed:<\/strong><span>\u00a0<\/span>Digitalizace vy\u017eaduje nov\u00e9 dovednosti a kompetence. Subdodavatel\u00e9 se proto mus\u00ed pr\u016fb\u011b\u017en\u011b vzd\u011bl\u00e1vat, aby udr\u017eeli krok s technologick\u00fdm v\u00fdvojem. Kl\u00ed\u010dem ke zlep\u0161en\u00ed dovednost\u00ed nasazen\u00fdch subdodavatel\u016f jsou online kurzy a virtu\u00e1ln\u00ed \u0161kolic\u00ed programy.<\/p>\n<p><strong>Ochrana a zabezpe\u010den\u00ed dat:<\/strong><span>\u00a0<\/span>Rostouc\u00ed digitalizace tak\u00e9 zvy\u0161uje riziko naru\u0161en\u00ed bezpe\u010dnosti \u00fadaj\u016f. Subdodavatel\u00e9 mus\u00ed b\u00fdt schopni zav\u00e9st vhodn\u00e1 opat\u0159en\u00ed na ochranu citliv\u00fdch informac\u00ed. Nasazen\u00ed subdodavatel\u016f proto vy\u017eaduje zv\u00fd\u0161en\u00e9 investice do zabezpe\u010den\u00ed IT, aby byla zaji\u0161t\u011bna d\u016fv\u011bryhodnost a dodr\u017eov\u00e1n\u00ed p\u0159edpis\u016f.<\/p>\n<p><strong>Zm\u011bny v pracovn\u011bpr\u00e1vn\u00edch vztaz\u00edch:<\/strong><span>\u00a0<\/span>Digit\u00e1ln\u00ed platformy m\u011bn\u00ed zp\u016fsob, jak\u00fdm subdodavatel\u00e9 p\u0159ij\u00edmaj\u00ed a pln\u00ed zak\u00e1zky. To m\u016f\u017ee v\u00e9st ke zm\u011bn\u011b tradi\u010dn\u00edch pracovn\u00edch vztah\u016f, kdy p\u0159\u00edmou interakci mezi klientem a subdodavatelem nahrad\u00ed digit\u00e1ln\u00ed rozhran\u00ed.<\/p>\n<p><strong>Pr\u00e1vn\u00ed probl\u00e9my:<\/strong><span>\u00a0<\/span>Ne v\u0161ichni subdodavatel\u00e9 maj\u00ed pot\u0159ebn\u00e9 technologick\u00e9 zdroje nebo odborn\u00e9 znalosti, aby mohli vyu\u017e\u00edvat v\u00fdhod digitalizace (digit\u00e1ln\u00ed propast). Krom\u011b toho mohou digit\u00e1ln\u00ed expanzi zt\u011b\u017eovat r\u016fzn\u00e9 pr\u00e1vn\u00ed r\u00e1mce v r\u016fzn\u00fdch zem\u00edch.<\/p>\n<p>Die Fraunhofer-Studie \u201eStand der Digitalisierung in der Baubranche\" (2023) illustriert, wie wichtig die Anpassung an digitale Trends f\u00fcr die Wettbewerbsf\u00e4higkeit von Subunternehmern ist.<\/p>\n<h2>Z\u00e1v\u011br: Vyu\u017eijte p\u0159\u00edle\u017eitosti, nevyh\u00fdbejte se investic\u00edm<\/h2>\n<p>Flexibiln\u00ed pracovn\u00ed \u0159e\u0161en\u00ed umo\u017e\u0148uj\u00ed spole\u010dnostem reagovat na sez\u00f3nn\u00ed v\u00fdkyvy, po\u017eadavky projekt\u016f nebo neo\u010dek\u00e1van\u00fd nedostatek zam\u011bstnanc\u016f. Digitalizace p\u0159in\u00e1\u0161\u00ed subdodavatel\u016fm z v\u00fdchodn\u00ed Evropy p\u0159\u00edle\u017eitosti i v\u00fdzvy. Umo\u017e\u0148uje t\u011bmto spole\u010dnostem efektivn\u011bji reagovat na po\u017eadavky trhu a snadn\u011bji nab\u00edzet sv\u00e9 slu\u017eby prost\u0159ednictv\u00edm digit\u00e1ln\u00edch platforem. Z\u00e1rove\u0148 vy\u017eaduje investice do technologi\u00ed a \u0161kolen\u00ed zam\u011bstnanc\u016f, aby udr\u017eeli krok s rychle se m\u011bn\u00edc\u00edmi technologick\u00fdmi po\u017eadavky.<\/p>\n<p>V\u00edce informac\u00ed o integraci v\u00fdchodoevropsk\u00fdch subdodavatel\u016f v souladu s pr\u00e1vn\u00edmi p\u0159edpisy najdete v na\u0161em \u010dl\u00e1nku.<span>\u00a0<\/span><a href=\"https:\/\/global-business-recruiting.de\/cs\/znat\/subdodavatele-vychodni-evropa-povinnosti\/\">Subdodavatel\u00e9 z v\u00fdchodn\u00ed Evropy - povinnosti a p\u0159edpisy<\/a>.<\/p>\n<h2>\u010casto kladen\u00e9 ot\u00e1zky o digitalizaci pro subdodavatele z v\u00fdchodn\u00ed Evropy<\/h2>\n<\/div><\/div><div class=\"w-separator size_small\"><\/div><div class=\"w-tabs style_default switch_click accordion type_togglable has_scrolling\" style=\"--sections-title-size:inherit\"><div class=\"w-tabs-sections titles-align_none icon_chevron cpos_right\"><div class=\"w-tabs-section\" id=\"k081\" itemscope itemprop=\"mainEntity\" itemtype=\"https:\/\/schema.org\/Question\"><button class=\"w-tabs-section-header\" aria-controls=\"content-k081\" aria-expanded=\"false\"><div class=\"w-tabs-section-title\" itemprop=\"name\">Jak\u00e9 p\u0159\u00edle\u017eitosti nab\u00edz\u00ed digitalizace v\u00fdchodoevropsk\u00fdm subdodavatel\u016fm?<\/div><div class=\"w-tabs-section-control\"><\/div><\/button><div  class=\"w-tabs-section-content\" id=\"content-k081\" itemscope itemprop=\"acceptedAnswer\" itemtype=\"https:\/\/schema.org\/Answer\"><div class=\"w-tabs-section-content-h i-cf\" itemprop=\"text\"><div class=\"wpb_text_column\"><div class=\"wpb_wrapper\"><p>Digitalizace otev\u00edr\u00e1 v\u00fdchodoevropsk\u00fdm subdodavatel\u016fm p\u0159\u00edstup na mezin\u00e1rodn\u00ed trhy prost\u0159ednictv\u00edm online platforem, umo\u017e\u0148uje efektivn\u011bj\u0161\u00ed pracovn\u00ed procesy prost\u0159ednictv\u00edm digit\u00e1ln\u00edch n\u00e1stroj\u016f a zvy\u0161uje viditelnost pro potenci\u00e1ln\u00ed klienty po cel\u00e9m sv\u011bt\u011b. Dob\u0159e situovan\u00ed subdodavatel\u00e9 mohou d\u00edky c\u00edlen\u00e9 digitalizaci v\u00fdrazn\u011b zv\u00fd\u0161it svou konkuren\u010dn\u00ed v\u00fdhodu.<\/p>\n<\/div><\/div><\/div><\/div><\/div><div class=\"w-tabs-section\" id=\"y15a\" itemscope itemprop=\"mainEntity\" itemtype=\"https:\/\/schema.org\/Question\"><button class=\"w-tabs-section-header\" aria-controls=\"content-y15a\" aria-expanded=\"false\"><div class=\"w-tabs-section-title\" itemprop=\"name\">Jak\u00e1 rizika p\u0159in\u00e1\u0161\u00ed digitalizace subdodavatel\u016fm?<\/div><div class=\"w-tabs-section-control\"><\/div><\/button><div  class=\"w-tabs-section-content\" id=\"content-y15a\" itemscope itemprop=\"acceptedAnswer\" itemtype=\"https:\/\/schema.org\/Answer\"><div class=\"w-tabs-section-content-h i-cf\" itemprop=\"text\"><div class=\"wpb_text_column\"><div class=\"wpb_wrapper\"><p>Mezi hlavn\u00ed rizika pat\u0159\u00ed zv\u00fd\u0161en\u00e1 mezin\u00e1rodn\u00ed konkurence, \u00fabytek manu\u00e1ln\u00edch pracovn\u00edch m\u00edst v d\u016fsledku automatizace, rostouc\u00ed n\u00e1roky na bezpe\u010dnost IT a ochranu dat a digit\u00e1ln\u00ed propast, tj. nerovn\u00e1 dostupnost technologi\u00ed a odborn\u00fdch znalost\u00ed.<\/p>\n<\/div><\/div><\/div><\/div><\/div><div class=\"w-tabs-section\" id=\"l229\" itemscope itemprop=\"mainEntity\" itemtype=\"https:\/\/schema.org\/Question\"><button class=\"w-tabs-section-header\" aria-controls=\"content-l229\" aria-expanded=\"false\"><div class=\"w-tabs-section-title\" itemprop=\"name\">Kter\u00e9 digit\u00e1ln\u00ed n\u00e1stroje jsou pro subdodavatele obzvl\u00e1\u0161t\u011b d\u016fle\u017eit\u00e9?<\/div><div class=\"w-tabs-section-control\"><\/div><\/button><div  class=\"w-tabs-section-content\" id=\"content-l229\" itemscope itemprop=\"acceptedAnswer\" itemtype=\"https:\/\/schema.org\/Answer\"><div class=\"w-tabs-section-content-h i-cf\" itemprop=\"text\"><div class=\"wpb_text_column\"><div class=\"wpb_wrapper\"><p>Zvl\u00e1\u0161t\u011b u\u017eite\u010dn\u00fd je software pro \u0159\u00edzen\u00ed projekt\u016f (nap\u0159. pro pl\u00e1nov\u00e1n\u00ed a spr\u00e1vu \u00fakol\u016f), cloudov\u00e9 n\u00e1stroje pro spolupr\u00e1ci p\u0159i komunikaci s klienty a online marketingov\u00e9 n\u00e1stroje pro z\u00edsk\u00e1v\u00e1n\u00ed nov\u00fdch z\u00e1kazn\u00edk\u016f. St\u00e1le d\u016fle\u017eit\u011bj\u0161\u00ed jsou tak\u00e9 platformy pro virtu\u00e1ln\u00ed \u0161kolen\u00ed.<\/p>\n<\/div><\/div><\/div><\/div><\/div><div class=\"w-tabs-section\" id=\"v2f5\" itemscope itemprop=\"mainEntity\" itemtype=\"https:\/\/schema.org\/Question\"><button class=\"w-tabs-section-header\" aria-controls=\"content-v2f5\" aria-expanded=\"false\"><div class=\"w-tabs-section-title\" itemprop=\"name\">Jak digitalizace m\u011bn\u00ed pracovn\u00ed vztahy mezi klienty a subdodavateli?<\/div><div class=\"w-tabs-section-control\"><\/div><\/button><div  class=\"w-tabs-section-content\" id=\"content-v2f5\" itemscope itemprop=\"acceptedAnswer\" itemtype=\"https:\/\/schema.org\/Answer\"><div class=\"w-tabs-section-content-h i-cf\" itemprop=\"text\"><div class=\"wpb_text_column\"><div class=\"wpb_wrapper\"><p>Digit\u00e1ln\u00ed platformy st\u00e1le v\u00edce nahrazuj\u00ed p\u0159\u00edmou osobn\u00ed interakci. Objedn\u00e1vky se zad\u00e1vaj\u00ed digit\u00e1ln\u011b, komunikace prob\u00edh\u00e1 prost\u0159ednictv\u00edm digit\u00e1ln\u00edch rozhran\u00ed a kontrola kvality se n\u011bkdy prov\u00e1d\u00ed na d\u00e1lku. To vy\u017eaduje p\u0159izp\u016fsoben\u00ed a jasnou smluvn\u00ed \u00fapravu na obou stran\u00e1ch.<\/p>\n<\/div><\/div><\/div><\/div><\/div><div class=\"w-tabs-section\" id=\"w3c1\" itemscope itemprop=\"mainEntity\" itemtype=\"https:\/\/schema.org\/Question\"><button class=\"w-tabs-section-header\" aria-controls=\"content-w3c1\" aria-expanded=\"false\"><div class=\"w-tabs-section-title\" itemprop=\"name\">Mus\u00ed v\u00fdchodoevrop\u0161t\u00ed subdodavatel\u00e9 zohlednit zvl\u00e1\u0161tn\u00ed pr\u00e1vn\u00ed aspekty digitalizace?<\/div><div class=\"w-tabs-section-control\"><\/div><\/button><div  class=\"w-tabs-section-content\" id=\"content-w3c1\" itemscope itemprop=\"acceptedAnswer\" itemtype=\"https:\/\/schema.org\/Answer\"><div class=\"w-tabs-section-content-h i-cf\" itemprop=\"text\"><div class=\"wpb_text_column\"><div class=\"wpb_wrapper\"><p>Ano - zejm\u00e9na po\u017eadavky na ochranu \u00fadaj\u016f (nap\u0159. GDPR pro p\u0159eshrani\u010dn\u00ed v\u00fdm\u011bnu dat) a rozd\u00edln\u00e9 pr\u00e1vn\u00ed r\u00e1mce v c\u00edlov\u00fdch zem\u00edch mohou digit\u00e1ln\u00ed expanzi zt\u00ed\u017eit. Doporu\u010duje se pr\u00e1vn\u00ed poradenstv\u00ed a smluvn\u00ed z\u00e1ruky.<\/p>\n<\/div><\/div><\/div><\/div><\/div><\/div><\/div><\/div><\/div><\/div><\/div><\/section>","protected":false},"excerpt":{"rendered":"Fr\u00fcher wurden viele Aufgaben manuell erledigt, aber mit dem Einzug digitaler Technologien haben sich viele Prozesse automatisiert. Das hat sowohl positive als auch negative Auswirkungen. Die Digitalisierung hat in den letzten Jahren einen tiefgreifenden Einfluss auf verschiedene Branchen und Gesch\u00e4ftsmodelle weltweit gehabt \u2013 und dieser Wandel hat auch Subunternehmer aus Osteuropa nicht unber\u00fchrt gelassen. Eine...","protected":false},"author":1,"featured_media":11161,"parent":9347,"menu_order":0,"comment_status":"closed","ping_status":"closed","template":"","meta":{"_acf_changed":false,"footnotes":""},"class_list":["post-9925","page","type-page","status-publish","has-post-thumbnail","hentry"],"acf":[],"_links":{"self":[{"href":"https:\/\/global-business-recruiting.de\/cs\/wp-json\/wp\/v2\/pages\/9925","targetHints":{"allow":["GET"]}}],"collection":[{"href":"https:\/\/global-business-recruiting.de\/cs\/wp-json\/wp\/v2\/pages"}],"about":[{"href":"https:\/\/global-business-recruiting.de\/cs\/wp-json\/wp\/v2\/types\/page"}],"author":[{"embeddable":true,"href":"https:\/\/global-business-recruiting.de\/cs\/wp-json\/wp\/v2\/users\/1"}],"replies":[{"embeddable":true,"href":"https:\/\/global-business-recruiting.de\/cs\/wp-json\/wp\/v2\/comments?post=9925"}],"version-history":[{"count":5,"href":"https:\/\/global-business-recruiting.de\/cs\/wp-json\/wp\/v2\/pages\/9925\/revisions"}],"predecessor-version":[{"id":11178,"href":"https:\/\/global-business-recruiting.de\/cs\/wp-json\/wp\/v2\/pages\/9925\/revisions\/11178"}],"up":[{"embeddable":true,"href":"https:\/\/global-business-recruiting.de\/cs\/wp-json\/wp\/v2\/pages\/9347"}],"wp:featuredmedia":[{"embeddable":true,"href":"https:\/\/global-business-recruiting.de\/cs\/wp-json\/wp\/v2\/media\/11161"}],"wp:attachment":[{"href":"https:\/\/global-business-recruiting.de\/cs\/wp-json\/wp\/v2\/media?parent=9925"}],"curies":[{"name":"wp","href":"https:\/\/api.w.org\/{rel}","templated":true}]}}