{"id":9937,"date":"2026-03-13T01:51:13","date_gmt":"2026-03-13T01:51:13","guid":{"rendered":"https:\/\/global-business-recruiting.de\/wissen\/wie-gewinnt-man-auslaendische-fachkraefte-im-bereich-elektrotechnik\/"},"modified":"2026-03-29T13:19:27","modified_gmt":"2026-03-29T13:19:27","slug":"typy-letadel-namorni-sila","status":"publish","type":"page","link":"https:\/\/global-business-recruiting.de\/cs\/wissen\/flugzeugtraeger-typen-seemacht\/","title":{"rendered":"Letadlov\u00e9 lod\u011b: rozm\u011bry, typy a modern\u00ed n\u00e1mo\u0159n\u00ed s\u00edla"},"content":{"rendered":"<section class=\"l-section wpb_row height_custom\"><div class=\"l-section-h i-cf\"><div class=\"g-cols vc_row via_grid cols_1 laptops-cols_inherit tablets-cols_inherit mobiles-cols_1 valign_top type_default stacking_default\"><div class=\"wpb_column vc_column_container\"><div class=\"vc_column-inner\"><div class=\"wpb_text_column\"><div class=\"wpb_wrapper\"><p>Podobn\u011b jako v\u00fdletn\u00ed lod\u011b pat\u0159\u00ed letadlov\u00e9 lod\u011b k nejslo\u017eit\u011bj\u0161\u00edm a nejv\u011bt\u0161\u00edm lod\u00edm, kter\u00e9 br\u00e1zd\u00ed sv\u011btov\u00e9 oce\u00e1ny. Jsou plovouc\u00edmi leti\u0161ti, pojmou n\u011bkolik tis\u00edc lid\u00ed a tvo\u0159\u00ed st\u0159edobod modern\u00edho letectv\u00ed.<span>\u00a0<\/span><strong>projekce n\u00e1mo\u0159n\u00ed s\u00edly<\/strong>. Letadlov\u00e9 lod\u011b jsou centrem n\u00e1mo\u0159n\u00edch bojov\u00fdch skupin a zaji\u0161\u0165uj\u00ed pr\u016fzkum, vzdu\u0161nou p\u0159evahu, ochranu p\u0159ed \u00fatoky a p\u0159esn\u00e9 \u00fadery na c\u00edle vzd\u00e1len\u00e9 stovky kilometr\u016f.<\/p>\n<p>N\u011bmecko sice nem\u00e1 vlastn\u00ed letadlov\u00e9 lod\u011b, ale z t\u011bchto velk\u00fdch bojov\u00fdch lod\u00ed t\u011b\u017e\u00ed nep\u0159\u00edmo. Bundeswehr pravideln\u011b operuje v mnohon\u00e1rodn\u00edch formac\u00edch spole\u010dn\u011b se spojeneck\u00fdmi letadlov\u00fdmi lod\u011bmi a n\u011bmeck\u00e9 lod\u011b jsou ned\u00edlnou sou\u010d\u00e1st\u00ed t\u011bchto bojov\u00fdch skupin. Letadlov\u00e9 lod\u011b hraj\u00ed roli i pro n\u011bmeck\u00fd pr\u016fmysl: n\u011bmeck\u00e9 spole\u010dnosti dod\u00e1vaj\u00ed technologie, komponenty a koncepty, kter\u00e9 byly za\u010dlen\u011bny do program\u016f letadlov\u00fdch lod\u00ed ve Francii, Velk\u00e9 Brit\u00e1nii a USA. N\u011bmeck\u00e9 lod\u011bnice jsou v z\u00e1sad\u011b technicky schopn\u00e9 stav\u011bt letadlov\u00e9 lod\u011b - pokud to ov\u0161em umo\u017en\u00ed politick\u00e9 a pr\u00e1vn\u00ed podm\u00ednky.<\/p>\n<h2>Jak\u00e9 jsou typy letadlov\u00fdch lod\u00ed?<\/h2>\n<p>Kdy\u017e se \u0159ekne letadlov\u00e1 lo\u010f, mnoho lid\u00ed si nejprve vybav\u00ed obrovsk\u00e9 letadlov\u00e9 lod\u011b americk\u00e9ho n\u00e1mo\u0159nictva. Tyto ob\u0159\u00ed letadlov\u00e9 lod\u011b jsou v\u0161ak jen \u0161pi\u010dkou \u0161irok\u00e9 \u0161k\u00e1ly typ\u016f.<\/p>\n<h3>D\u011btsk\u00e1 nos\u00edtka - mal\u00e1 nos\u00edtka do st\u00edsn\u011bn\u00fdch prostor<\/h3>\n<p>Na doln\u00edm konci stupnice jsou tzv.<span>\u00a0<\/span><strong>D\u011btsk\u00e9 nos\u00edtko<\/strong>. Jsou tak\u00e9 zn\u00e1m\u00e9 jako n\u00e1mo\u0159n\u00ed kontroln\u00ed lod\u011b, st\u00edhac\u00ed ponorkov\u00e9 lod\u011b nebo STOVL lod\u011b. Jejich v\u00fdtlak za\u010d\u00edn\u00e1 p\u0159ibli\u017en\u011b na<span>\u00a0<\/span><strong>14 000 tun<\/strong>. Nemaj\u00ed jadern\u00fd pohon, co\u017e omezuje jejich dolet a rychlost.<\/p>\n<p>Hlavn\u00edm \u00fakolem t\u011bchto letadlov\u00fdch lod\u00ed je kontrolovat omezen\u00e9 n\u00e1mo\u0159n\u00ed oblasti. Za t\u00edmto \u00fa\u010delem nasazuj\u00ed p\u0159edev\u0161\u00edm vrtuln\u00edky, kter\u00e9 dopl\u0148uje n\u011bkolik lehk\u00fdch letadel. Nejsou ur\u010deny k boji proti velk\u00fdm nep\u0159\u00e1telsk\u00fdm hladinov\u00fdm bojov\u00fdm uskupen\u00edm, ale k pozorov\u00e1n\u00ed, ostraze a protiponorkov\u00e9 obran\u011b.<\/p>\n<p>\u00dast\u0159edn\u00ed oblast\u00ed pou\u017eit\u00ed d\u011btsk\u00fdch nos\u00edtek je<span>\u00a0<\/span><strong>Lov na ponorku<\/strong>. Jejich vrtuln\u00edky mohou monitorovat rozs\u00e1hl\u00e9 mo\u0159sk\u00e9 oblasti a vyu\u017e\u00edvaj\u00ed modern\u00ed senzorov\u00e9 technologie: sonarov\u00e9 b\u00f3je, spou\u0161t\u011bn\u00e9 pot\u00e1p\u011b\u010dsk\u00e9 sonary a magnetickou a hlukovou detekci. Pokud je lokalizov\u00e1na ponorka, vrtuln\u00edk m\u016f\u017ee p\u0159iv\u00e9st dal\u0161\u00ed leteck\u00e9 nebo n\u00e1mo\u0159n\u00ed jednotky. Takzvan\u00fd lovec a zabij\u00e1k \u010dasto pracuj\u00ed spole\u010dn\u011b: Zat\u00edmco lovec pron\u00e1sleduje c\u00edl, zabij\u00e1k \u00fato\u010d\u00ed torp\u00e9dy, kter\u00e1 nez\u00e1visle na n\u011bm detekuj\u00ed a zasahuj\u00ed ponorku.<\/p>\n<h3>Letadlov\u00e1 lo\u010f STOVL: Letadla na kr\u00e1tk\u00fdch palub\u00e1ch<\/h3>\n<p>Mnoho d\u011btsk\u00fdch nos\u00edtek a oboj\u017eiveln\u00fdch nos\u00edtek se spol\u00e9h\u00e1 na<span>\u00a0<\/span><strong>Letadla STOVL<\/strong>. STOVL znamen\u00e1<span>\u00a0<\/span><em>Kr\u00e1tk\u00fd vzlet a svisl\u00e9 p\u0159ist\u00e1n\u00ed<\/em>. Tato letadla vy\u017eaduj\u00ed pouze kr\u00e1tk\u00e9 vzletov\u00e9 vzd\u00e1lenosti a mohou p\u0159ist\u00e1vat vertik\u00e1ln\u011b. D\u0159\u00edv\u011bj\u0161\u00edmi p\u0159edstaviteli byly Harriery, dnes jsou to hlavn\u011b<span>\u00a0<\/span><strong>F-35B<\/strong><span>\u00a0<\/span>pro pou\u017eit\u00ed. D\u00edky oto\u010dn\u00fdm v\u00fdvod\u016fm motor\u016f vytv\u00e1\u0159ej\u00ed tyto letouny pohon a vztlak z\u00e1rove\u0148, co\u017e znamen\u00e1, \u017ee jako nosi\u010de mohou slou\u017eit i men\u0161\u00ed lod\u011b - i kdy\u017e s omezen\u00edmi, pokud jde o dolet, u\u017eite\u010dn\u00e9 zat\u00ed\u017een\u00ed a dobu nasazen\u00ed.<\/p>\n<p>Typick\u00fdmi letadlov\u00fdmi lod\u011bmi STOVL jsou britsk\u00e1 t\u0159\u00edda Invincible, italsk\u00e1 letadlov\u00e1 lo\u010f Cavour a britsk\u00e1 t\u0159\u00edda Queen Elizabeth s letadlov\u00fdmi lod\u011bmi HMS Queen Elizabeth a HMS Prince of Wales. S p\u0159ibli\u017en\u011b<span>\u00a0<\/span><strong>80 000 tun<\/strong><span>\u00a0<\/span>posunut\u00ed, tyto modern\u00ed nosi\u010de STOVL jsou v\u00fdrazn\u011b v\u011bt\u0161\u00ed ne\u017e klasick\u00e9 d\u011btsk\u00e9 nosi\u010de, ale st\u00e1le se obejdou bez katapult\u016f.<\/p>\n<h3>Oboj\u017eiveln\u00e9 letadlov\u00e9 lod\u011b - leti\u0161t\u011b a vylo\u010fovac\u00ed lo\u010f v jednom<\/h3>\n<p>Zvl\u00e1\u0161tn\u00ed forma<span>\u00a0<\/span><strong>oboj\u017eiveln\u00e9 letadlov\u00e9 lod\u011b<\/strong><span>\u00a0<\/span>reprezentovat. Kombinuj\u00ed souvislou letovou palubu s vnit\u0159n\u00edm dokem. Tento dok m\u016f\u017ee pojmout men\u0161\u00ed vylo\u010fovac\u00ed plavidla, kter\u00e1 dopravuj\u00ed voj\u00e1ky, vozidla a materi\u00e1l na b\u0159eh. Takov\u00e9 lod\u011b slou\u017e\u00ed p\u0159edev\u0161\u00edm k vylod\u011bn\u00ed voj\u00e1k\u016f, ale pln\u00ed tak\u00e9 \u00fakoly jako nosi\u010de vrtuln\u00edk\u016f, \u00fato\u010dn\u00e9 plo\u0161iny STOVL a st\u00edhac\u00ed lod\u011b pro ponorky. Zn\u00e1m\u00fdm p\u0159edstavitelem je francouzsk\u00e1<span>\u00a0<\/span><strong>T\u0159\u00edda Mistral<\/strong>, kter\u00fd v sou\u010dasnosti provozuje p\u0159edev\u0161\u00edm vrtuln\u00edky, ale konstruk\u010dn\u011b je navr\u017een jako lehk\u00fd letadlov\u00fd nosi\u010d.<\/p>\n<h3>Nosi\u010d STOBAR - vzlet p\u0159es rampu, p\u0159ist\u00e1n\u00ed s bezpe\u010dnostn\u00edmi lany<\/h3>\n<p>Dal\u0161\u00ed kategori\u00ed jsou<span>\u00a0<\/span><strong>Nosi\u010d STOBAR<\/strong><span>\u00a0<\/span>(<em>Kr\u00e1tk\u00fd vzlet, ale zastaven\u00e9 zotaven\u00ed<\/em>). Tyto lod\u011b nepou\u017e\u00edvaj\u00ed katapulty - letadla startuj\u00ed p\u0159es rampu na p\u0159\u00eddi a p\u0159ist\u00e1vaj\u00ed na \u0161ikm\u00e9 palub\u011b pomoc\u00ed z\u00e1chytn\u00fdch lan. Tento typ nepou\u017e\u00edvaj\u00ed z\u00e1padn\u00ed n\u00e1mo\u0159nictva, ale je roz\u0161\u00ed\u0159en v Rusku, \u010c\u00edn\u011b a Indii. Letadlov\u00e9 lod\u011b STOBAR p\u0159edstavuj\u00ed technickou st\u0159edn\u00ed cestu, ale jejich opera\u010dn\u00ed flexibilita je omezen\u00e1.<\/p>\n<h3>Letadlov\u00e9 lod\u011b - nejv\u011bt\u0161\u00ed lod\u011b ve sv\u011btov\u00fdch oce\u00e1nech<\/h3>\n<p>Nej\u00fa\u010dinn\u011bj\u0161\u00edm typem nosi\u010de je<span>\u00a0<\/span><strong>Flotilov\u00fd dopravce<\/strong>. Tyto lod\u011b pravideln\u011b p\u0159ekra\u010duj\u00ed<span>\u00a0<\/span><strong>80 000 tun<\/strong>, \u010dasto i<span>\u00a0<\/span><strong>100 000 tun v\u00fdtlaku<\/strong>. Maj\u00ed jadern\u00fd pohon, t\u00e9m\u011b\u0159 neomezen\u00fd dolet, katapulty (parn\u00ed nebo elektromagnetick\u00e9), z\u00e1chytn\u00e1 lana pro p\u0159ist\u00e1n\u00ed a a\u017e 100 letadel a vrtuln\u00edk\u016f. Nejzn\u00e1m\u011bj\u0161\u00edmi p\u0159\u00edklady jsou letadlov\u00e9 lod\u011b americk\u00e9ho n\u00e1mo\u0159nictva, nap\u0159\u00edklad t\u0159\u00eddy Ford a Nimitz.<\/p>\n<p>Francie tak\u00e9 provozuje vlastn\u00ed flotilu dopravn\u00edch letadel: lo\u010f<span>\u00a0<\/span><strong>Charles de Gaulle<\/strong>. I p\u0159es pom\u011brn\u011b n\u00edzk\u00fd v\u00fdtlak kolem<span>\u00a0<\/span><strong>42 000 tun<\/strong><span>\u00a0<\/span>m\u00e1 jadern\u00fd pohon, katapulty a p\u0159ibli\u017en\u011b 40 letadel.<\/p>\n<h2>Z\u00e1v\u011br: Plovouc\u00ed mistrovsk\u00e1 d\u00edla techniky<\/h2>\n<p>Letadlov\u00e9 lod\u011b jsou technick\u00fdm a organiza\u010dn\u00edm mistrovsk\u00fdm d\u00edlem. Od kompaktn\u00edch d\u011btsk\u00fdch letadlov\u00fdch lod\u00ed a\u017e po oboj\u017eiveln\u00e9 platformy a obrovsk\u00e9 letadlov\u00e9 lod\u011b pro celou flotilu, pokr\u00fdvaj\u00ed \u0161irokou \u0161k\u00e1lu pou\u017eit\u00ed. Kombinuj\u00ed stavbu lod\u00ed, letectv\u00ed, elektroniku a logistiku na nejvy\u0161\u0161\u00ed \u00farovni a dodnes charakterizuj\u00ed glob\u00e1ln\u00ed n\u00e1mo\u0159n\u00ed s\u00edlu.<\/p>\n<p>V\u00edce informac\u00ed o spole\u010dnostech, kter\u00e9 dod\u00e1vaj\u00ed technologie a komponenty pro mezin\u00e1rodn\u00ed stavbu lod\u00ed, najdete v na\u0161em \u010dl\u00e1nku.<span>\u00a0<\/span><a href=\"https:\/\/global-business-recruiting.de\/cs\/znat\/prehled-nemeckych-lodenic\/\">P\u0159ehled n\u011bmeck\u00fdch lod\u011bnic<\/a>.<\/p>\n<h2>\u010casto kladen\u00e9 ot\u00e1zky o letadlov\u00fdch lod\u00edch<\/h2>\n<\/div><\/div><div class=\"w-separator size_small\"><\/div><div class=\"w-tabs style_default switch_click accordion type_togglable has_scrolling\" style=\"--sections-title-size:inherit\"><div class=\"w-tabs-sections titles-align_none icon_chevron cpos_right\"><div class=\"w-tabs-section\" id=\"xbba\" itemscope itemprop=\"mainEntity\" itemtype=\"https:\/\/schema.org\/Question\"><button class=\"w-tabs-section-header\" aria-controls=\"content-xbba\" aria-expanded=\"false\"><div class=\"w-tabs-section-title\" itemprop=\"name\">Jak\u00fd je rozd\u00edl mezi d\u011btsk\u00fdm nos\u00edtkem a nos\u00edtkem pro vozov\u00fd park?<\/div><div class=\"w-tabs-section-control\"><\/div><\/button><div  class=\"w-tabs-section-content\" id=\"content-xbba\" itemscope itemprop=\"acceptedAnswer\" itemtype=\"https:\/\/schema.org\/Answer\"><div class=\"w-tabs-section-content-h i-cf\" itemprop=\"text\"><div class=\"wpb_text_column\"><div class=\"wpb_wrapper\"><p>D\u011btsk\u00e9 letadlov\u00e9 lod\u011b jsou men\u0161\u00ed (od cca 14 000 tun), nemaj\u00ed jadern\u00fd pohon a nasazuj\u00ed p\u0159edev\u0161\u00edm vrtuln\u00edky a letadla STOVL. Flotilov\u00e9 letadlov\u00e9 lod\u011b \u010dasto p\u0159esahuj\u00ed 80 000 tun, maj\u00ed jadern\u00fd pohon, katapulty a mohou n\u00e9st a\u017e 100 letadel a vrtuln\u00edk\u016f. Jejich opera\u010dn\u00ed spektrum je odpov\u00eddaj\u00edc\u00edm zp\u016fsobem \u0161ir\u0161\u00ed.<\/p>\n<\/div><\/div><\/div><\/div><\/div><div class=\"w-tabs-section\" id=\"cc72\" itemscope itemprop=\"mainEntity\" itemtype=\"https:\/\/schema.org\/Question\"><button class=\"w-tabs-section-header\" aria-controls=\"content-cc72\" aria-expanded=\"false\"><div class=\"w-tabs-section-title\" itemprop=\"name\">Co znamen\u00e1 STOVL pro letadlov\u00e9 lod\u011b?<\/div><div class=\"w-tabs-section-control\"><\/div><\/button><div  class=\"w-tabs-section-content\" id=\"content-cc72\" itemscope itemprop=\"acceptedAnswer\" itemtype=\"https:\/\/schema.org\/Answer\"><div class=\"w-tabs-section-content-h i-cf\" itemprop=\"text\"><div class=\"wpb_text_column\"><div class=\"wpb_wrapper\"><p>STOVL je zkratka pro kr\u00e1tk\u00fd vzlet a svisl\u00e9 p\u0159ist\u00e1n\u00ed. Tato letadla vy\u017eaduj\u00ed pouze kr\u00e1tkou vzletovou vzd\u00e1lenost a mohou p\u0159ist\u00e1vat vertik\u00e1ln\u011b, co\u017e jim umo\u017e\u0148uje pou\u017eit\u00ed na men\u0161\u00edch letadlov\u00fdch lod\u00edch bez katapult\u016f. Nejzn\u00e1m\u011bj\u0161\u00edm sou\u010dasn\u00fdm modelem je F-35B.<\/p>\n<\/div><\/div><\/div><\/div><\/div><div class=\"w-tabs-section\" id=\"ad25\" itemscope itemprop=\"mainEntity\" itemtype=\"https:\/\/schema.org\/Question\"><button class=\"w-tabs-section-header\" aria-controls=\"content-ad25\" aria-expanded=\"false\"><div class=\"w-tabs-section-title\" itemprop=\"name\">Co je nosi\u010d STOBAR?<\/div><div class=\"w-tabs-section-control\"><\/div><\/button><div  class=\"w-tabs-section-content\" id=\"content-ad25\" itemscope itemprop=\"acceptedAnswer\" itemtype=\"https:\/\/schema.org\/Answer\"><div class=\"w-tabs-section-content-h i-cf\" itemprop=\"text\"><div class=\"wpb_text_column\"><div class=\"wpb_wrapper\"><p>STOBAR je zkratka pro Short Take Off But Arrested Recovery (kr\u00e1tk\u00fd vzlet, ale zastaven\u00fd n\u00e1vrat). Letadla startuj\u00ed p\u0159es p\u0159\u00ed\u010fovou rampu a p\u0159ist\u00e1vaj\u00ed pomoc\u00ed z\u00e1chytn\u00e9ho lana. Tento typ se obejde bez katapult\u016f a pou\u017e\u00edvaj\u00ed ho p\u0159edev\u0161\u00edm Rusko, \u010c\u00edna a Indie.<\/p>\n<\/div><\/div><\/div><\/div><\/div><div class=\"w-tabs-section\" id=\"uddc\" itemscope itemprop=\"mainEntity\" itemtype=\"https:\/\/schema.org\/Question\"><button class=\"w-tabs-section-header\" aria-controls=\"content-uddc\" aria-expanded=\"false\"><div class=\"w-tabs-section-title\" itemprop=\"name\">Jakou roli hraj\u00ed pro N\u011bmecko letadlov\u00e9 lod\u011b?<\/div><div class=\"w-tabs-section-control\"><\/div><\/button><div  class=\"w-tabs-section-content\" id=\"content-uddc\" itemscope itemprop=\"acceptedAnswer\" itemtype=\"https:\/\/schema.org\/Answer\"><div class=\"w-tabs-section-content-h i-cf\" itemprop=\"text\"><div class=\"wpb_text_column\"><div class=\"wpb_wrapper\"><p>N\u011bmecko nem\u00e1 vlastn\u00ed letadlov\u00e9 lod\u011b, ale pravideln\u011b operuje ve formac\u00edch NATO spole\u010dn\u011b se spojeneck\u00fdmi letadlov\u00fdmi lod\u011bmi. Krom\u011b toho n\u011bmeck\u00e9 spole\u010dnosti dod\u00e1vaj\u00ed technologie a komponenty pro mezin\u00e1rodn\u00ed programy letadlov\u00fdch lod\u00ed. N\u011bmeck\u00e9 lod\u011bnice by byly technicky schopn\u00e9 stav\u011bt letadlov\u00e9 lod\u011b.<\/p>\n<\/div><\/div><\/div><\/div><\/div><div class=\"w-tabs-section\" id=\"ueaf\" itemscope itemprop=\"mainEntity\" itemtype=\"https:\/\/schema.org\/Question\"><button class=\"w-tabs-section-header\" aria-controls=\"content-ueaf\" aria-expanded=\"false\"><div class=\"w-tabs-section-title\" itemprop=\"name\">Co je to oboj\u017eiveln\u00fd letadlov\u00fd nosi\u010d?<\/div><div class=\"w-tabs-section-control\"><\/div><\/button><div  class=\"w-tabs-section-content\" id=\"content-ueaf\" itemscope itemprop=\"acceptedAnswer\" itemtype=\"https:\/\/schema.org\/Answer\"><div class=\"w-tabs-section-content-h i-cf\" itemprop=\"text\"><div class=\"wpb_text_column\"><div class=\"wpb_wrapper\"><p>Oboj\u017eiveln\u00e9 letadlov\u00e9 lod\u011b kombinuj\u00ed letovou palubu s vnit\u0159n\u00edm dokem pro vylo\u010fovac\u00ed plavidla. Jejich prim\u00e1rn\u00edm \u00fa\u010delem je vylo\u010fov\u00e1n\u00ed voj\u00e1k\u016f, ale mohou fungovat tak\u00e9 jako vrtuln\u00edkov\u00e9 lod\u011b, platformy STOVL a lod\u011b pro lov ponorek. Zn\u00e1m\u00fdm p\u0159\u00edkladem je francouzsk\u00e1 t\u0159\u00edda Mistral.<\/p>\n<\/div><\/div><\/div><\/div><\/div><\/div><\/div><\/div><\/div><\/div><\/div><\/section>","protected":false},"excerpt":{"rendered":"\u00c4hnlich wie Kreuzfahrtschiffe geh\u00f6ren auch Flugzeugtr\u00e4ger zu den komplexesten und gr\u00f6\u00dften Schiffen, die auf den Weltmeeren unterwegs sind. Sie sind schwimmende Flugpl\u00e4tze, beherbergen mehrere tausend Menschen und bilden das Herzst\u00fcck moderner\u00a0maritimer Machtprojektion. Flugzeugtr\u00e4ger stehen im Zentrum von Marinekampfgruppen und erm\u00f6glichen Aufkl\u00e4rung, Luft\u00fcberlegenheit, Schutz vor Angriffen sowie pr\u00e4zise Schl\u00e4ge gegen Ziele in hunderten Kilometern Entfernung. Deutschland...","protected":false},"author":1,"featured_media":11164,"parent":9347,"menu_order":0,"comment_status":"closed","ping_status":"closed","template":"","meta":{"_acf_changed":false,"footnotes":""},"class_list":["post-9937","page","type-page","status-publish","has-post-thumbnail","hentry"],"acf":[],"_links":{"self":[{"href":"https:\/\/global-business-recruiting.de\/cs\/wp-json\/wp\/v2\/pages\/9937","targetHints":{"allow":["GET"]}}],"collection":[{"href":"https:\/\/global-business-recruiting.de\/cs\/wp-json\/wp\/v2\/pages"}],"about":[{"href":"https:\/\/global-business-recruiting.de\/cs\/wp-json\/wp\/v2\/types\/page"}],"author":[{"embeddable":true,"href":"https:\/\/global-business-recruiting.de\/cs\/wp-json\/wp\/v2\/users\/1"}],"replies":[{"embeddable":true,"href":"https:\/\/global-business-recruiting.de\/cs\/wp-json\/wp\/v2\/comments?post=9937"}],"version-history":[{"count":5,"href":"https:\/\/global-business-recruiting.de\/cs\/wp-json\/wp\/v2\/pages\/9937\/revisions"}],"predecessor-version":[{"id":11175,"href":"https:\/\/global-business-recruiting.de\/cs\/wp-json\/wp\/v2\/pages\/9937\/revisions\/11175"}],"up":[{"embeddable":true,"href":"https:\/\/global-business-recruiting.de\/cs\/wp-json\/wp\/v2\/pages\/9347"}],"wp:featuredmedia":[{"embeddable":true,"href":"https:\/\/global-business-recruiting.de\/cs\/wp-json\/wp\/v2\/media\/11164"}],"wp:attachment":[{"href":"https:\/\/global-business-recruiting.de\/cs\/wp-json\/wp\/v2\/media?parent=9937"}],"curies":[{"name":"wp","href":"https:\/\/api.w.org\/{rel}","templated":true}]}}