{"id":9941,"date":"2026-03-13T02:10:13","date_gmt":"2026-03-13T02:10:13","guid":{"rendered":"https:\/\/global-business-recruiting.de\/wissen\/flugzeugtraeger-dimensionen-typen-und-moderne-seemacht\/"},"modified":"2026-03-29T13:20:15","modified_gmt":"2026-03-29T13:20:15","slug":"logistika-technologie-letadlovych-lodi","status":"publish","type":"page","link":"https:\/\/global-business-recruiting.de\/cs\/wissen\/flugzeugtraeger-technik-logistik\/","title":{"rendered":"Technick\u00e9 po\u017eadavky na letadlov\u00e9 lod\u011b a slo\u017eit\u00e1 logistika, kter\u00e1 je s nimi spojena."},"content":{"rendered":"<section class=\"l-section wpb_row height_custom\"><div class=\"l-section-h i-cf\"><div class=\"g-cols vc_row via_grid cols_1 laptops-cols_inherit tablets-cols_inherit mobiles-cols_1 valign_top type_default stacking_default\"><div class=\"wpb_column vc_column_container\"><div class=\"vc_column-inner\"><div class=\"wpb_text_column\"><div class=\"wpb_wrapper\"><p>Letadlov\u00e9 lod\u011b pat\u0159\u00ed mezi<span>\u00a0<\/span><strong>nejslo\u017eit\u011bj\u0161\u00ed technick\u00e9 konstrukce<\/strong>, kter\u00e9 modern\u00ed stavba lod\u00ed p\u0159inesla. Nejsou to jen v\u00e1le\u010dn\u00e9 lod\u011b, ale<span>\u00a0<\/span><strong>Plovouc\u00ed leteck\u00e9 z\u00e1kladny<\/strong>, kter\u00e9 mohou trvale operovat na voln\u00e9m mo\u0159i. Nyn\u00ed, kdy\u017e jsou zn\u00e1my z\u00e1klady a rozm\u011bry r\u016fzn\u00fdch typ\u016f letadlov\u00fdch lod\u00ed, se pod\u00edvejme na<span>\u00a0<\/span><strong>technick\u00e9 po\u017eadavky<\/strong>, kter\u00fd<span>\u00a0<\/span><strong>Palubn\u00ed syst\u00e9my<\/strong><span>\u00a0<\/span>a<span>\u00a0<\/span><strong>komplexn\u00ed logistika<\/strong>, kter\u00e9 umo\u017e\u0148uj\u00ed v\u00fdstavbu a provoz dopravce.<\/p>\n<h2>R\u016fzn\u00e9 typy nosn\u00edk\u016f a jejich technick\u00e9 po\u017eadavky<\/h2>\n<p>V z\u00e1vislosti na zam\u00fd\u0161len\u00e9m pou\u017eit\u00ed a konstrukci se rozli\u0161uj\u00ed r\u016fzn\u00e9 typy podp\u011br. Na<span>\u00a0<\/span><strong>Posunut\u00ed<\/strong><span>\u00a0<\/span>se pohybuje p\u0159ibli\u017en\u011b od<span>\u00a0<\/span><strong>14 000 tun pro men\u0161\u00ed dopravce<\/strong><span>\u00a0<\/span>a\u017e do<span>\u00a0<\/span><strong>v\u00edce ne\u017e 100 000 tun pro velk\u00e9 flotily dopravc\u016f<\/strong>. S rostouc\u00ed velikost\u00ed se zvy\u0161uje nejen po\u010det letadel, ale tak\u00e9 jejich po\u010det.<span>\u00a0<\/span><strong>technick\u00e9, struktur\u00e1ln\u00ed a logistick\u00e9 po\u017eadavky<\/strong><span>\u00a0<\/span>exponenci\u00e1ln\u011b.<\/p>\n<p>P\u0159esto\u017ee N\u011bmecko samo \u017e\u00e1dn\u00e9 letadlov\u00e9 lod\u011b neprovozuje, n\u011bmeck\u00e9 lod\u011bnice maj\u00ed pot\u0159ebn\u00e9 odborn\u00e9 znalosti pro v\u00fdvoj a stavbu men\u0161\u00edch letadlov\u00fdch lod\u00ed, jako jsou tzv. baby carrier. Pat\u0159\u00ed sem mimo jin\u00e9: radarov\u00e9 a senzorov\u00e9 syst\u00e9my, naviga\u010dn\u00ed a manipula\u010dn\u00ed syst\u00e9my, technologie pohonu a z\u00e1sobov\u00e1n\u00ed energi\u00ed, jako\u017e i syst\u00e9my pro letov\u00fd provoz a \u0159\u00edzen\u00ed letov\u00e9ho provozu. Ve spolupr\u00e1ci se spojeneck\u00fdmi st\u00e1ty by tak bylo technicky mo\u017en\u00e9 navrhnout a realizovat kompletn\u00ed letadlovou lo\u010f.<\/p>\n<h2>Letadlov\u00e1 lo\u010f jako plovouc\u00ed m\u011bsto<\/h2>\n<p>Modern\u00ed letadlov\u00e1 lo\u010f je v\u00edc ne\u017e jen lo\u010f - p\u0159ipom\u00edn\u00e1 sp\u00ed\u0161e...<span>\u00a0<\/span><strong>mal\u00e9 m\u011bste\u010dko na b\u0159ehu mo\u0159e<\/strong>. Na palub\u011b pracuje n\u011bkolik tis\u00edc lid\u00ed, kte\u0159\u00ed pln\u00ed nejr\u016fzn\u011bj\u0161\u00ed \u00fakoly: Provoz a \u00fadr\u017eba lodn\u00edch syst\u00e9m\u016f, letov\u00fd provoz a \u00fadr\u017eba letadel, \u0159\u00edzen\u00ed letov\u00e9ho provozu a koordinace mis\u00ed, jako\u017e i bezpe\u010dnost a obsluha zbra\u0148ov\u00fdch syst\u00e9m\u016f. Tato obrovsk\u00e1 hustota person\u00e1lu klade vysok\u00e9 n\u00e1roky na<span>\u00a0<\/span><strong>Z\u00e1sobov\u00e1n\u00ed, ubytov\u00e1n\u00ed, bezpe\u010dnost a organizace<\/strong>.<\/p>\n<h2>Letov\u00e1 paluba - st\u0159edobod ka\u017ed\u00e9 letadlov\u00e9 lodi<\/h2>\n<p>Na str\u00e1nk\u00e1ch<span>\u00a0<\/span><strong>P\u0159ist\u00e1vac\u00ed paluba<\/strong><span>\u00a0<\/span>je hlavn\u00edm d\u016fvodem existence letadlov\u00e9 lodi a z\u00e1rove\u0148 jednou z nejv\u00edce nam\u00e1han\u00fdch konstrukc\u00ed na palub\u011b. Modern\u00ed letadlov\u00e9 lod\u011b v\u00e1\u017e\u00ed<span>\u00a0<\/span><strong>30 tun nebo v\u00edce<\/strong>. Na palubu dopadaj\u00ed vysokou rychlost\u00ed a p\u0159i maxim\u00e1ln\u00edm v\u00fdkonu motoru. To je zvl\u00e1\u0161t\u011b n\u00e1ro\u010dn\u00e9 pro letouny STOVL, kter\u00e9 p\u0159ist\u00e1vaj\u00ed vertik\u00e1ln\u011b nebo nakr\u00e1tko, a pro konven\u010dn\u00ed letouny na letadlov\u00fdch lod\u00edch s areta\u010dn\u00edmi h\u00e1ky.<\/p>\n<p>P\u0159i p\u0159ist\u00e1n\u00ed STOVL stoj\u00ed letadlo b\u011bhem p\u0159ist\u00e1n\u00ed na stabiliz\u00e1toru.<span>\u00a0<\/span><strong>extr\u00e9mn\u011b hork\u00fd a siln\u00fd proud v\u00fdfukov\u00fdch plyn\u016f<\/strong>, co\u017e by mohlo v\u00e9st k trval\u00e9mu po\u0161kozen\u00ed paluby, pokud by nebyla speci\u00e1ln\u011b navr\u017eena.<\/p>\n<h3>Vylo\u017een\u00ed z\u00e1chytn\u00e9ho lana - maxim\u00e1ln\u00ed nam\u00e1h\u00e1n\u00ed materi\u00e1lu<\/h3>\n<p>P\u0159i klasick\u00e9m p\u0159ist\u00e1n\u00ed na letadlov\u00e9 lodi pilot kr\u00e1tce p\u0159ed p\u0159ist\u00e1n\u00edm zapne motory.<span>\u00a0<\/span><strong>Pln\u00fd v\u00fdkon<\/strong>, proto\u017ee paluba nen\u00ed dostate\u010dn\u011b dlouh\u00e1 pro pr\u016fjezd. Pokud z\u00e1chytn\u00fd h\u00e1k mine z\u00e1chytn\u00e1 lana, hork\u00e9 v\u00fdfukov\u00e9 proudy sklouznou p\u0159es z\u00e1chytn\u00e1 lana.<span>\u00a0<\/span><strong>celkov\u00e1 d\u00e9lka paluby<\/strong>, ne\u017e letadlo na konci op\u011bt vzl\u00e9tne. Paluba mus\u00ed odolat v\u0161em t\u011bmto zat\u00ed\u017een\u00edm.<span>\u00a0<\/span><strong>trvale a opakovan\u011b<\/strong><span>\u00a0<\/span>sn\u00e1\u0161et.<\/p>\n<h2>Hang\u00e1rov\u00e1 paluba, v\u00fdtahy a vnit\u0159n\u00ed logistika<\/h2>\n<p>P\u0159\u00edmo pod p\u0159ist\u00e1vac\u00ed palubou se nach\u00e1z\u00ed<span>\u00a0<\/span><strong>Hang\u00e1rov\u00e1 paluba<\/strong>. Zde jsou letadla zaparkov\u00e1na, udr\u017eov\u00e1na, vyzbrojov\u00e1na a p\u0159ipravov\u00e1na na mise. Dopravu mezi hang\u00e1rem a letovou palubou zaji\u0161\u0165uj\u00ed<span>\u00a0<\/span><strong>obrovsk\u00e9 v\u00fdtahy<\/strong><span>\u00a0<\/span>pro pou\u017eit\u00ed. Jedin\u00fd vlek m\u016f\u017ee p\u0159epravovat dva st\u00edhac\u00ed letouny nebo t\u0159i vrtuln\u00edky najednou - s jedn\u00edm.<span>\u00a0<\/span><strong>Nosnost v\u00edce ne\u017e 60 tun<\/strong>. Modern\u00ed dopravci maj\u00ed nejm\u00e9n\u011b dva, ale \u010dasto i t\u0159i nebo \u010dty\u0159i takov\u00e9 v\u00fdtahy.<\/p>\n<p>Krom\u011b toho jsou zde men\u0161\u00ed v\u00fdtahy, kter\u00e9 bezpe\u010dn\u011b p\u0159epravuj\u00ed zbran\u011b z arzen\u00e1lu v hloubi lodi do hang\u00e1ru nebo p\u0159\u00edmo na letovou palubu.<\/p>\n<h2>Palivo, arzen\u00e1ly a velitelsk\u00e1 centra<\/h2>\n<p>Dal\u0161\u00edm kritick\u00fdm faktorem je<span>\u00a0<\/span><strong>Dopl\u0148ov\u00e1n\u00ed paliva do letadla<\/strong>. Aby byly motory p\u0159ipraveny k pou\u017eit\u00ed v co nejkrat\u0161\u00ed dob\u011b, jsou lod\u00ed vedeny kilometry palivov\u00e9ho potrub\u00ed a v\u00fdkonn\u00e9 \u010derpac\u00ed syst\u00e9my. Na str\u00e1nk\u00e1ch<span>\u00a0<\/span><strong>Arzen\u00e1ly<\/strong><span>\u00a0<\/span>jsou siln\u011b panc\u00e9\u0159ovan\u00e9 a navr\u017een\u00e9 tak, aby v\u00fdbuchy byly co nejv\u00edce izolovan\u00e9. Tak\u00e9<span>\u00a0<\/span><strong>Velitelsk\u00e1 centra<\/strong><span>\u00a0<\/span>jsou k dispozici ve v\u00edce redundantn\u00edch verz\u00edch, tak\u017ee nosi\u010d s\u00e1m o sob\u011b<span>\u00a0<\/span><strong>schopn\u00e9 veden\u00ed<\/strong><span>\u00a0<\/span>poz\u016fstatky. K dispozici jsou tak\u00e9 syst\u00e9my elektronick\u00e9ho ru\u0161en\u00ed, syst\u00e9my protivzdu\u0161n\u00e9 obrany a obrany zbl\u00edzka.<\/p>\n<h2>Pl\u00e1nov\u00e1n\u00ed, konstrukce a integrace syst\u00e9mu<\/h2>\n<p>Projektov\u00e1n\u00ed letadlov\u00e9 lodi vy\u017eaduje spolupr\u00e1ci mnoha obor\u016f: lodn\u00edch in\u017een\u00fdr\u016f, leteck\u00fdch odborn\u00edk\u016f, zbrojn\u00edch technik\u016f, logistik\u016f a bezpe\u010dnostn\u00edch specialist\u016f. To zahrnuje nejen vypracov\u00e1n\u00ed konstruk\u010dn\u00edch pl\u00e1n\u016f, ale tak\u00e9 koncepce provozu, postup\u016f \u00fadr\u017eby a strategi\u00ed pro p\u0159\u00edpad nouze. C\u00edlem je vyu\u017e\u00edt letadlovou lo\u010f jako<span>\u00a0<\/span><strong>trvale funk\u010dn\u00ed mobiln\u00ed leteck\u00e1 z\u00e1kladna<\/strong><span>\u00a0<\/span>vylo\u017eit.<\/p>\n<h2>Komplexn\u00ed stavebn\u00ed procesy a glob\u00e1ln\u00ed logistika<\/h2>\n<p>V\u00fdstavba letadlov\u00e9 lodi je rozs\u00e1hl\u00fd logistick\u00fd projekt. Je t\u0159eba objednat, vyrobit, p\u0159epravit a nainstalovat tis\u00edce komponent\u016f a syst\u00e9m\u016f v pl\u00e1novan\u00e9m term\u00ednu. Mont\u00e1\u017e prefabrikovan\u00fdch segment\u016f trupu prob\u00edh\u00e1 soub\u011b\u017en\u011b s instalac\u00ed strojn\u00edho za\u0159\u00edzen\u00ed, elektroniky, radaru a zbra\u0148ov\u00fdch syst\u00e9m\u016f. Pot\u00e9 n\u00e1sleduj\u00ed zkou\u0161ky syst\u00e9m\u016f, simulace letov\u00e9ho provozu a bezpe\u010dnostn\u00ed a nouzov\u00e9 postupy. Nen\u00ed tedy divu, \u017ee stavba letadlov\u00e9 lodi je velmi n\u00e1ro\u010dn\u00e1.<span>\u00a0<\/span><strong>mnoho let<\/strong><span>\u00a0<\/span>se pou\u017e\u00edv\u00e1.<\/p>\n<h2>Z\u00e1v\u011br<\/h2>\n<p>Letadlov\u00e9 lod\u011b pat\u0159\u00ed mezi<span>\u00a0<\/span><strong>technicky nejn\u00e1ro\u010dn\u011bj\u0161\u00ed a logisticky nejslo\u017eit\u011bj\u0161\u00ed stavby.<\/strong>, kter\u00e9 kdy \u010dlov\u011bk stvo\u0159il. Na velmi mal\u00e9m prostoru kombinuj\u00ed stavbu lod\u00ed, letectv\u00ed, elektroniku, zbra\u0148ov\u00e9 technologie a logistiku. Jejich v\u00fdstavba vy\u017eaduje nejen obrovsk\u00e9 finan\u010dn\u00ed prost\u0159edky, ale tak\u00e9<span>\u00a0<\/span><strong>Desetilet\u00ed zku\u0161enost\u00ed a mezin\u00e1rodn\u00ed spolupr\u00e1ce<\/strong>.<\/p>\n<p>V\u00edce informac\u00ed o typech a oblastech pou\u017eit\u00ed letadlov\u00fdch lod\u00ed najdete v na\u0161em \u010dl\u00e1nku.<span>\u00a0<\/span><a href=\"https:\/\/global-business-recruiting.de\/cs\/znat\/typy-letadel-namorni-sila\/\">Letadlov\u00e9 lod\u011b: rozm\u011bry, typy a modern\u00ed n\u00e1mo\u0159n\u00ed s\u00edla<\/a>. N\u00e1\u0161 \u010dl\u00e1nek poskytuje p\u0159ehled o lod\u011bnic\u00edch a stavb\u011b lod\u00ed v N\u011bmecku.<span>\u00a0<\/span><a href=\"https:\/\/global-business-recruiting.de\/cs\/znat\/prehled-nemeckych-lodenic\/\">P\u0159ehled n\u011bmeck\u00fdch lod\u011bnic<\/a>.<\/p>\n<h2>\u010casto kladen\u00e9 ot\u00e1zky o technick\u00fdch po\u017eadavc\u00edch na letadlov\u00e9 lod\u011b<\/h2>\n<\/div><\/div><div class=\"w-separator size_small\"><\/div><div class=\"w-tabs style_default switch_click accordion type_togglable has_scrolling\" style=\"--sections-title-size:inherit\"><div class=\"w-tabs-sections titles-align_none icon_chevron cpos_right\"><div class=\"w-tabs-section\" id=\"i60d\" itemscope itemprop=\"mainEntity\" itemtype=\"https:\/\/schema.org\/Question\"><button class=\"w-tabs-section-header\" aria-controls=\"content-i60d\" aria-expanded=\"false\"><div class=\"w-tabs-section-title\" itemprop=\"name\">Pro\u010d jsou letadlov\u00e9 lod\u011b tak technicky slo\u017eit\u00e9?<\/div><div class=\"w-tabs-section-control\"><\/div><\/button><div  class=\"w-tabs-section-content\" id=\"content-i60d\" itemscope itemprop=\"acceptedAnswer\" itemtype=\"https:\/\/schema.org\/Answer\"><div class=\"w-tabs-section-content-h i-cf\" itemprop=\"text\"><div class=\"wpb_text_column\"><div class=\"wpb_wrapper\"><p>Letadlov\u00e9 lod\u011b mus\u00ed fungovat sou\u010dasn\u011b jako lo\u010f, leti\u0161t\u011b, zbra\u0148ov\u00fd syst\u00e9m, kas\u00e1rna a logistick\u00e1 z\u00e1kladna. To vy\u017eaduje integraci extr\u00e9mn\u011b odli\u0161n\u00fdch syst\u00e9m\u016f - od lodn\u00edch motor\u016f a katapult\u016f a\u017e po radarovou techniku, sklady zbran\u00ed a o\u0161et\u0159ovny - ve velmi omezen\u00e9m prostoru a v hlubokomo\u0159sk\u00fdch podm\u00ednk\u00e1ch.<\/p>\n<\/div><\/div><\/div><\/div><\/div><div class=\"w-tabs-section\" id=\"y6e2\" itemscope itemprop=\"mainEntity\" itemtype=\"https:\/\/schema.org\/Question\"><button class=\"w-tabs-section-header\" aria-controls=\"content-y6e2\" aria-expanded=\"false\"><div class=\"w-tabs-section-title\" itemprop=\"name\">Jak velk\u00e1 je z\u00e1t\u011b\u017e na letov\u00e9 palub\u011b letadlov\u00e9 lodi?<\/div><div class=\"w-tabs-section-control\"><\/div><\/button><div  class=\"w-tabs-section-content\" id=\"content-y6e2\" itemscope itemprop=\"acceptedAnswer\" itemtype=\"https:\/\/schema.org\/Answer\"><div class=\"w-tabs-section-content-h i-cf\" itemprop=\"text\"><div class=\"wpb_text_column\"><div class=\"wpb_wrapper\"><p>Letouny letadlov\u00fdch lod\u00ed v\u00e1\u017e\u00ed p\u0159i p\u0159ist\u00e1n\u00ed 30 tun a v\u00edce a na palubu dopadaj\u00ed vysokou rychlost\u00ed a s pln\u00fdm v\u00fdkonem motor\u016f. Paluba mus\u00ed trvale a opakovan\u011b odol\u00e1vat t\u011bmto zat\u00ed\u017een\u00edm od z\u00e1chytn\u00fdch h\u00e1k\u016f, v\u00fdfukov\u00fdch trysek a proudov\u00fdch motor\u016f STOVL, co\u017e p\u0159edstavuje obrovsk\u00e9 n\u00e1roky na materi\u00e1ly a konstrukci.<\/p>\n<\/div><\/div><\/div><\/div><\/div><div class=\"w-tabs-section\" id=\"w7d8\" itemscope itemprop=\"mainEntity\" itemtype=\"https:\/\/schema.org\/Question\"><button class=\"w-tabs-section-header\" aria-controls=\"content-w7d8\" aria-expanded=\"false\"><div class=\"w-tabs-section-title\" itemprop=\"name\">Jak funguje logistika na palub\u011b letadlov\u00e9 lodi?<\/div><div class=\"w-tabs-section-control\"><\/div><\/button><div  class=\"w-tabs-section-content\" id=\"content-w7d8\" itemscope itemprop=\"acceptedAnswer\" itemtype=\"https:\/\/schema.org\/Answer\"><div class=\"w-tabs-section-content-h i-cf\" itemprop=\"text\"><div class=\"wpb_text_column\"><div class=\"wpb_wrapper\"><p>Na palub\u011b pracuje n\u011bkolik tis\u00edc lid\u00ed, kte\u0159\u00ed jsou koordinov\u00e1ni slo\u017eit\u00fdm syst\u00e9mem hang\u00e1rov\u00e9 paluby, letadlov\u00fdch v\u00fdtah\u016f (nosnost p\u0159es 60 tun), palivov\u00fdch linek, zbra\u0148ov\u00fdch v\u00fdtah\u016f a velitelsk\u00fdch st\u0159edisek. Redundantn\u00ed syst\u00e9my zaji\u0161\u0165uj\u00ed, \u017ee letadlov\u00e1 lo\u010f z\u016fstane v provozu i po z\u00e1sahu.<\/p>\n<\/div><\/div><\/div><\/div><\/div><div class=\"w-tabs-section\" id=\"g8a6\" itemscope itemprop=\"mainEntity\" itemtype=\"https:\/\/schema.org\/Question\"><button class=\"w-tabs-section-header\" aria-controls=\"content-g8a6\" aria-expanded=\"false\"><div class=\"w-tabs-section-title\" itemprop=\"name\">Mohou n\u011bmeck\u00e9 lod\u011bnice stav\u011bt letadlov\u00e9 lod\u011b?<\/div><div class=\"w-tabs-section-control\"><\/div><\/button><div  class=\"w-tabs-section-content\" id=\"content-g8a6\" itemscope itemprop=\"acceptedAnswer\" itemtype=\"https:\/\/schema.org\/Answer\"><div class=\"w-tabs-section-content-h i-cf\" itemprop=\"text\"><div class=\"wpb_text_column\"><div class=\"wpb_wrapper\"><p>Z technick\u00e9ho hlediska ano - n\u011bmeck\u00e9 lod\u011bnice maj\u00ed odborn\u00e9 znalosti v oblasti radarov\u00fdch a senzorov\u00fdch syst\u00e9m\u016f, pohonn\u00fdch technologi\u00ed, syst\u00e9m\u016f nav\u00e1d\u011bn\u00ed lod\u00ed a syst\u00e9m\u016f \u0159\u00edzen\u00ed letov\u00e9ho provozu, kter\u00e9 jsou pro letadlov\u00e9 lod\u011b nezbytn\u00e9. Kompletn\u00ed projekt letadlov\u00e9 lodi by mohl b\u00fdt realizov\u00e1n ve spolupr\u00e1ci se spojenci, pokud to umo\u017en\u00ed politick\u00e9 a pr\u00e1vn\u00ed podm\u00ednky.<\/p>\n<\/div><\/div><\/div><\/div><\/div><div class=\"w-tabs-section\" id=\"w972\" itemscope itemprop=\"mainEntity\" itemtype=\"https:\/\/schema.org\/Question\"><button class=\"w-tabs-section-header\" aria-controls=\"content-w972\" aria-expanded=\"false\"><div class=\"w-tabs-section-title\" itemprop=\"name\">Jak dlouho trv\u00e1 stavba letadlov\u00e9 lodi?<\/div><div class=\"w-tabs-section-control\"><\/div><\/button><div  class=\"w-tabs-section-content\" id=\"content-w972\" itemscope itemprop=\"acceptedAnswer\" itemtype=\"https:\/\/schema.org\/Answer\"><div class=\"w-tabs-section-content-h i-cf\" itemprop=\"text\"><div class=\"wpb_text_column\"><div class=\"wpb_wrapper\"><p>V\u00fdstavba modern\u00ed letadlov\u00e9 lodi trv\u00e1 obvykle mnoho let - od pl\u00e1nov\u00e1n\u00ed p\u0159es v\u00fdrobu segment\u016f trupu, integraci syst\u00e9m\u016f, testovac\u00ed f\u00e1ze a\u017e po uveden\u00ed do provozu trv\u00e1 \u010dasto deset i v\u00edce let. Glob\u00e1ln\u00ed dodavatelsk\u00fd \u0159et\u011bzec tis\u00edc\u016f specializovan\u00fdch komponent\u016f \u010din\u00ed tento proces je\u0161t\u011b slo\u017eit\u011bj\u0161\u00edm.<\/p>\n<\/div><\/div><\/div><\/div><\/div><\/div><\/div><\/div><\/div><\/div><\/div><\/section>","protected":false},"excerpt":{"rendered":"Flugzeugtr\u00e4ger z\u00e4hlen zu den\u00a0komplexesten technischen Konstruktionen, die der moderne Schiffbau hervorgebracht hat. Sie sind nicht nur Kriegsschiffe, sondern\u00a0schwimmende Luftwaffenst\u00fctzpunkte, die dauerhaft auf hoher See operieren k\u00f6nnen. Nachdem die Grundlagen und Dimensionen der verschiedenen Tr\u00e4gertypen bekannt sind, folgt nun der Blick auf die\u00a0technischen Anforderungen, die\u00a0Bordsysteme\u00a0sowie die\u00a0aufwendige Logistik, die Bau und Betrieb eines Tr\u00e4gers erst m\u00f6glich machen....","protected":false},"author":1,"featured_media":11165,"parent":9347,"menu_order":0,"comment_status":"closed","ping_status":"closed","template":"","meta":{"_acf_changed":false,"footnotes":""},"class_list":["post-9941","page","type-page","status-publish","has-post-thumbnail","hentry"],"acf":[],"_links":{"self":[{"href":"https:\/\/global-business-recruiting.de\/cs\/wp-json\/wp\/v2\/pages\/9941","targetHints":{"allow":["GET"]}}],"collection":[{"href":"https:\/\/global-business-recruiting.de\/cs\/wp-json\/wp\/v2\/pages"}],"about":[{"href":"https:\/\/global-business-recruiting.de\/cs\/wp-json\/wp\/v2\/types\/page"}],"author":[{"embeddable":true,"href":"https:\/\/global-business-recruiting.de\/cs\/wp-json\/wp\/v2\/users\/1"}],"replies":[{"embeddable":true,"href":"https:\/\/global-business-recruiting.de\/cs\/wp-json\/wp\/v2\/comments?post=9941"}],"version-history":[{"count":6,"href":"https:\/\/global-business-recruiting.de\/cs\/wp-json\/wp\/v2\/pages\/9941\/revisions"}],"predecessor-version":[{"id":11174,"href":"https:\/\/global-business-recruiting.de\/cs\/wp-json\/wp\/v2\/pages\/9941\/revisions\/11174"}],"up":[{"embeddable":true,"href":"https:\/\/global-business-recruiting.de\/cs\/wp-json\/wp\/v2\/pages\/9347"}],"wp:featuredmedia":[{"embeddable":true,"href":"https:\/\/global-business-recruiting.de\/cs\/wp-json\/wp\/v2\/media\/11165"}],"wp:attachment":[{"href":"https:\/\/global-business-recruiting.de\/cs\/wp-json\/wp\/v2\/media?parent=9941"}],"curies":[{"name":"wp","href":"https:\/\/api.w.org\/{rel}","templated":true}]}}