{"id":9945,"date":"2026-03-13T02:23:36","date_gmt":"2026-03-13T02:23:36","guid":{"rendered":"https:\/\/global-business-recruiting.de\/wissen\/die-technischen-anforderungen-von-flugzeugtraegern-und-die-komplexe-logistik-dahinter\/"},"modified":"2026-03-29T13:21:01","modified_gmt":"2026-03-29T13:21:01","slug":"materialy-pro-svarovani","status":"publish","type":"page","link":"https:\/\/global-business-recruiting.de\/cs\/wissen\/schweissen-verfahren-werkstoffe\/","title":{"rendered":"Co lze sva\u0159ovat?"},"content":{"rendered":"<section class=\"l-section wpb_row height_custom\"><div class=\"l-section-h i-cf\"><div class=\"g-cols vc_row via_grid cols_1 laptops-cols_inherit tablets-cols_inherit mobiles-cols_1 valign_top type_default stacking_default\"><div class=\"wpb_column vc_column_container\"><div class=\"vc_column-inner\"><div class=\"wpb_text_column\"><div class=\"wpb_wrapper\"><p>Sva\u0159ov\u00e1n\u00ed ji\u017e d\u00e1vno prok\u00e1zalo sv\u016fj v\u00fdznam. Mno\u017estv\u00ed proces\u016f a d\u00edl\u010d\u00edch postup\u016f dokazuje, \u017ee tento zp\u016fsob trval\u00e9ho a stabiln\u00edho spojov\u00e1n\u00ed sou\u010d\u00e1st\u00ed nab\u00fdv\u00e1 na v\u00fdznamu. Proto je d\u016fle\u017eit\u00e9 p\u0159edev\u0161\u00edm pochopit, co lze sva\u0159ovat: Kter\u00e9 materi\u00e1ly jsou vhodn\u00e9 a u kter\u00fdch se sva\u0159ov\u00e1n\u00ed nedoporu\u010duje?<\/p>\n<p>Ot\u00e1zka, zda lze materi\u00e1l sva\u0159ovat, mus\u00ed vych\u00e1zet z r\u016fzn\u00fdch faktor\u016f. Mezi n\u011b pat\u0159\u00ed vhodnost pro sva\u0159ov\u00e1n\u00ed, bezpe\u010dnost sva\u0159ov\u00e1n\u00ed a sva\u0159itelnost. Tato krit\u00e9ria vych\u00e1zej\u00ed ze samotn\u00fdch materi\u00e1l\u016f a prost\u0159ed\u00ed. Samotn\u00fd materi\u00e1l mus\u00ed b\u00fdt vhodn\u00fd pro sva\u0159ov\u00e1n\u00ed. Krom\u011b toho mus\u00ed b\u00fdt sva\u0159ovac\u00ed prost\u0159ed\u00ed bezpe\u010dn\u00e9 - mus\u00ed b\u00fdt mo\u017en\u00e9 aplikovat teplo bez vzniku vad a deformac\u00ed.<\/p>\n<h2>Kter\u00fd materi\u00e1l nen\u00ed vhodn\u00fd pro sva\u0159ov\u00e1n\u00ed<\/h2>\n<p>N\u011bkter\u00e9 specifick\u00e9 skupiny materi\u00e1l\u016f lze ze sva\u0159ov\u00e1n\u00ed vylou\u010dit ji\u017e od po\u010d\u00e1tku. Pat\u0159\u00ed mezi n\u011b v\u0161echny materi\u00e1ly, kter\u00e9 p\u0159edstavuj\u00ed nebezpe\u010d\u00ed po\u017e\u00e1ru nebo v\u00fdbuchu. To znamen\u00e1, \u017ee tavn\u00e9 sva\u0159ov\u00e1n\u00ed nen\u00ed za \u017e\u00e1dn\u00fdch okolnost\u00ed mo\u017en\u00e9. To v\u0161ak tak\u00e9 znamen\u00e1, \u017ee v p\u0159\u00edpad\u011b tavn\u00e9ho sva\u0159ov\u00e1n\u00ed nejen\u017ee nelze tyto materi\u00e1ly zpracov\u00e1vat - mus\u00ed b\u00fdt tak\u00e9 odstran\u011bny z bl\u00edzkosti sva\u0159ovac\u00edch prac\u00ed.<\/p>\n<p>Rovn\u011b\u017e nen\u00ed mo\u017en\u00e9 sva\u0159ovat nic, co se p\u0159i p\u016fsoben\u00ed tepla sp\u00ed\u0161e l\u00e1me ne\u017e deformuje. To je hlavn\u00ed d\u016fvod, pro\u010d lze kovy sva\u0159ovat: Proto se sp\u00ed\u0161e oh\u00fdb\u00e1, ne\u017e l\u00e1me. Proti l\u00e1m\u00e1n\u00ed lze pou\u017e\u00edt nov\u00e9 sva\u0159ovac\u00ed postupy - d\u00edky tomu je nyn\u00ed mo\u017en\u00e9 sva\u0159ov\u00e1n\u00edm spojovat tak\u00e9 sklo a plasty. Je v\u0161ak nutn\u00e9 zajistit, aby p\u0159\u00edkon tepla byl n\u00edzk\u00fd a p\u0159edev\u0161\u00edm p\u0159esn\u011b kontrolovan\u00fd.<\/p>\n<h2>Proces sva\u0159ov\u00e1n\u00ed<\/h2>\n<p>Sva\u0159ovac\u00ed proces je tak\u00e9 rozhoduj\u00edc\u00edm faktorem, zda lze materi\u00e1l sva\u0159ovat, nebo ne. Dokonce i u kov\u016f, kter\u00e9 lze obvykle v\u0161echny sva\u0159ovat, n\u011bkdy z\u00e1le\u017e\u00ed na tom, jak\u00fd sva\u0159ovac\u00ed postup je zvolen a zda je lze spojit, \u010di nikoli.<\/p>\n<p>U nekovov\u00fdch materi\u00e1l\u016f je v\u00fdb\u011br dostupn\u00fdch postup\u016f je\u0161t\u011b omezen\u011bj\u0161\u00ed. Nap\u0159\u00edklad sklo lze spojovat pouze sva\u0159ov\u00e1n\u00edm laserov\u00fdm paprskem. Pro plasty je vhodn\u00e9 pouze sva\u0159ov\u00e1n\u00ed t\u0159en\u00edm a ultrazvukem.<\/p>\n<h2>Vhodnost pro sva\u0159ov\u00e1n\u00ed<\/h2>\n<p>Vhodnost pro sva\u0159ov\u00e1n\u00ed se t\u00fdk\u00e1 v\u0161ech vlastnost\u00ed samotn\u00e9 tkaniny. Mus\u00ed b\u00fdt schopna se neodd\u011bliteln\u011b spojit se stejn\u00fdm nebo podobn\u00fdm materi\u00e1lem se zvolenou variantou sva\u0159ov\u00e1n\u00ed. P\u0159edev\u0161\u00edm to znamen\u00e1, \u017ee svar lze v\u016fbec vytvo\u0159it. N\u00e1sleduje schopnost tento svar trvale umo\u017enit a nakonec mus\u00ed b\u00fdt svar schopen odolat budouc\u00edmu nam\u00e1h\u00e1n\u00ed.<\/p>\n<h2>Mo\u017enost sva\u0159ov\u00e1n\u00ed<\/h2>\n<p>Schopnost sva\u0159ov\u00e1n\u00ed se vztahuje na za\u0159\u00edzen\u00ed. To mus\u00ed b\u00fdt dostate\u010dn\u00e9 pro proveden\u00ed sva\u0159ovac\u00edho procesu podle po\u017eadavk\u016f na zvolen\u00e9m m\u00edst\u011b. To znamen\u00e1, \u017ee pracovi\u0161t\u011b mus\u00ed b\u00fdt pro dan\u00fd proces spr\u00e1vn\u011b nastaveno.<\/p>\n<h2>Bezpe\u010dnost p\u0159i sva\u0159ov\u00e1n\u00ed<\/h2>\n<p>Bezpe\u010dnost sva\u0159ov\u00e1n\u00ed popisuje pravd\u011bpodobnost v\u00fdskytu deformac\u00ed a jin\u00fdch poruch. T\u00fdk\u00e1 se p\u0159edev\u0161\u00edm vlivu prost\u0159ed\u00ed na zvolen\u00fd sva\u0159ovac\u00ed proces.<\/p>\n<h2>Vlastnosti materi\u00e1lu<\/h2>\n<p>Vlastnosti materi\u00e1lu hraj\u00ed z\u00e1sadn\u00ed roli p\u0159i rozhodov\u00e1n\u00ed o tom, zda je sva\u0159ov\u00e1n\u00ed v\u016fbec mo\u017en\u00e9. Je t\u0159eba zajistit, aby bylo mo\u017en\u00e9 vytvo\u0159it svar po\u017eadovan\u00e9 kvality. Krom\u011b toho mus\u00ed b\u00fdt tento svar dosa\u017eiteln\u00fd za ekonomicky od\u016fvodnitelnou cenu. To ji\u017e vylu\u010duje \u0159adu materi\u00e1l\u016f.<\/p>\n<p>Aby bylo dosa\u017eeno p\u0159esn\u00fdch v\u00fdsledk\u016f, mus\u00ed b\u00fdt tak\u00e9 p\u0159\u00edtomna ur\u010dit\u00e1 m\u00edra tv\u00e1\u0159itelnosti za tepla. Sv\u00e1\u0159e\u010di mus\u00ed p\u0159ed zah\u00e1jen\u00edm procesu odpov\u00eddaj\u00edc\u00edm zp\u016fsobem zkontrolovat vlastnosti materi\u00e1lu.<\/p>\n<p>Velmi d\u016fle\u017eit\u00e1 je vysok\u00e1 tvarovatelnost v tepl\u00e9m stavu. Je\u0161t\u011b d\u016fle\u017eit\u011bj\u0161\u00ed v\u0161ak je, aby si materi\u00e1l zachoval svou p\u016fvodn\u00ed pevnost po ochlazen\u00ed. Krom\u011b toho by v procesu tavn\u00e9ho sva\u0159ov\u00e1n\u00ed m\u011bla b\u00fdt teplota t\u00e1n\u00ed materi\u00e1l\u016f, pokud je jich v\u00edce, co nejpodobn\u011bj\u0161\u00ed. Pokud je rozd\u00edl p\u0159\u00edli\u0161 velk\u00fd, je dosa\u017een\u00ed po\u017eadovan\u00e9ho v\u00fdsledku obt\u00ed\u017en\u011bj\u0161\u00ed a m\u016f\u017ee b\u00fdt dokonce nemo\u017en\u00e9.<\/p>\n<p>Dal\u0161\u00ed d\u016fle\u017eitou funkc\u00ed je<span>\u00a0<\/span><strong>Tepeln\u00e1 vodivost<\/strong>. P\u0159i tavn\u00e9m sva\u0159ov\u00e1n\u00ed se do materi\u00e1lu p\u0159iv\u00e1d\u00ed teplo, kter\u00e9 zp\u016fsob\u00ed jeho roztaven\u00ed v ur\u010dit\u00e9m bod\u011b. Vysok\u00e1 tepeln\u00e1 vodivost znamen\u00e1, \u017ee materi\u00e1l toto teplo odv\u00e1d\u00ed - jin\u00fdmi slovy, ke kompenzaci ztr\u00e1t je zapot\u0159eb\u00ed odpov\u00eddaj\u00edc\u00edho v\u011bt\u0161\u00edho p\u0159\u00edkonu tepla. Naopak ni\u017e\u0161\u00ed tepeln\u00e1 vodivost vy\u017eaduje m\u00e9n\u011b tepla, proto\u017ee to z\u016fst\u00e1v\u00e1 v po\u017eadovan\u00e9m m\u00edst\u011b, m\u00edsto aby bylo okam\u017eit\u011b odv\u00e1d\u011bno. Je v\u0161ak t\u0159eba m\u00edt na pam\u011bti, \u017ee sklo, plast a dal\u0161\u00ed materi\u00e1ly s n\u00edzkou tepelnou vodivost\u00ed maj\u00ed tendenci praskat nebo se l\u00e1mat.<\/p>\n<p>D\u00e1le je tu chemie: p\u0159i tavn\u00e9m sva\u0159ov\u00e1n\u00ed se materi\u00e1ly zah\u0159\u00edvaj\u00ed a\u017e na bod t\u00e1n\u00ed. P\u0159\u00edpadn\u011b se p\u016fsob\u00ed velkou silou. Oboj\u00ed m\u016f\u017ee v\u00e9st ke zm\u011bn\u011b chemick\u00e9ho slo\u017een\u00ed materi\u00e1l\u016f v p\u0159\u00edslu\u0161n\u00fdch oblastech. Tato zm\u011bna m\u016f\u017ee zp\u016fsobit zhor\u0161en\u00ed vlastnost\u00ed materi\u00e1l\u016f, a t\u00edm vylou\u010dit sva\u0159ov\u00e1n\u00ed jako metodu spojov\u00e1n\u00ed.<\/p>\n<p>Pokud se m\u00e1 ocel sva\u0159ovat, z\u00e1vis\u00ed jej\u00ed vhodnost na obsahu uhl\u00edku. Pokud je obsah uhl\u00edku vy\u0161\u0161\u00ed ne\u017e 0,2 %, je t\u0159eba pro tento proces p\u0159ijmout zvl\u00e1\u0161tn\u00ed opat\u0159en\u00ed. P\u0159i takto vysok\u00e9m obsahu uhl\u00edku hroz\u00ed vznik trhlin - tomu v\u0161ak lze zabr\u00e1nit p\u0159edeh\u0159evem a \u017e\u00edh\u00e1n\u00edm na uvoln\u011bn\u00ed nap\u011bt\u00ed. Pokud se slitiny sva\u0159uj\u00ed, je t\u0159eba db\u00e1t opatrnosti i zde: I mal\u00fd pod\u00edl leguj\u00edc\u00edch prvk\u016f m\u016f\u017ee v\u00fdrazn\u011b ovlivnit vlastnosti materi\u00e1lu. Proto m\u016f\u017ee b\u00fdt nutn\u00e9 pou\u017e\u00edt jin\u00e9 sva\u0159ovac\u00ed postupy, kter\u00e9 jsou pro danou slitinu vhodn\u011bj\u0161\u00ed.<\/p>\n<h2>Kter\u00e9 materi\u00e1ly jsou vhodn\u00e9 pro sva\u0159ov\u00e1n\u00ed<\/h2>\n<p>Pro sva\u0159ov\u00e1n\u00ed jsou obvykle vhodn\u00e9 kovy. Maj\u00ed k tomu pot\u0159ebnou ta\u017enost - jin\u00fdmi slovy, lze je za tepla oh\u00fdbat, m\u00edsto aby se jednodu\u0161e zlomily. To plat\u00ed jak pro oceli, tak pro \u017eelezn\u00e9 kovy a samoz\u0159ejm\u011b i pro ne\u017eelezn\u00e9 kovy.<\/p>\n<p>Zde jsou uvedeny sva\u0159ovac\u00ed procesy a materi\u00e1ly, kter\u00e9 lze s jejich pomoc\u00ed zpracov\u00e1vat:<\/p>\n<table>\n<thead>\n<tr>\n<th>Proces sva\u0159ov\u00e1n\u00ed<\/th>\n<th>Materi\u00e1ly<\/th>\n<\/tr>\n<\/thead>\n<tbody>\n<tr>\n<td>Plynov\u00e9 tavn\u00e9 sva\u0159ov\u00e1n\u00ed<\/td>\n<td>Nelegovan\u00e9 oceli<\/td>\n<\/tr>\n<tr>\n<td>Ru\u010dn\u00ed elektrick\u00e9 sva\u0159ov\u00e1n\u00ed<\/td>\n<td>V\u0161echny oceli<\/td>\n<\/tr>\n<tr>\n<td>Sva\u0159ov\u00e1n\u00ed metodou MIG<\/td>\n<td>Legovan\u00e9 oceli, ne\u017eelezn\u00e9 kovy<\/td>\n<\/tr>\n<tr>\n<td>Sva\u0159ov\u00e1n\u00ed MAG<\/td>\n<td>V\u0161echny oceli<\/td>\n<\/tr>\n<tr>\n<td>Sva\u0159ov\u00e1n\u00ed metodou TIG<\/td>\n<td>V\u0161echny kovy<\/td>\n<\/tr>\n<tr>\n<td>Odporov\u00e9 sva\u0159ov\u00e1n\u00ed<\/td>\n<td>V\u0161echny kovy<\/td>\n<\/tr>\n<tr>\n<td>Plazmov\u00e9 sva\u0159ov\u00e1n\u00ed<\/td>\n<td>V\u0161echny oceli, lehk\u00e9 kovy<\/td>\n<\/tr>\n<tr>\n<td>Sva\u0159ov\u00e1n\u00ed ultrazvukem<\/td>\n<td>Kovy, plasty<\/td>\n<\/tr>\n<tr>\n<td>Sva\u0159ov\u00e1n\u00ed laserov\u00fdm paprskem<\/td>\n<td>V\u0161echny oceli, lehk\u00e9 kovy, sklo<\/td>\n<\/tr>\n<tr>\n<td>Tlakov\u00e9 sva\u0159ov\u00e1n\u00ed za studena<\/td>\n<td>Ne\u017eelezn\u00e9 kovy, keramika<\/td>\n<\/tr>\n<tr>\n<td>T\u0159ec\u00ed sva\u0159ov\u00e1n\u00ed<\/td>\n<td>Kovy, plasty<\/td>\n<\/tr>\n<tr>\n<td>V\u00fdbu\u0161n\u00e9 sva\u0159ov\u00e1n\u00ed<\/td>\n<td>Kovy<\/td>\n<\/tr>\n<\/tbody>\n<\/table>\n<p>V\u00edce informac\u00ed o r\u016fzn\u00fdch sva\u0159ovac\u00edch poloh\u00e1ch a jejich praktick\u00e9m vyu\u017eit\u00ed najdete v na\u0161em \u010dl\u00e1nku.<span>\u00a0<\/span><a href=\"https:\/\/global-business-recruiting.de\/cs\/znat\/pozice-pro-svarovani\/\">Pozice pro sva\u0159ov\u00e1n\u00ed<\/a>.<\/p>\n<h2>\u010casto kladen\u00e9 ot\u00e1zky o sva\u0159ovac\u00edch procesech a materi\u00e1lech<\/h2>\n<\/div><\/div><div class=\"w-separator size_small\"><\/div><div class=\"w-tabs style_default switch_click accordion type_togglable has_scrolling\" style=\"--sections-title-size:inherit\"><div class=\"w-tabs-sections titles-align_none icon_chevron cpos_right\"><div class=\"w-tabs-section\" id=\"r7a5\" itemscope itemprop=\"mainEntity\" itemtype=\"https:\/\/schema.org\/Question\"><button class=\"w-tabs-section-header\" aria-controls=\"content-r7a5\" aria-expanded=\"false\"><div class=\"w-tabs-section-title\" itemprop=\"name\">Kter\u00e9 materi\u00e1ly nelze sva\u0159ovat?<\/div><div class=\"w-tabs-section-control\"><\/div><\/button><div  class=\"w-tabs-section-content\" id=\"content-r7a5\" itemscope itemprop=\"acceptedAnswer\" itemtype=\"https:\/\/schema.org\/Answer\"><div class=\"w-tabs-section-content-h i-cf\" itemprop=\"text\"><div class=\"wpb_text_column\"><div class=\"wpb_wrapper\"><p>Materi\u00e1ly s nebezpe\u010d\u00edm po\u017e\u00e1ru nebo v\u00fdbuchu jsou obecn\u011b vylou\u010deny z tavn\u00e9ho sva\u0159ov\u00e1n\u00ed - mus\u00ed b\u00fdt tak\u00e9 odstran\u011bny z prost\u0159ed\u00ed sva\u0159ov\u00e1n\u00ed. Nevhodn\u00e9 jsou tak\u00e9 materi\u00e1ly, kter\u00e9 se p\u0159i p\u016fsoben\u00ed tepla m\u00edsto deformace l\u00e1mou, pokud se nepou\u017e\u00edvaj\u00ed specializovan\u00e9 postupy s p\u0159esn\u00fdm a n\u00edzk\u00fdm p\u0159\u00edkonem tepla.<\/p>\n<\/div><\/div><\/div><\/div><\/div><div class=\"w-tabs-section\" id=\"q878\" itemscope itemprop=\"mainEntity\" itemtype=\"https:\/\/schema.org\/Question\"><button class=\"w-tabs-section-header\" aria-controls=\"content-q878\" aria-expanded=\"false\"><div class=\"w-tabs-section-title\" itemprop=\"name\">Co znamen\u00e1 vhodnost pro pocen\u00ed?<\/div><div class=\"w-tabs-section-control\"><\/div><\/button><div  class=\"w-tabs-section-content\" id=\"content-q878\" itemscope itemprop=\"acceptedAnswer\" itemtype=\"https:\/\/schema.org\/Answer\"><div class=\"w-tabs-section-content-h i-cf\" itemprop=\"text\"><div class=\"wpb_text_column\"><div class=\"wpb_wrapper\"><p>Sva\u0159itelnost popisuje v\u0161echny vlastnosti samotn\u00e9ho materi\u00e1lu, kter\u00e9 ur\u010duj\u00ed, zda jej lze spojovat zvolen\u00fdm postupem. Pat\u0159\u00ed mezi n\u011b tv\u00e1\u0159itelnost za tepla, teplota taven\u00ed, tepeln\u00e1 vodivost a chemick\u00e9 slo\u017een\u00ed. Materi\u00e1l mus\u00ed umo\u017e\u0148ovat trvale pru\u017en\u00fd svarov\u00fd spoj.<\/p>\n<\/div><\/div><\/div><\/div><\/div><div class=\"w-tabs-section\" id=\"t946\" itemscope itemprop=\"mainEntity\" itemtype=\"https:\/\/schema.org\/Question\"><button class=\"w-tabs-section-header\" aria-controls=\"content-t946\" aria-expanded=\"false\"><div class=\"w-tabs-section-title\" itemprop=\"name\">Kter\u00fd sva\u0159ovac\u00ed postup je vhodn\u00fd pro v\u0161echny kovy?<\/div><div class=\"w-tabs-section-control\"><\/div><\/button><div  class=\"w-tabs-section-content\" id=\"content-t946\" itemscope itemprop=\"acceptedAnswer\" itemtype=\"https:\/\/schema.org\/Answer\"><div class=\"w-tabs-section-content-h i-cf\" itemprop=\"text\"><div class=\"wpb_text_column\"><div class=\"wpb_wrapper\"><p>Sva\u0159ov\u00e1n\u00ed TIG a odporov\u00e9 sva\u0159ov\u00e1n\u00ed je vhodn\u00e9 pro v\u0161echny kovy. Sva\u0159ov\u00e1n\u00ed metodou MIG je vhodn\u00e9 pro legovan\u00e9 oceli a ne\u017eelezn\u00e9 kovy, sva\u0159ov\u00e1n\u00ed metodou MAG a ru\u010dn\u00ed obloukov\u00e9 sva\u0159ov\u00e1n\u00ed kov\u016f pro v\u0161echny oceli. Volba v\u017edy z\u00e1vis\u00ed na tlou\u0161\u0165ce materi\u00e1lu, geometrii svaru a dostupn\u00e9m vybaven\u00ed.<\/p>\n<\/div><\/div><\/div><\/div><\/div><div class=\"w-tabs-section\" id=\"va19\" itemscope itemprop=\"mainEntity\" itemtype=\"https:\/\/schema.org\/Question\"><button class=\"w-tabs-section-header\" aria-controls=\"content-va19\" aria-expanded=\"false\"><div class=\"w-tabs-section-title\" itemprop=\"name\">Lze sva\u0159ovat sklo nebo plast?<\/div><div class=\"w-tabs-section-control\"><\/div><\/button><div  class=\"w-tabs-section-content\" id=\"content-va19\" itemscope itemprop=\"acceptedAnswer\" itemtype=\"https:\/\/schema.org\/Answer\"><div class=\"w-tabs-section-content-h i-cf\" itemprop=\"text\"><div class=\"wpb_text_column\"><div class=\"wpb_wrapper\"><p>Ano, se spr\u00e1vn\u00fdmi postupy. Sklo lze spojovat laserov\u00fdm sva\u0159ov\u00e1n\u00edm, plasty t\u0159ec\u00edm a ultrazvukov\u00fdm sva\u0159ov\u00e1n\u00edm. U obou je rozhoduj\u00edc\u00ed p\u0159esn\u011b \u0159\u00edzen\u00fd n\u00edzk\u00fd p\u0159\u00edkon tepla, proto\u017ee tyto materi\u00e1ly maj\u00ed tendenci praskat, pokud je jejich tepeln\u00e1 vodivost p\u0159\u00edli\u0161 vysok\u00e1.<\/p>\n<\/div><\/div><\/div><\/div><\/div><div class=\"w-tabs-section\" id=\"qae4\" itemscope itemprop=\"mainEntity\" itemtype=\"https:\/\/schema.org\/Question\"><button class=\"w-tabs-section-header\" aria-controls=\"content-qae4\" aria-expanded=\"false\"><div class=\"w-tabs-section-title\" itemprop=\"name\">Pro\u010d je p\u0159i sva\u0159ov\u00e1n\u00ed oceli d\u016fle\u017eit\u00fd obsah uhl\u00edku?<\/div><div class=\"w-tabs-section-control\"><\/div><\/button><div  class=\"w-tabs-section-content\" id=\"content-qae4\" itemscope itemprop=\"acceptedAnswer\" itemtype=\"https:\/\/schema.org\/Answer\"><div class=\"w-tabs-section-content-h i-cf\" itemprop=\"text\"><div class=\"wpb_text_column\"><div class=\"wpb_wrapper\"><p>Pokud obsah uhl\u00edku v oceli p\u0159es\u00e1hne 0,2 %, je pravd\u011bpodobn\u00e9, \u017ee se vytvo\u0159\u00ed trhliny. Tomu lze \u010delit p\u0159edeh\u0159evem a \u017e\u00edh\u00e1n\u00edm na uvoln\u011bn\u00ed nap\u011bt\u00ed. \u010c\u00edm vy\u0161\u0161\u00ed je obsah uhl\u00edku, t\u00edm n\u00e1ro\u010dn\u011bj\u0161\u00ed je proces sva\u0159ov\u00e1n\u00ed a t\u00edm d\u016fle\u017eit\u011bj\u0161\u00ed je pe\u010dliv\u00e1 p\u0159\u00edprava.<\/p>\n<\/div><\/div><\/div><\/div><\/div><\/div><\/div><\/div><\/div><\/div><\/div><\/section>","protected":false},"excerpt":{"rendered":"Das Schwei\u00dfen hat seine Wichtigkeit l\u00e4ngst unter Beweis gestellt. Allein die Unzahl an Verfahren und Unterverfahren beweist, dass diese M\u00f6glichkeit, Bauteile dauerhaft und stabil zu verbinden, eine immer gr\u00f6\u00dfere Bedeutung erh\u00e4lt. Damit es dann auch wichtig ist zu verstehen, was denn \u00fcberhaupt geschwei\u00dft werden kann: Welche Materialien eignen sich dazu und bei welchen Materialien ist...","protected":false},"author":1,"featured_media":11166,"parent":9347,"menu_order":0,"comment_status":"closed","ping_status":"closed","template":"","meta":{"_acf_changed":false,"footnotes":""},"class_list":["post-9945","page","type-page","status-publish","has-post-thumbnail","hentry"],"acf":[],"_links":{"self":[{"href":"https:\/\/global-business-recruiting.de\/cs\/wp-json\/wp\/v2\/pages\/9945","targetHints":{"allow":["GET"]}}],"collection":[{"href":"https:\/\/global-business-recruiting.de\/cs\/wp-json\/wp\/v2\/pages"}],"about":[{"href":"https:\/\/global-business-recruiting.de\/cs\/wp-json\/wp\/v2\/types\/page"}],"author":[{"embeddable":true,"href":"https:\/\/global-business-recruiting.de\/cs\/wp-json\/wp\/v2\/users\/1"}],"replies":[{"embeddable":true,"href":"https:\/\/global-business-recruiting.de\/cs\/wp-json\/wp\/v2\/comments?post=9945"}],"version-history":[{"count":6,"href":"https:\/\/global-business-recruiting.de\/cs\/wp-json\/wp\/v2\/pages\/9945\/revisions"}],"predecessor-version":[{"id":11173,"href":"https:\/\/global-business-recruiting.de\/cs\/wp-json\/wp\/v2\/pages\/9945\/revisions\/11173"}],"up":[{"embeddable":true,"href":"https:\/\/global-business-recruiting.de\/cs\/wp-json\/wp\/v2\/pages\/9347"}],"wp:featuredmedia":[{"embeddable":true,"href":"https:\/\/global-business-recruiting.de\/cs\/wp-json\/wp\/v2\/media\/11166"}],"wp:attachment":[{"href":"https:\/\/global-business-recruiting.de\/cs\/wp-json\/wp\/v2\/media?parent=9945"}],"curies":[{"name":"wp","href":"https:\/\/api.w.org\/{rel}","templated":true}]}}