{"id":9951,"date":"2026-03-16T04:37:49","date_gmt":"2026-03-16T04:37:49","guid":{"rendered":"https:\/\/global-business-recruiting.de\/wissen\/was-laesst-sich-schweissen\/"},"modified":"2026-03-29T13:21:42","modified_gmt":"2026-03-29T13:21:42","slug":"outsourcing-slovensko","status":"publish","type":"page","link":"https:\/\/global-business-recruiting.de\/cs\/wissen\/outsourcing-slowakei\/","title":{"rendered":"Outsourcing slu\u017eeb na Slovensko - r\u016fst a svoboda pro va\u0161i spole\u010dnost"},"content":{"rendered":"<section class=\"l-section wpb_row height_custom\"><div class=\"l-section-h i-cf\"><div class=\"g-cols vc_row via_grid cols_1 laptops-cols_inherit tablets-cols_inherit mobiles-cols_1 valign_top type_default stacking_default\"><div class=\"wpb_column vc_column_container\"><div class=\"vc_column-inner\"><div class=\"wpb_text_column\"><div class=\"wpb_wrapper\"><p>Podle spole\u010dnosti Statista se d\u00edky rostouc\u00edmu odv\u011btv\u00ed IT stal outsourcing podnikov\u00fdch proces\u016f odv\u011btv\u00edm s mnohamiliardov\u00fdm obratem. To znamen\u00e1, \u017ee se st\u00e1le v\u00edce spole\u010dnost\u00ed obrac\u00ed na outsourcingov\u00e9 slu\u017eby - a hlavn\u00edm d\u016fvodem je \u00faspora n\u00e1klad\u016f. Tento \u010dl\u00e1nek poskytuje p\u0159ehled o zvy\u0161ov\u00e1n\u00ed efektivity a roz\u0161i\u0159ov\u00e1n\u00ed podnik\u00e1n\u00ed na evropsk\u00e9m trhu outsourcingu - jednom z nejobs\u00e1hlej\u0161\u00edch na sv\u011bt\u011b.<\/p>\n<h2>R\u016fst a svoboda prost\u0159ednictv\u00edm outsourcingu do v\u00fdchodn\u00ed Evropy<\/h2>\n<p>Zde je n\u011bkolik bod\u016f t\u00fdkaj\u00edc\u00edch se outsourcingu slu\u017eeb do v\u00fdchodn\u00ed Evropy a na Slovensko:<\/p>\n<p><strong>Rostouc\u00ed trh s outsourcingov\u00fdmi \u0159e\u0161en\u00edmi:<\/strong><span>\u00a0<\/span>V N\u011bmecku existuje siln\u00fd trh s outsourcingem slu\u017eeb, jeho\u017e hnac\u00ed silou je digitalizace. Mnoho spole\u010dnost\u00ed st\u00e1le v\u00edce outsourcuje podnikov\u00e9 procesy, jako jsou IT, HR, \u00fa\u010detnictv\u00ed a z\u00e1kaznick\u00e9 slu\u017eby, extern\u00edm poskytovatel\u016fm slu\u017eeb. Tento trend vede k vy\u0161\u0161\u00ed efektivit\u011b a \u00faspor\u00e1m n\u00e1klad\u016f.<\/p>\n<p><strong>Digit\u00e1ln\u00ed transformace:<\/strong><span>\u00a0<\/span>Digit\u00e1ln\u00ed transformace v N\u011bmecku nab\u00edz\u00ed v\u00fdznamn\u00e9 p\u0159\u00edle\u017eitosti pro outsourcery podnikov\u00fdch proces\u016f a centra sd\u00edlen\u00fdch slu\u017eeb. Firmy cht\u011bj\u00ed nab\u00edzet rychlej\u0161\u00ed a modern\u011bj\u0161\u00ed digit\u00e1ln\u00ed slu\u017eby, co\u017e \u010dasto vy\u017eaduje extern\u00ed specialisty v oblasti automatizace a IT slu\u017eeb.<\/p>\n<p><strong>Vysok\u00e1 popt\u00e1vka po kvalitn\u00edch slu\u017eb\u00e1ch:<\/strong><span>\u00a0<\/span>N\u011bmeck\u00fd trh vy\u017eaduje vysoce kvalitn\u00ed a sofistikovan\u00e9 slu\u017eby. Trh s obchodn\u00edmi a IT slu\u017ebami neust\u00e1le roste, co\u017e vytv\u00e1\u0159\u00ed p\u0159\u00edzniv\u00e9 prost\u0159ed\u00ed pro poskytovatele outsourcingu, kte\u0159\u00ed jsou schopni tyto standardy splnit.<\/p>\n<h2>Outsourcing slu\u017eeb na Slovensko - d\u016fvody<\/h2>\n<h3>Slo\u017eit\u00e1 byrokracie v N\u011bmecku<\/h3>\n<p>Chcete-li v N\u011bmecku zalo\u017eit firmu, mus\u00edte proj\u00edt slo\u017eit\u00fdm byrokratick\u00fdm prost\u0159ed\u00edm. To zahrnuje z\u00edsk\u00e1n\u00ed pot\u0159ebn\u00fdch povolen\u00ed a dodr\u017eov\u00e1n\u00ed p\u0159\u00edsn\u00fdch p\u0159edpis\u016f.<\/p>\n<h3>Jazykov\u00e1 bari\u00e9ra<\/h3>\n<p>P\u0159esto\u017ee mnoho N\u011bmc\u016f mluv\u00ed anglicky, rad\u011bji obchoduj\u00ed v n\u011bm\u010din\u011b. Tak\u00e9 oni mluv\u00ed anglicky, ale jen povrchn\u011b a zat\u00edm ne na hlub\u0161\u00ed \u00farovni.<\/p>\n<h3>Pr\u00e1vn\u00ed a da\u0148ov\u00fd r\u00e1mec<\/h3>\n<p>Outsourcing v N\u011bmecku podl\u00e9h\u00e1 r\u016fzn\u00fdm z\u00e1kon\u016fm a p\u0159edpis\u016fm, v\u010detn\u011b z\u00e1kon\u016f o ochran\u011b osobn\u00edch \u00fadaj\u016f a da\u0148ov\u00fdch z\u00e1kon\u016f. Spole\u010dnosti mus\u00ed zajistit dodr\u017eov\u00e1n\u00ed t\u011bchto p\u0159edpis\u016f, aby se vyhnuly pr\u00e1vn\u00edm probl\u00e9m\u016fm.<\/p>\n<h2>Minimalizace rizik p\u0159i outsourcingu slu\u017eeb na Slovensko<\/h2>\n<p>Abyste minimalizovali riziko outsourcingu, je t\u0159eba m\u00edt na pam\u011bti n\u011bkolik v\u011bc\u00ed:<\/p>\n<p><strong>Pe\u010dliv\u00fd v\u00fdb\u011br poskytovatele outsourcingov\u00fdch slu\u017eeb:<\/strong><span>\u00a0<\/span>D\u016fkladn\u00e9 prov\u011b\u0159en\u00ed potenci\u00e1ln\u00edho outsourcingov\u00e9ho partnera m\u00e1 z\u00e1sadn\u00ed v\u00fdznam. D\u016fv\u011bryhodn\u00fd partner m\u016f\u017ee ji\u017e od po\u010d\u00e1tku minimalizovat mnoh\u00e1 rizika.<\/p>\n<p><strong>Kybernetick\u00e1 bezpe\u010dnost a ochrana dat:<\/strong><span>\u00a0<\/span>Vzhledem k tomu, \u017ee kybernetick\u00e1 bezpe\u010dnost je st\u00e1le v\u011bt\u0161\u00edm probl\u00e9mem, m\u011bly by se organizace ujistit, \u017ee jejich extern\u00ed partne\u0159i maj\u00ed zavedena spolehliv\u00e1 bezpe\u010dnostn\u00ed opat\u0159en\u00ed. To zahrnuje dodr\u017eov\u00e1n\u00ed obecn\u00e9ho na\u0159\u00edzen\u00ed EU o ochran\u011b osobn\u00edch \u00fadaj\u016f (GDPR) a dal\u0161\u00edch z\u00e1kon\u016f o ochran\u011b osobn\u00edch \u00fadaj\u016f. Zaveden\u00ed specialist\u016f na kybernetickou bezpe\u010dnost m\u016f\u017ee pomoci minimalizovat rizika.<\/p>\n<p><strong>Smluvn\u00ed dohody:<\/strong><span>\u00a0<\/span>M\u011bla by b\u00fdt uzav\u0159ena podrobn\u00e1 a jasn\u00e1 smluvn\u00ed ujedn\u00e1n\u00ed. Smlouvy o poskytov\u00e1n\u00ed slu\u017eeb by m\u011bly b\u00fdt rovn\u011b\u017e jednozna\u010dn\u00e9, aby bylo zaji\u0161t\u011bno, \u017ee poskytovan\u00e9 slu\u017eby budou prov\u00e1d\u011bny podle o\u010dek\u00e1v\u00e1n\u00ed.<\/p>\n<p><strong>Pravideln\u00e9 kontroly a audity:<\/strong><span>\u00a0<\/span>Pravideln\u011b kontrolujte, zda jsou pr\u00e1ce prov\u00e1d\u011bny k va\u0161\u00ed spokojenosti. Pokud usilujete o r\u016fst firmy, m\u011bli byste tyto body dodr\u017eovat.<\/p>\n<h2>Co hovo\u0159\u00ed ve prosp\u011bch Slovenska jako m\u00edsta pro outsourcing?<\/h2>\n<p>Slovensko nab\u00edz\u00ed n\u011bmeck\u00fdm spole\u010dnostem jako m\u00edsto pro outsourcing n\u011bkolik specifick\u00fdch v\u00fdhod: geografickou bl\u00edzkost, \u010dlenstv\u00ed v EU s jednotn\u00fdm pr\u00e1vn\u00edm r\u00e1mcem, dob\u0159e vy\u0161kolen\u00e9 odborn\u00edky a v\u00fdrazn\u011b ni\u017e\u0161\u00ed n\u00e1klady na pracovn\u00ed s\u00edlu ne\u017e v N\u011bmecku. Z\u00e1rove\u0148 jsou zde ni\u017e\u0161\u00ed kulturn\u00ed a jazykov\u00e9 bari\u00e9ry ne\u017e p\u0159i outsourcingu do vzd\u00e1len\u011bj\u0161\u00edch region\u016f. Spole\u010dnost Global Business Recruiting se spojila se slovenskou vl\u00e1dou, aby n\u011bmeck\u00fdm firm\u00e1m co nejv\u00edce zp\u0159\u00edjemnila proces outsourcingu na Slovensku.<\/p>\n<p>V\u00edce informac\u00ed o outsourcingu si m\u016f\u017eete p\u0159e\u010d\u00edst v na\u0161em \u010dl\u00e1nku.<span>\u00a0<\/span><a href=\"https:\/\/global-business-recruiting.de\/cs\/znat\/definice-outsourcingu-vyhody-nevyhody\/\">Outsourcing - definice, v\u00fdhody a nev\u00fdhody<\/a>. Informace o vys\u00edl\u00e1n\u00ed subdodavatel\u016f do cel\u00e9ho sv\u011bta naleznete v \u010dl\u00e1nku<span>\u00a0<\/span><a href=\"https:\/\/global-business-recruiting.de\/cs\/znat\/vysilani-subdodavatelu-po-celem-svete\/\">Vys\u00edl\u00e1n\u00ed subdodavatel\u016f po cel\u00e9m sv\u011bt\u011b<\/a>.<\/p>\n<h2>\u010casto kladen\u00e9 ot\u00e1zky o outsourcingu na Slovensko<\/h2>\n<\/div><\/div><div class=\"w-separator size_small\"><\/div><div class=\"w-tabs style_default switch_click accordion type_togglable has_scrolling\" style=\"--sections-title-size:inherit\"><div class=\"w-tabs-sections titles-align_none icon_chevron cpos_right\"><div class=\"w-tabs-section\" id=\"l0ee\" itemscope itemprop=\"mainEntity\" itemtype=\"https:\/\/schema.org\/Question\"><button class=\"w-tabs-section-header\" aria-controls=\"content-l0ee\" aria-expanded=\"false\"><div class=\"w-tabs-section-title\" itemprop=\"name\">Pro\u010d n\u011bmeck\u00e9 firmy outsourcuj\u00ed slu\u017eby na Slovensko?<\/div><div class=\"w-tabs-section-control\"><\/div><\/button><div  class=\"w-tabs-section-content\" id=\"content-l0ee\" itemscope itemprop=\"acceptedAnswer\" itemtype=\"https:\/\/schema.org\/Answer\"><div class=\"w-tabs-section-content-h i-cf\" itemprop=\"text\"><div class=\"wpb_text_column\"><div class=\"wpb_wrapper\"><p>Hlavn\u00edmi d\u016fvody jsou \u00faspora n\u00e1klad\u016f, p\u0159\u00edstup ke kvalifikovan\u00e9 pracovn\u00ed s\u00edle a mo\u017enost soust\u0159edit se na hlavn\u00ed \u010dinnost. Slovensko nab\u00edz\u00ed v\u00fdhodu geografick\u00e9 bl\u00edzkosti, \u010dlenstv\u00ed v EU a dob\u0159e vy\u0161kolen\u00e9 pracovn\u00ed s\u00edly s v\u00fdrazn\u011b ni\u017e\u0161\u00edmi mzdov\u00fdmi n\u00e1klady ne\u017e v N\u011bmecku.<\/p>\n<\/div><\/div><\/div><\/div><\/div><div class=\"w-tabs-section\" id=\"t1bd\" itemscope itemprop=\"mainEntity\" itemtype=\"https:\/\/schema.org\/Question\"><button class=\"w-tabs-section-header\" aria-controls=\"content-t1bd\" aria-expanded=\"false\"><div class=\"w-tabs-section-title\" itemprop=\"name\">Jak\u00e1 jsou rizika outsourcingu na Slovensko a jak je lze minimalizovat?<\/div><div class=\"w-tabs-section-control\"><\/div><\/button><div  class=\"w-tabs-section-content\" id=\"content-t1bd\" itemscope itemprop=\"acceptedAnswer\" itemtype=\"https:\/\/schema.org\/Answer\"><div class=\"w-tabs-section-content-h i-cf\" itemprop=\"text\"><div class=\"wpb_text_column\"><div class=\"wpb_wrapper\"><p>Mezi hlavn\u00ed rizika pat\u0159\u00ed poru\u0161en\u00ed ochrany \u00fadaj\u016f, nejasn\u00e9 smlouvy o poskytov\u00e1n\u00ed slu\u017eeb a v\u00fdb\u011br nespolehliv\u00fdch partner\u016f. Tato rizika lze minimalizovat pe\u010dlivou kontrolou, jasn\u00fdmi smluvn\u00edmi ujedn\u00e1n\u00edmi, bezpe\u010dnostn\u00edmi opat\u0159en\u00edmi v souladu s GDPR a pravideln\u00fdmi audity.<\/p>\n<\/div><\/div><\/div><\/div><\/div><div class=\"w-tabs-section\" id=\"h286\" itemscope itemprop=\"mainEntity\" itemtype=\"https:\/\/schema.org\/Question\"><button class=\"w-tabs-section-header\" aria-controls=\"content-h286\" aria-expanded=\"false\"><div class=\"w-tabs-section-title\" itemprop=\"name\">Kter\u00e9 slu\u017eby jsou obzvl\u00e1\u0161t\u011b vhodn\u00e9 pro outsourcing na Slovensko?<\/div><div class=\"w-tabs-section-control\"><\/div><\/button><div  class=\"w-tabs-section-content\" id=\"content-h286\" itemscope itemprop=\"acceptedAnswer\" itemtype=\"https:\/\/schema.org\/Answer\"><div class=\"w-tabs-section-content-h i-cf\" itemprop=\"text\"><div class=\"wpb_text_column\"><div class=\"wpb_wrapper\"><p>Vhodn\u00e9 jsou zejm\u00e9na slu\u017eby IT, v\u00fdvoj softwaru, outsourcing obchodn\u00edch proces\u016f (BPO), \u00fa\u010detnictv\u00ed, z\u00e1kaznick\u00e1 podpora a lidsk\u00e9 zdroje. Na Slovensku existuje siln\u00e1 vzd\u011bl\u00e1vac\u00ed infrastruktura v oblasti IT a anglicky mluv\u00edc\u00ed odborn\u00edci v t\u011bchto oblastech.<\/p>\n<\/div><\/div><\/div><\/div><\/div><div class=\"w-tabs-section\" id=\"v34e\" itemscope itemprop=\"mainEntity\" itemtype=\"https:\/\/schema.org\/Question\"><button class=\"w-tabs-section-header\" aria-controls=\"content-v34e\" aria-expanded=\"false\"><div class=\"w-tabs-section-title\" itemprop=\"name\">Jak\u00fd je pr\u00e1vn\u00ed r\u00e1mec pro outsourcing na Slovensku?<\/div><div class=\"w-tabs-section-control\"><\/div><\/button><div  class=\"w-tabs-section-content\" id=\"content-v34e\" itemscope itemprop=\"acceptedAnswer\" itemtype=\"https:\/\/schema.org\/Answer\"><div class=\"w-tabs-section-content-h i-cf\" itemprop=\"text\"><div class=\"wpb_text_column\"><div class=\"wpb_wrapper\"><p>Jeliko\u017e je Slovensko \u010dlensk\u00fdm st\u00e1tem EU, plat\u00ed pro n\u011bj standardizovan\u00fd evropsk\u00fd pr\u00e1vn\u00ed r\u00e1mec a GDPR. Spole\u010dnosti v\u0161ak mus\u00ed dodr\u017eovat m\u00edstn\u00ed da\u0148ov\u00e9 a pracovn\u00ed z\u00e1kony. Spolupr\u00e1ce se zku\u0161en\u00fdm partnerem, kter\u00fd zn\u00e1 m\u00edstn\u00ed p\u0159edpisy, je zde kl\u00ed\u010dov\u00e1.<\/p>\n<\/div><\/div><\/div><\/div><\/div><div class=\"w-tabs-section\" id=\"m415\" itemscope itemprop=\"mainEntity\" itemtype=\"https:\/\/schema.org\/Question\"><button class=\"w-tabs-section-header\" aria-controls=\"content-m415\" aria-expanded=\"false\"><div class=\"w-tabs-section-title\" itemprop=\"name\">Jak naj\u00edt spr\u00e1vn\u00e9ho outsourcingov\u00e9ho partnera na Slovensku?<\/div><div class=\"w-tabs-section-control\"><\/div><\/button><div  class=\"w-tabs-section-content\" id=\"content-m415\" itemscope itemprop=\"acceptedAnswer\" itemtype=\"https:\/\/schema.org\/Answer\"><div class=\"w-tabs-section-content-h i-cf\" itemprop=\"text\"><div class=\"wpb_text_column\"><div class=\"wpb_wrapper\"><p>Z\u00e1sadn\u00ed je d\u016fkladn\u00e1 prov\u011brka - kontrola referenc\u00ed, posouzen\u00ed bezpe\u010dnostn\u00edch opat\u0159en\u00ed, jasn\u00e9 vymezen\u00ed smluv o poskytov\u00e1n\u00ed slu\u017eeb. Specializovan\u00ed zprost\u0159edkovatel\u00e9, jako je Global Business Recruiting, maj\u00ed na Slovensku silnou s\u00ed\u0165 a mohou v\u00e1s cel\u00fdm procesem prov\u00e9st.<\/p>\n<\/div><\/div><\/div><\/div><\/div><\/div><\/div><\/div><\/div><\/div><\/div><\/section>","protected":false},"excerpt":{"rendered":"Laut Statista hat sich wegen der wachsenden IT-Industrie das Business Process Outsourcing zu einer Multi-Milliarden-Dollar-Branche entwickelt. Das bedeutet, dass sich immer mehr Unternehmen dem Outsourcing von Dienstleistungen zuwenden \u2013 und der Hauptgrund sind die Kostenersparnisse. Dieser Artikel gibt einen \u00dcberblick \u00fcber die Effizienzsteigerung und die Gesch\u00e4ftserweiterung im europ\u00e4ischen Outsourcing-Markt \u2013 einem der umfassendsten weltweit. Wachstum...","protected":false},"author":1,"featured_media":11167,"parent":9347,"menu_order":0,"comment_status":"closed","ping_status":"closed","template":"","meta":{"_acf_changed":false,"footnotes":""},"class_list":["post-9951","page","type-page","status-publish","has-post-thumbnail","hentry"],"acf":[],"_links":{"self":[{"href":"https:\/\/global-business-recruiting.de\/cs\/wp-json\/wp\/v2\/pages\/9951","targetHints":{"allow":["GET"]}}],"collection":[{"href":"https:\/\/global-business-recruiting.de\/cs\/wp-json\/wp\/v2\/pages"}],"about":[{"href":"https:\/\/global-business-recruiting.de\/cs\/wp-json\/wp\/v2\/types\/page"}],"author":[{"embeddable":true,"href":"https:\/\/global-business-recruiting.de\/cs\/wp-json\/wp\/v2\/users\/1"}],"replies":[{"embeddable":true,"href":"https:\/\/global-business-recruiting.de\/cs\/wp-json\/wp\/v2\/comments?post=9951"}],"version-history":[{"count":6,"href":"https:\/\/global-business-recruiting.de\/cs\/wp-json\/wp\/v2\/pages\/9951\/revisions"}],"predecessor-version":[{"id":11172,"href":"https:\/\/global-business-recruiting.de\/cs\/wp-json\/wp\/v2\/pages\/9951\/revisions\/11172"}],"up":[{"embeddable":true,"href":"https:\/\/global-business-recruiting.de\/cs\/wp-json\/wp\/v2\/pages\/9347"}],"wp:featuredmedia":[{"embeddable":true,"href":"https:\/\/global-business-recruiting.de\/cs\/wp-json\/wp\/v2\/media\/11167"}],"wp:attachment":[{"href":"https:\/\/global-business-recruiting.de\/cs\/wp-json\/wp\/v2\/media?parent=9951"}],"curies":[{"name":"wp","href":"https:\/\/api.w.org\/{rel}","templated":true}]}}