{"id":9955,"date":"2026-03-16T05:06:26","date_gmt":"2026-03-16T05:06:26","guid":{"rendered":"https:\/\/global-business-recruiting.de\/wissen\/outsourcing-von-dienstleistungen-in-die-slowakei-wachstum-und-freiheit-fuer-ihr-unternehmen\/"},"modified":"2026-03-29T13:22:29","modified_gmt":"2026-03-29T13:22:29","slug":"outsourcing-mzdoveho-ucetnictvi","status":"publish","type":"page","link":"https:\/\/global-business-recruiting.de\/cs\/wissen\/outsourcing-lohnbuchhaltung\/","title":{"rendered":"Outsourcing mzdov\u00e9ho \u00fa\u010detnictv\u00ed - tipy: Co je t\u0159eba zv\u00e1\u017eit"},"content":{"rendered":"<section class=\"l-section wpb_row height_custom\"><div class=\"l-section-h i-cf\"><div class=\"g-cols vc_row via_grid cols_1 laptops-cols_inherit tablets-cols_inherit mobiles-cols_1 valign_top type_default stacking_default\"><div class=\"wpb_column vc_column_container\"><div class=\"vc_column-inner\"><div class=\"wpb_text_column\"><div class=\"wpb_wrapper\"><p>\u00da\u010detnictv\u00ed je dnes jedn\u00edm z nejv\u011bt\u0161\u00edch probl\u00e9m\u016f firem. Offshore outsourcing mezd nen\u00ed tak popul\u00e1rn\u00ed jako outsourcing IT, ale st\u00e1v\u00e1 se st\u00e1le obl\u00edben\u011bj\u0161\u00edm. Po offshore outsourcingu IT odborn\u00edk\u016f, z\u00e1kaznick\u00e9ho servisu a digit\u00e1ln\u00edho marketingu je offshore outsourcing \u00fa\u010detnictv\u00ed rozhodn\u011b v\u00fd\u0161e na seznamu. Dal\u0161\u00edm odv\u011btv\u00edm, kter\u00e9 je v sou\u010dasn\u00e9 dob\u011b velmi popul\u00e1rn\u00ed kv\u016fli nedostatku kvalifikovan\u00e9 pracovn\u00ed s\u00edly, stejn\u011b jako IT, je stavebnictv\u00ed, pokud jde o outsourcing.<\/p>\n<p>\u00da\u010detnictv\u00ed a finance jsou tak\u00e9 outsourcov\u00e1ny a jsou na p\u0159edn\u00edch m\u00edstech seznamu, pokud jde o outsourcing obecn\u011b - ale ne, pokud jde o offshore outsourcing. Obvykle je to sp\u00ed\u0161e u onshore outsourcingu. V posledn\u00ed dob\u011b se v\u0161ak offshore outsourcing v tomto odv\u011btv\u00ed nesm\u00edrn\u011b roz\u0161\u00ed\u0159il.<\/p>\n<h2>Jak funguje outsourcing mezd?<\/h2>\n<p>Outsourcing mezd je p\u0159enesen\u00ed intern\u00edho mzdov\u00e9ho \u00fa\u010detnictv\u00ed na extern\u00ed \u00fa\u010detn\u00ed odd\u011blen\u00ed - to znamen\u00e1, \u017ee mzdov\u00e9 \u00fa\u010detnictv\u00ed v\u0161ech zam\u011bstnanc\u016f je sv\u011b\u0159eno extern\u00ed spole\u010dnosti. Touto spole\u010dnost\u00ed bude s nejv\u011bt\u0161\u00ed pravd\u011bpodobnost\u00ed: specializovan\u00fd poskytovatel outsourcingu mezd a t\u00fdm kvalifikovan\u00fdch odborn\u00edk\u016f na mzdy.<\/p>\n<p>Odm\u011b\u0148ov\u00e1n\u00ed zam\u011bstnanc\u016f je d\u016fle\u017eit\u00fd \u00fakol, a proto by se ho m\u011bli ujmout pouze odborn\u00edci v t\u00e9to oblasti. Tito odborn\u00edci by m\u011bli br\u00e1t ohled tak\u00e9 na bezpe\u010dnost a ochranu dat. Outsourcing mezd a smlouvy o outsourcingu jsou ur\u010deny pro konkr\u00e9tn\u00ed spole\u010dnosti - n\u011bkter\u00e9 spole\u010dnosti necht\u011bj\u00ed tyto za vlasy p\u0159ita\u017een\u00e9 probl\u00e9my intern\u00ed mzdov\u00e9 agendy na sebe br\u00e1t.<\/p>\n<h2>V\u00fdhody outsourcingu \u00fa\u010detnictv\u00ed<\/h2>\n<p>Finan\u010dn\u00ed \u00fa\u010detnictv\u00ed je obecn\u011b pro podniky n\u00e1ro\u010dn\u00fdm a \u010dasov\u011b n\u00e1ro\u010dn\u00fdm \u00fakolem. Outsourcing mzdov\u00e9ho \u00fa\u010detnictv\u00ed m\u00e1 n\u011bkolik v\u00fdhod:<\/p>\n<p><strong>\u0160k\u00e1lovatelnost:<\/strong><span>\u00a0<\/span>Mzdov\u00e9 \u00fa\u010detnictv\u00ed lze snadno roz\u0161i\u0159ovat s p\u0159ib\u00fdvaj\u00edc\u00edmi zam\u011bstnanci.<\/p>\n<p><strong>Sn\u00ed\u017een\u00ed n\u00e1klad\u016f prost\u0159ednictv\u00edm outsourcingu:<\/strong><span>\u00a0<\/span>I zde plat\u00ed obvykl\u00e9 v\u00fdhody outsourcingu - n\u00e1klady se v\u00fdrazn\u011b sn\u00ed\u017e\u00ed t\u00edm, \u017ee se outsourcing p\u0159esune do t\u0159et\u00ed zem\u011b, kde nejsou tak vysok\u00e9.<\/p>\n<p><strong>Finan\u010dn\u00ed anal\u00fdza a v\u00fdkaznictv\u00ed:<\/strong><span>\u00a0<\/span>Op\u011bt se u\u0161et\u0159\u00ed \u010das a zp\u0159esn\u00ed se v\u00fdkaznictv\u00ed.<\/p>\n<p><strong>\u00daspora \u010dasu:<\/strong><span>\u00a0<\/span>Zv\u00fd\u0161en\u00ed efektivity d\u00edky outsourcingu je obrovsk\u00e9, proto\u017ee se jedn\u00e1 o \u010dasov\u011b n\u00e1ro\u010dn\u00fd \u00fakol, kter\u00fd skr\u00fdv\u00e1 mnoho n\u00e1strah, pokud si ned\u00e1te pozor. P\u0159i outsourcingu \u00fa\u010detnictv\u00ed se poskytovatel outsourcingov\u00fdch slu\u017eeb obvykle soust\u0159ed\u00ed pouze na tento \u00fakol, a tak m\u016f\u017ee doj\u00edt k men\u0161\u00edmu po\u010dtu chyb.<\/p>\n<h2>Outsourcing \u00fa\u010detnictv\u00ed - kter\u00e9 \u00fakoly lze outsourcovat?<\/h2>\n<p>Existuje n\u011bkolik \u00fakol\u016f, kter\u00e9 lze zadat extern\u011b, v\u010detn\u011b outsourcingu mezd. Zde je n\u011bkolik p\u0159\u00edklad\u016f:<\/p>\n<p><strong>1. \u00fa\u010detnictv\u00ed:<\/strong><span>\u00a0<\/span>Sv\u011b\u0159en\u00edm tohoto \u00fakolu specializovan\u00e9mu poskytovateli outsourcingov\u00fdch slu\u017eeb mohou spole\u010dnosti zaru\u010dit v\u011bt\u0161\u00ed p\u0159esnost, soulad s p\u0159edpisy a nejmodern\u011bj\u0161\u00ed software. Je to tak\u00e9 \u010dasov\u011b n\u00e1ro\u010dn\u00fd \u00fakol.<\/p>\n<p><strong>2. mzdov\u00e9 \u00fa\u010detnictv\u00ed:<\/strong><span>\u00a0<\/span>Spr\u00e1va mezd ve va\u0161\u00ed organizaci m\u016f\u017ee b\u00fdt slo\u017eit\u00e1 a n\u00e1chyln\u00e1 k chyb\u00e1m. Chyby mohou v\u00e9st nejen k finan\u010dn\u00edm postih\u016fm, ale mohou tak\u00e9 v\u00e1\u017en\u011b ovlivnit mor\u00e1lku zam\u011bstnanc\u016f.<\/p>\n<p><strong>3. pohled\u00e1vky a z\u00e1vazky:<\/strong><span>\u00a0<\/span>Mezi \u00fakoly, kter\u00e9 spadaj\u00ed do t\u00e9to oblasti, pat\u0159\u00ed fakturace, n\u00e1sledn\u00e1 kontrola, odchoz\u00ed platby dodavatel\u016fm a zas\u00edl\u00e1n\u00ed faktur dodavatel\u016fm.<\/p>\n<p><strong>4. p\u0159\u00edprava a dodr\u017eov\u00e1n\u00ed da\u0148ov\u00fdch p\u0159edpis\u016f:<\/strong><span>\u00a0<\/span>\u00dakol, kter\u00fd vy\u017eaduje pe\u010dlivou p\u0159\u00edpravu, dodr\u017eov\u00e1n\u00ed term\u00edn\u016f a neust\u00e1le se m\u011bn\u00edc\u00ed z\u00e1kony.<\/p>\n<p><strong>5. finan\u010dn\u00ed v\u00fdkaznictv\u00ed:<\/strong><span>\u00a0<\/span>P\u0159\u00edprava v\u00fdkaz\u016f zisk\u016f a ztr\u00e1t (P&amp;L), rozvahy a v\u00fdkaz\u016f pen\u011b\u017en\u00edch tok\u016f.<\/p>\n<p><strong>6. finan\u010dn\u00ed pl\u00e1nov\u00e1n\u00ed a anal\u00fdza:<\/strong><span>\u00a0<\/span>Anal\u00fdzy vy\u017eaduj\u00ed odborn\u00e9 znalosti a specializovan\u00fd software, kter\u00fd spole\u010dnosti \u010dasto nemaj\u00ed k dispozici.<\/p>\n<h2>Extern\u00ed \u00fa\u010detnictv\u00ed - pron\u00e1jem profesion\u00e1ln\u00edho outsourcingov\u00e9ho partnera<\/h2>\n<p>Podle \u00fadaj\u016f outworldindata vynakl\u00e1daj\u00ed vl\u00e1dy v mnoha zem\u00edch s vysok\u00fdmi p\u0159\u00edjmy zna\u010dn\u00e9 prost\u0159edky na outsourcing. N\u011bkter\u00e9 oblasti prost\u011b outsourcuj\u00ed. Je t\u0159eba poznamenat, \u017ee<span>\u00a0<\/span><strong>P\u0159enesen\u00ed odpov\u011bdnosti za \u00fa\u010detnictv\u00ed nen\u00ed mo\u017en\u00e9<\/strong>. P\u016fvodn\u00ed spole\u010dnost je st\u00e1le odpov\u011bdn\u00e1 za dodr\u017eov\u00e1n\u00ed p\u0159edpis\u016f. Proto je d\u016fle\u017eit\u00e9 naj\u00edt outsourcingov\u00e9ho partnera, kter\u00fd zajist\u00ed, \u017ee to bude provedeno spr\u00e1vn\u011b.<\/p>\n<p>Outsourcing mzdov\u00e9ho \u00fa\u010detnictv\u00ed je z\u00e1kladn\u00edm prvkem outsourcingu \u00fa\u010detnictv\u00ed. D\u016fle\u017eit\u00fdmi faktory pro spr\u00e1vn\u00fd outsourcing jsou: Automatizace v \u00fa\u010detnictv\u00ed, dodr\u017eov\u00e1n\u00ed p\u0159edpis\u016f a da\u0148ov\u00fdch p\u0159edpis\u016f, finan\u010dn\u00ed anal\u00fdza a v\u00fdkaznictv\u00ed, smlouvy o outsourcingu a tak\u00e9 bezpe\u010dnost a ochrana dat p\u0159i outsourcingu.<\/p>\n<p>V\u00edce informac\u00ed o outsourcingu obecn\u011b najdete v na\u0161em \u010dl\u00e1nku.<span>\u00a0<\/span><a href=\"https:\/\/global-business-recruiting.de\/cs\/znat\/definice-outsourcingu-vyhody-nevyhody\/\">Outsourcing - definice, v\u00fdhody a nev\u00fdhody<\/a>. Konkr\u00e9tn\u011b o Slovensku jako m\u00edst\u011b pro outsourcing si m\u016f\u017eete p\u0159e\u010d\u00edst v na\u0161em \u010dl\u00e1nku.<span>\u00a0<\/span><a href=\"https:\/\/global-business-recruiting.de\/cs\/znat\/outsourcing-slovensko\/\">Outsourcing na Slovensko<\/a>.<\/p>\n<h2>\u010casto kladen\u00e9 ot\u00e1zky o outsourcingu mzdov\u00e9ho \u00fa\u010detnictv\u00ed<\/h2>\n<\/div><\/div><div class=\"w-separator size_small\"><\/div><div class=\"w-tabs style_default switch_click accordion type_togglable has_scrolling\" style=\"--sections-title-size:inherit\"><div class=\"w-tabs-sections titles-align_none icon_chevron cpos_right\"><div class=\"w-tabs-section\" id=\"k4e4\" itemscope itemprop=\"mainEntity\" itemtype=\"https:\/\/schema.org\/Question\"><button class=\"w-tabs-section-header\" aria-controls=\"content-k4e4\" aria-expanded=\"false\"><div class=\"w-tabs-section-title\" itemprop=\"name\">Co znamen\u00e1 outsourcing mzdov\u00e9ho \u00fa\u010detnictv\u00ed?<\/div><div class=\"w-tabs-section-control\"><\/div><\/button><div  class=\"w-tabs-section-content\" id=\"content-k4e4\" itemscope itemprop=\"acceptedAnswer\" itemtype=\"https:\/\/schema.org\/Answer\"><div class=\"w-tabs-section-content-h i-cf\" itemprop=\"text\"><div class=\"wpb_text_column\"><div class=\"wpb_wrapper\"><p>P\u0159i outsourcingu mzdov\u00e9ho \u00fa\u010detnictv\u00ed p\u0159enech\u00e1v\u00e1 spole\u010dnost ve\u0161ker\u00e9 mzdov\u00e9 \u00fa\u010detnictv\u00ed sv\u00fdch zam\u011bstnanc\u016f specializovan\u00e9mu extern\u00edmu poskytovateli slu\u017eeb. Tento poskytovatel slu\u017eeb p\u0159eb\u00edr\u00e1 mzdov\u00e9 \u00fa\u010detnictv\u00ed, dodr\u017eov\u00e1n\u00ed p\u0159edpis\u016f, p\u0159\u00edpravu dan\u00ed a v\u00fdkaznictv\u00ed - zat\u00edmco p\u016fvodn\u00ed spole\u010dnost z\u016fst\u00e1v\u00e1 odpov\u011bdn\u00e1 za dodr\u017eov\u00e1n\u00ed p\u0159edpis\u016f.<\/p>\n<\/div><\/div><\/div><\/div><\/div><div class=\"w-tabs-section\" id=\"c5bc\" itemscope itemprop=\"mainEntity\" itemtype=\"https:\/\/schema.org\/Question\"><button class=\"w-tabs-section-header\" aria-controls=\"content-c5bc\" aria-expanded=\"false\"><div class=\"w-tabs-section-title\" itemprop=\"name\">Jak\u00e9 jsou v\u00fdhody outsourcingu mzdov\u00e9ho \u00fa\u010detnictv\u00ed?<\/div><div class=\"w-tabs-section-control\"><\/div><\/button><div  class=\"w-tabs-section-content\" id=\"content-c5bc\" itemscope itemprop=\"acceptedAnswer\" itemtype=\"https:\/\/schema.org\/Answer\"><div class=\"w-tabs-section-content-h i-cf\" itemprop=\"text\"><div class=\"wpb_text_column\"><div class=\"wpb_wrapper\"><p>Nejd\u016fle\u017eit\u011bj\u0161\u00edmi v\u00fdhodami jsou sn\u00ed\u017een\u00ed n\u00e1klad\u016f d\u00edky outsourcingu do zem\u00ed s ni\u017e\u0161\u00ed \u00farovn\u00ed mezd, \u00faspora \u010dasu, lep\u0161\u00ed \u0161k\u00e1lovatelnost s rostouc\u00edm po\u010dtem zam\u011bstnanc\u016f, p\u0159esn\u011bj\u0161\u00ed v\u00fdkaznictv\u00ed a sn\u00ed\u017een\u00ed rizika chyb d\u00edky specializovan\u00fdm poskytovatel\u016fm slu\u017eeb.<\/p>\n<\/div><\/div><\/div><\/div><\/div><div class=\"w-tabs-section\" id=\"w68d\" itemscope itemprop=\"mainEntity\" itemtype=\"https:\/\/schema.org\/Question\"><button class=\"w-tabs-section-header\" aria-controls=\"content-w68d\" aria-expanded=\"false\"><div class=\"w-tabs-section-title\" itemprop=\"name\">Je mo\u017en\u00e9 p\u0159en\u00e9st odpov\u011bdnost za mzdov\u00e9 \u00fa\u010detnictv\u00ed na outsourcingov\u00e9ho partnera?<\/div><div class=\"w-tabs-section-control\"><\/div><\/button><div  class=\"w-tabs-section-content\" id=\"content-w68d\" itemscope itemprop=\"acceptedAnswer\" itemtype=\"https:\/\/schema.org\/Answer\"><div class=\"w-tabs-section-content-h i-cf\" itemprop=\"text\"><div class=\"wpb_text_column\"><div class=\"wpb_wrapper\"><p>Ne - \u00fapln\u00fd p\u0159enos odpov\u011bdnosti nen\u00ed mo\u017en\u00fd. P\u016fvodn\u00ed spole\u010dnost z\u016fst\u00e1v\u00e1 odpov\u011bdn\u00e1 za dodr\u017eov\u00e1n\u00ed v\u0161ech pr\u00e1vn\u00edch p\u0159edpis\u016f. Proto je rozhoduj\u00edc\u00ed pe\u010dliv\u00fd v\u00fdb\u011br spolehliv\u00e9ho outsourcingov\u00e9ho partnera, kter\u00fd dodr\u017euje p\u0159edpisy.<\/p>\n<\/div><\/div><\/div><\/div><\/div><div class=\"w-tabs-section\" id=\"g75d\" itemscope itemprop=\"mainEntity\" itemtype=\"https:\/\/schema.org\/Question\"><button class=\"w-tabs-section-header\" aria-controls=\"content-g75d\" aria-expanded=\"false\"><div class=\"w-tabs-section-title\" itemprop=\"name\">Kter\u00e9 \u00fa\u010detn\u00ed \u00fakoly lze zadat extern\u011b?<\/div><div class=\"w-tabs-section-control\"><\/div><\/button><div  class=\"w-tabs-section-content\" id=\"content-g75d\" itemscope itemprop=\"acceptedAnswer\" itemtype=\"https:\/\/schema.org\/Answer\"><div class=\"w-tabs-section-content-h i-cf\" itemprop=\"text\"><div class=\"wpb_text_column\"><div class=\"wpb_wrapper\"><p>V z\u00e1sad\u011b lze outsourcovat mzdov\u00e9 \u00fa\u010detnictv\u00ed, pohled\u00e1vky a z\u00e1vazky, p\u0159\u00edpravu a dodr\u017eov\u00e1n\u00ed da\u0148ov\u00fdch p\u0159edpis\u016f, finan\u010dn\u00ed v\u00fdkaznictv\u00ed i finan\u010dn\u00ed pl\u00e1nov\u00e1n\u00ed a anal\u00fdzu. D\u016fle\u017eit\u00e9 je, aby byla uzav\u0159ena jasn\u00e1 smluvn\u00ed ujedn\u00e1n\u00ed a p\u0159ijata opat\u0159en\u00ed na ochranu \u00fadaj\u016f.<\/p>\n<\/div><\/div><\/div><\/div><\/div><div class=\"w-tabs-section\" id=\"a833\" itemscope itemprop=\"mainEntity\" itemtype=\"https:\/\/schema.org\/Question\"><button class=\"w-tabs-section-header\" aria-controls=\"content-a833\" aria-expanded=\"false\"><div class=\"w-tabs-section-title\" itemprop=\"name\">Na co si mus\u00edte d\u00e1t pozor p\u0159i outsourcingu mzdov\u00e9ho \u00fa\u010detnictv\u00ed?<\/div><div class=\"w-tabs-section-control\"><\/div><\/button><div  class=\"w-tabs-section-content\" id=\"content-a833\" itemscope itemprop=\"acceptedAnswer\" itemtype=\"https:\/\/schema.org\/Answer\"><div class=\"w-tabs-section-content-h i-cf\" itemprop=\"text\"><div class=\"wpb_text_column\"><div class=\"wpb_wrapper\"><p>D\u016fle\u017eit\u00e9 je zejm\u00e9na zabezpe\u010den\u00ed dat a dodr\u017eov\u00e1n\u00ed GDPR, jasn\u00e9 smlouvy o outsourcingu s definovan\u00fdmi dohodami o slu\u017eb\u00e1ch, kvalifikace partnera v oblasti mzdov\u00e9ho a da\u0148ov\u00e9ho pr\u00e1va a pravideln\u00e9 kontroly. Vzhledem k tomu, \u017ee odpov\u011bdnost z\u016fst\u00e1v\u00e1 na klientovi, je t\u0159eba partnera pe\u010dliv\u011b vyb\u00edrat.<\/p>\n<\/div><\/div><\/div><\/div><\/div><\/div><\/div><\/div><\/div><\/div><\/div><\/section>","protected":false},"excerpt":{"rendered":"Die Buchhaltung ist heutzutage eines der gr\u00f6\u00dften Probleme f\u00fcr Unternehmen. Offshore-Outsourcing der Lohnbuchhaltung ist nicht so beliebt wie IT-Outsourcing, wird aber immer beliebter. Nach Offshore-Outsourcing von IT-Fachkr\u00e4ften, Kundenservice und digitalem Marketing steht Offshore-Outsourcing der Buchhaltung auf jeden Fall weiter oben auf der Liste. Eine weitere Branche, die derzeit aufgrund des Fachkr\u00e4ftemangels sehr beliebt ist, wie...","protected":false},"author":1,"featured_media":11168,"parent":9347,"menu_order":0,"comment_status":"closed","ping_status":"closed","template":"","meta":{"_acf_changed":false,"footnotes":""},"class_list":["post-9955","page","type-page","status-publish","has-post-thumbnail","hentry"],"acf":[],"_links":{"self":[{"href":"https:\/\/global-business-recruiting.de\/cs\/wp-json\/wp\/v2\/pages\/9955","targetHints":{"allow":["GET"]}}],"collection":[{"href":"https:\/\/global-business-recruiting.de\/cs\/wp-json\/wp\/v2\/pages"}],"about":[{"href":"https:\/\/global-business-recruiting.de\/cs\/wp-json\/wp\/v2\/types\/page"}],"author":[{"embeddable":true,"href":"https:\/\/global-business-recruiting.de\/cs\/wp-json\/wp\/v2\/users\/1"}],"replies":[{"embeddable":true,"href":"https:\/\/global-business-recruiting.de\/cs\/wp-json\/wp\/v2\/comments?post=9955"}],"version-history":[{"count":7,"href":"https:\/\/global-business-recruiting.de\/cs\/wp-json\/wp\/v2\/pages\/9955\/revisions"}],"predecessor-version":[{"id":11171,"href":"https:\/\/global-business-recruiting.de\/cs\/wp-json\/wp\/v2\/pages\/9955\/revisions\/11171"}],"up":[{"embeddable":true,"href":"https:\/\/global-business-recruiting.de\/cs\/wp-json\/wp\/v2\/pages\/9347"}],"wp:featuredmedia":[{"embeddable":true,"href":"https:\/\/global-business-recruiting.de\/cs\/wp-json\/wp\/v2\/media\/11168"}],"wp:attachment":[{"href":"https:\/\/global-business-recruiting.de\/cs\/wp-json\/wp\/v2\/media?parent=9955"}],"curies":[{"name":"wp","href":"https:\/\/api.w.org\/{rel}","templated":true}]}}