{"id":9219,"date":"2026-02-16T07:53:05","date_gmt":"2026-02-16T07:53:05","guid":{"rendered":"https:\/\/global-business-recruiting.de\/?page_id=9219"},"modified":"2026-03-31T02:27:08","modified_gmt":"2026-03-31T02:27:08","slug":"imprint","status":"publish","type":"page","link":"https:\/\/global-business-recruiting.de\/en\/impressum\/","title":{"rendered":"Imprint"},"content":{"rendered":"<section class=\"l-section wpb_row gbr-row-hero height_custom\"><div class=\"l-section-h i-cf\"><div class=\"g-cols vc_row via_grid cols_1 laptops-cols_inherit tablets-cols_inherit mobiles-cols_1 valign_top type_default stacking_default\"><div class=\"wpb_column vc_column_container\"><div class=\"vc_column-inner\"><h1 class=\"w-post-elm post_title us_custom_6df4bc3a has_text_color align_center entry-title color_link_inherit\">Imprint<\/h1><\/div><\/div><\/div><\/div><\/section><section class=\"l-section wpb_row height_custom\"><div class=\"l-section-h i-cf\"><div class=\"g-cols vc_row via_grid cols_1 laptops-cols_inherit tablets-cols_inherit mobiles-cols_1 valign_top type_default stacking_default\"><div class=\"wpb_column vc_column_container\"><div class=\"vc_column-inner\"><div class=\"wpb_text_column one-column-layout\"><div class=\"wpb_wrapper\"><h2>Information according to \u00a7 5 TMG<\/h2>\n<p>Peter Gassenmaier<br \/>\nZeitarbeit International s.r.o.<br \/>\n\u010cerny\u0161evsk\u00e9ho 10,<br \/>\n851 01 Bratislava<\/p>\n<p><strong>German representative office:<\/strong><br \/>\nNeuneralmweg 11<br \/>\n82491 Grainau<\/p>\n<h2>Contact us<\/h2>\n<p>Phone: +49 172 7477707<br \/>\nE-mail: info@zeitarbeit-international.de<\/p>\n<h2>Sales tax ID<\/h2>\n<p>Sales tax identification number according to \u00a7 27 a sales tax law:<br \/>\nSK2122039601<\/p>\n<h2>Editorially responsible<\/h2>\n<p>Peter Gassenmaier<\/p>\n<h2>EU dispute resolution<\/h2>\n<p>The European Commission provides a platform for online dispute resolution (OS): <a href=\"https:\/\/ec.europa.eu\/consumers\/odr\/\" target=\"_blank\" rel=\"noopener\">https:\/\/ec.europa.eu\/consumers\/odr\/<\/a>.<br \/>\nYou can find our e-mail address in the legal notice above.<\/p>\n<h2>Consumer dispute resolution\/universal arbitration centre<\/h2>\n<p>We are not willing or obliged to participate in dispute resolution proceedings before a consumer arbitration board.<\/p>\n<p><strong>Liability for content<\/strong><br \/>\nAs a service provider, we are responsible for our own content on these pages in accordance with Section 7 (1) TMG (German Telemedia Act) and general legislation. According to \u00a7\u00a7 8 to 10 TMG, however, we as a service provider are not obliged to monitor transmitted or stored third-party information or to investigate circumstances that indicate illegal activity.<\/p>\n<p>Obligations to remove or block the use of information in accordance with general legislation remain unaffected by this. However, liability in this respect is only possible from the time we become aware of a specific infringement. As soon as we become aware of such infringements, we will remove this content immediately.<\/p>\n<p><strong>Liability for links<\/strong><br \/>\nOur website contains links to external third-party websites over whose content we have no influence. Therefore, we cannot accept any liability for this third-party content. The respective provider or operator of the pages is always responsible for the content of the linked pages. The linked pages were checked for possible legal violations at the time of linking. Illegal contents were not recognisable at the time of linking.<\/p>\n<p>However, permanent monitoring of the content of the linked pages is not reasonable without concrete evidence of an infringement. If we become aware of any legal infringements, we will remove such links immediately.<\/p>\n<p><strong>Copyright<\/strong><br \/>\nThe content and works created by the site operators on these pages are subject to German copyright law. Reproduction, editing, distribution and any kind of utilisation outside the limits of copyright law require the written consent of the respective author or creator. Downloads and copies of this site are only permitted for private, non-commercial use.<\/p>\n<p>Insofar as the content on this site was not created by the operator, the copyrights of third parties are respected. In particular, third-party content is labelled as such. Should you nevertheless become aware of a copyright infringement, please inform us accordingly. If we become aware of any infringements, we will remove such content immediately.<\/p>\n<\/div><\/div><\/div><\/div><\/div><\/div><\/section><section class=\"l-section wpb_row gbr-final-cta height_custom\"><div class=\"l-section-h i-cf\"><div class=\"g-cols vc_row via_grid cols_1 laptops-cols_inherit tablets-cols_inherit mobiles-cols_1 valign_top type_default stacking_default\"><div class=\"wpb_column vc_column_container\"><div class=\"vc_column-inner\"><div class=\"w-text gbr-section-label\"><span class=\"w-text-h\"><span class=\"w-text-value\">Start now<\/span><\/span><\/div>\n<h2 class=\"w-text us_custom_cd7939b3 final-cta-heading\"><span class=\"w-text-h\"><span class=\"w-text-value\">Ready for your next step?<\/span><\/span><\/h2><div class=\"wpb_text_column us_custom_1e8542c0 final-cta-description\"><div class=\"wpb_wrapper\"><p>Describe your requirements to us - we will get back to you within 24 hours with suitable specialists and a concrete offer.<\/p>\n<\/div><\/div><div class=\"w-hwrapper valign_middle align_center\" style=\"--hwrapper-gap:1.4rem\"><div class=\"w-btn-wrapper align_none\"><a class=\"w-btn us-btn-style_1 gbr-btn-primary-2\" href=\"https:\/\/global-business-recruiting.de\/en\/enquiry\/\"><span class=\"w-btn-label\">Enquire now<\/span><\/a><\/div><div class=\"wpb_text_column gbr-cta-contact-2\"><div class=\"wpb_wrapper\"><p>Or call us: <a href=\"tel:00491727477707\">+49 172 747 7707<\/a><\/p>\n<\/div><\/div><\/div><div class=\"w-html\"> <p class=\"gbr-cta-meta final\" style=\"margin-top:32px; margin-bottom:25px;\">Mon-Sat, 08:00-18:00 - <a href=\"mailto:info@global-business-recruiting.de\">info@global-business-recruiting.de<\/a><\/p><\/div>\n<div class=\"w-html\"><p class=\"gbr-cta-meta\">Are you looking for skilled labour on an A\u00dcG basis Find out more at <a href=\"https:\/\/zeitarbeit-international.de\" target=\"_blank\" rel=\"noopener\">zeitarbeit-international.de<\/a><\/p><\/div><\/div><\/div><\/div><\/div><\/section>","protected":false},"excerpt":{"rendered":"ImpressumAngaben gem\u00e4\u00df \u00a7 5 TMG Peter Gassenmaier Zeitarbeit International s.r.o. \u010cerny\u0161evsk\u00e9ho 10, 851 01 Bratislava Deutsche Repr\u00e4sentanz: Neuneralmweg 11 82491 Grainau Kontakt Telefon: +49 172 7477707 E-Mail: info@zeitarbeit-international.de Umsatzsteuer-ID Umsatzsteuer-Identifikationsnummer gem\u00e4\u00df \u00a7 27 a Umsatzsteuergesetz: SK2122039601 Redaktionell verantwortlich Peter Gassenmaier EU-Streitschlichtung Die Europ\u00e4ische Kommission stellt eine Plattform zur Online-Streitbeilegung (OS) bereit: https:\/\/ec.europa.eu\/consumers\/odr\/. Unsere E-Mail-Adresse finden...","protected":false},"author":1,"featured_media":10619,"parent":0,"menu_order":0,"comment_status":"closed","ping_status":"closed","template":"","meta":{"_acf_changed":false,"footnotes":""},"class_list":["post-9219","page","type-page","status-publish","has-post-thumbnail","hentry"],"acf":[],"_links":{"self":[{"href":"https:\/\/global-business-recruiting.de\/en\/wp-json\/wp\/v2\/pages\/9219","targetHints":{"allow":["GET"]}}],"collection":[{"href":"https:\/\/global-business-recruiting.de\/en\/wp-json\/wp\/v2\/pages"}],"about":[{"href":"https:\/\/global-business-recruiting.de\/en\/wp-json\/wp\/v2\/types\/page"}],"author":[{"embeddable":true,"href":"https:\/\/global-business-recruiting.de\/en\/wp-json\/wp\/v2\/users\/1"}],"replies":[{"embeddable":true,"href":"https:\/\/global-business-recruiting.de\/en\/wp-json\/wp\/v2\/comments?post=9219"}],"version-history":[{"count":11,"href":"https:\/\/global-business-recruiting.de\/en\/wp-json\/wp\/v2\/pages\/9219\/revisions"}],"predecessor-version":[{"id":11762,"href":"https:\/\/global-business-recruiting.de\/en\/wp-json\/wp\/v2\/pages\/9219\/revisions\/11762"}],"wp:featuredmedia":[{"embeddable":true,"href":"https:\/\/global-business-recruiting.de\/en\/wp-json\/wp\/v2\/media\/10619"}],"wp:attachment":[{"href":"https:\/\/global-business-recruiting.de\/en\/wp-json\/wp\/v2\/media?parent=9219"}],"curies":[{"name":"wp","href":"https:\/\/api.w.org\/{rel}","templated":true}]}}