{"id":9824,"date":"2026-03-11T12:24:15","date_gmt":"2026-03-11T12:24:15","guid":{"rendered":"https:\/\/global-business-recruiting.de\/?page_id=9824"},"modified":"2026-03-29T13:00:30","modified_gmt":"2026-03-29T13:00:30","slug":"craft-trades-armouring-industry","status":"publish","type":"page","link":"https:\/\/global-business-recruiting.de\/en\/wissen\/handwerksberufe-ruestungsindustrie\/","title":{"rendered":"Skilled trades particularly in demand in the defence industry"},"content":{"rendered":"<section class=\"l-section wpb_row height_custom\"><div class=\"l-section-h i-cf\"><div class=\"g-cols vc_row via_grid cols_1 laptops-cols_inherit tablets-cols_inherit mobiles-cols_1 valign_top type_default stacking_default\"><div class=\"wpb_column vc_column_container\"><div class=\"vc_column-inner\"><div class=\"wpb_text_column\"><div class=\"wpb_wrapper\"><p>The German defence industry is looking forward to orders worth billions. In order to be able to fulfil the new orders, additional employees need to be hired - including skilled workers. Find out here how you can recruit them for your company in the defence industry despite the shortage of skilled workers!<\/p>\n<h2>The boom in the German defence industry<\/h2>\n<p>The German defence industry is booming. The EU alone is planning to invest around 800 billion euros in European defence by 2029. Germany's security is to be increased by strengthening and modernising the German armed forces. This is particularly necessary in light of current political and geopolitical developments.<\/p>\n<p>There are several important defence companies in Germany, all of which are now looking for new employees - often also skilled workers. Incidentally, the ten largest defence companies in Germany are Airbus, Rheinmetall, KNDS, MBDA, ThyssenKrupp Marine Systems, Hensoldt, Diehl, Renk, MTU Aero Engines and Heckler &amp; Koch.<\/p>\n<h2>Which trades are particularly in demand in the defence industry?<\/h2>\n<p>The production of defence equipment is a complex and technologically demanding process. In addition to engineers, technicians and scientists, craftsmen are also required. The most important trades in the defence industry are as follows:<\/p>\n<ol>\n<li><strong><a href=\"https:\/\/global-business-recruiting.de\/en\/professions\/schweisser\/\">Welder:<\/a><\/strong><span>\u00a0<\/span>are essential for the manufacture of armour, weapon casings and many other products in the defence industry.<\/li>\n<li><strong>CNC lathe operator:<\/strong><span>\u00a0<\/span>They are needed for the precise production of components used to build military equipment.<\/li>\n<li><strong>Mechatronics engineer:<\/strong><span>\u00a0<\/span>build and repair complex military systems such as drones.<\/li>\n<li><strong>Weapons technician:<\/strong><span>\u00a0<\/span>They are responsible for the development and assembly of all types of weapons and the associated ammunition.<\/li>\n<li><strong>Carpenters and joiners:<\/strong><span>\u00a0<\/span>are needed in the defence industry, e.g. for the interior fittings of vehicles and specialised wooden components.<\/li>\n<li><strong>Metalworker:<\/strong><span>\u00a0<\/span>take over the construction of metal structures that are used almost everywhere in the defence industry.<\/li>\n<\/ol>\n<h2>The shortage of skilled labour in the defence industry<\/h2>\n<p>The shortage of skilled labour in Germany has reached striking proportions. In almost every sector, there are companies that simply cannot fill their vacancies. According to figures from the German Economic Institute (IW), there are a total of over half a million vacancies in Germany. And the defence industry is also facing the major challenge of recruiting new employees - especially now that the order books are full and national and European security depends on the fulfilment of these orders.<\/p>\n<p>The impact of the skills shortage on the defence industry could be severe. If German defence companies are unable to recruit enough new employees, this could become a problem with geopolitical implications.<\/p>\n<p>So what strategies are there to combat the shortage of skilled labour in the defence sector? How are German companies in the defence industry trying to attract new, qualified employees despite the shortage of personnel?<\/p>\n<h2>How can temporary work counteract the shortage of skilled labour?<\/h2>\n<p>The simplest solution is probably temporary work (also known as personnel leasing or employee leasing). With temporary work, companies borrow employees from another company for a certain period of time.<\/p>\n<p>Global Business Recruiting has specialised in temporary staffing - especially from Eastern Europe - for over 30 years. We find and place qualified temporary workers from countries such as Poland, the Czech Republic, Romania, the Balkan states, Hungary, Croatia, Slovenia, Slovakia and more.<\/p>\n<p>Polish temporary workers are particularly interesting in this context, considering Poland's important role in the European defence industry. In addition, Polish temporary workers often have a very good command of German and are ready for immediate deployment.<\/p>\n<p>We have many years of experience in personnel leasing in safety-critical areas such as the defence industry. In order to safely overcome all legal and regulatory hurdles, it is advisable to work with an experienced, reliable partner. And that is exactly what we have been for over 30 years.<\/p>\n<p>Overall, personnel leasing is an excellent solution to the shortage of skilled labour in the defence industry. Of course, personnel leasing or temporary work does not only work in the defence industry, but in all other industries as well.<\/p>\n<h2>Special legal features of temporary work in the defence industry<\/h2>\n<p>The use of temporary workers in the defence industry is subject to special legal requirements. In addition to the general provisions of the German Temporary Employment Act (A\u00dcG), export control regulations must also be observed: Certain positions may only be filled by persons with German citizenship or an appropriate security status. More on the legal basis of temporary employment:<span>\u00a0<\/span><a href=\"https:\/\/global-business-recruiting.de\/en\/know\/labour-leasing-vs-subcontracting\/\">Temporary employment vs. subcontracting<\/a>.<\/p>\n<p>In addition, all provisions of the Posted Workers Act must be complied with when posting Eastern European skilled workers - in particular minimum wage, working hours and the<span>\u00a0<\/span><a href=\"https:\/\/global-business-recruiting.de\/en\/know\/a1-certificate\/\">A1 certificate<\/a>.<\/p>\n<h2>Frequently asked questions about skilled trades in the defence industry<\/h2>\n<\/div><\/div><div class=\"w-separator size_small\"><\/div><div class=\"w-tabs style_default switch_click accordion type_togglable has_scrolling\" style=\"--sections-title-size:inherit\"><div class=\"w-tabs-sections titles-align_none icon_chevron cpos_right\"><div class=\"w-tabs-section\" id=\"a891\" itemscope itemprop=\"mainEntity\" itemtype=\"https:\/\/schema.org\/Question\"><button class=\"w-tabs-section-header\" aria-controls=\"content-a891\" aria-expanded=\"false\"><div class=\"w-tabs-section-title\" itemprop=\"name\">Why are welders so much in demand in the defence industry?<\/div><div class=\"w-tabs-section-control\"><\/div><\/button><div  class=\"w-tabs-section-content\" id=\"content-a891\" itemscope itemprop=\"acceptedAnswer\" itemtype=\"https:\/\/schema.org\/Answer\"><div class=\"w-tabs-section-content-h i-cf\" itemprop=\"text\"><div class=\"wpb_text_column\"><div class=\"wpb_wrapper\"><p>Welders are indispensable in the defence industry as they are responsible for the manufacture of armour, weapon casings, vehicle frames and structural parts. The demands are high: precision, knowledge of various welding processes (MAG, TIG, electrode) and often a willingness to undergo safety checks are required.<\/p>\n<\/div><\/div><\/div><\/div><\/div><div class=\"w-tabs-section\" id=\"v968\" itemscope itemprop=\"mainEntity\" itemtype=\"https:\/\/schema.org\/Question\"><button class=\"w-tabs-section-header\" aria-controls=\"content-v968\" aria-expanded=\"false\"><div class=\"w-tabs-section-title\" itemprop=\"name\">Do craftsmen in the defence industry need a security clearance?<\/div><div class=\"w-tabs-section-control\"><\/div><\/button><div  class=\"w-tabs-section-content\" id=\"content-v968\" itemscope itemprop=\"acceptedAnswer\" itemtype=\"https:\/\/schema.org\/Answer\"><div class=\"w-tabs-section-content-h i-cf\" itemprop=\"text\"><div class=\"wpb_text_column\"><div class=\"wpb_wrapper\"><p>This depends on the area of application. Anyone working directly on safety-relevant systems or in restricted areas generally requires a safety inspection in accordance with the German Safety Inspection Act (S\u00dcG). This is not always necessary for general manual activities in production halls.<\/p>\n<\/div><\/div><\/div><\/div><\/div><div class=\"w-tabs-section\" id=\"ia35\" itemscope itemprop=\"mainEntity\" itemtype=\"https:\/\/schema.org\/Question\"><button class=\"w-tabs-section-header\" aria-controls=\"content-ia35\" aria-expanded=\"false\"><div class=\"w-tabs-section-title\" itemprop=\"name\">Can Eastern European craftsmen be employed in the German defence industry?<\/div><div class=\"w-tabs-section-control\"><\/div><\/button><div  class=\"w-tabs-section-content\" id=\"content-ia35\" itemscope itemprop=\"acceptedAnswer\" itemtype=\"https:\/\/schema.org\/Answer\"><div class=\"w-tabs-section-content-h i-cf\" itemprop=\"text\"><div class=\"wpb_text_column\"><div class=\"wpb_wrapper\"><p>Yes, in principle EU citizens can work in the German defence industry. There are restrictions for security-related positions that require German citizenship or a certain residence status. Global Business Recruiting will advise you on the specific requirements for your vacancies.<\/p>\n<\/div><\/div><\/div><\/div><\/div><div class=\"w-tabs-section\" id=\"ib2a\" itemscope itemprop=\"mainEntity\" itemtype=\"https:\/\/schema.org\/Question\"><button class=\"w-tabs-section-header\" aria-controls=\"content-ib2a\" aria-expanded=\"false\"><div class=\"w-tabs-section-title\" itemprop=\"name\">How quickly can Global Business Recruiting provide craftsmen for the defence industry?<\/div><div class=\"w-tabs-section-control\"><\/div><\/button><div  class=\"w-tabs-section-content\" id=\"content-ib2a\" itemscope itemprop=\"acceptedAnswer\" itemtype=\"https:\/\/schema.org\/Answer\"><div class=\"w-tabs-section-content-h i-cf\" itemprop=\"text\"><div class=\"wpb_text_column\"><div class=\"wpb_wrapper\"><p>For standard positions such as welders, metalworkers or CNC lathe operators, we can usually provide skilled labour ready for deployment within a week. All employees have the necessary qualifications, speak German and are familiar with German safety standards.<\/p>\n<\/div><\/div><\/div><\/div><\/div><div class=\"w-tabs-section\" id=\"jbf5\" itemscope itemprop=\"mainEntity\" itemtype=\"https:\/\/schema.org\/Question\"><button class=\"w-tabs-section-header\" aria-controls=\"content-jbf5\" aria-expanded=\"false\"><div class=\"w-tabs-section-title\" itemprop=\"name\">Which Eastern European countries are particularly relevant as a source for armourers?<\/div><div class=\"w-tabs-section-control\"><\/div><\/button><div  class=\"w-tabs-section-content\" id=\"content-jbf5\" itemscope itemprop=\"acceptedAnswer\" itemtype=\"https:\/\/schema.org\/Answer\"><div class=\"w-tabs-section-content-h i-cf\" itemprop=\"text\"><div class=\"wpb_text_column\"><div class=\"wpb_wrapper\"><p>Poland is particularly interesting due to its own strong defence industry and the high level of qualification of its skilled workers. Slovakia, the Czech Republic and Romania are also home to many well-trained craftsmen with experience in metalworking who can be quickly integrated into German defence projects.<\/p>\n<\/div><\/div><\/div><\/div><\/div><\/div><\/div><\/div><\/div><\/div><\/div><\/section>","protected":false},"excerpt":{"rendered":"Die deutsche R\u00fcstungsindustrie freut sich \u00fcber Auftr\u00e4ge in Milliardenh\u00f6he. Um die neuen Auftr\u00e4ge stemmen zu k\u00f6nnen, m\u00fcssen zus\u00e4tzliche Mitarbeiter eingestellt werden \u2013 darunter auch Handwerker. Erfahren Sie hier, wie Sie diese trotz Fachkr\u00e4ftemangels f\u00fcr Ihr Unternehmen in der Verteidigungsindustrie gewinnen k\u00f6nnen! Der Boom der deutschen R\u00fcstungsindustrie Die deutsche R\u00fcstungsbranche boomt. Allein die EU plant, bis...","protected":false},"author":1,"featured_media":11146,"parent":9347,"menu_order":0,"comment_status":"closed","ping_status":"closed","template":"","meta":{"_acf_changed":false,"footnotes":""},"class_list":["post-9824","page","type-page","status-publish","has-post-thumbnail","hentry"],"acf":[],"_links":{"self":[{"href":"https:\/\/global-business-recruiting.de\/en\/wp-json\/wp\/v2\/pages\/9824","targetHints":{"allow":["GET"]}}],"collection":[{"href":"https:\/\/global-business-recruiting.de\/en\/wp-json\/wp\/v2\/pages"}],"about":[{"href":"https:\/\/global-business-recruiting.de\/en\/wp-json\/wp\/v2\/types\/page"}],"author":[{"embeddable":true,"href":"https:\/\/global-business-recruiting.de\/en\/wp-json\/wp\/v2\/users\/1"}],"replies":[{"embeddable":true,"href":"https:\/\/global-business-recruiting.de\/en\/wp-json\/wp\/v2\/comments?post=9824"}],"version-history":[{"count":6,"href":"https:\/\/global-business-recruiting.de\/en\/wp-json\/wp\/v2\/pages\/9824\/revisions"}],"predecessor-version":[{"id":11198,"href":"https:\/\/global-business-recruiting.de\/en\/wp-json\/wp\/v2\/pages\/9824\/revisions\/11198"}],"up":[{"embeddable":true,"href":"https:\/\/global-business-recruiting.de\/en\/wp-json\/wp\/v2\/pages\/9347"}],"wp:featuredmedia":[{"embeddable":true,"href":"https:\/\/global-business-recruiting.de\/en\/wp-json\/wp\/v2\/media\/11146"}],"wp:attachment":[{"href":"https:\/\/global-business-recruiting.de\/en\/wp-json\/wp\/v2\/media?parent=9824"}],"curies":[{"name":"wp","href":"https:\/\/api.w.org\/{rel}","templated":true}]}}