{"id":9889,"date":"2026-03-12T04:23:19","date_gmt":"2026-03-12T04:23:19","guid":{"rendered":"https:\/\/global-business-recruiting.de\/wissen\/rechtssichere-werkvertraege-was-sie-beim-abschluss-beachten-sollten\/"},"modified":"2026-03-29T13:10:09","modified_gmt":"2026-03-29T13:10:09","slug":"electrician-training-salary-further-training","status":"publish","type":"page","link":"https:\/\/global-business-recruiting.de\/en\/wissen\/elektriker-ausbildung-gehalt-weiterbildung\/","title":{"rendered":"Electrician - training, salary and further training"},"content":{"rendered":"<section class=\"l-section wpb_row height_custom\"><div class=\"l-section-h i-cf\"><div class=\"g-cols vc_row via_grid cols_1 laptops-cols_inherit tablets-cols_inherit mobiles-cols_1 valign_top type_default stacking_default\"><div class=\"wpb_column vc_column_container\"><div class=\"vc_column-inner\"><div class=\"wpb_text_column\"><div class=\"wpb_wrapper\"><p>Electrician - or official<span>\u00a0<\/span><strong>Electronics technician for energy and building technology<\/strong><span>\u00a0<\/span>- ensure that electricity flows safely, lights are on and modern technology works in everyday life. Whether building a smart home, installing solar systems or carrying out household repairs, electricians are sought-after specialists with a wide range of applications. We provide an overview of the training, requirements, salary and further training opportunities.<\/p>\n<h2>Electrician training: process and content<\/h2>\n<p>The official job title today is<span>\u00a0<\/span><strong>Electronics technician<\/strong>. The training programme combines theoretical principles at vocational school with practical content at the training company - you get to know the real work right from the start. At the same time, a standardisation of knowledge is ensured: It's all about the theoretical basics that every electrician needs to know. Whichever specialisation you choose, everyone is expected to be able to lay at least one cable and connect one device.<\/p>\n<h3>Training period<\/h3>\n<p>The training period is generally<span>\u00a0<\/span><strong>3.5 years<\/strong>. In some specialisations, this time can be shortened, for example if you already have previous knowledge or have exceptional comprehension skills.<\/p>\n<h3>Contents of the training<\/h3>\n<p>During the course of the apprenticeship, you will learn, among other things: Assemble and dismantle assemblies, measure and calculate electrical currents, assemble switchgear combinations and enclosures, carry out and document other services, create and implement modification and expansion plans, test systems and safety equipment as well as plan and design your own work processes and calculate them according to the company's specifications.<\/p>\n<h3>Prerequisites<\/h3>\n<p>There is no precise legal regulation for training. In practice, it has been shown that a secondary school leaving certificate offers better opportunities. More important than a formal qualification are good grades in physics and maths as well as manual skills and a genuine interest in the profession. In view of the current shortage of skilled labour, many companies are desperately looking for trainees - if you have the right interests and a few good grades, you should apply. Direct contact with the desired company - by phone call, for example - can be more effective than blind applications.<\/p>\n<h3>Remuneration during training<\/h3>\n<p>During the apprenticeship, you already perform work and are paid for it. The exact amount depends on the region and specialisation - but you can expect to earn around<span>\u00a0<\/span><strong>800 to 1,300 euros per month<\/strong><span>\u00a0<\/span>calculate.<\/p>\n<h2>Electrician salary: What is realistic?<\/h2>\n<p>After completing the apprenticeship, the salary increases significantly - to more than double the apprenticeship salary, i.e. to over 2,000 euros gross per month. With a little work experience<span>\u00a0<\/span><strong>3,000 euros gross<\/strong><span>\u00a0<\/span>possible. Anyone who has proven themselves in the profession for 10 years can be awarded around<span>\u00a0<\/span><strong>3,600 euros gross per month<\/strong><span>\u00a0<\/span>calculate.<\/p>\n<p>These figures are average values. Those who work in Bavaria, Hesse or Baden-W\u00fcrttemberg can currently expect the highest salaries. Although large cities offer higher salaries, they also have a higher cost of living. Shift work, night work and corresponding bonuses can also increase income.<\/p>\n<p>However, salary can also be actively influenced: Personal initiative, commitment and proactively taking on tasks increase your own value in the company - and therefore your negotiating position.<\/p>\n<h2>Further training as an electrician: specialisation and career<\/h2>\n<p>After training, there are various paths to further training. With the<span>\u00a0<\/span><strong>state-certified technician<\/strong><span>\u00a0<\/span>you can work in development, lead teams and work as a project manager in electrical engineering. The<span>\u00a0<\/span><strong>Master craftsman<\/strong><span>\u00a0<\/span>provides in-depth knowledge, allows you to train your own apprentices and includes knowledge from business management - right through to self-employment. A<span>\u00a0<\/span><strong>University studies<\/strong><span>\u00a0<\/span>is also possible and opens up further career levels.<\/p>\n<p>Specialisation and further training are reducing the number of competitors - the demand for specialist skills is increasing and salaries can be actively shaped. This is particularly true in electrical engineering, where the shortage of skilled labour persists.<\/p>\n<h2>Electricians as subcontractors or skilled workers from abroad<\/h2>\n<p>For companies looking to employ qualified electricians or electronics technicians on a short-term or project-related basis, Global Business Recruiting offers the placement of skilled workers from other EU countries - both as subcontractors on a work contract basis and via legal employee leasing. Find out more in our article on<span>\u00a0<\/span><a href=\"https:\/\/global-business-recruiting.de\/en\/know\/professional-recognition-for-electricians-abroad\/\">Professional recognition for electricians from abroad<\/a>.<\/p>\n<h2>Frequently asked questions about training and salary as an electrician<\/h2>\n<\/div><\/div><div class=\"w-separator size_small\"><\/div><div class=\"w-tabs style_default switch_click accordion type_togglable has_scrolling\" style=\"--sections-title-size:inherit\"><div class=\"w-tabs-sections titles-align_none icon_chevron cpos_right\"><div class=\"w-tabs-section\" id=\"jd6e\" itemscope itemprop=\"mainEntity\" itemtype=\"https:\/\/schema.org\/Question\"><button class=\"w-tabs-section-header\" aria-controls=\"content-jd6e\" aria-expanded=\"false\"><div class=\"w-tabs-section-title\" itemprop=\"name\">How long does it take to train as an electrician?<\/div><div class=\"w-tabs-section-control\"><\/div><\/button><div  class=\"w-tabs-section-content\" id=\"content-jd6e\" itemscope itemprop=\"acceptedAnswer\" itemtype=\"https:\/\/schema.org\/Answer\"><div class=\"w-tabs-section-content-h i-cf\" itemprop=\"text\"><div class=\"wpb_text_column\"><div class=\"wpb_wrapper\"><p>The regular training period is 3.5 years. It can be shortened under certain conditions - for example, in the case of prior knowledge or particular aptitude.<\/p>\n<\/div><\/div><\/div><\/div><\/div><div class=\"w-tabs-section\" id=\"xe43\" itemscope itemprop=\"mainEntity\" itemtype=\"https:\/\/schema.org\/Question\"><button class=\"w-tabs-section-header\" aria-controls=\"content-xe43\" aria-expanded=\"false\"><div class=\"w-tabs-section-title\" itemprop=\"name\">What does an electrician earn on average?<\/div><div class=\"w-tabs-section-control\"><\/div><\/button><div  class=\"w-tabs-section-content\" id=\"content-xe43\" itemscope itemprop=\"acceptedAnswer\" itemtype=\"https:\/\/schema.org\/Answer\"><div class=\"w-tabs-section-content-h i-cf\" itemprop=\"text\"><div class=\"wpb_text_column\"><div class=\"wpb_wrapper\"><p>Career starters generally earn just over 2,000 euros gross per month. With experience and specialisation, 3,000 euros and more are realistic. After around 10 years of professional experience, you can expect to earn around 3,600 euros gross per month - or more depending on the region and company.<\/p>\n<\/div><\/div><\/div><\/div><\/div><div class=\"w-tabs-section\" id=\"qf0f\" itemscope itemprop=\"mainEntity\" itemtype=\"https:\/\/schema.org\/Question\"><button class=\"w-tabs-section-header\" aria-controls=\"content-qf0f\" aria-expanded=\"false\"><div class=\"w-tabs-section-title\" itemprop=\"name\">What school-leaving qualifications are required for the electrician apprenticeship?<\/div><div class=\"w-tabs-section-control\"><\/div><\/button><div  class=\"w-tabs-section-content\" id=\"content-qf0f\" itemscope itemprop=\"acceptedAnswer\" itemtype=\"https:\/\/schema.org\/Answer\"><div class=\"w-tabs-section-content-h i-cf\" itemprop=\"text\"><div class=\"wpb_text_column\"><div class=\"wpb_wrapper\"><p>There are no formal requirements. In practice, a secondary school leaving certificate significantly increases your chances. More important than a degree are good grades in physics and maths as well as an interest in craftsmanship and skills.<\/p>\n<\/div><\/div><\/div><\/div><\/div><div class=\"w-tabs-section\" id=\"efdc\" itemscope itemprop=\"mainEntity\" itemtype=\"https:\/\/schema.org\/Question\"><button class=\"w-tabs-section-header\" aria-controls=\"content-efdc\" aria-expanded=\"false\"><div class=\"w-tabs-section-title\" itemprop=\"name\">Is further training as an electrician worthwhile?<\/div><div class=\"w-tabs-section-control\"><\/div><\/button><div  class=\"w-tabs-section-content\" id=\"content-efdc\" itemscope itemprop=\"acceptedAnswer\" itemtype=\"https:\/\/schema.org\/Answer\"><div class=\"w-tabs-section-content-h i-cf\" itemprop=\"text\"><div class=\"wpb_text_column\"><div class=\"wpb_wrapper\"><p>Yes, usually very much so. A state-certified technician, master craftsman title or degree increases both the responsibility and the demand for your own skills - and therefore your salary. Specialisation is a clear advantage, especially in times of skills shortages.<\/p>\n<\/div><\/div><\/div><\/div><\/div><div class=\"w-tabs-section\" id=\"t0d3\" itemscope itemprop=\"mainEntity\" itemtype=\"https:\/\/schema.org\/Question\"><button class=\"w-tabs-section-header\" aria-controls=\"content-t0d3\" aria-expanded=\"false\"><div class=\"w-tabs-section-title\" itemprop=\"name\">Where do electricians earn the most?<\/div><div class=\"w-tabs-section-control\"><\/div><\/button><div  class=\"w-tabs-section-content\" id=\"content-t0d3\" itemscope itemprop=\"acceptedAnswer\" itemtype=\"https:\/\/schema.org\/Answer\"><div class=\"w-tabs-section-content-h i-cf\" itemprop=\"text\"><div class=\"wpb_text_column\"><div class=\"wpb_wrapper\"><p>Salaries for electricians are currently highest in Bavaria, Hesse and Baden-W\u00fcrttemberg. Large cities also offer higher salaries, but also a higher cost of living. Shift and night work as well as bonuses can also increase income.<\/p>\n<div><\/div>\n<\/div><\/div><\/div><\/div><\/div><\/div><\/div><\/div><\/div><\/div><\/div><\/section>","protected":false},"excerpt":{"rendered":"Elektriker \u2013 oder offiziell\u00a0Elektroniker\/in f\u00fcr Energie- und Geb\u00e4udetechnik\u00a0\u2013 sorgen daf\u00fcr, dass Strom sicher flie\u00dft, Licht brennt und moderne Technik im Alltag funktioniert. Egal ob beim Bau eines Smart-Homes, der Installation von Solaranlagen oder bei Reparaturen im Haushalt: Elektriker sind gefragte Fachkr\u00e4fte mit vielf\u00e4ltigen Einsatzbereichen. Wir geben einen \u00dcberblick \u00fcber die Ausbildung, Voraussetzungen, Gehalt und Weiterbildungsm\u00f6glichkeiten....","protected":false},"author":1,"featured_media":11154,"parent":9347,"menu_order":0,"comment_status":"closed","ping_status":"closed","template":"","meta":{"_acf_changed":false,"footnotes":""},"class_list":["post-9889","page","type-page","status-publish","has-post-thumbnail","hentry"],"acf":[],"_links":{"self":[{"href":"https:\/\/global-business-recruiting.de\/en\/wp-json\/wp\/v2\/pages\/9889","targetHints":{"allow":["GET"]}}],"collection":[{"href":"https:\/\/global-business-recruiting.de\/en\/wp-json\/wp\/v2\/pages"}],"about":[{"href":"https:\/\/global-business-recruiting.de\/en\/wp-json\/wp\/v2\/types\/page"}],"author":[{"embeddable":true,"href":"https:\/\/global-business-recruiting.de\/en\/wp-json\/wp\/v2\/users\/1"}],"replies":[{"embeddable":true,"href":"https:\/\/global-business-recruiting.de\/en\/wp-json\/wp\/v2\/comments?post=9889"}],"version-history":[{"count":5,"href":"https:\/\/global-business-recruiting.de\/en\/wp-json\/wp\/v2\/pages\/9889\/revisions"}],"predecessor-version":[{"id":11186,"href":"https:\/\/global-business-recruiting.de\/en\/wp-json\/wp\/v2\/pages\/9889\/revisions\/11186"}],"up":[{"embeddable":true,"href":"https:\/\/global-business-recruiting.de\/en\/wp-json\/wp\/v2\/pages\/9347"}],"wp:featuredmedia":[{"embeddable":true,"href":"https:\/\/global-business-recruiting.de\/en\/wp-json\/wp\/v2\/media\/11154"}],"wp:attachment":[{"href":"https:\/\/global-business-recruiting.de\/en\/wp-json\/wp\/v2\/media?parent=9889"}],"curies":[{"name":"wp","href":"https:\/\/api.w.org\/{rel}","templated":true}]}}