{"id":9933,"date":"2026-03-12T12:57:40","date_gmt":"2026-03-12T12:57:40","guid":{"rendered":"https:\/\/global-business-recruiting.de\/wissen\/vorbereitung-auf-die-mitarbeiterentsendung-ins-ausland-schritte-und-kulturelle-herausforderungen\/"},"modified":"2026-03-29T13:18:35","modified_gmt":"2026-03-29T13:18:35","slug":"foreign-electricians-win","status":"publish","type":"page","link":"https:\/\/global-business-recruiting.de\/en\/wissen\/auslaendische-elektriker-gewinnen\/","title":{"rendered":"How do you attract foreign specialists in the field of electrical engineering?"},"content":{"rendered":"<section class=\"l-section wpb_row height_custom\"><div class=\"l-section-h i-cf\"><div class=\"g-cols vc_row via_grid cols_1 laptops-cols_inherit tablets-cols_inherit mobiles-cols_1 valign_top type_default stacking_default\"><div class=\"wpb_column vc_column_container\"><div class=\"vc_column-inner\"><div class=\"wpb_text_column\"><div class=\"wpb_wrapper\"><p>Now that we know how foreign skilled workers can get their certificates recognised in Germany and adapt their qualifications if necessary, the next question arises: How do companies in Germany attract skilled workers from abroad? While the shortage of skilled labour may seem so simple, employers sometimes have to do more than just check applicants - they first have to recruit or find the candidates.<\/p>\n<h2>What does employer branding mean?<\/h2>\n<p>The word \u201ebranding\u201c is omnipresent in marketing - the idea behind it is to make your own brand known and thus make it more attractive. The same applies to employer branding: if a company has a high demand for skilled labour, which may even lead to a high fluctuation rate so that new skilled workers have to be constantly recruited, employer branding is a crucial step in attracting a sufficient number of electricians.<\/p>\n<p>In other words, the company should present itself as attractive - especially for foreign skilled workers. It is not enough to appear attractive from a German perspective. Foreign skilled workers with a different background judge local employers according to different criteria. It should not only be a question of recruiting foreign skilled workers - rather, the aim should be to reach precisely those skilled workers who can integrate into the company and provide high-quality work.<\/p>\n<h2>How does an employer branding process work?<\/h2>\n<p>Firstly, your own company should clearly define its values: What is important to the company in relation to its customers and what does it expect from its employees? These values must be clearly communicated and presented in the context of the quality assurance of the work - externally for new specialists and internally for existing employees.<\/p>\n<p>The company should also point out career development opportunities. It is nice to offer a job - but it only becomes really attractive if the person concerned can pursue their own career according to their own ideas.<\/p>\n<p>An international working environment should also be emphasised. If skilled workers from different countries are employed, this is a clear plus point. The diversity of the countries from which the employees come and the life in the company that results from this mix should be actively communicated.<\/p>\n<p>After all, the company needs its own online presence - not a loveless website, but a whole cosmos of presentations. The website should be kept up to date and linked to various social media.<\/p>\n<h2>How can foreign skilled workers be recruited in a targeted manner?<\/h2>\n<p>Digital networks, social media and the internet as a whole offer unprecedented opportunities for marketing today. This also applies to marketing, which is referred to as the recruitment of new skilled labour - the same rules apply. The only thing that has changed is the direction of marketing: instead of selling a product, work in one's own company is offered as a desirable product.<\/p>\n<p>The following measures are important for concrete implementation: The<span>\u00a0<\/span><strong>Online presence<\/strong><span>\u00a0<\/span>must be professionally designed and reflect the seriousness of the company with regard to quality. The<span>\u00a0<\/span><strong>Website<\/strong><span>\u00a0<\/span>should provide relevant information for new employees - opportunities in the company, clearly formulated job advertisements, support services for integration into the German labour market and German life. The next step is to<span>\u00a0<\/span><strong>Increase reach<\/strong><span>\u00a0<\/span>- by linking to the places on the Internet where potential employees are located: LinkedIn, Facebook and specialised portals. This is also where the<span>\u00a0<\/span><strong>Job advertisements discontinued<\/strong><span>\u00a0<\/span>with a link to the informative website.<\/p>\n<h2>How can social networks support the recruitment of skilled labour?<\/h2>\n<p>LinkedIn and Facebook are popular platforms that jobseekers use to find out about all the opportunities and find new jobs. As these platforms are generalist, you can expect a lot of traffic on the profiles and pages that is not made up of potential employees.<\/p>\n<p>It is therefore essential to use specialised platforms in addition to such platforms - especially specialist portals and online job boards. These specialise in finding skilled workers, advertise accordingly and make their websites attractive. Experienced specialists in particular can be found here, and in addition to your own job advert, you can also write directly to employees looking for a job.<\/p>\n<h2>How does an applicant management system support the recruiting process?<\/h2>\n<p>An applicant management system can be used for a larger search for several specialists. It makes the selection of candidates and the entire recruitment process simpler and clearer - managing applicants, communicating and monitoring progress.<\/p>\n<p>In order to speed up the selection process - which is particularly important given the distance between the company and the applicant's place of residence abroad - online means should be used for pre-selection: Online tests, interviews conducted online. There are also international online networks through which communities of potential candidates can be found and approached directly. Targeted adverts on social networks and popular portals also increase the reach of job advertisements.<\/p>\n<h2>Why is it worth working with specialised recruitment agencies?<\/h2>\n<p>When searching for skilled workers from abroad, specialised recruitment agencies can offer even more advantages than when recruiting skilled workers at home. Finding electricians from abroad is a somewhat more extensive endeavour than a domestic search. Specialised agencies offer four main advantages:<\/p>\n<p><strong>Valuable advice and further expertise:<\/strong><span>\u00a0<\/span>Especially when dealing with the different qualifications and requirements, they can concretise the needs and thus formulate requirements that correspond to those of the company and are compatible with the training abroad.<\/p>\n<p><strong>Extensive networks and contacts:<\/strong><span>\u00a0<\/span>This means they can easily draw on a large pool of suitable candidates to recruit the right electricians for their own company.<\/p>\n<p><strong>Complex legal situation:<\/strong><span>\u00a0<\/span>Legal certainty is particularly important with regard to the legal situation associated with the recruitment of foreign labour. This also includes the application for residence permits and the recognition of qualifications.<\/p>\n<p><strong>Carrying out screenings:<\/strong><span>\u00a0<\/span>They use their experience to pre-select applicants - they check their background and, above all, their qualifications.<\/p>\n<p>Finally, the agencies also help to integrate the foreign skilled workers into their own company - by providing support in overcoming cultural hurdles so that the new employees can familiarise themselves smoothly with the company. There are a whole range of agencies that specialise in recruiting skilled workers from Poland, the Czech Republic, Slovakia, Lithuania and other Eastern European countries and are particularly good at helping with application-related, legal and cultural issues.<\/p>\n<p>You can read more about the recognition of foreign qualifications in our article<span>\u00a0<\/span><a href=\"https:\/\/global-business-recruiting.de\/en\/know\/professional-recognition-for-electricians-abroad\/\">Professional recognition for electricians from abroad<\/a>.<\/p>\n<h2>Frequently asked questions about recruiting foreign electricians<\/h2>\n<\/div><\/div><div class=\"w-separator size_small\"><\/div><div class=\"w-tabs style_default switch_click accordion type_togglable has_scrolling\" style=\"--sections-title-size:inherit\"><div class=\"w-tabs-sections titles-align_none icon_chevron cpos_right\"><div class=\"w-tabs-section\" id=\"a373\" itemscope itemprop=\"mainEntity\" itemtype=\"https:\/\/schema.org\/Question\"><button class=\"w-tabs-section-header\" aria-controls=\"content-a373\" aria-expanded=\"false\"><div class=\"w-tabs-section-title\" itemprop=\"name\">What is employer branding and why is it important for attracting foreign skilled workers?<\/div><div class=\"w-tabs-section-control\"><\/div><\/button><div  class=\"w-tabs-section-content\" id=\"content-a373\" itemscope itemprop=\"acceptedAnswer\" itemtype=\"https:\/\/schema.org\/Answer\"><div class=\"w-tabs-section-content-h i-cf\" itemprop=\"text\"><div class=\"wpb_text_column\"><div class=\"wpb_wrapper\"><p>Employer branding refers to the development of an attractive employer brand. It is particularly important for recruiting foreign electricians because this target group evaluates employers according to different criteria than domestic applicants - career opportunities, an international working environment and clear communication play a central role.<\/p>\n<\/div><\/div><\/div><\/div><\/div><div class=\"w-tabs-section\" id=\"y451\" itemscope itemprop=\"mainEntity\" itemtype=\"https:\/\/schema.org\/Question\"><button class=\"w-tabs-section-header\" aria-controls=\"content-y451\" aria-expanded=\"false\"><div class=\"w-tabs-section-title\" itemprop=\"name\">Which online channels are best suited for recruiting foreign electricians?<\/div><div class=\"w-tabs-section-control\"><\/div><\/button><div  class=\"w-tabs-section-content\" id=\"content-y451\" itemscope itemprop=\"acceptedAnswer\" itemtype=\"https:\/\/schema.org\/Answer\"><div class=\"w-tabs-section-content-h i-cf\" itemprop=\"text\"><div class=\"wpb_text_column\"><div class=\"wpb_wrapper\"><p>In addition to LinkedIn and Facebook, specialised portals and online job boards should be used above all. These focus on skilled labour, offer a targeted approach and also enable direct contact with actively seeking electricians. A professional company website with information for foreign applicants is an indispensable basis for this.<\/p>\n<\/div><\/div><\/div><\/div><\/div><div class=\"w-tabs-section\" id=\"p525\" itemscope itemprop=\"mainEntity\" itemtype=\"https:\/\/schema.org\/Question\"><button class=\"w-tabs-section-header\" aria-controls=\"content-p525\" aria-expanded=\"false\"><div class=\"w-tabs-section-title\" itemprop=\"name\">How can an applicant management system simplify the process?<\/div><div class=\"w-tabs-section-control\"><\/div><\/button><div  class=\"w-tabs-section-content\" id=\"content-p525\" itemscope itemprop=\"acceptedAnswer\" itemtype=\"https:\/\/schema.org\/Answer\"><div class=\"w-tabs-section-content-h i-cf\" itemprop=\"text\"><div class=\"wpb_text_column\"><div class=\"wpb_wrapper\"><p>An applicant management system enables the structured administration of all candidates, communication during the process and the tracking of progress. For applicants from abroad, online tests and video interviews can also be integrated to bridge the distance and make an informed pre-selection.<\/p>\n<\/div><\/div><\/div><\/div><\/div><div class=\"w-tabs-section\" id=\"t61e\" itemscope itemprop=\"mainEntity\" itemtype=\"https:\/\/schema.org\/Question\"><button class=\"w-tabs-section-header\" aria-controls=\"content-t61e\" aria-expanded=\"false\"><div class=\"w-tabs-section-title\" itemprop=\"name\">What advantages does a specialised recruitment agency offer over conducting your own research?<\/div><div class=\"w-tabs-section-control\"><\/div><\/button><div  class=\"w-tabs-section-content\" id=\"content-t61e\" itemscope itemprop=\"acceptedAnswer\" itemtype=\"https:\/\/schema.org\/Answer\"><div class=\"w-tabs-section-content-h i-cf\" itemprop=\"text\"><div class=\"wpb_text_column\"><div class=\"wpb_wrapper\"><p>Specialised agencies bring expertise in foreign qualifications, an extensive network of candidates, legal certainty regarding residence permits and recognition of qualifications as well as experience in pre-selection and cultural integration. This saves the company considerable time and reduces the risk of wrong appointments.<\/p>\n<\/div><\/div><\/div><\/div><\/div><div class=\"w-tabs-section\" id=\"y6f0\" itemscope itemprop=\"mainEntity\" itemtype=\"https:\/\/schema.org\/Question\"><button class=\"w-tabs-section-header\" aria-controls=\"content-y6f0\" aria-expanded=\"false\"><div class=\"w-tabs-section-title\" itemprop=\"name\">Which countries do foreign electricians who work in Germany come from?<\/div><div class=\"w-tabs-section-control\"><\/div><\/button><div  class=\"w-tabs-section-content\" id=\"content-y6f0\" itemscope itemprop=\"acceptedAnswer\" itemtype=\"https:\/\/schema.org\/Answer\"><div class=\"w-tabs-section-content-h i-cf\" itemprop=\"text\"><div class=\"wpb_text_column\"><div class=\"wpb_wrapper\"><p>Electricians from Poland, the Czech Republic, Slovakia, Lithuania and other Eastern European countries are in particularly high demand. These skilled workers often have a solid education and are familiar with European standards. Specialised agencies such as Global Business Recruiting have focused on precisely these markets.<\/p>\n<\/div><\/div><\/div><\/div><\/div><\/div><\/div><\/div><\/div><\/div><\/div><\/section>","protected":false},"excerpt":{"rendered":"Nachdem bekannt ist, wie ausl\u00e4ndische Fachkr\u00e4fte hierzulande ihre Zertifikate anerkannt bekommen und ihre Qualifikationen gegebenenfalls anpassen k\u00f6nnen, stellt sich die n\u00e4chste Frage: Wie gewinnen Betriebe in Deutschland Fachkr\u00e4fte aus dem Ausland? W\u00e4hrend das mit dem Fachkr\u00e4ftemangel so einfach erscheint, muss doch mitunter von Seiten der Arbeitgeber etwas getan werden, das \u00fcber die Pr\u00fcfung der Bewerber...","protected":false},"author":1,"featured_media":11163,"parent":9347,"menu_order":0,"comment_status":"closed","ping_status":"closed","template":"","meta":{"_acf_changed":false,"footnotes":""},"class_list":["post-9933","page","type-page","status-publish","has-post-thumbnail","hentry"],"acf":[],"_links":{"self":[{"href":"https:\/\/global-business-recruiting.de\/en\/wp-json\/wp\/v2\/pages\/9933","targetHints":{"allow":["GET"]}}],"collection":[{"href":"https:\/\/global-business-recruiting.de\/en\/wp-json\/wp\/v2\/pages"}],"about":[{"href":"https:\/\/global-business-recruiting.de\/en\/wp-json\/wp\/v2\/types\/page"}],"author":[{"embeddable":true,"href":"https:\/\/global-business-recruiting.de\/en\/wp-json\/wp\/v2\/users\/1"}],"replies":[{"embeddable":true,"href":"https:\/\/global-business-recruiting.de\/en\/wp-json\/wp\/v2\/comments?post=9933"}],"version-history":[{"count":6,"href":"https:\/\/global-business-recruiting.de\/en\/wp-json\/wp\/v2\/pages\/9933\/revisions"}],"predecessor-version":[{"id":11176,"href":"https:\/\/global-business-recruiting.de\/en\/wp-json\/wp\/v2\/pages\/9933\/revisions\/11176"}],"up":[{"embeddable":true,"href":"https:\/\/global-business-recruiting.de\/en\/wp-json\/wp\/v2\/pages\/9347"}],"wp:featuredmedia":[{"embeddable":true,"href":"https:\/\/global-business-recruiting.de\/en\/wp-json\/wp\/v2\/media\/11163"}],"wp:attachment":[{"href":"https:\/\/global-business-recruiting.de\/en\/wp-json\/wp\/v2\/media?parent=9933"}],"curies":[{"name":"wp","href":"https:\/\/api.w.org\/{rel}","templated":true}]}}