{"id":9959,"date":"2026-03-16T05:42:15","date_gmt":"2026-03-16T05:42:15","guid":{"rendered":"https:\/\/global-business-recruiting.de\/wissen\/outsourcing-der-lohnbuchhaltung-tipps-was-sie-beachten-muessen\/"},"modified":"2026-03-29T13:23:28","modified_gmt":"2026-03-29T13:23:28","slug":"importance-of-the-german-shipbuilding-industry","status":"publish","type":"page","link":"https:\/\/global-business-recruiting.de\/en\/wissen\/deutsche-schiffbauindustrie-bedeutung\/","title":{"rendered":"The character and importance of the German shipbuilding industry"},"content":{"rendered":"<section class=\"l-section wpb_row height_custom\"><div class=\"l-section-h i-cf\"><div class=\"g-cols vc_row via_grid cols_1 laptops-cols_inherit tablets-cols_inherit mobiles-cols_1 valign_top type_default stacking_default\"><div class=\"wpb_column vc_column_container\"><div class=\"vc_column-inner\"><div class=\"wpb_text_column\"><div class=\"wpb_wrapper\"><p>Shipbuilding has been one of Germany's most important industries for decades. This is particularly evident in the fact that special ships are built here that are in demand worldwide - from imposing cruise ships and luxurious yachts to ultra-modern naval vessels. Shipyards such as Meyer Werft, L\u00fcrssen\/NVL Group and Thyssenkrupp Marine Systems (TKMS) enjoy an excellent international reputation. They stand for quality, innovation and reliability and have continuously full order books. At the same time, the state supports their most technologically demanding projects in order to strengthen the industry in the long term.<\/p>\n<h2>What characterises German shipbuilding?<\/h2>\n<p>The German shipbuilding industry is characterised by large, traditional companies with decades of expertise, extensive experience and state-of-the-art technologies. They are particularly strong in segments where quality and technical innovation are crucial: Cruise ships, luxury yachts and naval vessels.<\/p>\n<p>At the same time, there is a broad-based SME sector. Many of these companies are family-run and highly specialised. They cover niches such as the construction of inland waterway vessels or other smaller specialised ships that are primarily used on rivers and lakes.<\/p>\n<h2>From crisis to upswing<\/h2>\n<p>After a difficult phase - triggered by an oversupply of shipping space and exacerbated by the pandemic-related slump in global trade - the industry is experiencing a significant upturn. Global trade is picking up again, demand for shipping capacity is increasing and the maritime industry is at an all-time high. Even discussions about tariffs do little to change this: goods have to be transported - the question is at most where the ships go, not whether they are built.<\/p>\n<h2>Why Germany benefits<\/h2>\n<p>Despite higher wages and social security contributions, Germany is holding its own in specialised shipbuilding. The reason:<span>\u00a0<\/span><strong>Quality and innovation.<\/strong><span>\u00a0<\/span>Another factor is government support, including through the<span>\u00a0<\/span><strong>Federal Office of Economics and Export Control (BAFA)<\/strong>. The funding is focussed on innovative ship designs, new offshore designs, modern manufacturing processes and advanced systems on board. The aim is to secure the international competitiveness of German shipyards, preserve jobs and at the same time expand strategic capacities for the future.<\/p>\n<h2>Why a strong national shipbuilding industry is important in terms of security policy<\/h2>\n<p>The German government's own naval industry plays a decisive role in its maritime strategy. A strong navy requires an independent, national industry that develops, builds, maintains and modernises ships. If German naval vessels were built abroad, we would become dependent on spare parts deliveries, maintenance cycles, technical updates and political influence.<\/p>\n<p>Manufacturers of military technology often reserve the right to have a say in the use of their products - a risk that Germany would like to avoid. A sovereign shipbuilding industry is therefore a strategic component of national security.<\/p>\n<h2>The German shipbuilding industry at a glance<\/h2>\n<p>The sector is characterised by two factors in particular:<\/p>\n<p><strong>1. global leader in specialised shipbuilding:<\/strong><span>\u00a0<\/span>German shipyards are often number one in their segments. Anyone planning to build a superyacht monument goes to L\u00fcrssen. For innovative cruise ships, there is no way around Meyer Werft. And if you need ultra-modern naval vessels, TKMS is the right choice.<\/p>\n<p><strong>2. high cost pressure due to international competition:<\/strong><span>\u00a0<\/span>Asian shipyards, particularly in China and South Korea, benefit from lower costs, more favourable infrastructure and huge production volumes. The resulting economies of scale make it almost impossible to compete in the standardised mass market. This is why Germany is focussing on areas where quality is more important than price.<\/p>\n<h2>Conclusion: Quality beats quantity - and makes Germany indispensable<\/h2>\n<p>Today, the German shipbuilding industry is highly specialised, a technological leader and in demand internationally. It has overcome the crisis because it is focussing on what it does best:<span>\u00a0<\/span><strong>build complex, high-quality and innovative ships<\/strong>, that are unrivalled worldwide. This means that German shipbuilding remains not only economically significant, but also a strategic pillar for safety, technological development and industrial sovereignty.<\/p>\n<p>You can find an overview of the most important German shipyards in our article<span>\u00a0<\/span><a href=\"https:\/\/global-business-recruiting.de\/en\/know\/german-shipyards-overview\/\">German shipyards at a glance<\/a>. Read more about shipbuilding services and skilled labour requirements at<span>\u00a0<\/span><a href=\"https:\/\/global-business-recruiting.de\/en\/know\/shipbuilding-services\/\">Shipbuilding services<\/a>.<\/p>\n<h2>Frequently asked questions about the German shipbuilding industry<\/h2>\n<\/div><\/div><div class=\"w-separator size_small\"><\/div><div class=\"w-tabs style_default switch_click accordion type_togglable has_scrolling\" style=\"--sections-title-size:inherit\"><div class=\"w-tabs-sections titles-align_none icon_chevron cpos_right\"><div class=\"w-tabs-section\" id=\"i5fb\" itemscope itemprop=\"mainEntity\" itemtype=\"https:\/\/schema.org\/Question\"><button class=\"w-tabs-section-header\" aria-controls=\"content-i5fb\" aria-expanded=\"false\"><div class=\"w-tabs-section-title\" itemprop=\"name\">Why is Germany competitive in shipbuilding despite high costs?<\/div><div class=\"w-tabs-section-control\"><\/div><\/button><div  class=\"w-tabs-section-content\" id=\"content-i5fb\" itemscope itemprop=\"acceptedAnswer\" itemtype=\"https:\/\/schema.org\/Answer\"><div class=\"w-tabs-section-content-h i-cf\" itemprop=\"text\"><div class=\"wpb_text_column\"><div class=\"wpb_wrapper\"><p>Germany does not compete in the standardised mass market - where China and South Korea dominate with lower costs and large production volumes. German shipyards specialise in complex special ships such as cruise ships, luxury yachts and naval vessels, where quality, innovation and reliability are more important than price.<\/p>\n<\/div><\/div><\/div><\/div><\/div><div class=\"w-tabs-section\" id=\"y6e6\" itemscope itemprop=\"mainEntity\" itemtype=\"https:\/\/schema.org\/Question\"><button class=\"w-tabs-section-header\" aria-controls=\"content-y6e6\" aria-expanded=\"false\"><div class=\"w-tabs-section-title\" itemprop=\"name\">Which German shipyards are international leaders?<\/div><div class=\"w-tabs-section-control\"><\/div><\/button><div  class=\"w-tabs-section-content\" id=\"content-y6e6\" itemscope itemprop=\"acceptedAnswer\" itemtype=\"https:\/\/schema.org\/Answer\"><div class=\"w-tabs-section-content-h i-cf\" itemprop=\"text\"><div class=\"wpb_text_column\"><div class=\"wpb_wrapper\"><p>Meyer Werft is a leader in cruise ship construction, L\u00fcrssen\/NVL Group in superyachts and naval vessels, Thyssenkrupp Marine Systems (TKMS) in ultra-modern submarines and naval vessels. In addition, there is a broad middle class of specialised family-run shipyards.<\/p>\n<\/div><\/div><\/div><\/div><\/div><div class=\"w-tabs-section\" id=\"j7bb\" itemscope itemprop=\"mainEntity\" itemtype=\"https:\/\/schema.org\/Question\"><button class=\"w-tabs-section-header\" aria-controls=\"content-j7bb\" aria-expanded=\"false\"><div class=\"w-tabs-section-title\" itemprop=\"name\">What significance does the German shipbuilding industry have in terms of security policy?<\/div><div class=\"w-tabs-section-control\"><\/div><\/button><div  class=\"w-tabs-section-content\" id=\"content-j7bb\" itemscope itemprop=\"acceptedAnswer\" itemtype=\"https:\/\/schema.org\/Answer\"><div class=\"w-tabs-section-content-h i-cf\" itemprop=\"text\"><div class=\"wpb_text_column\"><div class=\"wpb_wrapper\"><p>A national shipbuilding industry is crucial for the independence of the Bundeswehr navy. If naval vessels were built abroad, dependency would arise for spare parts, maintenance and technical updates. In addition, foreign manufacturers often retain a say in the use of their defence products.<\/p>\n<\/div><\/div><\/div><\/div><\/div><div class=\"w-tabs-section\" id=\"b89c\" itemscope itemprop=\"mainEntity\" itemtype=\"https:\/\/schema.org\/Question\"><button class=\"w-tabs-section-header\" aria-controls=\"content-b89c\" aria-expanded=\"false\"><div class=\"w-tabs-section-title\" itemprop=\"name\">How has the German shipbuilding industry developed since the crisis?<\/div><div class=\"w-tabs-section-control\"><\/div><\/button><div  class=\"w-tabs-section-content\" id=\"content-b89c\" itemscope itemprop=\"acceptedAnswer\" itemtype=\"https:\/\/schema.org\/Answer\"><div class=\"w-tabs-section-content-h i-cf\" itemprop=\"text\"><div class=\"wpb_text_column\"><div class=\"wpb_wrapper\"><p>After a difficult phase caused by overcapacity and a pandemic-related slump in global trade, the industry is experiencing a significant upturn. Global trade is picking up, demand for ship capacity is increasing and German shipyards are seeing full order books - particularly in the specialised shipbuilding sector.<\/p>\n<\/div><\/div><\/div><\/div><\/div><\/div><\/div><\/div><\/div><\/div><\/div><\/section>","protected":false},"excerpt":{"rendered":"Der Schiffbau geh\u00f6rt seit Jahrzehnten zu den wichtigen Industriezweigen Deutschlands. Das zeigt sich vor allem daran, dass hier Spezialschiffe entstehen, die weltweit gefragt sind \u2013 von imposanten Kreuzfahrtschiffen \u00fcber luxuri\u00f6se Yachten bis hin zu hochmodernen Marineschiffen. Werften wie Meyer Werft, L\u00fcrssen\/NVL Group oder Thyssenkrupp Marine Systems (TKMS) genie\u00dfen international einen exzellenten Ruf. Sie stehen f\u00fcr...","protected":false},"author":1,"featured_media":11169,"parent":9347,"menu_order":0,"comment_status":"closed","ping_status":"closed","template":"","meta":{"_acf_changed":false,"footnotes":""},"class_list":["post-9959","page","type-page","status-publish","has-post-thumbnail","hentry"],"acf":[],"_links":{"self":[{"href":"https:\/\/global-business-recruiting.de\/en\/wp-json\/wp\/v2\/pages\/9959","targetHints":{"allow":["GET"]}}],"collection":[{"href":"https:\/\/global-business-recruiting.de\/en\/wp-json\/wp\/v2\/pages"}],"about":[{"href":"https:\/\/global-business-recruiting.de\/en\/wp-json\/wp\/v2\/types\/page"}],"author":[{"embeddable":true,"href":"https:\/\/global-business-recruiting.de\/en\/wp-json\/wp\/v2\/users\/1"}],"replies":[{"embeddable":true,"href":"https:\/\/global-business-recruiting.de\/en\/wp-json\/wp\/v2\/comments?post=9959"}],"version-history":[{"count":9,"href":"https:\/\/global-business-recruiting.de\/en\/wp-json\/wp\/v2\/pages\/9959\/revisions"}],"predecessor-version":[{"id":11170,"href":"https:\/\/global-business-recruiting.de\/en\/wp-json\/wp\/v2\/pages\/9959\/revisions\/11170"}],"up":[{"embeddable":true,"href":"https:\/\/global-business-recruiting.de\/en\/wp-json\/wp\/v2\/pages\/9347"}],"wp:featuredmedia":[{"embeddable":true,"href":"https:\/\/global-business-recruiting.de\/en\/wp-json\/wp\/v2\/media\/11169"}],"wp:attachment":[{"href":"https:\/\/global-business-recruiting.de\/en\/wp-json\/wp\/v2\/media?parent=9959"}],"curies":[{"name":"wp","href":"https:\/\/api.w.org\/{rel}","templated":true}]}}