{"id":9334,"date":"2026-02-19T14:07:08","date_gmt":"2026-02-19T14:07:08","guid":{"rendered":"https:\/\/global-business-recruiting.de\/?page_id=9334"},"modified":"2026-03-26T07:13:06","modified_gmt":"2026-03-26T07:13:06","slug":"kraje","status":"publish","type":"page","link":"https:\/\/global-business-recruiting.de\/pl\/laender\/","title":{"rendered":"Kraje"},"content":{"rendered":"<section class=\"l-section wpb_row gbr-row-hero height_custom\"><div class=\"l-section-h i-cf\"><div class=\"g-cols vc_row via_grid cols_1 laptops-cols_inherit tablets-cols_inherit mobiles-cols_1 valign_top type_default stacking_default\"><div class=\"wpb_column vc_column_container\"><div class=\"vc_column-inner\"><h1 class=\"w-text us_custom_734d912b has_text_color\"><span class=\"w-text-h\"><span class=\"w-text-value\">Kraje<\/span><\/span><\/h1><div class=\"wpb_text_column us_custom_a67f11a7 has_text_color\"><div class=\"wpb_wrapper\"><p>Zapewniamy certyfikowane zespo\u0142y podwykonawc\u00f3w dla wszystkich g\u0142\u00f3wnych sektor\u00f3w przemys\u0142u - z Polski, S\u0142owacji, Czech i Rumunii.<\/p>\n<\/div><\/div><\/div><\/div><\/div><\/div><\/section><section class=\"l-section wpb_row height_custom\"><div class=\"l-section-h i-cf\"><div class=\"g-cols vc_row via_grid cols_1 laptops-cols_inherit tablets-cols_inherit mobiles-cols_1 valign_top type_default stacking_default\"><div class=\"wpb_column vc_column_container\"><div class=\"vc_column-inner\"><div class=\"w-html\"><div class=\"gbr-laender-grid\">\n      <a href=\"https:\/\/global-business-recruiting.de\/pl\/kraje\/bulgaria\/\" class=\"gbr-land-card\" style=\"text-decoration:none;\">\n        <span class=\"gbr-land-flag\">\ud83c\udde7\ud83c\uddec<\/span>\n        <span class=\"gbr-land-name\">Bu\u0142garia<\/span>\n        <span class=\"gbr-land-desc\">Rosn\u0105ca sie\u0107 wykwalifikowanej si\u0142y roboczej dla budownictwa i produkcji<\/span>\n      <\/a>\n      <a href=\"https:\/\/global-business-recruiting.de\/pl\/kraje\/chorwacja\/\" class=\"gbr-land-card\" style=\"text-decoration:none;\">\n        <span class=\"gbr-land-flag\">\ud83c\udded\ud83c\uddf7<\/span>\n        <span class=\"gbr-land-name\">Chorwacja<\/span>\n        <span class=\"gbr-land-desc\">Do\u015bwiadczeni specjali\u015bci z bran\u017cy budowlanej i metalowej<\/span>\n      <\/a>\n      <a href=\"https:\/\/global-business-recruiting.de\/pl\/kraje\/litwa\/\" class=\"gbr-land-card\" style=\"text-decoration:none;\">\n        <span class=\"gbr-land-flag\">\ud83c\uddf1\ud83c\uddf9<\/span>\n        <span class=\"gbr-land-name\">Litwa<\/span>\n        <span class=\"gbr-land-desc\">Silna tradycja w przemy\u015ble i obr\u00f3bce metali<\/span>\n      <\/a>\n      <a href=\"https:\/\/global-business-recruiting.de\/pl\/kraje\/polska\/\" class=\"gbr-land-card\" style=\"text-decoration:none;\">\n        <span class=\"gbr-land-flag\">\ud83c\uddf5\ud83c\uddf1<\/span>\n        <span class=\"gbr-land-name\">Polska<\/span>\n        <span class=\"gbr-land-desc\">Najwi\u0119ksza pula wykwalifikowanej si\u0142y roboczej w Europie Wschodniej<\/span>\n      <\/a>\n      <a href=\"https:\/\/global-business-recruiting.de\/pl\/kraje\/rumunia\/\" class=\"gbr-land-card\" style=\"text-decoration:none;\">\n        <span class=\"gbr-land-flag\">\ud83c\uddf7\ud83c\uddf4<\/span>\n        <span class=\"gbr-land-name\">Rumunia<\/span>\n        <span class=\"gbr-land-desc\">Silny w budownictwie, spawalnictwie i przemy\u015ble<\/span>\n      <\/a>\n      <a href=\"https:\/\/global-business-recruiting.de\/pl\/kraje\/slowacja\/\" class=\"gbr-land-card\" style=\"text-decoration:none;\">\n        <span class=\"gbr-land-flag\">\ud83c\uddf8\ud83c\uddf0<\/span>\n        <span class=\"gbr-land-name\">S\u0142owacja<\/span>\n        <span class=\"gbr-land-desc\">Nasza siedziba g\u0142\u00f3wna i najsilniejsza sie\u0107 partner\u00f3w<\/span>\n      <\/a>\n      <a href=\"https:\/\/global-business-recruiting.de\/pl\/kraje\/slowenia\/\" class=\"gbr-land-card\" style=\"text-decoration:none;\">\n        <span class=\"gbr-land-flag\">\ud83c\uddf8\ud83c\uddee<\/span>\n        <span class=\"gbr-land-name\">S\u0142owenia<\/span>\n        <span class=\"gbr-land-desc\">Wysoko wykwalifikowani specjali\u015bci z uprawnieniami UE<\/span>\n      <\/a>\n      <a href=\"https:\/\/global-business-recruiting.de\/pl\/kraje\/republika-czeska\/\" class=\"gbr-land-card\" style=\"text-decoration:none;\">\n        <span class=\"gbr-land-flag\">\ud83c\udde8\ud83c\uddff<\/span>\n        <span class=\"gbr-land-name\">Republika Czeska<\/span>\n        <span class=\"gbr-land-desc\">Wysoko wykwalifikowani specjali\u015bci spe\u0142niaj\u0105cy standardy UE<\/span>\n      <\/a>\n      <a href=\"https:\/\/global-business-recruiting.de\/pl\/kraje\/ukraina\/\" class=\"gbr-land-card\" style=\"text-decoration:none;\">\n        <span class=\"gbr-land-flag\">\ud83c\uddfa\ud83c\udde6<\/span>\n        <span class=\"gbr-land-name\">Ukraina<\/span>\n        <span class=\"gbr-land-desc\">Wysoko wykwalifikowani in\u017cynierowie i rzemie\u015blnicy<\/span>\n      <\/a>\n      <a href=\"https:\/\/global-business-recruiting.de\/pl\/kraje\/wegry\/\" class=\"gbr-land-card\" style=\"text-decoration:none;\">\n        <span class=\"gbr-land-flag\">\ud83c\udded\ud83c\uddfa<\/span>\n        <span class=\"gbr-land-name\">W\u0119gry<\/span>\n        <span class=\"gbr-land-desc\">Wyspecjalizowane zespo\u0142y ds. przemys\u0142u i technologii<\/span>\n      <\/a>\n    <\/div><\/div>\n<\/div><\/div><\/div><\/div><\/section><section class=\"l-section wpb_row gbr-final-cta height_custom\"><div class=\"l-section-h i-cf\"><div class=\"g-cols vc_row via_grid cols_1 laptops-cols_inherit tablets-cols_inherit mobiles-cols_1 valign_top type_default stacking_default\"><div class=\"wpb_column vc_column_container\"><div class=\"vc_column-inner\"><div class=\"w-text gbr-section-label\"><span class=\"w-text-h\"><span class=\"w-text-value\">Zacznij teraz<\/span><\/span><\/div>\n<h2 class=\"w-text us_custom_cd7939b3 final-cta-heading\"><span class=\"w-text-h\"><span class=\"w-text-value\">Gotowy na kolejny krok?<\/span><\/span><\/h2><div class=\"wpb_text_column us_custom_1e8542c0 final-cta-description\"><div class=\"wpb_wrapper\"><p>Opisz nam swoje wymagania - skontaktujemy si\u0119 z Tob\u0105 w ci\u0105gu 24 godzin z odpowiednimi specjalistami i konkretn\u0105 ofert\u0105.<\/p>\n<\/div><\/div><div class=\"w-hwrapper valign_middle align_center\" style=\"--hwrapper-gap:1.4rem\"><div class=\"w-btn-wrapper align_none\"><a class=\"w-btn us-btn-style_1 gbr-btn-primary-2\" href=\"https:\/\/global-business-recruiting.de\/pl\/zapytanie\/\"><span class=\"w-btn-label\">Zapytaj teraz<\/span><\/a><\/div><div class=\"wpb_text_column gbr-cta-contact-2\"><div class=\"wpb_wrapper\"><p>Lub zadzwo\u0144 do nas: <a href=\"tel:00491727477707\">+49 172 747 7707<\/a><\/p>\n<\/div><\/div><\/div><div class=\"w-html\"> <p class=\"gbr-cta-meta final\" style=\"margin-top:32px; margin-bottom:25px;\">Od poniedzia\u0142ku do soboty, 08:00-18:00 - <a href=\"mailto:info@global-business-recruiting.de\">info@global-business-recruiting.de<\/a><\/p><\/div>\n<div class=\"w-html\"><p class=\"gbr-cta-meta\">Szukasz wykwalifikowanej si\u0142y roboczej na bazie A\u00dcG Dowiedz si\u0119 wi\u0119cej na stronie <a href=\"https:\/\/zeitarbeit-international.de\" target=\"_blank\" rel=\"noopener\">zeitarbeit-international.de<\/a><\/p><\/div><\/div><\/div><\/div><\/div><\/section>","protected":false},"excerpt":{"rendered":"L\u00e4nderWir vermitteln gepr\u00fcfte Subunternehmer-Teams f\u00fcr alle wichtigen Industriebranchen \u2013 aus Polen, der Slowakei, Tschechien und Rum\u00e4nien. \ud83c\udde7\ud83c\uddec Bulgarien Wachsendes Fachkr\u00e4fte-Netzwerk f\u00fcr Bau und Produktion \ud83c\udded\ud83c\uddf7 Kroatien Erfahrene Fachkr\u00e4fte aus dem Bau- und Metallbereich \ud83c\uddf1\ud83c\uddf9 Litauen Starke Tradition in Industrie und Metallverarbeitung \ud83c\uddf5\ud83c\uddf1 Polen Gr\u00f6\u00dftes Fachkr\u00e4fte-Reservoir in Osteuropa \ud83c\uddf7\ud83c\uddf4 Rum\u00e4nien Stark in Bau, Schwei\u00dfen und Industrie...","protected":false},"author":1,"featured_media":10619,"parent":0,"menu_order":0,"comment_status":"closed","ping_status":"closed","template":"","meta":{"_acf_changed":false,"footnotes":""},"class_list":["post-9334","page","type-page","status-publish","has-post-thumbnail","hentry"],"acf":[],"_links":{"self":[{"href":"https:\/\/global-business-recruiting.de\/pl\/wp-json\/wp\/v2\/pages\/9334","targetHints":{"allow":["GET"]}}],"collection":[{"href":"https:\/\/global-business-recruiting.de\/pl\/wp-json\/wp\/v2\/pages"}],"about":[{"href":"https:\/\/global-business-recruiting.de\/pl\/wp-json\/wp\/v2\/types\/page"}],"author":[{"embeddable":true,"href":"https:\/\/global-business-recruiting.de\/pl\/wp-json\/wp\/v2\/users\/1"}],"replies":[{"embeddable":true,"href":"https:\/\/global-business-recruiting.de\/pl\/wp-json\/wp\/v2\/comments?post=9334"}],"version-history":[{"count":3,"href":"https:\/\/global-business-recruiting.de\/pl\/wp-json\/wp\/v2\/pages\/9334\/revisions"}],"predecessor-version":[{"id":10481,"href":"https:\/\/global-business-recruiting.de\/pl\/wp-json\/wp\/v2\/pages\/9334\/revisions\/10481"}],"wp:featuredmedia":[{"embeddable":true,"href":"https:\/\/global-business-recruiting.de\/pl\/wp-json\/wp\/v2\/media\/10619"}],"wp:attachment":[{"href":"https:\/\/global-business-recruiting.de\/pl\/wp-json\/wp\/v2\/media?parent=9334"}],"curies":[{"name":"wp","href":"https:\/\/api.w.org\/{rel}","templated":true}]}}