{"id":9448,"date":"2026-02-20T05:26:46","date_gmt":"2026-02-20T05:26:46","guid":{"rendered":"https:\/\/global-business-recruiting.de\/?page_id=9448"},"modified":"2026-03-29T12:19:00","modified_gmt":"2026-03-29T12:19:00","slug":"certyfikat-a1","status":"publish","type":"page","link":"https:\/\/global-business-recruiting.de\/pl\/wissen\/a1-bescheinigung\/","title":{"rendered":"Certyfikat A1"},"content":{"rendered":"<section class=\"l-section wpb_row height_custom\"><div class=\"l-section-h i-cf\"><div class=\"g-cols vc_row via_grid cols_1 laptops-cols_inherit tablets-cols_inherit mobiles-cols_1 valign_top type_default stacking_default\"><div class=\"wpb_column vc_column_container\"><div class=\"vc_column-inner\"><div class=\"wpb_text_column\"><div class=\"wpb_wrapper\"><p>Tak zwane za\u015bwiadczenie A1 jest wa\u017cnym dokumentem, gdy pracownicy s\u0105 delegowani do pracy w innych krajach UE. Tutaj mo\u017cesz dowiedzie\u0107 si\u0119 wi\u0119cej o tym, do czego s\u0142u\u017cy za\u015bwiadczenie A1, kto go potrzebuje, do jakich kraj\u00f3w ma zastosowanie i gdzie nale\u017cy si\u0119 o nie ubiega\u0107.<\/p>\n<p>Pracownicy zasadniczo podlegaj\u0105 przepisom dotycz\u0105cym zabezpieczenia spo\u0142ecznego obowi\u0105zuj\u0105cym w kraju, w kt\u00f3rym s\u0105 zatrudnieni. Jaka jest jednak sytuacja prawna w przypadku tymczasowego zatrudnienia za granic\u0105? Czy zastosowanie maj\u0105 przepisy kraju ojczystego, czy przepisy kraju, w kt\u00f3rym pracownik tymczasowo pracuje?<\/p>\n<p>W przypadku delegowania w obr\u0119bie UE, delegowany pracownik musi posiada\u0107 przy sobie za\u015bwiadczenie o delegowaniu - tzw. za\u015bwiadczenie A1. Potwierdza ono odpowiedniej instytucji ubezpiecze\u0144 spo\u0142ecznych, \u017ce pracownik nadal jest obj\u0119ty systemem ubezpiecze\u0144 spo\u0142ecznych swojego kraju ojczystego podczas pracy za granic\u0105.<\/p>\n<h2>Unikaj podw\u00f3jnych wp\u0142at<\/h2>\n<p>Za\u015bwiadczenie A1 s\u0142u\u017cy jako dow\u00f3d, \u017ce przepisy dotycz\u0105ce zabezpieczenia spo\u0142ecznego kraju, z kt\u00f3rego pracownik jest delegowany, nadal maj\u0105 zastosowanie do pracownika podczas delegowania za granic\u0119. Zapobiega to konieczno\u015bci podw\u00f3jnego op\u0142acania sk\u0142adek na ubezpieczenie spo\u0142eczne.<\/p>\n<h2>W jakich krajach za\u015bwiadczenie A1 jest wa\u017cne?<\/h2>\n<p>Za\u015bwiadczenie A1 jest wymagane do wykonywania zada\u0144 zawodowych za granic\u0105.<span>\u00a0<\/span><strong>w UE<\/strong><span>\u00a0<\/span>oraz do wysy\u0142ania post\u00f3w do<span>\u00a0<\/span><strong>Islandia, Liechtenstein, Norwegia, Szwajcaria, Wielka Brytania i Irlandia P\u00f3\u0142nocna<\/strong><span>\u00a0<\/span>wymagane.<\/p>\n<div>\n<p><strong>Pa\u0144stwa cz\u0142onkowskie UE s\u0105 obecne:<\/strong><\/p>\n<p>Austria, Belgia, Bu\u0142garia, Chorwacja, Cypr, Czechy, Dania, Estonia, Finlandia, Francja, Niemcy, Grecja, W\u0119gry, Irlandia, W\u0142ochy, \u0141otwa, Litwa, Luksemburg, Malta, Holandia, Polska, Portugalia, Rumunia, S\u0142owacja, S\u0142owenia, Hiszpania, Szwecja.<\/p>\n<p>Czas pobytu za granic\u0105 nie ma znaczenia. Nawet w przypadku\u00a0<strong>kr\u00f3tkie podr\u00f3\u017ce s\u0142u\u017cbowe do innych kraj\u00f3w UE<\/strong>\u00a0istnieje obowi\u0105zek posiadania przy sobie za\u015bwiadczenia A1. W przypadku kr\u00f3tkoterminowych podr\u00f3\u017cy s\u0142u\u017cbowych za granic\u0119 lub kr\u00f3tkoterminowych dzia\u0142a\u0144 za granic\u0105 trwaj\u0105cych do jednego tygodnia, zasadniczo dozwolone jest p\u00f3\u017aniejsze przed\u0142o\u017cenie za\u015bwiadczenia A1. Zaleca si\u0119 jednak, aby w takich przypadkach z\u0142o\u017cy\u0107 wniosek o wydanie za\u015bwiadczenia przynajmniej przed delegowaniem.<\/p>\n<\/div>\n<h2>Gdzie nale\u017cy z\u0142o\u017cy\u0107 wniosek o za\u015bwiadczenie A1?<\/h2>\n<p>Firmy w Niemczech, kt\u00f3re wysy\u0142aj\u0105 pracownika za granic\u0119, musz\u0105 przed\u0142o\u017cy\u0107 za\u015bwiadczenie A1 do<span>\u00a0<\/span><strong>Elektroniczny wniosek o ubezpieczenie zdrowotne dla danego pracownika<\/strong>. W przypadku pracownik\u00f3w z prywatnym ubezpieczeniem zdrowotnym wniosek nale\u017cy z\u0142o\u017cy\u0107 do odpowiedniego funduszu ubezpiecze\u0144 emerytalnych. Je\u015bli pracownik jest r\u00f3wnie\u017c obj\u0119ty pracowniczym programem emerytalnym, wniosek nale\u017cy z\u0142o\u017cy\u0107 do Arbeitsgemeinschaft berufsst\u00e4ndischer Versorgungseinrichtungen (ABV).<\/p>\n<div><strong>Wskaz\u00f3wka:<\/strong><span>\u00a0<\/span>Wydrukuj elektronicznie przes\u0142ane za\u015bwiadczenie A1 i przeka\u017c dokument pracownikowi lub przeka\u017c mu za\u015bwiadczenie w formie cyfrowej. Wa\u017cne jest, aby za\u015bwiadczenie mo\u017cna by\u0142o okaza\u0107 na miejscu na \u017c\u0105danie.<\/div>\n<h2>W niekt\u00f3rych przypadkach wydawany jest sta\u0142y certyfikat<\/h2>\n<p>Uproszczone rozporz\u0105dzenie ma zastosowanie do pracownik\u00f3w, kt\u00f3rzy<span>\u00a0<\/span><strong>regularnie w r\u00f3\u017cnych krajach UE<\/strong><span>\u00a0<\/span>s\u0105 zatrudnione - tak zwane osoby wielokrotnie pracuj\u0105ce zarobkowo. Dla tych os\u00f3b za\u015bwiadczenie A1<span>\u00a0<\/span><strong>na okres do pi\u0119ciu lat<\/strong><span>\u00a0<\/span>mog\u0105 by\u0107 wydawane dla wszystkich pa\u0144stw cz\u0142onkowskich UE, w kt\u00f3rych zazwyczaj prowadzona jest dzia\u0142alno\u015b\u0107 zawodowa. Regulacja ta mo\u017ce by\u0107 stosowana na przyk\u0142ad w przypadku kierowc\u00f3w ci\u0119\u017car\u00f3wek dalekobie\u017cnych, kt\u00f3rzy regularnie podr\u00f3\u017cuj\u0105 do innych kraj\u00f3w UE.<\/p>\n<p>\u201eZwyk\u0142a\u201c dzia\u0142alno\u015b\u0107 w innym pa\u0144stwie cz\u0142onkowskim UE jest zawsze zak\u0142adana, je\u015bli dzia\u0142alno\u015b\u0107 jest tam wykonywana co najmniej jeden dzie\u0144 w miesi\u0105cu lub co najmniej pi\u0119\u0107 dni w kwartale.<\/p>\n<p>W Niemczech wniosek o takie sta\u0142e za\u015bwiadczenie nale\u017cy z\u0142o\u017cy\u0107 w Krajowym Zwi\u0105zku Ustawowych Kas Chorych (GKV-Spitzenverband). Niemieckie Centrum \u0141\u0105cznikowe Ubezpiecze\u0144 Zdrowotnych za Granic\u0105 (DVKA) jest odpowiedzialne za takie wnioski.<\/p>\n<h2>Czy za\u015bwiadczenie A1 jest r\u00f3wnie\u017c wymagane dla kraju tranzytowego?<\/h2>\n<p>To, czy za\u015bwiadczenie A1 jest r\u00f3wnie\u017c wymagane dla kraju tranzytowego, zale\u017cy od tego, czy pracownik pracuje w kraju tranzytowym, czy nie:<\/p>\n<p><strong>Przyk\u0142ad 1:<\/strong><span>\u00a0<\/span>Je\u015bli monter podr\u00f3\u017cuje z Niemiec przez Austri\u0119 na S\u0142owacj\u0119, aby wykona\u0107 tam prac\u0119, potrzebuje za\u015bwiadczenia A1 na S\u0142owacj\u0119, ale nie na Austri\u0119 - poniewa\u017c tylko tam podr\u00f3\u017cuje, a nie pracuje.<\/p>\n<p><strong>Przyk\u0142ad 2:<\/strong><span>\u00a0<\/span>Kierowca ci\u0119\u017car\u00f3wki przewozi towary z Niemiec przez Francj\u0119 do Hiszpanii. W tym przypadku pracownik wymaga za\u015bwiadczenia A1 nie tylko dla Hiszpanii, ale przynajmniej r\u00f3wnie\u017c dla Francji - poniewa\u017c wykonuje on r\u00f3wnie\u017c swoj\u0105 dzia\u0142alno\u015b\u0107 (transport towar\u00f3w) we Francji.<\/p>\n<h2>Jakie s\u0105 konsekwencje niedope\u0142nienia obowi\u0105zku certyfikacji?<\/h2>\n<p>Ka\u017cdy, kto nie jest w stanie przedstawi\u0107 za\u015bwiadczenia A1 podczas kontroli, mo\u017ce zosta\u0107 ukarany w danym kraju.<span>\u00a0<\/span><strong>brak dost\u0119pu do pomieszcze\u0144 firmy, placu budowy itp.<\/strong>. Ponadto nieposiadanie przy sobie za\u015bwiadczenia A1 mo\u017ce skutkowa\u0107<span>\u00a0<\/span><strong>nak\u0142adana jest grzywna<\/strong>.<\/p>\n<table>\n<tbody>\n<tr>\n<th>Sytuacja<\/th>\n<th>Konsekwencje<\/th>\n<\/tr>\n<tr>\n<td>Brak za\u015bwiadczenia A1 podczas inspekcji<\/td>\n<td>Brak dost\u0119pu do pomieszcze\u0144 firmy lub placu budowy<\/td>\n<\/tr>\n<tr>\n<td>Naruszenie obowi\u0105zku przewozu<\/td>\n<td>Mo\u017cliwa grzywna<\/td>\n<\/tr>\n<tr>\n<td>Podw\u00f3jny obowi\u0105zek ubezpieczenia spo\u0142ecznego bez A1<\/td>\n<td>Zaleg\u0142e p\u0142atno\u015bci w obu krajach<\/td>\n<\/tr>\n<\/tbody>\n<\/table>\n<div><strong>W ten spos\u00f3b Global Business Recruiting obs\u0142uguje certyfikat A1:<\/strong><span>\u00a0<\/span>Za ka\u017cdym razem, gdy podwykonawcy s\u0105 oddelegowywani z Polski, S\u0142owacji, Czech, Rumunii lub W\u0119gier, Global Business Recruiting zapewnia, \u017ce wszystkie niezb\u0119dne za\u015bwiadczenia A1 s\u0105 dost\u0119pne przed przybyciem wykwalifikowanej si\u0142y roboczej na miejsce. Jest to cz\u0119\u015b\u0107 naszej pe\u0142nej us\u0142ugi - nie musisz si\u0119 o nic martwi\u0107.<span>\u00a0<\/span><a href=\"https:\/\/global-business-recruiting.de\/pl\/zapytanie\/\">Zapytaj teraz<\/a><\/div>\n<h2>Za\u015bwiadczenie A1 dla podwykonawc\u00f3w z kraj\u00f3w UE<\/h2>\n<p>Je\u015bli Twoja firma ma siedzib\u0119 w pa\u0144stwie cz\u0142onkowskim UE, obowi\u0105zuje nieograniczona swoboda \u015bwiadczenia us\u0142ug. Mo\u017cesz prowadzi\u0107 tymczasow\u0105 dzia\u0142alno\u015b\u0107 w Niemczech bez oddzia\u0142u i delegowa\u0107 pracownik\u00f3w do Niemiec - za\u015bwiadczenie A1 jest obowi\u0105zkowe dla ka\u017cdego delegowanego pracownika.<\/p>\n<h2>Zagraniczni podwykonawcy z kraj\u00f3w trzecich<\/h2>\n<p>Pracownicy z kraj\u00f3w spoza UE lub Europejskiego Obszaru Gospodarczego mog\u0105 by\u0107 tymczasowo delegowani do Niemiec. Aby to zrobi\u0107, musz\u0105 by\u0107 odpowiednio zatrudnieni w swoim kraju ojczystym i musi istnie\u0107 umowa o prac\u0119 mi\u0119dzy Niemcami a ich krajem ojczystym. Do wjazdu i pobytu wymagana jest zazwyczaj specjalna wiza zwana wiz\u0105 Vander-Elst, o kt\u00f3r\u0105 nale\u017cy ubiega\u0107 si\u0119 w niemieckiej plac\u00f3wce dyplomatycznej za granic\u0105. Nast\u0119pnie mo\u017ce zosta\u0107 wydane pozwolenie na prac\u0119.<\/p>\n<p>Nie jest mo\u017cliwe zatrudnianie zagranicznych podwykonawc\u00f3w z kraj\u00f3w trzecich, kt\u00f3re nie maj\u0105 umowy o prac\u0119 z Niemcami. Obecnie istniej\u0105 umowy o prac\u0119 z Niemcami w nast\u0119puj\u0105cych krajach:<span>\u00a0<\/span><strong>Bo\u015bnia i Hercegowina, Macedonia, Serbia, Turcja.<\/strong><\/p>\n<p>Co powiniene\u015b wiedzie\u0107: Istniej\u0105 limity wykorzystania um\u00f3w o prac\u0119. S\u0105 to ustalone maksymalne liczby - i s\u0105 one oparte na wymaganiach niemieckiego rynku pracy. Wa\u017cne jest, aby pami\u0119ta\u0107, \u017ce agencja pracy w Stuttgarcie jest odpowiedzialna za wdra\u017canie wszystkich mi\u0119dzyrz\u0105dowych um\u00f3w o prac\u0119.<\/p>\n<h2>Jak mo\u017cna oddelegowa\u0107 pracownik\u00f3w na podstawie umowy o dzie\u0142o?<\/h2>\n<p>Je\u015bli korzystasz z podwykonawcy, b\u0119dziesz potrzebowa\u0107<span>\u00a0<\/span><a href=\"https:\/\/global-business-recruiting.de\/pl\/wiedziec\/umowa-o-swiadczenie-uslug-a-umowa-o-dzielo\/\">Umowa o dzie\u0142o<\/a><span>\u00a0<\/span>zgodnie z \u00a7\u00a7 631 BGB i nast. W takim przypadku podwykonawca \u015bwiadczy swoje us\u0142ugi w formie handlu - i ten handel jest mu przypisany do niezale\u017cnego wykonania.<\/p>\n<p>Wa\u017cne jest, aby umowa o prac\u0119 by\u0142a przetwarzana w spos\u00f3b formalnie poprawny. Przede wszystkim nale\u017cy pami\u0119ta\u0107 o ryzyku biznesowym ponoszonym przez podwykonawc\u0119. Nale\u017cy r\u00f3wnie\u017c wspomnie\u0107 o gwarancji i wynagrodzeniu zwi\u0105zanym z wynikami. Ponadto nale\u017cy r\u00f3wnie\u017c powiadomi\u0107 lokaln\u0105 Izb\u0119 Rzemie\u015blnicz\u0105 - nale\u017cy to zrobi\u0107 z wyprzedzeniem i mo\u017cna je znale\u017a\u0107 w za\u0142\u0105czniku A do kodeksu rzemie\u015blniczego. Jest to wa\u017cne w przypadku tymczasowego wykonywania rzemios\u0142a wymagaj\u0105cego licencji, a tak\u017ce w przypadku rzemios\u0142a niewymagaj\u0105cego licencji.<\/p>\n<p>Nale\u017cy r\u00f3wnie\u017c przestrzega\u0107 ustawy o pracownikach delegowanych. Okre\u015bla ona minimalne warunki pracy w niekt\u00f3rych sektorach dla pracownik\u00f3w delegowanych, kt\u00f3rzy regularnie zatrudniaj\u0105 pracownik\u00f3w w Niemczech. Jako pracodawca jeste\u015b zobowi\u0105zany do prowadzenia ewidencji czasu pracy i dokument\u00f3w w j\u0119zyku niemieckim - pomaga to w kontroli finansowej nielegalnego zatrudnienia.<\/p>\n<h2>Jakie wymagania wizowe maj\u0105 zastosowanie?<\/h2>\n<p>Istnieje obowi\u0105zek wizowy dla wszystkich pracownik\u00f3w, kt\u00f3rzy nie s\u0105 obywatelami Niemiec. Mo\u017cna ubiega\u0107 si\u0119 o<span>\u00a0<\/span><strong>Wiza Schengen<\/strong><span>\u00a0<\/span>dla wszystkich sygnatariuszy uk\u0142adu z Schengen. Dzi\u0119ki tej wizie pracownik mo\u017ce przebywa\u0107 w Niemczech maksymalnie przez trzy miesi\u0105ce co sze\u015b\u0107 miesi\u0119cy w okresie jej wa\u017cno\u015bci.<\/p>\n<p>Ponadto, zgodnie z wyrokiem ETS, istnieje r\u00f3wnie\u017c mo\u017cliwo\u015b\u0107<span>\u00a0<\/span><strong>Wiza Vander-Elst<\/strong>. Wiza ta mo\u017ce by\u0107 r\u00f3wnie\u017c wykorzystywana do zatrudniania pracownik\u00f3w z kraj\u00f3w trzecich, niezale\u017cnie od ich narodowo\u015bci. Wszystko, czego potrzebujesz, to wa\u017cne zezwolenie na pobyt. Nale\u017cy r\u00f3wnie\u017c pami\u0119ta\u0107 o zarejestrowaniu si\u0119 w niemieckim urz\u0119dzie celnym, co jest wymagane w przypadku niekt\u00f3rych rodzaj\u00f3w dzia\u0142alno\u015bci. Nie musisz martwi\u0107 si\u0119 o ubezpieczenie spo\u0142eczne do okresu delegowania wynosz\u0105cego 24 miesi\u0105ce - przez ten okres nadal istnieje ono w kraju deleguj\u0105cym.<\/p>\n<h2>Cz\u0119sto zadawane pytania dotycz\u0105ce za\u015bwiadczenia A1<\/h2>\n<\/div><\/div><div class=\"w-separator size_small\"><\/div><div class=\"w-tabs style_default switch_click accordion type_togglable has_scrolling\" style=\"--sections-title-size:inherit\"><div class=\"w-tabs-sections titles-align_none icon_chevron cpos_right\"><div class=\"w-tabs-section\" id=\"zde8\" itemscope itemprop=\"mainEntity\" itemtype=\"https:\/\/schema.org\/Question\"><button class=\"w-tabs-section-header\" aria-controls=\"content-zde8\" aria-expanded=\"false\"><div class=\"w-tabs-section-title\" itemprop=\"name\">Czy samozatrudnieni podwykonawcy z UE r\u00f3wnie\u017c potrzebuj\u0105 za\u015bwiadczenia A1?<\/div><div class=\"w-tabs-section-control\"><\/div><\/button><div  class=\"w-tabs-section-content\" id=\"content-zde8\" itemscope itemprop=\"acceptedAnswer\" itemtype=\"https:\/\/schema.org\/Answer\"><div class=\"w-tabs-section-content-h i-cf\" itemprop=\"text\"><div class=\"wpb_text_column\"><div class=\"wpb_wrapper\"><p>Tak - wym\u00f3g posiadania za\u015bwiadczenia A1 dotyczy zar\u00f3wno pracownik\u00f3w delegowanych, jak i samozatrudnionych podwykonawc\u00f3w pracuj\u0105cych tymczasowo w innym kraju UE. Za\u015bwiadczenie potwierdza, do kt\u00f3rego systemu zabezpieczenia spo\u0142ecznego nale\u017cy dana osoba - niezale\u017cnie od jej statusu zatrudnienia.<\/p>\n<\/div><\/div><\/div><\/div><\/div><div class=\"w-tabs-section\" id=\"zf00\" itemscope itemprop=\"mainEntity\" itemtype=\"https:\/\/schema.org\/Question\"><button class=\"w-tabs-section-header\" aria-controls=\"content-zf00\" aria-expanded=\"false\"><div class=\"w-tabs-section-title\" itemprop=\"name\">Co si\u0119 stanie, je\u015bli podczas kontroli zabraknie za\u015bwiadczenia A1?<\/div><div class=\"w-tabs-section-control\"><\/div><\/button><div  class=\"w-tabs-section-content\" id=\"content-zf00\" itemscope itemprop=\"acceptedAnswer\" itemtype=\"https:\/\/schema.org\/Answer\"><div class=\"w-tabs-section-content-h i-cf\" itemprop=\"text\"><div class=\"wpb_text_column\"><div class=\"wpb_wrapper\"><p>W przypadku przeprowadzenia kontroli bez za\u015bwiadczenia A1, pracownikowi lub podwykonawcy grozi odmowa wst\u0119pu na teren firmy lub plac budowy. Ponadto mo\u017ce zosta\u0107 na\u0142o\u017cona grzywna. W niekt\u00f3rych krajach UE - takich jak Francja, Belgia czy Austria - obowi\u0105zek ten jest szczeg\u00f3lnie \u015bci\u015ble kontrolowany, a grzywny s\u0105 znaczne.<\/p>\n<\/div><\/div><\/div><\/div><\/div><div class=\"w-tabs-section\" id=\"z012\" itemscope itemprop=\"mainEntity\" itemtype=\"https:\/\/schema.org\/Question\"><button class=\"w-tabs-section-header\" aria-controls=\"content-z012\" aria-expanded=\"false\"><div class=\"w-tabs-section-title\" itemprop=\"name\">Jak d\u0142ugo trwa ubieganie si\u0119 o za\u015bwiadczenie A1?<\/div><div class=\"w-tabs-section-control\"><\/div><\/button><div  class=\"w-tabs-section-content\" id=\"content-z012\" itemscope itemprop=\"acceptedAnswer\" itemtype=\"https:\/\/schema.org\/Answer\"><div class=\"w-tabs-section-content-h i-cf\" itemprop=\"text\"><div class=\"wpb_text_column\"><div class=\"wpb_wrapper\"><p>Z regu\u0142y wniosek o wydanie za\u015bwiadczenia A1 jest sk\u0142adany elektronicznie w kasie chorych i wydawany w ci\u0105gu kilku dni. GKV-Spitzenverband jest odpowiedzialny za d\u0142ugoterminowe za\u015bwiadczenia dla os\u00f3b zatrudnionych w wielu miejscach (do 5 lat) - w tym przypadku przetwarzanie mo\u017ce potrwa\u0107 nieco d\u0142u\u017cej. Global Business Recruiting zajmuje si\u0119 terminowym sk\u0142adaniem wniosk\u00f3w przed ka\u017cdym zleceniem w ramach swojej pe\u0142nej us\u0142ugi.<\/p>\n<\/div><\/div><\/div><\/div><\/div><div class=\"w-tabs-section\" id=\"g121\" itemscope itemprop=\"mainEntity\" itemtype=\"https:\/\/schema.org\/Question\"><button class=\"w-tabs-section-header\" aria-controls=\"content-g121\" aria-expanded=\"false\"><div class=\"w-tabs-section-title\" itemprop=\"name\">Czy za\u015bwiadczenie A1 jest r\u00f3wnie\u017c wa\u017cne w przypadku kr\u00f3tkich podr\u00f3\u017cy s\u0142u\u017cbowych?<\/div><div class=\"w-tabs-section-control\"><\/div><\/button><div  class=\"w-tabs-section-content\" id=\"content-g121\" itemscope itemprop=\"acceptedAnswer\" itemtype=\"https:\/\/schema.org\/Answer\"><div class=\"w-tabs-section-content-h i-cf\" itemprop=\"text\"><div class=\"wpb_text_column\"><div class=\"wpb_wrapper\"><p>Tak - nawet w przypadku kr\u00f3tkich podr\u00f3\u017cy s\u0142u\u017cbowych do innych kraj\u00f3w UE nale\u017cy mie\u0107 przy sobie za\u015bwiadczenie A1. W przypadku podr\u00f3\u017cy z bardzo kr\u00f3tkim wyprzedzeniem (do jednego tygodnia) zasadniczo dozwolone jest przed\u0142o\u017cenie za\u015bwiadczenia w p\u00f3\u017aniejszym terminie - zaleca si\u0119 jednak z\u0142o\u017cenie wniosku przed oddelegowaniem.<\/p>\n<\/div><\/div><\/div><\/div><\/div><div class=\"w-tabs-section\" id=\"d236\" itemscope itemprop=\"mainEntity\" itemtype=\"https:\/\/schema.org\/Question\"><button class=\"w-tabs-section-header\" aria-controls=\"content-d236\" aria-expanded=\"false\"><div class=\"w-tabs-section-title\" itemprop=\"name\">Czy podwykonawcy z Turcji lub Serbii mog\u0105 by\u0107 zatrudniani w Niemczech?<\/div><div class=\"w-tabs-section-control\"><\/div><\/button><div  class=\"w-tabs-section-content\" id=\"content-d236\" itemscope itemprop=\"acceptedAnswer\" itemtype=\"https:\/\/schema.org\/Answer\"><div class=\"w-tabs-section-content-h i-cf\" itemprop=\"text\"><div class=\"wpb_text_column\"><div class=\"wpb_wrapper\"><p>Tak - Niemcy zawar\u0142y umowy o prac\u0119 z niekt\u00f3rymi krajami trzecimi: obecnie z Bo\u015bni\u0105 i Hercegowin\u0105, Macedoni\u0105, Serbi\u0105 i Turcj\u0105. Obowi\u0105zuj\u0105 kontyngenty (maksymalne liczby), a agencja pracy w Stuttgarcie jest za nie odpowiedzialna. Do wjazdu zazwyczaj wymagana jest wiza Vander-Elst.<\/p>\n<\/div><\/div><\/div><\/div><\/div><\/div><\/div><div class=\"w-separator size_small\"><\/div><div class=\"wpb_text_column\"><div class=\"wpb_wrapper\"><article>\n<h2>Powi\u0105zane artyku\u0142y<\/h2>\n<ul>\n<li><a href=\"https:\/\/global-business-recruiting.de\/pl\/wiedziec\/unikanie-falszywego-zatrudnienia\/\">Unikanie fikcyjnego samozatrudnienia - lista kontrolna dla klient\u00f3w<\/a><\/li>\n<li><a href=\"https:\/\/global-business-recruiting.de\/pl\/wiedziec\/leasing-pracowniczy-a-podwykonawstwo\/\">Praca tymczasowa a podwykonawstwo - r\u00f3\u017cnice<\/a><\/li>\n<li><a href=\"https:\/\/global-business-recruiting.de\/pl\/wiedziec\/generalny-wykonawca-podwykonawca\/\">Generalny wykonawca kontra podwykonawca<\/a><\/li>\n<li><a href=\"https:\/\/global-business-recruiting.de\/pl\/kraje\/polska\/\">Podwykonawcy z Polski - oddelegowanie<\/a><\/li>\n<li><a href=\"https:\/\/global-business-recruiting.de\/pl\/kraje\/slowacja\/\">Podwykonawcy ze S\u0142owacji - oddelegowanie<\/a><\/li>\n<li><a href=\"https:\/\/global-business-recruiting.de\/pl\/kraje\/republika-czeska\/\">Podwykonawcy z Czech - oddelegowanie<\/a><\/li>\n<li><a href=\"https:\/\/global-business-recruiting.de\/pl\/kraje\/rumunia\/\">Podwykonawcy z Rumunii - oddelegowanie<\/a><\/li>\n<li><a href=\"https:\/\/global-business-recruiting.de\/pl\/kraje\/wegry\/\">Podwykonawcy z W\u0119gier - oddelegowanie<\/a><\/li>\n<\/ul>\n<\/article>\n<div><\/div>\n<\/div><\/div><\/div><\/div><\/div><\/div><\/section>","protected":false},"excerpt":{"rendered":"Die sogenannte A1-Bescheinigung ist ein wichtiges Dokument, wenn Arbeitnehmer f\u00fcr eine T\u00e4tigkeit ins EU-Ausland entsendet werden. Hier erfahren Sie N\u00e4heres, wozu die A1-Bescheinigung dient, wer sie ben\u00f6tigt, f\u00fcr welche L\u00e4nder sie gilt und wo die Bescheinigung beantragt werden muss. F\u00fcr Arbeitnehmer gelten grunds\u00e4tzlich die sozialversicherungsrechtlichen Vorschriften des Staates, in dem sie besch\u00e4ftigt sind. Doch wie...","protected":false},"author":1,"featured_media":10528,"parent":9347,"menu_order":0,"comment_status":"closed","ping_status":"closed","template":"","meta":{"_acf_changed":false,"footnotes":""},"class_list":["post-9448","page","type-page","status-publish","has-post-thumbnail","hentry"],"acf":[],"_links":{"self":[{"href":"https:\/\/global-business-recruiting.de\/pl\/wp-json\/wp\/v2\/pages\/9448","targetHints":{"allow":["GET"]}}],"collection":[{"href":"https:\/\/global-business-recruiting.de\/pl\/wp-json\/wp\/v2\/pages"}],"about":[{"href":"https:\/\/global-business-recruiting.de\/pl\/wp-json\/wp\/v2\/types\/page"}],"author":[{"embeddable":true,"href":"https:\/\/global-business-recruiting.de\/pl\/wp-json\/wp\/v2\/users\/1"}],"replies":[{"embeddable":true,"href":"https:\/\/global-business-recruiting.de\/pl\/wp-json\/wp\/v2\/comments?post=9448"}],"version-history":[{"count":11,"href":"https:\/\/global-business-recruiting.de\/pl\/wp-json\/wp\/v2\/pages\/9448\/revisions"}],"predecessor-version":[{"id":11137,"href":"https:\/\/global-business-recruiting.de\/pl\/wp-json\/wp\/v2\/pages\/9448\/revisions\/11137"}],"up":[{"embeddable":true,"href":"https:\/\/global-business-recruiting.de\/pl\/wp-json\/wp\/v2\/pages\/9347"}],"wp:featuredmedia":[{"embeddable":true,"href":"https:\/\/global-business-recruiting.de\/pl\/wp-json\/wp\/v2\/media\/10528"}],"wp:attachment":[{"href":"https:\/\/global-business-recruiting.de\/pl\/wp-json\/wp\/v2\/media?parent=9448"}],"curies":[{"name":"wp","href":"https:\/\/api.w.org\/{rel}","templated":true}]}}