{"id":9546,"date":"2026-02-25T09:45:09","date_gmt":"2026-02-25T09:45:09","guid":{"rendered":"https:\/\/global-business-recruiting.de\/?page_id=9546"},"modified":"2026-03-28T08:27:21","modified_gmt":"2026-03-28T08:27:21","slug":"generalny-wykonawca-podwykonawca","status":"publish","type":"page","link":"https:\/\/global-business-recruiting.de\/pl\/wissen\/generalunternehmer-subunternehmer\/","title":{"rendered":"Dlaczego potrzebujesz podwykonawc\u00f3w: R\u00f3\u017cnice mi\u0119dzy podwykonawcami a podwykonawcami"},"content":{"rendered":"<section class=\"l-section wpb_row height_custom\"><div class=\"l-section-h i-cf\"><div class=\"g-cols vc_row via_grid cols_1 laptops-cols_inherit tablets-cols_inherit mobiles-cols_1 valign_top type_default stacking_default\"><div class=\"wpb_column vc_column_container\"><div class=\"vc_column-inner\"><div class=\"wpb_text_column\"><div class=\"wpb_wrapper\"><p>Podwykonawcy odgrywaj\u0105 wa\u017cn\u0105 rol\u0119 w dzisiejszej gospodarce. Dlaczego potrzebujesz podwykonawc\u00f3w i jakie s\u0105 mi\u0119dzy nimi r\u00f3\u017cnice? <strong>W tym artykule omawiamy, dlaczego potrzebujesz podwykonawc\u00f3w i wyja\u015bniamy r\u00f3\u017cnice mi\u0119dzy podwykonawcami a podwykonawcami<\/strong> - z my\u015bl\u0105 o strukturach um\u00f3w o prac\u0119, kt\u00f3re Global Business Recruiting zapewnia na co dzie\u0144.<\/p>\n<h2>Co to jest podwykonawca?<\/h2>\n<p>Podwykonawca to niezale\u017cny wykonawca, kt\u00f3ry otrzymuje zlecenie od g\u0142\u00f3wnego wykonawcy lub generalnego wykonawcy. Ten ostatni przekazuje nast\u0119pnie cz\u0119\u015b\u0107 zlecenia podwykonawcom. Podwykonawca dzia\u0142a jako <strong>i jest odpowiedzialny za wi\u0119kszo\u015b\u0107 komunikacji i koordynacji.<\/strong> mi\u0119dzy r\u00f3\u017cnymi stronami. Jest on odpowiedzialny za <strong>Zarz\u0105dzanie prawne i organizacyjne projektem<\/strong> i zapewnia, \u017ce prace s\u0105 wykonywane zgodnie ze specyfikacjami i harmonogramami g\u0142\u00f3wnego wykonawcy.<\/p>\n<h3>Dlaczego potrzebujesz podwykonawc\u00f3w?<\/h3>\n<p>Wsp\u00f3\u0142praca z podwykonawcami oferuje firmom wiele korzy\u015bci:<\/p>\n<ol>\n<li><strong>Bardziej wydajne zarz\u0105dzanie projektami:<\/strong> Przejmuj\u0105c komunikacj\u0119 i koordynacj\u0119 mi\u0119dzy stronami, upraszczaj\u0105 zarz\u0105dzanie projektem. U\u0142atwia to prac\u0119 g\u0142\u00f3wnemu wykonawcy, a projekt mo\u017ce zosta\u0107 uko\u0144czony bardziej efektywnie.<\/li>\n<li><strong>Specjalizacja i jako\u015b\u0107:<\/strong> Podwykonawcy cz\u0119sto posiadaj\u0105 specjalistyczn\u0105 wiedz\u0119 i do\u015bwiadczenie w okre\u015blonych obszarach. W ten spos\u00f3b zapewniaj\u0105, \u017ce us\u0142ugi s\u0105 wysokiej jako\u015bci i spe\u0142niaj\u0105 wymagania g\u0142\u00f3wnego wykonawcy.<\/li>\n<li><strong>Rozbudowa sieci firmowej:<\/strong> Podwykonawcy mog\u0105 rozszerzy\u0107 sie\u0107 biznesow\u0105 g\u0142\u00f3wnego wykonawcy i nawi\u0105za\u0107 nowe, potencjalnie przydatne kontakty na przysz\u0142o\u015b\u0107.<\/li>\n<\/ol>\n<p>Og\u00f3lnie rzecz bior\u0105c, podwykonawcy przyczyniaj\u0105 si\u0119 do zwi\u0119kszenia wydajno\u015bci, jako\u015bci i zasi\u0119gu sieci firmy.<\/p>\n<h3>Jaka jest r\u00f3\u017cnica mi\u0119dzy podwykonawc\u0105 a podwykonawc\u0105?<\/h3>\n<p><strong>Podwykonawcy pracuj\u0105 bezpo\u015brednio dla g\u0142\u00f3wnego wykonawcy<\/strong> i s\u0105 przeznaczone tylko dla <strong>cz\u0119\u015b\u0107 ich projektu<\/strong> odpowiedzialny. <strong>Podwykonawca<\/strong> ponosz\u0105 wi\u0119ksz\u0105 odpowiedzialno\u015b\u0107: koordynuj\u0105 i <strong>zarz\u0105dzanie prac\u0105 kilku podwykonawc\u00f3w.<\/strong><\/p>\n<p>Podwykonawca przyjmuje rol\u0119 generalnego wykonawcy w stosunku do podwykonawc\u00f3w. Dzia\u0142a jako <em>Link<\/em> pomi\u0119dzy nimi a g\u0142\u00f3wnym wykonawc\u0105.<\/p>\n<h3>Jakie s\u0105 zalety korzystania z podwykonawc\u00f3w do zarz\u0105dzania projektami?<\/h3>\n<p>Podwykonawcy upraszczaj\u0105 zarz\u0105dzanie projektem i rozszerzaj\u0105 sie\u0107 firmy. Oferuj\u0105 r\u00f3wnie\u017c dodatkowe <strong>Korzy\u015bci dla zarz\u0105dzania projektami:<\/strong><\/p>\n<ul>\n<li><strong>Elastyczno\u015b\u0107:<\/strong> Podwykonawcy mog\u0105 szybko reagowa\u0107 na nowe wymagania i zmiany oraz odpowiednio dostosowywa\u0107 swoje zasoby.<\/li>\n<li><strong>Efektywno\u015b\u0107 kosztowa:<\/strong> Deleguj\u0105c pewne zadania podwykonawcom, mog\u0105 oni zaoszcz\u0119dzi\u0107 na kosztach i sprawi\u0107, \u017ce projekt b\u0119dzie bardziej op\u0142acalny.<\/li>\n<li><strong>Oszcz\u0119dno\u015b\u0107 czasu:<\/strong> Podwykonawcy mog\u0105 zajmowa\u0107 si\u0119 kilkoma podzadaniami w tym samym czasie, co oszcz\u0119dza czas i pozwala na szybszy post\u0119p projektu.<\/li>\n<\/ul>\n<h2>Jakie s\u0105 wa\u017cne czynniki przy wyborze podwykonawcy?<\/h2>\n<p>Przy wyborze podwykonawcy nale\u017cy wzi\u0105\u0107 pod uwag\u0119 kilka czynnik\u00f3w:<\/p>\n<ol>\n<li><strong>Do\u015bwiadczenie i referencje:<\/strong> Zwr\u00f3\u0107 uwag\u0119 na do\u015bwiadczenie podwykonawcy w Twojej bran\u017cy i popro\u015b o referencje, aby sprawdzi\u0107 jego niezawodno\u015b\u0107 i wydajno\u015b\u0107.<\/li>\n<li><strong>Kwalifikacje i kompetencje:<\/strong> Upewnij si\u0119, \u017ce podwykonawca posiada niezb\u0119dne kwalifikacje i wiedz\u0119 specjalistyczn\u0105 dla Twojego projektu.<\/li>\n<li><strong>Komunikacja i koordynacja:<\/strong> Ocena zdolno\u015bci podwykonawcy do skutecznej komunikacji i koordynacji pracy podwykonawc\u00f3w.<\/li>\n<li><strong>Stabilno\u015b\u0107 finansowa:<\/strong> Sprawd\u017a stabilno\u015b\u0107 finansow\u0105 podwykonawcy, aby upewni\u0107 si\u0119, \u017ce dysponuje on zasobami niezb\u0119dnymi do realizacji projektu.<\/li>\n<\/ol>\n<p>Staranny wyb\u00f3r oparty na tych kryteriach gwarantuje, \u017ce podwykonawca mo\u017ce przyczyni\u0107 si\u0119 do sukcesu projektu w spos\u00f3b niezawodny i wydajny.<\/p>\n<h3>Wnioski<\/h3>\n<p>Podwykonawcy s\u0105 <strong>Wa\u017cny sk\u0142adnik<\/strong> dzisiejszego \u017cycia biznesowego i przyczyniaj\u0105 si\u0119 do <strong>Zarz\u0105dzanie projektami<\/strong> aby upro\u015bci\u0107 <strong>jako\u015b\u0107<\/strong> i rozszerzy\u0107 sie\u0107 firmow\u0105.<\/p>\n<h2>Cz\u0119sto zadawane pytania dotycz\u0105ce podwykonawc\u00f3w i podwykonawc\u00f3w (FAQ)<\/h2>\n<\/div><\/div><div class=\"w-separator size_small\"><\/div><div class=\"w-tabs style_default switch_click accordion type_togglable has_scrolling\" style=\"--sections-title-size:inherit\"><div class=\"w-tabs-sections titles-align_none icon_chevron cpos_right\"><div class=\"w-tabs-section\" id=\"ve00\" itemscope itemprop=\"mainEntity\" itemtype=\"https:\/\/schema.org\/Question\"><button class=\"w-tabs-section-header\" aria-controls=\"content-ve00\" aria-expanded=\"false\"><div class=\"w-tabs-section-title\" itemprop=\"name\">Czy \u201epodwykonawca\u201e i \u201epodwykonawca\u201e to to samo?<\/div><div class=\"w-tabs-section-control\"><\/div><\/button><div  class=\"w-tabs-section-content\" id=\"content-ve00\" itemscope itemprop=\"acceptedAnswer\" itemtype=\"https:\/\/schema.org\/Answer\"><div class=\"w-tabs-section-content-h i-cf\" itemprop=\"text\"><div class=\"wpb_text_column\"><div class=\"wpb_wrapper\"><p>Nie do ko\u0144ca. Obie firmy pracuj\u0105 na podstawie umowy o prac\u0119 i robocizn\u0119 dla klienta wy\u017cszego szczebla. Termin podwykonawca jest cz\u0119\u015bciej u\u017cywany w sektorze budowlanym i podkre\u015bla rol\u0119 koordynacyjn\u0105 wobec innych podwykonawc\u00f3w. W sensie prawnym terminy te s\u0105 jednak w du\u017cej mierze synonimami - to tre\u015b\u0107 umowy jest decyduj\u0105ca, a nie termin.<\/p>\n<\/div><\/div><\/div><\/div><\/div><div class=\"w-tabs-section\" id=\"hed7\" itemscope itemprop=\"mainEntity\" itemtype=\"https:\/\/schema.org\/Question\"><button class=\"w-tabs-section-header\" aria-controls=\"content-hed7\" aria-expanded=\"false\"><div class=\"w-tabs-section-title\" itemprop=\"name\">Czy g\u0142\u00f3wny wykonawca ponosi odpowiedzialno\u015b\u0107 za b\u0142\u0119dy pope\u0142nione przez podwykonawc\u0119?<\/div><div class=\"w-tabs-section-control\"><\/div><\/button><div  class=\"w-tabs-section-content\" id=\"content-hed7\" itemscope itemprop=\"acceptedAnswer\" itemtype=\"https:\/\/schema.org\/Answer\"><div class=\"w-tabs-section-content-h i-cf\" itemprop=\"text\"><div class=\"wpb_text_column\"><div class=\"wpb_wrapper\"><p>Tak, co do zasady g\u0142\u00f3wny wykonawca jest r\u00f3wnie\u017c odpowiedzialny wobec klienta za wady spowodowane przez podwykonawc\u00f3w. Niezb\u0119dna jest zatem precyzyjna umowa o prac\u0119 i \u015bwiadczenie us\u0142ug z jasno okre\u015blonymi us\u0142ugami, terminami i klauzulami dotycz\u0105cymi odpowiedzialno\u015bci.<\/p>\n<\/div><\/div><\/div><\/div><\/div><div class=\"w-tabs-section\" id=\"tfd2\" itemscope itemprop=\"mainEntity\" itemtype=\"https:\/\/schema.org\/Question\"><button class=\"w-tabs-section-header\" aria-controls=\"content-tfd2\" aria-expanded=\"false\"><div class=\"w-tabs-section-title\" itemprop=\"name\">Jak znale\u017a\u0107 wykwalifikowanych podwykonawc\u00f3w lub podwykonawc\u00f3w?<\/div><div class=\"w-tabs-section-control\"><\/div><\/button><div  class=\"w-tabs-section-content\" id=\"content-tfd2\" itemscope itemprop=\"acceptedAnswer\" itemtype=\"https:\/\/schema.org\/Answer\"><div class=\"w-tabs-section-content-h i-cf\" itemprop=\"text\"><div class=\"wpb_text_column\"><div class=\"wpb_wrapper\"><p>Global Business Recruiting umieszcza wyspecjalizowane zespo\u0142y ekspert\u00f3w z innych kraj\u00f3w europejskich, kt\u00f3rzy przejmuj\u0105 odpowiedzialno\u015b\u0107 za okre\u015blone bran\u017ce jako podwykonawcy na podstawie umowy o prac\u0119 - z ca\u0142\u0105 niezb\u0119dn\u0105 dokumentacj\u0105 (za\u015bwiadczenie A1, ubezpieczenie spo\u0142eczne, dow\u00f3d kwalifikacji).<\/p>\n<\/div><\/div><\/div><\/div><\/div><\/div><\/div><\/div><\/div><\/div><\/div><\/section>","protected":false},"excerpt":{"rendered":"Subunternehmer spielen eine wichtige Rolle in der heutigen Wirtschaft, Nachunternehmer allerdings auch. Warum braucht man Nachunternehmer und was sind die Unterschiede? In diesem Artikel er\u00f6rtern wir, warum man Nachunternehmer braucht, und erkl\u00e4ren die Unterschiede zwischen Subunternehmern und Nachunternehmern \u2013 mit Blick auf Werkvertragsstrukturen, wie sie Global Business Recruiting t\u00e4glich vermittelt. Was ist ein Nachunternehmer? Ein...","protected":false},"author":1,"featured_media":10521,"parent":9347,"menu_order":0,"comment_status":"closed","ping_status":"closed","template":"","meta":{"_acf_changed":false,"footnotes":""},"class_list":["post-9546","page","type-page","status-publish","has-post-thumbnail","hentry"],"acf":[],"_links":{"self":[{"href":"https:\/\/global-business-recruiting.de\/pl\/wp-json\/wp\/v2\/pages\/9546","targetHints":{"allow":["GET"]}}],"collection":[{"href":"https:\/\/global-business-recruiting.de\/pl\/wp-json\/wp\/v2\/pages"}],"about":[{"href":"https:\/\/global-business-recruiting.de\/pl\/wp-json\/wp\/v2\/types\/page"}],"author":[{"embeddable":true,"href":"https:\/\/global-business-recruiting.de\/pl\/wp-json\/wp\/v2\/users\/1"}],"replies":[{"embeddable":true,"href":"https:\/\/global-business-recruiting.de\/pl\/wp-json\/wp\/v2\/comments?post=9546"}],"version-history":[{"count":10,"href":"https:\/\/global-business-recruiting.de\/pl\/wp-json\/wp\/v2\/pages\/9546\/revisions"}],"predecessor-version":[{"id":11091,"href":"https:\/\/global-business-recruiting.de\/pl\/wp-json\/wp\/v2\/pages\/9546\/revisions\/11091"}],"up":[{"embeddable":true,"href":"https:\/\/global-business-recruiting.de\/pl\/wp-json\/wp\/v2\/pages\/9347"}],"wp:featuredmedia":[{"embeddable":true,"href":"https:\/\/global-business-recruiting.de\/pl\/wp-json\/wp\/v2\/media\/10521"}],"wp:attachment":[{"href":"https:\/\/global-business-recruiting.de\/pl\/wp-json\/wp\/v2\/media?parent=9546"}],"curies":[{"name":"wp","href":"https:\/\/api.w.org\/{rel}","templated":true}]}}