{"id":9739,"date":"2026-03-07T09:24:53","date_gmt":"2026-03-07T09:24:53","guid":{"rendered":"https:\/\/global-business-recruiting.de\/?page_id=9739"},"modified":"2026-03-29T12:37:36","modified_gmt":"2026-03-29T12:37:36","slug":"profesjonalne-uznanie-dla-elektrykow-za-granica","status":"publish","type":"page","link":"https:\/\/global-business-recruiting.de\/pl\/wissen\/berufsanerkennung-elektriker-ausland\/","title":{"rendered":"Czy kwalifikacje zawodowe elektryk\u00f3w z zagranicy musz\u0105 by\u0107 uznawane w Niemczech?"},"content":{"rendered":"<section class=\"l-section wpb_row height_custom\"><div class=\"l-section-h i-cf\"><div class=\"g-cols vc_row via_grid cols_1 laptops-cols_inherit tablets-cols_inherit mobiles-cols_1 valign_top type_default stacking_default\"><div class=\"wpb_column vc_column_container\"><div class=\"vc_column-inner\"><div class=\"wpb_text_column\"><div class=\"wpb_wrapper\"><p>Je\u015bli elektryk posiada kwalifikacje zawodowe z zagranicy, pojawia si\u0119 pytanie, czy kwalifikacje te musz\u0105 zosta\u0107 uznane w Niemczech. Sytuacja prawna w tym zakresie jest zr\u00f3\u017cnicowana: Nie wszystkie kwalifikacje zawodowe musz\u0105 przej\u015b\u0107 procedur\u0119 uznawania - i ma to bezpo\u015brednie konsekwencje dla podwykonawc\u00f3w i wykwalifikowanych pracownik\u00f3w z Europy Wschodniej.<\/p>\n<h2>Czy zaw\u00f3d elektryka jest regulowany w Niemczech?<\/h2>\n<p>Je\u015bli zaw\u00f3d nie jest regulowany, nie jest prawnie chroniony. Oznacza to, \u017ce procedura uznawania zagranicznych kwalifikacji zawodowych jest w\u00f3wczas <strong>nie jest to absolutnie konieczne<\/strong>. Dotyczy to r\u00f3wnie\u017c zawodu elektryka.<\/p>\n<p>Kwalifikacje zawodowe elektryka uzyskane za granic\u0105 nie musz\u0105 by\u0107 zatem uznawane w Niemczech. Nie oznacza to jednak, \u017ce firma nie jest zobowi\u0105zana do zapewnienia, \u017ce wykwalifikowany pracownik jest odpowiedni do wykonywania pracy elektryka - wym\u00f3g ten pozostaje w mocy.<\/p>\n<div style=\"background: #fff8e1; border-left: 4px solid #e8a000; padding: 16px; margin: 20px 0;\"><strong>Wa\u017cne dla klient\u00f3w:<\/strong> Zaw\u00f3d elektryka w Niemczech to <strong>Nieuregulowane<\/strong> - Zagraniczne kwalifikacje zawodowe nie musz\u0105 by\u0107 zatem oficjalnie uznawane. Uznanie jest jednak pomocne w celu udowodnienia kwalifikacji, a tym samym \u0142atwiejszego znalezienia pracy i stanowisk.<\/div>\n<p>Ponadto uznanie zagranicznych kwalifikacji zawodowych jest dobrowolne dla zawodu elektryka. Pomaga to danemu elektrykowi na przyk\u0142ad w znalezieniu pracy odpowiadaj\u0105cej jego kwalifikacjom.<\/p>\n<h2>Jak wygl\u0105da proces rozpoznawania?<\/h2>\n<p>Je\u015bli uznawanie jest po\u017c\u0105dane, odpowiednia procedura mo\u017ce zosta\u0107 zako\u0144czona dobrowolnie. Wystarczy z\u0142o\u017cy\u0107 wniosek do w\u0142a\u015bciwego organu - mo\u017cna to zrobi\u0107 za po\u015brednictwem strony internetowej <a href=\"https:\/\/www.anerkennung-in-deutschland.de\" target=\"_blank\" rel=\"noopener\">Portal \"Uznawanie w Niemczech\"<\/a> zosta\u0107 ustalone. Nale\u017cy z\u0142o\u017cy\u0107 nast\u0119puj\u0105ce dokumenty:<\/p>\n<ul>\n<li>Sam wniosek, w formie formularza od w\u0142a\u015bciwego organu lub jako wniosek nieformalny<\/li>\n<li>Dow\u00f3d to\u017csamo\u015bci, na przyk\u0142ad paszport<\/li>\n<li>Dow\u00f3d kwalifikacji - certyfikaty wnioskodawcy<\/li>\n<li>Dow\u00f3d tego, co obejmuje kwalifikacja zawodowa i jak d\u0142ugo trwa<\/li>\n<li>Akt ma\u0142\u017ce\u0144stwa, je\u015bli dana osoba zmieni\u0142a nazwisko w zwi\u0105zku z zawarciem ma\u0142\u017ce\u0144stwa<\/li>\n<li>CV<\/li>\n<li>Dow\u00f3d dalszych kwalifikacji (udzia\u0142 w seminariach lub kursach szkoleniowych)<\/li>\n<li>Dow\u00f3d zamiaru podj\u0119cia pracy w Niemczech<\/li>\n<li>Je\u015bli wniosek zosta\u0142 ju\u017c z\u0142o\u017cony, nale\u017cy poda\u0107 informacje na ten temat - obejmuje to r\u00f3wnie\u017c informacje o organie, do kt\u00f3rego z\u0142o\u017cono poprzedni wniosek.<\/li>\n<\/ul>\n<p>Rozpatrywanie takiego wniosku trwa zazwyczaj od 1 do 3 miesi\u0119cy i rozpoczyna si\u0119 od z\u0142o\u017cenia wszystkich dokument\u00f3w. Po pomy\u015blnym zako\u0144czeniu procedury certyfikaty s\u0105 uznawane.<\/p>\n<p>Je\u015bli brakuje niekt\u00f3rych certyfikat\u00f3w lub innych dokument\u00f3w, istnieje inna opcja: wnioskodawca mo\u017ce udowodni\u0107 swoje umiej\u0119tno\u015bci w te\u015bcie praktycznym. Ponadto mo\u017cna r\u00f3wnie\u017c odby\u0107 sta\u017c adaptacyjny, kt\u00f3ry nast\u0119pnie s\u0142u\u017cy jako dow\u00f3d kwalifikacji.<\/p>\n<h2>Czy musz\u0119 udowodni\u0107 swoje umiej\u0119tno\u015bci j\u0119zykowe?<\/h2>\n<p>Dla samej aplikacji i powi\u0105zanej procedury <strong>Brak specjalnych umiej\u0119tno\u015bci j\u0119zykowych<\/strong> by\u0107 udowodnione. Jest to tylko kwestia uznania kwalifikacji - w\u0142a\u015bciwy organ por\u00f3wnuje kwalifikacje z wymogami dotycz\u0105cymi wykonywania zawodu w Niemczech.<\/p>\n<p>Dotyczy to jednak tylko zawodu elektryka i innych zawod\u00f3w nieregulowanych. W przypadku niekt\u00f3rych innych licencji, takich jak lekarze, znajomo\u015b\u0107 j\u0119zyka niemieckiego jest ju\u017c wymagana w procedurze uznawania kwalifikacji.<\/p>\n<p>Nie oznacza to, \u017ce elektryk nie musi zna\u0107 j\u0119zyka niemieckiego - wr\u0119cz przeciwnie. Elektrycy pracuj\u0105 z klientami i w zespo\u0142ach, a zatem musz\u0105 by\u0107 w stanie komunikowa\u0107 si\u0119 w tym kraju. Oznacza to, \u017ce nie trzeba udowadnia\u0107 znajomo\u015bci j\u0119zyka niemieckiego w procedurze uznawania kwalifikacji, ale jest ona wymagana do zatrudnienia w firmie.<\/p>\n<h2>Ile kosztuje uznanie kwalifikacji zawodowych?<\/h2>\n<p>Procedura uznania zazwyczaj kosztuje <strong>100 do 600 euro<\/strong>. Istniej\u0105 r\u00f3wnie\u017c dodatkowe koszty. W tym celu mo\u017cna z\u0142o\u017cy\u0107 wniosek o wsparcie finansowe - dotyczy to wszystkich koszt\u00f3w zwi\u0105zanych ze z\u0142o\u017ceniem wniosku. Obejmuje to op\u0142aty, koszty podr\u00f3\u017cy i koszty t\u0142umacze\u0144. Mo\u017cna r\u00f3wnie\u017c zasi\u0119gn\u0105\u0107 porady w tym zakresie.<\/p>\n<h2>Jakie s\u0105 zalety uznania kwalifikacji zawodowych elektryka z zagranicy?<\/h2>\n<p>Procedura uznawania jest czasoch\u0142onna i kosztowna. Niemniej jednak oferuje ona wyra\u017ane korzy\u015bci:<\/p>\n<ol>\n<li><strong>Te same mo\u017cliwo\u015bci:<\/strong> Uznanie daje danemu elektrykowi dok\u0142adnie takie same mo\u017cliwo\u015bci pracy w Niemczech, jak elektrykowi, kt\u00f3ry zosta\u0142 przeszkolony w Niemczech - mi\u0119dzynarodowy wykwalifikowany pracownik jest teraz na r\u00f3wni z niemieckim wykwalifikowanym pracownikiem pod ka\u017cdym wzgl\u0119dem.<\/li>\n<li><strong>Potwierdzenie:<\/strong> Elektryk otrzymuje certyfikat stwierdzaj\u0105cy, \u017ce jego szkolenie jest r\u00f3wnowa\u017cne ze szkoleniem niemieckim - w j\u0119zyku niemieckim, oficjalnie potwierdzone. Daje to r\u00f3wnie\u017c osobie zainteresowanej wy\u017cszy poziom uznania.<\/li>\n<li><strong>Przejrzysto\u015b\u0107:<\/strong> Pismo o uznaniu za\u015bwiadcza, \u017ce szkolenie jest r\u00f3wnowa\u017cne z niemieckim szkoleniem dla danej osoby. Kopi\u0119 tego dokumentu mo\u017cna za\u0142\u0105czy\u0107 do wniosku - firmy cz\u0119sto wyra\u017anie prosz\u0105 o takie \u015bwiadectwo uznania.<\/li>\n<li><strong>Przyspieszone poszukiwanie pracy:<\/strong> Certyfikat znacznie u\u0142atwia znalezienie pracy w Niemczech bez konieczno\u015bci kompromisu w zakresie r\u00f3wnowa\u017cno\u015bci.<\/li>\n<li><strong>\u0141atwiejsza wspinaczka:<\/strong> Po otrzymaniu wypowiedzenia \u0142atwiej jest zrobi\u0107 karier\u0119 - awansowa\u0107 na wy\u017csze stanowisko, a tym samym do wy\u017cszego przedzia\u0142u wynagrodze\u0144.<\/li>\n<li><strong>Mistrz rzemios\u0142a i samozatrudnienie:<\/strong> Opieraj\u0105c si\u0119 na r\u00f3wnowa\u017cno\u015bci, mo\u017cna teraz r\u00f3wnie\u017c podj\u0105\u0107 dalsze szkolenie, aby zosta\u0107 mistrzem rzemios\u0142a. Po jego pomy\u015blnym uko\u0144czeniu droga do samozatrudnienia jest otwarta.<\/li>\n<li><strong>Uznanie mistrza:<\/strong> Je\u015bli posiadasz ju\u017c kwalifikacje na poziomie mistrza rzemios\u0142a z zagranicy, mog\u0105 one r\u00f3wnie\u017c zosta\u0107 uznane - otwiera to drog\u0119 do wszystkich mo\u017cliwo\u015bci, w tym samozatrudnienia i tytu\u0142u mistrza rzemios\u0142a.<\/li>\n<li><strong>Pozwolenie na prac\u0119 i poszukiwanie pracy:<\/strong> Je\u015bli dany wykwalifikowany pracownik pochodzi z kraju trzeciego, formalne uznanie jest warunkiem wst\u0119pnym uzyskania pozwolenia na wjazd do kraju i prac\u0119.<\/li>\n<\/ol>\n<h2>Jak przebiega proces uznawania kwalifikacji zawodowych?<\/h2>\n<p>Aby rozpocz\u0105\u0107 procedur\u0119 i doprowadzi\u0107 j\u0105 do pomy\u015blnego zako\u0144czenia, nale\u017cy podj\u0105\u0107 szereg krok\u00f3w. Rozpoczyna si\u0119 to od z\u0142o\u017cenia wniosku i powi\u0105zanych dokument\u00f3w we w\u0142a\u015bciwym urz\u0119dzie - osobi\u015bcie na miejscu, poczt\u0105 wraz z kopiami dokument\u00f3w lub elektronicznie za po\u015brednictwem poczty elektronicznej. Niekt\u00f3re urz\u0119dy oferuj\u0105 r\u00f3wnie\u017c portal internetowy.<\/p>\n<p>Odpowiednie izby rzemie\u015blnicze oferuj\u0105 du\u017c\u0105 pomoc przy sk\u0142adaniu wniosk\u00f3w. Przed z\u0142o\u017ceniem wniosku nale\u017cy skorzysta\u0107 z odpowiedniego doradztwa, aby zapewni\u0107 jak najszybsze pomy\u015blne zako\u0144czenie procesu.<\/p>\n<p>W\u0142a\u015bciwy organ potwierdzi otrzymanie wniosku i dokument\u00f3w w ci\u0105gu jednego miesi\u0105ca. Badanie zostanie zako\u0144czone w ci\u0105gu 3 miesi\u0119cy. Mo\u017cliwe s\u0105 trzy wyniki:<\/p>\n<h3>Rezultat 1: Uznanie kwalifikacji zawodowych<\/h3>\n<p>Najlepszy rezultat: za\u015bwiadczenie, \u017ce zagraniczny elektryk posiada kwalifikacje zawodowe spe\u0142niaj\u0105ce niemieckie wymagania. Dana osoba ma teraz takie same prawa jak ka\u017cdy inny elektryk z niemieckimi kwalifikacjami.<\/p>\n<h3>Wynik 2: Cz\u0119\u015bciowe rozpoznanie<\/h3>\n<p>Za\u015bwiadcza to, \u017ce cz\u0119\u015b\u0107 szkolenia zawodowego odpowiada wymogom szkolenia niemieckiego, ale inne cz\u0119\u015bci wykazuj\u0105 znaczne r\u00f3\u017cnice. Nie mo\u017cna ich zrekompensowa\u0107 innymi kwalifikacjami lub istniej\u0105cym do\u015bwiadczeniem zawodowym. Za\u015bwiadczenie opisuje istniej\u0105ce r\u00f3\u017cnice - mo\u017cliwe jest w\u00f3wczas uzyskanie tzw. kwalifikacji adaptacyjnych i z\u0142o\u017cenie nowego wniosku.<\/p>\n<h3>Wynik 3: Brak uznania<\/h3>\n<p>Je\u015bli uznanie nie zostanie przyznane, oznacza to, \u017ce kwalifikacje do wykonywania zawodu w \u017caden spos\u00f3b nie spe\u0142niaj\u0105 wymog\u00f3w niemieckiego szkolenia - r\u00f3\u017cnice s\u0105 zbyt du\u017ce. W razie potrzeby mo\u017cna podj\u0105\u0107 kroki prawne przeciwko tej decyzji. Brak uznania nie jest jednak ko\u0144cem \u015bwiata.<\/p>\n<h2>Co je\u015bli elektrykowi przyznano tylko cz\u0119\u015bciowe uznanie?<\/h2>\n<p>Je\u015bli elektryk jest ju\u017c w Niemczech, mo\u017ce wykonywa\u0107 sw\u00f3j zaw\u00f3d tutaj nawet bez uznania. W przypadku cz\u0119\u015bciowego uznania nadal istnieje mo\u017cliwo\u015b\u0107 uzyskania kwalifikacji adaptacyjnych.<\/p>\n<p>Je\u015bli dana osoba nie przebywa jeszcze w Niemczech, mo\u017ce wjecha\u0107 do kraju w celu uzyskania kwalifikacji adaptacyjnych. Nawet cz\u0119\u015bciowe uznanie ma t\u0119 zalet\u0119, \u017ce pracodawcy s\u0105 w stanie lepiej zrozumie\u0107 istniej\u0105ce kwalifikacje - i zapewni\u0107 dalsze szkolenie, kt\u00f3re zapewni wystarczaj\u0105ce kwalifikacje.<\/p>\n<h2>Procedura dla sp\u00f3\u017anionych repatriant\u00f3w<\/h2>\n<p>Istniej\u0105 dwie procedury uznawania niemieckich repatriant\u00f3w: Procedura opisana tutaj oraz procedura zgodna z \u00a7 10 BVFG (Federalnej Ustawy o Wyp\u0119dzonych). Zapewnia to dodatkow\u0105 opcj\u0119 uzyskania uznania, je\u015bli opisana tutaj procedura nie powiedzie si\u0119.<\/p>\n<h2>Cz\u0119\u015bciowe szkolenie za granic\u0105<\/h2>\n<p>Je\u015bli istniej\u0105ce kwalifikacje zawodowe z zagranicy nie s\u0105 uznawane w Niemczech lub s\u0105 uznawane tylko cz\u0119\u015bciowo, mo\u017cliwe jest uko\u0144czenie szkolenia za granic\u0105 - w ramach standardowych procedur uznawanych w Niemczech:<\/p>\n<ul>\n<li><strong>Proces EuroSkill-plus:<\/strong> Sta\u017cy\u015bci w Wielkiej Brytanii, W\u0142oszech, Hiszpanii i Czechach mog\u0105 odby\u0107 sta\u017ce za granic\u0105, kt\u00f3re s\u0105 uznawane w Niemczech. Sta\u017ce te trwaj\u0105 4 tygodnie i s\u0105 dost\u0119pne w Plymouth (Wielka Brytania), Brescii (W\u0142ochy), Barcelonie (Hiszpania) i Strakonicach (Czechy).<\/li>\n<li><strong>Sta\u017ce zagraniczne w ramach programu Europassistant:<\/strong> Ostatnie 3 tygodnie.<\/li>\n<\/ul>\n<p>Kursy adaptacyjne cz\u0119sto ko\u0144cz\u0105 procedur\u0119 uznawania kwalifikacji. W przypadku elektrotechniki przekazywana jest zar\u00f3wno wiedza praktyczna, jak i teoretyczna. Kwalifikacje w zakresie adaptacji s\u0105 obecnie oferowane r\u00f3wnie\u017c jako kursy online - u\u0142atwiaj\u0105c uczestnictwo i zapoznanie si\u0119 z normami, przepisami i obowi\u0105zuj\u0105cymi przepisami bezpiecze\u0144stwa.<\/p>\n<div style=\"background: #f0f0f0; border-left: 4px solid #1a3a5c; padding: 16px; margin: 24px 0;\"><strong>Uwaga dla klient\u00f3w:<\/strong> Global Business Recruiting zatrudnia elektryk\u00f3w z Polski, S\u0142owacji i Czech na zasadzie kontraktu. Podwykonawcy dostarczaj\u0105 nienaganne dowody kwalifikacji, certyfikaty i referencje. Formalne uznanie zawodowe nie jest obowi\u0105zkowe do wykorzystania jako podwykonawca - sprawdzamy przydatno\u015b\u0107 zawodow\u0105. <a href=\"https:\/\/global-business-recruiting.de\/pl\/zapytanie\/\">Zam\u00f3w elektryka ju\u017c teraz \u2192<\/a><\/div>\n<p><!-- INTERNE VERLINKUNG --><\/p>\n<h2>Podobne tematy z bran\u017cy elektrycznej<\/h2>\n<ul>\n<li><a href=\"https:\/\/global-business-recruiting.de\/pl\/zawody\/elektryk\/\">Elektrycy z Europy Wschodniej - Popro\u015b o podwykonawc\u0119<\/a><\/li>\n<li><a href=\"https:\/\/global-business-recruiting.de\/pl\/oddzialy\/elektrotechnika\/\">Podwykonawcy dla sektora elektrotechnicznego<\/a><\/li>\n<li><a href=\"https:\/\/global-business-recruiting.de\/pl\/wiedziec\/legalny\/leasing-pracowniczy-a-podwykonawstwo\/\">Praca tymczasowa a podwykonawstwo - r\u00f3\u017cnice<\/a><\/li>\n<li><a href=\"https:\/\/global-business-recruiting.de\/pl\/kraje\/polska\/\">Elektrycy z Polski<\/a><\/li>\n<li><a href=\"https:\/\/global-business-recruiting.de\/pl\/kraje\/slowacja\/\">Elektryk ze S\u0142owacji<\/a><\/li>\n<li><a href=\"https:\/\/global-business-recruiting.de\/pl\/kraje\/republika-czeska\/\">Elektryk z Czech<\/a><\/li>\n<\/ul>\n<p><!-- CTA --><\/p>\n<\/div><\/div><\/div><\/div><\/div><\/div><\/section>","protected":false},"excerpt":{"rendered":"Hat ein Elektriker einen Berufsabschluss aus dem Ausland, stellt sich die Frage, ob eine Anerkennung des Abschlusses in Deutschland zwingend erforderlich ist. Die Rechtslage ist hier differenziert: Nicht f\u00fcr alle Berufsabschl\u00fcsse muss ein Anerkennungsverfahren durchlaufen werden \u2013 und das hat direkte Konsequenzen f\u00fcr Subunternehmer und Fachkr\u00e4fte aus Osteuropa. Ist der Elektriker-Beruf in Deutschland reglementiert? Ist...","protected":false},"author":1,"featured_media":10531,"parent":9347,"menu_order":0,"comment_status":"closed","ping_status":"closed","template":"","meta":{"_acf_changed":false,"footnotes":""},"class_list":["post-9739","page","type-page","status-publish","has-post-thumbnail","hentry"],"acf":[],"_links":{"self":[{"href":"https:\/\/global-business-recruiting.de\/pl\/wp-json\/wp\/v2\/pages\/9739","targetHints":{"allow":["GET"]}}],"collection":[{"href":"https:\/\/global-business-recruiting.de\/pl\/wp-json\/wp\/v2\/pages"}],"about":[{"href":"https:\/\/global-business-recruiting.de\/pl\/wp-json\/wp\/v2\/types\/page"}],"author":[{"embeddable":true,"href":"https:\/\/global-business-recruiting.de\/pl\/wp-json\/wp\/v2\/users\/1"}],"replies":[{"embeddable":true,"href":"https:\/\/global-business-recruiting.de\/pl\/wp-json\/wp\/v2\/comments?post=9739"}],"version-history":[{"count":9,"href":"https:\/\/global-business-recruiting.de\/pl\/wp-json\/wp\/v2\/pages\/9739\/revisions"}],"predecessor-version":[{"id":11085,"href":"https:\/\/global-business-recruiting.de\/pl\/wp-json\/wp\/v2\/pages\/9739\/revisions\/11085"}],"up":[{"embeddable":true,"href":"https:\/\/global-business-recruiting.de\/pl\/wp-json\/wp\/v2\/pages\/9347"}],"wp:featuredmedia":[{"embeddable":true,"href":"https:\/\/global-business-recruiting.de\/pl\/wp-json\/wp\/v2\/media\/10531"}],"wp:attachment":[{"href":"https:\/\/global-business-recruiting.de\/pl\/wp-json\/wp\/v2\/media?parent=9739"}],"curies":[{"name":"wp","href":"https:\/\/api.w.org\/{rel}","templated":true}]}}