{"id":9746,"date":"2026-03-07T09:56:44","date_gmt":"2026-03-07T09:56:44","guid":{"rendered":"https:\/\/global-business-recruiting.de\/?page_id=9746"},"modified":"2026-03-29T12:38:50","modified_gmt":"2026-03-29T12:38:50","slug":"unikanie-falszywego-zatrudnienia","status":"publish","type":"page","link":"https:\/\/global-business-recruiting.de\/pl\/wissen\/scheinselbstaendigkeit-vermeiden\/","title":{"rendered":"Zatrudnianie podwykonawc\u00f3w: Jak unikn\u0105\u0107 fikcyjnego samozatrudnienia"},"content":{"rendered":"<section class=\"l-section wpb_row height_custom\"><div class=\"l-section-h i-cf\"><div class=\"g-cols vc_row via_grid cols_1 laptops-cols_inherit tablets-cols_inherit mobiles-cols_1 valign_top type_default stacking_default\"><div class=\"wpb_column vc_column_container\"><div class=\"vc_column-inner\"><div class=\"wpb_text_column\"><div class=\"wpb_wrapper\"><article>Klienci, kt\u00f3rzy korzystaj\u0105 z us\u0142ug podwykonawc\u00f3w na podstawie umowy o dzie\u0142o lub zewn\u0119trznych dostawc\u00f3w us\u0142ug, powinni za wszelk\u0105 cen\u0119 unika\u0107 tak zwanego fikcyjnego samozatrudnienia. Cz\u0119sto zdarza si\u0119, \u017ce firmy zlecaj\u0105 wykonanie okre\u015blonych czynno\u015bci zewn\u0119trznej firmie jako podwykonawcy zamiast w\u0142asnym pracownikom. Wa\u017cne jest, aby klienci od samego pocz\u0105tku organizowali wsp\u00f3\u0142prac\u0119 w taki spos\u00f3b, aby wykluczy\u0107 fikcyjne samozatrudnienie.<\/p>\n<h2>Jak definiuje si\u0119 fikcyjne samozatrudnienie?<\/h2>\n<p>Termin \"fikcyjne samozatrudnienie\" jest u\u017cywany, gdy stosunek umowny z rzekomo samozatrudnionym wykonawc\u0105 faktycznie okazuje si\u0119 by\u0107 samozatrudnionym wykonawc\u0105.<span>\u00a0<\/span><strong>zatrudnienie zale\u017cne<\/strong><span>\u00a0<\/span>okazuje si\u0119 by\u0107 zatrudnieniem zale\u017cnym. Dzieje si\u0119 tak zawsze, gdy szczeg\u00f3lny charakter faktycznej wsp\u00f3\u0142pracy spe\u0142nia cechy zatrudnienia zale\u017cnego, gdy jest postrzegany jako ca\u0142o\u015b\u0107.<\/p>\n<p>Decyduj\u0105cym kryterium rozr\u00f3\u017cnienia mi\u0119dzy samozatrudnieniem a fikcyjnym samozatrudnieniem jest<span>\u00a0<\/span><strong>Rzeczywista realizacja wsp\u00f3\u0142pracy<\/strong>. Aby oceni\u0107, czy istnieje samozatrudnienie lub fikcyjne samozatrudnienie, dzia\u0142alno\u015b\u0107 musi by\u0107 oceniana w ca\u0142o\u015bci.<\/p>\n<div><strong>Wa\u017cne:<\/strong><span>\u00a0<\/span>Je\u015bli istniej\u0105 wystarczaj\u0105ce przes\u0142anki fikcyjnego samozatrudnienia, umowne okre\u015blenie wsp\u00f3\u0142pracy jako samozatrudnienia nie jest decyduj\u0105ce. Je\u015bli rzeczywista wsp\u00f3\u0142praca zawiera wystarczaj\u0105ce cechy fikcyjnego samozatrudnienia, klient nie mo\u017ce powo\u0142ywa\u0107 si\u0119 na fakt, \u017ce praca zosta\u0142a umownie uzgodniona jako wykonywana niezale\u017cnie.<\/div>\n<h2>Kryteria: Samozatrudnienie a fikcyjne samozatrudnienie<\/h2>\n<table>\n<tbody>\n<tr>\n<th>Kryteria samozatrudnienia<\/th>\n<th>\u26a0\ufe0f Charakterystyka fikcyjnego samozatrudnienia<\/th>\n<\/tr>\n<tr>\n<td>Wykonawca nie jest zwi\u0105zany instrukcjami dla Klienta<\/td>\n<td>Pe\u0142na integracja z organizacj\u0105 biznesow\u0105 klienta<\/td>\n<\/tr>\n<tr>\n<td>Klient nie okre\u015bla sta\u0142ych godzin pracy<\/td>\n<td>Sta\u0142a aktywno\u015b\u0107 tylko dla jednego klienta<\/td>\n<\/tr>\n<tr>\n<td>Wykonawca nie jest lub jest w niewielkim stopniu zintegrowany z organizacj\u0105 biznesow\u0105 klienta.<\/td>\n<td>Obowi\u0105zek post\u0119powania zgodnie z instrukcjami klienta<\/td>\n<\/tr>\n<tr>\n<td>Wykonawca pracuje r\u00f3wnie\u017c dla innych klient\u00f3w<\/td>\n<td>Okre\u015blenie konkretnego czasu pracy przez klienta<\/td>\n<\/tr>\n<tr>\n<td>Wykonawca dzia\u0142a na zewn\u0105trz jako niezale\u017cny wykonawca<\/td>\n<td>Wykonawca b\u0119dzie nosi\u0107 odzie\u017c robocz\u0105 Klienta<\/td>\n<\/tr>\n<tr>\n<td>Wykonawca ponosi w\u0142asne ryzyko gospodarcze<\/td>\n<td>Wykonawca nie mo\u017ce wyst\u0119powa\u0107 na zewn\u0105trz jako niezale\u017cna firma<\/td>\n<\/tr>\n<tr>\n<td><\/td>\n<td>Wykonawca nie b\u0119dzie ponosi\u0142 \u017cadnego w\u0142asnego ryzyka zwi\u0105zanego z prowadzeniem dzia\u0142alno\u015bci gospodarczej.<\/td>\n<\/tr>\n<\/tbody>\n<\/table>\n<p>Obie listy kryteri\u00f3w nie powinny by\u0107 traktowane jako wyczerpuj\u0105ce - mo\u017cna doda\u0107 inne cechy. Dzia\u0142alno\u015b\u0107 nale\u017cy sklasyfikowa\u0107 jako samozatrudnienie lub fikcyjne samozatrudnienie, je\u015bli jest to oczywiste na podstawie<span>\u00a0<\/span><strong>Og\u00f3lna ocena kryteri\u00f3w<\/strong><span>\u00a0<\/span>wyniki.<\/p>\n<h2>Mo\u017cliwe badanie za pomoc\u0105 procedury okre\u015blania statusu<\/h2>\n<p>W celu sprawdzenia, czy dane zatrudnienie jest samozatrudnieniem lub zatrudnieniem zale\u017cnym, mo\u017cliwe jest z\u0142o\u017cenie tzw.<span>\u00a0<\/span><strong>Procedura okre\u015blania statusu<\/strong><span>\u00a0<\/span>z niemieckim federalnym systemem ubezpiecze\u0144 emerytalnych. Status ubezpieczenia spo\u0142ecznego jest wyja\u015bniany w ramach tej procedury. Je\u015bli klient lub zleceniobiorca nie zgadza si\u0119 z decyzj\u0105 podj\u0119t\u0105 w ramach procedury ustalania statusu, mo\u017cliwe jest z\u0142o\u017cenie sprzeciwu wobec niej.<\/p>\n<h2>Jakie s\u0105 konsekwencje fa\u0142szywego samozatrudnienia?<\/h2>\n<p>Wenn sich im Nachhinein herausstellt, dass es sich bei dem Auftragnehmer nicht um einen \u201eechten\" Selbstst\u00e4ndigen, sondern um einen Scheinselbstst\u00e4ndigen handelt, dann ist der vermeintlich selbstst\u00e4ndige Auftragnehmer als<span>\u00a0<\/span><strong>Pracownik<\/strong><span>\u00a0<\/span>klienta i b\u0119dzie<span>\u00a0<\/span><strong>podlega sk\u0142adkom na ubezpieczenie spo\u0142eczne<\/strong>. W zwi\u0105zku z tym klientowi gro\u017c\u0105 wysokie zaleg\u0142e sk\u0142adki na ubezpieczenie spo\u0142eczne. Umy\u015blne niep\u0142acenie sk\u0142adek na ubezpieczenie spo\u0142eczne jest nawet niezgodne z prawem na mocy<span>\u00a0<\/span><strong>\u00a7 266a StGB podlega karze<\/strong>.<\/p>\n<p>Niezale\u017cnie od klasyfikacji zgodnie z prawem ubezpiecze\u0144 spo\u0142ecznych, nale\u017cy oceni\u0107, czy fa\u0142szywa osoba samozatrudniona mo\u017ce r\u00f3wnie\u017c domaga\u0107 si\u0119 praw pracowniczych, takich jak p\u0142atny urlop, ci\u0105g\u0142o\u015b\u0107 wyp\u0142aty wynagrodzenia w przypadku choroby lub ochrona przed zwolnieniem. W razie w\u0105tpliwo\u015bci decyzj\u0119 w tej sprawie musz\u0105 podj\u0105\u0107 s\u0105dy.<\/p>\n<h2>Lista kontrolna: Jak unikn\u0105\u0107 fa\u0142szywego samozatrudnienia od samego pocz\u0105tku?<\/h2>\n<p>Wer f\u00fcr bestimmte T\u00e4tigkeiten Subunternehmer oder freie Mitarbeiter einsetzt, sollte von Beginn an darauf achten und die Zusammenarbeit so gestalten, dass es sich dabei um eine \u201eechte\" Selbstst\u00e4ndigkeit handelt.<\/p>\n<p><strong>Klienci NIE powinni dyktowa\u0107 wykonawcy:<\/strong><\/p>\n<ul>\n<li>Nie ustalaj sta\u0142ych godzin pracy<\/li>\n<li>Nie przypisuj sta\u0142ego stanowiska pracy w firmie<\/li>\n<li>Nie wyp\u0142acaj sta\u0142ej miesi\u0119cznej pensji - ale wynagradzaj zgodnie z jego us\u0142ugami lub wynikami pracy.<\/li>\n<\/ul>\n<p><strong>Klienci NIE powinni r\u00f3wnie\u017c zobowi\u0105zywa\u0107 do tego wykonawc\u00f3w:<\/strong><\/p>\n<ul>\n<li>Musi przestrzega\u0107 wszystkich instrukcji klienta<\/li>\n<li>Mo\u017ce pracowa\u0107 tylko dla jednego klienta<\/li>\n<li>\u017be musi wykonywa\u0107 swoj\u0105 prac\u0119 w odzie\u017cy firmowej klienta<\/li>\n<\/ul>\n<p>Og\u00f3lnie rzecz bior\u0105c, klienci powinni upewni\u0107 si\u0119, \u017ce wykonawca nie jest zintegrowany z organizacj\u0105 firmy jak pracownik i \u017ce nie dzia\u0142a na zewn\u0105trz jak pracownik klienta.<\/p>\n<h2>Wnioski<\/h2>\n<p>Je\u015bli wsp\u00f3\u0142praca z podwykonawc\u0105 oka\u017ce si\u0119 pseudo samozatrudnieniem, klient nie mo\u017ce powo\u0142ywa\u0107 si\u0119 na fakt, \u017ce umowa z podwykonawc\u0105 stanowi, \u017ce praca zosta\u0142a wykonana niezale\u017cnie. Decyduj\u0105cym czynnikiem jest to, czy faktyczn\u0105 wsp\u00f3\u0142prac\u0119 jako ca\u0142o\u015b\u0107 nale\u017cy oceni\u0107 jako zatrudnienie zale\u017cne.<\/p>\n<p>Fa\u0142szywe osoby samozatrudnione nale\u017cy klasyfikowa\u0107 jako pracownik\u00f3w zale\u017cnych, za kt\u00f3rych klient musi op\u0142aca\u0107 sk\u0142adki na ubezpieczenie spo\u0142eczne. W pewnych okoliczno\u015bciach fa\u0142szywa osoba samozatrudniona mo\u017ce nawet domaga\u0107 si\u0119 dalszych praw pracowniczych.<\/p>\n<div><strong>W ten spos\u00f3b Global Business Recruiting chroni klient\u00f3w:<\/strong><span>\u00a0<\/span>Wszyscy podwykonawcy s\u0105 zatrudniani na podstawie zgodnych z prawem um\u00f3w o prac\u0119, kt\u00f3re s\u0105 sporz\u0105dzane przez prawnik\u00f3w. Struktura umowy zapewnia, \u017ce rzeczywista wsp\u00f3\u0142praca spe\u0142nia cechy prawdziwego samozatrudnienia - i \u017ce nie ma pseudo-samozatrudnienia.<span>\u00a0<\/span><a href=\"https:\/\/global-business-recruiting.de\/pl\/zapytanie\/\">Zapytaj teraz bez zobowi\u0105za\u0144 \u2192<\/a><\/div>\n<h2>Powi\u0105zane artyku\u0142y<\/h2>\n<ul>\n<li><a href=\"https:\/\/global-business-recruiting.de\/pl\/wiedziec\/leasing-pracowniczy-a-podwykonawstwo\/\">Praca tymczasowa a podwykonawstwo - r\u00f3\u017cnice i rozr\u00f3\u017cnienie<\/a><\/li>\n<li><a href=\"https:\/\/global-business-recruiting.de\/pl\/wiedziec\/generalny-wykonawca-podwykonawca\/\">Generalny wykonawca a podwykonawca - prawa i obowi\u0105zki<\/a><\/li>\n<li><a href=\"https:\/\/global-business-recruiting.de\/pl\/wiedziec\/certyfikat-a1\/\">Za\u015bwiadczenie A1 - obowi\u0105zkowe w przypadku delegowania za granic\u0119<\/a><\/li>\n<li><a href=\"https:\/\/global-business-recruiting.de\/pl\/uslugi\/umowa-o-prace\/\">Nasza us\u0142uga: Zgodne z prawem umowy o dzie\u0142o<\/a><\/li>\n<li><a href=\"https:\/\/global-business-recruiting.de\/pl\/uslugi\/umieszczenie-podwykonawcy\/\">Nasza us\u0142uga: Pozyskiwanie podwykonawc\u00f3w<\/a><\/li>\n<\/ul>\n<\/article>\n<div><\/div>\n<\/div><\/div><\/div><\/div><\/div><\/div><\/section>","protected":false},"excerpt":{"rendered":"Auftraggeber, die Subunternehmer auf Werkvertragsbasis oder externe Dienstleister einsetzen, sollten eine sogenannte Scheinselbstst\u00e4ndigkeit unbedingt vermeiden. H\u00e4ufig kommt es vor, dass Betriebe f\u00fcr die Ausf\u00fchrung bestimmter T\u00e4tigkeiten statt eigenem Personal eine Fremdfirma als Subunternehmer beauftragen. Dabei ist es wichtig, dass Auftraggeber die Zusammenarbeit von Beginn an so gestalten, dass eine Scheinselbstst\u00e4ndigkeit ausgeschlossen ist. Wie wird Scheinselbstst\u00e4ndigkeit...","protected":false},"author":1,"featured_media":10534,"parent":9347,"menu_order":0,"comment_status":"closed","ping_status":"closed","template":"","meta":{"_acf_changed":false,"footnotes":""},"class_list":["post-9746","page","type-page","status-publish","has-post-thumbnail","hentry"],"acf":[],"_links":{"self":[{"href":"https:\/\/global-business-recruiting.de\/pl\/wp-json\/wp\/v2\/pages\/9746","targetHints":{"allow":["GET"]}}],"collection":[{"href":"https:\/\/global-business-recruiting.de\/pl\/wp-json\/wp\/v2\/pages"}],"about":[{"href":"https:\/\/global-business-recruiting.de\/pl\/wp-json\/wp\/v2\/types\/page"}],"author":[{"embeddable":true,"href":"https:\/\/global-business-recruiting.de\/pl\/wp-json\/wp\/v2\/users\/1"}],"replies":[{"embeddable":true,"href":"https:\/\/global-business-recruiting.de\/pl\/wp-json\/wp\/v2\/comments?post=9746"}],"version-history":[{"count":7,"href":"https:\/\/global-business-recruiting.de\/pl\/wp-json\/wp\/v2\/pages\/9746\/revisions"}],"predecessor-version":[{"id":11090,"href":"https:\/\/global-business-recruiting.de\/pl\/wp-json\/wp\/v2\/pages\/9746\/revisions\/11090"}],"up":[{"embeddable":true,"href":"https:\/\/global-business-recruiting.de\/pl\/wp-json\/wp\/v2\/pages\/9347"}],"wp:featuredmedia":[{"embeddable":true,"href":"https:\/\/global-business-recruiting.de\/pl\/wp-json\/wp\/v2\/media\/10534"}],"wp:attachment":[{"href":"https:\/\/global-business-recruiting.de\/pl\/wp-json\/wp\/v2\/media?parent=9746"}],"curies":[{"name":"wp","href":"https:\/\/api.w.org\/{rel}","templated":true}]}}