{"id":9784,"date":"2026-03-11T06:35:10","date_gmt":"2026-03-11T06:35:10","guid":{"rendered":"https:\/\/global-business-recruiting.de\/?page_id=9784"},"modified":"2026-03-29T12:45:11","modified_gmt":"2026-03-29T12:45:11","slug":"historia-i-rozwoj-spawania","status":"publish","type":"page","link":"https:\/\/global-business-recruiting.de\/pl\/wissen\/schweissen-geschichte-und-entstehung\/","title":{"rendered":"Spawanie - historia i rozw\u00f3j"},"content":{"rendered":"<section class=\"l-section wpb_row height_custom\"><div class=\"l-section-h i-cf\"><div class=\"g-cols vc_row via_grid cols_1 laptops-cols_inherit tablets-cols_inherit mobiles-cols_1 valign_top type_default stacking_default\"><div class=\"wpb_column vc_column_container\"><div class=\"vc_column-inner\"><div class=\"wpb_text_column\"><div class=\"wpb_wrapper\"><p>Podczas gdy spawanie jest obecnie integraln\u0105 cz\u0119\u015bci\u0105 wielu codziennych zada\u0144, musia\u0142o rozpocz\u0105\u0107 si\u0119 w historii, a nast\u0119pnie przej\u015b\u0107 przez r\u00f3\u017cne etapy rozwoju. Tylko w ten spos\u00f3b, metod\u0105 pr\u00f3b i b\u0142\u0119d\u00f3w, sta\u0142o si\u0119 tym, co znamy dzisiaj.<\/p>\n<p>Spawanie jako proces \u0142\u0105czenia element\u00f3w nie jest niczym nowym. Dzi\u015b my\u015blimy o przemy\u015ble motoryzacyjnym, stoczniowym i in\u017cynierii mechanicznej, je\u015bli chodzi o spawanie. Nic z tych rzeczy nie istnia\u0142o w przesz\u0142o\u015bci, ale nawet wtedy rzeczy musia\u0142y by\u0107 \u0142\u0105czone, a po\u0142\u0105czenie musia\u0142o by\u0107 dobrej jako\u015bci, a przede wszystkim bardzo trwa\u0142e.<\/p>\n<p>Znaleziska z grobowc\u00f3w Sumer\u00f3w dowodz\u0105, \u017ce w tym czasie materia\u0142y by\u0142y ju\u017c \u0142\u0105czone za pomoc\u0105 technik spawalniczych. Oczywi\u015bcie spawanie nie by\u0142o tak dobrze rozwini\u0119te jak dzi\u015b. Mo\u017cna je raczej postrzega\u0107 jako twarde lutowanie z\u0142ota, srebra i miedzi. W rzeczywisto\u015bci lutowanie jest jednym z najstarszych znanych proces\u00f3w \u0142\u0105czenia termicznego. Po lutowaniu twardym nast\u0105pi\u0142o spawanie ogniowe, kt\u00f3re by\u0142o wykorzystywane do produkcji broni, narz\u0119dzi, artefakt\u00f3w i innych rzeczy z metalu. Technika ta by\u0142a stosowana 3000 lat temu i jest faktycznym prekursorem tego, co dzi\u015b znamy jako spawanie r\u0119czne.<\/p>\n<h2>Spawanie ogniowe<\/h2>\n<p>Auch das Wort \u201eSchwei\u00dfen\" ist sehr wahrscheinlich auf das Feuerschwei\u00dfen zur\u00fcckzuf\u00fchren. Schwei\u00dfen kommt von Schwei\u00df, von Schwitzen. Das Feuerschwei\u00dfen wurde in einem Schmiedefeuer betrieben und dabei \u201eschwitzte\" die Oberfl\u00e4che der Werkst\u00fccke, was dann die Verbindung bewirkte. Tats\u00e4chlich sollte f\u00fcr eine sehr lange Zeit das Feuerschwei\u00dfen die einzige Schwei\u00dfmethode bleiben. Erst als mit Sauerstoff und Brenngasen Flammen erzeugt werden konnten, die eine viel h\u00f6here Energie aufwiesen, entwickelten sich neue Schwei\u00dfmethoden. W\u00e4hrend beim Feuerschwei\u00dfen ein wenig Hitze und viel Druck zum Einsatz kamen, konnten die hei\u00dferen Flammen des neuen Schwei\u00dfens auf den Druck verzichten. Damit war das Gasschwei\u00dfen als eine erst Form des Schmelzschwei\u00dfens geboren und wurde 1840 zum ersten Mal genutzt.<\/p>\n<h2>Ci\u0119cie p\u0142omieniowe<\/h2>\n<p>Ci\u0119cie p\u0142omieniowe pojawi\u0142o si\u0119 w latach 1901-1905 i r\u00f3wnie\u017c sta\u0142o si\u0119 wa\u017cnym procesem. Spawanie \u0142ukowe i oporowe pojawi\u0142o si\u0119 w latach 40. ubieg\u0142ego wieku. Spawanie w os\u0142onie gazu sta\u0142o si\u0119 popularne w przypadku metali nie\u017celaznych.<\/p>\n<p>W 1946 r. do\u0142\u0105czy\u0142o do niego spawanie TIG, kt\u00f3re rozwin\u0119\u0142o si\u0119 ze spawania \u0142ukiem w\u0119glowym. Spawanie MIG zosta\u0142o wprowadzone w 1948 roku, a spawanie \u0142ukowe w os\u0142onie gaz\u00f3w MAG jest nadal jednym z najcz\u0119\u015bciej stosowanych proces\u00f3w spawalniczych.<\/p>\n<p>Spawanie istnia\u0142o zatem od kilku tysi\u0105cleci, a Sumerowie i Hetyci zapocz\u0105tkowali je w 3. tysi\u0105cleciu p.n.e.. Jednak jego szybki rozw\u00f3j w kierunku tego, co znamy dzisiaj, rozpocz\u0105\u0142 si\u0119 dopiero w XIX wieku, kiedy og\u00f3lny post\u0119p doprowadzi\u0142 do opracowania nowych proces\u00f3w spawalniczych.<\/p>\n<h2>Spawanie ogniowe i m\u0142otkowe<\/h2>\n<p>Spawanie ogniowe i m\u0142otkowe rozpocz\u0119\u0142o si\u0119 oko\u0142o 1500 lat przed Chrystusem. Mo\u017cna je prze\u015bledzi\u0107 wstecz do tego czasu w Azji Mniejszej i by\u0142o u\u017cywane do \u0142\u0105czenia materia\u0142\u00f3w metalowych. Tylko dzi\u0119ki spawaniu ogniowemu mo\u017cliwe by\u0142o wytwarzanie narz\u0119dzi, sprz\u0119tu rolniczego, broni i krat w ku\u017aniach od pocz\u0105tku epoki \u017celaza do XIX wieku.<\/p>\n<p>Z biegiem lat spawanie ogniowe sta\u0142o si\u0119 elementem bardzo skomplikowanych proces\u00f3w, kt\u00f3re obejmowa\u0142y r\u00f3wnie\u017c kucie \u017celaza g\u0105bczastego, garbowanie, czyli czyszczenie \u017celaza i kilkukrotne sk\u0142adanie \u017celaza. Po tych etapach nast\u0119powa\u0142 proces spawania ogniowego.<\/p>\n<h2>Spawanie gazowe<\/h2>\n<p>Acetylen zosta\u0142 odkryty przez Edmunda Davy'ego w 1836 roku. Ponadto Carl von Linde opracowa\u0142 metod\u0119 skraplania powietrza w 1895 roku. Obie te metody umo\u017cliwi\u0142y wytwarzanie p\u0142omieni o bardzo wysokiej energii. To z kolei przyczyni\u0142o si\u0119 do post\u0119pu w spawalnictwie, umo\u017cliwiaj\u0105c spawanie.<\/p>\n<p>W przypadku p\u0142omienia zasilanego acetylenem i tlenem mo\u017cna by\u0142o osi\u0105gn\u0105\u0107 temperatur\u0119 ponad 3000 \u00b0C. By\u0142o to o 500 \u00b0C wi\u0119cej ni\u017c w przypadku p\u0142omienia wykonanego z mieszaniny tlenu i wodoru. By\u0142o to o 500 \u00b0C wi\u0119cej ni\u017c w przypadku p\u0142omienia wykonanego z mieszaniny tlenu i wodoru. Utorowa\u0142o to drog\u0119 dla palnika spawalniczego, kt\u00f3ry wyznaczy\u0142 pocz\u0105tek spawania gazowego, nawet je\u015bli pocz\u0105tkowo by\u0142o ono nadal okre\u015blane jako spawanie tlenowo-paliwowe.<\/p>\n<p>Nast\u0119pnie Chemische Fabrik Griesheim-Elektron i Dr\u00e4gerwerk L\u00fcbeck, Heinr. &amp; Berh. Dr\u00e4ger dalej rozwija\u0142y technologi\u0119 spawania gazowego. Doprowadzi\u0142o to do opracowania palnika tlenowo-wodorowego do spawania i ci\u0119cia w 1896 r., a nast\u0119pnie palnika Dr\u00e4ger do spawania tlenowo-wodorowego w 1900 i 1901 r. We wsp\u00f3\u0142pracy z Ernstem Wissem z Chemische Fabrik Griesheim-Elektron powsta\u0142a grupa robocza, kt\u00f3ra nast\u0119pnie dalej rozwija\u0142a techniki spawania i ci\u0119cia.<\/p>\n<h2>Spawanie \u0142ukowe<\/h2>\n<p>Kolejny post\u0119p umo\u017cliwi\u0142 pojawienie si\u0119 spawania \u0142ukowego lub spawania elektrycznego. Polega\u0142o to na odkryciu \u0142uku elektrycznego i rozpocz\u0119ciu przemys\u0142owego wytwarzania energii elektrycznej. Umo\u017cliwi\u0142o to wykorzystanie tej energii elektrycznej i generowanego przez ni\u0105 \u0142uku do spawania.<\/p>\n<p>To Niko\u0142aj Niko\u0142ajewicz Benardos i Stanis\u0142aw Olszewski jako pierwsi zastosowali \u0142uk elektryczny do spawania. Wykorzystali oni dwie elektrody w\u0119glowe do wytworzenia odpowiedniej temperatury \u0142uku.<\/p>\n<p>Nikolai Gavrilovich Slavyanov nast\u0119pnie rozwin\u0105\u0142 ten proces. W 1891 roku zacz\u0105\u0142 zast\u0119powa\u0107 elektrody w\u0119glowe metalowym pr\u0119tem. By\u0142 on nie tylko no\u015bnikiem \u0142uku, ale s\u0142u\u017cy\u0142 r\u00f3wnie\u017c jako spoiwo spawalnicze. Jednak elektrody pr\u0119towe, kt\u00f3re zosta\u0142y stworzone w ten spos\u00f3b, nie by\u0142y pocz\u0105tkowo powlekane. Oznacza\u0142o to, \u017ce nie by\u0142o \u0142atwo chroni\u0107 punkt spawania przed powietrzem i zwi\u0105zanym z nim utlenianiem. To nadal sprawia\u0142o, \u017ce ta forma spawania by\u0142a na pocz\u0105tku pewnym wyzwaniem.<\/p>\n<p>Zosta\u0142o to naprawione w 1907 roku przez Oscara Kjellberga. Wpad\u0142 on na pomys\u0142 poprawienia w\u0142a\u015bciwo\u015bci \u0142uku spawalniczego poprzez pokrycie metalowych elektrod pr\u0119towych. Oznacza\u0142o to r\u00f3wnie\u017c, \u017ce jeziorko spawalnicze by\u0142o chronione przed tlenem atmosferycznym.<\/p>\n<p>Doprowadzi\u0142o to do opracowania r\u00f3\u017cnych pow\u0142ok do spawania elektrodami, kt\u00f3re r\u00f3wnie\u017c odpowiada\u0142y w\u0142a\u015bciwo\u015bciom metalurgicznym materia\u0142u. Doprowadzi\u0142o to do tego, \u017ce r\u0119czne spawanie \u0142ukowe przy u\u017cyciu powlekanych elektrod sztyftowych sta\u0142o si\u0119 standardowym procesem spawania.<\/p>\n<h2>Spawanie TIG<\/h2>\n<p>Istnia\u0142 jednak powa\u017cny problem z ca\u0142ym opracowanym w\u00f3wczas spawaniem. Nikt nie m\u00f3g\u0142 spawa\u0107 magnezu, poniewa\u017c metal ten by\u0142 wysoce \u0142atwopalny. Pozostawa\u0142 taki nawet wtedy, gdy by\u0142 w stopie. Russel Meredith z Northrop Aircraft pr\u00f3bowa\u0142 wi\u0119c opracowa\u0107 proces, kt\u00f3ry zapobiega\u0142by zap\u0142onowi magnezu.<\/p>\n<p>W swoim procesie spawania u\u017cywa\u0142 elektrody wykonanej z wolframu i helu jako gazu os\u0142onowego TIG. Meredith nazwa\u0142 go Heliarc, ale spawanie TIG sta\u0142o si\u0119 znane jako spawanie gazem oboj\u0119tnym wolframu.<\/p>\n<p>Na przestrzeni lat w spawaniu TIG wprowadzono wiele ulepsze\u0144. Obejmowa\u0142y one ch\u0142odzenie wod\u0105 i zastosowanie dysz gazu os\u0142onowego. Ulepszono r\u00f3wnie\u017c sk\u0142ad elektrod i \u017ar\u00f3d\u0142a zasilania. To ostatnie doprowadzi\u0142o w szczeg\u00f3lno\u015bci do na\u0142o\u017cenia napi\u0119cia spawania na napi\u0119cie o wysokiej cz\u0119stotliwo\u015bci. Umo\u017cliwi\u0142o to r\u00f3wnie\u017c spawanie aluminium pr\u0105dem zmiennym.<\/p>\n<h2>Spawanie \u0142ukowe gaz-metal<\/h2>\n<p>Im Jahre 1935 wurde ein wichtiges Patent unter dem Namen \u201eImprovements in Electric Arc Welding\" in Gro\u00dfbritannien angemeldet. Dabei wurde ein Vorschubmotor genutzt, um eine Spule zu betreiben, welche gleichm\u00e4\u00dfig eine Drahtelektrode nachf\u00fchrte.<\/p>\n<p>Perry J. Rieppel zbudowa\u0142 na tym sw\u00f3j patent, kt\u00f3ry zarejestrowa\u0142 w USA w 1948 roku. Po\u0142\u0105czy\u0142 spawanie \u0142ukowe z cewk\u0105 elektryczn\u0105 i \u015bledzeniem elektrody za pomoc\u0105 gazu os\u0142onowego. Zastosowano gazy oboj\u0119tne, takie jak argon i hel. Dlatego jest ono r\u00f3wnie\u017c okre\u015blane jako spawanie argonem lub spawanie helem.<\/p>\n<p>Rieppel selbst verwendete \u201eShielded Arc Welding\" als Bezeichnung f\u00fcr sein Verfahren. Daraus wurde dann die Bezeichnung SIGMA-Schwei\u00dfen, f\u00fcr \u201eShelded inert gas metal arc\", solange inerte Gase verwendet wurden.<\/p>\n<p>W Zwi\u0105zku Radzieckim in\u017cynierowie N.M. Novozhilov i K.V. Liubavskii pracowali nad tym problemem, wykorzystuj\u0105c CO2 jako ochron\u0119. Doprowadzi\u0142o ich to do opracowania w latach 50. specjalnych drut\u00f3w, kt\u00f3rych w\u0142a\u015bciwo\u015bci wyr\u00f3wnywa\u0142y przepalenia. Umo\u017cliwi\u0142o to spawanie CO2 lub MAG, tj. spawanie metalami aktywnymi w gazie, co pozwoli\u0142o uzyska\u0107 spoiny o odpowiedniej jako\u015bci.<\/p>\n<p>Spawanie \u0142ukowe gaz-metal by\u0142o nast\u0119pnie dalej rozwijane. Na przyk\u0142ad, kontrolowane \u017ar\u00f3d\u0142a pr\u0105du umo\u017cliwi\u0142y sterowanie procesem osadzania w ukierunkowany spos\u00f3b. Impulsy pr\u0105dowe kontrolowa\u0142y transfer materia\u0142u. Umo\u017cliwi\u0142o to zmniejszenie ilo\u015bci ciep\u0142a wprowadzanego do materia\u0142\u00f3w podczas spawania gazem os\u0142onowym i zwi\u0119kszenie szybko\u015bci osadzania, co poprawi\u0142o wydajno\u015b\u0107.<\/p>\n<h2>Spawanie impulsowe<\/h2>\n<p>Spawanie MIG\/MAG prowadzi do nier\u00f3wnomiernego przenoszenia materia\u0142u, gdy u\u017cywany jest kr\u00f3tki \u0142uk. Spawanie impulsowe zosta\u0142o wprowadzone, aby oderwanie kropli stopionego materia\u0142u mog\u0142o by\u0107 specjalnie kontrolowane. W tym przypadku stosowane s\u0105 impulsy pr\u0105dowe, w kt\u00f3rych jedna kropla jest odrywana na raz ze wzgl\u0119du na wzrost nat\u0119\u017cenia pr\u0105du.<\/p>\n<p>Pocz\u0105tkowo do tego procesu wykorzystywano dwa \u017ar\u00f3d\u0142a zasilania. Jednak wraz z pojawieniem si\u0119 kontrolowanych \u017ar\u00f3de\u0142 zasilania, jedno takie \u017ar\u00f3d\u0142o by\u0142o w stanie przej\u0105\u0107 ca\u0142e zadanie.<\/p>\n<p>Auch hier wiederum blieb die Entwicklung nicht stehen. So wurde in \u00d6sterreich im Jahre 2005 das CMT-Schwei\u00dfen, das \u201eCold metal transfer\", zur Einsatzbereitschaft entwickelt. Dabei wird der Schwei\u00dfstrom gepulst und der Zusatzdraht vor und zur\u00fcckbewegt, wobei eine hohe Frequenz eingehalten wird. Das erlaubt, eine gezielte Tropfenabl\u00f6sung zu gew\u00e4hrleisten. Zugleich wird der Energiebedarf verringert und die W\u00e4rmeeinbringung in den Werkstoff reduziert.<\/p>\n<p>Proces Cold-Arc zosta\u0142 r\u00f3wnie\u017c opracowany w 2005 roku. R\u00f3wnie\u017c w tym przypadku celem jest zminimalizowanie dop\u0142ywu ciep\u0142a. Wszystkie interwencje procesowe s\u0105 przejmowane przez \u017ar\u00f3d\u0142o zasilania. W tym celu wykorzystywany jest sta\u0142y posuw drutu. Mo\u017cna do tego wykorzysta\u0107 zwyk\u0142e palniki spawalnicze.<\/p>\n<h2>Spawanie T.I.M.E.<\/h2>\n<p>Das T.I.M.E.-Schwei\u00dfen, welches f\u00fcr \u201eTransferred ionized molten energy\" steht, dient der Erh\u00f6hung der gesamten Abschmelzleistung. Es nutzt das Schutzgasschwei\u00dfen mit einem abschmelzenden Draht als Grundlage. Mit besonderen Gasgemischen wird eine gleichbleibende Qualit\u00e4t sichergestellt, w\u00e4hrend die Produktivit\u00e4t dank h\u00f6herer Abschmelzleistung steigt.<\/p>\n<h2>Zgrzewanie oporowe<\/h2>\n<p>Pierwsze wzmianki o zgrzewaniu oporowym pojawi\u0142y si\u0119 w 1766 roku. Podj\u0119to w\u00f3wczas pr\u00f3b\u0119 zgrzania krzemiennych kulek za pomoc\u0105 wy\u0142adowania kondensatora. Nast\u0119pnie w 1782 r. zgrzano spr\u0119\u017cyn\u0119 zegarka z ostrzem no\u017ca przy u\u017cyciu tzw. sztucznej elektryczno\u015bci.<\/p>\n<p>Dopiero w 1857 r. ponownie zastosowano zgrzewanie oporowe, kt\u00f3re zosta\u0142o zademonstrowane przez Jamesa Prescotta Joule'a jako proces \u0142\u0105czenia. Doprowadzi\u0142o to do pracy Elihu Thomsona, kt\u00f3ry rozpocz\u0105\u0142 swoj\u0105 prac\u0119 w 1877 roku i z\u0142o\u017cy\u0142 wniosek o dwa patenty w 1886 roku, kt\u00f3re koncentrowa\u0142y si\u0119 na zgrzewaniu doczo\u0142owym drut\u00f3w metalowych.<\/p>\n<p>Henry F.A. Kleinschmidt pom\u00f3g\u0142 nast\u0119pnie zgrzewaniu oporowemu osi\u0105gn\u0105\u0107 prze\u0142om w 1897 r. za pomoc\u0105 elektrod miedzianych. Wpad\u0142 r\u00f3wnie\u017c na pomys\u0142 wykorzystania wyst\u0119p\u00f3w spawalniczych do zgrzewania oporowego w celu spawania blach na szynach. Doprowadzi\u0142o to do opracowania w 1910 r. metody zgrzewania oporowego i zgrzewania rolkowego. W rezultacie zgrzewanie oporowe by\u0142o szeroko stosowane w przemy\u015ble od 1930 roku.<\/p>\n<h2>Spawanie w\u0105skich szczelin<\/h2>\n<p>Spawanie w\u0105skoszczelinowe jest stosowane do spawania szczeg\u00f3lnie grubych blach. Zwykle wymagaj\u0105 one rozleg\u0142ego i z\u0142o\u017conego przygotowania spoiny. Aby umo\u017cliwi\u0107 spawanie ca\u0142ej kraw\u0119dzi, tworzone jest z\u0142\u0105cze w kszta\u0142cie litery V.<\/p>\n<p>Chocia\u017c przygotowanie szwu jest nadal konieczne w przypadku techniki w\u0105skiej szczeliny, mo\u017cna je znacznie zmniejszy\u0107. Wynika to z faktu, \u017ce wyra\u017ane V nie jest ju\u017c wymagane. Boki mog\u0105 le\u017ce\u0107 niemal r\u00f3wnolegle do siebie. Oznacza to, \u017ce mo\u017cna spawa\u0107 blachy o grubo\u015bci do 300 mm.<\/p>\n<p>Znacznie zredukowany w ten spos\u00f3b k\u0105t rozwarcia nie tylko zmniejsza czas przygotowania spoiny. Oszcz\u0119dza r\u00f3wnie\u017c materia\u0142y wype\u0142niaj\u0105ce i ilo\u015b\u0107 wymaganego gazu os\u0142onowego. Wymagana jest r\u00f3wnie\u017c mniejsza liczba \u015bcieg\u00f3w spawalniczych. To z kolei skraca czas procesu spawania.<\/p>\n<h2>Spawanie \u0142ukowe ko\u0142k\u00f3w<\/h2>\n<p>Prace, kt\u00f3re doprowadzi\u0142y do spawania \u0142ukowego ko\u0142k\u00f3w rozpocz\u0119\u0142y si\u0119 ju\u017c w 1915 r. w Wielkiej Brytanii przez Harolda Martina. Z\u0142o\u017cy\u0142 on wniosek patentowy w 1920 roku, zgodnie z kt\u00f3rym \u0142uk elektryczny jest generowany mi\u0119dzy ko\u0142kiem a metalow\u0105 p\u0142yt\u0105. \u0141uk jest utrzymywany przez okre\u015blony czas, kt\u00f3ry mo\u017cna regulowa\u0107. Na koniec \u015bruba jest zanurzana w stopionej k\u0105pieli za pomoc\u0105 si\u0142y elektrycznej, mechanicznej lub pneumatycznej.<\/p>\n<p>W latach 40. ubieg\u0142ego wieku Ted Nelson pracowa\u0142 nad uproszczeniem po\u0142\u0105cze\u0144 \u015brubowych, kt\u00f3re by\u0142y u\u017cywane do mocowania drewnianych desek bezpo\u015brednio do stalowych p\u0142yt. Do tego czasu stosowano w tym celu spawanie pachwinowe. Zast\u0105pi\u0142 to gwintowan\u0105 \u015brub\u0105, kt\u00f3ra zosta\u0142a stopiona \u0142ukiem elektrycznym. Nast\u0119pnie urz\u0105dzenie spawalnicze zanurza\u0142o j\u0105 w roztopionym jeziorku. Za pomoc\u0105 uchwytu i elektromagnes\u00f3w ko\u0142ek by\u0142 podnoszony i utrzymywany tak, aby uzyska\u0107 sta\u0142\u0105 d\u0142ugo\u015b\u0107 \u0142uku. Czas spawania zosta\u0142 ustawiony za pomoc\u0105 timera.<\/p>\n<h2>\u0141uk poruszany magnetycznie<\/h2>\n<p>W 1942 r. J.W. Dawson zg\u0142osi\u0142 w USA patent opisuj\u0105cy spawanie doczo\u0142owe z wykorzystaniem \u0142uku wiruj\u0105cego jako \u017ar\u00f3d\u0142a ciep\u0142a w promieniowym polu magnetycznym. Proces ten by\u0142 szeroko stosowany w latach 50. i 60. ubieg\u0142ego wieku, szczeg\u00f3lnie w Zwi\u0105zku Radzieckim. Nast\u0119pnie, w latach 70-tych, by\u0142 r\u00f3wnie\u017c stosowany w Niemczech. Jednak \u0142uk obrotowy zosta\u0142 zast\u0105piony jako \u017ar\u00f3d\u0142o ciep\u0142a do spawania doczo\u0142owego przez elektrod\u0119 pomocnicz\u0105 w kszta\u0142cie pier\u015bcienia i okre\u015blany jako spawanie MBP.<\/p>\n<h2>Wnioski<\/h2>\n<p>Spawanie rozpocz\u0119\u0142o si\u0119 od lutowanych po\u0142\u0105cze\u0144 w\u015br\u00f3d Sumer\u00f3w i Hetyt\u00f3w. Nast\u0119pnie pojawi\u0142o si\u0119 spawanie ogniowe, kt\u00f3re przez tysi\u0105ce lat by\u0142o jedyn\u0105 metod\u0105 wytwarzania metalowych narz\u0119dzi, artefakt\u00f3w i broni. Nast\u0119pnie, wraz z szybkim rozwojem przemys\u0142owym w XIX wieku, nowsze i bardziej wyrafinowane procesy spawania sta\u0142y si\u0119 szerzej stosowane. Trwa\u0142o to a\u017c do dzisiejszego rozwoju.<\/p>\n<h2>Cz\u0119sto zadawane pytania dotycz\u0105ce spawania<\/h2>\n<\/div><\/div><div class=\"w-separator size_small\"><\/div><div class=\"w-tabs style_default switch_click accordion type_togglable has_scrolling\" style=\"--sections-title-size:inherit\"><div class=\"w-tabs-sections titles-align_none icon_chevron cpos_right\"><div class=\"w-tabs-section\" id=\"f19a\" itemscope itemprop=\"mainEntity\" itemtype=\"https:\/\/schema.org\/Question\"><button class=\"w-tabs-section-header\" aria-controls=\"content-f19a\" aria-expanded=\"false\"><div class=\"w-tabs-section-title\" itemprop=\"name\">Jaki jest najstarszy znany proces spawania?<\/div><div class=\"w-tabs-section-control\"><\/div><\/button><div  class=\"w-tabs-section-content\" id=\"content-f19a\" itemscope itemprop=\"acceptedAnswer\" itemtype=\"https:\/\/schema.org\/Answer\"><div class=\"w-tabs-section-content-h i-cf\" itemprop=\"text\"><div class=\"wpb_text_column\"><div class=\"wpb_wrapper\"><p>Najstarszym znanym procesem \u0142\u0105czenia termicznego jest lutowanie twarde, kt\u00f3re, jak udowodniono, by\u0142o stosowane przez Sumer\u00f3w. Za rzeczywisty proces spawania uwa\u017ca si\u0119 spawanie p\u0142omieniowe, kt\u00f3re po raz pierwszy zosta\u0142o zastosowane oko\u0142o 3000 lat temu i jest uwa\u017cane za prekursora wsp\u00f3\u0142czesnego spawania r\u0119cznego.<\/p>\n<\/div><\/div><\/div><\/div><\/div><div class=\"w-tabs-section\" id=\"p269\" itemscope itemprop=\"mainEntity\" itemtype=\"https:\/\/schema.org\/Question\"><button class=\"w-tabs-section-header\" aria-controls=\"content-p269\" aria-expanded=\"false\"><div class=\"w-tabs-section-title\" itemprop=\"name\">Kiedy wynaleziono spawanie \u0142ukowe?<\/div><div class=\"w-tabs-section-control\"><\/div><\/button><div  class=\"w-tabs-section-content\" id=\"content-p269\" itemscope itemprop=\"acceptedAnswer\" itemtype=\"https:\/\/schema.org\/Answer\"><div class=\"w-tabs-section-content-h i-cf\" itemprop=\"text\"><div class=\"wpb_text_column\"><div class=\"wpb_wrapper\"><p>Spawanie \u0142ukowe zosta\u0142o opracowane pod koniec XIX wieku. Niko\u0142aj Benardos i Stanis\u0142aw Olszewski jako pierwsi u\u017cyli \u0142uku do spawania. Nikolai Slavyanov zast\u0105pi\u0142 elektrod\u0119 w\u0119glow\u0105 metalowym pr\u0119tem w 1891 roku - kamie\u0144 w\u0119gielny pod nowoczesne spawanie \u0142ukiem elektrycznym.<\/p>\n<\/div><\/div><\/div><\/div><\/div><div class=\"w-tabs-section\" id=\"e334\" itemscope itemprop=\"mainEntity\" itemtype=\"https:\/\/schema.org\/Question\"><button class=\"w-tabs-section-header\" aria-controls=\"content-e334\" aria-expanded=\"false\"><div class=\"w-tabs-section-title\" itemprop=\"name\">Jaka jest r\u00f3\u017cnica mi\u0119dzy spawaniem MIG i MAG?<\/div><div class=\"w-tabs-section-control\"><\/div><\/button><div  class=\"w-tabs-section-content\" id=\"content-e334\" itemscope itemprop=\"acceptedAnswer\" itemtype=\"https:\/\/schema.org\/Answer\"><div class=\"w-tabs-section-content-h i-cf\" itemprop=\"text\"><div class=\"wpb_text_column\"><div class=\"wpb_wrapper\"><p>W przypadku spawania MIG (gaz oboj\u0119tny) u\u017cywany jest oboj\u0119tny gaz os\u0142onowy, taki jak argon lub hel. Spawanie MAG (gaz aktywny) wykorzystuje gaz aktywny, taki jak CO2 lub mieszanka CO2. MAG jest obecnie najcz\u0119\u015bciej stosowanym procesem spawania w przemy\u015ble.<\/p>\n<\/div><\/div><\/div><\/div><\/div><div class=\"w-tabs-section\" id=\"f3fd\" itemscope itemprop=\"mainEntity\" itemtype=\"https:\/\/schema.org\/Question\"><button class=\"w-tabs-section-header\" aria-controls=\"content-f3fd\" aria-expanded=\"false\"><div class=\"w-tabs-section-title\" itemprop=\"name\">Jakie procesy spawalnicze s\u0105 obecnie najcz\u0119\u015bciej stosowane?<\/div><div class=\"w-tabs-section-control\"><\/div><\/button><div  class=\"w-tabs-section-content\" id=\"content-f3fd\" itemscope itemprop=\"acceptedAnswer\" itemtype=\"https:\/\/schema.org\/Answer\"><div class=\"w-tabs-section-content-h i-cf\" itemprop=\"text\"><div class=\"wpb_text_column\"><div class=\"wpb_wrapper\"><p>W nowoczesnym przemy\u015ble dominuje spawanie \u0142ukowe w os\u0142onie gaz\u00f3w MAG, spawanie TIG i r\u0119czne spawanie \u0142ukowe. Spawanie oporowe jest szeroko stosowane w budowie pojazd\u00f3w. Wyb\u00f3r procesu zale\u017cy od materia\u0142u, geometrii spoiny i wymaga\u0144 jako\u015bciowych.<\/p>\n<\/div><\/div><\/div><\/div><\/div><div class=\"w-tabs-section\" id=\"f4ef\" itemscope itemprop=\"mainEntity\" itemtype=\"https:\/\/schema.org\/Question\"><button class=\"w-tabs-section-header\" aria-controls=\"content-f4ef\" aria-expanded=\"false\"><div class=\"w-tabs-section-title\" itemprop=\"name\">Gdzie Global Business Recruiting zatrudnia spawaczy?<\/div><div class=\"w-tabs-section-control\"><\/div><\/button><div  class=\"w-tabs-section-content\" id=\"content-f4ef\" itemscope itemprop=\"acceptedAnswer\" itemtype=\"https:\/\/schema.org\/Answer\"><div class=\"w-tabs-section-content-h i-cf\" itemprop=\"text\"><div class=\"wpb_text_column\"><div class=\"wpb_wrapper\"><p>Global Business Recruiting umieszcza i wysy\u0142a wykwalifikowanych pracownik\u00f3w.<span>\u00a0<\/span>Spawacz<span>\u00a0<\/span>z Europy Wschodniej do zada\u0144 w Niemczech i Europie - w przemy\u015ble, przemy\u015ble stoczniowym, in\u017cynierii instalacji i budownictwie. Nasi wykwalifikowani pracownicy s\u0105 biegli we wszystkich popularnych procesach spawalniczych.<\/p>\n<\/div><\/div><\/div><\/div><\/div><\/div><\/div><\/div><\/div><\/div><\/div><\/section>","protected":false},"excerpt":{"rendered":"W\u00e4hrend das Schwei\u00dfen heutzutage nicht mehr aus dem Alltag vieler Arbeiten wegzudenken ist, musste es in der Geschichte zuerst einmal einen Anfang nehmen und dann verschiedene Stadien der Entwicklung durchlaufen. Nur so, mit Versuch und Fehler wurde es zu dem, was wir heute kennen. Dabei ist das Schwei\u00dfen als ein Prozess, Werkst\u00fccke zu verbinden, wirklich...","protected":false},"author":1,"featured_media":10117,"parent":9347,"menu_order":0,"comment_status":"closed","ping_status":"closed","template":"","meta":{"_acf_changed":false,"footnotes":""},"class_list":["post-9784","page","type-page","status-publish","has-post-thumbnail","hentry"],"acf":[],"_links":{"self":[{"href":"https:\/\/global-business-recruiting.de\/pl\/wp-json\/wp\/v2\/pages\/9784","targetHints":{"allow":["GET"]}}],"collection":[{"href":"https:\/\/global-business-recruiting.de\/pl\/wp-json\/wp\/v2\/pages"}],"about":[{"href":"https:\/\/global-business-recruiting.de\/pl\/wp-json\/wp\/v2\/types\/page"}],"author":[{"embeddable":true,"href":"https:\/\/global-business-recruiting.de\/pl\/wp-json\/wp\/v2\/users\/1"}],"replies":[{"embeddable":true,"href":"https:\/\/global-business-recruiting.de\/pl\/wp-json\/wp\/v2\/comments?post=9784"}],"version-history":[{"count":6,"href":"https:\/\/global-business-recruiting.de\/pl\/wp-json\/wp\/v2\/pages\/9784\/revisions"}],"predecessor-version":[{"id":11209,"href":"https:\/\/global-business-recruiting.de\/pl\/wp-json\/wp\/v2\/pages\/9784\/revisions\/11209"}],"up":[{"embeddable":true,"href":"https:\/\/global-business-recruiting.de\/pl\/wp-json\/wp\/v2\/pages\/9347"}],"wp:featuredmedia":[{"embeddable":true,"href":"https:\/\/global-business-recruiting.de\/pl\/wp-json\/wp\/v2\/media\/10117"}],"wp:attachment":[{"href":"https:\/\/global-business-recruiting.de\/pl\/wp-json\/wp\/v2\/media?parent=9784"}],"curies":[{"name":"wp","href":"https:\/\/api.w.org\/{rel}","templated":true}]}}