{"id":9791,"date":"2026-03-11T09:48:20","date_gmt":"2026-03-11T09:48:20","guid":{"rendered":"https:\/\/global-business-recruiting.de\/?page_id=9791"},"modified":"2026-03-29T12:47:04","modified_gmt":"2026-03-29T12:47:04","slug":"podwykonawca-z-polski-umowa-o-dzielo","status":"publish","type":"page","link":"https:\/\/global-business-recruiting.de\/pl\/wissen\/subunternehmer-aus-polen-werkvertrag\/","title":{"rendered":"Zatrudnianie podwykonawc\u00f3w z Polski - pytania o umow\u0119 o dzie\u0142o i umow\u0119 o prac\u0119"},"content":{"rendered":"<section class=\"l-section wpb_row height_custom\"><div class=\"l-section-h i-cf\"><div class=\"g-cols vc_row via_grid cols_1 laptops-cols_inherit tablets-cols_inherit mobiles-cols_1 valign_top type_default stacking_default\"><div class=\"wpb_column vc_column_container\"><div class=\"vc_column-inner\"><div class=\"wpb_text_column\"><div class=\"wpb_wrapper\"><p>Zatrudnienie<span>\u00a0<\/span><a href=\"https:\/\/global-business-recruiting.de\/pl\/kraje\/polska\/\">Podwykonawcy z Polski<\/a><span>\u00a0<\/span>jest atrakcyjn\u0105 opcj\u0105 dla firm w Niemczech, umo\u017cliwiaj\u0105c\u0105 elastyczny dost\u0119p do si\u0142y roboczej i obni\u017cenie koszt\u00f3w. Wsp\u00f3\u0142pracuj\u0105c z polskimi podwykonawcami, nale\u017cy jednak wzi\u0105\u0107 pod uwag\u0119 aspekty prawne i umowne, w szczeg\u00f3lno\u015bci w odniesieniu do rynku pracy.<span>\u00a0<\/span><a href=\"https:\/\/global-business-recruiting.de\/pl\/wiedziec\/umowa-o-swiadczenie-uslug-a-umowa-o-dzielo\/\">Umowa o dzie\u0142o<\/a>. W tym artykule wyja\u015bnimy kilka wa\u017cnych kwestii zwi\u0105zanych z umowami o dzie\u0142o z podwykonawcami z Polski i podpowiemy, jak najlepiej si\u0119 do nich przygotowa\u0107.<\/p>\n<h2>Czym jest umowa o dzie\u0142o?<\/h2>\n<p><strong>Umowa o dzie\u0142o to umowa mi\u0119dzy klientem a podwykonawc\u0105,<\/strong><span>\u00a0<\/span>gdzie podwykonawca wykonuje okre\u015blon\u0105 prac\u0119 lub us\u0142ug\u0119. W przypadku podwykonawc\u00f3w z Polski mo\u017ce to by\u0107 np. budowa budynku, tworzenie oprogramowania czy wykonywanie prac rozliczeniowych.<\/p>\n<h2>Jakie kwestie nale\u017cy wyja\u015bni\u0107 w umowie o dzie\u0142o?<\/h2>\n<p>Tutaj dowiesz si\u0119, jakie kluczowe kwestie nale\u017cy wyja\u015bni\u0107 w umowie o dzie\u0142o i o \u015bwiadczenie us\u0142ug, aby stworzy\u0107 jasne i wi\u0105\u017c\u0105ce ramy wsp\u00f3\u0142pracy i zapewni\u0107 jej sprawny przebieg.<\/p>\n<ol>\n<li><strong>Opis us\u0142ugi:<\/strong><span>\u00a0<\/span>Wyja\u015bnij dok\u0142adnie, jakie us\u0142ugi ma \u015bwiadczy\u0107 podwykonawca. Obejmuje to zar\u00f3wno zakres, jak i jako\u015b\u0107 pracy.<\/li>\n<li><strong>Cena i warunki p\u0142atno\u015bci:<\/strong><span>\u00a0<\/span>Uzgodnij sta\u0142\u0105 cen\u0119 za prac\u0119 lub us\u0142ug\u0119 i jasno okre\u015bl warunki p\u0142atno\u015bci, w tym terminy p\u0142atno\u015bci i wszelkie raty.<\/li>\n<li><strong>Odpowiedzialno\u015b\u0107 i gwarancja:<\/strong><span>\u00a0<\/span>Okre\u015blenie odpowiedzialno\u015bci podwykonawcy za wady lub szkody oraz uregulowanie okres\u00f3w gwarancji na \u015bwiadczone us\u0142ugi.<\/li>\n<li><strong>Zobowi\u0105zania dodatkowe:<\/strong><span>\u00a0<\/span>We\u017a r\u00f3wnie\u017c pod uwag\u0119 zobowi\u0105zania dodatkowe, takie jak dostarczenie materia\u0142\u00f3w lub narz\u0119dzi potrzebnych podwykonawcy do wykonania prac.<\/li>\n<li><strong>Odst\u0105pienie od umowy i kary umowne:<\/strong><span>\u00a0<\/span>Okre\u015blenie warunk\u00f3w ewentualnego anulowania umowy oraz wszelkich kar umownych w przypadku naruszenia uzgodnionych warunk\u00f3w.<\/li>\n<\/ol>\n<h2>Dodatkowe informacje<\/h2>\n<p>Zatrudniaj\u0105c podwykonawc\u00f3w z Polski, firmy powinny r\u00f3wnie\u017c wzi\u0105\u0107 pod uwag\u0119 r\u00f3\u017cnice kulturowe i j\u0119zykowe. Otwarta i pe\u0142na szacunku komunikacja jest kluczowa dla udanej wsp\u00f3\u0142pracy. Ponadto wskazane jest zapoznanie si\u0119 z aktualn\u0105 sytuacj\u0105 prawn\u0105 i gospodarcz\u0105.<span>\u00a0<\/span><strong>Og\u00f3lne warunki w Polsce<\/strong><span>\u00a0<\/span>aby lepiej zrozumie\u0107 lokalne \u015brodowisko biznesowe i warunki pracy. Firmy mog\u0105 korzysta\u0107 z rosn\u0105cych mo\u017cliwo\u015bci gospodarczych w Polsce, poniewa\u017c kraj ten ma stabiln\u0105 gospodark\u0119 i ci\u0105g\u0142y wzrost. Dzi\u0119ki odpowiedniemu przygotowaniu i wsp\u00f3\u0142pracy z do\u015bwiadczonymi dostawcami us\u0142ug, takimi jak<span>\u00a0<\/span><a href=\"https:\/\/zeitarbeit-international.de\/\" target=\"_blank\" rel=\"noopener\">Praca Tymczasowa Mi\u0119dzynarodowa<\/a><span>\u00a0<\/span>firmy mog\u0105 zapewni\u0107 sobie optymalne korzy\u015bci ze wsp\u00f3\u0142pracy z podwykonawcami z Polski.<\/p>\n<h2>Staranne przygotowanie jest najwa\u017cniejsze<\/h2>\n<p><strong>Przed zawarciem umowy o prac\u0119 z polskim podwykonawc\u0105 niezb\u0119dne jest staranne przygotowanie.<\/strong><span>\u00a0<\/span>Upewnij si\u0119, \u017ce wszystkie istotne szczeg\u00f3\u0142y zosta\u0142y zapisane na pi\u015bmie, a wszelkie otwarte kwestie zosta\u0142y wyja\u015bnione z wyprzedzeniem. Jasna i przejrzysta umowa stanowi podstaw\u0119 udanej wsp\u00f3\u0142pracy.<\/p>\n<p>Zatrudnianie podwykonawc\u00f3w z Polski na podstawie umowy o dzie\u0142o oferuje wiele mo\u017cliwo\u015bci, ale wi\u0105\u017ce si\u0119 r\u00f3wnie\u017c z pewnymi wyzwaniami prawnymi i umownymi. Wyja\u015bnienie powy\u017cszych kwestii z wyprzedzeniem i uzgodnienie przejrzystej i jasnej umowy z podwykonawc\u0105 mo\u017ce zapewni\u0107 udan\u0105 wsp\u00f3\u0142prac\u0119. Je\u015bli potrzebujesz dodatkowego wsparcia lub masz dodatkowe pytania, Global Business Recruiting mo\u017ce Ci pom\u00f3c. Dzi\u0119ki naszej wiedzy i do\u015bwiadczeniu jeste\u015bmy po Twojej stronie, aby z powodzeniem realizowa\u0107 Twoje projekty.<\/p>\n<h2>Wa\u017cne dowody dla polskich podwykonawc\u00f3w<\/h2>\n<p>Opr\u00f3cz samej umowy o dzie\u0142o, polscy podwykonawcy musz\u0105 wype\u0142nia\u0107 dalsze obowi\u0105zki. Nale\u017c\u0105 do nich m.in.<span>\u00a0<\/span><a href=\"https:\/\/global-business-recruiting.de\/pl\/wiedziec\/certyfikat-a1\/\">Certyfikat A1<\/a><span>\u00a0<\/span>dla pracownik\u00f3w delegowanych, dow\u00f3d wyp\u0142aty p\u0142acy minimalnej, a tak\u017ce rejestracj\u0119 dzia\u0142alno\u015bci gospodarczej z Polski i rejestracj\u0119 w niemieckim urz\u0119dzie skarbowym. Dowiedz si\u0119 wi\u0119cej:<span>\u00a0<\/span><a href=\"https:\/\/global-business-recruiting.de\/pl\/wiedziec\/certyfikaty-podwykonawcy-ue\/\">Podr\u00f3\u017cowanie jako podwykonawca w UE - wymagany dow\u00f3d<\/a>.<\/p>\n<p>Upewnij si\u0119 r\u00f3wnie\u017c, \u017ce wsp\u00f3\u0142praca nie jest postrzegana jako<span>\u00a0<\/span><a href=\"https:\/\/global-business-recruiting.de\/pl\/wiedziec\/unikanie-falszywego-zatrudnienia\/\">Fa\u0142szywe samozatrudnienie<\/a><span>\u00a0<\/span>mo\u017cna zakwalifikowa\u0107 jako \"podwykonawc\u0119\" - zw\u0142aszcza je\u015bli pracownicy polskiego podwykonawcy s\u0105 zintegrowani z Twoj\u0105 firm\u0105 lub otrzymuj\u0105 od Ciebie instrukcje.<\/p>\n<h2>Najcz\u0119\u015bciej zadawane pytania dotycz\u0105ce um\u00f3w o dzie\u0142o z polskimi podwykonawcami<\/h2>\n<\/div><\/div><div class=\"w-separator size_small\"><\/div><div class=\"w-tabs style_default switch_click accordion type_togglable has_scrolling\" style=\"--sections-title-size:inherit\"><div class=\"w-tabs-sections titles-align_none icon_chevron cpos_right\"><div class=\"w-tabs-section\" id=\"l48e\" itemscope itemprop=\"mainEntity\" itemtype=\"https:\/\/schema.org\/Question\"><button class=\"w-tabs-section-header\" aria-controls=\"content-l48e\" aria-expanded=\"false\"><div class=\"w-tabs-section-title\" itemprop=\"name\">Dlaczego pisemna umowa o prac\u0119 jest szczeg\u00f3lnie wa\u017cna dla polskich podwykonawc\u00f3w?<\/div><div class=\"w-tabs-section-control\"><\/div><\/button><div  class=\"w-tabs-section-content\" id=\"content-l48e\" itemscope itemprop=\"acceptedAnswer\" itemtype=\"https:\/\/schema.org\/Answer\"><div class=\"w-tabs-section-content-h i-cf\" itemprop=\"text\"><div class=\"wpb_text_column\"><div class=\"wpb_wrapper\"><p>W projektach transgranicznych r\u00f3\u017cnice j\u0119zykowe i kulturowe stanowi\u0105 dodatkowe ryzyko nieporozumie\u0144. Jasna pisemna umowa w j\u0119zyku niemieckim i polskim tworzy wi\u0105\u017c\u0105c\u0105 podstaw\u0119 i chroni obie strony w przypadku sporu.<\/p>\n<\/div><\/div><\/div><\/div><\/div><div class=\"w-tabs-section\" id=\"l566\" itemscope itemprop=\"mainEntity\" itemtype=\"https:\/\/schema.org\/Question\"><button class=\"w-tabs-section-header\" aria-controls=\"content-l566\" aria-expanded=\"false\"><div class=\"w-tabs-section-title\" itemprop=\"name\">Kt\u00f3re prawo ma zastosowanie do umowy o dzie\u0142o z polskim podwykonawc\u0105?<\/div><div class=\"w-tabs-section-control\"><\/div><\/button><div  class=\"w-tabs-section-content\" id=\"content-l566\" itemscope itemprop=\"acceptedAnswer\" itemtype=\"https:\/\/schema.org\/Answer\"><div class=\"w-tabs-section-content-h i-cf\" itemprop=\"text\"><div class=\"wpb_text_column\"><div class=\"wpb_wrapper\"><p>Strony maj\u0105 swobod\u0119 wyboru prawa w\u0142a\u015bciwego w umowie. Je\u015bli prawo nie zostanie uzgodnione, prawo kraju, w kt\u00f3rym \u015bwiadczona jest us\u0142uga - tj. zazwyczaj prawo niemieckie - ma zasadniczo zastosowanie do um\u00f3w zwi\u0105zanych z UE. Zaleca si\u0119 wyra\u017ane okre\u015blenie tego w umowie.<\/p>\n<\/div><\/div><\/div><\/div><\/div><div class=\"w-tabs-section\" id=\"x637\" itemscope itemprop=\"mainEntity\" itemtype=\"https:\/\/schema.org\/Question\"><button class=\"w-tabs-section-header\" aria-controls=\"content-x637\" aria-expanded=\"false\"><div class=\"w-tabs-section-title\" itemprop=\"name\">Czy jako klient musz\u0119 sprawdza\u0107 minimalne wynagrodzenie polskich pracownik\u00f3w?<\/div><div class=\"w-tabs-section-control\"><\/div><\/button><div  class=\"w-tabs-section-content\" id=\"content-x637\" itemscope itemprop=\"acceptedAnswer\" itemtype=\"https:\/\/schema.org\/Answer\"><div class=\"w-tabs-section-content-h i-cf\" itemprop=\"text\"><div class=\"wpb_text_column\"><div class=\"wpb_wrapper\"><p>Tak, zgodnie z \u00a7 13 MiLoG, jako zleceniodawca jeste\u015b odpowiedzialny jako gwarant za zapewnienie, \u017ce Tw\u00f3j polski podwykonawca p\u0142aci swoim pracownikom niemieck\u0105 p\u0142ac\u0119 minimaln\u0105. Powiniene\u015b zatem uzyska\u0107 odpowiednie dowody.<\/p>\n<\/div><\/div><\/div><\/div><\/div><div class=\"w-tabs-section\" id=\"v704\" itemscope itemprop=\"mainEntity\" itemtype=\"https:\/\/schema.org\/Question\"><button class=\"w-tabs-section-header\" aria-controls=\"content-v704\" aria-expanded=\"false\"><div class=\"w-tabs-section-title\" itemprop=\"name\">Czy mog\u0119 uzgodni\u0107 sta\u0142\u0105 cen\u0119 z polskim podwykonawc\u0105?<\/div><div class=\"w-tabs-section-control\"><\/div><\/button><div  class=\"w-tabs-section-content\" id=\"content-v704\" itemscope itemprop=\"acceptedAnswer\" itemtype=\"https:\/\/schema.org\/Answer\"><div class=\"w-tabs-section-content-h i-cf\" itemprop=\"text\"><div class=\"wpb_text_column\"><div class=\"wpb_wrapper\"><p>Tak, rycza\u0142t lub sta\u0142a cena s\u0105 mo\u017cliwe i wskazane w przypadku umowy o dzie\u0142o, je\u015bli zakres us\u0142ug jest jasno okre\u015blony. Zapewnia to obu stronom bezpiecze\u0144stwo planowania i pozwala unikn\u0105\u0107 p\u00f3\u017aniejszych spor\u00f3w dotycz\u0105cych wynagrodzenia.<\/p>\n<\/div><\/div><\/div><\/div><\/div><div class=\"w-tabs-section\" id=\"z7da\" itemscope itemprop=\"mainEntity\" itemtype=\"https:\/\/schema.org\/Question\"><button class=\"w-tabs-section-header\" aria-controls=\"content-z7da\" aria-expanded=\"false\"><div class=\"w-tabs-section-title\" itemprop=\"name\">Jak znale\u017a\u0107 wiarygodnych podwykonawc\u00f3w z Polski?<\/div><div class=\"w-tabs-section-control\"><\/div><\/button><div  class=\"w-tabs-section-content\" id=\"content-z7da\" itemscope itemprop=\"acceptedAnswer\" itemtype=\"https:\/\/schema.org\/Answer\"><div class=\"w-tabs-section-content-h i-cf\" itemprop=\"text\"><div class=\"wpb_text_column\"><div class=\"wpb_wrapper\"><p>Global Business Recruiting posiada rozleg\u0142\u0105 sie\u0107 wykwalifikowanych polskich podwykonawc\u00f3w w takich dziedzinach jak budownictwo, spawalnictwo, elektrotechnika i in\u017cynieria mechaniczna. Zajmujemy si\u0119 wst\u0119pn\u0105 selekcj\u0105, sporz\u0105dzaniem um\u00f3w i ochron\u0105 prawn\u0105 - aby\u015b m\u00f3g\u0142 skoncentrowa\u0107 si\u0119 na swoim projekcie.<\/p>\n<div><\/div>\n<\/div><\/div><\/div><\/div><\/div><\/div><\/div><\/div><\/div><\/div><\/div><\/section>","protected":false},"excerpt":{"rendered":"Zatrudnianie podwykonawc\u00f3w z Polski jest atrakcyjn\u0105 opcj\u0105 dla firm w Niemczech w celu elastycznego dost\u0119pu do si\u0142y roboczej i obni\u017cenia koszt\u00f3w. Jednak podczas wsp\u00f3\u0142pracy z polskimi podwykonawcami wa\u017cne jest, aby wzi\u0105\u0107 pod uwag\u0119 aspekty prawne i umowne, zw\u0142aszcza w odniesieniu do umowy o dzie\u0142o i umowy o prac\u0119. W tym artykule odpowiemy na kilka wa\u017cnych pyta\u0144 dotycz\u0105cych...","protected":false},"author":1,"featured_media":10617,"parent":9347,"menu_order":0,"comment_status":"closed","ping_status":"closed","template":"","meta":{"_acf_changed":false,"footnotes":""},"class_list":["post-9791","page","type-page","status-publish","has-post-thumbnail","hentry"],"acf":[],"_links":{"self":[{"href":"https:\/\/global-business-recruiting.de\/pl\/wp-json\/wp\/v2\/pages\/9791","targetHints":{"allow":["GET"]}}],"collection":[{"href":"https:\/\/global-business-recruiting.de\/pl\/wp-json\/wp\/v2\/pages"}],"about":[{"href":"https:\/\/global-business-recruiting.de\/pl\/wp-json\/wp\/v2\/types\/page"}],"author":[{"embeddable":true,"href":"https:\/\/global-business-recruiting.de\/pl\/wp-json\/wp\/v2\/users\/1"}],"replies":[{"embeddable":true,"href":"https:\/\/global-business-recruiting.de\/pl\/wp-json\/wp\/v2\/comments?post=9791"}],"version-history":[{"count":5,"href":"https:\/\/global-business-recruiting.de\/pl\/wp-json\/wp\/v2\/pages\/9791\/revisions"}],"predecessor-version":[{"id":11207,"href":"https:\/\/global-business-recruiting.de\/pl\/wp-json\/wp\/v2\/pages\/9791\/revisions\/11207"}],"up":[{"embeddable":true,"href":"https:\/\/global-business-recruiting.de\/pl\/wp-json\/wp\/v2\/pages\/9347"}],"wp:featuredmedia":[{"embeddable":true,"href":"https:\/\/global-business-recruiting.de\/pl\/wp-json\/wp\/v2\/media\/10617"}],"wp:attachment":[{"href":"https:\/\/global-business-recruiting.de\/pl\/wp-json\/wp\/v2\/media?parent=9791"}],"curies":[{"name":"wp","href":"https:\/\/api.w.org\/{rel}","templated":true}]}}