{"id":9796,"date":"2026-03-11T09:53:59","date_gmt":"2026-03-11T09:53:59","guid":{"rendered":"https:\/\/global-business-recruiting.de\/?page_id=9796"},"modified":"2026-03-29T12:47:53","modified_gmt":"2026-03-29T12:47:53","slug":"zamowienia-udzielone-podwykonawcom","status":"publish","type":"page","link":"https:\/\/global-business-recruiting.de\/pl\/wissen\/auftraege-an-subunternehmer-vergeben\/","title":{"rendered":"Udzielanie zam\u00f3wie\u0144 podwykonawcom: jak zaoszcz\u0119dzi\u0107 czas i zasoby"},"content":{"rendered":"<section class=\"l-section wpb_row height_custom\"><div class=\"l-section-h i-cf\"><div class=\"g-cols vc_row via_grid cols_1 laptops-cols_inherit tablets-cols_inherit mobiles-cols_1 valign_top type_default stacking_default\"><div class=\"wpb_column vc_column_container\"><div class=\"vc_column-inner\"><div class=\"wpb_text_column\"><div class=\"wpb_wrapper\"><p>Masz braki kadrowe i potrzebujesz szybkiego i skutecznego rozwi\u0105zania, aby zaoszcz\u0119dzi\u0107 czas i zasoby oraz m\u00f3c zrealizowa\u0107 sw\u00f3j projekt na czas? Firmy w Bawarii i ca\u0142ych Niemczech aktywnie poszukuj\u0105 niezawodnych podwykonawc\u00f3w do swoich zlece\u0144.<\/p>\n<h2>Dlaczego warto udziela\u0107 zam\u00f3wie\u0144 podwykonawcom?<\/h2>\n<p>Wiele firm w Bawarii i Niemczech dotkni\u0119tych jest brakami kadrowymi. Cz\u0119sto poszukuje si\u0119 podwykonawc\u00f3w do realizacji bie\u017c\u0105cych zlece\u0144. Firmy mog\u0105 znale\u017a\u0107 odpowiednich podwykonawc\u00f3w, zamieszczaj\u0105c og\u0142oszenia w serwisach og\u0142oszeniowych lub innych portalach. Poszukiwanie odpowiednich podwykonawc\u00f3w mo\u017ce wymaga\u0107 czasu i zasob\u00f3w. Dlatego zaleca si\u0119 rejestracj\u0119 w celu zg\u0142aszania ofert pracy. Podwykonawstwo mo\u017ce zwi\u0119kszy\u0107 wydajno\u015b\u0107 i prowadzi\u0107 do udanej wsp\u00f3\u0142pracy. Jasne instrukcje pracy i skuteczna komunikacja mog\u0105 zoptymalizowa\u0107 przetwarzanie zam\u00f3wie\u0144 i kontrol\u0119 jako\u015bci. Wyb\u00f3r odpowiednich podwykonawc\u00f3w odgrywa kluczow\u0105 rol\u0119 w oszcz\u0119dzaniu czasu i zasob\u00f3w oraz zwi\u0119kszaniu wydajno\u015bci w organizacji.<\/p>\n<h2>Jakie s\u0105 zalety podwykonawc\u00f3w dla Twojej firmy?<\/h2>\n<p>Istnieje kilka powod\u00f3w, dla kt\u00f3rych kontrakty mog\u0105 by\u0107 przyznawane podwykonawcom:<\/p>\n<ol>\n<li><strong>W\u0105skie gard\u0142a przepustowo\u015bci:<\/strong><span>\u00a0<\/span>Je\u015bli firma nie dysponuje wystarczaj\u0105cymi zasobami wewn\u0119trznymi do realizacji zam\u00f3wienia, konieczne mo\u017ce by\u0107 skorzystanie z us\u0142ug podwykonawc\u00f3w.<\/li>\n<li><strong>Specjalizacja i do\u015bwiadczenie:<\/strong><span>\u00a0<\/span>Podwykonawcy mog\u0105 specjalizowa\u0107 si\u0119 w okre\u015blonych obszarach i by\u0107 ekspertami w swojej dziedzinie, co umo\u017cliwia firmie uzyskanie wysokiej jako\u015bci pracy.<\/li>\n<li><strong>Oszcz\u0119dno\u015b\u0107 koszt\u00f3w:<\/strong><span>\u00a0<\/span>Podwykonawcy mog\u0105 cz\u0119sto oferowa\u0107 us\u0142ugi po korzystniejszych cenach ni\u017c sama firma, poniewa\u017c mog\u0105 mie\u0107 ni\u017csze koszty operacyjne.<\/li>\n<li><strong>Elastyczno\u015b\u0107:<\/strong><span>\u00a0<\/span>Dzi\u0119ki wsp\u00f3\u0142pracy z podwykonawcami firma mo\u017ce bardziej elastycznie reagowa\u0107 na zmieniaj\u0105ce si\u0119 wymagania i potrzeby.<\/li>\n<li><strong>Oszcz\u0119dno\u015b\u0107 czasu:<\/strong><span>\u00a0<\/span>Dzi\u0119ki zlecaniu zam\u00f3wie\u0144 podwykonawcom firma mo\u017ce zaoszcz\u0119dzi\u0107 czas, kt\u00f3ry w przeciwnym razie by\u0142by potrzebny na rekrutacj\u0119 i szkolenie dodatkowych pracownik\u00f3w wewn\u0119trznych.<\/li>\n<\/ol>\n<p>Korzy\u015bci s\u0105 oczywiste: podwykonawstwo pozwala na bardziej efektywne wykorzystanie zasob\u00f3w i oszcz\u0119dno\u015b\u0107 czasu. Firmy te s\u0105 wyspecjalizowane i posiadaj\u0105 wiedz\u0119 niezb\u0119dn\u0105 do profesjonalnego wykonywania zada\u0144. Koncentruj\u0105c si\u0119 na swoich kluczowych kompetencjach i deleguj\u0105c niekt\u00f3re zadania podwykonawcom, zwi\u0119kszasz wydajno\u015b\u0107 swoich proces\u00f3w operacyjnych. Rozszerzasz r\u00f3wnie\u017c swoj\u0105 sie\u0107 i korzystasz z elastyczno\u015bci oferowanej przez podwykonawc\u00f3w. Dzi\u0119ki jasnej komunikacji i dobrej wsp\u00f3\u0142pracy mo\u017cna zapewni\u0107, \u017ce przetwarzanie zam\u00f3wie\u0144 przebiega sprawnie, a jako\u015b\u0107 pracy jest zawsze gwarantowana. Pozwala to skutecznie zoptymalizowa\u0107 firm\u0119 i jednocze\u015bnie zaoszcz\u0119dzi\u0107 czas i zasoby.<\/p>\n<h2>Jak wybra\u0107 odpowiednich podwykonawc\u00f3w do realizacji zlece\u0144?<\/h2>\n<p>Wyb\u00f3r odpowiednich podwykonawc\u00f3w do realizacji zlece\u0144 w Niemczech wymaga zachowania ostro\u017cno\u015bci. Firmy w<span>\u00a0<\/span><a href=\"https:\/\/global-business-recruiting.de\/pl\/oddzialy\/przemysl-budowlany\/\">Przemys\u0142 budowlany<\/a>,<span>\u00a0<\/span><a href=\"https:\/\/global-business-recruiting.de\/pl\/oddzialy\/sprzatanie-obiektow\/\">Czyszczenie<\/a><span>\u00a0<\/span>lub<span>\u00a0<\/span><a href=\"https:\/\/global-business-recruiting.de\/pl\/oddzialy\/produkcja-przemyslowa\/\">Przemys\u0142<\/a>, Osoby poszukuj\u0105ce podwykonawc\u00f3w nie powinny jedynie odpowiada\u0107 na og\u0142oszenia, ale aktywnie poszukiwa\u0107 odpowiednich firm. Aktualne wyszukiwanie wiarygodnych podwykonawc\u00f3w mo\u017cna przeprowadzi\u0107 za po\u015brednictwem sieci, katalog\u00f3w biznesowych lub rekomendacji. Podczas wyszukiwania nale\u017cy zwr\u00f3ci\u0107 uwag\u0119 na powag\u0119 i do\u015bwiadczenie firm. Szukamy partner\u00f3w, kt\u00f3rzy nie tylko zrealizuj\u0105 zam\u00f3wienie, ale tak\u017ce d\u0105\u017c\u0105 do d\u0142ugoterminowej wsp\u00f3\u0142pracy. Global Business Recruiting mo\u017ce zapewni\u0107 wykwalifikowanych i certyfikowanych podwykonawc\u00f3w z Polski, Czech, S\u0142owacji, W\u0119gier, Bu\u0142garii, Turcji i innych kraj\u00f3w Europy Wschodniej.<\/p>\n<h2>W jaki spos\u00f3b zapewniana jest skuteczna komunikacja z podwykonawcami?<\/h2>\n<p>Efektywna koordynacja z podwykonawcami jest niezb\u0119dna do zapewnienia p\u0142ynno\u015bci proces\u00f3w. Jasna komunikacja jest podstaw\u0105 udanej wsp\u00f3\u0142pracy. Zaleca si\u0119 organizowanie regularnych spotka\u0144 lub telekonferencji w celu wyja\u015bnienia otwartych kwestii i om\u00f3wienia post\u0119p\u00f3w prac. Pisemne kana\u0142y komunikacji, takie jak e-maile lub komunikatory, powinny by\u0107 r\u00f3wnie\u017c wykorzystywane do zachowania przejrzysto\u015bci informacji. Dobrze skonstruowany plan komunikacji pozwala unikn\u0105\u0107 nieporozumie\u0144 i zwi\u0119kszy\u0107 produktywno\u015b\u0107. Okre\u015blenie obowi\u0105zk\u00f3w i dost\u0119pno\u015bci jest kluczowe, aby m\u00f3c szybko odpowiada\u0107 na zapytania. Jasna i skuteczna komunikacja mo\u017ce zminimalizowa\u0107 nieporozumienia i zoptymalizowa\u0107 jako\u015b\u0107 pracy.<\/p>\n<h2>Na co nale\u017cy zwr\u00f3ci\u0107 uwag\u0119 przy udzielaniu zam\u00f3wie\u0144 podwykonawcom?<\/h2>\n<p>Udzielaj\u0105c zam\u00f3wie\u0144 podwykonawcom, nale\u017cy zwr\u00f3ci\u0107 szczeg\u00f3ln\u0105 uwag\u0119 na przejrzysto\u015b\u0107 i niezawodno\u015b\u0107. Jasne umowy dotycz\u0105ce us\u0142ug, termin\u00f3w i jako\u015bci maj\u0105 kluczowe znaczenie dla unikni\u0119cia nieporozumie\u0144. Wskazane jest sprawdzenie referencji podwykonawc\u00f3w i staranne opracowanie regulacji umownych. Kluczow\u0105 rol\u0119 odgrywa r\u00f3wnie\u017c komunikacja: regularne umowy i otwarty dialog sprzyjaj\u0105 p\u0142ynnej wsp\u00f3\u0142pracy. Unikaj podejmowania decyzji w kr\u00f3tkim czasie i nie spiesz si\u0119, aby wybra\u0107 najlepszego mo\u017cliwego partnera do realizacji zam\u00f3wie\u0144. Dzi\u0119ki profesjonalnej selekcji i jasnej komunikacji mo\u017cesz zapewni\u0107 jako\u015b\u0107 swoich us\u0142ug i budowa\u0107 d\u0142ugoterminowe partnerstwa. Upewnij si\u0119, \u017ce podwykonawcy podzielaj\u0105 Twoje warto\u015bci korporacyjne i pasuj\u0105 do og\u00f3lnego kierunku Twojej firmy.<\/p>\n<h2>Jakich um\u00f3w potrzebujesz z podwykonawcami?<\/h2>\n<p>Przy udzielaniu zam\u00f3wie\u0144 podwykonawcom kluczowe znaczenie ma zawarcie jasnych i wi\u0105\u017c\u0105cych um\u00f3w. Umowy te powinny obejmowa\u0107 wszystkie istotne szczeg\u00f3\u0142y umowy, w tym wymagania dotycz\u0105ce wydajno\u015bci, ramy czasowe, warunki p\u0142atno\u015bci i kwestie odpowiedzialno\u015bci. Jasne umowy minimalizuj\u0105 ryzyko nieporozumie\u0144 i sprawiaj\u0105, \u017ce praca z podwykonawcami jest przejrzysta i efektywna. Zar\u00f3wno dla Twojej firmy, jak i dla podwykonawc\u00f3w wa\u017cne jest, aby wszystkie strony mia\u0142y jasno okre\u015blone obowi\u0105zki i prawa w celu unikni\u0119cia potencjalnych konflikt\u00f3w lub problem\u00f3w.<\/p>\n<p>Wi\u0119cej na temat najwa\u017cniejszych klauzul umownych:<span>\u00a0<\/span><a href=\"https:\/\/global-business-recruiting.de\/pl\/wiedziec\/klauzule-umowne-dotyczace-podwykonawcow\/\">Istotne elementy um\u00f3w z podwykonawcami<\/a><span>\u00a0<\/span>oraz<span>\u00a0<\/span><a href=\"https:\/\/global-business-recruiting.de\/pl\/wiedziec\/umowa-o-swiadczenie-uslug-a-umowa-o-dzielo\/\">Umowa o \u015bwiadczenie us\u0142ug a umowa o dzie\u0142o<\/a>.<\/p>\n<h2>Jakie znaczenie maj\u0105 jasne instrukcje pracy dla podwykonawc\u00f3w?<\/h2>\n<p>Jasne instrukcje pracy s\u0105 podstaw\u0105 ka\u017cdej udanej wsp\u00f3\u0142pracy z podwykonawcami. Precyzyjne instrukcje nie tylko zapewniaj\u0105 jako\u015b\u0107 pracy, ale tak\u017ce wydajno\u015b\u0107 ca\u0142ego procesu. Podwykonawcy potrzebuj\u0105 jasnych instrukcji, aby optymalnie wykonywa\u0107 swoje zadania i unika\u0107 nieporozumie\u0144. Upewnij si\u0119, \u017ce wszystkie szczeg\u00f3\u0142y zadania s\u0105 jasno przekazane, w tym terminy, konkretne wymagania i standardy jako\u015bci. Szczeg\u00f3\u0142owe pisemne instrukcje pracy mog\u0105 zapobiec nieporozumieniom od samego pocz\u0105tku i pom\u00f3c zapewni\u0107 sprawny przebieg prac. Pami\u0119taj, aby regularnie przekazywa\u0107 informacje zwrotne i dostosowywa\u0107 instrukcje pracy w razie potrzeby, aby zapewni\u0107, \u017ce wsp\u00f3\u0142praca pozostaje efektywna.<\/p>\n<h2>W jaki spos\u00f3b zapewniane jest przetwarzanie zam\u00f3wie\u0144 i kontrola jako\u015bci podwykonawc\u00f3w?<\/h2>\n<p>Sprawne przetwarzanie zam\u00f3wie\u0144 i skuteczna kontrola jako\u015bci podwykonawc\u00f3w maj\u0105 kluczowe znaczenie dla sukcesu Twojej firmy. Jasne instrukcje pracy i regularne kontrole zapewniaj\u0105 profesjonaln\u0105 realizacj\u0119 zlece\u0144. Komunikacja jest tutaj kluczowa, aby unikn\u0105\u0107 nieporozumie\u0144 i jasno okre\u015bli\u0107 oczekiwania. Regularne informacje zwrotne pozwalaj\u0105 szybko reagowa\u0107 na wszelkie problemy i w razie potrzeby wprowadza\u0107 poprawki. Nie nale\u017cy zapomina\u0107 o szczeg\u00f3\u0142owym rejestrowaniu um\u00f3w w celu zapewnienia pewno\u015bci prawnej. Przejrzyste projektowanie proces\u00f3w pomaga efektywnie organizowa\u0107 wsp\u00f3\u0142prac\u0119 i zapewnia\u0107 standardy jako\u015bci.<\/p>\n<h2>Jak zaoszcz\u0119dzi\u0107 czas i zasoby?<\/h2>\n<p>Wydajno\u015b\u0107 jest kluczem do sukcesu w dzisiejszym \u015bwiecie biznesu. Optymalizuj\u0105c swoje procesy w ukierunkowany spos\u00f3b, mo\u017cna nie tylko zaoszcz\u0119dzi\u0107 czas, ale tak\u017ce cenne zasoby. Je\u015bli chodzi o podwykonawstwo, kluczowe znaczenie ma ustrukturyzowane podej\u015bcie. Zdefiniuj jasne procedury operacyjne i kana\u0142y komunikacji, aby unikn\u0105\u0107 nieporozumie\u0144 i zwi\u0119kszy\u0107 wydajno\u015b\u0107. Wsp\u00f3lnie z podwykonawcami ustal jasne cele i regularnie sprawdzaj post\u0119py. Koncentruj\u0105c si\u0119 na przejrzystym przetwarzaniu zam\u00f3wie\u0144 i kontroli jako\u015bci, zapewniasz p\u0142ynn\u0105 wsp\u00f3\u0142prac\u0119 i optymalne wyniki.<\/p>\n<h2>Wniosek: Udana wsp\u00f3\u0142praca z podwykonawcami<\/h2>\n<p>Zwi\u0119kszenie wydajno\u015bci jest kluczem do sukcesu w dzisiejszym \u015bwiecie biznesu. Dzi\u0119ki wsp\u00f3\u0142pracy z podwykonawcami mo\u017cna nie tylko zaoszcz\u0119dzi\u0107 czas i zasoby, ale tak\u017ce poprawi\u0107 jako\u015b\u0107 \u015bwiadczonych us\u0142ug. Jasne instrukcje pracy i skuteczna komunikacja maj\u0105 kluczowe znaczenie dla sprawnej realizacji zam\u00f3wie\u0144. Firmy w Bawarii i ca\u0142ych Niemczech aktywnie poszukuj\u0105 niezawodnych podwykonawc\u00f3w, aby z powodzeniem realizowa\u0107 swoje projekty. Ustanawiaj\u0105c jasne umowy i zapewniaj\u0105c kontrol\u0119 jako\u015bci, mo\u017cna zminimalizowa\u0107 ryzyko nieporozumie\u0144. Dzi\u0119ki w\u0142a\u015bciwemu wyborowi i efektywnej wsp\u00f3\u0142pracy mo\u017cna osi\u0105gn\u0105\u0107 cele biznesowe i wzmocni\u0107 swoj\u0105 konkurencyjno\u015b\u0107.<\/p>\n<h2>Cz\u0119sto zadawane pytania dotycz\u0105ce podwykonawstwa<\/h2>\n<\/div><\/div><div class=\"w-separator size_small\"><\/div><div class=\"w-tabs style_default switch_click accordion type_togglable has_scrolling\" style=\"--sections-title-size:inherit\"><div class=\"w-tabs-sections titles-align_none icon_chevron cpos_right\"><div class=\"w-tabs-section\" id=\"m66c\" itemscope itemprop=\"mainEntity\" itemtype=\"https:\/\/schema.org\/Question\"><button class=\"w-tabs-section-header\" aria-controls=\"content-m66c\" aria-expanded=\"false\"><div class=\"w-tabs-section-title\" itemprop=\"name\">Jak mog\u0119 otrzymywa\u0107 zlecenia jako podwykonawca?<\/div><div class=\"w-tabs-section-control\"><\/div><\/button><div  class=\"w-tabs-section-content\" id=\"content-m66c\" itemscope itemprop=\"acceptedAnswer\" itemtype=\"https:\/\/schema.org\/Answer\"><div class=\"w-tabs-section-content-h i-cf\" itemprop=\"text\"><div class=\"wpb_text_column\"><div class=\"wpb_wrapper\"><p>Jako podwykonawca mo\u017cesz zdobywa\u0107 zlecenia za pomoc\u0105 r\u00f3\u017cnych \u015brodk\u00f3w. Po pierwsze, wa\u017cne jest zbudowanie profesjonalnej sieci kontakt\u00f3w. Oznacza to nawi\u0105zywanie kontakt\u00f3w z potencjalnymi klientami i prezentowanie si\u0119 jako wiarygodny partner. Pomocne jest r\u00f3wnie\u017c zarejestrowanie si\u0119 na platformach kontraktowych i aktywne poszukiwanie tam odpowiednich kontrakt\u00f3w. Global Business Recruiting jest do\u015bwiadczonym dostawc\u0105 us\u0142ug personalnych specjalizuj\u0105cym si\u0119 w zleceniach dla podwykonawc\u00f3w z Polski, S\u0142owacji, Czech i Europy Wschodniej.<\/p>\n<\/div><\/div><\/div><\/div><\/div><div class=\"w-tabs-section\" id=\"c789\" itemscope itemprop=\"mainEntity\" itemtype=\"https:\/\/schema.org\/Question\"><button class=\"w-tabs-section-header\" aria-controls=\"content-c789\" aria-expanded=\"false\"><div class=\"w-tabs-section-title\" itemprop=\"name\">Gdzie mog\u0119 znale\u017a\u0107 prac\u0119 jako podwykonawca?<\/div><div class=\"w-tabs-section-control\"><\/div><\/button><div  class=\"w-tabs-section-content\" id=\"content-c789\" itemscope itemprop=\"acceptedAnswer\" itemtype=\"https:\/\/schema.org\/Answer\"><div class=\"w-tabs-section-content-h i-cf\" itemprop=\"text\"><div class=\"wpb_text_column\"><div class=\"wpb_wrapper\"><p>Istniej\u0105 r\u00f3\u017cne sposoby pozyskiwania zam\u00f3wie\u0144, na przyk\u0142ad za pomoc\u0105 platform internetowych. Networking jest r\u00f3wnie\u017c wa\u017cnym sposobem na znalezienie potencjalnych klient\u00f3w. Bierz udzia\u0142 w wydarzeniach bran\u017cowych, nawi\u0105zuj kontakty i prezentuj swoje us\u0142ugi. Mo\u017cesz r\u00f3wnie\u017c aplikowa\u0107 do lokalnych firm i agencji lub zamieszcza\u0107 og\u0142oszenia o prac\u0119 i portale z ofertami pracy.<\/p>\n<\/div><\/div><\/div><\/div><\/div><div class=\"w-tabs-section\" id=\"y89b\" itemscope itemprop=\"mainEntity\" itemtype=\"https:\/\/schema.org\/Question\"><button class=\"w-tabs-section-header\" aria-controls=\"content-y89b\" aria-expanded=\"false\"><div class=\"w-tabs-section-title\" itemprop=\"name\">Ile zarabiasz jako podwykonawca?<\/div><div class=\"w-tabs-section-control\"><\/div><\/button><div  class=\"w-tabs-section-content\" id=\"content-y89b\" itemscope itemprop=\"acceptedAnswer\" itemtype=\"https:\/\/schema.org\/Answer\"><div class=\"w-tabs-section-content-h i-cf\" itemprop=\"text\"><div class=\"wpb_text_column\"><div class=\"wpb_wrapper\"><p>Jako podwykonawca, dochody r\u00f3\u017cni\u0105 si\u0119 w zale\u017cno\u015bci od bran\u017cy, rodzaju pracy i indywidualnej umowy z klientem. Potencja\u0142 zarobkowy mo\u017ce si\u0119 zatem znacznie r\u00f3\u017cni\u0107. Niekt\u00f3rzy podwykonawcy zarabiaj\u0105 za godzin\u0119 lub stawk\u0119 dzienn\u0105, podczas gdy inni mog\u0105 otrzymywa\u0107 sta\u0142\u0105 kwot\u0119 za uko\u0144czony projekt. Nale\u017cy pami\u0119ta\u0107, \u017ce podwykonawcy zazwyczaj musz\u0105 ponosi\u0107 w\u0142asne koszty operacyjne.<\/p>\n<\/div><\/div><\/div><\/div><\/div><div class=\"w-tabs-section\" id=\"l9a8\" itemscope itemprop=\"mainEntity\" itemtype=\"https:\/\/schema.org\/Question\"><button class=\"w-tabs-section-header\" aria-controls=\"content-l9a8\" aria-expanded=\"false\"><div class=\"w-tabs-section-title\" itemprop=\"name\">Kto p\u0142aci podwykonawcy?<\/div><div class=\"w-tabs-section-control\"><\/div><\/button><div  class=\"w-tabs-section-content\" id=\"content-l9a8\" itemscope itemprop=\"acceptedAnswer\" itemtype=\"https:\/\/schema.org\/Answer\"><div class=\"w-tabs-section-content-h i-cf\" itemprop=\"text\"><div class=\"wpb_text_column\"><div class=\"wpb_wrapper\"><p>Podwykonawca jest zazwyczaj op\u0142acany przez g\u0142\u00f3wnego wykonawc\u0119. Oznacza to, \u017ce g\u0142\u00f3wny wykonawca op\u0142aca faktury podwykonawcy. Wa\u017cne jest, aby mi\u0119dzy g\u0142\u00f3wnym wykonawc\u0105 a podwykonawc\u0105 zosta\u0142y zawarte jasne umowy okre\u015blaj\u0105ce zasady p\u0142atno\u015bci.<\/p>\n<\/div><\/div><\/div><\/div><\/div><div class=\"w-tabs-section\" id=\"fac7\" itemscope itemprop=\"mainEntity\" itemtype=\"https:\/\/schema.org\/Question\"><button class=\"w-tabs-section-header\" aria-controls=\"content-fac7\" aria-expanded=\"false\"><div class=\"w-tabs-section-title\" itemprop=\"name\">Jak mog\u0119 znale\u017a\u0107 wiarygodnych podwykonawc\u00f3w z Europy Wschodniej?<\/div><div class=\"w-tabs-section-control\"><\/div><\/button><div  class=\"w-tabs-section-content\" id=\"content-fac7\" itemscope itemprop=\"acceptedAnswer\" itemtype=\"https:\/\/schema.org\/Answer\"><div class=\"w-tabs-section-content-h i-cf\" itemprop=\"text\"><div class=\"wpb_text_column\"><div class=\"wpb_wrapper\"><p>Global Business Recruiting posiada rozleg\u0142\u0105 sie\u0107 wykwalifikowanych i certyfikowanych podwykonawc\u00f3w z Polski, Czech, S\u0142owacji, W\u0119gier i innych kraj\u00f3w Europy Wschodniej. Pomagamy znale\u017a\u0107 odpowiedniego partnera do realizacji zlece\u0144 - szybko, zgodnie z prawem i bez komplikacji.<\/p>\n<\/div><\/div><\/div><\/div><\/div><\/div><\/div><\/div><\/div><\/div><\/div><\/section>","protected":false},"excerpt":{"rendered":"Haben Sie Personalmangel und brauche eine schnelle und effiziente L\u00f6sung, um Zeit und Ressourcen zu sparen sowie um Ihr Projekt rechtzeitig umsetzen zu k\u00f6nnen? In Bayern und ganz Deutschland suchen Unternehmen aktiv nach zuverl\u00e4ssigen Subunternehmern f\u00fcr Ihre Auftr\u00e4ge. Warum Auftr\u00e4ge an Subunternehmer vergeben? In Bayern und Deutschland sind viele Firmen von Personalmangel getroffen. Oft werden...","protected":false},"author":1,"featured_media":11139,"parent":9347,"menu_order":0,"comment_status":"closed","ping_status":"closed","template":"","meta":{"_acf_changed":false,"footnotes":""},"class_list":["post-9796","page","type-page","status-publish","has-post-thumbnail","hentry"],"acf":[],"_links":{"self":[{"href":"https:\/\/global-business-recruiting.de\/pl\/wp-json\/wp\/v2\/pages\/9796","targetHints":{"allow":["GET"]}}],"collection":[{"href":"https:\/\/global-business-recruiting.de\/pl\/wp-json\/wp\/v2\/pages"}],"about":[{"href":"https:\/\/global-business-recruiting.de\/pl\/wp-json\/wp\/v2\/types\/page"}],"author":[{"embeddable":true,"href":"https:\/\/global-business-recruiting.de\/pl\/wp-json\/wp\/v2\/users\/1"}],"replies":[{"embeddable":true,"href":"https:\/\/global-business-recruiting.de\/pl\/wp-json\/wp\/v2\/comments?post=9796"}],"version-history":[{"count":7,"href":"https:\/\/global-business-recruiting.de\/pl\/wp-json\/wp\/v2\/pages\/9796\/revisions"}],"predecessor-version":[{"id":11206,"href":"https:\/\/global-business-recruiting.de\/pl\/wp-json\/wp\/v2\/pages\/9796\/revisions\/11206"}],"up":[{"embeddable":true,"href":"https:\/\/global-business-recruiting.de\/pl\/wp-json\/wp\/v2\/pages\/9347"}],"wp:featuredmedia":[{"embeddable":true,"href":"https:\/\/global-business-recruiting.de\/pl\/wp-json\/wp\/v2\/media\/11139"}],"wp:attachment":[{"href":"https:\/\/global-business-recruiting.de\/pl\/wp-json\/wp\/v2\/media?parent=9796"}],"curies":[{"name":"wp","href":"https:\/\/api.w.org\/{rel}","templated":true}]}}