{"id":9802,"date":"2026-03-11T10:03:39","date_gmt":"2026-03-11T10:03:39","guid":{"rendered":"https:\/\/global-business-recruiting.de\/?page_id=9802"},"modified":"2026-03-29T12:50:25","modified_gmt":"2026-03-29T12:50:25","slug":"podwykonawca-w-rozbiorce","status":"publish","type":"page","link":"https:\/\/global-business-recruiting.de\/pl\/wissen\/subunternehmer-im-abriss\/","title":{"rendered":"Podwykonawcy w pracach rozbi\u00f3rkowych: Zadania, zlecenia i wyzwania we wsp\u00f3\u0142pracy"},"content":{"rendered":"<section class=\"l-section wpb_row height_custom\"><div class=\"l-section-h i-cf\"><div class=\"g-cols vc_row via_grid cols_1 laptops-cols_inherit tablets-cols_inherit mobiles-cols_1 valign_top type_default stacking_default\"><div class=\"wpb_column vc_column_container\"><div class=\"vc_column-inner\"><div class=\"wpb_text_column\"><div class=\"wpb_wrapper\"><p>Wykorzystanie<span>\u00a0<\/span><a href=\"https:\/\/global-business-recruiting.de\/pl\/zawody\/prace-rozbiorkowe\/\">Podwykonawcy w zakresie wyburze\u0144<\/a><span>\u00a0<\/span>budynk\u00f3w jest obecnie powszechn\u0105 praktyk\u0105. Firmy te lub osoby prywatne s\u0105 cz\u0119sto zatrudniane do wykonywania specjalistycznych zada\u0144. Mog\u0105 one by\u0107 zbyt z\u0142o\u017cone lub zbyt pracoch\u0142onne, aby g\u0142\u00f3wni wykonawcy mogli je wykona\u0107 samodzielnie. Wsp\u00f3\u0142praca z podwykonawcami w zakresie rozbi\u00f3rki wi\u0105\u017ce si\u0119 jednak zar\u00f3wno z mo\u017cliwo\u015bciami, jak i wyzwaniami.<\/p>\n<h2>Jakie kontrakty realizuj\u0105 podwykonawcy w zakresie rozbi\u00f3rki?<\/h2>\n<p>Cz\u0119stym zadaniem podwykonawc\u00f3w jest ca\u0142kowite wyburzanie budynk\u00f3w. Obejmuje to rozbi\u00f3rk\u0119 ca\u0142ej konstrukcji od podstaw, w tym utylizacj\u0119 wszystkich materia\u0142\u00f3w. Wymaga to starannego planowania i wykonania, aby zapewni\u0107 zar\u00f3wno bezpiecze\u0144stwo pracownik\u00f3w, jak i zgodno\u015b\u0107 z przepisami dotycz\u0105cymi ochrony \u015brodowiska.<\/p>\n<p>W przypadku wyburze\u0144 selektywnych usuwana jest tylko cz\u0119\u015b\u0107 budynku lub okre\u015blone materia\u0142y. Mo\u017ce to by\u0107 konieczne, je\u015bli na przyk\u0142ad planowana jest cz\u0119\u015bciowa renowacja budynku lub konieczne jest usuni\u0119cie niekt\u00f3rych niebezpiecznych materia\u0142\u00f3w, takich jak azbest. Selektywna rozbi\u00f3rka wymaga precyzji i dba\u0142o\u015bci o szczeg\u00f3\u0142y, aby unikn\u0105\u0107 uszkodzenia pozosta\u0142ych konstrukcji.<\/p>\n<p>Prace zwi\u0105zane z usuwaniem ba\u0142aganu obejmuj\u0105 usuwanie element\u00f3w wyposa\u017cenia wn\u0119trz i instalacji przy jednoczesnym zachowaniu zewn\u0119trznej struktury budynku. Jest to cz\u0119sto pierwszy krok w wi\u0119kszych projektach renowacyjnych. Podwykonawcy wykonuj\u0105cy prace porz\u0105dkowe musz\u0105 pracowa\u0107 ostro\u017cnie, aby zachowa\u0107 integralno\u015b\u0107 strukturaln\u0105 budynku.<\/p>\n<h2>Jakie s\u0105 zadania?<\/h2>\n<p>Podwykonawcy wyburze\u0144 cz\u0119sto specjalizuj\u0105 si\u0119 w konkretnych zadaniach. Obejmuj\u0105 one na przyk\u0142ad usuwanie azbestu lub innych niebezpiecznych materia\u0142\u00f3w, usuwanie betonu lub wyburzanie wie\u017cowc\u00f3w. Ich specjalizacja umo\u017cliwia im wykonywanie tych zada\u0144 w spos\u00f3b wydajny i bezpieczny. Stanowi to ogromn\u0105 zalet\u0119 dla g\u0142\u00f3wnych wykonawc\u00f3w.<\/p>\n<p>Wa\u017cnym aspektem rozbi\u00f3rki jest zarz\u0105dzanie i utylizacja wytwarzanych odpad\u00f3w. Podwykonawcy cz\u0119sto podejmuj\u0105 si\u0119 zadania w\u0142a\u015bciwego sortowania, recyklingu lub utylizacji odpad\u00f3w. Wymaga to nie tylko umiej\u0119tno\u015bci logistycznych, ale tak\u017ce znajomo\u015bci przepis\u00f3w prawnych dotycz\u0105cych utylizacji odpad\u00f3w niebezpiecznych.<\/p>\n<p>Wielu podwykonawc\u00f3w posiada konkretn\u0105 wiedz\u0119 techniczn\u0105 i specjalistyczne maszyny, kt\u00f3re s\u0105 wymagane do niekt\u00f3rych prac rozbi\u00f3rkowych. Obejmuje to na przyk\u0142ad koparki wyburzeniowe, maszyny do ci\u0119cia betonu, a nawet technologi\u0119 \u015brutowania. Dost\u0119pno\u015b\u0107 i do\u015bwiadczenie w korzystaniu z takich maszyn sprawiaj\u0105, \u017ce podwykonawcy s\u0105 cennymi partnerami.<\/p>\n<h2>Jakie wyzwania si\u0119 z tym wi\u0105\u017c\u0105?<\/h2>\n<p>Jednym z najwi\u0119kszych wyzwa\u0144 podczas pracy z podwykonawcami jest komunikacja. Nieporozumienia i niejasne instrukcje mog\u0105 prowadzi\u0107 do op\u00f3\u017anie\u0144, b\u0142\u0119d\u00f3w i zwi\u0119kszonych koszt\u00f3w. Wa\u017cne jest ustanowienie jasnych kana\u0142\u00f3w komunikacji i regularnych spotka\u0144. Gwarantuje to, \u017ce wszyscy zaanga\u017cowani s\u0105 na tej samej stronie.<\/p>\n<p>Zapewnienie jako\u015bci pracy podwykonawc\u00f3w ma kluczowe znaczenie dla powodzenia projektu rozbi\u00f3rki. G\u0142\u00f3wni wykonawcy musz\u0105 ustanowi\u0107 mechanizmy kontroli jako\u015bci i przeprowadza\u0107 regularne inspekcje. Gwarantuje to, \u017ce prace spe\u0142niaj\u0105 wymagane standardy.<\/p>\n<p>Prace rozbi\u00f3rkowe wi\u0105\u017c\u0105 si\u0119 ze znacznym ryzykiem dla bezpiecze\u0144stwa. Kluczowe jest, aby podwykonawcy podejmowali wszelkie niezb\u0119dne \u015brodki ostro\u017cno\u015bci i przestrzegali przepis\u00f3w prawa. Obejmuje to szkolenie pracownik\u00f3w, zapewnienie niezb\u0119dnego sprz\u0119tu ochronnego i wdro\u017cenie protoko\u0142\u00f3w bezpiecze\u0144stwa na miejscu.<\/p>\n<h2>Ramy prawne dla prac rozbi\u00f3rkowych<\/h2>\n<p>Szczeg\u00f3lnie surowe wymogi prawne maj\u0105 zastosowanie do prac rozbi\u00f3rkowych. Z regu\u0142y przed rozpocz\u0119ciem prac nale\u017cy uzyska\u0107 oficjalne zezwolenia. Istniej\u0105 odr\u0119bne przepisy dotycz\u0105ce obchodzenia si\u0119 z substancjami niebezpiecznymi, takimi jak azbest, WWA lub metale ci\u0119\u017ckie, zgodnie z niemieckim rozporz\u0105dzeniem w sprawie substancji niebezpiecznych (GefStoffV) i TRGS 519. Podwykonawcy musz\u0105 udowodni\u0107, \u017ce ich personel zosta\u0142 odpowiednio przeszkolony i certyfikowany.<\/p>\n<p>Pozostaje jeszcze kwestia odpowiedzialno\u015bci: g\u0142\u00f3wny wykonawca odpowiada przed klientem za ca\u0142o\u015b\u0107 realizacji - w tym za b\u0142\u0119dy pope\u0142nione przez podwykonawc\u00f3w. Jasno sformu\u0142owany<span>\u00a0<\/span><a href=\"https:\/\/global-business-recruiting.de\/pl\/wiedziec\/klauzule-umowne-dotyczace-podwykonawcow\/\">Umowa z podwykonawc\u0105<\/a><span>\u00a0<\/span>z jasnymi przepisami dotycz\u0105cymi odpowiedzialno\u015bci jest zatem niezb\u0119dna. Wi\u0119cej na temat podstawy umownej:<span>\u00a0<\/span><a href=\"https:\/\/global-business-recruiting.de\/pl\/wiedziec\/umowa-o-swiadczenie-uslug-a-umowa-o-dzielo\/\">Umowa o \u015bwiadczenie us\u0142ug a umowa o dzie\u0142o<\/a>.<\/p>\n<h2>Jak mo\u017cemy Ci pom\u00f3c?<\/h2>\n<p>Global Business Recruiting od ponad 25 lat specjalizuje si\u0119 w sektorze budowlanym i pracach pokrewnych. Po\u015bredniczymy<span>\u00a0<\/span><a href=\"https:\/\/global-business-recruiting.de\/pl\/oddzialy\/przemysl-budowlany\/\">Wyspecjalizowany personel z Europy Wschodniej<\/a><span>\u00a0<\/span>do projekt\u00f3w rozbi\u00f3rkowych dowolnej wielko\u015bci.<\/p>\n<p>Nasi pracownicy posiadaj\u0105 wszystkie najnowsze dokumenty i licencje. S\u0105 szybko dost\u0119pni i zazwyczaj mog\u0105 zosta\u0107 zatrudnieni w ci\u0105gu tygodnia. Wszyscy pracownicy m\u00f3wi\u0105 po niemiecku i s\u0105 zaznajomieni z niemieck\u0105 kultur\u0105 pracy.<\/p>\n<h2>Cz\u0119sto zadawane pytania dotycz\u0105ce podwykonawc\u00f3w w bran\u017cy rozbi\u00f3rkowej<\/h2>\n<\/div><\/div><div class=\"w-separator size_small\"><\/div><div class=\"w-tabs style_default switch_click accordion type_togglable has_scrolling\" style=\"--sections-title-size:inherit\"><div class=\"w-tabs-sections titles-align_none icon_chevron cpos_right\"><div class=\"w-tabs-section\" id=\"p078\" itemscope itemprop=\"mainEntity\" itemtype=\"https:\/\/schema.org\/Question\"><button class=\"w-tabs-section-header\" aria-controls=\"content-p078\" aria-expanded=\"false\"><div class=\"w-tabs-section-title\" itemprop=\"name\">Jakich kwalifikacji potrzebuj\u0105 podwykonawcy do prac rozbi\u00f3rkowych?<\/div><div class=\"w-tabs-section-control\"><\/div><\/button><div  class=\"w-tabs-section-content\" id=\"content-p078\" itemscope itemprop=\"acceptedAnswer\" itemtype=\"https:\/\/schema.org\/Answer\"><div class=\"w-tabs-section-content-h i-cf\" itemprop=\"text\"><div class=\"wpb_text_column\"><div class=\"wpb_wrapper\"><p>Podwykonawcy prac rozbi\u00f3rkowych wymagaj\u0105 r\u00f3\u017cnych kwalifikacji w zale\u017cno\u015bci od zadania: Szkolenie zgodne z TRGS 519 jest obowi\u0105zkowe w przypadku prac z azbestem. Licencja zgodna z ustaw\u0105 o materia\u0142ach wybuchowych jest wymagana do pracy z materia\u0142ami wybuchowymi. Ponadto wymagane s\u0105 dowody bezpiecze\u0144stwa pracy, licencje operator\u00f3w maszyn oraz, w zale\u017cno\u015bci od kraju zwi\u0105zkowego, licencje handlowe.<\/p>\n<\/div><\/div><\/div><\/div><\/div><div class=\"w-tabs-section\" id=\"m187\" itemscope itemprop=\"mainEntity\" itemtype=\"https:\/\/schema.org\/Question\"><button class=\"w-tabs-section-header\" aria-controls=\"content-m187\" aria-expanded=\"false\"><div class=\"w-tabs-section-title\" itemprop=\"name\">Kto ponosi odpowiedzialno\u015b\u0107 za szkody wyrz\u0105dzone przez podwykonawc\u00f3w rozbi\u00f3rki?<\/div><div class=\"w-tabs-section-control\"><\/div><\/button><div  class=\"w-tabs-section-content\" id=\"content-m187\" itemscope itemprop=\"acceptedAnswer\" itemtype=\"https:\/\/schema.org\/Answer\"><div class=\"w-tabs-section-content-h i-cf\" itemprop=\"text\"><div class=\"wpb_text_column\"><div class=\"wpb_wrapper\"><p>Zasadniczo podwykonawca ponosi odpowiedzialno\u015b\u0107 za szkody spowodowane jego prac\u0105. G\u0142\u00f3wny wykonawca mo\u017ce jednak ponosi\u0107 solidarn\u0105 odpowiedzialno\u015b\u0107 wobec klienta. Odpowiedzialno\u015b\u0107 powinna by\u0107 zatem jasno uregulowana w umowie podwykonawczej i nale\u017cy przedstawi\u0107 dow\u00f3d posiadania przez podwykonawc\u0119 wystarczaj\u0105cego ubezpieczenia od odpowiedzialno\u015bci cywilnej.<\/p>\n<\/div><\/div><\/div><\/div><\/div><div class=\"w-tabs-section\" id=\"u25f\" itemscope itemprop=\"mainEntity\" itemtype=\"https:\/\/schema.org\/Question\"><button class=\"w-tabs-section-header\" aria-controls=\"content-u25f\" aria-expanded=\"false\"><div class=\"w-tabs-section-title\" itemprop=\"name\">Jak regulowana jest utylizacja materia\u0142\u00f3w rozbi\u00f3rkowych?<\/div><div class=\"w-tabs-section-control\"><\/div><\/button><div  class=\"w-tabs-section-content\" id=\"content-u25f\" itemscope itemprop=\"acceptedAnswer\" itemtype=\"https:\/\/schema.org\/Answer\"><div class=\"w-tabs-section-content-h i-cf\" itemprop=\"text\"><div class=\"wpb_text_column\"><div class=\"wpb_wrapper\"><p>Utylizacja materia\u0142\u00f3w rozbi\u00f3rkowych jest w Niemczech \u015bci\u015ble regulowana. Odpady mineralne, zanieczyszczenia i odpady niebezpieczne musz\u0105 by\u0107 zbierane oddzielnie i utylizowane zgodnie z wymogami ustawy o gospodarce odpadami o zamkni\u0119tym obiegu substancji (KrWG). Podwykonawcy musz\u0105 prowadzi\u0107 ewidencj\u0119 utylizacji odpad\u00f3w i s\u0105 odpowiedzialni za prawid\u0142ow\u0105 utylizacj\u0119 odpad\u00f3w.<\/p>\n<\/div><\/div><\/div><\/div><\/div><div class=\"w-tabs-section\" id=\"g32d\" itemscope itemprop=\"mainEntity\" itemtype=\"https:\/\/schema.org\/Question\"><button class=\"w-tabs-section-header\" aria-controls=\"content-g32d\" aria-expanded=\"false\"><div class=\"w-tabs-section-title\" itemprop=\"name\">Jak szybko dost\u0119pni s\u0105 podwykonawcy rozbi\u00f3rkowi z Global Business Recruiting?<\/div><div class=\"w-tabs-section-control\"><\/div><\/button><div  class=\"w-tabs-section-content\" id=\"content-g32d\" itemscope itemprop=\"acceptedAnswer\" itemtype=\"https:\/\/schema.org\/Answer\"><div class=\"w-tabs-section-content-h i-cf\" itemprop=\"text\"><div class=\"wpb_text_column\"><div class=\"wpb_wrapper\"><p>Z regu\u0142y jeste\u015bmy w stanie zapewni\u0107 wykwalifikowanych specjalist\u00f3w ds. rozbi\u00f3rki w ci\u0105gu tygodnia. Wszyscy pracownicy posiadaj\u0105 niezb\u0119dne dokumenty, m\u00f3wi\u0105 po niemiecku i s\u0105 zaznajomieni z niemieckimi normami bezpiecze\u0144stwa.<\/p>\n<\/div><\/div><\/div><\/div><\/div><div class=\"w-tabs-section\" id=\"s425\" itemscope itemprop=\"mainEntity\" itemtype=\"https:\/\/schema.org\/Question\"><button class=\"w-tabs-section-header\" aria-controls=\"content-s425\" aria-expanded=\"false\"><div class=\"w-tabs-section-title\" itemprop=\"name\">Kt\u00f3re kraje s\u0105 szczeg\u00f3lnie dobrze reprezentowane w Global Business Recruiting dla pracownik\u00f3w wyburzeniowych?<\/div><div class=\"w-tabs-section-control\"><\/div><\/button><div  class=\"w-tabs-section-content\" id=\"content-s425\" itemscope itemprop=\"acceptedAnswer\" itemtype=\"https:\/\/schema.org\/Answer\"><div class=\"w-tabs-section-content-h i-cf\" itemprop=\"text\"><div class=\"wpb_text_column\"><div class=\"wpb_wrapper\"><p>Rekrutujemy pracownik\u00f3w rozbi\u00f3rkowych g\u0142\u00f3wnie z Polski, S\u0142owacji, Czech, W\u0119gier i Rumunii. Specjali\u015bci ci maj\u0105 wieloletnie do\u015bwiadczenie w rozbi\u00f3rkach i wyburzeniach oraz s\u0105 przyzwyczajeni do niemieckich standard\u00f3w jako\u015bciowych.<\/p>\n<\/div><\/div><\/div><\/div><\/div><\/div><\/div><\/div><\/div><\/div><\/div><\/section>","protected":false},"excerpt":{"rendered":"Der Einsatz von\u00a0Subunternehmern im Bereich des Abrisses\u00a0von Bauwerken ist heutzutage g\u00e4ngige Praxis. Diese Unternehmen oder Einzelpersonen werden oft engagiert, um spezialisierte Aufgaben zu \u00fcbernehmen. Sie k\u00f6nnen entweder zu komplex oder zu arbeitsintensiv sein, als dass sie von den Hauptauftragnehmern selbst durchgef\u00fchrt werden k\u00f6nnten. Doch die Zusammenarbeit mit Subunternehmern im Abrissbau birgt sowohl Chancen als auch...","protected":false},"author":1,"featured_media":11140,"parent":9347,"menu_order":0,"comment_status":"closed","ping_status":"closed","template":"","meta":{"_acf_changed":false,"footnotes":""},"class_list":["post-9802","page","type-page","status-publish","has-post-thumbnail","hentry"],"acf":[],"_links":{"self":[{"href":"https:\/\/global-business-recruiting.de\/pl\/wp-json\/wp\/v2\/pages\/9802","targetHints":{"allow":["GET"]}}],"collection":[{"href":"https:\/\/global-business-recruiting.de\/pl\/wp-json\/wp\/v2\/pages"}],"about":[{"href":"https:\/\/global-business-recruiting.de\/pl\/wp-json\/wp\/v2\/types\/page"}],"author":[{"embeddable":true,"href":"https:\/\/global-business-recruiting.de\/pl\/wp-json\/wp\/v2\/users\/1"}],"replies":[{"embeddable":true,"href":"https:\/\/global-business-recruiting.de\/pl\/wp-json\/wp\/v2\/comments?post=9802"}],"version-history":[{"count":6,"href":"https:\/\/global-business-recruiting.de\/pl\/wp-json\/wp\/v2\/pages\/9802\/revisions"}],"predecessor-version":[{"id":11205,"href":"https:\/\/global-business-recruiting.de\/pl\/wp-json\/wp\/v2\/pages\/9802\/revisions\/11205"}],"up":[{"embeddable":true,"href":"https:\/\/global-business-recruiting.de\/pl\/wp-json\/wp\/v2\/pages\/9347"}],"wp:featuredmedia":[{"embeddable":true,"href":"https:\/\/global-business-recruiting.de\/pl\/wp-json\/wp\/v2\/media\/11140"}],"wp:attachment":[{"href":"https:\/\/global-business-recruiting.de\/pl\/wp-json\/wp\/v2\/media?parent=9802"}],"curies":[{"name":"wp","href":"https:\/\/api.w.org\/{rel}","templated":true}]}}