{"id":9808,"date":"2026-03-11T10:23:19","date_gmt":"2026-03-11T10:23:19","guid":{"rendered":"https:\/\/global-business-recruiting.de\/?page_id=9808"},"modified":"2026-03-29T12:52:12","modified_gmt":"2026-03-29T12:52:12","slug":"przeglad-typow-zurawi","status":"publish","type":"page","link":"https:\/\/global-business-recruiting.de\/pl\/wissen\/krantypen-uebersicht\/","title":{"rendered":"Jakie s\u0105 rodzaje d\u017awig\u00f3w i gdzie s\u0105 one u\u017cywane?"},"content":{"rendered":"<section class=\"l-section wpb_row height_custom\"><div class=\"l-section-h i-cf\"><div class=\"g-cols vc_row via_grid cols_1 laptops-cols_inherit tablets-cols_inherit mobiles-cols_1 valign_top type_default stacking_default\"><div class=\"wpb_column vc_column_container\"><div class=\"vc_column-inner\"><div class=\"wpb_text_column\"><div class=\"wpb_wrapper\"><p>W wielu bran\u017cach nic bez nich nie dzia\u0142a. Same \u017curawie s\u0105 tak r\u00f3\u017cnorodne, jak obszary ich zastosowania. Niniejszy artyku\u0142 zawiera przegl\u0105d r\u00f3\u017cnych typ\u00f3w \u017curawi oraz wyja\u015bnia ich charakterystyk\u0119 i obszary zastosowa\u0144.<\/p>\n<h2>R\u00f3\u017cne typy d\u017awig\u00f3w i ich w\u0142a\u015bciwo\u015bci<\/h2>\n<p>D\u017awigi s\u0105 u\u017cywane w magazynach, portach, na stacjach kolejowych i w wielu innych miejscach. Charakterystyka \u017curawi zmienia si\u0119 r\u00f3wnie\u017c w zale\u017cno\u015bci od miejsca ich u\u017cycia i rodzaju \u0142adunku. Poni\u017cej znajduje si\u0119 przegl\u0105d najwa\u017cniejszych typ\u00f3w d\u017awig\u00f3w i ich typowych miejsc zastosowania.<\/p>\n<h2>\u017buraw wie\u017cowy<\/h2>\n<p>\u017burawie wie\u017cowe s\u0105 tym, co wi\u0119kszo\u015b\u0107 ludzi wyobra\u017ca sobie jako \u201ed\u017awig\u201c. S\u0105 one najcz\u0119\u015bciej u\u017cywane na placach budowy, a dok\u0142adniej w projektach budowlanych. Maj\u0105 du\u017cy ud\u017awig i zasi\u0119g oraz mog\u0105 skutecznie transportowa\u0107 materia\u0142y budowlane, takie jak beton, stal lub du\u017ce elementy.<\/p>\n<h2>\u017buraw samojezdny<\/h2>\n<p>W przeciwie\u0144stwie do \u017curawia wie\u017cowego, \u017curaw samojezdny mo\u017ce by\u0107 u\u017cywany bardzo elastycznie, poniewa\u017c jest zamontowany na poje\u017adzie i nie jest stacjonarny. \u017burawie samojezdne mo\u017cna r\u00f3wnie\u017c stosunkowo szybko ustawi\u0107 i zdemontowa\u0107. Wysoki stopie\u0144 elastyczno\u015bci sprawia, \u017ce s\u0105 one idealne do tymczasowego u\u017cytku lub kr\u00f3tkoterminowych prac d\u017awigowych. S\u0105 one cz\u0119sto wykorzystywane w sektorze infrastruktury i monta\u017cu, na przyk\u0142ad przy budowie most\u00f3w, w przemy\u015ble lub w akcjach ratowniczych.<\/p>\n<h2>\u017buraw do za\u0142adunku ci\u0119\u017car\u00f3wek<\/h2>\n<p>\u017buraw prze\u0142adunkowy montowany na ci\u0119\u017car\u00f3wce to swego rodzaju po\u0142\u0105czenie pojazdu transportowego i \u017curawia. Jest niezwykle kompaktowy i dlatego mo\u017ce by\u0107 u\u017cywany tam, gdzie przestrze\u0144 jest ograniczona - na przyk\u0142ad na w\u0105skich placach budowy.<\/p>\n<h2>\u017buraw g\u0105sienicowy<\/h2>\n<p>\u017burawie g\u0105sienicowe to bardzo wydajne, wszechstronne d\u017awigi. Charakteryzuj\u0105 si\u0119 stosunkowo du\u017cym ud\u017awigiem i stabilno\u015bci\u0105. \u017burawie te umo\u017cliwiaj\u0105 bezpieczne podnoszenie ci\u0119\u017ckich \u0142adunk\u00f3w nawet bez dodatkowych konstrukcji wsporczych. Dzi\u0119ki podwoziu g\u0105sienicowemu mog\u0105 by\u0107 r\u00f3wnie\u017c u\u017cywane na nier\u00f3wnym lub mi\u0119kkim terenie, np. w b\u0142ocie.<\/p>\n<h2>Suwnica<\/h2>\n<p>Suwnice s\u0105 zwykle u\u017cywane w wi\u0119kszych halach produkcyjnych lub magazynach. Przemieszczaj\u0105 one ci\u0119\u017ckie \u0142adunki na szynach. Suwnica charakteryzuje si\u0119 wysok\u0105 precyzj\u0105 podczas podnoszenia i transportowania \u0142adunk\u00f3w, dlatego idealnie nadaje si\u0119 do zastosowa\u0144 przemys\u0142owych, na przyk\u0142ad w produkcji.<\/p>\n<h2>Suwnica bramowa<\/h2>\n<p>Suwnica bramowa jest podobna do suwnicy pomostowej, ale ma podpory na ziemi. Umo\u017cliwia to podnoszenie szczeg\u00f3lnie ci\u0119\u017ckich \u0142adunk\u00f3w, takich jak kontenery. Suwnice bramowe s\u0105 najcz\u0119\u015bciej u\u017cywane w stoczniach, portach i zak\u0142adach przemys\u0142owych, gdzie musz\u0105 sprawnie i niezawodnie przenosi\u0107 du\u017ce i ci\u0119\u017ckie \u0142adunki.<\/p>\n<h2>Inne typy \u017curawi w skr\u00f3cie<\/h2>\n<p>Opr\u00f3cz wymienionych g\u0142\u00f3wnych typ\u00f3w istniej\u0105 inne specjalistyczne \u017curawie, kt\u00f3re odgrywaj\u0105 wa\u017cn\u0105 rol\u0119 w niekt\u00f3rych bran\u017cach i scenariuszach zastosowa\u0144:<\/p>\n<p><strong>\u017buraw:<\/strong><span>\u00a0<\/span>Stosowany g\u0142\u00f3wnie na platformach wiertniczych i w przemy\u015ble morskim. Szczeg\u00f3lnie nadaje si\u0119 do pracy w ograniczonych przestrzeniach i przy bardzo du\u017cych obci\u0105\u017ceniach.<\/p>\n<p><strong>\u017buraw p\u0142ywaj\u0105cy:<\/strong><span>\u00a0<\/span>Jak sama nazwa wskazuje, d\u017awig ten jest zamontowany na p\u0142ywaj\u0105cym no\u015bniku. Wykorzystywany jest g\u0142\u00f3wnie w budownictwie portowym, stoczniowym i pracach podwodnych - sektorach, w kt\u00f3rych Global Business Recruiting r\u00f3wnie\u017c zatrudnia wykwalifikowanych pracownik\u00f3w.<\/p>\n<p><strong>\u017buraw wspornikowy:<\/strong><span>\u00a0<\/span>Znany r\u00f3wnie\u017c jako \u017curaw obrotowy przy\u015bcienny. Jest on przymocowany do \u015bciany lub filaru i obraca si\u0119 wok\u00f3\u0142 w\u0142asnej osi. W warsztatach, halach produkcyjnych i magazynach u\u0142atwia przenoszenie \u0142adunk\u00f3w bezpo\u015brednio w miejscu pracy.<\/p>\n<p><strong>Koparka linowa z wyposa\u017ceniem d\u017awigowym:<\/strong><span>\u00a0<\/span>W bran\u017cy wyburzeniowej i demonta\u017cowej koparki s\u0105 cz\u0119sto \u0142\u0105czone z osprz\u0119tem d\u017awigowym. Umo\u017cliwiaj\u0105 one ukierunkowane podnoszenie i przenoszenie element\u00f3w podczas demonta\u017cu budynk\u00f3w.<\/p>\n<h2>Jak znale\u017a\u0107 wykwalifikowany personel do obs\u0142ugi d\u017awig\u00f3w?<\/h2>\n<p>\u017burawie wymienione w tym artykule musz\u0105 by\u0107 obs\u0142ugiwane przez do\u015bwiadczonych operator\u00f3w \u017curawi. Do obs\u0142ugi wymagane jest specjalne szkolenie i wa\u017cna licencja na d\u017awig.<\/p>\n<p>Zatrudnienie odpowiednio wykwalifikowanych specjalist\u00f3w jest jednak du\u017cym wyzwaniem dla wielu niemieckich firm. Niedob\u00f3r wykwalifikowanej si\u0142y roboczej daje o sobie zna\u0107.<\/p>\n<p>Aby znale\u017a\u0107 wykwalifikowany personel specjalistyczny dla swojej firmy pomimo niedoboru wykwalifikowanej si\u0142y roboczej, zaleca si\u0119 prac\u0119 tymczasow\u0105. Jest to rozwi\u0105zanie kadrowe, kt\u00f3re cieszy si\u0119 du\u017c\u0105 popularno\u015bci\u0105 dzi\u0119ki swojej elastyczno\u015bci i efektywno\u015bci kosztowej.<\/p>\n<p>Praca tymczasowa oznacza wypo\u017cyczenie si\u0142y roboczej od innej firmy na okre\u015blony czas. Pracownicy nie s\u0105 zatem zatrudnieni przez Twoj\u0105 firm\u0119, jak ma to miejsce w przypadku tradycyjnego sta\u0142ego zatrudnienia. Dla Ciebie oznacza to wi\u0119ksz\u0105 elastyczno\u015b\u0107, ni\u017csze koszty i mo\u017cliwo\u015b\u0107 tymczasowego zatrudnienia nowych pracownik\u00f3w w kr\u00f3tkim czasie, je\u015bli zajdzie taka potrzeba.<\/p>\n<h2>Znajd\u017a wyspecjalizowany personel dla r\u00f3\u017cnych typ\u00f3w d\u017awig\u00f3w<\/h2>\n<p>Teraz ju\u017c wiesz, jakie s\u0105 r\u00f3\u017cne rodzaje \u017curawi, jakie cechy je charakteryzuj\u0105 i jak znale\u017a\u0107 odpowiedni personel do ich obs\u0142ugi.<\/p>\n<p>Je\u015bli masz dodatkowe pytania na temat d\u017awig\u00f3w - lub je\u015bli chcesz wiedzie\u0107, w jaki spos\u00f3b mo\u017cemy pom\u00f3c Ci zatrudni\u0107 wykwalifikowany personel w Twojej firmie poprzez prac\u0119 tymczasow\u0105 - skontaktuj si\u0119 z Global Business Recruiting. Czekamy na Twoje zapytanie.<\/p>\n<h2>Cz\u0119sto zadawane pytania dotycz\u0105ce typ\u00f3w d\u017awig\u00f3w i ich operator\u00f3w<\/h2>\n<\/div><\/div><div class=\"w-separator size_small\"><\/div><div class=\"w-tabs style_default switch_click accordion type_togglable has_scrolling\" style=\"--sections-title-size:inherit\"><div class=\"w-tabs-sections titles-align_none icon_chevron cpos_right\"><div class=\"w-tabs-section\" id=\"w91c\" itemscope itemprop=\"mainEntity\" itemtype=\"https:\/\/schema.org\/Question\"><button class=\"w-tabs-section-header\" aria-controls=\"content-w91c\" aria-expanded=\"false\"><div class=\"w-tabs-section-title\" itemprop=\"name\">Kt\u00f3ry typ \u017curawia najlepiej nadaje si\u0119 do projekt\u00f3w budowlanych?<\/div><div class=\"w-tabs-section-control\"><\/div><\/button><div  class=\"w-tabs-section-content\" id=\"content-w91c\" itemscope itemprop=\"acceptedAnswer\" itemtype=\"https:\/\/schema.org\/Answer\"><div class=\"w-tabs-section-content-h i-cf\" itemprop=\"text\"><div class=\"wpb_text_column\"><div class=\"wpb_wrapper\"><p>\u017buraw wie\u017cowy jest pierwszym wyborem w budownictwie. Oferuje du\u017cy ud\u017awig i zasi\u0119g, ma stacjonarn\u0105 konstrukcj\u0119 i umo\u017cliwia wydajne podnoszenie materia\u0142\u00f3w budowlanych, takich jak beton, stal i du\u017ce elementy na kilku kondygnacjach.<\/p>\n<\/div><\/div><\/div><\/div><\/div><div class=\"w-tabs-section\" id=\"ca6b\" itemscope itemprop=\"mainEntity\" itemtype=\"https:\/\/schema.org\/Question\"><button class=\"w-tabs-section-header\" aria-controls=\"content-ca6b\" aria-expanded=\"false\"><div class=\"w-tabs-section-title\" itemprop=\"name\">Jaka jest r\u00f3\u017cnica mi\u0119dzy \u017curawiem samojezdnym a g\u0105sienicowym?<\/div><div class=\"w-tabs-section-control\"><\/div><\/button><div  class=\"w-tabs-section-content\" id=\"content-ca6b\" itemscope itemprop=\"acceptedAnswer\" itemtype=\"https:\/\/schema.org\/Answer\"><div class=\"w-tabs-section-content-h i-cf\" itemprop=\"text\"><div class=\"wpb_text_column\"><div class=\"wpb_wrapper\"><p>\u017buraw samojezdny jest zamontowany na poje\u017adzie drogowym i mo\u017ce szybko przemieszcza\u0107 si\u0119 mi\u0119dzy lokalizacjami. Z kolei \u017curaw g\u0105sienicowy porusza si\u0119 na podwoziu g\u0105sienicowym, co zapewnia mu stabilno\u015b\u0107 nawet na nier\u00f3wnym terenie. Nadaje si\u0119 do ci\u0119\u017cszych \u0142adunk\u00f3w i bardziej wymagaj\u0105cych warunk\u00f3w gruntowych, ale jest mniej mobilny w ruchu drogowym.<\/p>\n<\/div><\/div><\/div><\/div><\/div><div class=\"w-tabs-section\" id=\"nbc9\" itemscope itemprop=\"mainEntity\" itemtype=\"https:\/\/schema.org\/Question\"><button class=\"w-tabs-section-header\" aria-controls=\"content-nbc9\" aria-expanded=\"false\"><div class=\"w-tabs-section-title\" itemprop=\"name\">Kt\u00f3ra licencja na d\u017awig jest wymagana dla danego typu d\u017awigu?<\/div><div class=\"w-tabs-section-control\"><\/div><\/button><div  class=\"w-tabs-section-content\" id=\"content-nbc9\" itemscope itemprop=\"acceptedAnswer\" itemtype=\"https:\/\/schema.org\/Answer\"><div class=\"w-tabs-section-content-h i-cf\" itemprop=\"text\"><div class=\"wpb_text_column\"><div class=\"wpb_wrapper\"><p>W Niemczech nie ma ujednoliconych regulacji prawnych dla wszystkich typ\u00f3w d\u017awig\u00f3w. Jednak stowarzyszenia ubezpieczeniowe pracodawc\u00f3w, w szczeg\u00f3lno\u015bci BG BAU i BGHM, wymagaj\u0105 udokumentowanych kwalifikacji do obs\u0142ugi d\u017awig\u00f3w. W zale\u017cno\u015bci od typu \u017curawia (\u017curaw wie\u017cowy, \u017curaw samojezdny, suwnica itp.) wymagane s\u0105 r\u00f3\u017cne kursy szkoleniowe i egzaminy.<\/p>\n<\/div><\/div><\/div><\/div><\/div><div class=\"w-tabs-section\" id=\"dd06\" itemscope itemprop=\"mainEntity\" itemtype=\"https:\/\/schema.org\/Question\"><button class=\"w-tabs-section-header\" aria-controls=\"content-dd06\" aria-expanded=\"false\"><div class=\"w-tabs-section-title\" itemprop=\"name\">Jak szybko Global Business Recruiting mo\u017ce zapewni\u0107 operator\u00f3w d\u017awig\u00f3w?<\/div><div class=\"w-tabs-section-control\"><\/div><\/button><div  class=\"w-tabs-section-content\" id=\"content-dd06\" itemscope itemprop=\"acceptedAnswer\" itemtype=\"https:\/\/schema.org\/Answer\"><div class=\"w-tabs-section-content-h i-cf\" itemprop=\"text\"><div class=\"wpb_text_column\"><div class=\"wpb_wrapper\"><p>Zazwyczaj mo\u017cemy zapewni\u0107 wykwalifikowanych operator\u00f3w d\u017awig\u00f3w w ci\u0105gu tygodnia. Wszyscy pracownicy posiadaj\u0105 niezb\u0119dne certyfikaty i licencje d\u017awigowe, m\u00f3wi\u0105 po niemiecku i s\u0105 zaznajomieni z niemieckimi normami bezpiecze\u0144stwa.<\/p>\n<\/div><\/div><\/div><\/div><\/div><div class=\"w-tabs-section\" id=\"fe2b\" itemscope itemprop=\"mainEntity\" itemtype=\"https:\/\/schema.org\/Question\"><button class=\"w-tabs-section-header\" aria-controls=\"content-fe2b\" aria-expanded=\"false\"><div class=\"w-tabs-section-title\" itemprop=\"name\">W jakich bran\u017cach Global Business Recruiting zatrudnia operator\u00f3w d\u017awig\u00f3w i podno\u015bnik\u00f3w?<\/div><div class=\"w-tabs-section-control\"><\/div><\/button><div  class=\"w-tabs-section-content\" id=\"content-fe2b\" itemscope itemprop=\"acceptedAnswer\" itemtype=\"https:\/\/schema.org\/Answer\"><div class=\"w-tabs-section-content-h i-cf\" itemprop=\"text\"><div class=\"wpb_text_column\"><div class=\"wpb_wrapper\"><p>Global Business Recruiting zatrudnia operator\u00f3w \u017curawi i operator\u00f3w maszyn d\u017awigowych w budownictwie, przemy\u015ble stoczniowym, przemy\u015ble, operacjach portowych oraz projektach infrastrukturalnych i monta\u017cowych - z Polski, S\u0142owacji, Czech, W\u0119gier i innych kraj\u00f3w Europy Wschodniej.<\/p>\n<\/div><\/div><\/div><\/div><\/div><\/div><\/div><\/div><\/div><\/div><\/div><\/section>","protected":false},"excerpt":{"rendered":"Ohne sie geht in vielen Branchen gar nichts. So vielf\u00e4ltig wie ihre Einsatzgebiete sind auch die Kr\u00e4ne selbst. Dieser Artikel enth\u00e4lt eine \u00dcbersicht der verschiedenen Krantypen und erl\u00e4utert deren Eigenschaften und Einsatzgebiete. Verschiedene Krantypen und ihre Eigenschaften Kr\u00e4ne kommen in Lagerhallen, in H\u00e4fen, an Bahnh\u00f6fen und vielen weiteren Orten zum Einsatz. Je nach Einsatzort und...","protected":false},"author":1,"featured_media":11142,"parent":9347,"menu_order":0,"comment_status":"closed","ping_status":"closed","template":"","meta":{"_acf_changed":false,"footnotes":""},"class_list":["post-9808","page","type-page","status-publish","has-post-thumbnail","hentry"],"acf":[],"_links":{"self":[{"href":"https:\/\/global-business-recruiting.de\/pl\/wp-json\/wp\/v2\/pages\/9808","targetHints":{"allow":["GET"]}}],"collection":[{"href":"https:\/\/global-business-recruiting.de\/pl\/wp-json\/wp\/v2\/pages"}],"about":[{"href":"https:\/\/global-business-recruiting.de\/pl\/wp-json\/wp\/v2\/types\/page"}],"author":[{"embeddable":true,"href":"https:\/\/global-business-recruiting.de\/pl\/wp-json\/wp\/v2\/users\/1"}],"replies":[{"embeddable":true,"href":"https:\/\/global-business-recruiting.de\/pl\/wp-json\/wp\/v2\/comments?post=9808"}],"version-history":[{"count":4,"href":"https:\/\/global-business-recruiting.de\/pl\/wp-json\/wp\/v2\/pages\/9808\/revisions"}],"predecessor-version":[{"id":11203,"href":"https:\/\/global-business-recruiting.de\/pl\/wp-json\/wp\/v2\/pages\/9808\/revisions\/11203"}],"up":[{"embeddable":true,"href":"https:\/\/global-business-recruiting.de\/pl\/wp-json\/wp\/v2\/pages\/9347"}],"wp:featuredmedia":[{"embeddable":true,"href":"https:\/\/global-business-recruiting.de\/pl\/wp-json\/wp\/v2\/media\/11142"}],"wp:attachment":[{"href":"https:\/\/global-business-recruiting.de\/pl\/wp-json\/wp\/v2\/media?parent=9808"}],"curies":[{"name":"wp","href":"https:\/\/api.w.org\/{rel}","templated":true}]}}