{"id":9814,"date":"2026-03-11T10:58:53","date_gmt":"2026-03-11T10:58:53","guid":{"rendered":"https:\/\/global-business-recruiting.de\/?page_id=9814"},"modified":"2026-03-29T12:54:12","modified_gmt":"2026-03-29T12:54:12","slug":"agencja-rekrutacyjna-dla-zagranicznych-specjalistow","status":"publish","type":"page","link":"https:\/\/global-business-recruiting.de\/pl\/wissen\/personalvermittlung-auslaendische-fachkraefte\/","title":{"rendered":"Rekrutacja zagranicznych specjalist\u00f3w"},"content":{"rendered":"<section class=\"l-section wpb_row height_custom\"><div class=\"l-section-h i-cf\"><div class=\"g-cols vc_row via_grid cols_1 laptops-cols_inherit tablets-cols_inherit mobiles-cols_1 valign_top type_default stacking_default\"><div class=\"wpb_column vc_column_container\"><div class=\"vc_column-inner\"><div class=\"wpb_text_column\"><div class=\"wpb_wrapper\"><p>S\u0142ynny niedob\u00f3r wykwalifikowanej si\u0142y roboczej utrzymuje si\u0119 na niemieckim rynku od lat i nie zniknie w najbli\u017cszym czasie. Przyczyn takiego stanu rzeczy jest wiele, ale nale\u017cy si\u0119 nimi zaj\u0105\u0107 osobno.<\/p>\n<p>Faktem jest, \u017ce z tego powodu pracownicy s\u0105 sprowadzani z innych kraj\u00f3w za po\u015brednictwem profesjonalnych agencji rekrutacyjnych. Ma to wiele zalet, ale tak\u017ce wyzwa\u0144. Przyjrzyjmy si\u0119 temu bli\u017cej.<\/p>\n<h2>Na jakich wykwalifikowanych pracownik\u00f3w jest obecnie du\u017ce zapotrzebowanie w Niemczech za po\u015brednictwem agencji rekrutacyjnych?<\/h2>\n<p>Istniej\u0105 r\u00f3\u017cne sektory, w kt\u00f3rych istnieje du\u017ce zapotrzebowanie na pracownik\u00f3w z zagranicy. S\u0105 to przede wszystkim nast\u0119puj\u0105ce obszary:<\/p>\n<ul>\n<li>Opiekunowie<\/li>\n<li>Specjali\u015bci IT<\/li>\n<li>In\u017cynierowie i technicy<\/li>\n<li>Technicy sanitarni i medyczni<\/li>\n<li><a href=\"https:\/\/global-business-recruiting.de\/pl\/oddzialy\/przemysl-budowlany\/\">Pracownicy budowlani i rzemie\u015blnicy<\/a><\/li>\n<\/ul>\n<p>Opiekunki w Niemczech generalnie narzekaj\u0105 na zbyt niskie zarobki i dlatego wybieraj\u0105 inne zawody. Doprowadzi\u0142o to do poszukiwania opiekun\u00f3w z zagranicy, zw\u0142aszcza z Polski, Rumunii i innych kraj\u00f3w europejskich. Opiekunowie ci s\u0105 bardzo cz\u0119sto zatrudniani w plac\u00f3wkach opieku\u0144czych, takich jak szpitale czy domy spokojnej staro\u015bci. Opieka domowa jest obecnie r\u00f3wnie\u017c bardzo poszukiwana.<\/p>\n<p>IT jest obecnie bran\u017c\u0105, kt\u00f3ra szybko rozwija si\u0119 w Niemczech. Dlatego te\u017c jest ona szczeg\u00f3lnie dotkni\u0119ta niedoborem wykwalifikowanej si\u0142y roboczej. Pracownicy s\u0105 desperacko potrzebni w obszarach cyberbezpiecze\u0144stwa, rozwoju oprogramowania i analizy danych.<\/p>\n<p>Niedob\u00f3r in\u017cynier\u00f3w i technik\u00f3w sta\u0142 si\u0119 ogromnym problemem w Niemczech. Brakuje wykwalifikowanej si\u0142y roboczej, szczeg\u00f3lnie w przemy\u015ble motoryzacyjnym, in\u017cynierii mechanicznej i elektrotechnice. Z tego powodu g\u0142\u00f3wny nacisk k\u0142adzie si\u0119 na pracownik\u00f3w z Europy Wschodniej, kt\u00f3rzy zazwyczaj maj\u0105 dobre kwalifikacje i kilkuletnie do\u015bwiadczenie.<\/p>\n<p>W ostatnich latach, opr\u00f3cz niedoboru personelu piel\u0119gniarskiego, brakuje r\u00f3wnie\u017c specjalist\u00f3w medycznych, takich jak lekarze i technicy medyczni. S\u0105 oni oczywi\u015bcie pilnie potrzebni, aby pomaga\u0107 pacjentom.<\/p>\n<p>Od wielu dziesi\u0119cioleci w bran\u017cy budowlanej zapotrzebowanie na wykwalifikowan\u0105 si\u0142\u0119 robocz\u0105 jest czym\u015b normalnym. Dlatego<span>\u00a0<\/span><a href=\"https:\/\/global-business-recruiting.de\/pl\/oddzialy\/przemysl-budowlany\/\">Pracownik budowlany<\/a>,<span>\u00a0<\/span><a href=\"https:\/\/global-business-recruiting.de\/pl\/zawody\/elektryk\/\">Elektryk<\/a>, Hydraulicy i inne wykwalifikowane zawody s\u0105 bardzo poszukiwane. Mo\u017cna tu znale\u017a\u0107 wyszkolonych specjalist\u00f3w, zw\u0142aszcza z Europy Wschodniej.<\/p>\n<h2>Jakie s\u0105 metody rekrutacji zagranicznych specjalist\u00f3w?<\/h2>\n<p>Obecnie istnieje wiele platform cyfrowych, kt\u00f3re mo\u017cna wykorzysta\u0107 do poszukiwania wykwalifikowanych pracownik\u00f3w na arenie mi\u0119dzynarodowej. Firmy rekrutacyjne maj\u0105 tutaj mo\u017cliwo\u015b\u0107 wyszukiwania takich specjalist\u00f3w, a tak\u017ce \u015bledzenia potrzeb danej firmy.<\/p>\n<p>Jednak wiele firm posiada obecnie pul\u0119 w\u0142asnych wykwalifikowanych pracownik\u00f3w, kt\u00f3rych mo\u017ce wypo\u017cyczy\u0107 odpowiednim firmom na okre\u015blony czas, je\u015bli zajdzie taka potrzeba. Ma to t\u0119 zalet\u0119 dla klient\u00f3w, \u017ce otrzymuj\u0105 rozwi\u0105zania dostosowane do ich firmy, a wykwalifikowany personel jest zwykle szybko dost\u0119pny.<\/p>\n<h2>Bezpo\u015brednie zatrudnienie vs. praca tymczasowa vs. umowa o dzie\u0142o i umowa o prac\u0119<\/h2>\n<p>Rekrutuj\u0105c zagraniczn\u0105 wykwalifikowan\u0105 si\u0142\u0119 robocz\u0105, firmy maj\u0105 trzy podstawowe opcje, kt\u00f3re r\u00f3\u017cni\u0105 si\u0119 pod wzgl\u0119dem koszt\u00f3w, elastyczno\u015bci i wymog\u00f3w prawnych:<\/p>\n<p><strong>Bezpo\u015brednie umieszczenie:<\/strong><span>\u00a0<\/span>Kandydat zostaje zatrudniony przez firm\u0119 na sta\u0142e. Agencja rekrutacyjna zajmuje si\u0119 poszukiwaniem i wst\u0119pn\u0105 selekcj\u0105. Jest to preferowane rozwi\u0105zanie w przypadku stanowisk o d\u0142ugoterminowych wymaganiach i wysokich standardach kwalifikacji.<\/p>\n<p><strong>Ustawa o pracy tymczasowej (A\u00dcG):<\/strong><span>\u00a0<\/span>Specjalista pozostaje zatrudniony przez dostawc\u0119 us\u0142ug personalnych i jest wypo\u017cyczany firmie. Zapewnia to maksymaln\u0105 elastyczno\u015b\u0107 w przypadku kr\u00f3tkoterminowych lub zwi\u0105zanych z projektem wymaga\u0144. Dostawca us\u0142ug zajmuje si\u0119 ksi\u0119gowo\u015bci\u0105 p\u0142ac, sk\u0142adkami na ubezpieczenie spo\u0142eczne i administracj\u0105 kadrow\u0105. Dowiedz si\u0119 wi\u0119cej:<span>\u00a0<\/span><a href=\"https:\/\/global-business-recruiting.de\/pl\/wiedziec\/leasing-pracowniczy-a-podwykonawstwo\/\">Zatrudnienie tymczasowe a podwykonawstwo<\/a>.<\/p>\n<p><strong>Umowa o dzie\u0142o \/ podwykonawca:<\/strong><span>\u00a0<\/span>Niezale\u017cna firma lub podwykonawca wykonuje jasno okre\u015blon\u0105 us\u0142ug\u0119. W tym przypadku nie ma integracji z dzia\u0142alno\u015bci\u0105 klienta. Wa\u017cne jest, aby odr\u00f3\u017cni\u0107 to od fa\u0142szywego samozatrudnienia. Dowiedz si\u0119 wi\u0119cej:<span>\u00a0<\/span><a href=\"https:\/\/global-business-recruiting.de\/pl\/wiedziec\/unikanie-falszywego-zatrudnienia\/\">Unikaj fikcyjnego samozatrudnienia<\/a>.<\/p>\n<h2>Jakie wyzwania wi\u0105\u017c\u0105 si\u0119 z zatrudnianiem wykwalifikowanych pracownik\u00f3w z zagranicy?<\/h2>\n<p>Istniej\u0105 wymogi prawne, kt\u00f3re musz\u0105 zosta\u0107 spe\u0142nione. Dotyczy to zar\u00f3wno pozwolenia na prac\u0119, jak i wizy w niekt\u00f3rych przypadkach. Ponadto zagraniczni wykwalifikowani pracownicy musz\u0105 przedstawi\u0107 dow\u00f3d kwalifikacji uznawanych w Niemczech i wykaza\u0107 si\u0119 odpowiedni\u0105 znajomo\u015bci\u0105 j\u0119zyka.<\/p>\n<p>Zale\u017cy to od sektora, czy kwalifikacje z zagranicy musz\u0105 by\u0107 uznawane oddzielnie w Niemczech. Dlatego wa\u017cne jest, aby mie\u0107 po swojej stronie do\u015bwiadczon\u0105 agencj\u0119 rekrutacyjn\u0105.<\/p>\n<p>Inne typowe wyzwania w rekrutacji mi\u0119dzynarodowej:<\/p>\n<ul>\n<li><strong>Profesjonalne uznanie:<\/strong><span>\u00a0<\/span>W zawodach regulowanych, takich jak in\u017cynieria elektryczna lub piel\u0119gniarstwo, wymagane jest formalne uznanie zagranicznych kwalifikacji. Dowiedz si\u0119 wi\u0119cej:<span>\u00a0<\/span><a href=\"https:\/\/global-business-recruiting.de\/pl\/wiedziec\/profesjonalne-uznanie-dla-elektrykow-za-granica\/\">Profesjonalne uznanie dla elektryk\u00f3w z zagranicy<\/a>.<\/li>\n<li><strong>Certyfikat A1:<\/strong><span>\u00a0<\/span>W przypadku delegowania do kraj\u00f3w UE ka\u017cdy pracownik musi posiada\u0107 za\u015bwiadczenie A1 przed rozpocz\u0119ciem pracy. Dowiedz si\u0119 wi\u0119cej:<span>\u00a0<\/span><a href=\"https:\/\/global-business-recruiting.de\/pl\/wiedziec\/certyfikat-a1\/\">Za\u015bwiadczenie A1 - obowi\u0105zkowe w przypadku oddelegowania<\/a>.<\/li>\n<li><strong>Bariery j\u0119zykowe:<\/strong><span>\u00a0<\/span>Podstawowa znajomo\u015b\u0107 j\u0119zyka niemieckiego jest obowi\u0105zkowa w wielu miejscach pracy w Niemczech - zw\u0142aszcza na budowach ze wzgl\u0119d\u00f3w bezpiecze\u0144stwa.<\/li>\n<li><strong>Integracja kulturowa:<\/strong><span>\u00a0<\/span>Dobry program wprowadzaj\u0105cy i jasne struktury komunikacji s\u0105 kluczowe dla udanej wsp\u00f3\u0142pracy.<\/li>\n<\/ul>\n<h2>Najcz\u0119\u015bciej zadawane pytania dotycz\u0105ce rekrutacji zagranicznych specjalist\u00f3w<\/h2>\n<\/div><\/div><div class=\"w-separator size_small\"><\/div><div class=\"w-tabs style_default switch_click accordion type_togglable has_scrolling\" style=\"--sections-title-size:inherit\"><div class=\"w-tabs-sections titles-align_none icon_chevron cpos_right\"><div class=\"w-tabs-section\" id=\"xc90\" itemscope itemprop=\"mainEntity\" itemtype=\"https:\/\/schema.org\/Question\"><button class=\"w-tabs-section-header\" aria-controls=\"content-xc90\" aria-expanded=\"false\"><div class=\"w-tabs-section-title\" itemprop=\"name\">Z jakich kraj\u00f3w Global Business Recruiting rekrutuje specjalist\u00f3w?<\/div><div class=\"w-tabs-section-control\"><\/div><\/button><div  class=\"w-tabs-section-content\" id=\"content-xc90\" itemscope itemprop=\"acceptedAnswer\" itemtype=\"https:\/\/schema.org\/Answer\"><div class=\"w-tabs-section-content-h i-cf\" itemprop=\"text\"><div class=\"wpb_text_column\"><div class=\"wpb_wrapper\"><p>Global Business Recruiting zatrudnia specjalist\u00f3w przede wszystkim z Polski, S\u0142owacji, Czech, W\u0119gier i Rumunii - ale tak\u017ce z innych kraj\u00f3w Europy Wschodniej i \u015bwiata. Nasza sie\u0107 obejmuje ponad 100 000 specjalist\u00f3w z r\u00f3\u017cnych sektor\u00f3w.<\/p>\n<\/div><\/div><\/div><\/div><\/div><div class=\"w-tabs-section\" id=\"kd8b\" itemscope itemprop=\"mainEntity\" itemtype=\"https:\/\/schema.org\/Question\"><button class=\"w-tabs-section-header\" aria-controls=\"content-kd8b\" aria-expanded=\"false\"><div class=\"w-tabs-section-title\" itemprop=\"name\">Jak d\u0142ugo trwa zatrudnienie wykwalifikowanego pracownika z zagranicy?<\/div><div class=\"w-tabs-section-control\"><\/div><\/button><div  class=\"w-tabs-section-content\" id=\"content-kd8b\" itemscope itemprop=\"acceptedAnswer\" itemtype=\"https:\/\/schema.org\/Answer\"><div class=\"w-tabs-section-content-h i-cf\" itemprop=\"text\"><div class=\"wpb_text_column\"><div class=\"wpb_wrapper\"><p>Wykwalifikowani pracownicy z kraj\u00f3w UE, kt\u00f3rzy posiadaj\u0105 ju\u017c wszystkie niezb\u0119dne dokumenty, mog\u0105 zazwyczaj zosta\u0107 zatrudnieni w ci\u0105gu tygodnia. W przypadku obywateli pa\u0144stw trzecich lub je\u015bli nadal trzeba ubiega\u0107 si\u0119 o wizy i pozwolenia na prac\u0119, mo\u017ce to potrwa\u0107 od kilku tygodni do miesi\u0119cy.<\/p>\n<\/div><\/div><\/div><\/div><\/div><div class=\"w-tabs-section\" id=\"pe5d\" itemscope itemprop=\"mainEntity\" itemtype=\"https:\/\/schema.org\/Question\"><button class=\"w-tabs-section-header\" aria-controls=\"content-pe5d\" aria-expanded=\"false\"><div class=\"w-tabs-section-title\" itemprop=\"name\">Czy zagraniczni pracownicy wykwalifikowani musz\u0105 uznawa\u0107 swoje kwalifikacje zawodowe w Niemczech?<\/div><div class=\"w-tabs-section-control\"><\/div><\/button><div  class=\"w-tabs-section-content\" id=\"content-pe5d\" itemscope itemprop=\"acceptedAnswer\" itemtype=\"https:\/\/schema.org\/Answer\"><div class=\"w-tabs-section-content-h i-cf\" itemprop=\"text\"><div class=\"wpb_text_column\"><div class=\"wpb_wrapper\"><p>Zale\u017cy to od wykonywanego zawodu. W przypadku zawod\u00f3w regulowanych - takich jak elektrycy, piel\u0119gniarki czy lekarze - wymagane jest formalne uznanie przez w\u0142a\u015bciwy niemiecki organ. W przypadku zawod\u00f3w nieregulowanych zazwyczaj wystarczaj\u0105ce jest potwierdzenie kwalifikacji w postaci certyfikat\u00f3w i referencji.<\/p>\n<\/div><\/div><\/div><\/div><\/div><div class=\"w-tabs-section\" id=\"tf2c\" itemscope itemprop=\"mainEntity\" itemtype=\"https:\/\/schema.org\/Question\"><button class=\"w-tabs-section-header\" aria-controls=\"content-tf2c\" aria-expanded=\"false\"><div class=\"w-tabs-section-title\" itemprop=\"name\">Ile kosztuje rekrutacja zagranicznych specjalist\u00f3w?<\/div><div class=\"w-tabs-section-control\"><\/div><\/button><div  class=\"w-tabs-section-content\" id=\"content-tf2c\" itemscope itemprop=\"acceptedAnswer\" itemtype=\"https:\/\/schema.org\/Answer\"><div class=\"w-tabs-section-content-h i-cf\" itemprop=\"text\"><div class=\"wpb_text_column\"><div class=\"wpb_wrapper\"><p>Koszty r\u00f3\u017cni\u0105 si\u0119 w zale\u017cno\u015bci od modelu sta\u017cu (sta\u017c bezpo\u015bredni, zatrudnienie tymczasowe, umowa o prac\u0119), poziomu kwalifikacji i sektora. Global Business Recruiting doradzi indywidualnie i przygotuje spersonalizowan\u0105 ofert\u0119 na \u017cyczenie.<\/p>\n<\/div><\/div><\/div><\/div><\/div><div class=\"w-tabs-section\" id=\"mff8\" itemscope itemprop=\"mainEntity\" itemtype=\"https:\/\/schema.org\/Question\"><button class=\"w-tabs-section-header\" aria-controls=\"content-mff8\" aria-expanded=\"false\"><div class=\"w-tabs-section-title\" itemprop=\"name\">Kt\u00f3re sektory Global Business Recruiting obs\u0142uguje szczeg\u00f3lnie dobrze?<\/div><div class=\"w-tabs-section-control\"><\/div><\/button><div  class=\"w-tabs-section-content\" id=\"content-mff8\" itemscope itemprop=\"acceptedAnswer\" itemtype=\"https:\/\/schema.org\/Answer\"><div class=\"w-tabs-section-content-h i-cf\" itemprop=\"text\"><div class=\"wpb_text_column\"><div class=\"wpb_wrapper\"><p>Global Business Recruiting jest szczeg\u00f3lnie silny w obszarach budownictwa i rzemios\u0142a, spawalnictwa, elektrotechniki, przemys\u0142u stoczniowego, przemys\u0142u i produkcji, a tak\u017ce zarz\u0105dzania obiektami i sprz\u0105tania. Nasi specjali\u015bci pochodz\u0105 z Europy Wschodniej i posiadaj\u0105 wieloletnie do\u015bwiadczenie w bran\u017cy.<\/p>\n<\/div><\/div><\/div><\/div><\/div><\/div><\/div><\/div><\/div><\/div><\/div><\/section>","protected":false},"excerpt":{"rendered":"Der ber\u00fchmte Fachkr\u00e4ftemangel h\u00e4lt sich auf dem deutschen Markt seit Jahren hartn\u00e4ckig und wird sich so bald auch nicht erledigen. Die Gr\u00fcnde daf\u00fcr sind vielf\u00e4ltig, sollten aber separat behandelt werden. Fakt ist, dass aus diesem Grund Personal durch professionelle Vermittlungen aus anderen L\u00e4ndern geholt wird. Das hat viele Vorteile, aber auch seine Herausforderungen. Das alles...","protected":false},"author":1,"featured_media":11144,"parent":9347,"menu_order":0,"comment_status":"closed","ping_status":"closed","template":"","meta":{"_acf_changed":false,"footnotes":""},"class_list":["post-9814","page","type-page","status-publish","has-post-thumbnail","hentry"],"acf":[],"_links":{"self":[{"href":"https:\/\/global-business-recruiting.de\/pl\/wp-json\/wp\/v2\/pages\/9814","targetHints":{"allow":["GET"]}}],"collection":[{"href":"https:\/\/global-business-recruiting.de\/pl\/wp-json\/wp\/v2\/pages"}],"about":[{"href":"https:\/\/global-business-recruiting.de\/pl\/wp-json\/wp\/v2\/types\/page"}],"author":[{"embeddable":true,"href":"https:\/\/global-business-recruiting.de\/pl\/wp-json\/wp\/v2\/users\/1"}],"replies":[{"embeddable":true,"href":"https:\/\/global-business-recruiting.de\/pl\/wp-json\/wp\/v2\/comments?post=9814"}],"version-history":[{"count":4,"href":"https:\/\/global-business-recruiting.de\/pl\/wp-json\/wp\/v2\/pages\/9814\/revisions"}],"predecessor-version":[{"id":11201,"href":"https:\/\/global-business-recruiting.de\/pl\/wp-json\/wp\/v2\/pages\/9814\/revisions\/11201"}],"up":[{"embeddable":true,"href":"https:\/\/global-business-recruiting.de\/pl\/wp-json\/wp\/v2\/pages\/9347"}],"wp:featuredmedia":[{"embeddable":true,"href":"https:\/\/global-business-recruiting.de\/pl\/wp-json\/wp\/v2\/media\/11144"}],"wp:attachment":[{"href":"https:\/\/global-business-recruiting.de\/pl\/wp-json\/wp\/v2\/media?parent=9814"}],"curies":[{"name":"wp","href":"https:\/\/api.w.org\/{rel}","templated":true}]}}