{"id":9818,"date":"2026-03-11T11:17:00","date_gmt":"2026-03-11T11:17:00","guid":{"rendered":"https:\/\/global-business-recruiting.de\/?page_id=9818"},"modified":"2026-03-29T12:55:16","modified_gmt":"2026-03-29T12:55:16","slug":"poszukiwany-podwykonawca","status":"publish","type":"page","link":"https:\/\/global-business-recruiting.de\/pl\/wissen\/subunternehmer-gesucht\/","title":{"rendered":"Poszukiwani podwykonawcy: wydajne rozwi\u0105zania dla Twoich projekt\u00f3w"},"content":{"rendered":"<section class=\"l-section wpb_row height_custom\"><div class=\"l-section-h i-cf\"><div class=\"g-cols vc_row via_grid cols_1 laptops-cols_inherit tablets-cols_inherit mobiles-cols_1 valign_top type_default stacking_default\"><div class=\"wpb_column vc_column_container\"><div class=\"vc_column-inner\"><div class=\"wpb_text_column\"><div class=\"wpb_wrapper\"><p>Czy jeste\u015b firm\u0105, kt\u00f3ra stoi przed wyzwaniem znalezienia idealnych podwykonawc\u00f3w do swoich projekt\u00f3w? Global Business Recruiting jest Twoim partnerem w znalezieniu wykwalifikowanych i rzetelnych podwykonawc\u00f3w, kt\u00f3rzy sprawnie i z sukcesem zrealizuj\u0105 Twoje projekty. Nasze kompleksowe wsparcie obejmuje wszystkie aspekty - od kwestii prawnych po najlepsze praktyki - i zapewnia p\u0142ynn\u0105 wsp\u00f3\u0142prac\u0119 z podwykonawcami z Polski, Europy Wschodniej i nie tylko.<\/p>\n<h2>Nasz proces umieszczania w szczeg\u00f3\u0142ach<\/h2>\n<p>Nasz proces rekrutacji zosta\u0142 zaprojektowany tak, aby zapewni\u0107 najlepsz\u0105 mo\u017cliw\u0105 obs\u0142ug\u0119 i zagwarantowa\u0107, \u017ce otrzymasz najlepszych podwykonawc\u00f3w do swoich projekt\u00f3w. Oto kroki, kt\u00f3re podejmujemy, aby to zapewni\u0107:<\/p>\n<ol>\n<li><strong>Analiza potrzeb:<\/strong><span>\u00a0<\/span>Analizujemy Twoje specyficzne wymagania i potrzeby, aby zidentyfikowa\u0107 odpowiednich podwykonawc\u00f3w dla Twoich projekt\u00f3w.<\/li>\n<li><strong>Badania sieciowe:<\/strong><span>\u00a0<\/span>Przeszukujemy nasz\u0105 rozleg\u0142\u0105 sie\u0107 w poszukiwaniu wykwalifikowanych podwykonawc\u00f3w, kt\u00f3rzy spe\u0142niaj\u0105 Twoje wymagania.<\/li>\n<li><strong>Testowanie i selekcja:<\/strong><span>\u00a0<\/span>Potencjalni podwykonawcy s\u0105 starannie sprawdzani i wybierani na podstawie do\u015bwiadczenia, wiedzy i referencji.<\/li>\n<li><strong>Negocjacje umowy:<\/strong><span>\u00a0<\/span>Wspieramy Ci\u0119 w negocjacjach umowy, aby zapewni\u0107, \u017ce wszystkie warunki s\u0105 jasne i uczciwe.<\/li>\n<li><strong>Integracja i monitorowanie:<\/strong><span>\u00a0<\/span>Wspieramy integracj\u0119 podwykonawc\u00f3w z Twoimi projektami i monitorujemy wydajno\u015b\u0107, aby zapewni\u0107 ci\u0105g\u0142e zapewnianie jako\u015bci.<\/li>\n<li><strong>Informacje zwrotne i korekty:<\/strong><span>\u00a0<\/span>Regularnie zbieramy opinie i w razie potrzeby wprowadzamy poprawki, aby zapewni\u0107, \u017ce Twoje oczekiwania s\u0105 zawsze spe\u0142nione.<\/li>\n<\/ol>\n<h2>Przyk\u0142ady bran\u017cowe i us\u0142ugi podwykonawc\u00f3w<\/h2>\n<h3>Budowa<\/h3>\n<p>W bran\u017cy budowlanej podwykonawcy maj\u0105 kluczowe znaczenie dla realizacji du\u017cych projekt\u00f3w budowlanych. Zapewniamy wykwalifikowanych podwykonawc\u00f3w do prac konstrukcyjnych, prac wewn\u0119trznych, instalacji elektrycznych, instalacji sanitarnych i wielu innych. Nasi podwykonawcy posiadaj\u0105 rozleg\u0142e kwalifikacje i do\u015bwiadczenie, aby uko\u0144czy\u0107 projekty budowlane na czas i w wysokim standardzie.<\/p>\n<h3>Transport i logistyka<\/h3>\n<p>W dziedzinie transportu i logistyki zapewniamy podwykonawc\u00f3w w zakresie transportu ci\u0119\u017carowego, us\u0142ug kurierskich, transportu ci\u0119\u017ckiego, transportu towar\u00f3w niebezpiecznych i wielu innych. Nasi podwykonawcy s\u0105 niezawodni i punktualni oraz dysponuj\u0105 niezb\u0119dnymi zasobami i mo\u017cliwo\u015bciami, aby skutecznie realizowa\u0107 projekty logistyczne.<\/p>\n<h3>Us\u0142ugi informatyczne<\/h3>\n<p>W przypadku projekt\u00f3w IT zapewniamy podwykonawc\u00f3w do tworzenia oprogramowania, instalacji sieciowych, wsparcia IT, zarz\u0105dzania danymi i wielu innych. Nasi podwykonawcy posiadaj\u0105 dog\u0142\u0119bn\u0105 wiedz\u0119 i do\u015bwiadczenie w bran\u017cy IT i s\u0105 w stanie realizowa\u0107 projekty IT w spos\u00f3b profesjonalny i wydajny.<\/p>\n<h3>Us\u0142ugi bezpiecze\u0144stwa<\/h3>\n<p>W zakresie us\u0142ug ochroniarskich zapewniamy podwykonawc\u00f3w us\u0142ug ochroniarskich, ochrony osobistej, ochrony imprez, ochrony mienia i wielu innych. Nasi podwykonawcy s\u0105 wykwalifikowani i do\u015bwiadczeni oraz gwarantuj\u0105 bezpiecze\u0144stwo os\u00f3b i mienia.<\/p>\n<h3>Us\u0142ugi sprz\u0105tania<\/h3>\n<p>W przypadku projekt\u00f3w sprz\u0105tania organizujemy podwykonawc\u00f3w dla<span>\u00a0<\/span><a href=\"https:\/\/global-business-recruiting.de\/pl\/oddzialy\/sprzatanie-obiektow\/\">Czyszczenie budynk\u00f3w, czyszczenie przemys\u0142owe<\/a>, mycie okien, czyszczenie dywan\u00f3w i wiele wi\u0119cej. Nasi podwykonawcy s\u0105 niezawodni i dok\u0142adni oraz zapewni\u0105 profesjonaln\u0105 i wydajn\u0105 realizacj\u0119 projekt\u00f3w sprz\u0105tania.<\/p>\n<h2>Klucz do sukcesu: Jakie s\u0105 kryteria wyboru podwykonawc\u00f3w?<\/h2>\n<p>Wyb\u00f3r odpowiednich podwykonawc\u00f3w ma kluczowe znaczenie dla powodzenia projekt\u00f3w. Jasne i precyzyjne kryteria pomagaj\u0105 zapewni\u0107 skuteczn\u0105 i p\u0142ynn\u0105 wsp\u00f3\u0142prac\u0119. Wykorzystujemy nasz\u0105 rozleg\u0142\u0105 sie\u0107, aby znale\u017a\u0107 wykwalifikowanych podwykonawc\u00f3w z Polski, Czech i innych kraj\u00f3w Europy Wschodniej, kt\u00f3rzy spe\u0142niaj\u0105 okre\u015blone wymagania.<\/p>\n<h3>Udokumentowane do\u015bwiadczenie i kwalifikacje<\/h3>\n<p>Podwykonawcy musz\u0105 posiada\u0107 udokumentowane do\u015bwiadczenie i niezb\u0119dne kwalifikacje w swoich dziedzinach. Referencje i wcze\u015bniejsze projekty s\u0105 kluczowymi wska\u017anikami jako\u015bci \u015bwiadczonych us\u0142ug. Nasze rygorystyczne procedury weryfikacyjne zapewniaj\u0105, \u017ce podwykonawcy, kt\u00f3rych zatrudniamy, maj\u0105 niezb\u0119dne do\u015bwiadczenie i wiedz\u0119, aby sprosta\u0107 wysokim wymaganiom Twoich projekt\u00f3w.<\/p>\n<h3>Niezawodno\u015b\u0107 i dotrzymywanie termin\u00f3w<\/h3>\n<p>Niezawodno\u015b\u0107 i punktualno\u015b\u0107 s\u0105 niezb\u0119dne w wielu bran\u017cach. Op\u00f3\u017anienia lub odwo\u0142ania mog\u0105 mie\u0107 znacz\u0105cy wp\u0142yw na ca\u0142y przebieg projektu. Dlatego te\u017c przyk\u0142adamy du\u017c\u0105 wag\u0119 do znalezienia podwykonawc\u00f3w, kt\u00f3rzy zawsze pracuj\u0105 niezawodnie i na czas. Nasz proces selekcji zapewnia, \u017ce tylko najbardziej godni zaufania i niezawodni podwykonawcy s\u0105 w\u0142\u0105czani do naszej sieci.<\/p>\n<h3>Zgodno\u015b\u0107 z normami bezpiecze\u0144stwa i jako\u015bci<\/h3>\n<p>Zgodno\u015b\u0107 z wysokimi standardami bezpiecze\u0144stwa i jako\u015bci ma kluczowe znaczenie w wielu bran\u017cach. Podwykonawcy musz\u0105 konsekwentnie wdra\u017ca\u0107 te standardy, aby zapewni\u0107 bezpiecze\u0144stwo i jako\u015b\u0107 us\u0142ug. Nasze rygorystyczne procedury audytu zapewniaj\u0105, \u017ce podwykonawcy w naszej sieci zawsze przestrzegaj\u0105 najwy\u017cszych standard\u00f3w i stale je rozwijaj\u0105.<\/p>\n<h3>Uczciwe ceny i przejrzyste warunki<\/h3>\n<p>Op\u0142acalno\u015b\u0107 us\u0142ug jest kluczowym czynnikiem przy wyborze podwykonawc\u00f3w. Zapewniamy, \u017ce ceny s\u0105 uczciwe i przejrzyste, a warunki zgodne z aktualnymi warunkami rynkowymi. Nasze us\u0142ugi zaopatrzeniowe pomagaj\u0105 znale\u017a\u0107 op\u0142acalne rozwi\u0105zania bez uszczerbku dla jako\u015bci.<\/p>\n<h2>Ochrona prawna podwykonawstwa<\/h2>\n<p>Opr\u00f3cz predyspozycji zawodowych, aspekty prawne r\u00f3wnie\u017c odgrywaj\u0105 wa\u017cn\u0105 rol\u0119 w wyborze podwykonawc\u00f3w. Global Business Recruiting zapewnia, \u017ce wszyscy podwykonawcy posiadaj\u0105 niezb\u0119dne dokumenty i zezwolenia:<\/p>\n<ul>\n<li>Rejestracja firmy i certyfikaty cz\u0142onkostwa (IHK\/HWK)<\/li>\n<li><a href=\"https:\/\/global-business-recruiting.de\/pl\/wiedziec\/certyfikat-a1\/\">Certyfikaty A1<\/a><span>\u00a0<\/span>dla wszystkich pracownik\u00f3w delegowanych<\/li>\n<li>Dow\u00f3d wyp\u0142aty p\u0142acy minimalnej<\/li>\n<li>Ubezpieczenie od odpowiedzialno\u015bci cywilnej<\/li>\n<li>Za\u015bwiadczenia rozliczeniowe z funduszu ubezpiecze\u0144 spo\u0142ecznych i urz\u0119du skarbowego<\/li>\n<\/ul>\n<p>Wi\u0119cej na temat obowi\u0105zku przedstawienia dowod\u00f3w:<span>\u00a0<\/span><a href=\"https:\/\/global-business-recruiting.de\/pl\/wiedziec\/certyfikaty-podwykonawcy-ue\/\">Podr\u00f3\u017cowanie jako podwykonawca w UE - wymagany dow\u00f3d<\/a>. I kwestia odpowiedzialno\u015bci:<span>\u00a0<\/span><a href=\"https:\/\/global-business-recruiting.de\/pl\/wiedziec\/odpowiedzialnosc-zagranicznych-podwykonawcow\/\">Kto ponosi odpowiedzialno\u015b\u0107 za szkody i wady?<\/a><\/p>\n<h2>Poszukiwanie wiarygodnych partner\u00f3w do projekt\u00f3w mi\u0119dzynarodowych<\/h2>\n<p>Harmonijna wsp\u00f3\u0142praca z kompetentnymi podwykonawcami ma kluczowe znaczenie dla powodzenia projekt\u00f3w. Oferujemy 24-godzinny serwis, aby zapewni\u0107 wsparcie przez ca\u0142y czas. Dzi\u0119ki jasnej komunikacji, przejrzystym umowom i efektywnemu zarz\u0105dzaniu zasobami mo\u017cna unikn\u0105\u0107 konflikt\u00f3w i zagwarantowa\u0107 wysok\u0105 jako\u015b\u0107 us\u0142ug.<\/p>\n<p>Nasi do\u015bwiadczeni konsultanci s\u0105 pod r\u0119k\u0105, aby pom\u00f3c Ci znale\u017a\u0107 najlepszych podwykonawc\u00f3w dla Twoich konkretnych potrzeb i zapewni\u0107 udan\u0105 integracj\u0119 z Twoimi projektami. Wspieramy Ci\u0119 na ka\u017cdym etapie procesu, od pierwszego kontaktu do pomy\u015blnego wdro\u017cenia us\u0142ug.<\/p>\n<h2>Cz\u0119sto zadawane pytania dotycz\u0105ce wyszukiwania podwykonawc\u00f3w<\/h2>\n<\/div><\/div><div class=\"w-separator size_small\"><\/div><div class=\"w-tabs style_default switch_click accordion type_togglable has_scrolling\" style=\"--sections-title-size:inherit\"><div class=\"w-tabs-sections titles-align_none icon_chevron cpos_right\"><div class=\"w-tabs-section\" id=\"f86b\" itemscope itemprop=\"mainEntity\" itemtype=\"https:\/\/schema.org\/Question\"><button class=\"w-tabs-section-header\" aria-controls=\"content-f86b\" aria-expanded=\"false\"><div class=\"w-tabs-section-title\" itemprop=\"name\">Jak szybko Global Business Recruiting mo\u017ce znale\u017a\u0107 odpowiedniego podwykonawc\u0119?<\/div><div class=\"w-tabs-section-control\"><\/div><\/button><div  class=\"w-tabs-section-content\" id=\"content-f86b\" itemscope itemprop=\"acceptedAnswer\" itemtype=\"https:\/\/schema.org\/Answer\"><div class=\"w-tabs-section-content-h i-cf\" itemprop=\"text\"><div class=\"wpb_text_column\"><div class=\"wpb_wrapper\"><p>W wi\u0119kszo\u015bci przypadk\u00f3w mo\u017cemy zaproponowa\u0107 odpowiednich kandydat\u00f3w w ci\u0105gu kilku dni. W przypadku standardowych zlece\u0144 z naszego g\u0142\u00f3wnego obszaru - budownictwa, spawalnictwa, elektrotechniki, przemys\u0142u - wykwalifikowani podwykonawcy s\u0105 cz\u0119sto gotowi do pracy w ci\u0105gu tygodnia.<\/p>\n<\/div><\/div><\/div><\/div><\/div><div class=\"w-tabs-section\" id=\"b9a2\" itemscope itemprop=\"mainEntity\" itemtype=\"https:\/\/schema.org\/Question\"><button class=\"w-tabs-section-header\" aria-controls=\"content-b9a2\" aria-expanded=\"false\"><div class=\"w-tabs-section-title\" itemprop=\"name\">Z jakich kraj\u00f3w pochodz\u0105 podwykonawcy?<\/div><div class=\"w-tabs-section-control\"><\/div><\/button><div  class=\"w-tabs-section-content\" id=\"content-b9a2\" itemscope itemprop=\"acceptedAnswer\" itemtype=\"https:\/\/schema.org\/Answer\"><div class=\"w-tabs-section-content-h i-cf\" itemprop=\"text\"><div class=\"wpb_text_column\"><div class=\"wpb_wrapper\"><p>Nasza sie\u0107 obejmuje podwykonawc\u00f3w i specjalist\u00f3w g\u0142\u00f3wnie z Polski, S\u0142owacji, Czech, W\u0119gier, Rumunii i innych kraj\u00f3w Europy Wschodniej. Wszyscy oni posiadaj\u0105 niezb\u0119dne kwalifikacje i dokumenty do wykonywania zlece\u0144 w Niemczech.<\/p>\n<\/div><\/div><\/div><\/div><\/div><div class=\"w-tabs-section\" id=\"fab8\" itemscope itemprop=\"mainEntity\" itemtype=\"https:\/\/schema.org\/Question\"><button class=\"w-tabs-section-header\" aria-controls=\"content-fab8\" aria-expanded=\"false\"><div class=\"w-tabs-section-title\" itemprop=\"name\">Czy Global Business Recruiting zajmuje si\u0119 r\u00f3wnie\u017c sporz\u0105dzaniem um\u00f3w?<\/div><div class=\"w-tabs-section-control\"><\/div><\/button><div  class=\"w-tabs-section-content\" id=\"content-fab8\" itemscope itemprop=\"acceptedAnswer\" itemtype=\"https:\/\/schema.org\/Answer\"><div class=\"w-tabs-section-content-h i-cf\" itemprop=\"text\"><div class=\"wpb_text_column\"><div class=\"wpb_wrapper\"><p>Tak, pomagamy w negocjowaniu i sporz\u0105dzaniu um\u00f3w oraz zapewniamy, \u017ce wszystkie warunki s\u0105 jasne, uczciwe i zgodne z prawem. Zwracamy szczeg\u00f3ln\u0105 uwag\u0119 na opis us\u0142ugi, zasady odpowiedzialno\u015bci i warunki p\u0142atno\u015bci.<\/p>\n<\/div><\/div><\/div><\/div><\/div><div class=\"w-tabs-section\" id=\"abdd\" itemscope itemprop=\"mainEntity\" itemtype=\"https:\/\/schema.org\/Question\"><button class=\"w-tabs-section-header\" aria-controls=\"content-abdd\" aria-expanded=\"false\"><div class=\"w-tabs-section-title\" itemprop=\"name\">Co si\u0119 stanie, je\u015bli podwykonawca nie spe\u0142ni oczekiwa\u0144?<\/div><div class=\"w-tabs-section-control\"><\/div><\/button><div  class=\"w-tabs-section-content\" id=\"content-abdd\" itemscope itemprop=\"acceptedAnswer\" itemtype=\"https:\/\/schema.org\/Answer\"><div class=\"w-tabs-section-content-h i-cf\" itemprop=\"text\"><div class=\"wpb_text_column\"><div class=\"wpb_wrapper\"><p>Monitorujemy ca\u0142\u0105 wsp\u00f3\u0142prac\u0119 i regularnie zbieramy informacje zwrotne. Je\u015bli pojawiaj\u0105 si\u0119 problemy, aktywnie interweniujemy, wprowadzamy poprawki lub w razie potrzeby znajdujemy zast\u0119pstwo. Nasze zapewnienie jako\u015bci rozpoczyna si\u0119 na etapie wst\u0119pnej selekcji i nie ko\u0144czy si\u0119 wraz z zatrudnieniem.<\/p>\n<\/div><\/div><\/div><\/div><\/div><div class=\"w-tabs-section\" id=\"ccef\" itemscope itemprop=\"mainEntity\" itemtype=\"https:\/\/schema.org\/Question\"><button class=\"w-tabs-section-header\" aria-controls=\"content-ccef\" aria-expanded=\"false\"><div class=\"w-tabs-section-title\" itemprop=\"name\">Dla jakich rozmiar\u00f3w projekt\u00f3w odpowiednia jest us\u0142uga Global Business Recruiting?<\/div><div class=\"w-tabs-section-control\"><\/div><\/button><div  class=\"w-tabs-section-content\" id=\"content-ccef\" itemscope itemprop=\"acceptedAnswer\" itemtype=\"https:\/\/schema.org\/Answer\"><div class=\"w-tabs-section-content-h i-cf\" itemprop=\"text\"><div class=\"wpb_text_column\"><div class=\"wpb_wrapper\"><p>Zapewniamy podwykonawc\u00f3w zar\u00f3wno dla kr\u00f3tkoterminowych projekt\u00f3w indywidualnych, jak i d\u0142ugoterminowych um\u00f3w ramowych z kilkoma zespo\u0142ami. Nasza sie\u0107 ponad 100 000 specjalist\u00f3w pozwala nam elastycznie reagowa\u0107 na projekty dowolnej wielko\u015bci.<\/p>\n<\/div><\/div><\/div><\/div><\/div><\/div><\/div><\/div><\/div><\/div><\/div><\/section>","protected":false},"excerpt":{"rendered":"Stehen Sie als Unternehmen vor der Herausforderung, die idealen Subunternehmer f\u00fcr Ihre Projekte zu finden? Global Business Recruiting ist Ihr Partner in der Vermittlung qualifizierter und zuverl\u00e4ssiger Subunternehmer, um Ihre Projekte effizient und erfolgreich umzusetzen. Unsere umfassende Unterst\u00fctzung deckt alle Aspekte ab \u2013 von rechtlichen Fragen bis hin zu bew\u00e4hrten Praktiken \u2013 und gew\u00e4hrleistet eine...","protected":false},"author":1,"featured_media":11139,"parent":9347,"menu_order":0,"comment_status":"closed","ping_status":"closed","template":"","meta":{"_acf_changed":false,"footnotes":""},"class_list":["post-9818","page","type-page","status-publish","has-post-thumbnail","hentry"],"acf":[],"_links":{"self":[{"href":"https:\/\/global-business-recruiting.de\/pl\/wp-json\/wp\/v2\/pages\/9818","targetHints":{"allow":["GET"]}}],"collection":[{"href":"https:\/\/global-business-recruiting.de\/pl\/wp-json\/wp\/v2\/pages"}],"about":[{"href":"https:\/\/global-business-recruiting.de\/pl\/wp-json\/wp\/v2\/types\/page"}],"author":[{"embeddable":true,"href":"https:\/\/global-business-recruiting.de\/pl\/wp-json\/wp\/v2\/users\/1"}],"replies":[{"embeddable":true,"href":"https:\/\/global-business-recruiting.de\/pl\/wp-json\/wp\/v2\/comments?post=9818"}],"version-history":[{"count":4,"href":"https:\/\/global-business-recruiting.de\/pl\/wp-json\/wp\/v2\/pages\/9818\/revisions"}],"predecessor-version":[{"id":11200,"href":"https:\/\/global-business-recruiting.de\/pl\/wp-json\/wp\/v2\/pages\/9818\/revisions\/11200"}],"up":[{"embeddable":true,"href":"https:\/\/global-business-recruiting.de\/pl\/wp-json\/wp\/v2\/pages\/9347"}],"wp:featuredmedia":[{"embeddable":true,"href":"https:\/\/global-business-recruiting.de\/pl\/wp-json\/wp\/v2\/media\/11139"}],"wp:attachment":[{"href":"https:\/\/global-business-recruiting.de\/pl\/wp-json\/wp\/v2\/media?parent=9818"}],"curies":[{"name":"wp","href":"https:\/\/api.w.org\/{rel}","templated":true}]}}