{"id":9820,"date":"2026-03-11T12:06:21","date_gmt":"2026-03-11T12:06:21","guid":{"rendered":"https:\/\/global-business-recruiting.de\/?page_id=9820"},"modified":"2026-03-29T12:56:05","modified_gmt":"2026-03-29T12:56:05","slug":"niedobor-wykwalifikowanej-sily-roboczej-w-przemysle-obronnym","status":"publish","type":"page","link":"https:\/\/global-business-recruiting.de\/pl\/wissen\/fachkraeftemangel-ruestungsindustrie\/","title":{"rendered":"Wyzwania w rekrutacji dla przemys\u0142u obronnego w Niemczech"},"content":{"rendered":"<section class=\"l-section wpb_row height_custom\"><div class=\"l-section-h i-cf\"><div class=\"g-cols vc_row via_grid cols_1 laptops-cols_inherit tablets-cols_inherit mobiles-cols_1 valign_top type_default stacking_default\"><div class=\"wpb_column vc_column_container\"><div class=\"vc_column-inner\"><div class=\"wpb_text_column\"><div class=\"wpb_wrapper\"><p>Rekrutacja w<span>\u00a0<\/span><strong>Przemys\u0142 obronny w Niemczech<\/strong><span>\u00a0<\/span>jest pod coraz wi\u0119ksz\u0105 presj\u0105. Niedob\u00f3r wykwalifikowanej si\u0142y roboczej dotyka ju\u017c nie tylko IT czy piel\u0119gniarstwo - sektory zwi\u0105zane z bezpiecze\u0144stwem, takie jak<span>\u00a0<\/span><strong>Przemys\u0142 obronny<\/strong><span>\u00a0<\/span>borykaj\u0105 si\u0119 z niedoborem wykwalifikowanych specjalist\u00f3w. Jednocze\u015bnie wymagania s\u0105 coraz wy\u017csze: Kandydaci nie tylko musz\u0105 posiada\u0107 umiej\u0119tno\u015bci techniczne, ale tak\u017ce przej\u015b\u0107 skomplikowane kontrole bezpiecze\u0144stwa. Ta unikalna kombinacja sprawia, \u017ce rekrutacja w przemy\u015ble obronnym jest z\u0142o\u017conym zadaniem.<\/p>\n<p>Firmy z bran\u017cy obronnej w Niemczech stoj\u0105 w obliczu geopolitycznego wzrostu. Zam\u00f3wienia obronne rosn\u0105, szczeg\u00f3lnie w wyniku konflikt\u00f3w mi\u0119dzynarodowych i wzmocnienia NATO. Jednak bez dobrze wyszkolonego personelu, ich realizacja utkn\u0119\u0142a w martwym punkcie. W rezultacie projekty s\u0105 op\u00f3\u017aniane, terminy dostaw wyd\u0142u\u017cane, a konkurencyjno\u015b\u0107 spada.<\/p>\n<h2>Przemys\u0142 obronny i niedob\u00f3r umiej\u0119tno\u015bci: rosn\u0105ce wyzwanie<\/h2>\n<p>The<span>\u00a0<\/span><strong>Przemys\u0142 obronny i niedob\u00f3r wykwalifikowanych pracownik\u00f3w<\/strong><span>\u00a0<\/span>s\u0105 bezpo\u015brednio powi\u0105zane. Trudno jest znale\u017a\u0107 wykwalifikowanych pracownik\u00f3w z do\u015bwiadczeniem w in\u017cynierii lotniczej, in\u017cynierii mechanicznej lub elektronice. Niedob\u00f3r ekspert\u00f3w w tych dziedzinach jest szczeg\u00f3lnie dotkliwy:<\/p>\n<ul>\n<li>Elektronika i czujniki<\/li>\n<li>Bro\u0144 i technologia obronna<\/li>\n<li>Cyberobrona<\/li>\n<li>Drony i systemy zrobotyzowane<\/li>\n<\/ul>\n<p>Zawody te s\u0105 wysoce konkurencyjne. Jednocze\u015bnie przemys\u0142 obronny potrzebuje dodatkowych pracownik\u00f3w, poniewa\u017c projekty zbrojeniowe s\u0105 rozbudowywane.<span>\u00a0<\/span><strong>Projekty zbrojeniowe Bundeswehry<\/strong><span>\u00a0<\/span>takie jak zakup nowych my\u015bliwc\u00f3w lub czo\u0142g\u00f3w, wymagaj\u0105 specjalistycznej wiedzy technicznej na wszystkich etapach rozwoju.<\/p>\n<p>Rekruterzy staj\u0105 zatem przed zadaniem znalezienia w kr\u00f3tkim czasie zar\u00f3wno doskona\u0142ych technicznie, jak i certyfikowanych specjalist\u00f3w ds. bezpiecze\u0144stwa. Wymaga to nowych strategii i dobrego zrozumienia bran\u017cy.<\/p>\n<h2>Dlaczego kontrole bezpiecze\u0144stwa s\u0105 tak wa\u017cne w bran\u017cy rekrutacyjnej?<\/h2>\n<p>W przeciwie\u0144stwie do bran\u017c cywilnych, kandydaci do wielu<span>\u00a0<\/span><strong>Oferty pracy zwi\u0105zane z technologi\u0105 wojskow\u0105<\/strong><span>\u00a0<\/span>przej\u015b\u0107 kontrol\u0119 bezpiecze\u0144stwa w sektorze obronnym. Kontrola ta jest przeprowadzana przez Federalny Urz\u0105d Ochrony Konstytucji i mo\u017ce potrwa\u0107 kilka tygodni. Obowi\u0105zuj\u0105 surowe kryteria:<\/p>\n<ul>\n<li>Brak wcze\u015bniejszych wyrok\u00f3w skazuj\u0105cych lub tocz\u0105cych si\u0119 dochodze\u0144<\/li>\n<li>Brak kontakt\u00f3w z grupami ekstremistycznymi<\/li>\n<li>Absolutna niezawodno\u015b\u0107 i dyskrecja<\/li>\n<\/ul>\n<p>Wymagania te znacznie ograniczaj\u0105 pul\u0119 kandydat\u00f3w. Nawet wysoko wykwalifikowani specjali\u015bci mog\u0105 nie zda\u0107 testu, co jeszcze bardziej utrudnia rekrutacj\u0119 do niemieckiego przemys\u0142u obronnego.<\/p>\n<p>Istniej\u0105 r\u00f3wnie\u017c wyzwania zwi\u0105zane z<span>\u00a0<\/span><strong>Zarz\u0105dzanie kandydatami z zachowaniem poziom\u00f3w poufno\u015bci<\/strong>. Mened\u017cerowie ds. zasob\u00f3w ludzkich musz\u0105 zapewni\u0107, \u017ce poufne informacje s\u0105 dost\u0119pne tylko dla upowa\u017cnionych os\u00f3b - aspekt ten sprawia, \u017ce proces aplikacji jest znacznie bardziej z\u0142o\u017cony.<\/p>\n<h2>Agencja rekrutacyjna dla przemys\u0142u obronnego w Niemczech: Cechy szczeg\u00f3lne rekrutacji<\/h2>\n<p>The<span>\u00a0<\/span><strong>Rekrutacja w przemy\u015ble obronnym<\/strong><span>\u00a0<\/span>znacznie r\u00f3\u017cni si\u0119 od tradycyjnej rekrutacji. Ze wzgl\u0119du na wymogi prawne i przepisy dotycz\u0105ce kontroli eksportu, agencje rekrutacyjne maj\u0105 ograniczone pole manewru. Dotyczy to w szczeg\u00f3lno\u015bci nast\u0119puj\u0105cych obszar\u00f3w:<\/p>\n<ul>\n<li>Kontrola eksportu w zakresie zasob\u00f3w ludzkich<\/li>\n<li>Narodowo\u015b\u0107 wnioskodawc\u00f3w<\/li>\n<li>Umowne zobowi\u0105zania do zachowania poufno\u015bci<\/li>\n<\/ul>\n<p>Ponadto wiele stanowisk jest zwi\u0105zanych z projektami. Istnieje du\u017ce zapotrzebowanie na<span>\u00a0<\/span><strong>Rozwi\u0105zania w zakresie pracy tymczasowej ze specjalistyczn\u0105 wiedz\u0105 bran\u017cow\u0105<\/strong>, elastyczno\u015b\u0107 i bezpiecze\u0144stwo prawne maj\u0105 najwy\u017cszy priorytet. Wyspecjalizowani headhunterzy dla przemys\u0142u obronnego mog\u0105 zapewni\u0107 ukierunkowane wsparcie w tym kontek\u015bcie, pod warunkiem, \u017ce posiadaj\u0105 niezb\u0119dn\u0105 wiedz\u0119 bran\u017cow\u0105.<\/p>\n<p>Wsp\u00f3\u0142praca z takimi ekspertami znacznie przyspiesza proces rekrutacji i zapewnia odpowiednie obsadzenie wakat\u00f3w.<\/p>\n<h2>Proces aplikacyjny dla firm z bran\u017cy obronnej: Wymagania i rzeczywisto\u015b\u0107<\/h2>\n<p>Proces aplikacyjny w firmach z bran\u017cy obronnej przebiega wed\u0142ug \u015bci\u015ble okre\u015blonych procedur. Rekruterzy poszukuj\u0105:<\/p>\n<ul>\n<li>Specjali\u015bci techniczni z przeszkoleniem bran\u017cowym<\/li>\n<li>Do\u015bwiadczenie w projektach obronnych lub lotniczych<\/li>\n<li>Gotowo\u015b\u0107 do test\u00f3w bezpiecze\u0144stwa<\/li>\n<li>Lojalno\u015b\u0107 wobec pracodawcy i pa\u0144stwa<\/li>\n<\/ul>\n<p>Wielu kandydat\u00f3w nie docenia jednak d\u0142ugo\u015bci i rygorystyczno\u015bci tego procesu. Podczas gdy w innych bran\u017cach wnioski s\u0105 rozpatrywane w ci\u0105gu kilku dni, w przemy\u015ble obronnym w Niemczech mo\u017ce to zaj\u0105\u0107 tygodnie lub miesi\u0105ce.<\/p>\n<p>Ta rozbie\u017cno\u015b\u0107 cz\u0119sto prowadzi do frustracji - zar\u00f3wno dla firm, jak i kandydat\u00f3w. Profesjonalne agencje rekrutacyjne, kt\u00f3re koncentruj\u0105 si\u0119 na bran\u017cy, mog\u0105 interweniowa\u0107 w tym przypadku, aby po\u015bredniczy\u0107 i wyja\u015bnia\u0107, a jednocze\u015bnie zapewni\u0107, \u017ce tylko odpowiednie profile przechodz\u0105 przez proces.<\/p>\n<h2>Specjali\u015bci IT Zaawansowane technologie obronne i wojskowe<\/h2>\n<p>The<span>\u00a0<\/span><strong>Specjali\u015bci IT w dziedzinie obronno\u015bci<\/strong><span>\u00a0<\/span>s\u0105 jednymi z najbardziej poszukiwanych specjalist\u00f3w w sektorze obronnym. Wsp\u00f3\u0142czesne dzia\u0142ania wojenne w coraz wi\u0119kszym stopniu opieraj\u0105 si\u0119 na infrastrukturze cyfrowej: czujnikach, radarach, systemach sterowanych sztuczn\u0105 inteligencj\u0105, cyberbezpiecze\u0144stwie. Wymagania wobec ekspert\u00f3w IT s\u0105 odpowiednio wysokie:<\/p>\n<ul>\n<li><strong>Znajomo\u015b\u0107 sieci o krytycznym znaczeniu dla bezpiecze\u0144stwa<\/strong><\/li>\n<li><strong>Do\u015bwiadczenie z systemami wbudowanymi<\/strong><\/li>\n<li><strong>Radzenie sobie z szyfrowaniem i kryptografi\u0105<\/strong><\/li>\n<li><strong>Mo\u017cliwo\u015b\u0107 odblokowania zabezpiecze\u0144<\/strong><\/li>\n<\/ul>\n<p>Popyt znacznie przewy\u017csza poda\u017c. Ponadto firmy z bran\u017cy obronnej ostro konkuruj\u0105 z cywilnym sektorem IT. Ten ostatni oferuje atrakcyjne wynagrodzenia i szybsze procesy.<\/p>\n<p>Wyspecjalizowana agencja rekrutacyjna dla przemys\u0142u obronnego mo\u017ce pom\u00f3c w ukierunkowaniu i przekonaniu talent\u00f3w IT - na przyk\u0142ad poprzez indywidualne doradztwo zawodowe i przejrzyst\u0105 komunikacj\u0119 na temat specyfiki bran\u017cy.<\/p>\n<h2>Kariera w przemy\u015ble obronnym: bezpiecze\u0144stwo pracy czy ryzyko?<\/h2>\n<p>Kwestia<span>\u00a0<\/span><strong>Bezpiecze\u0144stwo zatrudnienia w przemy\u015ble obronnym w Niemczech<\/strong><span>\u00a0<\/span>porusza wielu kandydat\u00f3w. Z jednej strony<span>\u00a0<\/span><strong>Wykonawca z bran\u017cy obronnej<\/strong><span>\u00a0<\/span>d\u0142ugoterminowe perspektywy, poniewa\u017c kontrakty rz\u0105dowe s\u0105 zazwyczaj zabezpieczone na lata. Z drugiej strony istnieje niepewno\u015b\u0107 polityczna: zmiany w ustawodawstwie, zakazy eksportu lub debaty etyczne mog\u0105 mie\u0107 wp\u0142yw na miejsce pracy.<\/p>\n<p>Wielu kandydat\u00f3w zadaje sobie pytanie, czy<span>\u00a0<\/span><strong>Kariera w przemy\u015ble obronnym<\/strong><span>\u00a0<\/span>jest moralnie uzasadnione. Agencje rekrutacyjne i firmy musz\u0105 zatem w coraz wi\u0119kszym stopniu dostarcza\u0107 informacji - o cywilnych obszarach zastosowania technologii, etycznych wytycznych firm i mo\u017cliwo\u015bciach dalszego podnoszenia kwalifikacji.<\/p>\n<p>Je\u015bli jednak chcesz pracowa\u0107 w wymagaj\u0105cym technologicznie i istotnym dla bezpiecze\u0144stwa \u015brodowisku w d\u0142u\u017cszej perspektywie, znajdziesz atrakcyjne mo\u017cliwo\u015bci z wysokim poziomem bezpiecze\u0144stwa pracy i mo\u017cliwo\u015bciami rozwoju.<\/p>\n<h2>Podsumowanie: Rozwi\u0105zania dla napi\u0119tego rynku<\/h2>\n<p>Rekrutacja w przemy\u015ble obronnym w Niemczech jest z\u0142o\u017con\u0105 dziedzin\u0105, kt\u00f3ra \u0142\u0105czy w sobie wymogi prawne, techniczne i etyczne. Ze wzgl\u0119du na niedob\u00f3r wykwalifikowanych pracownik\u00f3w w bran\u017cach zwi\u0105zanych z bezpiecze\u0144stwem, coraz wa\u017cniejsze staje si\u0119, aby firmy polega\u0142y na wyspecjalizowanych agencjach rekrutacyjnych. Tylko dzi\u0119ki solidnemu zrozumieniu przemys\u0142u obronnego, wiedzy prawnej i proaktywnej komunikacji mo\u017cna rekrutowa\u0107 wykwalifikowanych specjalist\u00f3w dla przemys\u0142u obronnego i zatrzyma\u0107 ich w d\u0142u\u017cszej perspektywie.<\/p>\n<h2>Najcz\u0119\u015bciej zadawane pytania dotycz\u0105ce rekrutacji w przemy\u015ble obronnym<\/h2>\n<\/div><\/div><div class=\"w-separator size_small\"><\/div><div class=\"w-tabs style_default switch_click accordion type_togglable has_scrolling\" style=\"--sections-title-size:inherit\"><div class=\"w-tabs-sections titles-align_none icon_chevron cpos_right\"><div class=\"w-tabs-section\" id=\"vdc1\" itemscope itemprop=\"mainEntity\" itemtype=\"https:\/\/schema.org\/Question\"><button class=\"w-tabs-section-header\" aria-controls=\"content-vdc1\" aria-expanded=\"false\"><div class=\"w-tabs-section-title\" itemprop=\"name\">Jak d\u0142ugo trwa kontrola bezpiecze\u0144stwa na stanowiskach zwi\u0105zanych z obronno\u015bci\u0105?<\/div><div class=\"w-tabs-section-control\"><\/div><\/button><div  class=\"w-tabs-section-content\" id=\"content-vdc1\" itemscope itemprop=\"acceptedAnswer\" itemtype=\"https:\/\/schema.org\/Answer\"><div class=\"w-tabs-section-content-h i-cf\" itemprop=\"text\"><div class=\"wpb_text_column\"><div class=\"wpb_wrapper\"><p>Czas trwania kontroli bezpiecze\u0144stwa przeprowadzanej przez Federalny Urz\u0105d Ochrony Konstytucji r\u00f3\u017cni si\u0119 w zale\u017cno\u015bci od poziomu. Prosta kontrola (\u00dc1) mo\u017ce potrwa\u0107 kilka tygodni, podczas gdy wy\u017csze poziomy (\u00dc2, \u00dc3) mog\u0105 zaj\u0105\u0107 kilka miesi\u0119cy. Rekruterzy powinni informowa\u0107 kandydat\u00f3w o tych ramach czasowych na wczesnym etapie.<\/p>\n<\/div><\/div><\/div><\/div><\/div><div class=\"w-tabs-section\" id=\"jeb2\" itemscope itemprop=\"mainEntity\" itemtype=\"https:\/\/schema.org\/Question\"><button class=\"w-tabs-section-header\" aria-controls=\"content-jeb2\" aria-expanded=\"false\"><div class=\"w-tabs-section-title\" itemprop=\"name\">Czy zagraniczni specjali\u015bci mog\u0105 pracowa\u0107 w niemieckim przemy\u015ble obronnym?<\/div><div class=\"w-tabs-section-control\"><\/div><\/button><div  class=\"w-tabs-section-content\" id=\"content-jeb2\" itemscope itemprop=\"acceptedAnswer\" itemtype=\"https:\/\/schema.org\/Answer\"><div class=\"w-tabs-section-content-h i-cf\" itemprop=\"text\"><div class=\"wpb_text_column\"><div class=\"wpb_wrapper\"><p>Jest to powa\u017cnie ograniczone. Wiele stanowisk zwi\u0105zanych z bezpiecze\u0144stwem wymaga niemieckiego obywatelstwa lub przynajmniej wieloletniego pobytu w Niemczech. Przepisy dotycz\u0105ce kontroli eksportu, takie jak AWG (ustawa o handlu zagranicznym i p\u0142atno\u015bciach), r\u00f3wnie\u017c reguluj\u0105, kt\u00f3re narodowo\u015bci maj\u0105 dost\u0119p do okre\u015blonych technologii.<\/p>\n<\/div><\/div><\/div><\/div><\/div><div class=\"w-tabs-section\" id=\"of6e\" itemscope itemprop=\"mainEntity\" itemtype=\"https:\/\/schema.org\/Question\"><button class=\"w-tabs-section-header\" aria-controls=\"content-of6e\" aria-expanded=\"false\"><div class=\"w-tabs-section-title\" itemprop=\"name\">Jakie kwalifikacje techniczne s\u0105 szczeg\u00f3lnie poszukiwane w przemy\u015ble obronnym?<\/div><div class=\"w-tabs-section-control\"><\/div><\/button><div  class=\"w-tabs-section-content\" id=\"content-of6e\" itemscope itemprop=\"acceptedAnswer\" itemtype=\"https:\/\/schema.org\/Answer\"><div class=\"w-tabs-section-content-h i-cf\" itemprop=\"text\"><div class=\"wpb_text_column\"><div class=\"wpb_wrapper\"><p>Szczeg\u00f3lnie poszukiwani s\u0105 specjali\u015bci w dziedzinie elektroniki i technologii czujnik\u00f3w, system\u00f3w wbudowanych, cyberbezpiecze\u0144stwa, technologii dron\u00f3w i in\u017cynierii lotniczej. In\u017cynierowie mechanicy z do\u015bwiadczeniem w technologii obronnej s\u0105 r\u00f3wnie\u017c bardzo poszukiwani.<\/p>\n<\/div><\/div><\/div><\/div><\/div><div class=\"w-tabs-section\" id=\"d028\" itemscope itemprop=\"mainEntity\" itemtype=\"https:\/\/schema.org\/Question\"><button class=\"w-tabs-section-header\" aria-controls=\"content-d028\" aria-expanded=\"false\"><div class=\"w-tabs-section-title\" itemprop=\"name\">Czym r\u00f3\u017cni si\u0119 praca tymczasowa w przemy\u015ble obronnym od pracy w innych sektorach?<\/div><div class=\"w-tabs-section-control\"><\/div><\/button><div  class=\"w-tabs-section-content\" id=\"content-d028\" itemscope itemprop=\"acceptedAnswer\" itemtype=\"https:\/\/schema.org\/Answer\"><div class=\"w-tabs-section-content-h i-cf\" itemprop=\"text\"><div class=\"wpb_text_column\"><div class=\"wpb_wrapper\"><p>Praca tymczasowa w przemy\u015ble obronnym podlega bardziej rygorystycznym wymogom: Kandydaci musz\u0105 przej\u015b\u0107 kontrole bezpiecze\u0144stwa, podpisa\u0107 umowy o zachowaniu poufno\u015bci i, w zale\u017cno\u015bci od ich klasyfikacji kontroli eksportu, mog\u0105 by\u0107 zatrudniani tylko przy niekt\u00f3rych projektach. Ponadto okresy zapoznawcze s\u0105 d\u0142u\u017csze ni\u017c w przemy\u015ble cywilnym.<\/p>\n<\/div><\/div><\/div><\/div><\/div><div class=\"w-tabs-section\" id=\"c0df\" itemscope itemprop=\"mainEntity\" itemtype=\"https:\/\/schema.org\/Question\"><button class=\"w-tabs-section-header\" aria-controls=\"content-c0df\" aria-expanded=\"false\"><div class=\"w-tabs-section-title\" itemprop=\"name\">Czy Global Business Recruiting mo\u017ce pom\u00f3c w zatrudnieniu specjalist\u00f3w ds. obronno\u015bci?<\/div><div class=\"w-tabs-section-control\"><\/div><\/button><div  class=\"w-tabs-section-content\" id=\"content-c0df\" itemscope itemprop=\"acceptedAnswer\" itemtype=\"https:\/\/schema.org\/Answer\"><div class=\"w-tabs-section-content-h i-cf\" itemprop=\"text\"><div class=\"wpb_text_column\"><div class=\"wpb_wrapper\"><p>Global Business Recruiting posiada do\u015bwiadczenie w rekrutacji specjalist\u00f3w technicznych dla wymagaj\u0105cych bran\u017c. Ch\u0119tnie doradzimy w zakresie mo\u017cliwo\u015bci i wesprzemy w poszukiwaniu odpowiednich kandydat\u00f3w - bior\u0105c pod uwag\u0119 wszystkie wymagania bran\u017cowe.<\/p>\n<\/div><\/div><\/div><\/div><\/div><\/div><\/div><\/div><\/div><\/div><\/div><\/section>","protected":false},"excerpt":{"rendered":"Die Personalvermittlung in der\u00a0R\u00fcstungsindustrie in Deutschland\u00a0steht unter wachsendem Druck. Der Fachkr\u00e4ftemangel betrifft l\u00e4ngst nicht mehr nur IT oder Pflege \u2013 auch sicherheitsrelevante Branchen wie die\u00a0Verteidigungsindustrie\u00a0k\u00e4mpfen mit Engp\u00e4ssen bei qualifizierten Fachkr\u00e4ften. Gleichzeitig steigen die Anforderungen: Bewerber ben\u00f6tigen nicht nur technische F\u00e4higkeiten, sondern m\u00fcssen auch komplexe Sicherheits\u00fcberpr\u00fcfungen bestehen. Diese einzigartige Kombination macht das Recruiting in der R\u00fcstungsbranche...","protected":false},"author":1,"featured_media":11145,"parent":9347,"menu_order":0,"comment_status":"closed","ping_status":"closed","template":"","meta":{"_acf_changed":false,"footnotes":""},"class_list":["post-9820","page","type-page","status-publish","has-post-thumbnail","hentry"],"acf":[],"_links":{"self":[{"href":"https:\/\/global-business-recruiting.de\/pl\/wp-json\/wp\/v2\/pages\/9820","targetHints":{"allow":["GET"]}}],"collection":[{"href":"https:\/\/global-business-recruiting.de\/pl\/wp-json\/wp\/v2\/pages"}],"about":[{"href":"https:\/\/global-business-recruiting.de\/pl\/wp-json\/wp\/v2\/types\/page"}],"author":[{"embeddable":true,"href":"https:\/\/global-business-recruiting.de\/pl\/wp-json\/wp\/v2\/users\/1"}],"replies":[{"embeddable":true,"href":"https:\/\/global-business-recruiting.de\/pl\/wp-json\/wp\/v2\/comments?post=9820"}],"version-history":[{"count":6,"href":"https:\/\/global-business-recruiting.de\/pl\/wp-json\/wp\/v2\/pages\/9820\/revisions"}],"predecessor-version":[{"id":11199,"href":"https:\/\/global-business-recruiting.de\/pl\/wp-json\/wp\/v2\/pages\/9820\/revisions\/11199"}],"up":[{"embeddable":true,"href":"https:\/\/global-business-recruiting.de\/pl\/wp-json\/wp\/v2\/pages\/9347"}],"wp:featuredmedia":[{"embeddable":true,"href":"https:\/\/global-business-recruiting.de\/pl\/wp-json\/wp\/v2\/media\/11145"}],"wp:attachment":[{"href":"https:\/\/global-business-recruiting.de\/pl\/wp-json\/wp\/v2\/media?parent=9820"}],"curies":[{"name":"wp","href":"https:\/\/api.w.org\/{rel}","templated":true}]}}